{"id":22152,"date":"2025-11-25T08:04:01","date_gmt":"2025-11-25T08:04:01","guid":{"rendered":"https:\/\/esmte.com\/?post_type=product&#038;p=22152"},"modified":"2025-11-28T02:27:18","modified_gmt":"2025-11-28T02:27:18","slug":"lift-conveyor-ysc-1500","status":"publish","type":"product","link":"https:\/\/esmte.com\/hu\/products\/lift-conveyor-ysc-1500\/","title":{"rendered":"SMT PCB Handling Conveyor with Precision Lift Control Technology"},"content":{"rendered":"<h2 data-rm-block-id=\"block-1\">Bevezet\u00e9s<\/h2>\n<p data-start=\"240\" data-end=\"629\">In modern electronics manufacturing, smooth and precise movement of PCBs between different production stages is essential to maintain high productivity and ensure product quality. The <strong data-start=\"424\" data-end=\"480\">SMT Conveyor Transmission PCB Lift Conveyor YSC-1500<\/strong> is engineered to provide efficient vertical transfer of PCBs within SMT production lines, supporting stable workflow and improved line efficiency.<\/p>\n<p data-start=\"631\" data-end=\"1040\">The YSC-1500 enables seamless PCB movement between different conveyor levels, offering accurate and stable handling throughout the transfer process. Its robust construction and reliable drive system minimize the risk of board damage, ensuring consistent production and operational safety. The conveyor is compatible with a wide range of PCB sizes, making it adaptable for various manufacturing requirements.<\/p>\n<p data-start=\"1042\" data-end=\"1305\">Durable and user-friendly, the YSC-1500 features a compact design that allows for easy integration into existing SMT lines. Its intuitive operation and low-maintenance design help reduce downtime, streamline production processes, and enhance overall efficiency.<\/p>\n<p data-start=\"1307\" data-end=\"1641\">A megval\u00f3s\u00edt\u00e1s\u00e1val <strong data-start=\"1327\" data-end=\"1383\">SMT Conveyor Transmission PCB Lift Conveyor YSC-1500<\/strong>, a gy\u00e1rt\u00f3k sim\u00e1bb NY\u00c1K-\u00e1tmeneteket, fokozott termel\u00e9si hat\u00e9konys\u00e1got \u00e9s az \u00e9rz\u00e9keny lapok biztons\u00e1gosabb kezel\u00e9s\u00e9t \u00e9rhetik el. Ide\u00e1lis megold\u00e1s az elektronikai gy\u00e1rak sz\u00e1m\u00e1ra, amelyek prec\u00edz, megb\u00edzhat\u00f3 \u00e9s nagy teljes\u00edtm\u00e9ny\u0171 90 fokos NY\u00c1K-\u00e1tviv\u0151 berendez\u00e9seket keresnek.<\/p>\n<p data-start=\"1307\" data-end=\"1641\">\n<p data-rm-block-id=\"block-3\"><img loading=\"lazy\" decoding=\"async\" class=\"aligncenter wp-image-22120 size-full\" src=\"https:\/\/esmte.com\/wp-content\/uploads\/2025\/11\/A.webp\" alt=\"SMT PCB Lift Conveyor YSC-1500\" width=\"391\" height=\"391\" srcset=\"https:\/\/esmte.com\/wp-content\/uploads\/2025\/11\/A.webp 391w, https:\/\/esmte.com\/wp-content\/uploads\/2025\/11\/A-100x100.webp 100w, https:\/\/esmte.com\/wp-content\/uploads\/2025\/11\/A-300x300.webp 300w, https:\/\/esmte.com\/wp-content\/uploads\/2025\/11\/A-150x150.webp 150w, https:\/\/esmte.com\/wp-content\/uploads\/2025\/11\/A-1x1.webp 1w, https:\/\/esmte.com\/wp-content\/uploads\/2025\/11\/A-10x10.webp 10w\" sizes=\"auto, (max-width: 391px) 100vw, 391px\" \/><\/p>\n<p data-rm-block-id=\"block-3\">\n<h3 data-rm-block-id=\"block-4\">F\u0151bb jellemz\u0151k<\/h3>\n<ul>\n<li data-start=\"3190\" data-end=\"3249\">\n<p data-start=\"3192\" data-end=\"3249\" data-rm-block-id=\"block-5\">Rapid lift response supports high-speed production flow<\/p>\n<\/li>\n<li data-start=\"3250\" data-end=\"3306\">\n<p data-start=\"3252\" data-end=\"3306\" data-rm-block-id=\"block-6\">Stable structural design minimizes machine vibration<\/p>\n<\/li>\n<li data-start=\"3307\" data-end=\"3364\">\n<p data-start=\"3309\" data-end=\"3364\" data-rm-block-id=\"block-7\">Compatible with upstream and downstream SMT conveyors<\/p>\n<\/li>\n<li data-start=\"3365\" data-end=\"3421\">\n<p data-start=\"3367\" data-end=\"3421\" data-rm-block-id=\"block-8\">Intelligent control ensures accurate PCB positioning<\/p>\n<\/li>\n<li data-start=\"3422\" data-end=\"3484\">\n<p data-start=\"3424\" data-end=\"3484\" data-rm-block-id=\"block-9\">Improves production throughput and reduces handling errors<\/p>\n<\/li>\n<\/ul>\n<p>&nbsp;<\/p>\n<h2 data-rm-block-id=\"block-10\">Specifik\u00e1ci\u00f3k<\/h2>\n<table style=\"height: 185px;\" width=\"1382\">\n<tbody>\n<tr>\n<td style=\"text-align: center;\" width=\"111\" data-rm-block-id=\"block-11\">Modell<\/td>\n<td style=\"text-align: center;\" width=\"99\" data-rm-block-id=\"block-12\">YSC-500<\/td>\n<td style=\"text-align: center;\" width=\"101\" data-rm-block-id=\"block-13\">YSC-600<\/td>\n<td style=\"text-align: center;\" width=\"107\" data-rm-block-id=\"block-14\">YSC-1000<\/td>\n<td style=\"text-align: center;\" width=\"107\" data-rm-block-id=\"block-15\">YSC-1200<\/td>\n<td style=\"text-align: center;\" width=\"110\" data-rm-block-id=\"block-16\">YSC-1500<\/td>\n<td style=\"text-align: center;\" width=\"107\" data-rm-block-id=\"block-17\">YSC-2000<\/td>\n<\/tr>\n<tr>\n<td style=\"text-align: center;\" width=\"111\" data-rm-block-id=\"block-18\">Rail Length<\/td>\n<td style=\"text-align: center;\" width=\"99\" data-rm-block-id=\"block-19\">500 mm<\/td>\n<td style=\"text-align: center;\" width=\"101\" data-rm-block-id=\"block-20\">600 mm<\/td>\n<td style=\"text-align: center;\" width=\"107\" data-rm-block-id=\"block-21\">1000 mm<\/td>\n<td style=\"text-align: center;\" width=\"107\" data-rm-block-id=\"block-22\">1200 mm<\/td>\n<td style=\"text-align: center;\" width=\"110\" data-rm-block-id=\"block-23\">1500 mm<\/td>\n<td style=\"text-align: center;\" width=\"107\" data-rm-block-id=\"block-24\">2000 mm<\/td>\n<\/tr>\n<tr>\n<td style=\"text-align: center;\" width=\"111\" data-rm-block-id=\"block-25\">M\u00e9ret (mm)<\/td>\n<td style=\"text-align: center;\" width=\"99\" data-rm-block-id=\"block-26\">500*700*950<\/td>\n<td style=\"text-align: center;\" width=\"101\" data-rm-block-id=\"block-27\">600*700*950<\/td>\n<td style=\"text-align: center;\" width=\"107\" data-rm-block-id=\"block-28\">1000*700*950<\/td>\n<td style=\"text-align: center;\" width=\"107\" data-rm-block-id=\"block-29\">1200*700*950<\/td>\n<td style=\"text-align: center;\" width=\"110\" data-rm-block-id=\"block-30\">1500*700*950<\/td>\n<td style=\"text-align: center;\" width=\"107\" data-rm-block-id=\"block-31\">2000*700*950<\/td>\n<\/tr>\n<tr>\n<td style=\"text-align: center;\" width=\"111\" data-rm-block-id=\"block-32\">PCB Width<\/td>\n<td style=\"text-align: center;\" colspan=\"6\" width=\"631\" data-rm-block-id=\"block-33\">50 to\u00a0350\u00a0mm<\/td>\n<\/tr>\n<tr>\n<td style=\"text-align: center;\" width=\"111\" data-rm-block-id=\"block-34\">T\u00e1pegys\u00e9g<\/td>\n<td style=\"text-align: center;\" colspan=\"6\" width=\"631\" data-rm-block-id=\"block-35\">1 PH AC\u00a0220V\u00a050\/60Hz\u00a0(Option:110V to 380V)<\/td>\n<\/tr>\n<tr>\n<td style=\"text-align: center;\" width=\"111\" data-rm-block-id=\"block-36\">S\u00faly<\/td>\n<td style=\"text-align: center;\" width=\"99\" data-rm-block-id=\"block-37\">50 Kg<\/td>\n<td style=\"text-align: center;\" width=\"101\" data-rm-block-id=\"block-38\">50 Kg<\/td>\n<td style=\"text-align: center;\" width=\"107\" data-rm-block-id=\"block-39\">55\u00a0Kg<\/td>\n<td style=\"text-align: center;\" width=\"107\" data-rm-block-id=\"block-40\">85\u00a0Kg<\/td>\n<td style=\"text-align: center;\" width=\"110\" data-rm-block-id=\"block-41\">125 Kg<\/td>\n<td style=\"text-align: center;\" width=\"107\" data-rm-block-id=\"block-42\">150\u00a0Kg<\/td>\n<\/tr>\n<\/tbody>\n<\/table>\n<p data-rm-block-id=\"block-43\">\n<p data-rm-block-id=\"block-43\"><a href=\"https:\/\/www.youtube.com\/@allaismt\" rel=\"nofollow noopener\" target=\"_blank\"><u>https:\/\/www.youtube.com\/@allaismt<\/u><\/a><\/p>\n<p data-rm-block-id=\"block-44\">For more information about the SMT PCB Conveyor YSC-1500, please send an email to<\/p>\n<p data-rm-block-id=\"block-45\"><a href=\"mailto:sophia@allaismt.com\"><u>sophia@allaismt.com<\/u><\/a><\/p>\n<p data-rm-block-id=\"block-46\">Megkeres\u00e9s\u00e9re halad\u00e9ktalanul v\u00e1laszolunk, \u00e9s r\u00e9szletes t\u00e1j\u00e9koztat\u00e1st ny\u00fajtunk term\u00e9keinkr\u0151l \u00e9s szolg\u00e1ltat\u00e1sainkr\u00f3l.<\/p>","protected":false},"excerpt":{"rendered":"<p>Le\u00edr\u00e1s\uff1aA <strong data-start=\"116\" data-end=\"172\">SMT Conveyor Transmission PCB Lift Conveyor YSC-1500<\/strong> is a high-performance system designed for vertical transfer of PCBs in SMT production lines. It ensures smooth and precise movement of boards between different conveyor levels, maintaining stable workflow and reducing the risk of PCB damage. Built with a robust structure and reliable drive system, the YSC-1500 supports a wide range of PCB sizes and types. Its compact design allows seamless integration into existing SMT lines, enhancing production efficiency and operational flexibility.<\/p>\n<p>Minim\u00e1lis rendel\u00e9si mennyis\u00e9g: 1 db<\/p>\n<p>\u00c1tfut\u00e1si id\u0151: 15 nap<\/p>","protected":false},"featured_media":22149,"comment_status":"closed","ping_status":"closed","template":"","meta":[],"etheme_brands":[],"product_brand":[],"product_cat":[144],"product_tag":[],"class_list":{"0":"post-22152","1":"product","2":"type-product","3":"status-publish","4":"has-post-thumbnail","6":"product_cat-pcb-handling-machine","8":"first","9":"instock","10":"shipping-taxable","11":"product-type-simple"},"_links":{"self":[{"href":"https:\/\/esmte.com\/hu\/wp-json\/wp\/v2\/product\/22152","targetHints":{"allow":["GET"]}}],"collection":[{"href":"https:\/\/esmte.com\/hu\/wp-json\/wp\/v2\/product"}],"about":[{"href":"https:\/\/esmte.com\/hu\/wp-json\/wp\/v2\/types\/product"}],"replies":[{"embeddable":true,"href":"https:\/\/esmte.com\/hu\/wp-json\/wp\/v2\/comments?post=22152"}],"version-history":[{"count":1,"href":"https:\/\/esmte.com\/hu\/wp-json\/wp\/v2\/product\/22152\/revisions"}],"predecessor-version":[{"id":22385,"href":"https:\/\/esmte.com\/hu\/wp-json\/wp\/v2\/product\/22152\/revisions\/22385"}],"wp:featuredmedia":[{"embeddable":true,"href":"https:\/\/esmte.com\/hu\/wp-json\/wp\/v2\/media\/22149"}],"wp:attachment":[{"href":"https:\/\/esmte.com\/hu\/wp-json\/wp\/v2\/media?parent=22152"}],"wp:term":[{"taxonomy":"brand","embeddable":true,"href":"https:\/\/esmte.com\/hu\/wp-json\/wp\/v2\/etheme_brands?post=22152"},{"taxonomy":"product_brand","embeddable":true,"href":"https:\/\/esmte.com\/hu\/wp-json\/wp\/v2\/product_brand?post=22152"},{"taxonomy":"product_cat","embeddable":true,"href":"https:\/\/esmte.com\/hu\/wp-json\/wp\/v2\/product_cat?post=22152"},{"taxonomy":"product_tag","embeddable":true,"href":"https:\/\/esmte.com\/hu\/wp-json\/wp\/v2\/product_tag?post=22152"}],"curies":[{"name":"munkaf\u00fczet","href":"https:\/\/api.w.org\/{rel}","templated":true}]}}