{"id":22142,"date":"2025-11-25T06:42:57","date_gmt":"2025-11-25T06:42:57","guid":{"rendered":"https:\/\/esmte.com\/?post_type=product&#038;p=22142"},"modified":"2025-11-27T09:43:07","modified_gmt":"2025-11-27T09:43:07","slug":"efficient-smt-pcb-lift-conveyor-ysc-1000","status":"publish","type":"product","link":"https:\/\/esmte.com\/hu\/products\/efficient-smt-pcb-lift-conveyor-ysc-1000\/","title":{"rendered":"SMT PCB Lift Conveyor YSC-1000"},"content":{"rendered":"<h2 data-start=\"1269\" data-end=\"1754\">Bevezet\u00e9s<\/h2>\n<p data-start=\"197\" data-end=\"560\">In modern electronics manufacturing, smooth and precise movement of PCBs across different production stages is crucial for maintaining high productivity and product quality. The <strong data-start=\"375\" data-end=\"409\">SMT PCB Lift Conveyor YSC-1000<\/strong> is designed to provide reliable vertical transfer of PCBs within SMT production lines, ensuring stable workflow and enhanced operational efficiency.<\/p>\n<p data-start=\"562\" data-end=\"970\">The YSC-1000 enables seamless movement of PCBs between different conveyor levels, offering accurate and controlled handling throughout the transfer process. Its robust construction and dependable drive system minimize the risk of board damage, ensuring consistent and uninterrupted production. The conveyor accommodates a wide range of PCB sizes, making it versatile for various manufacturing requirements.<\/p>\n<p data-start=\"972\" data-end=\"1236\">Durable and user-friendly, the YSC-2000 features a compact design that allows easy integration into existing SMT lines. Its intuitive operation and low-maintenance design help reduce downtime, streamline production processes, and improve overall line efficiency.<\/p>\n<p data-start=\"1238\" data-end=\"1550\">A megval\u00f3s\u00edt\u00e1s\u00e1val <strong data-start=\"1258\" data-end=\"1292\">SMT PCB Lift Conveyor YSC-1000<\/strong>, a gy\u00e1rt\u00f3k sim\u00e1bb NY\u00c1K-\u00e1tmeneteket, fokozott termel\u00e9si hat\u00e9konys\u00e1got \u00e9s az \u00e9rz\u00e9keny lapok biztons\u00e1gosabb kezel\u00e9s\u00e9t \u00e9rhetik el. Ide\u00e1lis megold\u00e1s az elektronikai gy\u00e1rak sz\u00e1m\u00e1ra, amelyek prec\u00edz, megb\u00edzhat\u00f3 \u00e9s nagy teljes\u00edtm\u00e9ny\u0171 90 fokos NY\u00c1K-\u00e1tviv\u0151 berendez\u00e9seket keresnek.<\/p>\n<p data-start=\"1269\" data-end=\"1754\"><img loading=\"lazy\" decoding=\"async\" class=\"aligncenter wp-image-22120 size-full\" src=\"https:\/\/esmte.com\/wp-content\/uploads\/2025\/11\/A.webp\" alt=\"Efficient SMT Conveyor System with PCB Lift for Continuous PCB Flow\" width=\"391\" height=\"391\" srcset=\"https:\/\/esmte.com\/wp-content\/uploads\/2025\/11\/A.webp 391w, https:\/\/esmte.com\/wp-content\/uploads\/2025\/11\/A-100x100.webp 100w, https:\/\/esmte.com\/wp-content\/uploads\/2025\/11\/A-300x300.webp 300w, https:\/\/esmte.com\/wp-content\/uploads\/2025\/11\/A-150x150.webp 150w, https:\/\/esmte.com\/wp-content\/uploads\/2025\/11\/A-1x1.webp 1w, https:\/\/esmte.com\/wp-content\/uploads\/2025\/11\/A-10x10.webp 10w\" sizes=\"auto, (max-width: 391px) 100vw, 391px\" \/><\/p>\n<h3 data-start=\"1269\" data-end=\"1754\">F\u0151bb jellemz\u0151k<\/h3>\n<ul>\n<li data-start=\"1407\" data-end=\"1467\">\n<p data-start=\"1409\" data-end=\"1467\">Fully automated lifting cycle for hands-free PCB routing<\/p>\n<\/li>\n<li data-start=\"1468\" data-end=\"1522\">\n<p data-start=\"1470\" data-end=\"1522\">Noise-reduced motor for stable and quiet operation<\/p>\n<\/li>\n<li data-start=\"1523\" data-end=\"1582\">\n<p data-start=\"1525\" data-end=\"1582\">Heavy-duty structure suitable for industrial SMT plants<\/p>\n<\/li>\n<li data-start=\"1583\" data-end=\"1636\">\n<p data-start=\"1585\" data-end=\"1636\">Ensures smooth PCB entry and exit without jamming<\/p>\n<\/li>\n<li data-start=\"1637\" data-end=\"1690\">\n<p data-start=\"1639\" data-end=\"1690\">Enhances line flexibility and layout optimization<\/p>\n<\/li>\n<\/ul>\n<p>&nbsp;<\/p>\n<h2 data-start=\"1269\" data-end=\"1754\">Specifik\u00e1ci\u00f3k<\/h2>\n<table style=\"height: 153px;\" width=\"1382\">\n<tbody>\n<tr>\n<td style=\"text-align: center;\" width=\"111\">Modell<\/td>\n<td style=\"text-align: center;\" width=\"99\">YSC-500<\/td>\n<td style=\"text-align: center;\" width=\"101\">YSC-600<\/td>\n<td style=\"text-align: center;\" width=\"107\">YSC-1000<\/td>\n<td style=\"text-align: center;\" width=\"107\">YSC-1200<\/td>\n<td style=\"text-align: center;\" width=\"110\">YSC-1500<\/td>\n<td style=\"text-align: center;\" width=\"107\">YSC-2000<\/td>\n<\/tr>\n<tr>\n<td style=\"text-align: center;\" width=\"111\">Rail Length<\/td>\n<td style=\"text-align: center;\" width=\"99\">500 mm<\/td>\n<td style=\"text-align: center;\" width=\"101\">600 mm<\/td>\n<td style=\"text-align: center;\" width=\"107\">1000 mm<\/td>\n<td style=\"text-align: center;\" width=\"107\">1200 mm<\/td>\n<td style=\"text-align: center;\" width=\"110\">1500 mm<\/td>\n<td style=\"text-align: center;\" width=\"107\">2000 mm<\/td>\n<\/tr>\n<tr>\n<td style=\"text-align: center;\" width=\"111\">M\u00e9ret (mm)<\/td>\n<td style=\"text-align: center;\" width=\"99\">500*700*950<\/td>\n<td style=\"text-align: center;\" width=\"101\">600*700*950<\/td>\n<td style=\"text-align: center;\" width=\"107\">1000*700*950<\/td>\n<td style=\"text-align: center;\" width=\"107\">1200*700*950<\/td>\n<td style=\"text-align: center;\" width=\"110\">1500*700*950<\/td>\n<td style=\"text-align: center;\" width=\"107\">2000*700*950<\/td>\n<\/tr>\n<tr>\n<td style=\"text-align: center;\" width=\"111\">PCB Width<\/td>\n<td style=\"text-align: center;\" colspan=\"6\" width=\"631\">50 to\u00a0350\u00a0mm<\/td>\n<\/tr>\n<tr>\n<td style=\"text-align: center;\" width=\"111\">T\u00e1pegys\u00e9g<\/td>\n<td style=\"text-align: center;\" colspan=\"6\" width=\"631\">1 PH AC\u00a0220V\u00a050\/60Hz\u00a0(Option:110V to 380V)<\/td>\n<\/tr>\n<tr>\n<td style=\"text-align: center;\" width=\"111\">S\u00faly<\/td>\n<td style=\"text-align: center;\" width=\"99\">50 Kg<\/td>\n<td style=\"text-align: center;\" width=\"101\">50 Kg<\/td>\n<td style=\"text-align: center;\" width=\"107\">55\u00a0Kg<\/td>\n<td style=\"text-align: center;\" width=\"107\">85\u00a0Kg<\/td>\n<td style=\"text-align: center;\" width=\"110\">125 Kg<\/td>\n<td style=\"text-align: center;\" width=\"107\">150\u00a0Kg<\/td>\n<\/tr>\n<\/tbody>\n<\/table>\n<p>&nbsp;<\/p>\n<p><a href=\"https:\/\/www.youtube.com\/@allaismt\" rel=\"nofollow noopener\" target=\"_blank\"><u>https:\/\/www.youtube.com\/@allaismt<\/u><\/a><\/p>\n<p>For more information about the SMT PCB Lift Conveyor YSC-2000, please send an email to<\/p>\n<p><a href=\"mailto:sophia@allaismt.com\"><u>sophia@allaismt.com<\/u><\/a><\/p>\n<p>Megkeres\u00e9s\u00e9re halad\u00e9ktalanul v\u00e1laszolunk, \u00e9s r\u00e9szletes t\u00e1j\u00e9koztat\u00e1st ny\u00fajtunk term\u00e9keinkr\u0151l \u00e9s szolg\u00e1ltat\u00e1sainkr\u00f3l.<\/p>\n<p>&nbsp;<\/p>","protected":false},"excerpt":{"rendered":"<p>Le\u00edr\u00e1s\uff1aA <strong data-start=\"94\" data-end=\"128\">SMT PCB Lift Conveyor YSC-1000<\/strong> Az YSC-1000 lehet\u0151v\u00e9 teszi a nyomtatott \u00e1ramk\u00f6ri lapok z\u00f6kken\u0151mentes mozgat\u00e1s\u00e1t a k\u00fcl\u00f6nb\u00f6z\u0151 sz\u00e1ll\u00edt\u00f3szalag-szintek k\u00f6z\u00f6tt, mik\u00f6zben pontos \u00e9s kontroll\u00e1lt kezel\u00e9st biztos\u00edt az \u00e1tviteli folyamat sor\u00e1n. Robusztus kialak\u00edt\u00e1sa \u00e9s megb\u00edzhat\u00f3 hajt\u00e1srendszere minimaliz\u00e1lja a lapok s\u00e9r\u00fcl\u00e9s\u00e9nek kock\u00e1zat\u00e1t, biztos\u00edtva a folyamatos \u00e9s megszak\u00edt\u00e1s n\u00e9lk\u00fcli termel\u00e9st. A sz\u00e1ll\u00edt\u00f3szalag sz\u00e9les nyomtatott \u00e1ramk\u00f6ri lap m\u00e9rettartom\u00e1nyt k\u00e9pes kezelni, \u00edgy sokoldal\u00faan alkalmazhat\u00f3 k\u00fcl\u00f6nb\u00f6z\u0151 gy\u00e1rt\u00e1si ig\u00e9nyek kiel\u00e9g\u00edt\u00e9s\u00e9re.<\/p>\n<p>Minim\u00e1lis rendel\u00e9si mennyis\u00e9g: 1 db<\/p>\n<p>\u00c1tfut\u00e1si id\u0151: 15 nap<\/p>","protected":false},"featured_media":22146,"comment_status":"closed","ping_status":"closed","template":"","meta":[],"etheme_brands":[],"product_brand":[],"product_cat":[144],"product_tag":[],"class_list":{"0":"post-22142","1":"product","2":"type-product","3":"status-publish","4":"has-post-thumbnail","6":"product_cat-pcb-handling-machine","8":"first","9":"instock","10":"shipping-taxable","11":"product-type-simple"},"_links":{"self":[{"href":"https:\/\/esmte.com\/hu\/wp-json\/wp\/v2\/product\/22142","targetHints":{"allow":["GET"]}}],"collection":[{"href":"https:\/\/esmte.com\/hu\/wp-json\/wp\/v2\/product"}],"about":[{"href":"https:\/\/esmte.com\/hu\/wp-json\/wp\/v2\/types\/product"}],"replies":[{"embeddable":true,"href":"https:\/\/esmte.com\/hu\/wp-json\/wp\/v2\/comments?post=22142"}],"version-history":[{"count":1,"href":"https:\/\/esmte.com\/hu\/wp-json\/wp\/v2\/product\/22142\/revisions"}],"predecessor-version":[{"id":22367,"href":"https:\/\/esmte.com\/hu\/wp-json\/wp\/v2\/product\/22142\/revisions\/22367"}],"wp:featuredmedia":[{"embeddable":true,"href":"https:\/\/esmte.com\/hu\/wp-json\/wp\/v2\/media\/22146"}],"wp:attachment":[{"href":"https:\/\/esmte.com\/hu\/wp-json\/wp\/v2\/media?parent=22142"}],"wp:term":[{"taxonomy":"brand","embeddable":true,"href":"https:\/\/esmte.com\/hu\/wp-json\/wp\/v2\/etheme_brands?post=22142"},{"taxonomy":"product_brand","embeddable":true,"href":"https:\/\/esmte.com\/hu\/wp-json\/wp\/v2\/product_brand?post=22142"},{"taxonomy":"product_cat","embeddable":true,"href":"https:\/\/esmte.com\/hu\/wp-json\/wp\/v2\/product_cat?post=22142"},{"taxonomy":"product_tag","embeddable":true,"href":"https:\/\/esmte.com\/hu\/wp-json\/wp\/v2\/product_tag?post=22142"}],"curies":[{"name":"munkaf\u00fczet","href":"https:\/\/api.w.org\/{rel}","templated":true}]}}