{"id":22115,"date":"2025-11-25T03:25:00","date_gmt":"2025-11-25T03:25:00","guid":{"rendered":"https:\/\/esmte.com\/?post_type=product&#038;p=22115"},"modified":"2025-11-27T09:55:36","modified_gmt":"2025-11-27T09:55:36","slug":"90-degree-unloader-yul-m1150","status":"publish","type":"product","link":"https:\/\/esmte.com\/hu\/products\/90-degree-unloader-yul-m1150\/","title":{"rendered":"SMT PCB vonalk\u00f3dolvas\u00f3 sz\u00e1ll\u00edt\u00f3szalag YSC-390\uff081\uff09"},"content":{"rendered":"<h2 data-rm-block-id=\"block-1\">Bevezet\u00e9s<\/h2>\n<p data-start=\"209\" data-end=\"516\">A modern elektronikai gy\u00e1rt\u00e1sban a NY\u00c1K-ok prec\u00edz \u00e9s hat\u00e9kony kezel\u00e9se elengedhetetlen a magas termel\u00e9kenys\u00e9g \u00e9s az \u00e1lland\u00f3 term\u00e9kmin\u0151s\u00e9g fenntart\u00e1s\u00e1hoz. <strong data-start=\"348\" data-end=\"388\">SMT PCB vonalk\u00f3dolvas\u00f3 sz\u00e1ll\u00edt\u00f3szalag YSC-390\uff081\uff09<\/strong> is engineered to provide reliable 90-degree PCB transfers, allowing seamless directional changes within SMT production lines.<\/p>\n<p data-start=\"518\" data-end=\"871\">The YUL-M1150 ensures stable and accurate handling during directional transfers, reducing the risk of PCB damage and maintaining continuous workflow. Its robust construction and dependable drive system deliver consistent performance, while the system accommodates a wide range of PCB sizes, offering flexibility for various manufacturing requirements.<\/p>\n<p data-start=\"873\" data-end=\"1103\">Kompakt \u00e9s felhaszn\u00e1l\u00f3bar\u00e1t, a YUL-LL1550 k\u00f6nnyen integr\u00e1lhat\u00f3 a megl\u00e9v\u0151 SMT gy\u00e1rt\u00f3sorokba. Intuit\u00edv m\u0171k\u00f6d\u00e9se \u00e9s alacsony karbantart\u00e1si ig\u00e9ny\u0171 kialak\u00edt\u00e1sa seg\u00edt minimaliz\u00e1lni az \u00e1ll\u00e1sid\u0151t, korszer\u0171s\u00edteni a termel\u00e9si folyamatokat \u00e9s jav\u00edtani az \u00e1ltal\u00e1nos gy\u00e1rt\u00f3sor hat\u00e9konys\u00e1g\u00e1t.<\/p>\n<p data-start=\"1105\" data-end=\"1425\">Az\u00e1ltal, hogy be\u00e9p\u00edtj\u00fck a <strong data-start=\"1126\" data-end=\"1166\">SMT PCB vonalk\u00f3dolvas\u00f3 sz\u00e1ll\u00edt\u00f3szalag YSC-390\uff081\uff09<\/strong>, a gy\u00e1rt\u00f3k sim\u00e1bb NY\u00c1K-\u00e1tmeneteket, fokozott termel\u00e9si hat\u00e9konys\u00e1got \u00e9s az \u00e9rz\u00e9keny lapok biztons\u00e1gosabb kezel\u00e9s\u00e9t \u00e9rhetik el. Ide\u00e1lis megold\u00e1s az elektronikai gy\u00e1rak sz\u00e1m\u00e1ra, amelyek prec\u00edz, megb\u00edzhat\u00f3 \u00e9s nagy teljes\u00edtm\u00e9ny\u0171 90 fokos NY\u00c1K-\u00e1tviv\u0151 berendez\u00e9seket keresnek.<\/p>\n<p data-rm-block-id=\"block-2\"><img loading=\"lazy\" decoding=\"async\" class=\"aligncenter wp-image-22096\" src=\"https:\/\/esmte.com\/wp-content\/uploads\/2025\/11\/90-degree-unloader.png\" alt=\" YUL-M1150\" width=\"515\" height=\"515\" srcset=\"https:\/\/esmte.com\/wp-content\/uploads\/2025\/11\/90-degree-unloader.png 2560w, https:\/\/esmte.com\/wp-content\/uploads\/2025\/11\/90-degree-unloader-100x100.png 100w, https:\/\/esmte.com\/wp-content\/uploads\/2025\/11\/90-degree-unloader-600x600.png 600w, https:\/\/esmte.com\/wp-content\/uploads\/2025\/11\/90-degree-unloader-300x300.png 300w, https:\/\/esmte.com\/wp-content\/uploads\/2025\/11\/90-degree-unloader-1024x1024.png 1024w, https:\/\/esmte.com\/wp-content\/uploads\/2025\/11\/90-degree-unloader-150x150.png 150w, https:\/\/esmte.com\/wp-content\/uploads\/2025\/11\/90-degree-unloader-768x768.png 768w, https:\/\/esmte.com\/wp-content\/uploads\/2025\/11\/90-degree-unloader-1536x1536.png 1536w, https:\/\/esmte.com\/wp-content\/uploads\/2025\/11\/90-degree-unloader-2048x2048.png 2048w, https:\/\/esmte.com\/wp-content\/uploads\/2025\/11\/90-degree-unloader-1x1.png 1w, https:\/\/esmte.com\/wp-content\/uploads\/2025\/11\/90-degree-unloader-10x10.png 10w\" sizes=\"auto, (max-width: 515px) 100vw, 515px\" \/><\/p>\n<h3 data-rm-block-id=\"block-4\">Key\u00a0 Production<\/h3>\n<ul data-start=\"1154\" data-end=\"1630\">\n<li data-start=\"1154\" data-end=\"1225\">\n<p data-start=\"1156\" data-end=\"1225\" data-rm-block-id=\"block-5\">Compact footprint allows installation in limited production spaces.<\/p>\n<\/li>\n<li data-start=\"1226\" data-end=\"1286\">\n<p data-start=\"1228\" data-end=\"1286\" data-rm-block-id=\"block-6\">Stable belt-based transport ensures gentle PCB handling.<\/p>\n<\/li>\n<li data-start=\"1287\" data-end=\"1355\">\n<p data-start=\"1289\" data-end=\"1355\" data-rm-block-id=\"block-7\">Quick setup design enables fast production line reconfiguration.<\/p>\n<\/li>\n<li data-start=\"1356\" data-end=\"1412\">\n<p data-start=\"1358\" data-end=\"1412\" data-rm-block-id=\"block-8\">Built-in safety mechanisms reduce operational risks.<\/p>\n<\/li>\n<li data-start=\"1413\" data-end=\"1630\">\n<p data-start=\"1415\" data-end=\"1630\" data-rm-block-id=\"block-9\">Energy-efficient motors lower overall power consumption.<\/p>\n<\/li>\n<\/ul>\n<p data-start=\"1415\" data-end=\"1630\" data-rm-block-id=\"block-9\">With these advantages, the unloader improves automation while helping manufacturers create highly efficient and space-saving electronics assembly lines.<\/p>\n<h2 data-rm-block-id=\"block-10\">Specifik\u00e1ci\u00f3k<\/h2>\n<table style=\"height: 218px;\" width=\"1371\">\n<tbody>\n<tr>\n<td style=\"text-align: center;\" width=\"165\" data-rm-block-id=\"block-11\">Modell<br \/>\n(90 fokos tehermentes\u00edt\u00e9s)<\/td>\n<td style=\"text-align: center;\" width=\"183\" data-rm-block-id=\"block-12\">YUL-M1150<\/td>\n<td style=\"text-align: center;\" width=\"162\" data-rm-block-id=\"block-13\">YUL-L1350<\/td>\n<td style=\"text-align: center;\" width=\"154\" data-rm-block-id=\"block-14\">YUL-LL1550<\/td>\n<\/tr>\n<tr>\n<td style=\"text-align: center;\" width=\"165\" data-rm-block-id=\"block-15\">M\u00e9ret (mm)<\/td>\n<td style=\"text-align: center;\" width=\"183\" data-rm-block-id=\"block-16\">1150*1150*1205<\/td>\n<td style=\"text-align: center;\" width=\"162\" data-rm-block-id=\"block-17\">1350*1350*1205<\/td>\n<td style=\"text-align: center;\" width=\"154\" data-rm-block-id=\"block-18\">1550*1550*1205<\/td>\n<\/tr>\n<tr>\n<td style=\"text-align: center;\" width=\"165\" data-rm-block-id=\"block-19\">NY\u00c1K-m\u00e9ret (mm)<\/td>\n<td style=\"text-align: center;\" width=\"183\" data-rm-block-id=\"block-20\">50*50-330*250<\/td>\n<td style=\"text-align: center;\" width=\"162\" data-rm-block-id=\"block-21\">50*50-445*330<\/td>\n<td style=\"text-align: center;\" width=\"154\" data-rm-block-id=\"block-22\">50*50-530*390<\/td>\n<\/tr>\n<tr>\n<td style=\"text-align: center;\" width=\"165\" data-rm-block-id=\"block-23\">Rack m\u00e9rete (mm)<\/td>\n<td style=\"text-align: center;\" width=\"183\" data-rm-block-id=\"block-24\">355*320*563<\/td>\n<td style=\"text-align: center;\" width=\"162\" data-rm-block-id=\"block-25\">460*400*563<\/td>\n<td style=\"text-align: center;\" width=\"154\" data-rm-block-id=\"block-26\">535*460*563<\/td>\n<\/tr>\n<tr>\n<td style=\"text-align: center;\" width=\"165\" data-rm-block-id=\"block-27\">Vez\u00e9rl\u0151rendszer<\/td>\n<td style=\"text-align: center;\" colspan=\"3\" width=\"499\" data-rm-block-id=\"block-28\">Nyrt.<\/td>\n<\/tr>\n<tr>\n<td style=\"text-align: center;\" width=\"165\" data-rm-block-id=\"block-29\">T\u00e1pegys\u00e9g<\/td>\n<td style=\"text-align: center;\" colspan=\"3\" width=\"499\" data-rm-block-id=\"block-30\">1 f\u00e1zis\u00fa AC 220V 50\/60Hz (opci\u00f3: 110V - 380V)<\/td>\n<\/tr>\n<tr>\n<td style=\"text-align: center;\" width=\"165\" data-rm-block-id=\"block-31\">M\u00e9rlegel\u00e9s<\/td>\n<td style=\"text-align: center;\" width=\"183\" data-rm-block-id=\"block-32\">180 kg<\/td>\n<td style=\"text-align: center;\" width=\"162\" data-rm-block-id=\"block-33\">240 kg<\/td>\n<td style=\"text-align: center;\" width=\"154\" data-rm-block-id=\"block-34\">300 kg<\/td>\n<\/tr>\n<\/tbody>\n<\/table>\n<p data-rm-block-id=\"block-35\"><a href=\"https:\/\/www.youtube.com\/@allaismt\" rel=\"nofollow noopener\" target=\"_blank\"><u>https:\/\/www.youtube.com\/@allaismt<\/u><\/a><\/p>\n<p data-rm-block-id=\"block-36\">A YUL-LL1550 90 fokos kirakod\u00f3val kapcsolatos tov\u00e1bbi inform\u00e1ci\u00f3k\u00e9rt k\u00e9rj\u00fck, k\u00fcldj\u00f6n e-mailt a k\u00f6vetkez\u0151 c\u00edmre:<\/p>\n<p data-rm-block-id=\"block-37\"><a href=\"mailto:sophia@allaismt.com\"><u>sophia@allaismt.com<\/u><\/a><\/p>\n<p data-rm-block-id=\"block-38\">Megkeres\u00e9s\u00e9re halad\u00e9ktalanul v\u00e1laszolunk, \u00e9s r\u00e9szletes t\u00e1j\u00e9koztat\u00e1st ny\u00fajtunk term\u00e9keinkr\u0151l \u00e9s szolg\u00e1ltat\u00e1sainkr\u00f3l.<\/p>\n<p data-rm-block-id=\"block-39\">","protected":false},"excerpt":{"rendered":"<p>Description\uff1a The <strong data-start=\"100\" data-end=\"140\">SMT PCB vonalk\u00f3dolvas\u00f3 sz\u00e1ll\u00edt\u00f3szalag YSC-390\uff081\uff09<\/strong> egy nagy hat\u00e9konys\u00e1g\u00fa NY\u00c1K-kezel\u0151 rendszer, amelyet SMT gy\u00e1rt\u00f3sorokhoz terveztek. Lehet\u0151v\u00e9 teszi a NY\u00c1K-ok sima \u00e9s prec\u00edz 90 fokos \u00e1tvitel\u00e9t, lehet\u0151v\u00e9 t\u00e9ve a z\u00f6kken\u0151mentes ir\u00e1nyv\u00e1lt\u00e1sokat az \u00f6sszeszerel\u0151 soron bel\u00fcl. A robusztus szerkezettel \u00e9s megb\u00edzhat\u00f3 hajt\u00e1srendszerrel \u00e9p\u00edtett YUL-LL1550 stabil m\u0171k\u00f6d\u00e9st biztos\u00edt, mik\u00f6zben minimaliz\u00e1lja a NY\u00c1K-k\u00e1rosod\u00e1s kock\u00e1zat\u00e1t. Kompakt kialak\u00edt\u00e1s\u00e1nak k\u00f6sz\u00f6nhet\u0151en k\u00f6nnyen integr\u00e1lhat\u00f3 a megl\u00e9v\u0151 SMT gy\u00e1rt\u00f3sorokba, jav\u00edtva a munkafolyamatok hat\u00e9konys\u00e1g\u00e1t \u00e9s a termel\u00e9si rugalmass\u00e1got.<\/p>\n<p>Minim\u00e1lis rendel\u00e9si mennyis\u00e9g: 1 db<\/p>\n<p>\u00c1tfut\u00e1si id\u0151: 15 nap<\/p>","protected":false},"featured_media":22116,"comment_status":"closed","ping_status":"closed","template":"","meta":[],"etheme_brands":[],"product_brand":[],"product_cat":[144],"product_tag":[],"class_list":{"0":"post-22115","1":"product","2":"type-product","3":"status-publish","4":"has-post-thumbnail","6":"product_cat-pcb-handling-machine","8":"first","9":"instock","10":"shipping-taxable","11":"product-type-simple"},"_links":{"self":[{"href":"https:\/\/esmte.com\/hu\/wp-json\/wp\/v2\/product\/22115","targetHints":{"allow":["GET"]}}],"collection":[{"href":"https:\/\/esmte.com\/hu\/wp-json\/wp\/v2\/product"}],"about":[{"href":"https:\/\/esmte.com\/hu\/wp-json\/wp\/v2\/types\/product"}],"replies":[{"embeddable":true,"href":"https:\/\/esmte.com\/hu\/wp-json\/wp\/v2\/comments?post=22115"}],"version-history":[{"count":1,"href":"https:\/\/esmte.com\/hu\/wp-json\/wp\/v2\/product\/22115\/revisions"}],"predecessor-version":[{"id":22371,"href":"https:\/\/esmte.com\/hu\/wp-json\/wp\/v2\/product\/22115\/revisions\/22371"}],"wp:featuredmedia":[{"embeddable":true,"href":"https:\/\/esmte.com\/hu\/wp-json\/wp\/v2\/media\/22116"}],"wp:attachment":[{"href":"https:\/\/esmte.com\/hu\/wp-json\/wp\/v2\/media?parent=22115"}],"wp:term":[{"taxonomy":"brand","embeddable":true,"href":"https:\/\/esmte.com\/hu\/wp-json\/wp\/v2\/etheme_brands?post=22115"},{"taxonomy":"product_brand","embeddable":true,"href":"https:\/\/esmte.com\/hu\/wp-json\/wp\/v2\/product_brand?post=22115"},{"taxonomy":"product_cat","embeddable":true,"href":"https:\/\/esmte.com\/hu\/wp-json\/wp\/v2\/product_cat?post=22115"},{"taxonomy":"product_tag","embeddable":true,"href":"https:\/\/esmte.com\/hu\/wp-json\/wp\/v2\/product_tag?post=22115"}],"curies":[{"name":"munkaf\u00fczet","href":"https:\/\/api.w.org\/{rel}","templated":true}]}}