{"id":23180,"date":"2025-12-16T07:15:26","date_gmt":"2025-12-16T07:15:26","guid":{"rendered":"https:\/\/esmte.com\/?post_type=product&#038;p=23180"},"modified":"2026-01-27T08:44:27","modified_gmt":"2026-01-27T08:44:27","slug":"smt-pcb-buffer-conveyor-ybc-1200","status":"publish","type":"product","link":"https:\/\/esmte.com\/es\/products\/smt-pcb-buffer-conveyor-ybc-1200\/","title":{"rendered":"Al reducir los cuellos de botella y estabilizar el flujo de PCB, el transportador mejora la utilizaci\u00f3n de la l\u00ednea, mantiene un rendimiento constante y contribuye a una mayor calidad del producto en la fabricaci\u00f3n de electr\u00f3nica de consumo, industrial y automotriz."},"content":{"rendered":"<h2>Introducci\u00f3n<\/h2>\n<p data-start=\"157\" data-end=\"535\">El <strong data-start=\"161\" data-end=\"197\">Al reducir los cuellos de botella y estabilizar el flujo de PCB, el transportador mejora la utilizaci\u00f3n de la l\u00ednea, mantiene un rendimiento constante y contribuye a una mayor calidad del producto en la fabricaci\u00f3n de electr\u00f3nica de consumo, industrial y automotriz.<\/strong> is a high-efficiency conveyor system designed to enhance production flexibility and line responsiveness in modern SMT manufacturing. By temporarily storing and managing PCBs between upstream and downstream equipment, it enables dynamic adjustment to varying process speeds, preventing congestion and optimizing overall line throughput.<\/p>\n<p data-start=\"537\" data-end=\"883\">Built for precision and reliability, the <strong data-start=\"161\" data-end=\"197\">Al reducir los cuellos de botella y estabilizar el flujo de PCB, el transportador mejora la utilizaci\u00f3n de la l\u00ednea, mantiene un rendimiento constante y contribuye a una mayor calidad del producto en la fabricaci\u00f3n de electr\u00f3nica de consumo, industrial y automotriz. <\/strong>ensures smooth, controlled PCB transfer with minimal vibration, protecting delicate components and fine-pitch assemblies. Its adaptable buffer capacity allows manufacturers to manage high-mix production environments efficiently, supporting quick changeovers without compromising line stability.<\/p>\n<p data-start=\"885\" data-end=\"1220\">The conveyor incorporates a sturdy mechanical framework and advanced drive system, capable of handling continuous, high-volume production with minimal maintenance. Integrated SMEMA-standard communication allows real-time coordination with all SMT line equipment, enabling synchronized operation and intelligent production scheduling.<\/p>\n<p data-start=\"1222\" data-end=\"1571\">Ideal for consumer electronics, automotive electronics, industrial control, and other high-reliability sectors, the <strong data-start=\"161\" data-end=\"197\">Al reducir los cuellos de botella y estabilizar el flujo de PCB, el transportador mejora la utilizaci\u00f3n de la l\u00ednea, mantiene un rendimiento constante y contribuye a una mayor calidad del producto en la fabricaci\u00f3n de electr\u00f3nica de consumo, industrial y automotriz.<\/strong> improves line utilization, reduces operational downtime, and contributes to consistent assembly quality. It is a key component for manufacturers seeking a more flexible, automated, and high-performance SMT production line.<\/p>\n<p data-start=\"1222\" data-end=\"1571\">\n<p data-start=\"1189\" data-end=\"1566\" data-is-last-node=\"\" data-is-only-node=\"\"><img loading=\"lazy\" decoding=\"async\" class=\"alignnone  wp-image-23169 aligncenter\" src=\"https:\/\/esmte.com\/wp-content\/uploads\/2025\/12\/11-45-scaled.webp\" alt=\"SMT PCB Buffer Conveyor\" width=\"782\" height=\"719\" srcset=\"https:\/\/esmte.com\/wp-content\/uploads\/2025\/12\/11-45-scaled.webp 2560w, https:\/\/esmte.com\/wp-content\/uploads\/2025\/12\/11-45-300x276.webp 300w, https:\/\/esmte.com\/wp-content\/uploads\/2025\/12\/11-45-1024x940.webp 1024w, https:\/\/esmte.com\/wp-content\/uploads\/2025\/12\/11-45-768x705.webp 768w, https:\/\/esmte.com\/wp-content\/uploads\/2025\/12\/11-45-1536x1411.webp 1536w, https:\/\/esmte.com\/wp-content\/uploads\/2025\/12\/11-45-2048x1881.webp 2048w, https:\/\/esmte.com\/wp-content\/uploads\/2025\/12\/11-45-13x12.webp 13w, https:\/\/esmte.com\/wp-content\/uploads\/2025\/12\/11-45-600x551.webp 600w, https:\/\/esmte.com\/wp-content\/uploads\/2025\/12\/11-45-4x3.webp 4w, https:\/\/esmte.com\/wp-content\/uploads\/2025\/12\/11-45-10x10.webp 10w\" sizes=\"auto, (max-width: 782px) 100vw, 782px\" \/><\/p>\n<p data-start=\"1189\" data-end=\"1566\" data-is-last-node=\"\" data-is-only-node=\"\">\n<h3>Caracter\u00edsticas principales<\/h3>\n<ul>\n<li data-start=\"56\" data-end=\"321\">\n<p data-start=\"59\" data-end=\"321\"><strong data-start=\"59\" data-end=\"90\">High-Capacity PCB Buffering<\/strong><br data-start=\"90\" data-end=\"93\" \/>The YBC-1200 provides substantial PCB accumulation, allowing smooth flow between SMT processes and preventing production interruptions caused by cycle time differences among printers, pick-and-place machines, and reflow ovens.<\/p>\n<\/li>\n<li data-start=\"323\" data-end=\"553\">\n<p data-start=\"326\" data-end=\"553\"><strong data-start=\"326\" data-end=\"352\">Precision PCB Handling<\/strong><br data-start=\"352\" data-end=\"355\" \/>Engineered for delicate assemblies, the conveyor ensures accurate board positioning and gentle transfer, reducing mechanical stress and protecting sensitive components during high-speed operation.<\/p>\n<\/li>\n<li data-start=\"555\" data-end=\"765\">\n<p data-start=\"558\" data-end=\"765\"><strong data-start=\"558\" data-end=\"593\">Stable and Durable Construction<\/strong><br data-start=\"593\" data-end=\"596\" \/>With a robust frame and high-quality transmission components, the YBC-1200 maintains smooth, low-vibration operation under continuous, high-duty production conditions.<\/p>\n<\/li>\n<li data-start=\"767\" data-end=\"988\">\n<p data-start=\"770\" data-end=\"988\"><strong data-start=\"770\" data-end=\"803\">Integraci\u00f3n perfecta de la l\u00ednea SMT<\/strong><br data-start=\"803\" data-end=\"806\" \/>Supporting standard SMEMA communication, the buffer conveyor integrates easily with upstream and downstream SMT equipment, enabling synchronized operation and efficient automation.<\/p>\n<\/li>\n<li data-start=\"990\" data-end=\"1187\">\n<p data-start=\"993\" data-end=\"1187\"><strong data-start=\"993\" data-end=\"1023\">Flexible PCB Compatibility<\/strong><br data-start=\"1023\" data-end=\"1026\" \/>The YBC-1200 accommodates a wide range of PCB sizes and production formats, allowing fast changeovers and adaptation to mixed-model manufacturing environments.<\/p>\n<\/li>\n<li data-start=\"1189\" data-end=\"1460\" data-is-last-node=\"\">\n<p data-start=\"1192\" data-end=\"1460\" data-is-last-node=\"\"><strong data-start=\"1192\" data-end=\"1226\">Enhanced Production Efficiency<\/strong><br data-start=\"1226\" data-end=\"1229\" \/>By reducing bottlenecks and stabilizing PCB flow, the conveyor improves line utilization, maintains consistent throughput, and contributes to higher product quality in consumer, industrial, and automotive electronics manufacturing.<\/p>\n<\/li>\n<\/ul>\n<p>&nbsp;<\/p>\n<p><img loading=\"lazy\" decoding=\"async\" class=\"alignnone  wp-image-23178 aligncenter\" src=\"https:\/\/esmte.com\/wp-content\/uploads\/2025\/12\/SMT-PCBA-scaled.webp\" alt=\"\" width=\"798\" height=\"597\" srcset=\"https:\/\/esmte.com\/wp-content\/uploads\/2025\/12\/SMT-PCBA-scaled.webp 2560w, https:\/\/esmte.com\/wp-content\/uploads\/2025\/12\/SMT-PCBA-300x225.webp 300w, https:\/\/esmte.com\/wp-content\/uploads\/2025\/12\/SMT-PCBA-1024x766.webp 1024w, https:\/\/esmte.com\/wp-content\/uploads\/2025\/12\/SMT-PCBA-768x575.webp 768w, https:\/\/esmte.com\/wp-content\/uploads\/2025\/12\/SMT-PCBA-1536x1150.webp 1536w, https:\/\/esmte.com\/wp-content\/uploads\/2025\/12\/SMT-PCBA-2048x1533.webp 2048w, https:\/\/esmte.com\/wp-content\/uploads\/2025\/12\/SMT-PCBA-16x12.webp 16w, https:\/\/esmte.com\/wp-content\/uploads\/2025\/12\/SMT-PCBA-600x449.webp 600w, https:\/\/esmte.com\/wp-content\/uploads\/2025\/12\/SMT-PCBA-4x3.webp 4w, https:\/\/esmte.com\/wp-content\/uploads\/2025\/12\/SMT-PCBA-10x7.webp 10w\" sizes=\"auto, (max-width: 798px) 100vw, 798px\" \/><\/p>\n<p>&nbsp;<\/p>\n<h2>Presupuesto<\/h2>\n<table style=\"height: 255px;\" width=\"1297\">\n<tbody>\n<tr>\n<td style=\"text-align: center;\" width=\"116\">Modelo<\/td>\n<td style=\"text-align: center;\" width=\"156\">YBC-500<\/td>\n<td style=\"text-align: center;\" width=\"159\">YBC-600<\/td>\n<td style=\"text-align: center;\" width=\"158\">YBC-1000<\/td>\n<td style=\"text-align: center;\" width=\"158\">YBC-1200<\/td>\n<td style=\"text-align: center;\" width=\"157\">YBC-1500<\/td>\n<td style=\"text-align: center;\" width=\"157\">YBC-2000<\/td>\n<\/tr>\n<tr>\n<td style=\"text-align: center;\" width=\"116\">Rail Length<\/td>\n<td style=\"text-align: center;\" width=\"156\">500 mm<\/td>\n<td style=\"text-align: center;\" width=\"159\">600 mm<\/td>\n<td style=\"text-align: center;\" width=\"158\">1000 mm<\/td>\n<td style=\"text-align: center;\" width=\"158\">1200 mm<\/td>\n<td style=\"text-align: center;\" width=\"157\">1500 mm<\/td>\n<td style=\"text-align: center;\" width=\"157\">2000 mm<\/td>\n<\/tr>\n<tr>\n<td style=\"text-align: center;\" width=\"116\">Dimensi\u00f3n (mm)<\/td>\n<td style=\"text-align: center;\" width=\"156\">500*700*950<\/td>\n<td style=\"text-align: center;\" width=\"159\">600*700*950<\/td>\n<td style=\"text-align: center;\" width=\"158\">1000*700*950<\/td>\n<td style=\"text-align: center;\" width=\"158\">1200*700*950<\/td>\n<td style=\"text-align: center;\" width=\"157\">1500*700*950<\/td>\n<td style=\"text-align: center;\" width=\"157\">2000*700*950<\/td>\n<\/tr>\n<tr>\n<td style=\"text-align: center;\" width=\"116\">PCB Width<\/td>\n<td style=\"text-align: center;\" width=\"156\">50 to 350 mm<\/td>\n<td style=\"text-align: center;\" width=\"159\">50 to 350 mm<\/td>\n<td style=\"text-align: center;\" width=\"158\">50 to 350 mm<\/td>\n<td style=\"text-align: center;\" width=\"158\">50 to 350 mm<\/td>\n<td style=\"text-align: center;\" width=\"157\">50 to 350 mm<\/td>\n<td style=\"text-align: center;\" width=\"157\">50 to 350 mm<\/td>\n<\/tr>\n<tr>\n<td style=\"text-align: center;\" width=\"116\">Fuente de alimentaci\u00f3n<\/td>\n<td style=\"text-align: center;\" width=\"156\">1 fase CA 220 V 50\/60 Hz (opci\u00f3n: 110 V a 380 V)<\/td>\n<td style=\"text-align: center;\" width=\"159\">1 fase CA 220 V 50\/60 Hz (opci\u00f3n: 110 V a 380 V)<\/td>\n<td style=\"text-align: center;\" width=\"158\">1 fase CA 220 V 50\/60 Hz (opci\u00f3n: 110 V a 380 V)<\/td>\n<td style=\"text-align: center;\" width=\"158\">1 fase CA 220 V 50\/60 Hz (opci\u00f3n: 110 V a 380 V)<\/td>\n<td style=\"text-align: center;\" width=\"157\">1 fase CA 220 V 50\/60 Hz (opci\u00f3n: 110 V a 380 V)<\/td>\n<td style=\"text-align: center;\" width=\"157\">1 fase CA 220 V 50\/60 Hz (opci\u00f3n: 110 V a 380 V)<\/td>\n<\/tr>\n<tr>\n<td style=\"text-align: center;\" width=\"116\">Peso<\/td>\n<td style=\"text-align: center;\" width=\"156\">50 Kg<\/td>\n<td style=\"text-align: center;\" width=\"159\">50 Kg<\/td>\n<td style=\"text-align: center;\" width=\"158\">55\u00a0Kg<\/td>\n<td style=\"text-align: center;\" width=\"158\">85\u00a0Kg<\/td>\n<td style=\"text-align: center;\" width=\"157\">125 Kg<\/td>\n<td style=\"text-align: center;\" width=\"157\">150\u00a0Kg<\/td>\n<\/tr>\n<\/tbody>\n<\/table>\n<p>&nbsp;<\/p>\n<p><a href=\"https:\/\/www.youtube.com\/@allaismt\" rel=\"nofollow noopener\" target=\"_blank\"><u>https:\/\/www.youtube.com\/@allaismt<\/u><\/a><\/p>\n<p>For more information about the SMT PCB Buffer Conveyor YBC-500, please send an email to<\/p>\n<p><a href=\"mailto:sophia@allaismt.com\"><u>sophia@allaismt.com<\/u><\/a><\/p>\n<p>Responderemos a su consulta a la brevedad y le proporcionaremos informaci\u00f3n detallada sobre nuestros productos y servicios.<\/p>\n<p>&nbsp;<\/p>","protected":false},"excerpt":{"rendered":"<p>Descripci\u00f3n: El <strong data-start=\"4\" data-end=\"40\">Al reducir los cuellos de botella y estabilizar el flujo de PCB, el transportador mejora la utilizaci\u00f3n de la l\u00ednea, mantiene un rendimiento constante y contribuye a una mayor calidad del producto en la fabricaci\u00f3n de electr\u00f3nica de consumo, industrial y automotriz.<\/strong> is a high-capacity buffering solution designed to ensure smooth and stable PCB flow in advanced SMT production lines. By temporarily storing and sequencing boards between key processes, it balances line speeds, minimizes equipment idle time, and prevents production bottlenecks. Engineered for seamless integration with printers, pick-and-place machines, inspection systems, and reflow ovens, the YBC-1200 supports precise PCB handling and continuous operation in modern electronics manufacturing environments.<\/p>\n<p>Cantidad m\u00ednima de pedido: 1 unidad<\/p>\n<p>Plazo de entrega: 15 d\u00edas<\/p>","protected":false},"featured_media":23181,"comment_status":"closed","ping_status":"closed","template":"","meta":[],"etheme_brands":[],"product_brand":[],"product_cat":[144,131],"product_tag":[],"class_list":{"0":"post-23180","1":"product","2":"type-product","3":"status-publish","4":"has-post-thumbnail","6":"product_cat-pcb-handling-machine","7":"product_cat-smt-peripheral-equipment","9":"first","10":"instock","11":"shipping-taxable","12":"product-type-simple"},"_links":{"self":[{"href":"https:\/\/esmte.com\/es\/wp-json\/wp\/v2\/product\/23180","targetHints":{"allow":["GET"]}}],"collection":[{"href":"https:\/\/esmte.com\/es\/wp-json\/wp\/v2\/product"}],"about":[{"href":"https:\/\/esmte.com\/es\/wp-json\/wp\/v2\/types\/product"}],"replies":[{"embeddable":true,"href":"https:\/\/esmte.com\/es\/wp-json\/wp\/v2\/comments?post=23180"}],"version-history":[{"count":1,"href":"https:\/\/esmte.com\/es\/wp-json\/wp\/v2\/product\/23180\/revisions"}],"predecessor-version":[{"id":23183,"href":"https:\/\/esmte.com\/es\/wp-json\/wp\/v2\/product\/23180\/revisions\/23183"}],"wp:featuredmedia":[{"embeddable":true,"href":"https:\/\/esmte.com\/es\/wp-json\/wp\/v2\/media\/23181"}],"wp:attachment":[{"href":"https:\/\/esmte.com\/es\/wp-json\/wp\/v2\/media?parent=23180"}],"wp:term":[{"taxonomy":"brand","embeddable":true,"href":"https:\/\/esmte.com\/es\/wp-json\/wp\/v2\/etheme_brands?post=23180"},{"taxonomy":"product_brand","embeddable":true,"href":"https:\/\/esmte.com\/es\/wp-json\/wp\/v2\/product_brand?post=23180"},{"taxonomy":"product_cat","embeddable":true,"href":"https:\/\/esmte.com\/es\/wp-json\/wp\/v2\/product_cat?post=23180"},{"taxonomy":"product_tag","embeddable":true,"href":"https:\/\/esmte.com\/es\/wp-json\/wp\/v2\/product_tag?post=23180"}],"curies":[{"name":"wp","href":"https:\/\/api.w.org\/{rel}","templated":true}]}}