{"id":23136,"date":"2025-12-15T03:49:49","date_gmt":"2025-12-15T03:49:49","guid":{"rendered":"https:\/\/esmte.com\/?post_type=product&#038;p=23136"},"modified":"2025-12-15T03:49:49","modified_gmt":"2025-12-15T03:49:49","slug":"smt-nozzle-cleaning-machine-ync-36","status":"publish","type":"product","link":"https:\/\/esmte.com\/es\/products\/smt-nozzle-cleaning-machine-ync-36\/","title":{"rendered":"M\u00e1quina de limpieza de boquillas SMT YNC-36"},"content":{"rendered":"<h2>Introducci\u00f3n<\/h2>\n<p data-start=\"214\" data-end=\"625\">El <strong data-start=\"218\" data-end=\"256\">M\u00e1quina de limpieza de boquillas SMT YNC-36<\/strong> Es un sistema de mantenimiento dedicado, desarrollado para garantizar el rendimiento constante de las boquillas de selecci\u00f3n y colocaci\u00f3n SMT en l\u00edneas de ensamblaje electr\u00f3nico de alta precisi\u00f3n. Al eliminar eficazmente los residuos de pasta de soldadura, la acumulaci\u00f3n de fundente, el polvo y las micropart\u00edculas, el YNC-36 ayuda a restaurar la eficiencia de succi\u00f3n de la boquilla y la precisi\u00f3n de colocaci\u00f3n, factores cruciales en la producci\u00f3n SMT moderna.<\/p>\n<p data-start=\"627\" data-end=\"1046\">Dise\u00f1ado para cumplir con los estrictos requisitos de calidad de <strong data-start=\"679\" data-end=\"716\">fabricaci\u00f3n de electr\u00f3nica m\u00e9dica<\/strong>, El YNC-36 permite procesos de ensamblaje estables y repetibles para componentes sensibles como circuitos integrados (CI), sensores y conectores miniatura. Las boquillas limpias reducen el riesgo de colocaci\u00f3n incorrecta de componentes, ca\u00edda de piezas y errores de alineaci\u00f3n, lo que contribuye directamente a una menor tasa de defectos y una mayor fiabilidad de la producci\u00f3n en las l\u00edneas de PCBA m\u00e9dicas.<\/p>\n<p data-start=\"1048\" data-end=\"1460\">El <strong data-start=\"177\" data-end=\"215\">M\u00e1quina de limpieza de boquillas SMT YNC-36<\/strong> Cuenta con un proceso de limpieza automatizado que minimiza la intervenci\u00f3n manual y la dependencia del operador. En comparaci\u00f3n con los m\u00e9todos de limpieza manual tradicionales, la m\u00e1quina ofrece resultados uniformes y controlados, a la vez que evita da\u00f1os mec\u00e1nicos en las boquillas. Esto no solo mejora la eficiencia del mantenimiento, sino que tambi\u00e9n prolonga la vida \u00fatil de las boquillas, reduciendo la frecuencia de reemplazo y los costos operativos generales.<\/p>\n<p data-start=\"1462\" data-end=\"1846\">Adem\u00e1s, la m\u00e1quina es apta para su integraci\u00f3n en salas blancas o entornos de fabricaci\u00f3n controlados, lo que facilita el control de la contaminaci\u00f3n y la producci\u00f3n en condiciones aptas para auditor\u00edas. Su dise\u00f1o compacto permite una colocaci\u00f3n flexible cerca de l\u00edneas SMT, lo que permite una r\u00e1pida rotaci\u00f3n de boquillas y una respuesta r\u00e1pida a los cambios de producci\u00f3n, com\u00fanmente requeridos en la fabricaci\u00f3n de electr\u00f3nica m\u00e9dica de alta diversidad.<\/p>\n<p data-start=\"1848\" data-end=\"2130\">En general, el <strong data-start=\"1861\" data-end=\"1899\">M\u00e1quina de limpieza de boquillas SMT YNC-36<\/strong> es un sistema de soporte esencial para las f\u00e1bricas de electr\u00f3nica m\u00e9dica que buscan mejorar la precisi\u00f3n de colocaci\u00f3n, garantizar la estabilidad del proceso y mantener el cumplimiento de estrictos est\u00e1ndares de calidad y confiabilidad en las operaciones de ensamblaje SMT.<\/p>\n<p><img loading=\"lazy\" decoding=\"async\" class=\"alignnone wp-image-23132 aligncenter\" src=\"https:\/\/esmte.com\/wp-content\/uploads\/2025\/12\/11-44-scaled.webp\" alt=\"SMT Nozzle Cleaning Machine\" width=\"621\" height=\"586\" srcset=\"https:\/\/esmte.com\/wp-content\/uploads\/2025\/12\/11-44-scaled.webp 2560w, https:\/\/esmte.com\/wp-content\/uploads\/2025\/12\/11-44-300x283.webp 300w, https:\/\/esmte.com\/wp-content\/uploads\/2025\/12\/11-44-1024x965.webp 1024w, https:\/\/esmte.com\/wp-content\/uploads\/2025\/12\/11-44-768x724.webp 768w, https:\/\/esmte.com\/wp-content\/uploads\/2025\/12\/11-44-1536x1448.webp 1536w, https:\/\/esmte.com\/wp-content\/uploads\/2025\/12\/11-44-2048x1931.webp 2048w, https:\/\/esmte.com\/wp-content\/uploads\/2025\/12\/11-44-13x12.webp 13w, https:\/\/esmte.com\/wp-content\/uploads\/2025\/12\/11-44-600x566.webp 600w, https:\/\/esmte.com\/wp-content\/uploads\/2025\/12\/11-44-4x3.webp 4w, https:\/\/esmte.com\/wp-content\/uploads\/2025\/12\/11-44-10x10.webp 10w\" sizes=\"auto, (max-width: 621px) 100vw, 621px\" \/><\/p>\n<p>&nbsp;<\/p>\n<h2>C\u00f3mo se utiliza la m\u00e1quina de limpieza de boquillas SMT YNC-36 en f\u00e1bricas de electr\u00f3nica m\u00e9dica<\/h2>\n<ul>\n<li data-start=\"144\" data-end=\"413\">\n<p data-start=\"147\" data-end=\"413\"><strong data-start=\"147\" data-end=\"207\">Mantenimiento de la colocaci\u00f3n precisa de componentes sensibles<\/strong><br data-start=\"207\" data-end=\"210\" \/>El YNC-36 limpia las boquillas SMT utilizadas para manipular componentes miniatura y de alta precisi\u00f3n, como circuitos integrados, sensores y microconectores, lo que garantiza un rendimiento de vac\u00edo estable y una colocaci\u00f3n precisa en PCB m\u00e9dicas.<\/p>\n<\/li>\n<li data-start=\"415\" data-end=\"654\">\n<p data-start=\"418\" data-end=\"654\"><strong data-start=\"418\" data-end=\"469\">Reducci\u00f3n de defectos en la producci\u00f3n de alta confiabilidad<\/strong><br data-start=\"469\" data-end=\"472\" \/>La limpieza regular de las boquillas minimiza los errores de colocaci\u00f3n, la ca\u00edda de componentes y la desalineaci\u00f3n, lo que favorece un ensamblaje de alta calidad y con pocos defectos, esencial en la fabricaci\u00f3n de productos electr\u00f3nicos m\u00e9dicos.<\/p>\n<\/li>\n<li data-start=\"656\" data-end=\"894\">\n<p data-start=\"659\" data-end=\"894\"><strong data-start=\"659\" data-end=\"711\">Apoyo a salas limpias y entornos controlados<\/strong><br data-start=\"711\" data-end=\"714\" \/>El proceso de limpieza controlada de la m\u00e1quina es adecuado para l\u00edneas de producci\u00f3n de salas blancas o semiblancas, lo que ayuda a las f\u00e1bricas de productos electr\u00f3nicos m\u00e9dicos a mantener un estricto control de la contaminaci\u00f3n.<\/p>\n<\/li>\n<li data-start=\"896\" data-end=\"1131\">\n<p data-start=\"899\" data-end=\"1131\"><strong data-start=\"899\" data-end=\"948\">Mejorar la estabilidad y la consistencia del equipo<\/strong><br data-start=\"948\" data-end=\"951\" \/>Al mantener las boquillas en \u00f3ptimas condiciones, la m\u00e1quina de limpieza de boquillas SMT YNC-36 reduce las fluctuaciones de vac\u00edo y el estr\u00e9s mec\u00e1nico en las m\u00e1quinas de selecci\u00f3n y colocaci\u00f3n, lo que garantiza procesos de ensamblaje estables y repetibles.<\/p>\n<\/li>\n<li data-start=\"1133\" data-end=\"1347\">\n<p data-start=\"1136\" data-end=\"1347\"><strong data-start=\"1136\" data-end=\"1196\">Prolongar la vida \u00fatil de las boquillas y reducir los costos de mantenimiento<\/strong><br data-start=\"1196\" data-end=\"1199\" \/>La limpieza automatizada evita el desgaste causado por los m\u00e9todos manuales, prolonga la vida \u00fatil de la boquilla, reduce los reemplazos y disminuye los gastos generales de mantenimiento.<\/p>\n<\/li>\n<li data-start=\"1349\" data-end=\"1559\">\n<p data-start=\"1352\" data-end=\"1559\"><strong data-start=\"1352\" data-end=\"1413\">Mejorar el cumplimiento de las normas de fabricaci\u00f3n m\u00e9dica<\/strong><br data-start=\"1413\" data-end=\"1416\" \/>Las boquillas limpias y bien mantenidas ayudan a las f\u00e1bricas a cumplir con la norma ISO 13485 y otros requisitos reglamentarios, lo que respalda la trazabilidad y la preparaci\u00f3n para auditor\u00edas.<\/p>\n<\/li>\n<li data-start=\"1561\" data-end=\"1792\">\n<p data-start=\"1564\" data-end=\"1792\"><strong data-start=\"1564\" data-end=\"1606\">Habilitaci\u00f3n de una producci\u00f3n eficiente de alta mezcla<\/strong><br data-start=\"1606\" data-end=\"1609\" \/>El YNC-36 permite una limpieza r\u00e1pida entre ejecuciones de producci\u00f3n, lo que facilita cambios r\u00e1pidos de l\u00ednea sin comprometer la precisi\u00f3n de colocaci\u00f3n ni la limpieza en el ensamblaje de dispositivos electr\u00f3nicos m\u00e9dicos.<\/p>\n<\/li>\n<\/ul>\n<p>&nbsp;<\/p>\n<p data-start=\"1848\" data-end=\"2130\"><img loading=\"lazy\" decoding=\"async\" class=\"alignnone wp-image-23133 aligncenter\" src=\"https:\/\/esmte.com\/wp-content\/uploads\/2025\/12\/Nozzle2.webp\" alt=\"\" width=\"1100\" height=\"611\" srcset=\"https:\/\/esmte.com\/wp-content\/uploads\/2025\/12\/Nozzle2.webp 2092w, https:\/\/esmte.com\/wp-content\/uploads\/2025\/12\/Nozzle2-300x167.webp 300w, https:\/\/esmte.com\/wp-content\/uploads\/2025\/12\/Nozzle2-1024x569.webp 1024w, https:\/\/esmte.com\/wp-content\/uploads\/2025\/12\/Nozzle2-768x427.webp 768w, https:\/\/esmte.com\/wp-content\/uploads\/2025\/12\/Nozzle2-1536x853.webp 1536w, https:\/\/esmte.com\/wp-content\/uploads\/2025\/12\/Nozzle2-2048x1138.webp 2048w, https:\/\/esmte.com\/wp-content\/uploads\/2025\/12\/Nozzle2-18x10.webp 18w, https:\/\/esmte.com\/wp-content\/uploads\/2025\/12\/Nozzle2-600x333.webp 600w, https:\/\/esmte.com\/wp-content\/uploads\/2025\/12\/Nozzle2-4x3.webp 4w, https:\/\/esmte.com\/wp-content\/uploads\/2025\/12\/Nozzle2-10x6.webp 10w\" sizes=\"auto, (max-width: 1100px) 100vw, 1100px\" \/><\/p>\n<h2>Presupuesto<\/h2>\n<table style=\"border-collapse: collapse; width: 1298px; height: 339px;\" border=\"0\" width=\"828\" cellspacing=\"0\" cellpadding=\"0\">\n<tbody>\n<tr style=\"height: 15.00pt;\">\n<td class=\"et2\" style=\"height: 15pt; width: 109.5pt; text-align: center;\" width=\"146\" height=\"20\">Modelo<\/td>\n<td class=\"et2\" style=\"width: 255.75pt; text-align: center;\" width=\"341\">YNC-24<\/td>\n<td class=\"et2\" style=\"width: 255.75pt; text-align: center;\" width=\"341\">YNC-36<\/td>\n<\/tr>\n<tr style=\"height: 15.00pt;\">\n<td class=\"et2\" style=\"height: 15pt; width: 109.5pt; text-align: center;\" width=\"146\" height=\"20\">Suministro de aire<\/td>\n<td class=\"et2\" style=\"width: 255.75pt; text-align: center;\" width=\"341\">0,5~0,7 MPa<\/td>\n<td class=\"et2\" style=\"width: 255.75pt; text-align: center;\" width=\"341\">0,5~0,7 MPa<\/td>\n<\/tr>\n<tr style=\"height: 15.00pt;\">\n<td class=\"et2\" style=\"height: 15pt; width: 109.5pt; text-align: center;\" width=\"146\" height=\"20\">Fuente de alimentaci\u00f3n<\/td>\n<td class=\"et2\" style=\"width: 255.75pt; text-align: center;\" width=\"341\">CA 220 V, 1 A<\/td>\n<td class=\"et2\" style=\"width: 255.75pt; text-align: center;\" width=\"341\">CA 220 V, 1 A<\/td>\n<\/tr>\n<tr style=\"height: 15.00pt;\">\n<td class=\"et2\" style=\"height: 15pt; width: 109.5pt; text-align: center;\" width=\"146\" height=\"20\">L\u00edquido limpio<\/td>\n<td class=\"et2\" style=\"width: 255.75pt; text-align: center;\" width=\"341\">Agua purificada o agua DI<\/td>\n<td class=\"et2\" style=\"width: 255.75pt; text-align: center;\" width=\"341\">Agua purificada o agua DI<\/td>\n<\/tr>\n<tr style=\"height: 15.00pt;\">\n<td class=\"et2\" style=\"height: 15pt; width: 109.5pt; text-align: center;\" width=\"146\" height=\"20\">Tiempo de limpieza<\/td>\n<td class=\"et2\" style=\"width: 255.75pt; text-align: center;\" width=\"341\">2~3 minutos<\/td>\n<td class=\"et2\" style=\"width: 255.75pt; text-align: center;\" width=\"341\">2~3 minutos<\/td>\n<\/tr>\n<tr style=\"height: 15.00pt;\">\n<td class=\"et2\" style=\"height: 15pt; width: 109.5pt; text-align: center;\" width=\"146\" height=\"20\">Tiempo de secado<\/td>\n<td class=\"et2\" style=\"width: 255.75pt; text-align: center;\" width=\"341\">1~3 minutos<\/td>\n<td class=\"et2\" style=\"width: 255.75pt; text-align: center;\" width=\"341\">1~3 minutos<\/td>\n<\/tr>\n<tr style=\"height: 15.00pt;\">\n<td class=\"et2\" style=\"height: 15pt; width: 109.5pt; text-align: center;\" width=\"146\" height=\"20\">Presi\u00f3n del chorro<\/td>\n<td class=\"et2\" style=\"width: 255.75pt; text-align: center;\" width=\"341\">\u22640,55 Mpa<\/td>\n<td class=\"et2\" style=\"width: 255.75pt; text-align: center;\" width=\"341\">\u22640,55 Mpa<\/td>\n<\/tr>\n<tr style=\"height: 15.00pt;\">\n<td class=\"et2\" style=\"height: 15pt; width: 109.5pt; text-align: center;\" width=\"146\" height=\"20\">Consumo de agua<\/td>\n<td class=\"et2\" style=\"width: 255.75pt; text-align: center;\" width=\"341\">\u2264150 cc\/hora<\/td>\n<td class=\"et2\" style=\"width: 255.75pt; text-align: center;\" width=\"341\">\u2264150 cc\/hora<\/td>\n<\/tr>\n<tr style=\"height: 15.00pt;\">\n<td class=\"et2\" style=\"height: 15pt; width: 109.5pt; text-align: center;\" width=\"146\" height=\"20\">Gama de boquillas<\/td>\n<td class=\"et2\" style=\"width: 255.75pt; text-align: center;\" width=\"341\">M\u00ednimo 01005 ~ Di\u00e1metro interior m\u00e1ximo \u00a22,0 mm<\/td>\n<td class=\"et2\" style=\"width: 255.75pt; text-align: center;\" width=\"341\">M\u00ednimo 01005 ~ Di\u00e1metro interior m\u00e1ximo \u00a22,0 mm<\/td>\n<\/tr>\n<tr style=\"height: 30.00pt;\">\n<td class=\"et2\" style=\"height: 30pt; width: 109.5pt; text-align: center;\" width=\"146\" height=\"40\">Especificaciones de la plantilla<\/td>\n<td class=\"et3\" style=\"width: 255.75pt; text-align: center;\" width=\"341\">Boquilla peque\u00f1a de 24 agujeros<br \/>\nBoquilla grande de 12 agujeros<\/td>\n<td class=\"et3\" style=\"width: 255.75pt; text-align: center;\" width=\"341\">Boquilla peque\u00f1a de 36 agujeros<br \/>\nBoquilla grande de 12 agujeros<\/td>\n<\/tr>\n<tr style=\"height: 15.00pt;\">\n<td class=\"et2\" style=\"height: 15pt; width: 109.5pt; text-align: center;\" width=\"146\" height=\"20\">Tama\u00f1o de la m\u00e1quina<\/td>\n<td class=\"et2\" style=\"width: 255.75pt; text-align: center;\" width=\"341\">Largo 665 x Ancho 555 x Alto 475 (mm)<\/td>\n<td class=\"et2\" style=\"width: 255.75pt; text-align: center;\" width=\"341\">Largo 665 x Ancho 555 x Alto 475 (mm)<\/td>\n<\/tr>\n<tr style=\"height: 15.00pt;\">\n<td class=\"et2\" style=\"height: 15pt; width: 109.5pt; text-align: center;\" width=\"146\" height=\"20\">Peso de la m\u00e1quina<\/td>\n<td class=\"et2\" style=\"width: 255.75pt; text-align: center;\" width=\"341\">40 kg<\/td>\n<td class=\"et2\" style=\"width: 255.75pt; text-align: center;\" width=\"341\">40 kg<\/td>\n<\/tr>\n<\/tbody>\n<\/table>\n<p>&nbsp;<\/p>\n<p><a href=\"https:\/\/www.youtube.com\/@allaismt\" rel=\"nofollow noopener\" target=\"_blank\"><u>https:\/\/www.youtube.com\/@allaismt<\/u><\/a><\/p>\n<p>Para obtener m\u00e1s informaci\u00f3n sobre la m\u00e1quina de limpieza de boquillas SMT YNC-36, env\u00ede un correo electr\u00f3nico a<\/p>\n<p><a href=\"mailto:sophia@allaismt.com\"><u>sophia@allaismt.com<\/u><\/a><\/p>\n<p>Responderemos a su consulta a la brevedad y le proporcionaremos informaci\u00f3n detallada sobre nuestros productos y servicios.<\/p>\n<p>&nbsp;<\/p>","protected":false},"excerpt":{"rendered":"<p>Descripci\u00f3n: El <strong data-start=\"177\" data-end=\"215\">M\u00e1quina de limpieza de boquillas SMT YNC-36<\/strong> Proporciona un enfoque avanzado y automatizado para mantener la fiabilidad y la eficiencia de las boquillas de montaje superficial (SMT), garantizando un manejo preciso incluso de los componentes m\u00e1s peque\u00f1os. Ideal para entornos exigentes como... <strong data-start=\"434\" data-end=\"467\">f\u00e1bricas de electr\u00f3nica m\u00e9dica<\/strong>, La m\u00e1quina evita interrupciones en la producci\u00f3n al eliminar residuos persistentes, polvo y acumulaci\u00f3n de fundente que pueden afectar la succi\u00f3n y la precisi\u00f3n de colocaci\u00f3n de las boquillas. Su proceso de limpieza suave pero minucioso reduce el desgaste de las boquillas, reduce los requisitos de mantenimiento y garantiza un ensamblaje consistente y de alta calidad. Al integrarse perfectamente en las l\u00edneas SMT, la YNC-36 mejora la eficiencia operativa general, promueve procesos de fabricaci\u00f3n estables y ayuda a los fabricantes de electr\u00f3nica m\u00e9dica a cumplir con rigurosos est\u00e1ndares de calidad y regulatorios. Cantidad m\u00ednima de pedido: 1 unidad. Plazo de entrega: 15 d\u00edas.<\/p>\n<p>Cantidad m\u00ednima de pedido: 1 unidad<\/p>\n<p>Plazo de entrega: 15 d\u00edas<\/p>","protected":false},"featured_media":23137,"comment_status":"closed","ping_status":"closed","template":"","meta":[],"etheme_brands":[],"product_brand":[],"product_cat":[158,156],"product_tag":[],"class_list":{"0":"post-23136","1":"product","2":"type-product","3":"status-publish","4":"has-post-thumbnail","6":"product_cat-nozzle-cleaning-machine","7":"product_cat-pcb-cleaning-machine","9":"first","10":"instock","11":"shipping-taxable","12":"product-type-simple"},"_links":{"self":[{"href":"https:\/\/esmte.com\/es\/wp-json\/wp\/v2\/product\/23136","targetHints":{"allow":["GET"]}}],"collection":[{"href":"https:\/\/esmte.com\/es\/wp-json\/wp\/v2\/product"}],"about":[{"href":"https:\/\/esmte.com\/es\/wp-json\/wp\/v2\/types\/product"}],"replies":[{"embeddable":true,"href":"https:\/\/esmte.com\/es\/wp-json\/wp\/v2\/comments?post=23136"}],"version-history":[{"count":1,"href":"https:\/\/esmte.com\/es\/wp-json\/wp\/v2\/product\/23136\/revisions"}],"predecessor-version":[{"id":23140,"href":"https:\/\/esmte.com\/es\/wp-json\/wp\/v2\/product\/23136\/revisions\/23140"}],"wp:featuredmedia":[{"embeddable":true,"href":"https:\/\/esmte.com\/es\/wp-json\/wp\/v2\/media\/23137"}],"wp:attachment":[{"href":"https:\/\/esmte.com\/es\/wp-json\/wp\/v2\/media?parent=23136"}],"wp:term":[{"taxonomy":"brand","embeddable":true,"href":"https:\/\/esmte.com\/es\/wp-json\/wp\/v2\/etheme_brands?post=23136"},{"taxonomy":"product_brand","embeddable":true,"href":"https:\/\/esmte.com\/es\/wp-json\/wp\/v2\/product_brand?post=23136"},{"taxonomy":"product_cat","embeddable":true,"href":"https:\/\/esmte.com\/es\/wp-json\/wp\/v2\/product_cat?post=23136"},{"taxonomy":"product_tag","embeddable":true,"href":"https:\/\/esmte.com\/es\/wp-json\/wp\/v2\/product_tag?post=23136"}],"curies":[{"name":"wp","href":"https:\/\/api.w.org\/{rel}","templated":true}]}}