{"id":23131,"date":"2025-12-15T03:29:55","date_gmt":"2025-12-15T03:29:55","guid":{"rendered":"https:\/\/esmte.com\/?post_type=product&#038;p=23131"},"modified":"2025-12-15T03:29:55","modified_gmt":"2025-12-15T03:29:55","slug":"effortless-nozzle-cleaning-machine","status":"publish","type":"product","link":"https:\/\/esmte.com\/es\/products\/effortless-nozzle-cleaning-machine\/","title":{"rendered":"M\u00e1quina de limpieza de boquillas SMT YNC-24"},"content":{"rendered":"<h2>Introducci\u00f3n<\/h2>\n<p data-start=\"63\" data-end=\"430\">El <strong>M\u00e1quina de limpieza de boquillas SMT YNC-24<\/strong> Es un sistema de limpieza ultras\u00f3nica profesional dise\u00f1ado espec\u00edficamente para mantener y restaurar el rendimiento de las boquillas de colocaci\u00f3n SMT. Dado que la limpieza de las boquillas afecta directamente la precisi\u00f3n de la recogida y la estabilidad de la colocaci\u00f3n, el YNC-24 desempe\u00f1a un papel fundamental para garantizar una calidad constante y una alta eficiencia en las l\u00edneas de producci\u00f3n SMT modernas.<\/p>\n<p data-start=\"432\" data-end=\"851\">Al combinar la limpieza ultras\u00f3nica de alta frecuencia con agua pura, el <strong>M\u00e1quina de limpieza de boquillas SMT YNC-24<\/strong> Elimina eficazmente los residuos de pasta de soldadura, la contaminaci\u00f3n por fundente, el polvo y las part\u00edculas finas de las superficies internas y externas de las boquillas SMT. Este proceso de limpieza no destructivo garantiza la eliminaci\u00f3n completa de contaminantes, a la vez que protege la precisi\u00f3n de las estructuras de las boquillas, lo que ayuda a mantener un rendimiento de vac\u00edo estable y una colocaci\u00f3n precisa de los componentes.<\/p>\n<p data-start=\"853\" data-end=\"1208\">El YNC-24 est\u00e1 dise\u00f1ado para ofrecer un funcionamiento sencillo y un rendimiento fiable en entornos de fabricaci\u00f3n de alto volumen. Su dise\u00f1o compacto permite una instalaci\u00f3n flexible cerca de l\u00edneas SMT, mientras que su capacidad de limpieza por lotes permite la limpieza simult\u00e1nea de varias boquillas, lo que reduce significativamente el tiempo de mantenimiento y mejora la eficiencia general de la l\u00ednea.<\/p>\n<p data-start=\"1210\" data-end=\"1642\" data-is-last-node=\"\" data-is-only-node=\"\">Adecuado para electr\u00f3nica de consumo, electr\u00f3nica de electrodom\u00e9sticos, electr\u00f3nica automotriz y producci\u00f3n de PCBA industrial, el <strong>M\u00e1quina de limpieza de boquillas SMT YNC-24<\/strong> Apoya las estrategias de mantenimiento preventivo, reduce los defectos de colocaci\u00f3n y prolonga la vida \u00fatil de las boquillas. Al garantizar un estado constante de las boquillas, el YNC-24 ayuda a los fabricantes a mejorar el rendimiento de la primera pasada, reducir las repeticiones de trabajos y lograr una calidad de producci\u00f3n estable a largo plazo.<\/p>\n<p data-start=\"1210\" data-end=\"1642\" data-is-last-node=\"\" data-is-only-node=\"\">\n<p><img loading=\"lazy\" decoding=\"async\" class=\"alignnone wp-image-23132  aligncenter\" src=\"https:\/\/esmte.com\/wp-content\/uploads\/2025\/12\/11-44-scaled.webp\" alt=\"SMT Nozzle Cleaning Machine\" width=\"650\" height=\"612\" srcset=\"https:\/\/esmte.com\/wp-content\/uploads\/2025\/12\/11-44-scaled.webp 2560w, https:\/\/esmte.com\/wp-content\/uploads\/2025\/12\/11-44-300x283.webp 300w, https:\/\/esmte.com\/wp-content\/uploads\/2025\/12\/11-44-1024x965.webp 1024w, https:\/\/esmte.com\/wp-content\/uploads\/2025\/12\/11-44-768x724.webp 768w, https:\/\/esmte.com\/wp-content\/uploads\/2025\/12\/11-44-1536x1448.webp 1536w, https:\/\/esmte.com\/wp-content\/uploads\/2025\/12\/11-44-2048x1931.webp 2048w, https:\/\/esmte.com\/wp-content\/uploads\/2025\/12\/11-44-13x12.webp 13w, https:\/\/esmte.com\/wp-content\/uploads\/2025\/12\/11-44-600x566.webp 600w, https:\/\/esmte.com\/wp-content\/uploads\/2025\/12\/11-44-4x3.webp 4w, https:\/\/esmte.com\/wp-content\/uploads\/2025\/12\/11-44-10x10.webp 10w\" sizes=\"auto, (max-width: 650px) 100vw, 650px\" \/><\/p>\n<p>&nbsp;<\/p>\n<h2 data-start=\"262\" data-end=\"355\"><strong data-start=\"262\" data-end=\"355\">Aplicaci\u00f3n de la m\u00e1quina de limpieza de boquillas SMT YNC-24 en f\u00e1bricas de electrodom\u00e9sticos y electr\u00f3nica.<\/strong><\/h2>\n<p data-start=\"357\" data-end=\"811\">En la producci\u00f3n SMT de electrodom\u00e9sticos, como placas de control para aires acondicionados, lavadoras, refrigeradores, m\u00f3dulos de pantalla y peque\u00f1os electrodom\u00e9sticos, la precisi\u00f3n de colocaci\u00f3n, la estabilidad del proceso y la consistencia del rendimiento son cruciales para el rendimiento general del producto. La m\u00e1quina de limpieza de boquillas SMT YNC-24 es un sistema auxiliar esencial que facilita la estabilidad y la alta calidad de las operaciones SMT en las f\u00e1bricas de electrodom\u00e9sticos.<\/p>\n<p data-start=\"813\" data-end=\"1381\"><strong data-start=\"813\" data-end=\"889\">1. Garantizar la precisi\u00f3n de colocaci\u00f3n para la producci\u00f3n de electrodom\u00e9sticos de gran volumen<\/strong><br data-start=\"889\" data-end=\"892\" \/>Los electrodom\u00e9sticos suelen producirse en grandes vol\u00famenes con estrictos requisitos de consistencia y fiabilidad. Las boquillas contaminadas con residuos de pasta de soldadura, polvo o fibras pueden provocar una mala recogida, desalineaci\u00f3n o la ca\u00edda de componentes durante la colocaci\u00f3n. La m\u00e1quina de limpieza de boquillas SMT YNC-24 utiliza limpieza ultras\u00f3nica combinada con agua pura para eliminar completamente los contaminantes de las boquillas SMT, restaurando un rendimiento de vac\u00edo \u00f3ptimo y garantizando una colocaci\u00f3n precisa de chips, resistencias, condensadores y circuitos integrados.<\/p>\n<p data-start=\"1383\" data-end=\"1839\"><strong data-start=\"1383\" data-end=\"1441\">2. Apoyo a la fabricaci\u00f3n multimodelo y de l\u00edneas mixtas<\/strong><br data-start=\"1441\" data-end=\"1444\" \/>Las f\u00e1bricas de electrodom\u00e9sticos suelen operar l\u00edneas de producci\u00f3n mixtas para adaptarse a los frecuentes cambios de modelo y a los diversos dise\u00f1os de PCB. El YNC-24 es capaz de limpiar m\u00faltiples tipos y tama\u00f1os de boquillas en modo por lotes, lo que reduce significativamente el tiempo de cambio y las paradas por mantenimiento. Esta flexibilidad permite que las l\u00edneas SMT se adapten r\u00e1pidamente a nuevas configuraciones de producto, manteniendo una calidad de colocaci\u00f3n estable.<\/p>\n<p data-start=\"1841\" data-end=\"2316\"><strong data-start=\"1841\" data-end=\"1907\">3. Mejora de la estabilidad de la m\u00e1quina de colocaci\u00f3n y reducci\u00f3n del tiempo de inactividad<\/strong><br data-start=\"1907\" data-end=\"1910\" \/>Las boquillas sucias son una causa com\u00fan de alarmas en la m\u00e1quina de colocaci\u00f3n, fallos de recogida y correcciones de visi\u00f3n repetidas, lo que afecta negativamente el tiempo de proceso. La limpieza regular de las boquillas con el YNC-24 ayuda a minimizar estos problemas, mejorando la estabilidad de la m\u00e1quina y reduciendo las paradas inesperadas de la l\u00ednea. Este enfoque de mantenimiento preventivo tambi\u00e9n prolonga la vida \u00fatil de las boquillas y los componentes cr\u00edticos de la m\u00e1quina de colocaci\u00f3n.<\/p>\n<p data-start=\"2318\" data-end=\"2759\"><strong data-start=\"2318\" data-end=\"2367\">4. Aumento del rendimiento y reducci\u00f3n de los costes de reprocesamiento<\/strong><br data-start=\"2367\" data-end=\"2370\" \/>Los defectos causados por un mal estado de la boquilla suelen provocar la falta de componentes, la colocaci\u00f3n descentrada o defectos de soldadura que se hacen evidentes durante el ensamblaje final o las pruebas de envejecimiento. Al mantener un rendimiento de boquilla limpio y constante, la m\u00e1quina de limpieza de boquillas SMT YNC-24 ayuda a mejorar el rendimiento de la primera pasada (FPY), reducir las tasas de reprocesamiento y desperdicio, y disminuir los costos generales de fabricaci\u00f3n en la producci\u00f3n de electrodom\u00e9sticos.<\/p>\n<p data-start=\"2761\" data-end=\"3158\"><strong data-start=\"2761\" data-end=\"2827\">5. Alineaci\u00f3n con pr\u00e1cticas de fabricaci\u00f3n estandarizadas y eficientes<\/strong><br data-start=\"2827\" data-end=\"2830\" \/>Con un funcionamiento sencillo y par\u00e1metros de limpieza estables, el YNC-24 se integra f\u00e1cilmente en los procedimientos est\u00e1ndar de mantenimiento de equipos y control de calidad preventivo. La limpieza programada de boquillas contribuye a los objetivos de fabricaci\u00f3n eficiente, garantizando procesos repetibles, calidad predecible y mejora continua en todas las l\u00edneas de SMT.<\/p>\n<p data-start=\"3160\" data-end=\"3577\" data-is-last-node=\"\" data-is-only-node=\"\"><strong data-start=\"3160\" data-end=\"3174\">Conclusi\u00f3n<\/strong><br data-start=\"3174\" data-end=\"3177\" \/>En las f\u00e1bricas de electrodom\u00e9sticos, la m\u00e1quina de limpieza de boquillas SMT YNC-24 es m\u00e1s que una simple herramienta de mantenimiento: es un dispositivo clave de apoyo al proceso que garantiza la calidad de la colocaci\u00f3n, mejora la eficiencia de la producci\u00f3n y reduce el coste total de fabricaci\u00f3n. Su fiable y eficiente rendimiento de limpieza de boquillas la convierte en un componente indispensable de las l\u00edneas de producci\u00f3n SMT modernas para electrodom\u00e9sticos.<\/p>\n<p data-start=\"3160\" data-end=\"3577\" data-is-last-node=\"\" data-is-only-node=\"\">\n<p data-start=\"3160\" data-end=\"3577\" data-is-last-node=\"\" data-is-only-node=\"\"><img loading=\"lazy\" decoding=\"async\" class=\"alignnone  wp-image-23133 aligncenter\" src=\"https:\/\/esmte.com\/wp-content\/uploads\/2025\/12\/Nozzle2.webp\" alt=\"\" width=\"1012\" height=\"562\" srcset=\"https:\/\/esmte.com\/wp-content\/uploads\/2025\/12\/Nozzle2.webp 2092w, https:\/\/esmte.com\/wp-content\/uploads\/2025\/12\/Nozzle2-300x167.webp 300w, https:\/\/esmte.com\/wp-content\/uploads\/2025\/12\/Nozzle2-1024x569.webp 1024w, https:\/\/esmte.com\/wp-content\/uploads\/2025\/12\/Nozzle2-768x427.webp 768w, https:\/\/esmte.com\/wp-content\/uploads\/2025\/12\/Nozzle2-1536x853.webp 1536w, https:\/\/esmte.com\/wp-content\/uploads\/2025\/12\/Nozzle2-2048x1138.webp 2048w, https:\/\/esmte.com\/wp-content\/uploads\/2025\/12\/Nozzle2-18x10.webp 18w, https:\/\/esmte.com\/wp-content\/uploads\/2025\/12\/Nozzle2-600x333.webp 600w, https:\/\/esmte.com\/wp-content\/uploads\/2025\/12\/Nozzle2-4x3.webp 4w, https:\/\/esmte.com\/wp-content\/uploads\/2025\/12\/Nozzle2-10x6.webp 10w\" sizes=\"auto, (max-width: 1012px) 100vw, 1012px\" \/><\/p>\n<p data-start=\"3160\" data-end=\"3577\" data-is-last-node=\"\" data-is-only-node=\"\">\n<h2>Presupuesto<\/h2>\n<table style=\"border-collapse: collapse; width: 1299px; height: 359px;\" border=\"0\" width=\"828\" cellspacing=\"0\" cellpadding=\"0\">\n<tbody>\n<tr style=\"height: 15.00pt;\">\n<td class=\"et2\" style=\"height: 15pt; width: 109.5pt; text-align: center;\" width=\"146\" height=\"20\">Modelo<\/td>\n<td class=\"et2\" style=\"width: 255.75pt; text-align: center;\" width=\"341\">YNC-24<\/td>\n<td class=\"et2\" style=\"width: 255.75pt; text-align: center;\" width=\"341\">YNC-36<\/td>\n<\/tr>\n<tr style=\"height: 15.00pt;\">\n<td class=\"et2\" style=\"height: 15pt; width: 109.5pt; text-align: center;\" width=\"146\" height=\"20\">Suministro de aire<\/td>\n<td class=\"et2\" style=\"width: 255.75pt; text-align: center;\" width=\"341\">0,5~0,7 MPa<\/td>\n<td class=\"et2\" style=\"width: 255.75pt; text-align: center;\" width=\"341\">0,5~0,7 MPa<\/td>\n<\/tr>\n<tr style=\"height: 15.00pt;\">\n<td class=\"et2\" style=\"height: 15pt; width: 109.5pt; text-align: center;\" width=\"146\" height=\"20\">Fuente de alimentaci\u00f3n<\/td>\n<td class=\"et2\" style=\"width: 255.75pt; text-align: center;\" width=\"341\">CA 220 V, 1 A<\/td>\n<td class=\"et2\" style=\"width: 255.75pt; text-align: center;\" width=\"341\">CA 220 V, 1 A<\/td>\n<\/tr>\n<tr style=\"height: 15.00pt;\">\n<td class=\"et2\" style=\"height: 15pt; width: 109.5pt; text-align: center;\" width=\"146\" height=\"20\">L\u00edquido limpio<\/td>\n<td class=\"et2\" style=\"width: 255.75pt; text-align: center;\" width=\"341\">Agua purificada o agua DI<\/td>\n<td class=\"et2\" style=\"width: 255.75pt; text-align: center;\" width=\"341\">Agua purificada o agua DI<\/td>\n<\/tr>\n<tr style=\"height: 15.00pt;\">\n<td class=\"et2\" style=\"height: 15pt; width: 109.5pt; text-align: center;\" width=\"146\" height=\"20\">Tiempo de limpieza<\/td>\n<td class=\"et2\" style=\"width: 255.75pt; text-align: center;\" width=\"341\">2~3 minutos<\/td>\n<td class=\"et2\" style=\"width: 255.75pt; text-align: center;\" width=\"341\">2~3 minutos<\/td>\n<\/tr>\n<tr style=\"height: 15.00pt;\">\n<td class=\"et2\" style=\"height: 15pt; width: 109.5pt; text-align: center;\" width=\"146\" height=\"20\">Tiempo de secado<\/td>\n<td class=\"et2\" style=\"width: 255.75pt; text-align: center;\" width=\"341\">1~3 minutos<\/td>\n<td class=\"et2\" style=\"width: 255.75pt; text-align: center;\" width=\"341\">1~3 minutos<\/td>\n<\/tr>\n<tr style=\"height: 15.00pt;\">\n<td class=\"et2\" style=\"height: 15pt; width: 109.5pt; text-align: center;\" width=\"146\" height=\"20\">Presi\u00f3n del chorro<\/td>\n<td class=\"et2\" style=\"width: 255.75pt; text-align: center;\" width=\"341\">\u22640,55 Mpa<\/td>\n<td class=\"et2\" style=\"width: 255.75pt; text-align: center;\" width=\"341\">\u22640,55 Mpa<\/td>\n<\/tr>\n<tr style=\"height: 15.00pt;\">\n<td class=\"et2\" style=\"height: 15pt; width: 109.5pt; text-align: center;\" width=\"146\" height=\"20\">Consumo de agua<\/td>\n<td class=\"et2\" style=\"width: 255.75pt; text-align: center;\" width=\"341\">\u2264150 cc\/hora<\/td>\n<td class=\"et2\" style=\"width: 255.75pt; text-align: center;\" width=\"341\">\u2264150 cc\/hora<\/td>\n<\/tr>\n<tr style=\"height: 15.00pt;\">\n<td class=\"et2\" style=\"height: 15pt; width: 109.5pt; text-align: center;\" width=\"146\" height=\"20\">Gama de boquillas<\/td>\n<td class=\"et2\" style=\"width: 255.75pt; text-align: center;\" width=\"341\">M\u00ednimo 01005 ~ Di\u00e1metro interior m\u00e1ximo \u00a22,0 mm<\/td>\n<td class=\"et2\" style=\"width: 255.75pt; text-align: center;\" width=\"341\">M\u00ednimo 01005 ~ Di\u00e1metro interior m\u00e1ximo \u00a22,0 mm<\/td>\n<\/tr>\n<tr style=\"height: 30.00pt;\">\n<td class=\"et2\" style=\"height: 30pt; width: 109.5pt; text-align: center;\" width=\"146\" height=\"40\">Especificaciones de la plantilla<\/td>\n<td class=\"et3\" style=\"width: 255.75pt; text-align: center;\" width=\"341\">Boquilla peque\u00f1a de 24 agujeros<br \/>\nBoquilla grande de 12 agujeros<\/td>\n<td class=\"et3\" style=\"width: 255.75pt; text-align: center;\" width=\"341\">Boquilla peque\u00f1a de 36 agujeros<br \/>\nBoquilla grande de 12 agujeros<\/td>\n<\/tr>\n<tr style=\"height: 15.00pt;\">\n<td class=\"et2\" style=\"height: 15pt; width: 109.5pt; text-align: center;\" width=\"146\" height=\"20\">Tama\u00f1o de la m\u00e1quina<\/td>\n<td class=\"et2\" style=\"width: 255.75pt; text-align: center;\" width=\"341\">Largo 665 x Ancho 555 x Alto 475 (mm)<\/td>\n<td class=\"et2\" style=\"width: 255.75pt; text-align: center;\" width=\"341\">Largo 665 x Ancho 555 x Alto 475 (mm)<\/td>\n<\/tr>\n<tr style=\"height: 15.00pt;\">\n<td class=\"et2\" style=\"height: 15pt; width: 109.5pt; text-align: center;\" width=\"146\" height=\"20\">Peso de la m\u00e1quina<\/td>\n<td class=\"et2\" style=\"width: 255.75pt; text-align: center;\" width=\"341\">40 kg<\/td>\n<td class=\"et2\" style=\"width: 255.75pt; text-align: center;\" width=\"341\">40 kg<\/td>\n<\/tr>\n<\/tbody>\n<\/table>\n<p>&nbsp;<\/p>\n<p><a href=\"https:\/\/www.youtube.com\/@allaismt\" rel=\"nofollow noopener\" target=\"_blank\"><u>https:\/\/www.youtube.com\/@allaismt<\/u><\/a><\/p>\n<p>Para obtener m\u00e1s informaci\u00f3n sobre la m\u00e1quina de limpieza de boquillas SMT YNC-36, env\u00ede un correo electr\u00f3nico a<\/p>\n<p><a href=\"mailto:sophia@allaismt.com\"><u>sophia@allaismt.com<\/u><\/a><\/p>\n<p>Responderemos a su consulta a la brevedad y le proporcionaremos informaci\u00f3n detallada sobre nuestros productos y servicios.<\/p>\n<p>&nbsp;<\/p>","protected":false},"excerpt":{"rendered":"<p>Descripci\u00f3n: El <strong>M\u00e1quina de limpieza de boquillas SMT YNC-24<\/strong> Es un sistema compacto de limpieza ultras\u00f3nica dise\u00f1ado para el mantenimiento profesional de boquillas de colocaci\u00f3n SMT. Utiliza agua pura y tecnolog\u00eda ultras\u00f3nica de alta frecuencia para eliminar eficazmente residuos de pasta de soldadura, polvo y contaminantes microsc\u00f3picos sin da\u00f1ar la estructura de las boquillas. Ideal para electr\u00f3nica de consumo, electrodom\u00e9sticos, automoci\u00f3n y l\u00edneas SMT industriales, el YNC-24 restaura el rendimiento del vac\u00edo, mejora la precisi\u00f3n de colocaci\u00f3n, reduce los defectos de recogida y garantiza un funcionamiento estable y duradero mediante un mantenimiento preventivo sencillo y eficaz. Cantidad m\u00ednima de pedido: 1 unidad. Plazo de entrega: 15 d\u00edas.<\/p>\n<p>Cantidad m\u00ednima de pedido: 1 unidad<\/p>\n<p>Plazo de entrega: 15 d\u00edas<\/p>","protected":false},"featured_media":23134,"comment_status":"closed","ping_status":"closed","template":"","meta":[],"etheme_brands":[],"product_brand":[],"product_cat":[158,156],"product_tag":[],"class_list":{"0":"post-23131","1":"product","2":"type-product","3":"status-publish","4":"has-post-thumbnail","6":"product_cat-nozzle-cleaning-machine","7":"product_cat-pcb-cleaning-machine","9":"first","10":"instock","11":"shipping-taxable","12":"product-type-simple"},"_links":{"self":[{"href":"https:\/\/esmte.com\/es\/wp-json\/wp\/v2\/product\/23131","targetHints":{"allow":["GET"]}}],"collection":[{"href":"https:\/\/esmte.com\/es\/wp-json\/wp\/v2\/product"}],"about":[{"href":"https:\/\/esmte.com\/es\/wp-json\/wp\/v2\/types\/product"}],"replies":[{"embeddable":true,"href":"https:\/\/esmte.com\/es\/wp-json\/wp\/v2\/comments?post=23131"}],"version-history":[{"count":1,"href":"https:\/\/esmte.com\/es\/wp-json\/wp\/v2\/product\/23131\/revisions"}],"predecessor-version":[{"id":23135,"href":"https:\/\/esmte.com\/es\/wp-json\/wp\/v2\/product\/23131\/revisions\/23135"}],"wp:featuredmedia":[{"embeddable":true,"href":"https:\/\/esmte.com\/es\/wp-json\/wp\/v2\/media\/23134"}],"wp:attachment":[{"href":"https:\/\/esmte.com\/es\/wp-json\/wp\/v2\/media?parent=23131"}],"wp:term":[{"taxonomy":"brand","embeddable":true,"href":"https:\/\/esmte.com\/es\/wp-json\/wp\/v2\/etheme_brands?post=23131"},{"taxonomy":"product_brand","embeddable":true,"href":"https:\/\/esmte.com\/es\/wp-json\/wp\/v2\/product_brand?post=23131"},{"taxonomy":"product_cat","embeddable":true,"href":"https:\/\/esmte.com\/es\/wp-json\/wp\/v2\/product_cat?post=23131"},{"taxonomy":"product_tag","embeddable":true,"href":"https:\/\/esmte.com\/es\/wp-json\/wp\/v2\/product_tag?post=23131"}],"curies":[{"name":"wp","href":"https:\/\/api.w.org\/{rel}","templated":true}]}}