{"id":23036,"date":"2025-12-12T09:56:44","date_gmt":"2025-12-12T09:56:44","guid":{"rendered":"https:\/\/esmte.com\/?post_type=product&#038;p=23036"},"modified":"2026-01-27T08:46:55","modified_gmt":"2026-01-27T08:46:55","slug":"full-auto-smt-pcb-loader","status":"publish","type":"product","link":"https:\/\/esmte.com\/es\/products\/full-auto-smt-pcb-loader\/","title":{"rendered":"Cargador de PCB SMT totalmente autom\u00e1tico YL-250"},"content":{"rendered":"<h2 data-rm-block-id=\"block-1\">Introducci\u00f3n<\/h2>\n<p data-start=\"196\" data-end=\"631\" data-rm-block-id=\"block-2\">El <strong>Cargador de PCB SMT totalmente autom\u00e1tico YL-250<\/strong>\u00a0Es una soluci\u00f3n de automatizaci\u00f3n de alta eficiencia dise\u00f1ada para alimentar placas de circuito impreso (PCB) sin problemas a las l\u00edneas de producci\u00f3n SMT. Automatiza el proceso de carga de placas apiladas en transportadores, garantizando un suministro continuo y estable a las m\u00e1quinas de pick-and-place y otros equipos SMT previos. Al reducir la manipulaci\u00f3n manual, minimiza el riesgo de da\u00f1os en las placas y mejora la fiabilidad general de la l\u00ednea.<\/p>\n<p data-start=\"633\" data-end=\"944\" data-rm-block-id=\"block-3\">Equipado con un robusto mecanismo de elevaci\u00f3n y un sistema de control inteligente, el cargador puede manipular PCB de diversos tama\u00f1os y pesos, adapt\u00e1ndose a diversos requisitos de fabricaci\u00f3n. Su posicionamiento preciso garantiza una transferencia y alineaci\u00f3n fluidas, lo que facilita operaciones SMT de alta velocidad sin interrupciones ni errores.<\/p>\n<p data-start=\"946\" data-end=\"1294\" data-rm-block-id=\"block-4\">El<strong>\u00a0Cargador de PCB SMT totalmente autom\u00e1tico YL-250<\/strong>\u2019Su dise\u00f1o compacto y modular permite una f\u00e1cil integraci\u00f3n en las l\u00edneas de producci\u00f3n existentes, mientras que sensores automatizados monitorizan el proceso de carga para evitar atascos y tiempos de inactividad. Los operadores se benefician de una operaci\u00f3n simplificada, una m\u00ednima necesidad de capacitaci\u00f3n y un bajo mantenimiento, lo que la hace ideal para entornos de fabricaci\u00f3n de gran volumen.<\/p>\n<p data-start=\"1296\" data-end=\"1676\" data-rm-block-id=\"block-5\">El <strong>Cargador de PCB SMT totalmente autom\u00e1tico YL-250<\/strong>\u00a0Se utiliza ampliamente en electr\u00f3nica automotriz, electr\u00f3nica de consumo, producci\u00f3n de PCBA para dispositivos m\u00e9dicos y otros sectores industriales que exigen un ensamblaje SMT confiable y de alto rendimiento. Al garantizar un suministro constante de placas y reducir la dependencia de la mano de obra, ayuda a las f\u00e1bricas a lograr una mayor productividad, una mejor calidad y flujos de trabajo de producci\u00f3n optimizados.<\/p>\n<p data-start=\"1678\" data-end=\"1832\" data-rm-block-id=\"block-7\"><img loading=\"lazy\" decoding=\"async\" class=\"alignnone wp-image-23037 aligncenter\" src=\"https:\/\/esmte.com\/wp-content\/uploads\/2025\/12\/11-43.webp\" alt=\"Full-auto SMT PCB Loader\" width=\"515\" height=\"535\" srcset=\"https:\/\/esmte.com\/wp-content\/uploads\/2025\/12\/11-43.webp 1531w, https:\/\/esmte.com\/wp-content\/uploads\/2025\/12\/11-43-600x623.webp 600w, https:\/\/esmte.com\/wp-content\/uploads\/2025\/12\/11-43-289x300.webp 289w, https:\/\/esmte.com\/wp-content\/uploads\/2025\/12\/11-43-987x1024.webp 987w, https:\/\/esmte.com\/wp-content\/uploads\/2025\/12\/11-43-768x797.webp 768w, https:\/\/esmte.com\/wp-content\/uploads\/2025\/12\/11-43-1480x1536.webp 1480w, https:\/\/esmte.com\/wp-content\/uploads\/2025\/12\/11-43-1x1.webp 1w, https:\/\/esmte.com\/wp-content\/uploads\/2025\/12\/11-43-10x10.webp 10w\" sizes=\"auto, (max-width: 515px) 100vw, 515px\" \/><\/p>\n<h2 data-rm-block-id=\"block-9\">Caracter\u00edsticas principales<\/h2>\n<ul>\n<li data-start=\"186\" data-end=\"354\">\n<p data-start=\"189\" data-end=\"354\" data-rm-block-id=\"block-10\"><strong data-start=\"189\" data-end=\"214\">Alimentaci\u00f3n autom\u00e1tica de PCB<\/strong> \u2013 Carga de manera eficiente PCB apiladas en el transportador SMT, lo que garantiza un suministro continuo e ininterrumpido a las m\u00e1quinas de selecci\u00f3n y colocaci\u00f3n anteriores.<\/p>\n<\/li>\n<li data-start=\"355\" data-end=\"487\">\n<p data-start=\"358\" data-end=\"487\" data-rm-block-id=\"block-11\"><strong data-start=\"358\" data-end=\"380\">Amplia compatibilidad<\/strong> \u2013 Maneja varios tama\u00f1os, espesores y pesos de PCB, adapt\u00e1ndose a diversos requisitos de la l\u00ednea de producci\u00f3n.<\/p>\n<\/li>\n<li data-start=\"488\" data-end=\"642\">\n<p data-start=\"491\" data-end=\"642\" data-rm-block-id=\"block-12\"><strong data-start=\"491\" data-end=\"516\">Posicionamiento de precisi\u00f3n<\/strong> \u2013 El avanzado sistema de elevaci\u00f3n y alineaci\u00f3n garantiza una colocaci\u00f3n precisa de la placa, lo que reduce los errores de alimentaci\u00f3n y mejora la calidad del ensamblaje.<\/p>\n<\/li>\n<li data-start=\"643\" data-end=\"778\">\n<p data-start=\"646\" data-end=\"778\" data-rm-block-id=\"block-13\"><strong data-start=\"646\" data-end=\"676\">Sistema de control inteligente<\/strong> \u2013 Equipado con sensores automatizados para monitorear el estado de carga, prevenir errores y minimizar el tiempo de inactividad.<\/p>\n<\/li>\n<li data-start=\"779\" data-end=\"931\">\n<p data-start=\"782\" data-end=\"931\" data-rm-block-id=\"block-14\"><strong data-start=\"782\" data-end=\"812\">Dise\u00f1o compacto y modular<\/strong> \u2013 F\u00e1cil integraci\u00f3n en l\u00edneas SMT existentes, ocupando un espacio m\u00ednimo en el suelo y permitiendo dise\u00f1os de f\u00e1brica flexibles.<\/p>\n<\/li>\n<li data-start=\"932\" data-end=\"1115\">\n<p data-start=\"935\" data-end=\"1115\" data-rm-block-id=\"block-15\"><strong data-start=\"935\" data-end=\"975\">Bajo mantenimiento y funcionamiento confiable<\/strong> \u2013 La construcci\u00f3n duradera y la operaci\u00f3n automatizada reducen el trabajo manual, extienden la vida \u00fatil del equipo y mantienen una producci\u00f3n estable a alta velocidad.<\/p>\n<\/li>\n<\/ul>\n<p>&nbsp;<\/p>\n<p data-rm-block-id=\"block-16\"><img loading=\"lazy\" decoding=\"async\" class=\"alignnone wp-image-23040 aligncenter\" src=\"https:\/\/esmte.com\/wp-content\/uploads\/2025\/12\/PCB-Board2.webp\" alt=\"\" width=\"771\" height=\"475\" srcset=\"https:\/\/esmte.com\/wp-content\/uploads\/2025\/12\/PCB-Board2.webp 1986w, https:\/\/esmte.com\/wp-content\/uploads\/2025\/12\/PCB-Board2-600x370.webp 600w, https:\/\/esmte.com\/wp-content\/uploads\/2025\/12\/PCB-Board2-300x185.webp 300w, https:\/\/esmte.com\/wp-content\/uploads\/2025\/12\/PCB-Board2-1024x632.webp 1024w, https:\/\/esmte.com\/wp-content\/uploads\/2025\/12\/PCB-Board2-768x474.webp 768w, https:\/\/esmte.com\/wp-content\/uploads\/2025\/12\/PCB-Board2-1536x947.webp 1536w, https:\/\/esmte.com\/wp-content\/uploads\/2025\/12\/PCB-Board2-1x1.webp 1w, https:\/\/esmte.com\/wp-content\/uploads\/2025\/12\/PCB-Board2-10x6.webp 10w\" sizes=\"auto, (max-width: 771px) 100vw, 771px\" \/><\/p>\n<h2 data-rm-block-id=\"block-17\">Presupuesto<\/h2>\n<table style=\"border-collapse: collapse; width: 1297px; height: 191px;\" border=\"0\" width=\"689\" cellspacing=\"0\" cellpadding=\"0\">\n<tbody>\n<tr style=\"height: 13.50pt;\">\n<td class=\"et2\" style=\"height: 13.5pt; width: 90pt; text-align: center;\" width=\"120\" height=\"18\" data-rm-block-id=\"block-18\">Modelo<\/td>\n<td class=\"et2\" style=\"width: 106.5pt; text-align: center;\" width=\"142\" data-rm-block-id=\"block-19\">YL-250<\/td>\n<td class=\"et2\" style=\"width: 106.5pt; text-align: center;\" width=\"142\" data-rm-block-id=\"block-20\">YL-330<\/td>\n<td class=\"et2\" style=\"width: 106.5pt; text-align: center;\" width=\"142\" data-rm-block-id=\"block-21\">YL-390<\/td>\n<td class=\"et2\" style=\"width: 107.25pt; text-align: center;\" width=\"143\" data-rm-block-id=\"block-22\">YL-450<\/td>\n<\/tr>\n<tr style=\"height: 13.50pt;\">\n<td class=\"et3\" style=\"height: 13.5pt; width: 90pt; text-align: center;\" width=\"120\" height=\"18\" data-rm-block-id=\"block-23\">Dimensi\u00f3n (mm)<\/td>\n<td class=\"et3\" style=\"width: 106.5pt; text-align: center;\" width=\"142\" data-rm-block-id=\"block-24\">1330*765*1250<\/td>\n<td class=\"et3\" style=\"width: 106.5pt; text-align: center;\" width=\"142\" data-rm-block-id=\"block-25\">1650*845*1250<\/td>\n<td class=\"et3\" style=\"width: 106.5pt; text-align: center;\" width=\"142\" data-rm-block-id=\"block-26\">1800*909*1250<\/td>\n<td class=\"et3\" style=\"width: 107.25pt; text-align: center;\" width=\"143\" data-rm-block-id=\"block-27\">1800*970*1250<\/td>\n<\/tr>\n<tr style=\"height: 13.50pt;\">\n<td class=\"et3\" style=\"height: 13.5pt; width: 90pt; text-align: center;\" width=\"120\" height=\"18\" data-rm-block-id=\"block-28\">Tama\u00f1o de PCB (mm)<\/td>\n<td class=\"et3\" style=\"width: 106.5pt; text-align: center;\" width=\"142\" data-rm-block-id=\"block-29\">50*50-330*250<\/td>\n<td class=\"et3\" style=\"width: 106.5pt; text-align: center;\" width=\"142\" data-rm-block-id=\"block-30\">50*50-445*330<\/td>\n<td class=\"et3\" style=\"width: 106.5pt; text-align: center;\" width=\"142\" data-rm-block-id=\"block-31\">50*50-530*390<\/td>\n<td class=\"et3\" style=\"width: 107.25pt; text-align: center;\" width=\"143\" data-rm-block-id=\"block-32\">50*50-530*460<\/td>\n<\/tr>\n<tr style=\"height: 13.50pt;\">\n<td class=\"et3\" style=\"height: 13.5pt; width: 90pt; text-align: center;\" width=\"120\" height=\"18\" data-rm-block-id=\"block-33\">Tama\u00f1o del bastidor (mm)<\/td>\n<td class=\"et3\" style=\"width: 106.5pt; text-align: center;\" width=\"142\" data-rm-block-id=\"block-34\">355*320*563<\/td>\n<td class=\"et3\" style=\"width: 106.5pt; text-align: center;\" width=\"142\" data-rm-block-id=\"block-35\">460*400*563<\/td>\n<td class=\"et3\" style=\"width: 106.5pt; text-align: center;\" width=\"142\" data-rm-block-id=\"block-36\">535*460*563<\/td>\n<td class=\"et3\" style=\"width: 107.25pt; text-align: center;\" width=\"143\" data-rm-block-id=\"block-37\">535*530*563<\/td>\n<\/tr>\n<tr style=\"height: 27.00pt;\">\n<td class=\"et3\" style=\"height: 27pt; width: 90pt; text-align: center;\" width=\"120\" height=\"36\" data-rm-block-id=\"block-38\">Sistema de control<\/td>\n<td class=\"et3\" style=\"width: 426.75pt; text-align: center;\" colspan=\"4\" width=\"569\" data-rm-block-id=\"block-39\">SOCIEDAD AN\u00d3NIMA<\/td>\n<\/tr>\n<tr style=\"height: 27.00pt;\">\n<td class=\"et3\" style=\"height: 27pt; width: 90pt; text-align: center;\" width=\"120\" height=\"36\" data-rm-block-id=\"block-40\">Fuente de alimentaci\u00f3n<\/td>\n<td class=\"et3\" style=\"width: 426.75pt; text-align: center;\" colspan=\"4\" width=\"569\" data-rm-block-id=\"block-41\">1 fase CA 220 V 50\/60 Hz (opci\u00f3n: 110 V a 380 V)<\/td>\n<\/tr>\n<tr style=\"height: 13.50pt;\">\n<td class=\"et3\" style=\"height: 13.5pt; width: 90pt; text-align: center;\" width=\"120\" height=\"18\" data-rm-block-id=\"block-42\">Peso<\/td>\n<td class=\"et3\" style=\"width: 106.5pt; text-align: center;\" width=\"142\" data-rm-block-id=\"block-43\">160 kilogramos<\/td>\n<td class=\"et3\" style=\"width: 106.5pt; text-align: center;\" width=\"142\" data-rm-block-id=\"block-44\">220 kilogramos<\/td>\n<td class=\"et3\" style=\"width: 106.5pt; text-align: center;\" width=\"142\" data-rm-block-id=\"block-45\">280 kilogramos<\/td>\n<td class=\"et3\" style=\"width: 107.25pt; text-align: center;\" width=\"143\" data-rm-block-id=\"block-46\">340 kilogramos<\/td>\n<\/tr>\n<\/tbody>\n<\/table>\n<p data-rm-block-id=\"block-48\"><a href=\"https:\/\/www.youtube.com\/@allaismt\" rel=\"nofollow noopener\" target=\"_blank\"><u>https:\/\/www.youtube.com\/@allaismt<\/u><\/a><\/p>\n<p data-rm-block-id=\"block-49\">Para obtener m\u00e1s informaci\u00f3n sobre el cargador de PCB SMT totalmente autom\u00e1tico YL-330, env\u00ede un correo electr\u00f3nico a<\/p>\n<p data-rm-block-id=\"block-50\"><a href=\"mailto:sophia@allaismt.com\"><u>sophia@allaismt.com<\/u><\/a><\/p>\n<p data-rm-block-id=\"block-51\">Responderemos a su consulta a la brevedad y le proporcionaremos informaci\u00f3n detallada sobre nuestros productos y servicios.<\/p>\n<p data-rm-block-id=\"block-52\">","protected":false},"excerpt":{"rendered":"<p>Descripci\u00f3n: El <strong data-start=\"165\" data-end=\"193\">Cargador de PCB SMT totalmente autom\u00e1tico<\/strong> Es una m\u00e1quina automatizada de manipulaci\u00f3n de placas dise\u00f1ada para alimentar PCB de forma eficiente y continua en las l\u00edneas de producci\u00f3n SMT. Carga autom\u00e1ticamente las placas apiladas en la cinta transportadora, garantizando un suministro de material fluido, estable e ininterrumpido. Gracias a su robusta estructura, su preciso mecanismo de elevaci\u00f3n y su sistema de control inteligente, el cargador mejora la eficiencia de la l\u00ednea, reduce la manipulaci\u00f3n manual y minimiza el riesgo de da\u00f1os en las PCB. Ideal para entornos de fabricaci\u00f3n de alto volumen de SMT, electr\u00f3nica automotriz y electr\u00f3nica de consumo, proporciona un rendimiento de automatizaci\u00f3n fiable y mejora el rendimiento general de la producci\u00f3n.<\/p>\n<p>Cantidad m\u00ednima de pedido: 1 unidad<\/p>\n<p>Plazo de entrega: 15 d\u00edas<\/p>","protected":false},"featured_media":23038,"comment_status":"closed","ping_status":"closed","template":"","meta":[],"etheme_brands":[],"product_brand":[],"product_cat":[144,131],"product_tag":[],"class_list":{"0":"post-23036","1":"product","2":"type-product","3":"status-publish","4":"has-post-thumbnail","6":"product_cat-pcb-handling-machine","7":"product_cat-smt-peripheral-equipment","9":"first","10":"instock","11":"shipping-taxable","12":"product-type-simple"},"_links":{"self":[{"href":"https:\/\/esmte.com\/es\/wp-json\/wp\/v2\/product\/23036","targetHints":{"allow":["GET"]}}],"collection":[{"href":"https:\/\/esmte.com\/es\/wp-json\/wp\/v2\/product"}],"about":[{"href":"https:\/\/esmte.com\/es\/wp-json\/wp\/v2\/types\/product"}],"replies":[{"embeddable":true,"href":"https:\/\/esmte.com\/es\/wp-json\/wp\/v2\/comments?post=23036"}],"version-history":[{"count":1,"href":"https:\/\/esmte.com\/es\/wp-json\/wp\/v2\/product\/23036\/revisions"}],"predecessor-version":[{"id":23046,"href":"https:\/\/esmte.com\/es\/wp-json\/wp\/v2\/product\/23036\/revisions\/23046"}],"wp:featuredmedia":[{"embeddable":true,"href":"https:\/\/esmte.com\/es\/wp-json\/wp\/v2\/media\/23038"}],"wp:attachment":[{"href":"https:\/\/esmte.com\/es\/wp-json\/wp\/v2\/media?parent=23036"}],"wp:term":[{"taxonomy":"brand","embeddable":true,"href":"https:\/\/esmte.com\/es\/wp-json\/wp\/v2\/etheme_brands?post=23036"},{"taxonomy":"product_brand","embeddable":true,"href":"https:\/\/esmte.com\/es\/wp-json\/wp\/v2\/product_brand?post=23036"},{"taxonomy":"product_cat","embeddable":true,"href":"https:\/\/esmte.com\/es\/wp-json\/wp\/v2\/product_cat?post=23036"},{"taxonomy":"product_tag","embeddable":true,"href":"https:\/\/esmte.com\/es\/wp-json\/wp\/v2\/product_tag?post=23036"}],"curies":[{"name":"wp","href":"https:\/\/api.w.org\/{rel}","templated":true}]}}