{"id":23029,"date":"2025-12-12T02:13:25","date_gmt":"2025-12-12T02:13:25","guid":{"rendered":"https:\/\/esmte.com\/?post_type=product&#038;p=23029"},"modified":"2026-01-13T02:32:51","modified_gmt":"2026-01-13T02:32:51","slug":"pure-water-machine-yp-1250","status":"publish","type":"product","link":"https:\/\/esmte.com\/es\/products\/pure-water-machine-yp-1250\/","title":{"rendered":"SMT Pure Water Machine YP-1250"},"content":{"rendered":"<h2>Introducci\u00f3n<\/h2>\n<p data-start=\"176\" data-end=\"522\">El <strong>SMT<\/strong> <strong data-start=\"180\" data-end=\"210\">M\u00e1quina de agua pura YP-1250<\/strong> Es un sistema de purificaci\u00f3n de alto rendimiento dise\u00f1ado para producir agua confiable y de alta pureza para entornos profesionales de fabricaci\u00f3n y laboratorio. Integra filtraci\u00f3n multietapa, \u00f3smosis inversa y tratamientos de pulido final para garantizar una calidad de agua estable que cumpla con los estrictos requisitos del proceso.<\/p>\n<p data-start=\"524\" data-end=\"852\">Designed for efficiency and consistency, the <strong>YP-1250<\/strong> removes dissolved ions, particles, organic residues, and microbial contaminants from the water source. Its advanced control system continuously monitors operating parameters, ensuring steady output and reducing the risk of fluctuations that could affect downstream processes.<\/p>\n<p data-start=\"854\" data-end=\"1115\">La m\u00e1quina cuenta con una estructura compacta y de f\u00e1cil mantenimiento que simplifica la instalaci\u00f3n y el mantenimiento rutinario. Su funcionamiento automatizado minimiza la intervenci\u00f3n manual, mientras que los mecanismos de protecci\u00f3n integrados ayudan a mantener la estabilidad a largo plazo y prolongan la vida \u00fatil de los componentes.<\/p>\n<p data-start=\"1117\" data-end=\"1456\">Gracias a su robusta capacidad de purificaci\u00f3n, el YP-1250 es ideal para aplicaciones como la fabricaci\u00f3n de productos electr\u00f3nicos, an\u00e1lisis de laboratorio, limpieza de dispositivos m\u00e9dicos, formulaci\u00f3n qu\u00edmica y procesos industriales de precisi\u00f3n. Proporciona un suministro confiable de agua limpia para garantizar una producci\u00f3n de alta calidad y flujos de trabajo sin contaminaci\u00f3n.<\/p>\n<p data-start=\"1458\" data-end=\"1652\" data-is-last-node=\"\" data-is-only-node=\"\">En general, el <strong>SMT Pure Water Machine YP-1250<\/strong> delivers an efficient, stable, and professional solution for industries that require consistent, high-purity water as a critical part of their operations.<\/p>\n<p data-start=\"1458\" data-end=\"1652\" data-is-last-node=\"\" data-is-only-node=\"\"><img loading=\"lazy\" decoding=\"async\" class=\"aligncenter wp-image-23022\" src=\"https:\/\/esmte.com\/wp-content\/uploads\/2025\/12\/11-42.webp\" alt=\"SMT Pure Water Machine\" width=\"674\" height=\"716\" srcset=\"https:\/\/esmte.com\/wp-content\/uploads\/2025\/12\/11-42.webp 1514w, https:\/\/esmte.com\/wp-content\/uploads\/2025\/12\/11-42-600x637.webp 600w, https:\/\/esmte.com\/wp-content\/uploads\/2025\/12\/11-42-283x300.webp 283w, https:\/\/esmte.com\/wp-content\/uploads\/2025\/12\/11-42-965x1024.webp 965w, https:\/\/esmte.com\/wp-content\/uploads\/2025\/12\/11-42-768x815.webp 768w, https:\/\/esmte.com\/wp-content\/uploads\/2025\/12\/11-42-1447x1536.webp 1447w, https:\/\/esmte.com\/wp-content\/uploads\/2025\/12\/11-42-1x1.webp 1w, https:\/\/esmte.com\/wp-content\/uploads\/2025\/12\/11-42-10x10.webp 10w\" sizes=\"auto, (max-width: 674px) 100vw, 674px\" \/><\/p>\n<h2 data-start=\"73\" data-end=\"159\"><strong data-start=\"77\" data-end=\"159\">C\u00f3mo se utiliza la m\u00e1quina de agua pura YP-1250 en las f\u00e1bricas de electr\u00f3nica automotriz<\/strong><\/h2>\n<p data-start=\"161\" data-end=\"410\">El <strong data-start=\"165\" data-end=\"195\">M\u00e1quina de agua pura YP-1250<\/strong> Desempe\u00f1a un papel esencial en la fabricaci\u00f3n de productos electr\u00f3nicos para autom\u00f3viles al suministrar agua estable y de alta pureza para diversos procesos de producci\u00f3n y limpieza, donde incluso una contaminaci\u00f3n m\u00ednima puede afectar la confiabilidad del producto.<\/p>\n<p data-start=\"412\" data-end=\"469\"><strong data-start=\"412\" data-end=\"469\">Aplicaciones clave en f\u00e1bricas de electr\u00f3nica automotriz:<\/strong><\/p>\n<ul data-start=\"471\" data-end=\"1845\">\n<li data-start=\"471\" data-end=\"699\">\n<p data-start=\"473\" data-end=\"508\"><strong data-start=\"473\" data-end=\"506\">Limpieza de la l\u00ednea de producci\u00f3n de PCBA<\/strong><\/p>\n<ul data-start=\"511\" data-end=\"699\">\n<li data-start=\"511\" data-end=\"618\">\n<p data-start=\"513\" data-end=\"618\">Proporciona agua purificada para limpiar accesorios, paletas de soldadura por ola, transportadores y herramientas de precisi\u00f3n.<\/p>\n<\/li>\n<li data-start=\"621\" data-end=\"699\">\n<p data-start=\"623\" data-end=\"699\">Previene la contaminaci\u00f3n i\u00f3nica que puede causar corrosi\u00f3n o falla el\u00e9ctrica.<\/p>\n<\/li>\n<\/ul>\n<\/li>\n<li data-start=\"701\" data-end=\"949\">\n<p data-start=\"703\" data-end=\"745\"><strong data-start=\"703\" data-end=\"743\">Limpieza posterior al reflujo y a la soldadura<\/strong><\/p>\n<ul data-start=\"748\" data-end=\"949\">\n<li data-start=\"748\" data-end=\"865\">\n<p data-start=\"750\" data-end=\"865\">Suministra agua de alta pureza para eliminar residuos de fundente y micropart\u00edculas de los sensibles m\u00f3dulos de control automotriz.<\/p>\n<\/li>\n<li data-start=\"868\" data-end=\"949\">\n<p data-start=\"870\" data-end=\"949\">Garantiza superficies limpias para ECU, BCM, TCU y otros conjuntos de PCBA automotrices.<\/p>\n<\/li>\n<\/ul>\n<\/li>\n<li data-start=\"951\" data-end=\"1164\">\n<p data-start=\"953\" data-end=\"992\"><strong data-start=\"953\" data-end=\"990\">Limpieza ultras\u00f3nica de componentes<\/strong><\/p>\n<ul data-start=\"995\" data-end=\"1164\">\n<li data-start=\"995\" data-end=\"1069\">\n<p data-start=\"997\" data-end=\"1069\">Admite limpieza ultras\u00f3nica de conectores, carcasas y piezas met\u00e1licas.<\/p>\n<\/li>\n<li data-start=\"1072\" data-end=\"1164\">\n<p data-start=\"1074\" data-end=\"1164\">Elimina las impurezas que podr\u00edan afectar la precisi\u00f3n del sensor o la durabilidad del componente a largo plazo.<\/p>\n<\/li>\n<\/ul>\n<\/li>\n<li data-start=\"1166\" data-end=\"1435\">\n<p data-start=\"1168\" data-end=\"1221\"><strong data-start=\"1168\" data-end=\"1219\">Limpieza de m\u00f3dulos electr\u00f3nicos de alta confiabilidad<\/strong><\/p>\n<ul data-start=\"1224\" data-end=\"1435\">\n<li data-start=\"1224\" data-end=\"1365\">\n<p data-start=\"1226\" data-end=\"1365\">Proporciona resistividad estable y agua de baja conductividad para m\u00f3dulos ADAS, conjuntos de ECU, PCB de seguridad cr\u00edtica y electr\u00f3nica de precisi\u00f3n.<\/p>\n<\/li>\n<li data-start=\"1368\" data-end=\"1435\">\n<p data-start=\"1370\" data-end=\"1435\">Garantiza una calidad de limpieza constante y evita la acumulaci\u00f3n de residuos.<\/p>\n<\/li>\n<\/ul>\n<\/li>\n<li data-start=\"1437\" data-end=\"1616\">\n<p data-start=\"1439\" data-end=\"1485\"><strong data-start=\"1439\" data-end=\"1483\">Mayor eficiencia y vida \u00fatil del equipo<\/strong><\/p>\n<ul data-start=\"1488\" data-end=\"1616\">\n<li data-start=\"1488\" data-end=\"1548\">\n<p data-start=\"1490\" data-end=\"1548\">Reduce la formaci\u00f3n de incrustaciones y dep\u00f3sitos minerales en las m\u00e1quinas de limpieza.<\/p>\n<\/li>\n<li data-start=\"1551\" data-end=\"1616\">\n<p data-start=\"1553\" data-end=\"1616\">Extiende la vida \u00fatil del equipo y minimiza la frecuencia de mantenimiento.<\/p>\n<\/li>\n<\/ul>\n<\/li>\n<li data-start=\"1618\" data-end=\"1845\">\n<p data-start=\"1620\" data-end=\"1669\"><strong data-start=\"1620\" data-end=\"1667\">Operaci\u00f3n estable para producci\u00f3n de alto volumen<\/strong><\/p>\n<ul data-start=\"1672\" data-end=\"1845\">\n<li data-start=\"1672\" data-end=\"1726\">\n<p data-start=\"1674\" data-end=\"1726\">El control automatizado garantiza una salida de agua constante.<\/p>\n<\/li>\n<li data-start=\"1729\" data-end=\"1845\">\n<p data-start=\"1731\" data-end=\"1845\">Ayuda a las f\u00e1bricas a mantener estrictos est\u00e1ndares de calidad de grado automotriz al tiempo que respalda la fabricaci\u00f3n de alto rendimiento.<\/p>\n<\/li>\n<\/ul>\n<\/li>\n<\/ul>\n<h3><\/h3>\n<h3>\u00a0 \u00a0 \u00a0 \u00a0 \u00a0 \u00a0 \u00a0 \u00a0 \u00a0 \u00a0 \u00a0 \u00a0 \u00a0 \u00a0 \u00a0 \u00a0 \u00a0Antes de limpiar Despu\u00e9s de limpiar<\/h3>\n<p><img loading=\"lazy\" decoding=\"async\" class=\"alignnone size-full wp-image-23025\" src=\"https:\/\/esmte.com\/wp-content\/uploads\/2025\/12\/3-scaled.webp\" alt=\"\" width=\"2560\" height=\"885\" srcset=\"https:\/\/esmte.com\/wp-content\/uploads\/2025\/12\/3-scaled.webp 2560w, https:\/\/esmte.com\/wp-content\/uploads\/2025\/12\/3-scaled-600x207.webp 600w, https:\/\/esmte.com\/wp-content\/uploads\/2025\/12\/3-300x104.webp 300w, https:\/\/esmte.com\/wp-content\/uploads\/2025\/12\/3-1024x354.webp 1024w, https:\/\/esmte.com\/wp-content\/uploads\/2025\/12\/3-768x266.webp 768w, https:\/\/esmte.com\/wp-content\/uploads\/2025\/12\/3-1536x531.webp 1536w, https:\/\/esmte.com\/wp-content\/uploads\/2025\/12\/3-2048x708.webp 2048w, https:\/\/esmte.com\/wp-content\/uploads\/2025\/12\/3-1x1.webp 1w, https:\/\/esmte.com\/wp-content\/uploads\/2025\/12\/3-10x3.webp 10w\" sizes=\"auto, (max-width: 2560px) 100vw, 2560px\" \/><\/p>\n<p>&nbsp;<\/p>\n<h3>\u00a0 \u00a0 \u00a0 \u00a0 \u00a0 \u00a0 \u00a0 \u00a0 \u00a0 \u00a0 \u00a0 \u00a0 \u00a0 \u00a0 \u00a0 \u00a0 \u00a0Antes de limpiar Despu\u00e9s de limpiar<\/h3>\n<p><img loading=\"lazy\" decoding=\"async\" class=\"alignnone size-full wp-image-23026\" src=\"https:\/\/esmte.com\/wp-content\/uploads\/2025\/12\/2-3-scaled.webp\" alt=\"\" width=\"2560\" height=\"881\" srcset=\"https:\/\/esmte.com\/wp-content\/uploads\/2025\/12\/2-3-scaled.webp 2560w, https:\/\/esmte.com\/wp-content\/uploads\/2025\/12\/2-3-scaled-600x206.webp 600w, https:\/\/esmte.com\/wp-content\/uploads\/2025\/12\/2-3-300x103.webp 300w, https:\/\/esmte.com\/wp-content\/uploads\/2025\/12\/2-3-1024x353.webp 1024w, https:\/\/esmte.com\/wp-content\/uploads\/2025\/12\/2-3-768x264.webp 768w, https:\/\/esmte.com\/wp-content\/uploads\/2025\/12\/2-3-1536x529.webp 1536w, https:\/\/esmte.com\/wp-content\/uploads\/2025\/12\/2-3-2048x705.webp 2048w, https:\/\/esmte.com\/wp-content\/uploads\/2025\/12\/2-3-1x1.webp 1w, https:\/\/esmte.com\/wp-content\/uploads\/2025\/12\/2-3-10x3.webp 10w\" sizes=\"auto, (max-width: 2560px) 100vw, 2560px\" \/><\/p>\n<p>&nbsp;<\/p>\n<h3>\u00a0 \u00a0 \u00a0 \u00a0 \u00a0 \u00a0 \u00a0 \u00a0 \u00a0 \u00a0 \u00a0 \u00a0 \u00a0 \u00a0 \u00a0 \u00a0 \u00a0Antes de limpiar Despu\u00e9s de limpiar<\/h3>\n<p><img loading=\"lazy\" decoding=\"async\" class=\"alignnone size-full wp-image-23024\" src=\"https:\/\/esmte.com\/wp-content\/uploads\/2025\/12\/1-5-scaled.webp\" alt=\"\" width=\"2560\" height=\"893\" srcset=\"https:\/\/esmte.com\/wp-content\/uploads\/2025\/12\/1-5-scaled.webp 2560w, https:\/\/esmte.com\/wp-content\/uploads\/2025\/12\/1-5-scaled-600x209.webp 600w, https:\/\/esmte.com\/wp-content\/uploads\/2025\/12\/1-5-300x105.webp 300w, https:\/\/esmte.com\/wp-content\/uploads\/2025\/12\/1-5-1024x357.webp 1024w, https:\/\/esmte.com\/wp-content\/uploads\/2025\/12\/1-5-768x268.webp 768w, https:\/\/esmte.com\/wp-content\/uploads\/2025\/12\/1-5-1536x536.webp 1536w, https:\/\/esmte.com\/wp-content\/uploads\/2025\/12\/1-5-2048x714.webp 2048w, https:\/\/esmte.com\/wp-content\/uploads\/2025\/12\/1-5-1x1.webp 1w, https:\/\/esmte.com\/wp-content\/uploads\/2025\/12\/1-5-10x3.webp 10w\" sizes=\"auto, (max-width: 2560px) 100vw, 2560px\" \/><\/p>\n<p>&nbsp;<\/p>\n<h2>Presupuesto<\/h2>\n<table style=\"border-collapse: collapse; width: 1298px; height: 235px;\" border=\"0\" width=\"660\" cellspacing=\"0\" cellpadding=\"0\">\n<tbody>\n<tr style=\"height: 17.25pt;\">\n<td class=\"et2\" style=\"height: 17.25pt; width: 177pt; text-align: center;\" width=\"236\" height=\"23\">Art\u00edculo<\/td>\n<td class=\"et2\" style=\"width: 318pt; text-align: center;\" width=\"424\">YP-1250<\/td>\n<\/tr>\n<tr style=\"height: 17.25pt;\">\n<td class=\"et2\" style=\"height: 17.25pt; width: 177pt; text-align: center;\" width=\"236\" height=\"23\">Suministro de agua desionizada<\/td>\n<td class=\"et2\" style=\"width: 318pt; text-align: center;\" width=\"424\">250 L\/H<\/td>\n<\/tr>\n<tr style=\"height: 17.25pt;\">\n<td class=\"et2\" style=\"height: 17.25pt; width: 177pt; text-align: center;\" width=\"236\" height=\"23\">Presi\u00f3n de agua desionizada<\/td>\n<td class=\"et2\" style=\"width: 318pt; text-align: center;\" width=\"424\">0,2-0,4 Mpa<\/td>\n<\/tr>\n<tr style=\"height: 17.25pt;\">\n<td class=\"et2\" style=\"height: 17.25pt; width: 177pt; text-align: center;\" width=\"236\" height=\"23\">Filtro de detergente<\/td>\n<td class=\"et2\" style=\"width: 318pt; text-align: center;\" width=\"424\">0,22 micras<\/td>\n<\/tr>\n<tr style=\"height: 17.25pt;\">\n<td class=\"et2\" style=\"height: 17.25pt; width: 177pt; text-align: center;\" width=\"236\" height=\"23\">Enjuague el filtro de la tuber\u00eda de agua<\/td>\n<td class=\"et2\" style=\"width: 318pt; text-align: center;\" width=\"424\">0,22 micras<\/td>\n<\/tr>\n<tr style=\"height: 17.25pt;\">\n<td class=\"et2\" style=\"height: 17.25pt; width: 177pt; text-align: center;\" width=\"236\" height=\"23\">Filtro de aire<\/td>\n<td class=\"et2\" style=\"width: 318pt; text-align: center;\" width=\"424\">10 micras<\/td>\n<\/tr>\n<tr style=\"height: 17.25pt;\">\n<td class=\"et2\" style=\"height: 17.25pt; width: 177pt; text-align: center;\" width=\"236\" height=\"23\">Fuerza<\/td>\n<td class=\"et2\" style=\"width: 318pt; text-align: center;\" width=\"424\">CA 380 V\/5 A\/50 Hz, 3 kW<\/td>\n<\/tr>\n<tr style=\"height: 17.25pt;\">\n<td class=\"et2\" style=\"height: 17.25pt; width: 177pt; text-align: center;\" width=\"236\" height=\"23\">Tama\u00f1o de la m\u00e1quina<\/td>\n<td class=\"et2\" style=\"width: 318pt; text-align: center;\" width=\"424\">Largo 1200 x Ancho 1100 x Alto 1750 mm<\/td>\n<\/tr>\n<tr style=\"height: 17.25pt;\">\n<td class=\"et2\" style=\"height: 17.25pt; width: 177pt; text-align: center;\" width=\"236\" height=\"23\">Peso de la m\u00e1quina<\/td>\n<td class=\"et2\" style=\"width: 318pt; text-align: center;\" width=\"424\">360 kilogramos<\/td>\n<\/tr>\n<\/tbody>\n<\/table>\n<p>&nbsp;<\/p>\n<p><a href=\"https:\/\/www.youtube.com\/@allaismt\" rel=\"nofollow noopener\" target=\"_blank\"><u>https:\/\/www.youtube.com\/@allaismt<\/u><\/a><\/p>\n<p>For more information about the <strong>SMT Pure Water Machine YP-1250<\/strong>, por favor env\u00ede un correo electr\u00f3nico a<\/p>\n<p><a href=\"mailto:sophia@allaismt.com\"><u>sophia@allaismt.com<\/u><\/a><\/p>\n<p>Responderemos a su consulta a la brevedad y le proporcionaremos informaci\u00f3n detallada sobre nuestros productos y servicios.<\/p>\n<p>&nbsp;<\/p>","protected":false},"excerpt":{"rendered":"<p>Descripci\u00f3n: El <strong>SMT<\/strong> <strong data-start=\"4\" data-end=\"34\">M\u00e1quina de agua pura YP-1250<\/strong> Es un sistema de purificaci\u00f3n de agua de alta eficiencia dise\u00f1ado para proporcionar agua estable y de alta pureza mediante filtraci\u00f3n multietapa y tecnolog\u00eda de \u00f3smosis inversa. Elimina eficazmente iones, part\u00edculas, contaminantes org\u00e1nicos y microorganismos, garantizando una calidad de agua constante en entornos exigentes. Gracias a su dise\u00f1o compacto, funcionamiento automatizado y estructura de bajo mantenimiento, el YP-1250 es ideal para laboratorios, instalaciones m\u00e9dicas, fabricaci\u00f3n de productos electr\u00f3nicos, procesamiento qu\u00edmico y cualquier aplicaci\u00f3n que requiera agua de proceso limpia, fiable y libre de contaminaci\u00f3n.<\/p>\n<p>Cantidad m\u00ednima de pedido: 1 unidad<\/p>\n<p>Plazo de entrega: 15 d\u00edas<\/p>","protected":false},"featured_media":23030,"comment_status":"closed","ping_status":"closed","template":"","meta":[],"etheme_brands":[],"product_brand":[],"product_cat":[156],"product_tag":[],"class_list":{"0":"post-23029","1":"product","2":"type-product","3":"status-publish","4":"has-post-thumbnail","6":"product_cat-pcb-cleaning-machine","8":"first","9":"instock","10":"shipping-taxable","11":"product-type-simple"},"_links":{"self":[{"href":"https:\/\/esmte.com\/es\/wp-json\/wp\/v2\/product\/23029","targetHints":{"allow":["GET"]}}],"collection":[{"href":"https:\/\/esmte.com\/es\/wp-json\/wp\/v2\/product"}],"about":[{"href":"https:\/\/esmte.com\/es\/wp-json\/wp\/v2\/types\/product"}],"replies":[{"embeddable":true,"href":"https:\/\/esmte.com\/es\/wp-json\/wp\/v2\/comments?post=23029"}],"version-history":[{"count":1,"href":"https:\/\/esmte.com\/es\/wp-json\/wp\/v2\/product\/23029\/revisions"}],"predecessor-version":[{"id":23731,"href":"https:\/\/esmte.com\/es\/wp-json\/wp\/v2\/product\/23029\/revisions\/23731"}],"wp:featuredmedia":[{"embeddable":true,"href":"https:\/\/esmte.com\/es\/wp-json\/wp\/v2\/media\/23030"}],"wp:attachment":[{"href":"https:\/\/esmte.com\/es\/wp-json\/wp\/v2\/media?parent=23029"}],"wp:term":[{"taxonomy":"brand","embeddable":true,"href":"https:\/\/esmte.com\/es\/wp-json\/wp\/v2\/etheme_brands?post=23029"},{"taxonomy":"product_brand","embeddable":true,"href":"https:\/\/esmte.com\/es\/wp-json\/wp\/v2\/product_brand?post=23029"},{"taxonomy":"product_cat","embeddable":true,"href":"https:\/\/esmte.com\/es\/wp-json\/wp\/v2\/product_cat?post=23029"},{"taxonomy":"product_tag","embeddable":true,"href":"https:\/\/esmte.com\/es\/wp-json\/wp\/v2\/product_tag?post=23029"}],"curies":[{"name":"wp","href":"https:\/\/api.w.org\/{rel}","templated":true}]}}