{"id":23017,"date":"2025-12-11T09:38:05","date_gmt":"2025-12-11T09:38:05","guid":{"rendered":"https:\/\/esmte.com\/?post_type=product&#038;p=23017"},"modified":"2026-01-13T02:56:31","modified_gmt":"2026-01-13T02:56:31","slug":"water-spray-cleaner-yws-5600","status":"publish","type":"product","link":"https:\/\/esmte.com\/es\/products\/water-spray-cleaner-yws-5600\/","title":{"rendered":"SMT Water Spray Cleaner YWS-5600"},"content":{"rendered":"<h2 data-rm-block-id=\"block-1\">Introducci\u00f3n<\/h2>\n<p data-start=\"243\" data-end=\"622\" data-rm-block-id=\"block-2\">El <strong>SMT Water Spray Cleaner YWS-5600<\/strong> El limpiador por pulverizaci\u00f3n de agua YWS-5600 es un sistema de limpieza automatizado dise\u00f1ado para eliminar residuos de fundente, adhesivos, polvo y otros contaminantes de utillajes y herramientas de fabricaci\u00f3n. Su pulverizaci\u00f3n de agua a alta presi\u00f3n y su preciso control de caudal garantizan una limpieza exhaustiva a la vez que protegen las delicadas superficies de los utillajes, lo que lo hace ideal para entornos de producci\u00f3n de alta precisi\u00f3n y gran volumen.<\/p>\n<p data-start=\"624\" data-end=\"921\" data-rm-block-id=\"block-3\">En <strong data-start=\"627\" data-end=\"663\">f\u00e1bricas de electr\u00f3nica automotriz<\/strong>, El YWS-5600 desempe\u00f1a un papel fundamental en el mantenimiento limpio de las fijaciones de ensamblaje de ECU, BMS y PCB. Al eliminar residuos de fundente, salpicaduras de soldadura y micropart\u00edculas, garantiza una calidad de soldadura estable y un rendimiento el\u00e9ctrico fiable en m\u00f3dulos automotrices cr\u00edticos.<\/p>\n<p data-start=\"923\" data-end=\"1256\" data-rm-block-id=\"block-4\">El limpiador tambi\u00e9n se utiliza para <strong data-start=\"952\" data-end=\"981\">Calendario de pruebas de TIC y FCT<\/strong>, plantillas de recubrimiento y dispensado, y paletas de soldadura por ola o reflujo. Eliminar la contaminaci\u00f3n de estas herramientas mejora la precisi\u00f3n de las pruebas, previene defectos y garantiza la aplicaci\u00f3n uniforme de recubrimientos o adhesivos, esencial para la alta fiabilidad de la electr\u00f3nica automotriz.<\/p>\n<p data-start=\"1258\" data-end=\"1567\" data-rm-block-id=\"block-5\">Aplicaciones del Limpiador de Pulverizaci\u00f3n de Agua SMT YWS-5600 en F\u00e1bricas de Electr\u00f3nica Automotriz <strong>YWS-5600<\/strong> features programmable cleaning cycles, rapid turnaround, and automated operation. Its durable construction, integrated filtration system, and minimal maintenance requirements reduce downtime and operational costs, while extending fixture lifespan.<\/p>\n<p data-start=\"1569\" data-end=\"1855\" data-rm-block-id=\"block-6\">En general, el <strong>SMT Water Spray Cleaner YWS-5600<\/strong> enhances process stability, improves product quality, and ensures contamination-free operation. Its combination of precise cleaning, efficiency, and reliability makes it an indispensable solution for modern automotive electronics manufacturing.<\/p>\n<p data-start=\"1569\" data-end=\"1855\" data-rm-block-id=\"block-8\"><img loading=\"lazy\" decoding=\"async\" class=\"aligncenter wp-image-23018\" src=\"https:\/\/esmte.com\/wp-content\/uploads\/2025\/12\/Water-Spray-Cleaner-2-scaled.webp\" alt=\"SMT Water Spray Cleaner\" width=\"688\" height=\"704\" srcset=\"https:\/\/esmte.com\/wp-content\/uploads\/2025\/12\/Water-Spray-Cleaner-2-scaled.webp 2502w, https:\/\/esmte.com\/wp-content\/uploads\/2025\/12\/Water-Spray-Cleaner-2-scaled-600x614.webp 600w, https:\/\/esmte.com\/wp-content\/uploads\/2025\/12\/Water-Spray-Cleaner-2-293x300.webp 293w, https:\/\/esmte.com\/wp-content\/uploads\/2025\/12\/Water-Spray-Cleaner-2-1001x1024.webp 1001w, https:\/\/esmte.com\/wp-content\/uploads\/2025\/12\/Water-Spray-Cleaner-2-768x786.webp 768w, https:\/\/esmte.com\/wp-content\/uploads\/2025\/12\/Water-Spray-Cleaner-2-1501x1536.webp 1501w, https:\/\/esmte.com\/wp-content\/uploads\/2025\/12\/Water-Spray-Cleaner-2-2001x2048.webp 2001w, https:\/\/esmte.com\/wp-content\/uploads\/2025\/12\/Water-Spray-Cleaner-2-1x1.webp 1w, https:\/\/esmte.com\/wp-content\/uploads\/2025\/12\/Water-Spray-Cleaner-2-10x10.webp 10w\" sizes=\"auto, (max-width: 688px) 100vw, 688px\" \/><\/p>\n<h2 data-start=\"82\" data-end=\"169\" data-rm-block-id=\"block-10\"><strong data-start=\"85\" data-end=\"169\">Applications of SMT Water Spray Cleaner YWS-5600 in Automotive Electronics Factories<\/strong><\/h2>\n<p data-start=\"171\" data-end=\"489\" data-rm-block-id=\"block-11\"><strong data-start=\"171\" data-end=\"216\">1. Limpieza de los accesorios de montaje de la ECU y el BMS<\/strong><br data-start=\"216\" data-end=\"219\" \/>El YWS-5600 elimina eficazmente residuos de fundente, restos de adhesivo, polvo y otros contaminantes de los accesorios utilizados en el ensamblaje de ECU (unidades de control electr\u00f3nico) y BMS (sistemas de gesti\u00f3n de bater\u00eda) de autom\u00f3viles, lo que garantiza una calidad de soldadura constante y reduce la necesidad de repetir el trabajo.<\/p>\n<p data-start=\"491\" data-end=\"786\" data-rm-block-id=\"block-12\"><strong data-start=\"491\" data-end=\"537\">2. Limpieza de paletas de soldadura por ola y reflujo<\/strong><br data-start=\"537\" data-end=\"540\" \/>Las placas de circuito impreso (PCB) automotrices suelen contener componentes pesados y circuitos densos. El limpiador elimina los residuos de fundente y los dep\u00f3sitos de soldadura de las paletas de soldadura por ola y reflujo, protegiendo las placas de la contaminaci\u00f3n y manteniendo la estabilidad t\u00e9rmica durante la soldadura.<\/p>\n<p data-start=\"788\" data-end=\"1047\" data-rm-block-id=\"block-13\"><strong data-start=\"788\" data-end=\"825\">3. Limpieza de los accesorios de prueba de TIC\/FCT<\/strong><br data-start=\"825\" data-end=\"828\" \/>Los accesorios de prueba ICT y FCT en electr\u00f3nica automotriz requieren puntos de contacto limpios para unas pruebas precisas. El YWS-5600 elimina la oxidaci\u00f3n, los residuos de fundente y el polvo, lo que reduce los falsos fallos y mejora la fiabilidad de las pruebas.<\/p>\n<p data-start=\"1049\" data-end=\"1300\" data-rm-block-id=\"block-14\"><strong data-start=\"1049\" data-end=\"1092\">4. Limpieza de las plantillas de recubrimiento y dispensaci\u00f3n<\/strong><br data-start=\"1092\" data-end=\"1095\" \/>En los procesos de recubrimiento o dispensaci\u00f3n de adhesivos para m\u00f3dulos automotrices, el limpiador elimina el pegamento curado, el exceso de pulverizaci\u00f3n del recubrimiento y las micropart\u00edculas de las plantillas, lo que garantiza una aplicaci\u00f3n uniforme y evita defectos.<\/p>\n<p data-start=\"1302\" data-end=\"1589\" data-rm-block-id=\"block-15\"><strong data-start=\"1302\" data-end=\"1342\">5. Apoyo a la producci\u00f3n de alto volumen<\/strong><br data-start=\"1342\" data-end=\"1345\" \/>El YWS-5600 est\u00e1 dise\u00f1ado para l\u00edneas de producci\u00f3n continuas de alto rendimiento. Sus ciclos de limpieza programables, su r\u00e1pida respuesta y su funcionamiento automatizado permiten la limpieza frecuente de los accesorios sin ralentizar los procesos de ensamblaje de electr\u00f3nica automotriz.<\/p>\n<p data-start=\"1591\" data-end=\"1833\" data-rm-block-id=\"block-16\"><strong data-start=\"1591\" data-end=\"1624\">6. Prolongaci\u00f3n de la vida \u00fatil de los accesorios<\/strong><br data-start=\"1624\" data-end=\"1627\" \/>Al evitar el fregado manual y prevenir la acumulaci\u00f3n de residuos, el YWS-5600 prolonga la vida \u00fatil del dispositivo, reduce los costos de mantenimiento y garantiza un rendimiento estable en entornos electr\u00f3nicos automotrices exigentes.<\/p>\n<h2 data-start=\"1591\" data-end=\"1833\" data-rm-block-id=\"block-18\">Proceso de limpieza<\/h2>\n<p data-start=\"1591\" data-end=\"1833\" data-rm-block-id=\"block-19\"><img loading=\"lazy\" decoding=\"async\" class=\"alignnone size-full wp-image-23012\" src=\"https:\/\/esmte.com\/wp-content\/uploads\/2025\/12\/1-4.webp\" alt=\"\" width=\"2540\" height=\"958\" srcset=\"https:\/\/esmte.com\/wp-content\/uploads\/2025\/12\/1-4.webp 2540w, https:\/\/esmte.com\/wp-content\/uploads\/2025\/12\/1-4-600x226.webp 600w, https:\/\/esmte.com\/wp-content\/uploads\/2025\/12\/1-4-300x113.webp 300w, https:\/\/esmte.com\/wp-content\/uploads\/2025\/12\/1-4-1024x386.webp 1024w, https:\/\/esmte.com\/wp-content\/uploads\/2025\/12\/1-4-768x290.webp 768w, https:\/\/esmte.com\/wp-content\/uploads\/2025\/12\/1-4-1536x579.webp 1536w, https:\/\/esmte.com\/wp-content\/uploads\/2025\/12\/1-4-2048x772.webp 2048w, https:\/\/esmte.com\/wp-content\/uploads\/2025\/12\/1-4-1x1.webp 1w, https:\/\/esmte.com\/wp-content\/uploads\/2025\/12\/1-4-10x4.webp 10w\" sizes=\"auto, (max-width: 2540px) 100vw, 2540px\" \/><\/p>\n<h2 data-start=\"1591\" data-end=\"1833\" data-rm-block-id=\"block-21\">Efecto<\/h2>\n<p data-start=\"1591\" data-end=\"1833\" data-rm-block-id=\"block-22\"><img loading=\"lazy\" decoding=\"async\" class=\"alignnone size-full wp-image-23013\" src=\"https:\/\/esmte.com\/wp-content\/uploads\/2025\/12\/2-2.webp\" alt=\"\" width=\"2494\" height=\"975\" srcset=\"https:\/\/esmte.com\/wp-content\/uploads\/2025\/12\/2-2.webp 2494w, https:\/\/esmte.com\/wp-content\/uploads\/2025\/12\/2-2-600x235.webp 600w, https:\/\/esmte.com\/wp-content\/uploads\/2025\/12\/2-2-300x117.webp 300w, https:\/\/esmte.com\/wp-content\/uploads\/2025\/12\/2-2-1024x400.webp 1024w, https:\/\/esmte.com\/wp-content\/uploads\/2025\/12\/2-2-768x300.webp 768w, https:\/\/esmte.com\/wp-content\/uploads\/2025\/12\/2-2-1536x600.webp 1536w, https:\/\/esmte.com\/wp-content\/uploads\/2025\/12\/2-2-2048x801.webp 2048w, https:\/\/esmte.com\/wp-content\/uploads\/2025\/12\/2-2-1x1.webp 1w, https:\/\/esmte.com\/wp-content\/uploads\/2025\/12\/2-2-10x4.webp 10w\" sizes=\"auto, (max-width: 2494px) 100vw, 2494px\" \/><\/p>\n<h2 data-rm-block-id=\"block-24\">Presupuesto<\/h2>\n<table style=\"border-collapse: collapse; width: 1298px; height: 368px;\" border=\"0\" width=\"559\" cellspacing=\"0\" cellpadding=\"0\">\n<tbody>\n<tr style=\"height: 15.00pt;\">\n<td class=\"et2\" style=\"height: 15pt; width: 129.75pt; text-align: center;\" width=\"173\" height=\"20\" data-rm-block-id=\"block-25\">Modelo<\/td>\n<td class=\"et3\" style=\"width: 289.5pt; text-align: center;\" width=\"386\" data-rm-block-id=\"block-26\">YWS-5600<\/td>\n<\/tr>\n<tr style=\"height: 15.00pt;\">\n<td class=\"et4\" style=\"height: 15pt; width: 129.75pt; text-align: center;\" width=\"173\" height=\"20\" data-rm-block-id=\"block-27\">Tama\u00f1o de la cesta de limpieza<\/td>\n<td class=\"et5\" style=\"width: 289.5pt; text-align: center;\" width=\"386\" data-rm-block-id=\"block-28\">L610 x W560 x H100 (mm) x 2 capas<\/td>\n<\/tr>\n<tr style=\"height: 15.00pt;\">\n<td class=\"et4\" style=\"height: 15pt; width: 129.75pt; text-align: center;\" width=\"173\" height=\"20\" data-rm-block-id=\"block-29\">Capacidad del tanque de pulverizaci\u00f3n<\/td>\n<td class=\"et5\" style=\"width: 289.5pt; text-align: center;\" width=\"386\" data-rm-block-id=\"block-30\">17 litros<\/td>\n<\/tr>\n<tr style=\"height: 15.00pt;\">\n<td class=\"et4\" style=\"height: 15pt; width: 129.75pt; text-align: center;\" width=\"173\" height=\"20\" data-rm-block-id=\"block-31\">Capacidad de concentraci\u00f3n<\/td>\n<td class=\"et5\" style=\"width: 289.5pt; text-align: center;\" width=\"386\" data-rm-block-id=\"block-32\">32 litros<\/td>\n<\/tr>\n<tr style=\"height: 15.00pt;\">\n<td class=\"et4\" style=\"height: 15pt; width: 129.75pt; text-align: center;\" width=\"173\" height=\"20\" data-rm-block-id=\"block-33\">Capacidad de diluci\u00f3n<\/td>\n<td class=\"et5\" style=\"width: 289.5pt; text-align: center;\" width=\"386\" data-rm-block-id=\"block-34\">60 litros<\/td>\n<\/tr>\n<tr style=\"height: 15.00pt;\">\n<td class=\"et4\" style=\"height: 15pt; width: 129.75pt; text-align: center;\" width=\"173\" height=\"20\" data-rm-block-id=\"block-35\">Temperatura de calentamiento del detergente<\/td>\n<td class=\"et5\" style=\"width: 289.5pt; text-align: center;\" width=\"386\" data-rm-block-id=\"block-36\">Temperatura ambiente ~60<span class=\"font3\">\u2103<\/span><\/td>\n<\/tr>\n<tr style=\"height: 15.00pt;\">\n<td class=\"et4\" style=\"height: 15pt; width: 129.75pt; text-align: center;\" width=\"173\" height=\"20\" data-rm-block-id=\"block-37\">Temperatura diurna del aire caliente de la PCB<\/td>\n<td class=\"et5\" style=\"width: 289.5pt; text-align: center;\" width=\"386\" data-rm-block-id=\"block-38\">Temperatura ambiente ~99<span class=\"font3\">\u2103<\/span><\/td>\n<\/tr>\n<tr style=\"height: 15.00pt;\">\n<td class=\"et4\" style=\"height: 15pt; width: 129.75pt; text-align: center;\" width=\"173\" height=\"20\" data-rm-block-id=\"block-39\">Rango de resistividad<\/td>\n<td class=\"et5\" style=\"width: 289.5pt; text-align: center;\" width=\"386\" data-rm-block-id=\"block-40\">0~18 M\u03a9<\/td>\n<\/tr>\n<tr style=\"height: 15.00pt;\">\n<td class=\"et6\" style=\"height: 15pt; width: 129.75pt; text-align: center;\" width=\"173\" height=\"20\" data-rm-block-id=\"block-41\">Filtro de detergente<\/td>\n<td class=\"et7\" style=\"width: 289.5pt; text-align: center;\" width=\"386\" data-rm-block-id=\"block-42\">0,22 um<\/td>\n<\/tr>\n<tr style=\"height: 15.00pt;\">\n<td class=\"et6\" style=\"height: 15pt; width: 129.75pt; text-align: center;\" width=\"173\" height=\"20\" data-rm-block-id=\"block-43\">Suministro de agua desionizada<\/td>\n<td class=\"et7\" style=\"width: 289.5pt; text-align: center;\" width=\"386\" data-rm-block-id=\"block-44\">30~65 l\/min<\/td>\n<\/tr>\n<tr style=\"height: 15.00pt;\">\n<td class=\"et6\" style=\"height: 15pt; width: 129.75pt; text-align: center;\" width=\"173\" height=\"20\" data-rm-block-id=\"block-45\">Suministro de energ\u00eda\/aire<\/td>\n<td class=\"et7\" style=\"width: 289.5pt; text-align: center;\" width=\"386\" data-rm-block-id=\"block-46\">CA 380 V\/50 A\/50 Hz, 30 kW, 0,5 MPa<\/td>\n<\/tr>\n<tr style=\"height: 15.00pt;\">\n<td class=\"et6\" style=\"height: 15pt; width: 129.75pt; text-align: center;\" width=\"173\" height=\"20\" data-rm-block-id=\"block-47\">Tama\u00f1o de la m\u00e1quina<\/td>\n<td class=\"et7\" style=\"width: 289.5pt; text-align: center;\" width=\"386\" data-rm-block-id=\"block-48\">Largo 1300 x Ancho 1200 x Alto 1850 (mm)<\/td>\n<\/tr>\n<tr style=\"height: 15.00pt;\">\n<td class=\"et8\" style=\"height: 15pt; width: 129.75pt; text-align: center;\" width=\"173\" height=\"20\" data-rm-block-id=\"block-49\">Peso de la m\u00e1quina<\/td>\n<td class=\"et9\" style=\"width: 289.5pt; text-align: center;\" width=\"386\" data-rm-block-id=\"block-50\">460 kg<\/td>\n<\/tr>\n<\/tbody>\n<\/table>\n<p data-rm-block-id=\"block-52\"><a href=\"https:\/\/www.youtube.com\/@allaismt\" rel=\"nofollow noopener\" target=\"_blank\"><u>https:\/\/www.youtube.com\/@allaismt<\/u><\/a><\/p>\n<p data-rm-block-id=\"block-53\">For more information about the <strong>SMT Water Spray Cleaner YWS-5600<\/strong>, por favor env\u00ede un correo electr\u00f3nico a<\/p>\n<p data-rm-block-id=\"block-54\"><a href=\"mailto:sophia@allaismt.com\"><u>sophia@allaismt.com<\/u><\/a><\/p>\n<p data-rm-block-id=\"block-55\">Responderemos a su consulta a la brevedad y le proporcionaremos informaci\u00f3n detallada sobre nuestros productos y servicios.<\/p>\n<p data-rm-block-id=\"block-56\">","protected":false},"excerpt":{"rendered":"<p>Descripci\u00f3n: El <strong>SMT Water Spray Cleaner YWS-5600<\/strong> Es un sistema automatizado que elimina residuos de fundente, adhesivos, polvo y otros contaminantes de las herramientas y accesorios de fabricaci\u00f3n. Mediante pulverizaci\u00f3n de agua a alta presi\u00f3n con control preciso del caudal, ofrece una limpieza uniforme sin da\u00f1ar las superficies delicadas. Ideal para f\u00e1bricas de electr\u00f3nica automotriz, limpia ECU, BMS, accesorios de montaje de PCB, plantillas de prueba y herramientas de recubrimiento\/dispensaci\u00f3n, mejorando la estabilidad del proceso, reduciendo la mano de obra, prolongando la vida \u00fatil de los accesorios y facilitando la producci\u00f3n de alto volumen y alta variedad para un montaje fiable y sin contaminaci\u00f3n.<\/p>\n<p>Cantidad m\u00ednima de pedido: 1 unidad<\/p>\n<p>Plazo de entrega: 15 d\u00edas<\/p>","protected":false},"featured_media":23019,"comment_status":"closed","ping_status":"closed","template":"","meta":[],"etheme_brands":[],"product_brand":[],"product_cat":[156,196],"product_tag":[],"class_list":{"0":"post-23017","1":"product","2":"type-product","3":"status-publish","4":"has-post-thumbnail","6":"product_cat-pcb-cleaning-machine","7":"product_cat-water-spray-cleaning-machine","9":"first","10":"instock","11":"shipping-taxable","12":"product-type-simple"},"_links":{"self":[{"href":"https:\/\/esmte.com\/es\/wp-json\/wp\/v2\/product\/23017","targetHints":{"allow":["GET"]}}],"collection":[{"href":"https:\/\/esmte.com\/es\/wp-json\/wp\/v2\/product"}],"about":[{"href":"https:\/\/esmte.com\/es\/wp-json\/wp\/v2\/types\/product"}],"replies":[{"embeddable":true,"href":"https:\/\/esmte.com\/es\/wp-json\/wp\/v2\/comments?post=23017"}],"version-history":[{"count":1,"href":"https:\/\/esmte.com\/es\/wp-json\/wp\/v2\/product\/23017\/revisions"}],"predecessor-version":[{"id":23734,"href":"https:\/\/esmte.com\/es\/wp-json\/wp\/v2\/product\/23017\/revisions\/23734"}],"wp:featuredmedia":[{"embeddable":true,"href":"https:\/\/esmte.com\/es\/wp-json\/wp\/v2\/media\/23019"}],"wp:attachment":[{"href":"https:\/\/esmte.com\/es\/wp-json\/wp\/v2\/media?parent=23017"}],"wp:term":[{"taxonomy":"brand","embeddable":true,"href":"https:\/\/esmte.com\/es\/wp-json\/wp\/v2\/etheme_brands?post=23017"},{"taxonomy":"product_brand","embeddable":true,"href":"https:\/\/esmte.com\/es\/wp-json\/wp\/v2\/product_brand?post=23017"},{"taxonomy":"product_cat","embeddable":true,"href":"https:\/\/esmte.com\/es\/wp-json\/wp\/v2\/product_cat?post=23017"},{"taxonomy":"product_tag","embeddable":true,"href":"https:\/\/esmte.com\/es\/wp-json\/wp\/v2\/product_tag?post=23017"}],"curies":[{"name":"wp","href":"https:\/\/api.w.org\/{rel}","templated":true}]}}