{"id":23009,"date":"2025-12-11T09:22:41","date_gmt":"2025-12-11T09:22:41","guid":{"rendered":"https:\/\/esmte.com\/?post_type=product&#038;p=23009"},"modified":"2026-01-13T02:59:23","modified_gmt":"2026-01-13T02:59:23","slug":"water-spray-cleaner","status":"publish","type":"product","link":"https:\/\/esmte.com\/es\/products\/water-spray-cleaner\/","title":{"rendered":"SMT Water Spray Cleaner"},"content":{"rendered":"<h2>Introducci\u00f3n<\/h2>\n<p data-start=\"174\" data-end=\"439\">El <strong>SMT<\/strong> <strong>Limpiador en aerosol de agua<\/strong> Es un sistema automatizado que elimina residuos de fundente, adhesivos, polvo y otros contaminantes de los accesorios y herramientas de fabricaci\u00f3n. Su pulverizaci\u00f3n de alta presi\u00f3n y su preciso control de caudal garantizan una limpieza exhaustiva sin da\u00f1ar las superficies delicadas.<\/p>\n<p data-start=\"441\" data-end=\"699\">En <strong data-start=\"444\" data-end=\"467\">electr\u00f3nica m\u00e9dica<\/strong>, Limpia accesorios de prueba ICT\/FCT, plantillas de microensamblaje y soportes \u00f3pticos o de sensores, eliminando part\u00edculas y residuos que podr\u00edan afectar la precisi\u00f3n de las pruebas o el rendimiento del dispositivo. Esto garantiza una calidad constante en ensambles sensibles.<\/p>\n<p data-start=\"701\" data-end=\"931\">El <strong>SMT Water Spray Cleaner<\/strong> Admite paletas de soldadura por reflujo y ola, plantillas de recubrimiento y dispensado, y otras herramientas de precisi\u00f3n. Los ciclos programables y los par\u00e1metros ajustables permiten una limpieza personalizada para diferentes tipos de accesorios y necesidades de producci\u00f3n.<\/p>\n<p data-start=\"933\" data-end=\"1214\">Dise\u00f1ado para producci\u00f3n de lotes peque\u00f1os y de alta mezcla, el <strong>SMT Water Spray Cleaner<\/strong> Reduce la mano de obra, minimiza el tiempo de inactividad y prolonga la vida \u00fatil de los accesorios. Mejora la estabilidad del proceso y ayuda a mantener una fabricaci\u00f3n fiable y sin contaminaci\u00f3n para la electr\u00f3nica m\u00e9dica y los dispositivos de precisi\u00f3n.<\/p>\n<p data-start=\"933\" data-end=\"1214\"><img loading=\"lazy\" decoding=\"async\" class=\"aligncenter wp-image-23011\" src=\"https:\/\/esmte.com\/wp-content\/uploads\/2025\/12\/Water-Spray-Cleaner-scaled.webp\" alt=\"SMT Water Spray Cleaner\" width=\"679\" height=\"695\" srcset=\"https:\/\/esmte.com\/wp-content\/uploads\/2025\/12\/Water-Spray-Cleaner-scaled.webp 2502w, https:\/\/esmte.com\/wp-content\/uploads\/2025\/12\/Water-Spray-Cleaner-scaled-600x614.webp 600w, https:\/\/esmte.com\/wp-content\/uploads\/2025\/12\/Water-Spray-Cleaner-293x300.webp 293w, https:\/\/esmte.com\/wp-content\/uploads\/2025\/12\/Water-Spray-Cleaner-1001x1024.webp 1001w, https:\/\/esmte.com\/wp-content\/uploads\/2025\/12\/Water-Spray-Cleaner-768x786.webp 768w, https:\/\/esmte.com\/wp-content\/uploads\/2025\/12\/Water-Spray-Cleaner-1501x1536.webp 1501w, https:\/\/esmte.com\/wp-content\/uploads\/2025\/12\/Water-Spray-Cleaner-2001x2048.webp 2001w, https:\/\/esmte.com\/wp-content\/uploads\/2025\/12\/Water-Spray-Cleaner-1x1.webp 1w, https:\/\/esmte.com\/wp-content\/uploads\/2025\/12\/Water-Spray-Cleaner-10x10.webp 10w\" sizes=\"auto, (max-width: 679px) 100vw, 679px\" \/><\/p>\n<h2 data-start=\"73\" data-end=\"173\"><strong data-start=\"76\" data-end=\"173\">Aplicaciones del limpiador por pulverizaci\u00f3n de agua en f\u00e1bricas de electr\u00f3nica m\u00e9dica e instrumentos de precisi\u00f3n<\/strong><\/h2>\n<p data-start=\"175\" data-end=\"419\"><strong data-start=\"175\" data-end=\"219\">1. Limpieza de accesorios de prueba de alta precisi\u00f3n<\/strong><br data-start=\"219\" data-end=\"222\" \/>Los limpiadores con pulverizador de agua eliminan eficazmente el polvo, los residuos de adhesivo y el fundente de los accesorios de prueba de calibraci\u00f3n e ICT\/FCT utilizados en la electr\u00f3nica m\u00e9dica, lo que garantiza resultados de pruebas precisos y repetibles.<\/p>\n<p data-start=\"421\" data-end=\"682\"><strong data-start=\"421\" data-end=\"470\">2. Limpieza de accesorios de ensamblaje microelectr\u00f3nico<\/strong><br data-start=\"470\" data-end=\"473\" \/>En el ensamblaje de dispositivos sensibles como marcapasos, m\u00f3dulos de diagn\u00f3stico o placas de sensores, el limpiador elimina part\u00edculas finas que podr\u00edan comprometer la funcionalidad del componente o la confiabilidad del dispositivo.<\/p>\n<p data-start=\"684\" data-end=\"968\"><strong data-start=\"684\" data-end=\"738\">3. Limpieza de accesorios de equipos \u00f3pticos y de imagen<\/strong><br data-start=\"738\" data-end=\"741\" \/>Las fijaciones utilizadas en instrumentos \u00f3pticos o de imagen de precisi\u00f3n, como lentes y portasensores, requieren superficies libres de contaminaci\u00f3n. Los limpiadores por pulverizaci\u00f3n de agua eliminan micropart\u00edculas y residuos sin da\u00f1ar las superficies delicadas.<\/p>\n<p data-start=\"970\" data-end=\"1226\"><strong data-start=\"970\" data-end=\"1013\">4. Limpieza de las plantillas de recubrimiento y dispensaci\u00f3n<\/strong><br data-start=\"1013\" data-end=\"1016\" \/>Los residuos de adhesivo, el exceso de pulverizaci\u00f3n de revestimiento conformado o los restos de curado en las plantillas de dispensaci\u00f3n y revestimiento se eliminan por completo, lo que garantiza una aplicaci\u00f3n uniforme y evita defectos en los m\u00f3dulos de electr\u00f3nica m\u00e9dica.<\/p>\n<p data-start=\"1228\" data-end=\"1473\"><strong data-start=\"1228\" data-end=\"1278\">5. Apoyo a la producci\u00f3n de lotes peque\u00f1os y de alta mezcla<\/strong><br data-start=\"1278\" data-end=\"1281\" \/>Los limpiadores por aspersi\u00f3n de agua permiten una limpieza r\u00e1pida de m\u00faltiples tipos de accesorios para laboratorios y fabricaci\u00f3n de dispositivos m\u00e9dicos en lotes peque\u00f1os, manteniendo los est\u00e1ndares de limpieza y reduciendo el tiempo de inactividad.<\/p>\n<p data-start=\"1475\" data-end=\"1730\"><strong data-start=\"1475\" data-end=\"1524\">6. Prolongaci\u00f3n de la vida \u00fatil y la confiabilidad de los accesorios<\/strong><br data-start=\"1524\" data-end=\"1527\" \/>Al eliminar los residuos sin fregar manualmente, el limpiador protege los accesorios de precisi\u00f3n contra el desgaste, prolonga la vida \u00fatil y garantiza un rendimiento constante en ciclos repetidos de producci\u00f3n o prueba.<\/p>\n<h2 data-start=\"1475\" data-end=\"1730\">Proceso de limpieza<\/h2>\n<p data-start=\"1475\" data-end=\"1730\"><img loading=\"lazy\" decoding=\"async\" class=\"alignnone size-full wp-image-23012\" src=\"https:\/\/esmte.com\/wp-content\/uploads\/2025\/12\/1-4.webp\" alt=\"\" width=\"2540\" height=\"958\" srcset=\"https:\/\/esmte.com\/wp-content\/uploads\/2025\/12\/1-4.webp 2540w, https:\/\/esmte.com\/wp-content\/uploads\/2025\/12\/1-4-600x226.webp 600w, https:\/\/esmte.com\/wp-content\/uploads\/2025\/12\/1-4-300x113.webp 300w, https:\/\/esmte.com\/wp-content\/uploads\/2025\/12\/1-4-1024x386.webp 1024w, https:\/\/esmte.com\/wp-content\/uploads\/2025\/12\/1-4-768x290.webp 768w, https:\/\/esmte.com\/wp-content\/uploads\/2025\/12\/1-4-1536x579.webp 1536w, https:\/\/esmte.com\/wp-content\/uploads\/2025\/12\/1-4-2048x772.webp 2048w, https:\/\/esmte.com\/wp-content\/uploads\/2025\/12\/1-4-1x1.webp 1w, https:\/\/esmte.com\/wp-content\/uploads\/2025\/12\/1-4-10x4.webp 10w\" sizes=\"auto, (max-width: 2540px) 100vw, 2540px\" \/><\/p>\n<h2 data-start=\"1475\" data-end=\"1730\">Efecto<\/h2>\n<p data-start=\"1475\" data-end=\"1730\"><img loading=\"lazy\" decoding=\"async\" class=\"alignnone size-full wp-image-23013\" src=\"https:\/\/esmte.com\/wp-content\/uploads\/2025\/12\/2-2.webp\" alt=\"\" width=\"2494\" height=\"975\" srcset=\"https:\/\/esmte.com\/wp-content\/uploads\/2025\/12\/2-2.webp 2494w, https:\/\/esmte.com\/wp-content\/uploads\/2025\/12\/2-2-600x235.webp 600w, https:\/\/esmte.com\/wp-content\/uploads\/2025\/12\/2-2-300x117.webp 300w, https:\/\/esmte.com\/wp-content\/uploads\/2025\/12\/2-2-1024x400.webp 1024w, https:\/\/esmte.com\/wp-content\/uploads\/2025\/12\/2-2-768x300.webp 768w, https:\/\/esmte.com\/wp-content\/uploads\/2025\/12\/2-2-1536x600.webp 1536w, https:\/\/esmte.com\/wp-content\/uploads\/2025\/12\/2-2-2048x801.webp 2048w, https:\/\/esmte.com\/wp-content\/uploads\/2025\/12\/2-2-1x1.webp 1w, https:\/\/esmte.com\/wp-content\/uploads\/2025\/12\/2-2-10x4.webp 10w\" sizes=\"auto, (max-width: 2494px) 100vw, 2494px\" \/><\/p>\n<h2>Presupuesto<\/h2>\n<table style=\"border-collapse: collapse; width: 1299px; height: 359px;\" border=\"0\" width=\"559\" cellspacing=\"0\" cellpadding=\"0\">\n<tbody>\n<tr style=\"height: 15.00pt;\">\n<td class=\"et2\" style=\"height: 15pt; width: 129.75pt; text-align: center;\" width=\"173\" height=\"20\">Modelo<\/td>\n<td class=\"et3\" style=\"width: 289.5pt; text-align: center;\" width=\"386\">YWS-5600<\/td>\n<\/tr>\n<tr style=\"height: 15.00pt;\">\n<td class=\"et4\" style=\"height: 15pt; width: 129.75pt; text-align: center;\" width=\"173\" height=\"20\">Tama\u00f1o de la cesta de limpieza<\/td>\n<td class=\"et5\" style=\"width: 289.5pt; text-align: center;\" width=\"386\">L610 x W560 x H100 (mm) x 2 capas<\/td>\n<\/tr>\n<tr style=\"height: 15.00pt;\">\n<td class=\"et4\" style=\"height: 15pt; width: 129.75pt; text-align: center;\" width=\"173\" height=\"20\">Capacidad del tanque de pulverizaci\u00f3n<\/td>\n<td class=\"et5\" style=\"width: 289.5pt; text-align: center;\" width=\"386\">17 litros<\/td>\n<\/tr>\n<tr style=\"height: 15.00pt;\">\n<td class=\"et4\" style=\"height: 15pt; width: 129.75pt; text-align: center;\" width=\"173\" height=\"20\">Capacidad de concentraci\u00f3n<\/td>\n<td class=\"et5\" style=\"width: 289.5pt; text-align: center;\" width=\"386\">32 litros<\/td>\n<\/tr>\n<tr style=\"height: 15.00pt;\">\n<td class=\"et4\" style=\"height: 15pt; width: 129.75pt; text-align: center;\" width=\"173\" height=\"20\">Capacidad de diluci\u00f3n<\/td>\n<td class=\"et5\" style=\"width: 289.5pt; text-align: center;\" width=\"386\">60 litros<\/td>\n<\/tr>\n<tr style=\"height: 15.00pt;\">\n<td class=\"et4\" style=\"height: 15pt; width: 129.75pt; text-align: center;\" width=\"173\" height=\"20\">Temperatura de calentamiento del detergente<\/td>\n<td class=\"et5\" style=\"width: 289.5pt; text-align: center;\" width=\"386\">Temperatura ambiente ~60<span class=\"font3\">\u2103<\/span><\/td>\n<\/tr>\n<tr style=\"height: 15.00pt;\">\n<td class=\"et4\" style=\"height: 15pt; width: 129.75pt; text-align: center;\" width=\"173\" height=\"20\">Temperatura diurna del aire caliente de la PCB<\/td>\n<td class=\"et5\" style=\"width: 289.5pt; text-align: center;\" width=\"386\">Temperatura ambiente ~99<span class=\"font3\">\u2103<\/span><\/td>\n<\/tr>\n<tr style=\"height: 15.00pt;\">\n<td class=\"et4\" style=\"height: 15pt; width: 129.75pt; text-align: center;\" width=\"173\" height=\"20\">Rango de resistividad<\/td>\n<td class=\"et5\" style=\"width: 289.5pt; text-align: center;\" width=\"386\">0~18 M\u03a9<\/td>\n<\/tr>\n<tr style=\"height: 15.00pt;\">\n<td class=\"et6\" style=\"height: 15pt; width: 129.75pt; text-align: center;\" width=\"173\" height=\"20\">Filtro de detergente<\/td>\n<td class=\"et7\" style=\"width: 289.5pt; text-align: center;\" width=\"386\">0,22 um<\/td>\n<\/tr>\n<tr style=\"height: 15.00pt;\">\n<td class=\"et6\" style=\"height: 15pt; width: 129.75pt; text-align: center;\" width=\"173\" height=\"20\">Suministro de agua desionizada<\/td>\n<td class=\"et7\" style=\"width: 289.5pt; text-align: center;\" width=\"386\">30~65 l\/min<\/td>\n<\/tr>\n<tr style=\"height: 15.00pt;\">\n<td class=\"et6\" style=\"height: 15pt; width: 129.75pt; text-align: center;\" width=\"173\" height=\"20\">Suministro de energ\u00eda\/aire<\/td>\n<td class=\"et7\" style=\"width: 289.5pt; text-align: center;\" width=\"386\">CA 380 V\/50 A\/50 Hz, 30 kW, 0,5 MPa<\/td>\n<\/tr>\n<tr style=\"height: 15.00pt;\">\n<td class=\"et6\" style=\"height: 15pt; width: 129.75pt; text-align: center;\" width=\"173\" height=\"20\">Tama\u00f1o de la m\u00e1quina<\/td>\n<td class=\"et7\" style=\"width: 289.5pt; text-align: center;\" width=\"386\">Largo 1300 x Ancho 1200 x Alto 1850 (mm)<\/td>\n<\/tr>\n<tr style=\"height: 15.00pt;\">\n<td class=\"et8\" style=\"height: 15pt; width: 129.75pt; text-align: center;\" width=\"173\" height=\"20\">Peso de la m\u00e1quina<\/td>\n<td class=\"et9\" style=\"width: 289.5pt; text-align: center;\" width=\"386\">460 kg<\/td>\n<\/tr>\n<\/tbody>\n<\/table>\n<p>&nbsp;<\/p>\n<p><a href=\"https:\/\/www.youtube.com\/@allaismt\" rel=\"nofollow noopener\" target=\"_blank\"><u>https:\/\/www.youtube.com\/@allaismt<\/u><\/a><\/p>\n<p>For more information about the <strong>SMT Water Spray Cleaner<\/strong>, por favor env\u00ede un correo electr\u00f3nico a<\/p>\n<p><a href=\"mailto:sophia@allaismt.com\"><u>sophia@allaismt.com<\/u><\/a><\/p>\n<p>Responderemos a su consulta a la brevedad y le proporcionaremos informaci\u00f3n detallada sobre nuestros productos y servicios.<\/p>\n<p>&nbsp;<\/p>","protected":false},"excerpt":{"rendered":"<p>Descripci\u00f3n: El <strong>SMT<\/strong> <strong>Limpiador en aerosol de agua<\/strong> Es un sistema automatizado que elimina residuos de fundente, adhesivos, polvo y otros contaminantes de las herramientas y accesorios de fabricaci\u00f3n. Mediante pulverizaci\u00f3n de agua a alta presi\u00f3n con control preciso del caudal, garantiza una limpieza profunda sin da\u00f1ar las superficies delicadas. Ideal para SMT, THT, PCBA, electr\u00f3nica m\u00e9dica e instrumentos de precisi\u00f3n, mantiene las herramientas libres de contaminaci\u00f3n, prolonga la vida \u00fatil de las herramientas, facilita la producci\u00f3n de alta variedad y reduce la mano de obra, a la vez que mejora la estabilidad del proceso y la calidad del producto.<\/p>\n<p>Cantidad m\u00ednima de pedido: 1 unidad<\/p>\n<p>Plazo de entrega: 15 d\u00edas<\/p>","protected":false},"featured_media":23014,"comment_status":"closed","ping_status":"closed","template":"","meta":[],"etheme_brands":[],"product_brand":[],"product_cat":[156,196],"product_tag":[],"class_list":{"0":"post-23009","1":"product","2":"type-product","3":"status-publish","4":"has-post-thumbnail","6":"product_cat-pcb-cleaning-machine","7":"product_cat-water-spray-cleaning-machine","9":"first","10":"instock","11":"shipping-taxable","12":"product-type-simple"},"_links":{"self":[{"href":"https:\/\/esmte.com\/es\/wp-json\/wp\/v2\/product\/23009","targetHints":{"allow":["GET"]}}],"collection":[{"href":"https:\/\/esmte.com\/es\/wp-json\/wp\/v2\/product"}],"about":[{"href":"https:\/\/esmte.com\/es\/wp-json\/wp\/v2\/types\/product"}],"replies":[{"embeddable":true,"href":"https:\/\/esmte.com\/es\/wp-json\/wp\/v2\/comments?post=23009"}],"version-history":[{"count":1,"href":"https:\/\/esmte.com\/es\/wp-json\/wp\/v2\/product\/23009\/revisions"}],"predecessor-version":[{"id":23736,"href":"https:\/\/esmte.com\/es\/wp-json\/wp\/v2\/product\/23009\/revisions\/23736"}],"wp:featuredmedia":[{"embeddable":true,"href":"https:\/\/esmte.com\/es\/wp-json\/wp\/v2\/media\/23014"}],"wp:attachment":[{"href":"https:\/\/esmte.com\/es\/wp-json\/wp\/v2\/media?parent=23009"}],"wp:term":[{"taxonomy":"brand","embeddable":true,"href":"https:\/\/esmte.com\/es\/wp-json\/wp\/v2\/etheme_brands?post=23009"},{"taxonomy":"product_brand","embeddable":true,"href":"https:\/\/esmte.com\/es\/wp-json\/wp\/v2\/product_brand?post=23009"},{"taxonomy":"product_cat","embeddable":true,"href":"https:\/\/esmte.com\/es\/wp-json\/wp\/v2\/product_cat?post=23009"},{"taxonomy":"product_tag","embeddable":true,"href":"https:\/\/esmte.com\/es\/wp-json\/wp\/v2\/product_tag?post=23009"}],"curies":[{"name":"wp","href":"https:\/\/api.w.org\/{rel}","templated":true}]}}