{"id":22993,"date":"2025-12-11T07:23:27","date_gmt":"2025-12-11T07:23:27","guid":{"rendered":"https:\/\/esmte.com\/?post_type=product&#038;p=22993"},"modified":"2026-01-13T03:12:57","modified_gmt":"2026-01-13T03:12:57","slug":"fixture-cleaning-machine","status":"publish","type":"product","link":"https:\/\/esmte.com\/es\/products\/fixture-cleaning-machine\/","title":{"rendered":"M\u00e1quina NG&amp;OK Horizontal SMT YNO-250"},"content":{"rendered":"<h2>Introducci\u00f3n<\/h2>\n<p data-start=\"127\" data-end=\"460\">El <strong>SMT<\/strong> <strong>M\u00e1quina de limpieza de accesorios<\/strong> Es una soluci\u00f3n automatizada dise\u00f1ada para eliminar residuos de fundente, adhesivos, polvo y otros contaminantes de producci\u00f3n de diversas fijaciones de fabricaci\u00f3n. A medida que los ensambles electr\u00f3nicos se vuelven m\u00e1s compactos y precisos, mantener la limpieza de las fijaciones es esencial para procesos estables y una calidad constante del producto.<\/p>\n<p data-start=\"462\" data-end=\"899\">En el centro del sistema se encuentra un mecanismo de limpieza por aspersi\u00f3n de alta eficiencia, respaldado por un control preciso de temperatura y presi\u00f3n. Es capaz de limpiar paletas de reflujo, portadores de soldadura por ola, accesorios de prueba ICT\/FCT, plantillas de recubrimiento y marcos de herramientas en un solo ciclo. Las boquillas de aspersi\u00f3n optimizadas y un sistema de filtraci\u00f3n de circuito cerrado garantizan la eliminaci\u00f3n completa de los residuos curados sin da\u00f1ar las superficies de los accesorios ni alterar la precisi\u00f3n dimensional.<\/p>\n<p data-start=\"901\" data-end=\"1235\">Los ciclos de limpieza automatizados reemplazan el trabajo manual inconsistente, reduciendo la intensidad de la mano de obra y mejorando la repetibilidad. Los par\u00e1metros programables permiten a los operadores adaptar los modos de limpieza a los diferentes tipos de accesorios, y el dise\u00f1o de filtraci\u00f3n integrado minimiza el uso de productos qu\u00edmicos, prolonga la vida \u00fatil de la soluci\u00f3n de limpieza y reduce los costos operativos.<\/p>\n<p data-start=\"1237\" data-end=\"1536\">Con compatibilidad para flujos de producci\u00f3n SMT, THT y PCBA, el <strong>SMT<\/strong> <strong>M\u00e1quina de limpieza de accesorios<\/strong> Compatible con entornos de fabricaci\u00f3n de alta diversidad donde los accesorios se cambian con frecuencia. Su robusta construcci\u00f3n, su f\u00e1cil acceso para mantenimiento y sus funciones de alarma automatizadas garantizan una fiabilidad duradera para un funcionamiento continuo.<\/p>\n<p data-start=\"1538\" data-end=\"1923\">En general, el <strong>M\u00e1quina NG&amp;OK Horizontal SMT YNO-250<\/strong> Mejora la estabilidad de la producci\u00f3n, prolonga la vida \u00fatil de los accesorios y mejora la fiabilidad del producto. Al proporcionar un proceso de limpieza controlado, repetible y sin contaminaci\u00f3n, constituye una soluci\u00f3n fiable para la fabricaci\u00f3n de electr\u00f3nica avanzada en dispositivos m\u00f3viles, electr\u00f3nica automotriz, equipos m\u00e9dicos y sistemas de control industrial.<\/p>\n<p data-start=\"1538\" data-end=\"1923\"><img loading=\"lazy\" decoding=\"async\" class=\"alignnone wp-image-22994 aligncenter\" src=\"https:\/\/esmte.com\/wp-content\/uploads\/2025\/12\/11-40.webp\" alt=\"Fixture Cleaning Machine\" width=\"657\" height=\"657\" srcset=\"https:\/\/esmte.com\/wp-content\/uploads\/2025\/12\/11-40.webp 2560w, https:\/\/esmte.com\/wp-content\/uploads\/2025\/12\/11-40-100x100.webp 100w, https:\/\/esmte.com\/wp-content\/uploads\/2025\/12\/11-40-600x600.webp 600w, https:\/\/esmte.com\/wp-content\/uploads\/2025\/12\/11-40-300x300.webp 300w, https:\/\/esmte.com\/wp-content\/uploads\/2025\/12\/11-40-1024x1024.webp 1024w, https:\/\/esmte.com\/wp-content\/uploads\/2025\/12\/11-40-150x150.webp 150w, https:\/\/esmte.com\/wp-content\/uploads\/2025\/12\/11-40-768x768.webp 768w, https:\/\/esmte.com\/wp-content\/uploads\/2025\/12\/11-40-1536x1536.webp 1536w, https:\/\/esmte.com\/wp-content\/uploads\/2025\/12\/11-40-2048x2048.webp 2048w, https:\/\/esmte.com\/wp-content\/uploads\/2025\/12\/11-40-1x1.webp 1w, https:\/\/esmte.com\/wp-content\/uploads\/2025\/12\/11-40-10x10.webp 10w\" sizes=\"auto, (max-width: 657px) 100vw, 657px\" \/><\/p>\n<h2 data-start=\"136\" data-end=\"215\"><strong data-start=\"139\" data-end=\"215\">How the SMT Fixture Cleaning Machine Is Used in Mobile Electronics Factories<\/strong><\/h2>\n<p data-start=\"217\" data-end=\"304\"><strong data-start=\"221\" data-end=\"302\">1. Accesorios de limpieza para placas base de tel\u00e9fonos inteligentes (paletas de soldadura por reflujo y ola)<\/strong><\/p>\n<p data-start=\"305\" data-end=\"597\">Las placas de circuito impreso (PCB) de smartphones son compactas y densamente pobladas, lo que requiere herramientas limpias y sin contaminaci\u00f3n. La m\u00e1quina de limpieza de accesorios elimina residuos de fundente, aceites y residuos de las paletas de soldadura por reflujo y ola, garantizando una calidad constante y evitando la contaminaci\u00f3n de los lotes de producci\u00f3n posteriores.<\/p>\n<p data-start=\"599\" data-end=\"646\"><strong data-start=\"603\" data-end=\"644\">2. Limpieza de los accesorios de prueba de TIC y FCT<\/strong><\/p>\n<p data-start=\"647\" data-end=\"966\">La producci\u00f3n de electr\u00f3nica m\u00f3vil depende en gran medida de las pruebas ICT y FCT. Con el tiempo, las fijaciones de prueba acumulan polvo, pasta de soldadura, huellas dactilares y residuos que reducen la fiabilidad del contacto de la sonda. La limpieza automatizada de las fijaciones restaura la limpieza, mejora la precisi\u00f3n de las pruebas el\u00e9ctricas y reduce los falsos fallos o los defectos no detectados.<\/p>\n<p data-start=\"968\" data-end=\"1020\"><strong data-start=\"972\" data-end=\"1018\">3. Limpieza de los accesorios del conjunto de bater\u00edas<\/strong><\/p>\n<p data-start=\"1021\" data-end=\"1300\">Durante el montaje de la bater\u00eda del smartphone, las piezas de fijaci\u00f3n suelen acumular residuos de adhesivo, part\u00edculas y restos de n\u00edquel. La m\u00e1quina de limpieza elimina eficazmente estos contaminantes, evitando que entren materiales extra\u00f1os en la zona de la bater\u00eda y mejorando la seguridad y la consistencia del montaje.<\/p>\n<p data-start=\"1302\" data-end=\"1363\"><strong data-start=\"1306\" data-end=\"1361\">4. Limpieza de los accesorios del proceso de recubrimiento y dispensaci\u00f3n<\/strong><\/p>\n<p data-start=\"1364\" data-end=\"1638\">Los procesos de recubrimiento protector y dispensado de adhesivos dejan materiales curados en los accesorios, lo que afecta la precisi\u00f3n dimensional y la estabilidad de la aplicaci\u00f3n. La m\u00e1quina de limpieza de accesorios elimina los residuos endurecidos y la acumulaci\u00f3n para garantizar un recubrimiento preciso y una aplicaci\u00f3n uniforme del adhesivo.<\/p>\n<p data-start=\"1640\" data-end=\"1699\"><strong data-start=\"1644\" data-end=\"1697\">5. Accesorios de limpieza para la producci\u00f3n de m\u00f3dulos de c\u00e1mara<\/strong><\/p>\n<p data-start=\"1700\" data-end=\"1960\">Los m\u00f3dulos de c\u00e1mara requieren una limpieza excepcionalmente alta. La m\u00e1quina de limpieza elimina el micropolvo, los residuos de adhesivo y la contaminaci\u00f3n por fundente de las gu\u00edas de montaje de la c\u00e1mara, garantizando as\u00ed que los componentes sensibles, como las lentes y los sensores de imagen, permanezcan protegidos y sin defectos.<\/p>\n<p data-start=\"1962\" data-end=\"2029\"><strong data-start=\"1966\" data-end=\"2027\">6. Apoyo a la producci\u00f3n m\u00f3vil de alto rendimiento y alta combinaci\u00f3n<\/strong><\/p>\n<p data-start=\"2030\" data-end=\"2281\">La fabricaci\u00f3n de dispositivos m\u00f3viles implica cambios frecuentes de modelo y un uso intensivo de accesorios. La limpieza automatizada de accesorios acelera su producci\u00f3n, reduce la mano de obra y garantiza una producci\u00f3n estable y continua en l\u00edneas de ensamblaje de tel\u00e9fonos inteligentes de alta velocidad.<\/p>\n<p data-start=\"1538\" data-end=\"1923\"><img loading=\"lazy\" decoding=\"async\" class=\"aligncenter wp-image-22995\" src=\"https:\/\/esmte.com\/wp-content\/uploads\/2025\/12\/\u56fe\u72474-scaled.webp\" alt=\"\" width=\"1055\" height=\"831\" srcset=\"https:\/\/esmte.com\/wp-content\/uploads\/2025\/12\/\u56fe\u72474-scaled.webp 2560w, https:\/\/esmte.com\/wp-content\/uploads\/2025\/12\/\u56fe\u72474-scaled-600x473.webp 600w, https:\/\/esmte.com\/wp-content\/uploads\/2025\/12\/\u56fe\u72474-300x236.webp 300w, https:\/\/esmte.com\/wp-content\/uploads\/2025\/12\/\u56fe\u72474-1024x807.webp 1024w, https:\/\/esmte.com\/wp-content\/uploads\/2025\/12\/\u56fe\u72474-768x605.webp 768w, https:\/\/esmte.com\/wp-content\/uploads\/2025\/12\/\u56fe\u72474-1536x1210.webp 1536w, https:\/\/esmte.com\/wp-content\/uploads\/2025\/12\/\u56fe\u72474-2048x1613.webp 2048w, https:\/\/esmte.com\/wp-content\/uploads\/2025\/12\/\u56fe\u72474-1x1.webp 1w, https:\/\/esmte.com\/wp-content\/uploads\/2025\/12\/\u56fe\u72474-10x8.webp 10w\" sizes=\"auto, (max-width: 1055px) 100vw, 1055px\" \/><\/p>\n<h2>Presupuesto<\/h2>\n<table style=\"border-collapse: collapse; width: 924px; height: 356px;\" border=\"0\" width=\"528\" cellspacing=\"0\" cellpadding=\"0\">\n<tbody>\n<tr style=\"height: 15.00pt;\">\n<td class=\"et2\" style=\"height: 15pt; width: 141pt; text-align: center;\" width=\"188\" height=\"20\">Modelo<\/td>\n<td class=\"et3\" style=\"width: 255pt; text-align: center;\" width=\"340\">YFC-5200<\/td>\n<\/tr>\n<tr style=\"height: 15.00pt;\">\n<td class=\"et4\" style=\"height: 15pt; width: 141pt; text-align: center;\" width=\"188\" height=\"20\">Tama\u00f1o de la cesta de limpieza<\/td>\n<td class=\"et5\" style=\"width: 255pt; text-align: center;\" width=\"340\">\u03a61000 mm x H 200 mm. Opci\u00f3n de tama\u00f1o especial.<\/td>\n<\/tr>\n<tr style=\"height: 15.00pt;\">\n<td class=\"et4\" style=\"height: 15pt; width: 141pt; text-align: center;\" width=\"188\" height=\"20\">Unidad de pulverizaci\u00f3n<\/td>\n<td class=\"et5\" style=\"width: 255pt; text-align: center;\" width=\"340\">\u03a61000 mm x H 200 mm. Opci\u00f3n de tama\u00f1o especial.<\/td>\n<\/tr>\n<tr style=\"height: 15.00pt;\">\n<td class=\"et4\" style=\"height: 15pt; width: 141pt; text-align: center;\" width=\"188\" height=\"20\">Unidad de pulverizaci\u00f3n<\/td>\n<td class=\"et5\" style=\"width: 255pt; text-align: center;\" width=\"340\">Lado superior\/inferior\/frontal, rociado envolvente de 720\u00b0<\/td>\n<\/tr>\n<tr style=\"height: 15.00pt;\">\n<td class=\"et4\" style=\"height: 15pt; width: 141pt; text-align: center;\" width=\"188\" height=\"20\">Sistema de filtrado de 3 niveles<\/td>\n<td class=\"et5\" style=\"width: 255pt; text-align: center;\" width=\"340\">Filtros de 1 mm\/50 um\/20 um<\/td>\n<\/tr>\n<tr style=\"height: 15.00pt;\">\n<td class=\"et4\" style=\"height: 15pt; width: 141pt; text-align: center;\" width=\"188\" height=\"20\">Presi\u00f3n de aire comprimido<\/td>\n<td class=\"et5\" style=\"width: 255pt; text-align: center;\" width=\"340\">0,5~0,7 MPa<\/td>\n<\/tr>\n<tr style=\"height: 15.00pt;\">\n<td class=\"et4\" style=\"height: 15pt; width: 141pt; text-align: center;\" width=\"188\" height=\"20\">Capacidad del tanque limpio<\/td>\n<td class=\"et5\" style=\"width: 255pt; text-align: center;\" width=\"340\">80 litros<\/td>\n<\/tr>\n<tr style=\"height: 15.00pt;\">\n<td class=\"et4\" style=\"height: 15pt; width: 141pt; text-align: center;\" width=\"188\" height=\"20\">Temperatura del agua de enjuague<\/td>\n<td class=\"et5\" style=\"width: 255pt; text-align: center;\" width=\"340\"><span class=\"font1\">Temperatura ambiente ~80<\/span><span class=\"font0\">\u2103<\/span><\/td>\n<\/tr>\n<tr style=\"height: 15.00pt;\">\n<td class=\"et4\" style=\"height: 15pt; width: 141pt; text-align: center;\" width=\"188\" height=\"20\">Temperatura de calentamiento del aire caliente<\/td>\n<td class=\"et5\" style=\"width: 255pt; text-align: center;\" width=\"340\"><span class=\"font1\">Temperatura ambiente ~90<\/span><span class=\"font0\">\u2103<\/span><\/td>\n<\/tr>\n<tr style=\"height: 15.00pt;\">\n<td class=\"et4\" style=\"height: 15pt; width: 141pt; text-align: center;\" width=\"188\" height=\"20\">Energ\u00eda de bomba limpia<\/td>\n<td class=\"et5\" style=\"width: 255pt; text-align: center;\" width=\"340\">2,2 kW<\/td>\n<\/tr>\n<tr style=\"height: 15.00pt;\">\n<td class=\"et4\" style=\"height: 15pt; width: 141pt; text-align: center;\" width=\"188\" height=\"20\">Poder detergente limpio<\/td>\n<td class=\"et5\" style=\"width: 255pt; text-align: center;\" width=\"340\">9 kW<\/td>\n<\/tr>\n<tr style=\"height: 15.00pt;\">\n<td class=\"et4\" style=\"height: 15pt; width: 141pt; text-align: center;\" width=\"188\" height=\"20\">Potencia del soplador de aire<\/td>\n<td class=\"et5\" style=\"width: 255pt; text-align: center;\" width=\"340\">4,0 kW<\/td>\n<\/tr>\n<tr style=\"height: 15.00pt;\">\n<td class=\"et4\" style=\"height: 15pt; width: 141pt; text-align: center;\" width=\"188\" height=\"20\">Fuente de alimentaci\u00f3n<\/td>\n<td class=\"et5\" style=\"width: 255pt; text-align: center;\" width=\"340\">3 P, CA 380 V, 50\/60 Hz, 33 kW<\/td>\n<\/tr>\n<tr style=\"height: 15.00pt;\">\n<td class=\"et6\" style=\"height: 15pt; width: 141pt; text-align: center;\" width=\"188\" height=\"20\">Tama\u00f1o de la m\u00e1quina<\/td>\n<td class=\"et7\" style=\"width: 255pt; text-align: center;\" width=\"340\">Largo 1380 x Ancho 2100 x Alto 1400 (mm)<\/td>\n<\/tr>\n<\/tbody>\n<\/table>\n<p>&nbsp;<\/p>\n<p><a href=\"https:\/\/www.youtube.com\/@allaismt\" rel=\"nofollow noopener\" target=\"_blank\"><u>https:\/\/www.youtube.com\/@allaismt<\/u><\/a><\/p>\n<p>For more information about the <strong>M\u00e1quina NG&amp;OK Horizontal SMT YNO-250<\/strong>, por favor env\u00ede un correo electr\u00f3nico a<\/p>\n<p><a href=\"mailto:sophia@allaismt.com\"><u>sophia@allaismt.com<\/u><\/a><\/p>\n<p>Responderemos a su consulta a la brevedad y le proporcionaremos informaci\u00f3n detallada sobre nuestros productos y servicios.<\/p>\n<p>&nbsp;<\/p>","protected":false},"excerpt":{"rendered":"<p>Descripci\u00f3n: El <strong>SMT<\/strong> <strong>M\u00e1quina de limpieza de accesorios<\/strong> Es un sistema de limpieza automatizado dise\u00f1ado para eliminar residuos de fundente, adhesivos, polvo y contaminantes de diversos accesorios de producci\u00f3n. Mediante tecnolog\u00eda de pulverizaci\u00f3n de alta presi\u00f3n, disolventes optimizados y ciclos de limpieza controlados, restaura los accesorios a un estado limpio y listo para usar. Su rendimiento de limpieza constante mejora la estabilidad del proceso, reduce la mano de obra y promueve una producci\u00f3n de alta calidad en entornos de fabricaci\u00f3n de SMT, THT y PCBA.<\/p>\n<p>Cantidad m\u00ednima de pedido: 1 unidad<\/p>\n<p>Plazo de entrega: 15 d\u00edas<\/p>","protected":false},"featured_media":22996,"comment_status":"closed","ping_status":"closed","template":"","meta":[],"etheme_brands":[],"product_brand":[],"product_cat":[156,157],"product_tag":[],"class_list":{"0":"post-22993","1":"product","2":"type-product","3":"status-publish","4":"has-post-thumbnail","6":"product_cat-pcb-cleaning-machine","7":"product_cat-fixture-cleaning-machine","9":"first","10":"instock","11":"shipping-taxable","12":"product-type-simple"},"_links":{"self":[{"href":"https:\/\/esmte.com\/es\/wp-json\/wp\/v2\/product\/22993","targetHints":{"allow":["GET"]}}],"collection":[{"href":"https:\/\/esmte.com\/es\/wp-json\/wp\/v2\/product"}],"about":[{"href":"https:\/\/esmte.com\/es\/wp-json\/wp\/v2\/types\/product"}],"replies":[{"embeddable":true,"href":"https:\/\/esmte.com\/es\/wp-json\/wp\/v2\/comments?post=22993"}],"version-history":[{"count":1,"href":"https:\/\/esmte.com\/es\/wp-json\/wp\/v2\/product\/22993\/revisions"}],"predecessor-version":[{"id":23740,"href":"https:\/\/esmte.com\/es\/wp-json\/wp\/v2\/product\/22993\/revisions\/23740"}],"wp:featuredmedia":[{"embeddable":true,"href":"https:\/\/esmte.com\/es\/wp-json\/wp\/v2\/media\/22996"}],"wp:attachment":[{"href":"https:\/\/esmte.com\/es\/wp-json\/wp\/v2\/media?parent=22993"}],"wp:term":[{"taxonomy":"brand","embeddable":true,"href":"https:\/\/esmte.com\/es\/wp-json\/wp\/v2\/etheme_brands?post=22993"},{"taxonomy":"product_brand","embeddable":true,"href":"https:\/\/esmte.com\/es\/wp-json\/wp\/v2\/product_brand?post=22993"},{"taxonomy":"product_cat","embeddable":true,"href":"https:\/\/esmte.com\/es\/wp-json\/wp\/v2\/product_cat?post=22993"},{"taxonomy":"product_tag","embeddable":true,"href":"https:\/\/esmte.com\/es\/wp-json\/wp\/v2\/product_tag?post=22993"}],"curies":[{"name":"wp","href":"https:\/\/api.w.org\/{rel}","templated":true}]}}