{"id":22970,"date":"2025-12-11T02:54:36","date_gmt":"2025-12-11T02:54:36","guid":{"rendered":"https:\/\/esmte.com\/?post_type=product&#038;p=22970"},"modified":"2026-01-26T08:44:53","modified_gmt":"2026-01-26T08:44:53","slug":"solder-unloader-for-stable-post-wave-transfer","status":"publish","type":"product","link":"https:\/\/esmte.com\/es\/products\/solder-unloader-for-stable-post-wave-transfer\/","title":{"rendered":"Descargador de soldadura por ola con riel YUR-460"},"content":{"rendered":"<h2>Introducci\u00f3n<\/h2>\n<p data-start=\"162\" data-end=\"497\">El <strong>SMT<\/strong> <strong>Descargador de soldadura por ola con riel YUR-460<\/strong> Es un sistema automatizado dise\u00f1ado para manipular PCB inmediatamente despu\u00e9s de la soldadura por ola. Proporciona una ruta de transferencia estable y sincronizada que transporta los conjuntos soldados desde la cinta transportadora de salida hasta los procesos posteriores, garantizando una manipulaci\u00f3n fluida en entornos de producci\u00f3n de THT de alto volumen.<\/p>\n<p data-start=\"499\" data-end=\"845\">En el centro del YUR-460 se encuentra un transportador de rieles de precisi\u00f3n con ancho ajustable, que permite una r\u00e1pida adaptaci\u00f3n a diferentes tama\u00f1os de PCB y facilita la fabricaci\u00f3n eficiente de modelos mixtos. Su dise\u00f1o antideformaci\u00f3n y su movimiento de baja vibraci\u00f3n ayudan a proteger las placas con componentes pesados o capas gruesas de cobre de la tensi\u00f3n mec\u00e1nica durante la transferencia posterior a la soldadura.<\/p>\n<p data-start=\"847\" data-end=\"1197\">Para mejorar la eficiencia operativa, la <strong>YUR-460 SMT Descargador de Soldadura por Ola con Riel <\/strong>Ofrece m\u00faltiples configuraciones de descarga, como el enrutamiento de PCB a cargadores de almac\u00e9n, estaciones de almacenamiento intermedio, unidades de inspecci\u00f3n o transportadores de enfriamiento. Los sensores integrados y el control PLC mantienen un flujo constante, minimizan los cuellos de botella y reducen la intervenci\u00f3n manual, mejorando as\u00ed la fiabilidad y la utilizaci\u00f3n de la l\u00ednea.<\/p>\n<p data-start=\"1199\" data-end=\"1576\">Con una integraci\u00f3n perfecta en las l\u00edneas de soldadura por ola y una construcci\u00f3n duradera para un uso a largo plazo, el <strong>YUR-460 SMT Descargador de Soldadura por Ola con Riel<\/strong> Ofrece un manejo estable de PCB para electr\u00f3nica automotriz, productos de control industrial y ensamblajes de electr\u00f3nica de consumo. Su combinaci\u00f3n de precisi\u00f3n mec\u00e1nica y control inteligente del flujo de trabajo lo convierte en una herramienta eficaz para optimizar las operaciones modernas de soldadura THT.<\/p>\n<p data-start=\"1760\" data-end=\"2009\"><img loading=\"lazy\" decoding=\"async\" class=\"aligncenter wp-image-22971\" src=\"https:\/\/esmte.com\/wp-content\/uploads\/2025\/12\/11-38-scaled.webp\" alt=\"SMT Wave Solder Unloader with Rail\" width=\"640\" height=\"640\" srcset=\"https:\/\/esmte.com\/wp-content\/uploads\/2025\/12\/11-38-scaled.webp 2560w, https:\/\/esmte.com\/wp-content\/uploads\/2025\/12\/11-38-scaled-100x100.webp 100w, https:\/\/esmte.com\/wp-content\/uploads\/2025\/12\/11-38-scaled-600x600.webp 600w, https:\/\/esmte.com\/wp-content\/uploads\/2025\/12\/11-38-300x300.webp 300w, https:\/\/esmte.com\/wp-content\/uploads\/2025\/12\/11-38-1024x1024.webp 1024w, https:\/\/esmte.com\/wp-content\/uploads\/2025\/12\/11-38-150x150.webp 150w, https:\/\/esmte.com\/wp-content\/uploads\/2025\/12\/11-38-768x768.webp 768w, https:\/\/esmte.com\/wp-content\/uploads\/2025\/12\/11-38-1536x1536.webp 1536w, https:\/\/esmte.com\/wp-content\/uploads\/2025\/12\/11-38-2048x2048.webp 2048w, https:\/\/esmte.com\/wp-content\/uploads\/2025\/12\/11-38-1x1.webp 1w, https:\/\/esmte.com\/wp-content\/uploads\/2025\/12\/11-38-10x10.webp 10w\" sizes=\"auto, (max-width: 640px) 100vw, 640px\" \/><\/p>\n<h2 data-start=\"119\" data-end=\"230\"><strong data-start=\"122\" data-end=\"230\">C\u00f3mo se utiliza el descargador de soldadura por ola con riel YUR-460 en f\u00e1bricas de electr\u00f3nica m\u00f3vil<\/strong><\/h2>\n<p data-start=\"232\" data-end=\"285\"><strong data-start=\"236\" data-end=\"283\">1. Manejo cuidadoso de PCB delgadas para tel\u00e9fonos inteligentes<\/strong><\/p>\n<p data-start=\"286\" data-end=\"539\">Las placas de circuito impreso (PCB) de dispositivos m\u00f3viles son delgadas, ligeras y densamente pobladas. El descargador de soldadura por ola YUR-460 utiliza un transportador de rieles estable para sujetar estas placas inmediatamente despu\u00e9s de la soldadura por ola, evitando flexiones y vibraciones que podr\u00edan da\u00f1ar conectores, blindajes o interfaces THT.<\/p>\n<p data-start=\"541\" data-end=\"590\"><strong data-start=\"545\" data-end=\"588\">2. Transferencia estable despu\u00e9s de la soldadura por ola<\/strong><\/p>\n<p data-start=\"591\" data-end=\"842\">Inmediatamente despu\u00e9s de soldar, las placas a\u00fan est\u00e1n calientes y fr\u00e1giles. El YUR-460 proporciona una ruta de transferencia controlada y uniforme a los equipos posteriores, como transportadores de refrigeraci\u00f3n, AOI o racks de almacenamiento intermedio, lo que garantiza un flujo fluido y constante sin intervenci\u00f3n manual.<\/p>\n<p data-start=\"844\" data-end=\"903\"><strong data-start=\"848\" data-end=\"901\">3. Ajuste r\u00e1pido para m\u00faltiples tama\u00f1os de PCB m\u00f3viles<\/strong><\/p>\n<p data-start=\"904\" data-end=\"1155\">Las f\u00e1bricas de tel\u00e9fonos inteligentes manejan diversos tipos de placas: placas base, placas de carga, m\u00f3dulos de audio, placas de antena y PCB para accesorios. El ancho de riel ajustable del YUR-460 y su r\u00e1pida capacidad de cambio facilitan su adaptaci\u00f3n a diferentes tama\u00f1os y dise\u00f1os de PCB.<\/p>\n<p data-start=\"1157\" data-end=\"1210\"><strong data-start=\"1161\" data-end=\"1208\">4. Reducci\u00f3n de mano de obra y mayor automatizaci\u00f3n de la l\u00ednea<\/strong><\/p>\n<p data-start=\"1211\" data-end=\"1473\">Al encargarse de las tareas de descarga, el YUR-460 reduce la necesidad de operadores al final de la l\u00ednea de soldadura. Su control basado en PLC se sincroniza con la m\u00e1quina de soldadura por ola, manteniendo estable el tiempo de procesamiento y optimizando la automatizaci\u00f3n general del proceso de PCBA m\u00f3vil.<\/p>\n<p data-start=\"1475\" data-end=\"1518\"><strong data-start=\"1479\" data-end=\"1516\">5. Prevenci\u00f3n de defectos posteriores a la soldadura<\/strong><\/p>\n<p data-start=\"1519\" data-end=\"1762\">El sistema de soporte de placa y movimiento controlado ayuda a prevenir problemas relacionados con el estr\u00e9s, como uniones de soldadura agrietadas, almohadillas levantadas y desplazamiento de componentes, problemas que son especialmente comunes en placas de tel\u00e9fonos inteligentes de alta densidad si se manipulan manualmente.<\/p>\n<p data-start=\"1764\" data-end=\"1834\"><strong data-start=\"1768\" data-end=\"1832\">6. Integraci\u00f3n perfecta en l\u00edneas de montaje de tel\u00e9fonos de alta velocidad<\/strong><\/p>\n<p data-start=\"1835\" data-end=\"2085\">Dise\u00f1ado para una producci\u00f3n continua de alto rendimiento, el YUR-460 se integra f\u00e1cilmente con equipos de producci\u00f3n anteriores y posteriores. Esto lo hace ideal para entornos de fabricaci\u00f3n r\u00e1pida de smartphones, donde un flujo constante y un tiempo de inactividad m\u00ednimo son esenciales.<\/p>\n<p><img loading=\"lazy\" decoding=\"async\" class=\"aligncenter wp-image-22968\" src=\"https:\/\/esmte.com\/wp-content\/uploads\/2025\/12\/\u56fe\u72471_\u526f\u672c.webp\" alt=\"SMT Wave Solder Unloader with Rail YUR-350\" width=\"402\" height=\"473\" srcset=\"https:\/\/esmte.com\/wp-content\/uploads\/2025\/12\/\u56fe\u72471_\u526f\u672c.webp 1438w, https:\/\/esmte.com\/wp-content\/uploads\/2025\/12\/\u56fe\u72471_\u526f\u672c-600x706.webp 600w, https:\/\/esmte.com\/wp-content\/uploads\/2025\/12\/\u56fe\u72471_\u526f\u672c-255x300.webp 255w, https:\/\/esmte.com\/wp-content\/uploads\/2025\/12\/\u56fe\u72471_\u526f\u672c-871x1024.webp 871w, https:\/\/esmte.com\/wp-content\/uploads\/2025\/12\/\u56fe\u72471_\u526f\u672c-768x903.webp 768w, https:\/\/esmte.com\/wp-content\/uploads\/2025\/12\/\u56fe\u72471_\u526f\u672c-1306x1536.webp 1306w, https:\/\/esmte.com\/wp-content\/uploads\/2025\/12\/\u56fe\u72471_\u526f\u672c-1x1.webp 1w\" sizes=\"auto, (max-width: 402px) 100vw, 402px\" \/><\/p>\n<p>&nbsp;<\/p>\n<h2>Presupuesto<\/h2>\n<table style=\"border-collapse: collapse; width: 923px; height: 377px;\" border=\"0\" width=\"595\" cellspacing=\"0\" cellpadding=\"0\">\n<tbody>\n<tr style=\"height: 15.00pt;\">\n<td class=\"et2\" style=\"height: 15pt; width: 102.75pt; text-align: center;\" width=\"137\" height=\"20\">Modelo<\/td>\n<td class=\"et3\" style=\"width: 171.75pt; text-align: center;\" width=\"229\">YUR-350<\/td>\n<td class=\"et4\" style=\"width: 171.75pt; text-align: center;\" width=\"229\">YUR-460<\/td>\n<\/tr>\n<tr style=\"height: 15.00pt;\">\n<td class=\"et2\" style=\"height: 15pt; width: 102.75pt; text-align: center;\" width=\"137\" height=\"20\">Dimensi\u00f3n (mm)<\/td>\n<td class=\"et3\" style=\"width: 171.75pt; text-align: center;\" width=\"229\">2200*485*1400 mm<\/td>\n<td class=\"et4\" style=\"width: 171.75pt; text-align: center;\" width=\"229\">2200*600*1400 mm<\/td>\n<\/tr>\n<tr style=\"height: 15.00pt;\">\n<td class=\"et2\" style=\"height: 15pt; width: 102.75pt; text-align: center;\" width=\"137\" height=\"20\">Tama\u00f1o de PCB<\/td>\n<td class=\"et3\" style=\"width: 171.75pt; text-align: center;\" width=\"229\">60*60-450*350 mm<\/td>\n<td class=\"et4\" style=\"width: 171.75pt; text-align: center;\" width=\"229\">60*60-450*460 mm<\/td>\n<\/tr>\n<tr style=\"height: 15.00pt;\">\n<td class=\"et2\" style=\"height: 15pt; width: 102.75pt; text-align: center;\" width=\"137\" height=\"20\">Peso de la PCB<\/td>\n<td class=\"et5\" style=\"width: 343.5pt; border-right: 1pt solid #cccccc; text-align: center;\" colspan=\"2\" width=\"458\">M\u00e1ximo 4,5 kg<\/td>\n<\/tr>\n<tr style=\"height: 15.00pt;\">\n<td class=\"et2\" style=\"height: 15pt; width: 102.75pt; text-align: center;\" width=\"137\" height=\"20\">Velocidad<\/td>\n<td class=\"et5\" style=\"width: 343.5pt; border-right: 1pt solid #cccccc; text-align: center;\" colspan=\"2\" width=\"458\">Ajustable<\/td>\n<\/tr>\n<tr style=\"height: 15.00pt;\">\n<td class=\"et2\" style=\"height: 15pt; width: 102.75pt; text-align: center;\" width=\"137\" height=\"20\">En la altura del tablero<\/td>\n<td class=\"et5\" style=\"width: 343.5pt; border-right: 1pt solid #cccccc; text-align: center;\" colspan=\"2\" width=\"458\">1200 \u00b1 100 mm (o especificado por el cliente)<\/td>\n<\/tr>\n<tr style=\"height: 15.00pt;\">\n<td class=\"et2\" style=\"height: 15pt; width: 102.75pt; text-align: center;\" width=\"137\" height=\"20\">Altura del motor fueraborda<\/td>\n<td class=\"et5\" style=\"width: 343.5pt; border-right: 1pt solid #cccccc; text-align: center;\" colspan=\"2\" width=\"458\">800 \u00b1 100 mm (o especificado por el cliente)<\/td>\n<\/tr>\n<tr style=\"height: 15.00pt;\">\n<td class=\"et2\" style=\"height: 15pt; width: 102.75pt; text-align: center;\" width=\"137\" height=\"20\">Modo de transporte<\/td>\n<td class=\"et5\" style=\"width: 343.5pt; border-right: 1pt solid #cccccc; text-align: center;\" colspan=\"2\" width=\"458\">Cadena (opci\u00f3n de correa ESD)<\/td>\n<\/tr>\n<tr style=\"height: 15.00pt;\">\n<td class=\"et2\" style=\"height: 15pt; width: 102.75pt; text-align: center;\" width=\"137\" height=\"20\">Direcci\u00f3n de PCB<\/td>\n<td class=\"et7\" style=\"border-right: 1pt solid #cccccc; text-align: center;\" colspan=\"2\">De izquierda a derecha o de derecha a izquierda<\/td>\n<\/tr>\n<tr style=\"height: 15.00pt;\">\n<td class=\"et2\" style=\"height: 15pt; width: 102.75pt; text-align: center;\" width=\"137\" height=\"20\">Comunicaci\u00f3n<\/td>\n<td class=\"et5\" style=\"width: 343.5pt; border-right: 1pt solid #cccccc; text-align: center;\" colspan=\"2\" width=\"458\">SMEMA para entrada y salida<\/td>\n<\/tr>\n<tr style=\"height: 15.00pt;\">\n<td class=\"et2\" style=\"height: 15pt; width: 102.75pt; text-align: center;\" width=\"137\" height=\"20\">Fuerza<\/td>\n<td class=\"et5\" style=\"width: 343.5pt; border-right: 1pt solid #cccccc; text-align: center;\" colspan=\"2\" width=\"458\">M\u00e1ximo 300 W<\/td>\n<\/tr>\n<tr style=\"height: 15.00pt;\">\n<td class=\"et2\" style=\"height: 15pt; width: 102.75pt; text-align: center;\" width=\"137\" height=\"20\">Fuente de alimentaci\u00f3n<\/td>\n<td class=\"et5\" style=\"width: 343.5pt; border-right: 1pt solid #cccccc; text-align: center;\" colspan=\"2\" width=\"458\">1 fase CA 220 V 50\/60 Hz (Opci\u00f3n: 110 V a 380 V)<\/td>\n<\/tr>\n<tr style=\"height: 15.00pt;\">\n<td class=\"et9\" style=\"height: 15pt; width: 102.75pt; text-align: center;\" width=\"137\" height=\"20\">Peso<\/td>\n<td class=\"et10\" style=\"width: 171.75pt; text-align: center;\" width=\"229\">80 kilogramos<\/td>\n<td class=\"et11\" style=\"width: 171.75pt; text-align: center;\" width=\"229\">90 kilos<\/td>\n<\/tr>\n<\/tbody>\n<\/table>\n<p>&nbsp;<\/p>\n<p><a href=\"https:\/\/www.youtube.com\/@allaismt\" rel=\"nofollow noopener\" target=\"_blank\"><u>https:\/\/www.youtube.com\/@allaismt<\/u><\/a><\/p>\n<p>For more information about the <strong>SMT Wave Solder Unloader with Rail YUR-460<\/strong>, por favor env\u00ede un correo electr\u00f3nico a<\/p>\n<p><a href=\"mailto:sophia@allaismt.com\"><u>sophia@allaismt.com<\/u><\/a><\/p>\n<p>Responderemos a su consulta a la brevedad y le proporcionaremos informaci\u00f3n detallada sobre nuestros productos y servicios.<\/p>\n<p>&nbsp;<\/p>","protected":false},"excerpt":{"rendered":"<p>Descripci\u00f3n: El <strong>YUR-460 SMT Descargador de Soldadura por Ola con Riel <\/strong>Proporciona una transferencia de PCB fluida y controlada tras la soldadura por ola, lo que la hace ideal para las placas delicadas y compactas utilizadas en electr\u00f3nica m\u00f3vil. Su transportador guiado por rieles estabiliza las PCB delgadas de smartphones, evita que se doblen y minimiza la vibraci\u00f3n durante la descarga. Con ancho ajustable y capacidad de cambio r\u00e1pido, admite m\u00faltiples tipos de placas telef\u00f3nicas, lo que garantiza un flujo descendente constante y reduce la manipulaci\u00f3n manual en l\u00edneas de producci\u00f3n de dispositivos m\u00f3viles de alta velocidad.<\/p>\n<p>Cantidad m\u00ednima de pedido: 1 unidad<\/p>\n<p>Plazo de entrega: 15 d\u00edas<\/p>","protected":false},"featured_media":22972,"comment_status":"closed","ping_status":"closed","template":"","meta":[],"etheme_brands":[],"product_brand":[],"product_cat":[151,153],"product_tag":[],"class_list":{"0":"post-22970","1":"product","2":"type-product","3":"status-publish","4":"has-post-thumbnail","6":"product_cat-pcb-soldering-equipment","7":"product_cat-wave-soldering-machine","9":"first","10":"instock","11":"shipping-taxable","12":"product-type-simple"},"_links":{"self":[{"href":"https:\/\/esmte.com\/es\/wp-json\/wp\/v2\/product\/22970","targetHints":{"allow":["GET"]}}],"collection":[{"href":"https:\/\/esmte.com\/es\/wp-json\/wp\/v2\/product"}],"about":[{"href":"https:\/\/esmte.com\/es\/wp-json\/wp\/v2\/types\/product"}],"replies":[{"embeddable":true,"href":"https:\/\/esmte.com\/es\/wp-json\/wp\/v2\/comments?post=22970"}],"version-history":[{"count":1,"href":"https:\/\/esmte.com\/es\/wp-json\/wp\/v2\/product\/22970\/revisions"}],"predecessor-version":[{"id":24202,"href":"https:\/\/esmte.com\/es\/wp-json\/wp\/v2\/product\/22970\/revisions\/24202"}],"wp:featuredmedia":[{"embeddable":true,"href":"https:\/\/esmte.com\/es\/wp-json\/wp\/v2\/media\/22972"}],"wp:attachment":[{"href":"https:\/\/esmte.com\/es\/wp-json\/wp\/v2\/media?parent=22970"}],"wp:term":[{"taxonomy":"brand","embeddable":true,"href":"https:\/\/esmte.com\/es\/wp-json\/wp\/v2\/etheme_brands?post=22970"},{"taxonomy":"product_brand","embeddable":true,"href":"https:\/\/esmte.com\/es\/wp-json\/wp\/v2\/product_brand?post=22970"},{"taxonomy":"product_cat","embeddable":true,"href":"https:\/\/esmte.com\/es\/wp-json\/wp\/v2\/product_cat?post=22970"},{"taxonomy":"product_tag","embeddable":true,"href":"https:\/\/esmte.com\/es\/wp-json\/wp\/v2\/product_tag?post=22970"}],"curies":[{"name":"wp","href":"https:\/\/api.w.org\/{rel}","templated":true}]}}