{"id":22965,"date":"2025-12-10T10:18:43","date_gmt":"2025-12-10T10:18:43","guid":{"rendered":"https:\/\/esmte.com\/?post_type=product&#038;p=22965"},"modified":"2026-01-26T08:46:05","modified_gmt":"2026-01-26T08:46:05","slug":"wave-solder-unloader","status":"publish","type":"product","link":"https:\/\/esmte.com\/es\/products\/wave-solder-unloader\/","title":{"rendered":"Descargador de soldadura por ola con riel YUR-350"},"content":{"rendered":"<h2 data-rm-block-id=\"block-1\">Introducci\u00f3n<\/h2>\n<p data-start=\"180\" data-end=\"538\" data-rm-block-id=\"block-2\">El <strong>SMT<\/strong> <strong>Descargador de soldadura por ola con riel YUR-350<\/strong>\u00a0Es un descargador automatizado de soldadura por ola, dise\u00f1ado para que las f\u00e1bricas de electr\u00f3nica modernas gestionen eficientemente la manipulaci\u00f3n de PCB tras el proceso de soldadura. Al automatizar la descarga de PCB de las m\u00e1quinas de soldadura por ola, minimiza el trabajo manual, reduce el riesgo de da\u00f1os en la placa o los componentes y garantiza una orientaci\u00f3n uniforme en los procesos posteriores.<\/p>\n<p data-start=\"540\" data-end=\"872\" data-rm-block-id=\"block-3\">Equipado con rieles de precisi\u00f3n y mecanismos de manipulaci\u00f3n, el <strong>SMT<\/strong> <strong>Descargador de soldadura por ola con riel YUR-350<\/strong> Admite una amplia gama de tipos de PCB, incluyendo placas de doble cara, multicapa y mixtas SMT\/PTH. Su dise\u00f1o flexible permite una integraci\u00f3n perfecta en las l\u00edneas de producci\u00f3n existentes, conect\u00e1ndose f\u00e1cilmente con transportadores, estaciones de inspecci\u00f3n y equipos de ensamblaje.<\/p>\n<p data-start=\"874\" data-end=\"1235\" data-rm-block-id=\"block-4\">El sistema mejora la eficiencia de la producci\u00f3n al mantener un flujo continuo de PCB y reducir los tiempos de ciclo. El control automatizado garantiza que cada placa se manipule con cuidado y precisi\u00f3n, preservando la integridad de las uniones soldadas y la fiabilidad de los componentes, crucial para dispositivos electr\u00f3nicos de alta fiabilidad, como los de automoci\u00f3n, control industrial y comunicaci\u00f3n.<\/p>\n<p data-start=\"1237\" data-end=\"1522\" data-rm-block-id=\"block-5\">Al estandarizar el manejo posterior a la soldadura, <strong>SMT<\/strong> <strong>Descargador de soldadura por ola con riel YUR-350<\/strong> No solo aumenta el rendimiento, sino que tambi\u00e9n mejora la calidad general de fabricaci\u00f3n. Su tama\u00f1o compacto y su interfaz intuitiva facilitan su operaci\u00f3n y mantenimiento, permitiendo tanto producciones de gran volumen como lotes m\u00e1s peque\u00f1os.<\/p>\n<p data-start=\"1237\" data-end=\"1522\" data-rm-block-id=\"block-7\"><img loading=\"lazy\" decoding=\"async\" class=\"aligncenter wp-image-22966\" src=\"https:\/\/esmte.com\/wp-content\/uploads\/2025\/12\/11-37-scaled.webp\" alt=\"SMT Wave Solder Unloader with Rail\" width=\"623\" height=\"623\" srcset=\"https:\/\/esmte.com\/wp-content\/uploads\/2025\/12\/11-37-scaled.webp 2560w, https:\/\/esmte.com\/wp-content\/uploads\/2025\/12\/11-37-scaled-100x100.webp 100w, https:\/\/esmte.com\/wp-content\/uploads\/2025\/12\/11-37-scaled-600x600.webp 600w, https:\/\/esmte.com\/wp-content\/uploads\/2025\/12\/11-37-300x300.webp 300w, https:\/\/esmte.com\/wp-content\/uploads\/2025\/12\/11-37-1024x1024.webp 1024w, https:\/\/esmte.com\/wp-content\/uploads\/2025\/12\/11-37-150x150.webp 150w, https:\/\/esmte.com\/wp-content\/uploads\/2025\/12\/11-37-768x768.webp 768w, https:\/\/esmte.com\/wp-content\/uploads\/2025\/12\/11-37-1536x1536.webp 1536w, https:\/\/esmte.com\/wp-content\/uploads\/2025\/12\/11-37-2048x2048.webp 2048w, https:\/\/esmte.com\/wp-content\/uploads\/2025\/12\/11-37-1x1.webp 1w, https:\/\/esmte.com\/wp-content\/uploads\/2025\/12\/11-37-10x10.webp 10w\" sizes=\"auto, (max-width: 623px) 100vw, 623px\" \/><\/p>\n<h2 data-start=\"150\" data-end=\"246\" data-rm-block-id=\"block-9\">C\u00f3mo se utiliza el descargador de soldadura por ola con riel YUR-350 en f\u00e1bricas de electr\u00f3nica automotriz<\/h2>\n<p data-start=\"248\" data-end=\"620\" data-rm-block-id=\"block-10\">El <strong data-start=\"252\" data-end=\"263\">YUR\u2011350<\/strong> Es un sistema automatizado de descarga de PCB dise\u00f1ado para optimizar los procesos posteriores a la soldadura en f\u00e1bricas de electr\u00f3nica automotriz. Al transferir eficientemente las PCB desde las m\u00e1quinas de soldadura por ola a las operaciones posteriores, minimiza la manipulaci\u00f3n manual, reduce el riesgo de da\u00f1os en los componentes y garantiza una orientaci\u00f3n uniforme de la placa para su inspecci\u00f3n, prueba o ensamblaje.<\/p>\n<p data-start=\"622\" data-end=\"890\" data-rm-block-id=\"block-11\"><strong data-start=\"622\" data-end=\"647\">Integraci\u00f3n perfecta:<\/strong><br data-start=\"647\" data-end=\"650\" \/>El YUR-350 se conecta fluidamente con transportadores, m\u00e1quinas de soldadura por ola y l\u00edneas de montaje automatizadas, lo que permite un flujo de trabajo totalmente automatizado. Esta integraci\u00f3n garantiza un alto rendimiento a la vez que mantiene la precisi\u00f3n en el manejo de PCB automotrices complejas.<\/p>\n<p data-start=\"892\" data-end=\"1207\" data-rm-block-id=\"block-12\"><strong data-start=\"892\" data-end=\"934\">Soporte para placas automotrices complejas:<\/strong><br data-start=\"934\" data-end=\"937\" \/>La electr\u00f3nica automotriz suele incluir placas SMT\/PTH de doble cara, multicapa o mixtas con alta densidad de componentes. El YUR-350 se adapta a estas placas con rieles de precisi\u00f3n y mecanismos de manejo cuidadosos, preservando la integridad de las uniones soldadas y la fiabilidad de los componentes.<\/p>\n<p data-start=\"1209\" data-end=\"1487\" data-rm-block-id=\"block-13\"><strong data-start=\"1209\" data-end=\"1236\">Eficiencia y Calidad:<\/strong><br data-start=\"1236\" data-end=\"1239\" \/>Al automatizar la descarga, el sistema aumenta la eficiencia de la producci\u00f3n, reduce los costos de mano de obra y mantiene una calidad constante en todas las PCB. Esto es esencial para aplicaciones automotrices de alta confiabilidad, como ECU, sensores y m\u00f3dulos de control.<\/p>\n<p data-start=\"1489\" data-end=\"1762\" data-rm-block-id=\"block-14\"><strong data-start=\"1489\" data-end=\"1523\">Aplicaciones de f\u00e1brica flexibles:<\/strong><br data-start=\"1523\" data-end=\"1526\" \/>Adecuado tanto para producci\u00f3n en masa como para tiradas de lotes peque\u00f1os, el YUR-350 proporciona una soluci\u00f3n confiable, segura y eficiente para f\u00e1bricas de electr\u00f3nica automotriz que buscan un manejo optimizado de PCB posterior a la soldadura y un flujo de trabajo de producci\u00f3n mejorado.<\/p>\n<p><img loading=\"lazy\" decoding=\"async\" class=\"aligncenter wp-image-22968\" src=\"https:\/\/esmte.com\/wp-content\/uploads\/2025\/12\/\u56fe\u72471_\u526f\u672c.webp\" alt=\"SMT Wave Solder Unloader with Rail YUR-350\" width=\"436\" height=\"513\" srcset=\"https:\/\/esmte.com\/wp-content\/uploads\/2025\/12\/\u56fe\u72471_\u526f\u672c.webp 1438w, https:\/\/esmte.com\/wp-content\/uploads\/2025\/12\/\u56fe\u72471_\u526f\u672c-600x706.webp 600w, https:\/\/esmte.com\/wp-content\/uploads\/2025\/12\/\u56fe\u72471_\u526f\u672c-255x300.webp 255w, https:\/\/esmte.com\/wp-content\/uploads\/2025\/12\/\u56fe\u72471_\u526f\u672c-871x1024.webp 871w, https:\/\/esmte.com\/wp-content\/uploads\/2025\/12\/\u56fe\u72471_\u526f\u672c-768x903.webp 768w, https:\/\/esmte.com\/wp-content\/uploads\/2025\/12\/\u56fe\u72471_\u526f\u672c-1306x1536.webp 1306w, https:\/\/esmte.com\/wp-content\/uploads\/2025\/12\/\u56fe\u72471_\u526f\u672c-1x1.webp 1w\" sizes=\"auto, (max-width: 436px) 100vw, 436px\" \/><\/p>\n<p>&nbsp;<\/p>\n<h2 data-rm-block-id=\"block-16\">Presupuesto<\/h2>\n<table style=\"border-collapse: collapse; width: 921px; height: 370px;\" border=\"0\" width=\"595\" cellspacing=\"0\" cellpadding=\"0\">\n<tbody>\n<tr style=\"height: 15.00pt;\">\n<td class=\"et2\" style=\"height: 15pt; width: 102.75pt; text-align: center;\" width=\"137\" height=\"20\" data-rm-block-id=\"block-17\">Modelo<\/td>\n<td class=\"et3\" style=\"width: 171.75pt; text-align: center;\" width=\"229\" data-rm-block-id=\"block-18\">YUR-350<\/td>\n<td class=\"et4\" style=\"width: 171.75pt; text-align: center;\" width=\"229\" data-rm-block-id=\"block-19\">YUR-460<\/td>\n<\/tr>\n<tr style=\"height: 15.00pt;\">\n<td class=\"et2\" style=\"height: 15pt; width: 102.75pt; text-align: center;\" width=\"137\" height=\"20\" data-rm-block-id=\"block-20\">Dimensi\u00f3n (mm)<\/td>\n<td class=\"et3\" style=\"width: 171.75pt; text-align: center;\" width=\"229\" data-rm-block-id=\"block-21\">2200*485*1400 mm<\/td>\n<td class=\"et4\" style=\"width: 171.75pt; text-align: center;\" width=\"229\" data-rm-block-id=\"block-22\">2200*600*1400 mm<\/td>\n<\/tr>\n<tr style=\"height: 15.00pt;\">\n<td class=\"et2\" style=\"height: 15pt; width: 102.75pt; text-align: center;\" width=\"137\" height=\"20\" data-rm-block-id=\"block-23\">Tama\u00f1o de PCB<\/td>\n<td class=\"et3\" style=\"width: 171.75pt; text-align: center;\" width=\"229\" data-rm-block-id=\"block-24\">60*60-450*350 mm<\/td>\n<td class=\"et4\" style=\"width: 171.75pt; text-align: center;\" width=\"229\" data-rm-block-id=\"block-25\">60*60-450*460 mm<\/td>\n<\/tr>\n<tr style=\"height: 15.00pt;\">\n<td class=\"et2\" style=\"height: 15pt; width: 102.75pt; text-align: center;\" width=\"137\" height=\"20\" data-rm-block-id=\"block-26\">Peso de la PCB<\/td>\n<td class=\"et5\" style=\"width: 343.5pt; border-right: 1pt solid #cccccc; text-align: center;\" colspan=\"2\" width=\"458\" data-rm-block-id=\"block-27\">M\u00e1ximo 4,5 kg<\/td>\n<\/tr>\n<tr style=\"height: 15.00pt;\">\n<td class=\"et2\" style=\"height: 15pt; width: 102.75pt; text-align: center;\" width=\"137\" height=\"20\" data-rm-block-id=\"block-28\">Velocidad<\/td>\n<td class=\"et5\" style=\"width: 343.5pt; border-right: 1pt solid #cccccc; text-align: center;\" colspan=\"2\" width=\"458\" data-rm-block-id=\"block-29\">Ajustable<\/td>\n<\/tr>\n<tr style=\"height: 15.00pt;\">\n<td class=\"et2\" style=\"height: 15pt; width: 102.75pt; text-align: center;\" width=\"137\" height=\"20\" data-rm-block-id=\"block-30\">En la altura del tablero<\/td>\n<td class=\"et5\" style=\"width: 343.5pt; border-right: 1pt solid #cccccc; text-align: center;\" colspan=\"2\" width=\"458\" data-rm-block-id=\"block-31\">1200 \u00b1 100 mm (o especificado por el cliente)<\/td>\n<\/tr>\n<tr style=\"height: 15.00pt;\">\n<td class=\"et2\" style=\"height: 15pt; width: 102.75pt; text-align: center;\" width=\"137\" height=\"20\" data-rm-block-id=\"block-32\">Altura del motor fueraborda<\/td>\n<td class=\"et5\" style=\"width: 343.5pt; border-right: 1pt solid #cccccc; text-align: center;\" colspan=\"2\" width=\"458\" data-rm-block-id=\"block-33\">800 \u00b1 100 mm (o especificado por el cliente)<\/td>\n<\/tr>\n<tr style=\"height: 15.00pt;\">\n<td class=\"et2\" style=\"height: 15pt; width: 102.75pt; text-align: center;\" width=\"137\" height=\"20\" data-rm-block-id=\"block-34\">Modo de transporte<\/td>\n<td class=\"et5\" style=\"width: 343.5pt; border-right: 1pt solid #cccccc; text-align: center;\" colspan=\"2\" width=\"458\" data-rm-block-id=\"block-35\">Cadena (opci\u00f3n de correa ESD)<\/td>\n<\/tr>\n<tr style=\"height: 15.00pt;\">\n<td class=\"et2\" style=\"height: 15pt; width: 102.75pt; text-align: center;\" width=\"137\" height=\"20\" data-rm-block-id=\"block-36\">Direcci\u00f3n de PCB<\/td>\n<td class=\"et7\" style=\"border-right: 1pt solid #cccccc; text-align: center;\" colspan=\"2\" data-rm-block-id=\"block-37\">De izquierda a derecha o de derecha a izquierda<\/td>\n<\/tr>\n<tr style=\"height: 15.00pt;\">\n<td class=\"et2\" style=\"height: 15pt; width: 102.75pt; text-align: center;\" width=\"137\" height=\"20\" data-rm-block-id=\"block-38\">Comunicaci\u00f3n<\/td>\n<td class=\"et5\" style=\"width: 343.5pt; border-right: 1pt solid #cccccc; text-align: center;\" colspan=\"2\" width=\"458\" data-rm-block-id=\"block-39\">SMEMA para entrada y salida<\/td>\n<\/tr>\n<tr style=\"height: 15.00pt;\">\n<td class=\"et2\" style=\"height: 15pt; width: 102.75pt; text-align: center;\" width=\"137\" height=\"20\" data-rm-block-id=\"block-40\">Fuerza<\/td>\n<td class=\"et5\" style=\"width: 343.5pt; border-right: 1pt solid #cccccc; text-align: center;\" colspan=\"2\" width=\"458\" data-rm-block-id=\"block-41\">M\u00e1ximo 300 W<\/td>\n<\/tr>\n<tr style=\"height: 15.00pt;\">\n<td class=\"et2\" style=\"height: 15pt; width: 102.75pt; text-align: center;\" width=\"137\" height=\"20\" data-rm-block-id=\"block-42\">Fuente de alimentaci\u00f3n<\/td>\n<td class=\"et5\" style=\"width: 343.5pt; border-right: 1pt solid #cccccc; text-align: center;\" colspan=\"2\" width=\"458\" data-rm-block-id=\"block-43\">1 fase CA 220 V 50\/60 Hz (Opci\u00f3n: 110 V a 380 V)<\/td>\n<\/tr>\n<tr style=\"height: 15.00pt;\">\n<td class=\"et9\" style=\"height: 15pt; width: 102.75pt; text-align: center;\" width=\"137\" height=\"20\" data-rm-block-id=\"block-44\">Peso<\/td>\n<td class=\"et10\" style=\"width: 171.75pt; text-align: center;\" width=\"229\" data-rm-block-id=\"block-45\">80 kilogramos<\/td>\n<td class=\"et11\" style=\"width: 171.75pt; text-align: center;\" width=\"229\" data-rm-block-id=\"block-46\">90 kilos<\/td>\n<\/tr>\n<\/tbody>\n<\/table>\n<p data-rm-block-id=\"block-48\"><a href=\"https:\/\/www.youtube.com\/@allaismt\" rel=\"nofollow noopener\" target=\"_blank\"><u>https:\/\/www.youtube.com\/@allaismt<\/u><\/a><\/p>\n<p data-rm-block-id=\"block-49\">For more information about the <strong>SMT Wave Solder Unloader with Rail YUR-350<\/strong>, por favor env\u00ede un correo electr\u00f3nico a<\/p>\n<p data-rm-block-id=\"block-50\"><a href=\"mailto:sophia@allaismt.com\"><u>sophia@allaismt.com<\/u><\/a><\/p>\n<p data-rm-block-id=\"block-51\">Responderemos a su consulta a la brevedad y le proporcionaremos informaci\u00f3n detallada sobre nuestros productos y servicios.<\/p>\n<p data-rm-block-id=\"block-52\">","protected":false},"excerpt":{"rendered":"<p>Descripci\u00f3n: El<strong> SMT Wave Solder Unloader with Rail YUR-350<\/strong> Es un sistema automatizado de descarga de PCB dise\u00f1ado para una integraci\u00f3n perfecta con las m\u00e1quinas de soldadura por ola en f\u00e1bricas de electr\u00f3nica modernas. Transfiere eficientemente las PCB desde la etapa de soldadura a los procesos posteriores, reduciendo la manipulaci\u00f3n manual y minimizando los da\u00f1os. Adecuado para placas SMT\/PTH de doble cara, multicapa y mixtas, el YUR-350 mejora la eficiencia de la producci\u00f3n, mantiene una orientaci\u00f3n uniforme y facilita operaciones de alto rendimiento. Ideal para l\u00edneas de producci\u00f3n de automoci\u00f3n, industria, comunicaciones y electr\u00f3nica de consumo, garantiza una manipulaci\u00f3n fiable, segura y precisa despu\u00e9s de la soldadura.<\/p>\n<p>Cantidad m\u00ednima de pedido: 1 unidad<\/p>\n<p>Plazo de entrega: 15 d\u00edas<\/p>","protected":false},"featured_media":22967,"comment_status":"closed","ping_status":"closed","template":"","meta":[],"etheme_brands":[],"product_brand":[],"product_cat":[151,153],"product_tag":[],"class_list":{"0":"post-22965","1":"product","2":"type-product","3":"status-publish","4":"has-post-thumbnail","6":"product_cat-pcb-soldering-equipment","7":"product_cat-wave-soldering-machine","9":"first","10":"instock","11":"shipping-taxable","12":"product-type-simple"},"_links":{"self":[{"href":"https:\/\/esmte.com\/es\/wp-json\/wp\/v2\/product\/22965","targetHints":{"allow":["GET"]}}],"collection":[{"href":"https:\/\/esmte.com\/es\/wp-json\/wp\/v2\/product"}],"about":[{"href":"https:\/\/esmte.com\/es\/wp-json\/wp\/v2\/types\/product"}],"replies":[{"embeddable":true,"href":"https:\/\/esmte.com\/es\/wp-json\/wp\/v2\/comments?post=22965"}],"version-history":[{"count":1,"href":"https:\/\/esmte.com\/es\/wp-json\/wp\/v2\/product\/22965\/revisions"}],"predecessor-version":[{"id":24204,"href":"https:\/\/esmte.com\/es\/wp-json\/wp\/v2\/product\/22965\/revisions\/24204"}],"wp:featuredmedia":[{"embeddable":true,"href":"https:\/\/esmte.com\/es\/wp-json\/wp\/v2\/media\/22967"}],"wp:attachment":[{"href":"https:\/\/esmte.com\/es\/wp-json\/wp\/v2\/media?parent=22965"}],"wp:term":[{"taxonomy":"brand","embeddable":true,"href":"https:\/\/esmte.com\/es\/wp-json\/wp\/v2\/etheme_brands?post=22965"},{"taxonomy":"product_brand","embeddable":true,"href":"https:\/\/esmte.com\/es\/wp-json\/wp\/v2\/product_brand?post=22965"},{"taxonomy":"product_cat","embeddable":true,"href":"https:\/\/esmte.com\/es\/wp-json\/wp\/v2\/product_cat?post=22965"},{"taxonomy":"product_tag","embeddable":true,"href":"https:\/\/esmte.com\/es\/wp-json\/wp\/v2\/product_tag?post=22965"}],"curies":[{"name":"wp","href":"https:\/\/api.w.org\/{rel}","templated":true}]}}