{"id":22911,"date":"2025-12-10T02:07:01","date_gmt":"2025-12-10T02:07:01","guid":{"rendered":"https:\/\/esmte.com\/?post_type=product&#038;p=22911"},"modified":"2026-01-13T08:18:37","modified_gmt":"2026-01-13T08:18:37","slug":"efficient-solution-shape-machine","status":"publish","type":"product","link":"https:\/\/esmte.com\/es\/products\/efficient-solution-shape-machine\/","title":{"rendered":"M\u00e1quina autom\u00e1tica de modelado por resistencia YRS-600"},"content":{"rendered":"<h2>Introducci\u00f3n<\/h2>\n<p data-start=\"153\" data-end=\"459\">El <strong>M\u00e1quina autom\u00e1tica de modelado por resistencia YRS-600<\/strong> Est\u00e1 dise\u00f1ado para el conformado de terminales de alta precisi\u00f3n de resistencias de orificio pasante en la fabricaci\u00f3n de electr\u00f3nica moderna. Automatiza los procesos de corte, doblado y conformado para lograr una geometr\u00eda de componente consistente, garantizando una inserci\u00f3n suave y una mayor precisi\u00f3n de ensamblaje.<\/p>\n<p data-start=\"461\" data-end=\"820\">En entornos de producci\u00f3n, el YRS-600 sustituye el conformado manual por una automatizaci\u00f3n estable y de alta velocidad, lo que reduce significativamente la carga de trabajo y minimiza la variaci\u00f3n dimensional. Esta estandarizaci\u00f3n mejora la calidad de las operaciones posteriores, en particular la soldadura por ola y la soldadura selectiva, donde la forma correcta de los conductores es fundamental para obtener uniones soldadas fiables.<\/p>\n<p data-start=\"822\" data-end=\"1161\">Dise\u00f1ado para un funcionamiento continuo, el <strong>M\u00e1quina autom\u00e1tica de modelado por resistencia YRS-600<\/strong> Presenta una estructura mec\u00e1nica duradera y un sistema de alimentaci\u00f3n eficiente, ideal para la fabricaci\u00f3n de PCBA de gran volumen. Su consistencia y repetibilidad lo convierten en una herramienta esencial para proveedores de EMS, f\u00e1bricas de electr\u00f3nica de consumo, electr\u00f3nica automotriz y fabricantes de productos de control de potencia.<\/p>\n<p data-start=\"1163\" data-end=\"1457\">Al proporcionar una preparaci\u00f3n de resistencia uniforme, <strong>M\u00e1quina autom\u00e1tica de modelado por resistencia YRS-600<\/strong> Favorece la producci\u00f3n eficiente, reduce las repeticiones de trabajos y estabiliza todo el flujo de trabajo de ensamblaje THT. Es una soluci\u00f3n fiable para f\u00e1bricas que buscan mejorar la eficiencia y mantener altos est\u00e1ndares de calidad en el procesamiento masivo de componentes electr\u00f3nicos.<\/p>\n<p data-start=\"1163\" data-end=\"1457\"><img loading=\"lazy\" decoding=\"async\" class=\"alignnone wp-image-22905 aligncenter\" src=\"https:\/\/esmte.com\/wp-content\/uploads\/2025\/12\/22-1.webp\" alt=\"Automatic Resistance Shape Machine\" width=\"651\" height=\"650\" srcset=\"https:\/\/esmte.com\/wp-content\/uploads\/2025\/12\/22-1.webp 2561w, https:\/\/esmte.com\/wp-content\/uploads\/2025\/12\/22-1-100x100.webp 100w, https:\/\/esmte.com\/wp-content\/uploads\/2025\/12\/22-1-600x599.webp 600w, https:\/\/esmte.com\/wp-content\/uploads\/2025\/12\/22-1-300x300.webp 300w, https:\/\/esmte.com\/wp-content\/uploads\/2025\/12\/22-1-1024x1024.webp 1024w, https:\/\/esmte.com\/wp-content\/uploads\/2025\/12\/22-1-150x150.webp 150w, https:\/\/esmte.com\/wp-content\/uploads\/2025\/12\/22-1-768x767.webp 768w, https:\/\/esmte.com\/wp-content\/uploads\/2025\/12\/22-1-1536x1534.webp 1536w, https:\/\/esmte.com\/wp-content\/uploads\/2025\/12\/22-1-2048x2046.webp 2048w, https:\/\/esmte.com\/wp-content\/uploads\/2025\/12\/22-1-1x1.webp 1w, https:\/\/esmte.com\/wp-content\/uploads\/2025\/12\/22-1-10x10.webp 10w\" sizes=\"auto, (max-width: 651px) 100vw, 651px\" \/><\/p>\n<h2 data-start=\"103\" data-end=\"193\"><strong data-start=\"106\" data-end=\"193\">C\u00f3mo se utiliza la m\u00e1quina de conformado de resistencia autom\u00e1tica YRS-600 en f\u00e1bricas de electr\u00f3nica<\/strong><\/h2>\n<ol data-start=\"195\" data-end=\"2008\">\n<li data-start=\"195\" data-end=\"455\">\n<p data-start=\"198\" data-end=\"455\"><strong data-start=\"198\" data-end=\"233\">Preprocesamiento de resistencias THT<\/strong><br data-start=\"233\" data-end=\"236\" \/>El YRS-600 se instala en el \u00e1rea de preparaci\u00f3n de componentes para formar, cortar y doblar autom\u00e1ticamente los cables de las resistencias antes de que entren en la l\u00ednea de ensamblaje. Esto garantiza dimensiones uniformes para una operaci\u00f3n eficiente en las etapas posteriores.<\/p>\n<\/li>\n<li data-start=\"457\" data-end=\"691\">\n<p data-start=\"460\" data-end=\"691\"><strong data-start=\"460\" data-end=\"504\">Admite inserci\u00f3n manual o autom\u00e1tica<\/strong><br data-start=\"504\" data-end=\"507\" \/>Al proporcionar resistencias con una longitud de cable y un \u00e1ngulo de curvatura consistentes, la m\u00e1quina permite una inserci\u00f3n suave en las PCB, ya sea realizada por operadores o por equipos de inserci\u00f3n automatizados.<\/p>\n<\/li>\n<li data-start=\"693\" data-end=\"910\">\n<p data-start=\"696\" data-end=\"910\"><strong data-start=\"696\" data-end=\"732\">Mejora de la calidad de la soldadura por ola<\/strong><br data-start=\"732\" data-end=\"735\" \/>Las resistencias de forma uniforme reducen el riesgo de desalineaci\u00f3n, soldadura insuficiente, puenteo o inclinaci\u00f3n durante la soldadura por ola. Esto mejora la fiabilidad de la uni\u00f3n y minimiza la necesidad de retrabajo.<\/p>\n<\/li>\n<li data-start=\"912\" data-end=\"1133\">\n<p data-start=\"915\" data-end=\"1133\"><strong data-start=\"915\" data-end=\"963\">Preparaci\u00f3n de componentes para soldadura selectiva<\/strong><br data-start=\"963\" data-end=\"966\" \/>La m\u00e1quina produce cables formados con precisi\u00f3n que se adaptan bien a las restricciones de dise\u00f1o de soldadura selectiva, lo que garantiza un posicionamiento estable y resultados de soldadura consistentes.<\/p>\n<\/li>\n<li data-start=\"1135\" data-end=\"1361\">\n<p data-start=\"1138\" data-end=\"1361\"><strong data-start=\"1138\" data-end=\"1182\">Impulsar la productividad en la producci\u00f3n en masa<\/strong><br data-start=\"1182\" data-end=\"1185\" \/>Con alimentaci\u00f3n automatizada y formaci\u00f3n de alta velocidad, el YRS-600 maneja grandes lotes de resistencias, lo que reduce el trabajo manual y aumenta significativamente el rendimiento general de la f\u00e1brica.<\/p>\n<\/li>\n<li data-start=\"1363\" data-end=\"1580\">\n<p data-start=\"1366\" data-end=\"1580\"><strong data-start=\"1366\" data-end=\"1405\">Control de calidad y estandarizaci\u00f3n<\/strong><br data-start=\"1405\" data-end=\"1408\" \/>El uso del YRS-600 garantiza que todos los cables de resistencia cumplan con los est\u00e1ndares de f\u00e1brica en cuanto a longitud, forma y simetr\u00eda, lo que respalda una calidad constante en diferentes lotes de producci\u00f3n.<\/p>\n<\/li>\n<li data-start=\"1582\" data-end=\"1811\">\n<p data-start=\"1585\" data-end=\"1811\"><strong data-start=\"1585\" data-end=\"1630\">Reducci\u00f3n de la fatiga del operador y del error humano<\/strong><br data-start=\"1630\" data-end=\"1633\" \/>Al eliminar las tareas manuales de doblado y corte, la m\u00e1quina reduce el trabajo repetitivo, disminuye las tasas de error y mejora la seguridad operativa en el proceso de preparaci\u00f3n de componentes.<\/p>\n<\/li>\n<li data-start=\"1813\" data-end=\"2008\">\n<p data-start=\"1816\" data-end=\"2008\"><strong data-start=\"1816\" data-end=\"1859\">Apoyo a los procesos de fabricaci\u00f3n eficiente<\/strong><br data-start=\"1859\" data-end=\"1862\" \/>La m\u00e1quina estabiliza la preparaci\u00f3n de componentes aguas arriba, lo que permite un equilibrio de l\u00ednea m\u00e1s uniforme y un tiempo de procesamiento m\u00e1s predecible en las f\u00e1bricas de productos electr\u00f3nicos.<\/p>\n<\/li>\n<\/ol>\n<p>&nbsp;<\/p>\n<p><img loading=\"lazy\" decoding=\"async\" class=\"alignnone wp-image-22944 aligncenter\" src=\"https:\/\/esmte.com\/wp-content\/uploads\/2025\/12\/\u5143\u4ef6-1.png\" alt=\"\" width=\"1026\" height=\"241\" \/><\/p>\n<p>&nbsp;<\/p>\n<h2>Presupuesto<\/h2>\n<table style=\"border-collapse: collapse; width: 925px; height: 183px;\" border=\"0\" width=\"364\" cellspacing=\"0\" cellpadding=\"0\">\n<tbody>\n<tr style=\"height: 15.00pt;\">\n<td class=\"et2\" style=\"height: 15pt; width: 81.75pt; text-align: center;\" width=\"109\" height=\"20\">Modelo<\/td>\n<td class=\"et2\" style=\"width: 191.25pt; text-align: center;\" width=\"255\">A\u00f1o 600<\/td>\n<\/tr>\n<tr style=\"height: 15.00pt;\">\n<td class=\"et2\" style=\"height: 15pt; width: 81.75pt; text-align: center;\" width=\"109\" height=\"20\">Velocidad<\/td>\n<td class=\"et3\" style=\"width: 191.25pt; text-align: center;\" width=\"255\">6600 CPH<\/td>\n<\/tr>\n<tr style=\"height: 15.00pt;\">\n<td class=\"et2\" style=\"height: 15pt; width: 81.75pt; text-align: center;\" width=\"109\" height=\"20\">Dimensi\u00f3n<\/td>\n<td class=\"et3\" style=\"width: 191.25pt; text-align: center;\" width=\"255\">1050*600*650 mm<\/td>\n<\/tr>\n<tr style=\"height: 15.00pt;\">\n<td class=\"et2\" style=\"height: 15pt; width: 81.75pt; text-align: center;\" width=\"109\" height=\"20\">Fuente de alimentaci\u00f3n<\/td>\n<td class=\"et3\" style=\"width: 191.25pt; text-align: center;\" width=\"255\">Monof\u00e1sico CA 110\/220 V 50\/60 Hz<\/td>\n<\/tr>\n<tr style=\"height: 15.00pt;\">\n<td class=\"et2\" style=\"height: 15pt; width: 81.75pt; text-align: center;\" width=\"109\" height=\"20\">Fuerza<\/td>\n<td class=\"et3\" style=\"width: 191.25pt; text-align: center;\" width=\"255\">50 vatios<\/td>\n<\/tr>\n<tr style=\"height: 15.00pt;\">\n<td class=\"et4\" style=\"height: 15pt; width: 81.75pt; text-align: center;\" width=\"109\" height=\"20\">Peso<\/td>\n<td class=\"et5\" style=\"width: 191.25pt; text-align: center;\" width=\"255\">120 kilogramos<\/td>\n<\/tr>\n<\/tbody>\n<\/table>\n<p>&nbsp;<\/p>\n<p><a href=\"https:\/\/www.youtube.com\/@allaismt\" rel=\"nofollow noopener\" target=\"_blank\"><u>https:\/\/www.youtube.com\/@allaismt<\/u><\/a><\/p>\n<p>Para obtener m\u00e1s informaci\u00f3n sobre la m\u00e1quina de conformado de resistencia autom\u00e1tica YRS-600, env\u00ede un correo electr\u00f3nico a<\/p>\n<p><a href=\"mailto:sophia@allaismt.com\"><u>sophia@allaismt.com<\/u><\/a><\/p>\n<p>Responderemos a su consulta a la brevedad y le proporcionaremos informaci\u00f3n detallada sobre nuestros productos y servicios.<\/p>","protected":false},"excerpt":{"rendered":"<p>Descripci\u00f3n: El <strong>M\u00e1quina autom\u00e1tica de modelado por resistencia YRS-600<\/strong> es una soluci\u00f3n de conformado de terminales de alta eficiencia dise\u00f1ada para el procesamiento preciso de resistencias de agujero pasante en la fabricaci\u00f3n moderna de electr\u00f3nica. Ofrece una longitud de terminal consistente, \u00e1ngulos de curvado precisos y una calidad de conformado estable, garantizando una inserci\u00f3n fluida en las PCB y mejorando los procesos posteriores como la soldadura por ola y la soldadura selectiva.<\/p>\n<p>Cantidad m\u00ednima de pedido: 1 unidad<\/p>\n<p>Plazo de entrega: 15 d\u00edas<\/p>","protected":false},"featured_media":22912,"comment_status":"closed","ping_status":"closed","template":"","meta":[],"etheme_brands":[],"product_brand":[],"product_cat":[179],"product_tag":[],"class_list":{"0":"post-22911","1":"product","2":"type-product","3":"status-publish","4":"has-post-thumbnail","6":"product_cat-pcb-pin-lead-cutting-machine","8":"first","9":"instock","10":"shipping-taxable","11":"product-type-simple"},"_links":{"self":[{"href":"https:\/\/esmte.com\/es\/wp-json\/wp\/v2\/product\/22911","targetHints":{"allow":["GET"]}}],"collection":[{"href":"https:\/\/esmte.com\/es\/wp-json\/wp\/v2\/product"}],"about":[{"href":"https:\/\/esmte.com\/es\/wp-json\/wp\/v2\/types\/product"}],"replies":[{"embeddable":true,"href":"https:\/\/esmte.com\/es\/wp-json\/wp\/v2\/comments?post=22911"}],"version-history":[{"count":1,"href":"https:\/\/esmte.com\/es\/wp-json\/wp\/v2\/product\/22911\/revisions"}],"predecessor-version":[{"id":23753,"href":"https:\/\/esmte.com\/es\/wp-json\/wp\/v2\/product\/22911\/revisions\/23753"}],"wp:featuredmedia":[{"embeddable":true,"href":"https:\/\/esmte.com\/es\/wp-json\/wp\/v2\/media\/22912"}],"wp:attachment":[{"href":"https:\/\/esmte.com\/es\/wp-json\/wp\/v2\/media?parent=22911"}],"wp:term":[{"taxonomy":"brand","embeddable":true,"href":"https:\/\/esmte.com\/es\/wp-json\/wp\/v2\/etheme_brands?post=22911"},{"taxonomy":"product_brand","embeddable":true,"href":"https:\/\/esmte.com\/es\/wp-json\/wp\/v2\/product_brand?post=22911"},{"taxonomy":"product_cat","embeddable":true,"href":"https:\/\/esmte.com\/es\/wp-json\/wp\/v2\/product_cat?post=22911"},{"taxonomy":"product_tag","embeddable":true,"href":"https:\/\/esmte.com\/es\/wp-json\/wp\/v2\/product_tag?post=22911"}],"curies":[{"name":"wp","href":"https:\/\/api.w.org\/{rel}","templated":true}]}}