{"id":22886,"date":"2025-12-09T08:00:38","date_gmt":"2025-12-09T08:00:38","guid":{"rendered":"https:\/\/esmte.com\/?post_type=product&#038;p=22886"},"modified":"2026-01-27T08:48:48","modified_gmt":"2026-01-27T08:48:48","slug":"tht-axial-lead-insertion-machine-ya-201","status":"publish","type":"product","link":"https:\/\/esmte.com\/es\/products\/tht-axial-lead-insertion-machine-ya-201\/","title":{"rendered":"M\u00e1quina de inserci\u00f3n de componentes de cables axiales THT YA-201"},"content":{"rendered":"<h2>Introducci\u00f3n<\/h2>\n<p data-start=\"0\" data-end=\"413\">El <strong data-start=\"4\" data-end=\"57\">M\u00e1quina de inserci\u00f3n de componentes de cables axiales THT YA-201<\/strong> Es una soluci\u00f3n automatizada de calidad profesional dise\u00f1ada para mejorar la eficiencia y la precisi\u00f3n en el ensamblaje de PCB con orificio pasante. Dise\u00f1ada para la fabricaci\u00f3n de electr\u00f3nica moderna, la YA-201 se especializa en la inserci\u00f3n precisa de componentes con terminales axiales, como resistencias, condensadores y diodos, lo que garantiza una colocaci\u00f3n uniforme y reduce el riesgo de errores de ensamblaje.<\/p>\n<p data-start=\"415\" data-end=\"787\">Equipado con sistemas avanzados de alimentaci\u00f3n, alineaci\u00f3n y posicionamiento, el <strong data-start=\"4\" data-end=\"57\">M\u00e1quina de inserci\u00f3n de componentes de cables axiales THT YA-201<\/strong> Garantiza la colocaci\u00f3n precisa de los componentes y una profundidad de inserci\u00f3n controlada, manteniendo la integridad de la PCB y minimizando posibles da\u00f1os. Su funcionamiento automatizado permite la producci\u00f3n tanto en lotes peque\u00f1os como en grandes vol\u00famenes, lo que lo hace ideal para diversas l\u00edneas de montaje de THT, centros de reparaci\u00f3n y laboratorios de I+D.<\/p>\n<p data-start=\"789\" data-end=\"1068\">La m\u00e1quina de inserci\u00f3n de componentes de derivaci\u00f3n axial THT YA-201 presenta un dise\u00f1o compacto y ergon\u00f3mico que permite una integraci\u00f3n perfecta en los flujos de trabajo de producci\u00f3n sin ocupar demasiado espacio. Su robusta estructura mec\u00e1nica garantiza un funcionamiento estable y sin vibraciones, una larga durabilidad y un bajo mantenimiento.<\/p>\n<p data-start=\"1070\" data-end=\"1405\" data-is-last-node=\"\" data-is-only-node=\"\">Con el <strong data-start=\"1079\" data-end=\"1132\">M\u00e1quina de inserci\u00f3n de componentes de cables axiales THT YA-201<\/strong>, Los fabricantes pueden lograr ciclos de ensamblaje m\u00e1s r\u00e1pidos, mayor productividad y una calidad confiable para ensamblajes de PCB con orificio pasante. Su combinaci\u00f3n de precisi\u00f3n, eficiencia y facilidad de uso lo convierte en una herramienta esencial para la fabricaci\u00f3n automatizada moderna de electr\u00f3nica THT.<\/p>\n<p data-start=\"1070\" data-end=\"1405\" data-is-last-node=\"\" data-is-only-node=\"\"><img loading=\"lazy\" decoding=\"async\" class=\"alignnone wp-image-22882 aligncenter\" src=\"https:\/\/esmte.com\/wp-content\/uploads\/2025\/12\/11-29.webp\" alt=\"THT Axial Lead Component Insertion Machine YA-201\" width=\"558\" height=\"637\" srcset=\"https:\/\/esmte.com\/wp-content\/uploads\/2025\/12\/11-29.webp 1793w, https:\/\/esmte.com\/wp-content\/uploads\/2025\/12\/11-29-600x684.webp 600w, https:\/\/esmte.com\/wp-content\/uploads\/2025\/12\/11-29-263x300.webp 263w, https:\/\/esmte.com\/wp-content\/uploads\/2025\/12\/11-29-898x1024.webp 898w, https:\/\/esmte.com\/wp-content\/uploads\/2025\/12\/11-29-768x876.webp 768w, https:\/\/esmte.com\/wp-content\/uploads\/2025\/12\/11-29-1347x1536.webp 1347w, https:\/\/esmte.com\/wp-content\/uploads\/2025\/12\/11-29-1x1.webp 1w, https:\/\/esmte.com\/wp-content\/uploads\/2025\/12\/11-29-10x10.webp 10w\" sizes=\"auto, (max-width: 558px) 100vw, 558px\" \/><\/p>\n<h3>Caracter\u00edsticas principales<\/h3>\n<ul>\n<li data-start=\"73\" data-end=\"243\">\n<p data-start=\"76\" data-end=\"243\"><strong data-start=\"76\" data-end=\"110\">Inserci\u00f3n automatizada de alta velocidad<\/strong> \u2013 Ofrece una colocaci\u00f3n r\u00e1pida y eficiente de componentes de cables axiales, optimizando el rendimiento para el ensamblaje de PCB de gran volumen y alta mezcla.<\/p>\n<\/li>\n<li data-start=\"245\" data-end=\"424\">\n<p data-start=\"248\" data-end=\"424\"><strong data-start=\"248\" data-end=\"282\">Tecnolog\u00eda de alineaci\u00f3n de precisi\u00f3n<\/strong> \u2013 Los sensores integrados y los mecanismos de gu\u00eda garantizan un posicionamiento exacto de los componentes, minimizando la desalineaci\u00f3n y mejorando la calidad de la soldadura.<\/p>\n<\/li>\n<li data-start=\"426\" data-end=\"593\">\n<p data-start=\"429\" data-end=\"593\"><strong data-start=\"429\" data-end=\"460\">Manejo flexible de componentes<\/strong> \u2013 Compatible con una amplia gama de di\u00e1metros y longitudes de cables axiales, adapt\u00e1ndose a diversos dise\u00f1os de PCB y requisitos de producci\u00f3n.<\/p>\n<\/li>\n<li data-start=\"595\" data-end=\"772\">\n<p data-start=\"598\" data-end=\"772\"><strong data-start=\"598\" data-end=\"632\">Dise\u00f1o de escritorio que ahorra espacio<\/strong> \u2013 La estructura compacta y ergon\u00f3mica permite la instalaci\u00f3n en espacios de trabajo limitados sin sacrificar la accesibilidad ni la comodidad operativa.<\/p>\n<\/li>\n<li data-start=\"774\" data-end=\"954\">\n<p data-start=\"777\" data-end=\"954\"><strong data-start=\"777\" data-end=\"804\">Construcci\u00f3n industrial robusta<\/strong> \u2013 Dise\u00f1ado con materiales duraderos y componentes mec\u00e1nicos estables para proporcionar un rendimiento constante y sin vibraciones durante largos ciclos de producci\u00f3n.<\/p>\n<\/li>\n<li data-start=\"956\" data-end=\"1152\" data-is-last-node=\"\">\n<p data-start=\"959\" data-end=\"1152\" data-is-last-node=\"\"><strong data-start=\"959\" data-end=\"997\">Operaci\u00f3n y monitoreo intuitivos<\/strong> \u2013 La interfaz f\u00e1cil de usar permite una f\u00e1cil configuraci\u00f3n, ajustes del programa y monitoreo en tiempo real, reduciendo los errores del operador y agilizando la eficiencia del flujo de trabajo.<\/p>\n<\/li>\n<\/ul>\n<p>&nbsp;<\/p>\n<h2>Presupuesto<\/h2>\n<table style=\"border-collapse: collapse; width: 1374px; height: 435px;\" border=\"0\" width=\"722\" cellspacing=\"0\" cellpadding=\"0\">\n<tbody>\n<tr style=\"height: 15.00pt;\">\n<td class=\"et2\" style=\"height: 15pt; width: 167.25pt; text-align: center;\" width=\"223\" height=\"20\">Modelo<\/td>\n<td class=\"et3\" style=\"width: 184.5pt; text-align: center;\" width=\"246\">YA-101<\/td>\n<td class=\"et4\" style=\"width: 189.75pt; text-align: center;\" width=\"253\">YA-201<\/td>\n<\/tr>\n<tr style=\"height: 15.00pt;\">\n<td class=\"et5\" style=\"height: 15pt; width: 167.25pt; text-align: center;\" width=\"223\" height=\"20\">Entrada del alimentador de componentes<\/td>\n<td class=\"et6\" style=\"width: 184.5pt; text-align: center;\" width=\"246\">10 piezas (Opci\u00f3n: 30, 40, 50, 100 piezas)<\/td>\n<td class=\"et7\" style=\"width: 189.75pt; text-align: center;\" width=\"253\">20 piezas (Opci\u00f3n: 30, 40, 50, 100 piezas)<\/td>\n<\/tr>\n<tr style=\"height: 15.00pt;\">\n<td class=\"et5\" style=\"height: 15pt; width: 167.25pt; text-align: center;\" width=\"223\" height=\"20\">Velocidad de inserci\u00f3n<\/td>\n<td class=\"et6\" style=\"width: 374.25pt; text-align: center;\" colspan=\"2\" width=\"499\">25000 CPH, M\u00e1x. 0,12 s\/punto (0,14 s, 0,16 s, 0,18 s\/punto modificables)<\/td>\n<\/tr>\n<tr style=\"height: 15.00pt;\">\n<td class=\"et5\" style=\"height: 15pt; width: 167.25pt; text-align: center;\" width=\"223\" height=\"20\">Intervalo de inserci\u00f3n<\/td>\n<td class=\"et6\" style=\"width: 374.25pt; text-align: center;\" colspan=\"2\" width=\"499\">Componente: 5~22 mm, puente<span class=\"font2\">\uff1a<\/span><span class=\"font1\">5~26 mm<\/span><\/td>\n<\/tr>\n<tr style=\"height: 15.00pt;\">\n<td class=\"et5\" style=\"height: 15pt; width: 167.25pt; text-align: center;\" width=\"223\" height=\"20\">Recuperaci\u00f3n de inserci\u00f3n<\/td>\n<td class=\"et6\" style=\"width: 374.25pt; text-align: center;\" colspan=\"2\" width=\"499\">Recuperaci\u00f3n autom\u00e1tica<\/td>\n<\/tr>\n<tr style=\"height: 15.00pt;\">\n<td class=\"et5\" style=\"height: 15pt; width: 167.25pt; text-align: center;\" width=\"223\" height=\"20\">Direcci\u00f3n de inserci\u00f3n<\/td>\n<td class=\"et6\" style=\"width: 374.25pt; text-align: center;\" colspan=\"2\" width=\"499\">Direcci\u00f3n de 0 a 360\u00b0 en incrementos de 1\u00b0<\/td>\n<\/tr>\n<tr style=\"height: 15.00pt;\">\n<td class=\"et5\" style=\"height: 15pt; width: 167.25pt; text-align: center;\" width=\"223\" height=\"20\">Precisi\u00f3n de inserci\u00f3n<\/td>\n<td class=\"et6\" style=\"width: 374.25pt; text-align: center;\" colspan=\"2\" width=\"499\">0,05 mm<\/td>\n<\/tr>\n<tr style=\"height: 15.00pt;\">\n<td class=\"et5\" style=\"height: 15pt; width: 167.25pt; text-align: center;\" width=\"223\" height=\"20\">Tama\u00f1o de PCB<\/td>\n<td class=\"et6\" style=\"width: 374.25pt; text-align: center;\" colspan=\"2\" width=\"499\">50*50~380*380 mm<\/td>\n<\/tr>\n<tr style=\"height: 15.00pt;\">\n<td class=\"et5\" style=\"height: 15pt; width: 167.25pt; text-align: center;\" width=\"223\" height=\"20\">\u00c1rea de inserci\u00f3n<\/td>\n<td class=\"et6\" style=\"width: 374.25pt; text-align: center;\" colspan=\"2\" width=\"499\">50*50~370*370 mm<\/td>\n<\/tr>\n<tr style=\"height: 15.00pt;\">\n<td class=\"et5\" style=\"height: 15pt; width: 167.25pt; text-align: center;\" width=\"223\" height=\"20\">PCB fijo<\/td>\n<td class=\"et6\" style=\"width: 374.25pt; text-align: center;\" colspan=\"2\" width=\"499\">Pasador + abrazadera<\/td>\n<\/tr>\n<tr style=\"height: 15.00pt;\">\n<td class=\"et5\" style=\"height: 15pt; width: 167.25pt; text-align: center;\" width=\"223\" height=\"20\">Altura de transporte<\/td>\n<td class=\"et6\" style=\"width: 374.25pt; text-align: center;\" colspan=\"2\" width=\"499\">900 \u00b1 20 mm<\/td>\n<\/tr>\n<tr style=\"height: 15.00pt;\">\n<td class=\"et5\" style=\"height: 15pt; width: 167.25pt; text-align: center;\" width=\"223\" height=\"20\">Tiempo de transporte<\/td>\n<td class=\"et6\" style=\"width: 374.25pt; text-align: center;\" colspan=\"2\" width=\"499\">3-4 segundos<\/td>\n<\/tr>\n<tr style=\"height: 15.00pt;\">\n<td class=\"et5\" style=\"height: 15pt; width: 167.25pt; text-align: center;\" width=\"223\" height=\"20\">Fuente de alimentaci\u00f3n<\/td>\n<td class=\"et6\" style=\"width: 374.25pt; text-align: center;\" colspan=\"2\" width=\"499\">1P, 220 CA \u00b1 101 TP3T, 50\/60 Hz<\/td>\n<\/tr>\n<tr style=\"height: 15.00pt;\">\n<td class=\"et5\" style=\"height: 15pt; width: 167.25pt; text-align: center;\" width=\"223\" height=\"20\">Dimensi\u00f3n<\/td>\n<td class=\"et6\" style=\"width: 374.25pt; text-align: center;\" colspan=\"2\" width=\"499\">Largo 2080 x Ancho 1750 x Alto 1600 mm<\/td>\n<\/tr>\n<tr style=\"height: 15.00pt;\">\n<td class=\"et5\" style=\"height: 15pt; width: 167.25pt; text-align: center;\" width=\"223\" height=\"20\">Tama\u00f1o de la estaci\u00f3n de alimentaci\u00f3n:<\/td>\n<td class=\"et6\" style=\"width: 374.25pt; text-align: center;\" colspan=\"2\" width=\"499\">Alimentador 10: 1360 x 1000 x 1460 mm, Alimentador 20: 1860 x 1000 x 1460 mm, Alimentador 30: 2360 x 1000 x 1460 mm<\/td>\n<\/tr>\n<tr style=\"height: 15.00pt;\">\n<td class=\"et8\" style=\"height: 15pt; width: 167.25pt; text-align: center;\" width=\"223\" height=\"20\">Peso<\/td>\n<td class=\"et9\" style=\"width: 374.25pt; text-align: center;\" colspan=\"2\" width=\"499\">1300 kilos<\/td>\n<\/tr>\n<\/tbody>\n<\/table>\n<p>&nbsp;<\/p>\n<p><a href=\"https:\/\/www.youtube.com\/@allaismt\" rel=\"nofollow noopener\" target=\"_blank\"><u>https:\/\/www.youtube.com\/@allaismt<\/u><\/a><\/p>\n<p>Para obtener m\u00e1s informaci\u00f3n sobre la m\u00e1quina de inserci\u00f3n de componentes de cables axiales THT YA-101, env\u00ede un correo electr\u00f3nico a<\/p>\n<p><a href=\"mailto:sophia@allaismt.com\"><u>sophia@allaismt.com<\/u><\/a><\/p>\n<p>Responderemos a su consulta a la brevedad y le proporcionaremos informaci\u00f3n detallada sobre nuestros productos y servicios.<\/p>\n<p>&nbsp;<\/p>\n<p>&nbsp;<\/p>","protected":false},"excerpt":{"rendered":"<p>Descripci\u00f3n: El <strong data-start=\"4\" data-end=\"57\">M\u00e1quina de inserci\u00f3n de componentes de cables axiales THT YA-201<\/strong> Es una soluci\u00f3n automatizada de alta precisi\u00f3n dise\u00f1ada para el ensamblaje eficiente de PCB con orificio pasante. Inserta con precisi\u00f3n componentes de terminales axiales como resistencias, condensadores y diodos, garantizando una colocaci\u00f3n uniforme y reduciendo los errores manuales. Equipada con sistemas avanzados de alimentaci\u00f3n y posicionamiento, la YA-201 ofrece un rendimiento estable y fiable tanto en entornos de producci\u00f3n de lotes peque\u00f1os como de gran volumen. Su dise\u00f1o compacto y f\u00e1cil de usar permite una integraci\u00f3n perfecta en l\u00edneas de producci\u00f3n o laboratorios de I+D, lo que mejora la productividad y mantiene la calidad del ensamblaje.<\/p>\n<p>Cantidad m\u00ednima de pedido: 1 unidad<\/p>\n<p>Plazo de entrega: 15 d\u00edas<\/p>","protected":false},"featured_media":22890,"comment_status":"closed","ping_status":"closed","template":"","meta":[],"etheme_brands":[],"product_brand":[],"product_cat":[139,138],"product_tag":[],"class_list":{"0":"post-22886","1":"product","2":"type-product","3":"status-publish","4":"has-post-thumbnail","6":"product_cat-axial-insertion-machine","7":"product_cat-tht-machine","9":"first","10":"instock","11":"shipping-taxable","12":"product-type-simple"},"_links":{"self":[{"href":"https:\/\/esmte.com\/es\/wp-json\/wp\/v2\/product\/22886","targetHints":{"allow":["GET"]}}],"collection":[{"href":"https:\/\/esmte.com\/es\/wp-json\/wp\/v2\/product"}],"about":[{"href":"https:\/\/esmte.com\/es\/wp-json\/wp\/v2\/types\/product"}],"replies":[{"embeddable":true,"href":"https:\/\/esmte.com\/es\/wp-json\/wp\/v2\/comments?post=22886"}],"version-history":[{"count":1,"href":"https:\/\/esmte.com\/es\/wp-json\/wp\/v2\/product\/22886\/revisions"}],"predecessor-version":[{"id":22891,"href":"https:\/\/esmte.com\/es\/wp-json\/wp\/v2\/product\/22886\/revisions\/22891"}],"wp:featuredmedia":[{"embeddable":true,"href":"https:\/\/esmte.com\/es\/wp-json\/wp\/v2\/media\/22890"}],"wp:attachment":[{"href":"https:\/\/esmte.com\/es\/wp-json\/wp\/v2\/media?parent=22886"}],"wp:term":[{"taxonomy":"brand","embeddable":true,"href":"https:\/\/esmte.com\/es\/wp-json\/wp\/v2\/etheme_brands?post=22886"},{"taxonomy":"product_brand","embeddable":true,"href":"https:\/\/esmte.com\/es\/wp-json\/wp\/v2\/product_brand?post=22886"},{"taxonomy":"product_cat","embeddable":true,"href":"https:\/\/esmte.com\/es\/wp-json\/wp\/v2\/product_cat?post=22886"},{"taxonomy":"product_tag","embeddable":true,"href":"https:\/\/esmte.com\/es\/wp-json\/wp\/v2\/product_tag?post=22886"}],"curies":[{"name":"wp","href":"https:\/\/api.w.org\/{rel}","templated":true}]}}