{"id":22880,"date":"2025-12-09T06:47:03","date_gmt":"2025-12-09T06:47:03","guid":{"rendered":"https:\/\/esmte.com\/?post_type=product&#038;p=22880"},"modified":"2026-01-27T08:49:00","modified_gmt":"2026-01-27T08:49:00","slug":"ya-101-lead-component-insertion-machine","status":"publish","type":"product","link":"https:\/\/esmte.com\/es\/products\/ya-101-lead-component-insertion-machine\/","title":{"rendered":"M\u00e1quina de inserci\u00f3n de componentes de cables axiales THT YA-101"},"content":{"rendered":"<h2>Introducci\u00f3n<\/h2>\n<p data-start=\"0\" data-end=\"395\">El <strong data-start=\"4\" data-end=\"57\">M\u00e1quina de inserci\u00f3n de componentes de cables axiales THT YA-101<\/strong> Es una soluci\u00f3n automatizada de calidad profesional dise\u00f1ada para optimizar los procesos de ensamblaje de PCB con orificio pasante. Dise\u00f1ada para la fabricaci\u00f3n de electr\u00f3nica moderna, la YA-101 inserta eficientemente componentes de terminales axiales, como resistencias, condensadores y diodos, con alta precisi\u00f3n y consistencia, garantizando una colocaci\u00f3n fiable y reduciendo el error humano.<\/p>\n<p data-start=\"397\" data-end=\"741\">Equipado con sistemas avanzados de alimentaci\u00f3n y posicionamiento de componentes, el <strong data-start=\"4\" data-end=\"57\">M\u00e1quina de inserci\u00f3n de componentes de cables axiales THT YA-101<\/strong> Garantiza una alineaci\u00f3n y profundidad de inserci\u00f3n precisas, manteniendo la integridad de la PCB y evitando da\u00f1os en los componentes. Su funcionamiento automatizado permite la producci\u00f3n tanto en lotes peque\u00f1os como en grandes vol\u00famenes, lo que lo hace ideal para diversas l\u00edneas de montaje de THT, laboratorios de I+D y centros de reparaci\u00f3n.<\/p>\n<p data-start=\"743\" data-end=\"1032\">El dise\u00f1o compacto y ergon\u00f3mico de la m\u00e1quina permite una f\u00e1cil integraci\u00f3n en los flujos de trabajo de producci\u00f3n existentes sin ocupar demasiado espacio. Adem\u00e1s, su robusta construcci\u00f3n y su estable estructura mec\u00e1nica garantizan una fiabilidad duradera, un mantenimiento m\u00ednimo y un funcionamiento sin vibraciones.<\/p>\n<p data-start=\"1034\" data-end=\"1377\" data-is-last-node=\"\" data-is-only-node=\"\">Con el <strong data-start=\"1043\" data-end=\"1096\">M\u00e1quina de inserci\u00f3n de componentes de cables axiales THT YA-101<\/strong>, Los fabricantes pueden lograr ciclos de ensamblaje m\u00e1s r\u00e1pidos, un mayor rendimiento y una calidad constante en los ensamblajes de PCB con orificio pasante. Su combinaci\u00f3n de precisi\u00f3n, eficiencia y facilidad de uso lo convierte en una herramienta indispensable para la fabricaci\u00f3n automatizada moderna de electr\u00f3nica THT.<\/p>\n<p style=\"text-align: center;\" data-start=\"1034\" data-end=\"1377\" data-is-last-node=\"\" data-is-only-node=\"\"><img loading=\"lazy\" decoding=\"async\" class=\"alignnone wp-image-22882\" src=\"https:\/\/esmte.com\/wp-content\/uploads\/2025\/12\/11-29.webp\" alt=\"THT Axial Lead Component Insertion Machine\" width=\"524\" height=\"598\" srcset=\"https:\/\/esmte.com\/wp-content\/uploads\/2025\/12\/11-29.webp 1793w, https:\/\/esmte.com\/wp-content\/uploads\/2025\/12\/11-29-600x684.webp 600w, https:\/\/esmte.com\/wp-content\/uploads\/2025\/12\/11-29-263x300.webp 263w, https:\/\/esmte.com\/wp-content\/uploads\/2025\/12\/11-29-898x1024.webp 898w, https:\/\/esmte.com\/wp-content\/uploads\/2025\/12\/11-29-768x876.webp 768w, https:\/\/esmte.com\/wp-content\/uploads\/2025\/12\/11-29-1347x1536.webp 1347w, https:\/\/esmte.com\/wp-content\/uploads\/2025\/12\/11-29-1x1.webp 1w, https:\/\/esmte.com\/wp-content\/uploads\/2025\/12\/11-29-10x10.webp 10w\" sizes=\"auto, (max-width: 524px) 100vw, 524px\" \/><\/p>\n<h3>Caracter\u00edsticas principales<\/h3>\n<ul>\n<li data-start=\"73\" data-end=\"229\">\n<p data-start=\"76\" data-end=\"229\"><strong data-start=\"76\" data-end=\"110\">Inserci\u00f3n automatizada de alta velocidad<\/strong> \u2013 Capaz de colocar r\u00e1pidamente componentes de conducci\u00f3n axial, mejorando significativamente el rendimiento de las l\u00edneas de producci\u00f3n de PCB THT.<\/p>\n<\/li>\n<li data-start=\"231\" data-end=\"393\">\n<p data-start=\"234\" data-end=\"393\"><strong data-start=\"234\" data-end=\"264\">Sistema de alineaci\u00f3n de precisi\u00f3n<\/strong> \u2013 Los sensores integrados y los mecanismos de gu\u00eda garantizan un posicionamiento exacto de los componentes, evitando desalineaciones y defectos de soldadura.<\/p>\n<\/li>\n<li data-start=\"395\" data-end=\"567\">\n<p data-start=\"398\" data-end=\"567\"><strong data-start=\"398\" data-end=\"429\">Manejo flexible de componentes<\/strong> \u2013 Se adapta a varios di\u00e1metros y longitudes de piezas de cables axiales, lo que proporciona versatilidad para diferentes dise\u00f1os de PCB y necesidades de producci\u00f3n.<\/p>\n<\/li>\n<li data-start=\"569\" data-end=\"731\">\n<p data-start=\"572\" data-end=\"731\"><strong data-start=\"572\" data-end=\"603\">Dise\u00f1o de escritorio que ahorra espacio<\/strong> \u2013 Su tama\u00f1o compacto permite la instalaci\u00f3n en entornos de espacio de trabajo limitado manteniendo al mismo tiempo una f\u00e1cil accesibilidad para los operadores.<\/p>\n<\/li>\n<li data-start=\"733\" data-end=\"897\">\n<p data-start=\"736\" data-end=\"897\"><strong data-start=\"736\" data-end=\"765\">Construcci\u00f3n robusta y confiable<\/strong> \u2013 Dise\u00f1ado con materiales resistentes y mec\u00e1nica estable para brindar un funcionamiento constante, sin vibraciones y una durabilidad a largo plazo.<\/p>\n<\/li>\n<li data-start=\"899\" data-end=\"1070\" data-is-last-node=\"\">\n<p data-start=\"902\" data-end=\"1070\" data-is-last-node=\"\"><strong data-start=\"902\" data-end=\"937\">Panel de control f\u00e1cil de usar<\/strong> \u2013 La interfaz intuitiva simplifica la configuraci\u00f3n, la programaci\u00f3n y la supervisi\u00f3n, reduciendo el error humano y favoreciendo un flujo de trabajo de producci\u00f3n fluido.<\/p>\n<\/li>\n<\/ul>\n<p>&nbsp;<\/p>\n<h2>Presupuesto<\/h2>\n<table style=\"border-collapse: collapse; width: 1373px; height: 446px;\" border=\"0\" width=\"722\" cellspacing=\"0\" cellpadding=\"0\">\n<tbody>\n<tr style=\"height: 15.00pt;\">\n<td class=\"et2\" style=\"height: 15pt; width: 167.25pt; text-align: center;\" width=\"223\" height=\"20\">Modelo<\/td>\n<td class=\"et3\" style=\"width: 184.5pt; text-align: center;\" width=\"246\">YA-101<\/td>\n<td class=\"et4\" style=\"width: 189.75pt; text-align: center;\" width=\"253\">YA-201<\/td>\n<\/tr>\n<tr style=\"height: 15.00pt;\">\n<td class=\"et5\" style=\"height: 15pt; width: 167.25pt; text-align: center;\" width=\"223\" height=\"20\">Entrada del alimentador de componentes<\/td>\n<td class=\"et6\" style=\"width: 184.5pt; text-align: center;\" width=\"246\">10 piezas (Opci\u00f3n: 30, 40, 50, 100 piezas)<\/td>\n<td class=\"et7\" style=\"width: 189.75pt; text-align: center;\" width=\"253\">20 piezas (Opci\u00f3n: 30, 40, 50, 100 piezas)<\/td>\n<\/tr>\n<tr style=\"height: 15.00pt;\">\n<td class=\"et5\" style=\"height: 15pt; width: 167.25pt; text-align: center;\" width=\"223\" height=\"20\">Velocidad de inserci\u00f3n<\/td>\n<td class=\"et6\" style=\"width: 374.25pt; text-align: center;\" colspan=\"2\" width=\"499\">25000 CPH, M\u00e1x. 0,12 s\/punto (0,14 s, 0,16 s, 0,18 s\/punto modificables)<\/td>\n<\/tr>\n<tr style=\"height: 15.00pt;\">\n<td class=\"et5\" style=\"height: 15pt; width: 167.25pt; text-align: center;\" width=\"223\" height=\"20\">Intervalo de inserci\u00f3n<\/td>\n<td class=\"et6\" style=\"width: 374.25pt; text-align: center;\" colspan=\"2\" width=\"499\">Componente: 5~22 mm, puente<span class=\"font2\">\uff1a<\/span><span class=\"font1\">5~26 mm<\/span><\/td>\n<\/tr>\n<tr style=\"height: 15.00pt;\">\n<td class=\"et5\" style=\"height: 15pt; width: 167.25pt; text-align: center;\" width=\"223\" height=\"20\">Recuperaci\u00f3n de inserci\u00f3n<\/td>\n<td class=\"et6\" style=\"width: 374.25pt; text-align: center;\" colspan=\"2\" width=\"499\">Recuperaci\u00f3n autom\u00e1tica<\/td>\n<\/tr>\n<tr style=\"height: 15.00pt;\">\n<td class=\"et5\" style=\"height: 15pt; width: 167.25pt; text-align: center;\" width=\"223\" height=\"20\">Direcci\u00f3n de inserci\u00f3n<\/td>\n<td class=\"et6\" style=\"width: 374.25pt; text-align: center;\" colspan=\"2\" width=\"499\">Direcci\u00f3n de 0 a 360\u00b0 en incrementos de 1\u00b0<\/td>\n<\/tr>\n<tr style=\"height: 15.00pt;\">\n<td class=\"et5\" style=\"height: 15pt; width: 167.25pt; text-align: center;\" width=\"223\" height=\"20\">Precisi\u00f3n de inserci\u00f3n<\/td>\n<td class=\"et6\" style=\"width: 374.25pt; text-align: center;\" colspan=\"2\" width=\"499\">0,05 mm<\/td>\n<\/tr>\n<tr style=\"height: 15.00pt;\">\n<td class=\"et5\" style=\"height: 15pt; width: 167.25pt; text-align: center;\" width=\"223\" height=\"20\">Tama\u00f1o de PCB<\/td>\n<td class=\"et6\" style=\"width: 374.25pt; text-align: center;\" colspan=\"2\" width=\"499\">50*50~380*380 mm<\/td>\n<\/tr>\n<tr style=\"height: 15.00pt;\">\n<td class=\"et5\" style=\"height: 15pt; width: 167.25pt; text-align: center;\" width=\"223\" height=\"20\">\u00c1rea de inserci\u00f3n<\/td>\n<td class=\"et6\" style=\"width: 374.25pt; text-align: center;\" colspan=\"2\" width=\"499\">50*50~370*370 mm<\/td>\n<\/tr>\n<tr style=\"height: 15.00pt;\">\n<td class=\"et5\" style=\"height: 15pt; width: 167.25pt; text-align: center;\" width=\"223\" height=\"20\">PCB fijo<\/td>\n<td class=\"et6\" style=\"width: 374.25pt; text-align: center;\" colspan=\"2\" width=\"499\">Pasador + abrazadera<\/td>\n<\/tr>\n<tr style=\"height: 15.00pt;\">\n<td class=\"et5\" style=\"height: 15pt; width: 167.25pt; text-align: center;\" width=\"223\" height=\"20\">Altura de transporte<\/td>\n<td class=\"et6\" style=\"width: 374.25pt; text-align: center;\" colspan=\"2\" width=\"499\">900 \u00b1 20 mm<\/td>\n<\/tr>\n<tr style=\"height: 15.00pt;\">\n<td class=\"et5\" style=\"height: 15pt; width: 167.25pt; text-align: center;\" width=\"223\" height=\"20\">Tiempo de transporte<\/td>\n<td class=\"et6\" style=\"width: 374.25pt; text-align: center;\" colspan=\"2\" width=\"499\">3-4 segundos<\/td>\n<\/tr>\n<tr style=\"height: 15.00pt;\">\n<td class=\"et5\" style=\"height: 15pt; width: 167.25pt; text-align: center;\" width=\"223\" height=\"20\">Fuente de alimentaci\u00f3n<\/td>\n<td class=\"et6\" style=\"width: 374.25pt; text-align: center;\" colspan=\"2\" width=\"499\">1P, 220 CA \u00b1 101 TP3T, 50\/60 Hz<\/td>\n<\/tr>\n<tr style=\"height: 15.00pt;\">\n<td class=\"et5\" style=\"height: 15pt; width: 167.25pt; text-align: center;\" width=\"223\" height=\"20\">Dimensi\u00f3n<\/td>\n<td class=\"et6\" style=\"width: 374.25pt; text-align: center;\" colspan=\"2\" width=\"499\">Largo 2080 x Ancho 1750 x Alto 1600 mm<\/td>\n<\/tr>\n<tr style=\"height: 15.00pt;\">\n<td class=\"et5\" style=\"height: 15pt; width: 167.25pt; text-align: center;\" width=\"223\" height=\"20\">Tama\u00f1o de la estaci\u00f3n de alimentaci\u00f3n:<\/td>\n<td class=\"et6\" style=\"width: 374.25pt; text-align: center;\" colspan=\"2\" width=\"499\">Alimentador 10: 1360 x 1000 x 1460 mm, Alimentador 20: 1860 x 1000 x 1460 mm, Alimentador 30: 2360 x 1000 x 1460 mm<\/td>\n<\/tr>\n<tr style=\"height: 15.00pt;\">\n<td class=\"et8\" style=\"height: 15pt; width: 167.25pt; text-align: center;\" width=\"223\" height=\"20\">Peso<\/td>\n<td class=\"et9\" style=\"width: 374.25pt; text-align: center;\" colspan=\"2\" width=\"499\">1300 kilos<\/td>\n<\/tr>\n<\/tbody>\n<\/table>\n<p>&nbsp;<\/p>\n<p><a href=\"https:\/\/www.youtube.com\/@allaismt\" rel=\"nofollow noopener\" target=\"_blank\"><u>https:\/\/www.youtube.com\/@allaismt<\/u><\/a><\/p>\n<p>Para obtener m\u00e1s informaci\u00f3n sobre la m\u00e1quina de inserci\u00f3n de componentes de cables axiales THT YA-101, env\u00ede un correo electr\u00f3nico a<\/p>\n<p><a href=\"mailto:sophia@allaismt.com\"><u>sophia@allaismt.com<\/u><\/a><\/p>\n<p>Responderemos a su consulta a la brevedad y le proporcionaremos informaci\u00f3n detallada sobre nuestros productos y servicios.<\/p>\n<p>&nbsp;<\/p>\n<p>&nbsp;<\/p>","protected":false},"excerpt":{"rendered":"<p>Descripci\u00f3n: El <strong data-start=\"4\" data-end=\"57\">M\u00e1quina de inserci\u00f3n de componentes de cables axiales THT YA-101<\/strong> Es una soluci\u00f3n automatizada de alta precisi\u00f3n dise\u00f1ada para la inserci\u00f3n eficiente de componentes con conductores axiales en el ensamblaje de PCB. Equipada con sistemas avanzados de alimentaci\u00f3n y posicionamiento, garantiza la colocaci\u00f3n precisa y uniforme de resistencias, condensadores y otros componentes de orificio pasante. Su dise\u00f1o compacto permite una integraci\u00f3n perfecta en l\u00edneas de producci\u00f3n o estaciones de trabajo de escritorio, a la vez que mejora la velocidad de ensamblaje, reduce la mano de obra y minimiza los errores. La YA-101 ofrece un rendimiento fiable para entornos de fabricaci\u00f3n de PCB THT de alta variedad y gran volumen.<\/p>\n<p>Cantidad m\u00ednima de pedido: 1 unidad<\/p>\n<p>Plazo de entrega: 15 d\u00edas<\/p>","protected":false},"featured_media":22892,"comment_status":"closed","ping_status":"closed","template":"","meta":[],"etheme_brands":[],"product_brand":[],"product_cat":[139,138],"product_tag":[],"class_list":{"0":"post-22880","1":"product","2":"type-product","3":"status-publish","4":"has-post-thumbnail","6":"product_cat-axial-insertion-machine","7":"product_cat-tht-machine","9":"first","10":"instock","11":"shipping-taxable","12":"product-type-simple"},"_links":{"self":[{"href":"https:\/\/esmte.com\/es\/wp-json\/wp\/v2\/product\/22880","targetHints":{"allow":["GET"]}}],"collection":[{"href":"https:\/\/esmte.com\/es\/wp-json\/wp\/v2\/product"}],"about":[{"href":"https:\/\/esmte.com\/es\/wp-json\/wp\/v2\/types\/product"}],"replies":[{"embeddable":true,"href":"https:\/\/esmte.com\/es\/wp-json\/wp\/v2\/comments?post=22880"}],"version-history":[{"count":1,"href":"https:\/\/esmte.com\/es\/wp-json\/wp\/v2\/product\/22880\/revisions"}],"predecessor-version":[{"id":22894,"href":"https:\/\/esmte.com\/es\/wp-json\/wp\/v2\/product\/22880\/revisions\/22894"}],"wp:featuredmedia":[{"embeddable":true,"href":"https:\/\/esmte.com\/es\/wp-json\/wp\/v2\/media\/22892"}],"wp:attachment":[{"href":"https:\/\/esmte.com\/es\/wp-json\/wp\/v2\/media?parent=22880"}],"wp:term":[{"taxonomy":"brand","embeddable":true,"href":"https:\/\/esmte.com\/es\/wp-json\/wp\/v2\/etheme_brands?post=22880"},{"taxonomy":"product_brand","embeddable":true,"href":"https:\/\/esmte.com\/es\/wp-json\/wp\/v2\/product_brand?post=22880"},{"taxonomy":"product_cat","embeddable":true,"href":"https:\/\/esmte.com\/es\/wp-json\/wp\/v2\/product_cat?post=22880"},{"taxonomy":"product_tag","embeddable":true,"href":"https:\/\/esmte.com\/es\/wp-json\/wp\/v2\/product_tag?post=22880"}],"curies":[{"name":"wp","href":"https:\/\/api.w.org\/{rel}","templated":true}]}}