{"id":22872,"date":"2025-12-09T04:00:32","date_gmt":"2025-12-09T04:00:32","guid":{"rendered":"https:\/\/esmte.com\/?post_type=product&#038;p=22872"},"modified":"2025-12-09T04:02:29","modified_gmt":"2025-12-09T04:02:29","slug":"automatic-locking-fasten-screw-robot-yr-500","status":"publish","type":"product","link":"https:\/\/esmte.com\/es\/products\/automatic-locking-fasten-screw-robot-yr-500\/","title":{"rendered":"El mejor robot de fijaci\u00f3n con bloqueo autom\u00e1tico YR-500"},"content":{"rendered":"<h2>Introducci\u00f3n<\/h2>\n<p data-start=\"0\" data-end=\"410\">El <strong data-start=\"4\" data-end=\"59\">El mejor robot de fijaci\u00f3n con bloqueo autom\u00e1tico YR-500<\/strong> Es una soluci\u00f3n de automatizaci\u00f3n de nivel profesional dise\u00f1ada para mejorar la eficiencia, precisi\u00f3n y fiabilidad en los procesos modernos de ensamblaje de productos electr\u00f3nicos. Dado que las l\u00edneas de producci\u00f3n exigen mayor velocidad y calidad constante, el YR-500 ofrece una soluci\u00f3n fiable para la fijaci\u00f3n automatizada de tornillos en entornos de fabricaci\u00f3n de SMT, PCBA y lotes peque\u00f1os y medianos.<\/p>\n<p data-start=\"412\" data-end=\"824\">Equipado con mecanismos de bloqueo inteligentes y control de movimiento avanzado, el robot de fijaci\u00f3n de tornillos con bloqueo autom\u00e1tico YR-500, el mejor de todos, garantiza una colocaci\u00f3n precisa de los tornillos con un par uniforme, evitando da\u00f1os en componentes delicados y manteniendo la integridad del ensamblaje. Los operadores pueden programar par\u00e1metros como el tama\u00f1o del tornillo, el par, la velocidad de rotaci\u00f3n y la secuencia de fijaci\u00f3n, lo que permite que el sistema se adapte con flexibilidad a diversos dise\u00f1os de productos y requisitos de producci\u00f3n.<\/p>\n<p data-start=\"826\" data-end=\"1148\">El dise\u00f1o compacto y ergon\u00f3mico del robot, ideal para escritorios, facilita su integraci\u00f3n en l\u00edneas de producci\u00f3n o estaciones de trabajo sin ocupar demasiado espacio. Su robusta construcci\u00f3n garantiza un funcionamiento estable y sin vibraciones, una larga vida \u00fatil y un bajo mantenimiento, incluso en aplicaciones de ensamblaje de gran variedad o volumen.<\/p>\n<p data-start=\"1150\" data-end=\"1464\" data-is-last-node=\"\" data-is-only-node=\"\">Con el <strong data-start=\"1159\" data-end=\"1214\">El mejor robot de fijaci\u00f3n con bloqueo autom\u00e1tico YR-500<\/strong>, Los fabricantes pueden lograr ciclos de ensamblaje m\u00e1s r\u00e1pidos, mayor productividad y una calidad de producto constante. Su combinaci\u00f3n de velocidad, precisi\u00f3n y facilidad de uso lo convierte en una herramienta indispensable para la fabricaci\u00f3n de electr\u00f3nica automatizada moderna.<\/p>\n<p data-start=\"1150\" data-end=\"1464\" data-is-last-node=\"\" data-is-only-node=\"\"><img loading=\"lazy\" decoding=\"async\" class=\"alignnone wp-image-22867 aligncenter\" src=\"https:\/\/esmte.com\/wp-content\/uploads\/2025\/12\/11-27.webp\" alt=\"Topbest Automatic Locking Fasten Screw Robot YR-500\" width=\"579\" height=\"579\" srcset=\"https:\/\/esmte.com\/wp-content\/uploads\/2025\/12\/11-27.webp 2560w, https:\/\/esmte.com\/wp-content\/uploads\/2025\/12\/11-27-100x100.webp 100w, https:\/\/esmte.com\/wp-content\/uploads\/2025\/12\/11-27-600x600.webp 600w, https:\/\/esmte.com\/wp-content\/uploads\/2025\/12\/11-27-300x300.webp 300w, https:\/\/esmte.com\/wp-content\/uploads\/2025\/12\/11-27-1024x1024.webp 1024w, https:\/\/esmte.com\/wp-content\/uploads\/2025\/12\/11-27-150x150.webp 150w, https:\/\/esmte.com\/wp-content\/uploads\/2025\/12\/11-27-768x768.webp 768w, https:\/\/esmte.com\/wp-content\/uploads\/2025\/12\/11-27-1536x1536.webp 1536w, https:\/\/esmte.com\/wp-content\/uploads\/2025\/12\/11-27-2048x2048.webp 2048w, https:\/\/esmte.com\/wp-content\/uploads\/2025\/12\/11-27-1x1.webp 1w, https:\/\/esmte.com\/wp-content\/uploads\/2025\/12\/11-27-10x10.webp 10w\" sizes=\"auto, (max-width: 579px) 100vw, 579px\" \/><\/p>\n<h3>Caracter\u00edsticas principales<\/h3>\n<ul>\n<li data-start=\"75\" data-end=\"263\">\n<p data-start=\"78\" data-end=\"263\"><strong data-start=\"78\" data-end=\"112\">Fijaci\u00f3n de tornillos de alta precisi\u00f3n<\/strong> \u2013 El control de movimiento avanzado y los sistemas de bloqueo inteligentes garantizan una colocaci\u00f3n precisa de los tornillos y un torque constante para componentes electr\u00f3nicos sensibles.<\/p>\n<\/li>\n<li data-start=\"265\" data-end=\"444\">\n<p data-start=\"268\" data-end=\"444\"><strong data-start=\"268\" data-end=\"301\">Operaci\u00f3n r\u00e1pida y eficiente<\/strong> \u2013 Capaz de atornillar a alta velocidad, aumentando significativamente la productividad de la l\u00ednea de montaje y al mismo tiempo reduciendo el trabajo manual y el tiempo operativo.<\/p>\n<\/li>\n<li data-start=\"446\" data-end=\"632\">\n<p data-start=\"449\" data-end=\"632\"><strong data-start=\"449\" data-end=\"478\">Programable y flexible<\/strong> \u2013 Permite ajustar el tama\u00f1o del tornillo, el torque, la velocidad de rotaci\u00f3n y la secuencia de fijaci\u00f3n, adapt\u00e1ndose f\u00e1cilmente a diversos dise\u00f1os de PCBA y requisitos de producci\u00f3n.<\/p>\n<\/li>\n<li data-start=\"634\" data-end=\"833\">\n<p data-start=\"637\" data-end=\"833\"><strong data-start=\"637\" data-end=\"669\">Dise\u00f1o compacto y ergon\u00f3mico<\/strong> \u2013 Su tama\u00f1o compacto facilita la integraci\u00f3n en l\u00edneas de producci\u00f3n, laboratorios de I+D o configuraciones de ensamblaje de lotes peque\u00f1os a medianos sin ocupar espacio excesivo.<\/p>\n<\/li>\n<li data-start=\"835\" data-end=\"1025\">\n<p data-start=\"838\" data-end=\"1025\"><strong data-start=\"838\" data-end=\"873\">Rendimiento estable y confiable<\/strong> \u2013 Construido con componentes robustos para garantizar un funcionamiento constante y sin vibraciones y una durabilidad a largo plazo en entornos de fabricaci\u00f3n exigentes.<\/p>\n<\/li>\n<li data-start=\"1027\" data-end=\"1225\" data-is-last-node=\"\">\n<p data-start=\"1030\" data-end=\"1225\" data-is-last-node=\"\"><strong data-start=\"1030\" data-end=\"1057\">Interfaz f\u00e1cil de usar<\/strong> \u2013 Los controles intuitivos y la configuraci\u00f3n r\u00e1pida reducen el tiempo de capacitaci\u00f3n del operador, minimizan los errores y respaldan la gesti\u00f3n eficiente del flujo de trabajo para procesos automatizados de fijaci\u00f3n de tornillos.<\/p>\n<\/li>\n<\/ul>\n<p>&nbsp;<\/p>\n<h2>Presupuesto<\/h2>\n<table style=\"border-collapse: collapse; width: 1375px; height: 204px;\" border=\"0\" width=\"675\" cellspacing=\"0\" cellpadding=\"0\">\n<tbody>\n<tr style=\"height: 15.00pt;\">\n<td class=\"et2\" style=\"height: 15pt; width: 90.75pt; text-align: center;\" width=\"121\" height=\"20\">Modelo<\/td>\n<td class=\"et3\" style=\"width: 138pt; text-align: center;\" width=\"184\">A\u00f1o 300<\/td>\n<td class=\"et3\" style=\"width: 139.5pt; text-align: center;\" width=\"186\">A\u00f1o 500<\/td>\n<td class=\"et4\" style=\"width: 138pt; text-align: center;\" width=\"184\">A\u00f1o 600<\/td>\n<\/tr>\n<tr style=\"height: 15.00pt;\">\n<td class=\"et5\" style=\"height: 15pt; width: 90.75pt; text-align: center;\" width=\"121\" height=\"20\">Tama\u00f1o m\u00e1ximo del rango<\/td>\n<td class=\"et6\" style=\"width: 138pt; text-align: center;\" width=\"184\">300*300 mm, ancho: 80 mm<\/td>\n<td class=\"et6\" style=\"width: 139.5pt; text-align: center;\" width=\"186\">500*400 mm, ancho: 80 mm<\/td>\n<td class=\"et7\" style=\"width: 138pt; text-align: center;\" width=\"184\">600*400 mm, ancho: 80 mm<\/td>\n<\/tr>\n<tr style=\"height: 15.00pt;\">\n<td class=\"et5\" style=\"height: 15pt; width: 90.75pt; text-align: center;\" width=\"121\" height=\"20\">N\u00famero de cabeza<\/td>\n<td class=\"et6\" style=\"width: 138pt; text-align: center;\" width=\"184\">1<\/td>\n<td class=\"et6\" style=\"width: 139.5pt; text-align: center;\" width=\"186\">1<\/td>\n<td class=\"et7\" style=\"width: 138pt; text-align: center;\" width=\"184\">2<\/td>\n<\/tr>\n<tr style=\"height: 15.00pt;\">\n<td class=\"et5\" style=\"height: 15pt; width: 90.75pt; text-align: center;\" width=\"121\" height=\"20\">N\u00famero de plataforma<\/td>\n<td class=\"et6\" style=\"width: 138pt; text-align: center;\" width=\"184\">1<\/td>\n<td class=\"et6\" style=\"width: 139.5pt; text-align: center;\" width=\"186\">2<\/td>\n<td class=\"et7\" style=\"width: 138pt; text-align: center;\" width=\"184\">2<\/td>\n<\/tr>\n<tr style=\"height: 15.00pt;\">\n<td class=\"et5\" style=\"height: 15pt; width: 90.75pt; text-align: center;\" width=\"121\" height=\"20\">Dimensi\u00f3n (mm)<\/td>\n<td class=\"et6\" style=\"width: 138pt; text-align: center;\" width=\"184\">670*540*690<\/td>\n<td class=\"et6\" style=\"width: 139.5pt; text-align: center;\" width=\"186\">670*590*690<\/td>\n<td class=\"et7\" style=\"width: 138pt; text-align: center;\" width=\"184\">1010*730*690<\/td>\n<\/tr>\n<tr style=\"height: 15.00pt;\">\n<td class=\"et8\" style=\"height: 15pt; width: 90.75pt; text-align: center;\" width=\"121\" height=\"20\">Peso<\/td>\n<td class=\"et9\" style=\"width: 138pt; text-align: center;\" width=\"184\">Aprox.: 70 kg<\/td>\n<td class=\"et9\" style=\"width: 139.5pt; text-align: center;\" width=\"186\">Aprox.: 90 kg<\/td>\n<td class=\"et10\" style=\"width: 138pt; text-align: center;\" width=\"184\">Aprox.: 130 kg<\/td>\n<\/tr>\n<\/tbody>\n<\/table>\n<p>&nbsp;<\/p>\n<p><a href=\"https:\/\/www.youtube.com\/@allaismt\" rel=\"nofollow noopener\" target=\"_blank\"><u>https:\/\/www.youtube.com\/@allaismt<\/u><\/a><\/p>\n<p>Para obtener m\u00e1s informaci\u00f3n sobre el robot de fijaci\u00f3n de tornillos con bloqueo autom\u00e1tico Topbest YR-600, env\u00ede un correo electr\u00f3nico a<\/p>\n<p><a href=\"mailto:sophia@allaismt.com\"><u>sophia@allaismt.com<\/u><\/a><\/p>\n<p>Responderemos a su consulta a la brevedad y le proporcionaremos informaci\u00f3n detallada sobre nuestros productos y servicios.<\/p>\n<p>&nbsp;<\/p>\n<p>&nbsp;<\/p>","protected":false},"excerpt":{"rendered":"<p>Descripci\u00f3n: El <strong data-start=\"4\" data-end=\"59\">El mejor robot de fijaci\u00f3n con bloqueo autom\u00e1tico YR-500<\/strong> Es una soluci\u00f3n de automatizaci\u00f3n de alta precisi\u00f3n dise\u00f1ada para una fijaci\u00f3n de tornillos eficiente y fiable en la fabricaci\u00f3n de electr\u00f3nica moderna. Equipado con control de movimiento avanzado y sistemas de bloqueo inteligentes, garantiza un par constante, una colocaci\u00f3n precisa de los tornillos y un funcionamiento a alta velocidad. Su dise\u00f1o compacto y ergon\u00f3mico lo hace ideal para l\u00edneas SMT, ensamblaje de PCBA y producci\u00f3n de lotes peque\u00f1os y medianos, reduciendo la mano de obra y mejorando la calidad del ensamblaje. El robot ofrece un rendimiento estable y una integraci\u00f3n perfecta para aplicaciones vers\u00e1tiles de fabricaci\u00f3n automatizada. Cantidad m\u00ednima de pedido: 1 unidad. Plazo de entrega: 15 d\u00edas.<\/p>\n<p>Cantidad m\u00ednima de pedido: 1 unidad<\/p>\n<p>Plazo de entrega: 15 d\u00edas<\/p>","protected":false},"featured_media":22873,"comment_status":"closed","ping_status":"closed","template":"","meta":[],"etheme_brands":[],"product_brand":[],"product_cat":[181],"product_tag":[],"class_list":{"0":"post-22872","1":"product","2":"type-product","3":"status-publish","4":"has-post-thumbnail","6":"product_cat-screwing-robot","8":"first","9":"instock","10":"shipping-taxable","11":"product-type-simple"},"_links":{"self":[{"href":"https:\/\/esmte.com\/es\/wp-json\/wp\/v2\/product\/22872","targetHints":{"allow":["GET"]}}],"collection":[{"href":"https:\/\/esmte.com\/es\/wp-json\/wp\/v2\/product"}],"about":[{"href":"https:\/\/esmte.com\/es\/wp-json\/wp\/v2\/types\/product"}],"replies":[{"embeddable":true,"href":"https:\/\/esmte.com\/es\/wp-json\/wp\/v2\/comments?post=22872"}],"version-history":[{"count":1,"href":"https:\/\/esmte.com\/es\/wp-json\/wp\/v2\/product\/22872\/revisions"}],"predecessor-version":[{"id":22876,"href":"https:\/\/esmte.com\/es\/wp-json\/wp\/v2\/product\/22872\/revisions\/22876"}],"wp:featuredmedia":[{"embeddable":true,"href":"https:\/\/esmte.com\/es\/wp-json\/wp\/v2\/media\/22873"}],"wp:attachment":[{"href":"https:\/\/esmte.com\/es\/wp-json\/wp\/v2\/media?parent=22872"}],"wp:term":[{"taxonomy":"brand","embeddable":true,"href":"https:\/\/esmte.com\/es\/wp-json\/wp\/v2\/etheme_brands?post=22872"},{"taxonomy":"product_brand","embeddable":true,"href":"https:\/\/esmte.com\/es\/wp-json\/wp\/v2\/product_brand?post=22872"},{"taxonomy":"product_cat","embeddable":true,"href":"https:\/\/esmte.com\/es\/wp-json\/wp\/v2\/product_cat?post=22872"},{"taxonomy":"product_tag","embeddable":true,"href":"https:\/\/esmte.com\/es\/wp-json\/wp\/v2\/product_tag?post=22872"}],"curies":[{"name":"wp","href":"https:\/\/api.w.org\/{rel}","templated":true}]}}