{"id":22866,"date":"2025-12-09T03:47:18","date_gmt":"2025-12-09T03:47:18","guid":{"rendered":"https:\/\/esmte.com\/?post_type=product&#038;p=22866"},"modified":"2025-12-09T03:49:32","modified_gmt":"2025-12-09T03:49:32","slug":"topbest-yr-300-automatic-screw-robot","status":"publish","type":"product","link":"https:\/\/esmte.com\/es\/products\/topbest-yr-300-automatic-screw-robot\/","title":{"rendered":"El mejor robot de fijaci\u00f3n con bloqueo autom\u00e1tico YR-300"},"content":{"rendered":"<h2>Introducci\u00f3n<\/h2>\n<p data-start=\"0\" data-end=\"423\">El <strong data-start=\"4\" data-end=\"59\">El mejor robot de fijaci\u00f3n con bloqueo autom\u00e1tico YR-300<\/strong> Es una soluci\u00f3n de automatizaci\u00f3n profesional dise\u00f1ada para optimizar los procesos de atornillado en las l\u00edneas modernas de fabricaci\u00f3n y ensamblaje de productos electr\u00f3nicos. Ante la creciente demanda de precisi\u00f3n y eficiencia en la producci\u00f3n de PCBA, SMT y lotes peque\u00f1os y medianos, el YR-300 ofrece una soluci\u00f3n fiable y de alta velocidad que reduce la mano de obra y garantiza una calidad constante.<\/p>\n<p data-start=\"425\" data-end=\"850\">Equipado con sistemas avanzados de control de movimiento y mecanismos de bloqueo inteligentes, el <strong data-start=\"4\" data-end=\"59\">El mejor robot de fijaci\u00f3n con bloqueo autom\u00e1tico YR-300<\/strong> Proporciona una colocaci\u00f3n precisa de los tornillos con un par de apriete uniforme, lo que evita da\u00f1os en componentes delicados y garantiza la fiabilidad del montaje a largo plazo. Su interfaz programable permite a los operadores configurar par\u00e1metros de tama\u00f1o de tornillo, par de apriete y velocidad de rotaci\u00f3n, lo que permite una adaptaci\u00f3n flexible a diferentes dise\u00f1os de productos y requisitos de montaje.<\/p>\n<p data-start=\"852\" data-end=\"1223\">El dise\u00f1o compacto y ergon\u00f3mico del <strong data-start=\"4\" data-end=\"59\">El mejor robot de fijaci\u00f3n con bloqueo autom\u00e1tico YR-300<\/strong> Permite una integraci\u00f3n perfecta en configuraciones de escritorio o l\u00edneas de producci\u00f3n, ahorrando espacio de trabajo y manteniendo una accesibilidad \u00f3ptima para los operadores. Su robusta construcci\u00f3n garantiza un funcionamiento estable y sin vibraciones, un bajo mantenimiento y una larga vida \u00fatil, lo que lo hace ideal para entornos de producci\u00f3n de alta variedad o gran volumen.<\/p>\n<p data-start=\"1225\" data-end=\"1476\" data-is-last-node=\"\" data-is-only-node=\"\">Con el <strong data-start=\"4\" data-end=\"59\">El mejor robot de fijaci\u00f3n con bloqueo autom\u00e1tico YR-300<\/strong>, Los fabricantes pueden lograr ciclos de ensamblaje m\u00e1s r\u00e1pidos, una eficiencia de producci\u00f3n mejorada y una calidad de producto constante, lo que proporciona una soluci\u00f3n confiable para las demandas de fabricaci\u00f3n automatizada moderna.<\/p>\n<p data-start=\"1225\" data-end=\"1476\" data-is-last-node=\"\" data-is-only-node=\"\"><img loading=\"lazy\" decoding=\"async\" class=\"alignnone wp-image-22867 aligncenter\" src=\"https:\/\/esmte.com\/wp-content\/uploads\/2025\/12\/11-27.webp\" alt=\"Topbest Automatic Locking Fasten Screw Robot YR-300\" width=\"570\" height=\"570\" srcset=\"https:\/\/esmte.com\/wp-content\/uploads\/2025\/12\/11-27.webp 2560w, https:\/\/esmte.com\/wp-content\/uploads\/2025\/12\/11-27-100x100.webp 100w, https:\/\/esmte.com\/wp-content\/uploads\/2025\/12\/11-27-600x600.webp 600w, https:\/\/esmte.com\/wp-content\/uploads\/2025\/12\/11-27-300x300.webp 300w, https:\/\/esmte.com\/wp-content\/uploads\/2025\/12\/11-27-1024x1024.webp 1024w, https:\/\/esmte.com\/wp-content\/uploads\/2025\/12\/11-27-150x150.webp 150w, https:\/\/esmte.com\/wp-content\/uploads\/2025\/12\/11-27-768x768.webp 768w, https:\/\/esmte.com\/wp-content\/uploads\/2025\/12\/11-27-1536x1536.webp 1536w, https:\/\/esmte.com\/wp-content\/uploads\/2025\/12\/11-27-2048x2048.webp 2048w, https:\/\/esmte.com\/wp-content\/uploads\/2025\/12\/11-27-1x1.webp 1w, https:\/\/esmte.com\/wp-content\/uploads\/2025\/12\/11-27-10x10.webp 10w\" sizes=\"auto, (max-width: 570px) 100vw, 570px\" \/><\/p>\n<h3>Caracter\u00edsticas principales<\/h3>\n<ul>\n<li data-start=\"75\" data-end=\"281\">\n<p data-start=\"78\" data-end=\"281\"><strong data-start=\"78\" data-end=\"112\">Fijaci\u00f3n de tornillos de alta precisi\u00f3n<\/strong> \u2013 Utiliza un control de movimiento avanzado y mecanismos de bloqueo inteligentes para garantizar una colocaci\u00f3n precisa de los tornillos y un torque constante para componentes y conjuntos delicados.<\/p>\n<\/li>\n<li data-start=\"283\" data-end=\"453\">\n<p data-start=\"286\" data-end=\"453\"><strong data-start=\"286\" data-end=\"319\">Operaci\u00f3n r\u00e1pida y eficiente<\/strong> \u2013 Capaz de atornillar a alta velocidad, mejorando significativamente el rendimiento de producci\u00f3n y reduciendo al mismo tiempo el trabajo manual y el tiempo de ensamblaje.<\/p>\n<\/li>\n<li data-start=\"455\" data-end=\"671\">\n<p data-start=\"458\" data-end=\"671\"><strong data-start=\"458\" data-end=\"487\">Programable y flexible<\/strong> \u2013 Admite par\u00e1metros ajustables como tama\u00f1o de tornillo, torque, velocidad de rotaci\u00f3n y secuencia de fijaci\u00f3n, lo que permite una f\u00e1cil adaptaci\u00f3n a diferentes dise\u00f1os de productos y requisitos de ensamblaje.<\/p>\n<\/li>\n<li data-start=\"673\" data-end=\"881\">\n<p data-start=\"676\" data-end=\"881\"><strong data-start=\"676\" data-end=\"708\">Dise\u00f1o compacto y ergon\u00f3mico<\/strong> \u2013 Su tama\u00f1o compacto permite una integraci\u00f3n perfecta en l\u00edneas de producci\u00f3n, laboratorios de I+D o configuraciones de ensamblaje de lotes peque\u00f1os a medianos sin ocupar un espacio de trabajo excesivo.<\/p>\n<\/li>\n<li data-start=\"883\" data-end=\"1094\">\n<p data-start=\"886\" data-end=\"1094\"><strong data-start=\"886\" data-end=\"921\">Rendimiento estable y confiable<\/strong> \u2013 Dise\u00f1ado con componentes mec\u00e1nicos robustos y funcionamiento sin vibraciones para garantizar resultados consistentes y durabilidad a largo plazo en entornos de fabricaci\u00f3n exigentes.<\/p>\n<\/li>\n<li data-start=\"1096\" data-end=\"1318\" data-is-last-node=\"\">\n<p data-start=\"1099\" data-end=\"1318\" data-is-last-node=\"\"><strong data-start=\"1099\" data-end=\"1130\">Interfaz f\u00e1cil de usar para el operador<\/strong> \u2013 Los controles intuitivos y los procedimientos de configuraci\u00f3n r\u00e1pida minimizan los requisitos de capacitaci\u00f3n, reducen los errores operativos y permiten una gesti\u00f3n eficiente del flujo de trabajo para procesos automatizados de fijaci\u00f3n de tornillos.<\/p>\n<\/li>\n<\/ul>\n<p>&nbsp;<\/p>\n<h2>Presupuesto<\/h2>\n<table style=\"border-collapse: collapse; width: 1378px; height: 178px;\" border=\"0\" width=\"675\" cellspacing=\"0\" cellpadding=\"0\">\n<tbody>\n<tr style=\"height: 15.00pt;\">\n<td class=\"et2\" style=\"height: 15pt; width: 90.75pt; text-align: center;\" width=\"121\" height=\"20\">Modelo<\/td>\n<td class=\"et3\" style=\"width: 138pt; text-align: center;\" width=\"184\">A\u00f1o 300<\/td>\n<td class=\"et3\" style=\"width: 139.5pt; text-align: center;\" width=\"186\">A\u00f1o 500<\/td>\n<td class=\"et4\" style=\"width: 138pt; text-align: center;\" width=\"184\">A\u00f1o 600<\/td>\n<\/tr>\n<tr style=\"height: 15.00pt;\">\n<td class=\"et5\" style=\"height: 15pt; width: 90.75pt; text-align: center;\" width=\"121\" height=\"20\">Tama\u00f1o m\u00e1ximo del rango<\/td>\n<td class=\"et6\" style=\"width: 138pt; text-align: center;\" width=\"184\">300*300 mm, ancho: 80 mm<\/td>\n<td class=\"et6\" style=\"width: 139.5pt; text-align: center;\" width=\"186\">500*400 mm, ancho: 80 mm<\/td>\n<td class=\"et7\" style=\"width: 138pt; text-align: center;\" width=\"184\">600*400 mm, ancho: 80 mm<\/td>\n<\/tr>\n<tr style=\"height: 15.00pt;\">\n<td class=\"et5\" style=\"height: 15pt; width: 90.75pt; text-align: center;\" width=\"121\" height=\"20\">N\u00famero de cabeza<\/td>\n<td class=\"et6\" style=\"width: 138pt; text-align: center;\" width=\"184\">1<\/td>\n<td class=\"et6\" style=\"width: 139.5pt; text-align: center;\" width=\"186\">1<\/td>\n<td class=\"et7\" style=\"width: 138pt; text-align: center;\" width=\"184\">2<\/td>\n<\/tr>\n<tr style=\"height: 15.00pt;\">\n<td class=\"et5\" style=\"height: 15pt; width: 90.75pt; text-align: center;\" width=\"121\" height=\"20\">N\u00famero de plataforma<\/td>\n<td class=\"et6\" style=\"width: 138pt; text-align: center;\" width=\"184\">1<\/td>\n<td class=\"et6\" style=\"width: 139.5pt; text-align: center;\" width=\"186\">2<\/td>\n<td class=\"et7\" style=\"width: 138pt; text-align: center;\" width=\"184\">2<\/td>\n<\/tr>\n<tr style=\"height: 15.00pt;\">\n<td class=\"et5\" style=\"height: 15pt; width: 90.75pt; text-align: center;\" width=\"121\" height=\"20\">Dimensi\u00f3n (mm)<\/td>\n<td class=\"et6\" style=\"width: 138pt; text-align: center;\" width=\"184\">670*540*690<\/td>\n<td class=\"et6\" style=\"width: 139.5pt; text-align: center;\" width=\"186\">670*590*690<\/td>\n<td class=\"et7\" style=\"width: 138pt; text-align: center;\" width=\"184\">1010*730*690<\/td>\n<\/tr>\n<tr style=\"height: 15.00pt;\">\n<td class=\"et8\" style=\"height: 15pt; width: 90.75pt; text-align: center;\" width=\"121\" height=\"20\">Peso<\/td>\n<td class=\"et9\" style=\"width: 138pt; text-align: center;\" width=\"184\">Aprox.: 70 kg<\/td>\n<td class=\"et9\" style=\"width: 139.5pt; text-align: center;\" width=\"186\">Aprox.: 90 kg<\/td>\n<td class=\"et10\" style=\"width: 138pt; text-align: center;\" width=\"184\">Aprox.: 130 kg<\/td>\n<\/tr>\n<\/tbody>\n<\/table>\n<p>&nbsp;<\/p>\n<p><a href=\"https:\/\/www.youtube.com\/@allaismt\" rel=\"nofollow noopener\" target=\"_blank\"><u>https:\/\/www.youtube.com\/@allaismt<\/u><\/a><\/p>\n<p>Para obtener m\u00e1s informaci\u00f3n sobre el robot de fijaci\u00f3n de tornillos con bloqueo autom\u00e1tico Topbest YR-600, env\u00ede un correo electr\u00f3nico a<\/p>\n<p><a href=\"mailto:sophia@allaismt.com\"><u>sophia@allaismt.com<\/u><\/a><\/p>\n<p>Responderemos a su consulta a la brevedad y le proporcionaremos informaci\u00f3n detallada sobre nuestros productos y servicios.<\/p>\n<p>&nbsp;<\/p>","protected":false},"excerpt":{"rendered":"<p>Descripci\u00f3n: El <strong data-start=\"4\" data-end=\"59\">El mejor robot de fijaci\u00f3n con bloqueo autom\u00e1tico YR-300<\/strong> Es una soluci\u00f3n de automatizaci\u00f3n de alta precisi\u00f3n dise\u00f1ada para una fijaci\u00f3n de tornillos eficiente y fiable en la producci\u00f3n de electr\u00f3nica y ensamblajes. Con control de movimiento avanzado y mecanismos de bloqueo inteligentes, garantiza un par constante, una colocaci\u00f3n precisa de los tornillos y un funcionamiento r\u00e1pido. Compacto y f\u00e1cil de usar, el YR-300 es ideal para l\u00edneas SMT, ensamblaje de PCBA y fabricaci\u00f3n de lotes peque\u00f1os y medianos, mejorando la productividad y reduciendo la mano de obra y los errores de ensamblaje. Su rendimiento estable y su f\u00e1cil integraci\u00f3n lo convierten en una herramienta vers\u00e1til para entornos de producci\u00f3n automatizados modernos. Cantidad m\u00ednima de pedido: 1 unidad. Plazo de entrega: 15 d\u00edas.<\/p>\n<p>Cantidad m\u00ednima de pedido: 1 unidad<\/p>\n<p>Plazo de entrega: 15 d\u00edas<\/p>\n<p>&nbsp;<\/p>","protected":false},"featured_media":22868,"comment_status":"closed","ping_status":"closed","template":"","meta":[],"etheme_brands":[],"product_brand":[],"product_cat":[181],"product_tag":[],"class_list":{"0":"post-22866","1":"product","2":"type-product","3":"status-publish","4":"has-post-thumbnail","6":"product_cat-screwing-robot","8":"first","9":"instock","10":"shipping-taxable","11":"product-type-simple"},"_links":{"self":[{"href":"https:\/\/esmte.com\/es\/wp-json\/wp\/v2\/product\/22866","targetHints":{"allow":["GET"]}}],"collection":[{"href":"https:\/\/esmte.com\/es\/wp-json\/wp\/v2\/product"}],"about":[{"href":"https:\/\/esmte.com\/es\/wp-json\/wp\/v2\/types\/product"}],"replies":[{"embeddable":true,"href":"https:\/\/esmte.com\/es\/wp-json\/wp\/v2\/comments?post=22866"}],"version-history":[{"count":1,"href":"https:\/\/esmte.com\/es\/wp-json\/wp\/v2\/product\/22866\/revisions"}],"predecessor-version":[{"id":22871,"href":"https:\/\/esmte.com\/es\/wp-json\/wp\/v2\/product\/22866\/revisions\/22871"}],"wp:featuredmedia":[{"embeddable":true,"href":"https:\/\/esmte.com\/es\/wp-json\/wp\/v2\/media\/22868"}],"wp:attachment":[{"href":"https:\/\/esmte.com\/es\/wp-json\/wp\/v2\/media?parent=22866"}],"wp:term":[{"taxonomy":"brand","embeddable":true,"href":"https:\/\/esmte.com\/es\/wp-json\/wp\/v2\/etheme_brands?post=22866"},{"taxonomy":"product_brand","embeddable":true,"href":"https:\/\/esmte.com\/es\/wp-json\/wp\/v2\/product_brand?post=22866"},{"taxonomy":"product_cat","embeddable":true,"href":"https:\/\/esmte.com\/es\/wp-json\/wp\/v2\/product_cat?post=22866"},{"taxonomy":"product_tag","embeddable":true,"href":"https:\/\/esmte.com\/es\/wp-json\/wp\/v2\/product_tag?post=22866"}],"curies":[{"name":"wp","href":"https:\/\/api.w.org\/{rel}","templated":true}]}}