{"id":22829,"date":"2025-12-04T09:06:34","date_gmt":"2025-12-04T09:06:34","guid":{"rendered":"https:\/\/esmte.com\/?post_type=product&#038;p=22829"},"modified":"2025-12-04T09:06:59","modified_gmt":"2025-12-04T09:06:59","slug":"automatic-pcb-soldering-robot-machine-ycr-250a","status":"publish","type":"product","link":"https:\/\/esmte.com\/es\/products\/automatic-pcb-soldering-robot-machine-ycr-250a\/","title":{"rendered":"M\u00e1quina robot de soldadura de PCB autom\u00e1tica YCR-250A"},"content":{"rendered":"<h2>Introducci\u00f3n<\/h2>\n<p data-start=\"86\" data-end=\"603\">El<strong data-start=\"86\" data-end=\"140\"> M\u00e1quina robot de soldadura autom\u00e1tica de PCB YCR-250A<\/strong> Est\u00e1 dise\u00f1ado para ofrecer soldadura precisa y de alta eficiencia en las l\u00edneas de producci\u00f3n SMT modernas. Construido con sistemas avanzados de control de movimiento y alineaci\u00f3n guiada por visi\u00f3n integrada, el robot de soldadura YCR-250A garantiza la formaci\u00f3n precisa de uniones de soldadura, perfiles t\u00e9rmicos uniformes y un rendimiento fiable en una amplia gama de conjuntos de PCB. Su proceso totalmente automatizado y sin contacto minimiza la tensi\u00f3n mec\u00e1nica, protege los componentes sensibles y mejora la calidad general de la soldadura.<\/p>\n<p data-start=\"605\" data-end=\"1051\">Equipado con algoritmos de soldadura adaptativos inteligentes, el <strong data-start=\"86\" data-end=\"140\">M\u00e1quina robot de soldadura autom\u00e1tica de PCB YCR-250A<\/strong> Ajusta autom\u00e1ticamente par\u00e1metros de soldadura como la temperatura, el flujo de soldadura y la velocidad de movimiento seg\u00fan el tipo de placa, la densidad de componentes y la complejidad del dise\u00f1o. El sistema asistido por visi\u00f3n identifica la posici\u00f3n de los componentes, compensa las desviaciones de la placa y optimiza din\u00e1micamente las rutas de soldadura, garantizando resultados repetibles y de alta precisi\u00f3n para PCB de paso fino y alta densidad.<\/p>\n<p data-start=\"1053\" data-end=\"1431\">La m\u00e1quina admite un flujo de trabajo totalmente automatizado, que incluye la carga, soldadura y descarga de placas, lo que reduce significativamente la mano de obra y mejora la eficiencia de la producci\u00f3n. Su interfaz intuitiva permite a los operadores gestionar recetas, supervisar los datos del proceso en tiempo real y realizar diagn\u00f3sticos, lo que proporciona trazabilidad completa y control del proceso para la fabricaci\u00f3n a gran escala.<\/p>\n<p data-start=\"1433\" data-end=\"1755\">Adecuada para una variedad de materiales de PCB, incluyendo placas r\u00edgidas, flexibles e h\u00edbridas, la m\u00e1quina robot de soldadura YCR-250A es ideal para electr\u00f3nica de consumo, m\u00f3dulos automotrices, equipos de telecomunicaciones y dispositivos IoT. Su preciso movimiento y gesti\u00f3n t\u00e9rmica garantizan uniones de soldadura de alta calidad, reducen las repeticiones y mejoran los \u00edndices de rendimiento.<\/p>\n<p data-start=\"1757\" data-end=\"2043\" data-is-last-node=\"\" data-is-only-node=\"\">Con una combinaci\u00f3n de automatizaci\u00f3n, precisi\u00f3n y confiabilidad, el <strong data-start=\"1822\" data-end=\"1872\">M\u00e1quina robot de soldadura autom\u00e1tica de PCB YCR-250A<\/strong> ofrece a los fabricantes una soluci\u00f3n avanzada para mejorar la eficiencia de la l\u00ednea SMT, garantizar una calidad de soldadura constante y satisfacer las demandas de la producci\u00f3n electr\u00f3nica moderna.<\/p>\n<p data-start=\"1757\" data-end=\"2043\" data-is-last-node=\"\" data-is-only-node=\"\"><img loading=\"lazy\" decoding=\"async\" class=\"alignnone wp-image-22830 aligncenter\" src=\"https:\/\/esmte.com\/wp-content\/uploads\/2025\/12\/YSR-250A-1.webp\" alt=\"Automatic Pcb Soldering Robot Machine YCR-250A\" width=\"574\" height=\"574\" srcset=\"https:\/\/esmte.com\/wp-content\/uploads\/2025\/12\/YSR-250A-1.webp 2560w, https:\/\/esmte.com\/wp-content\/uploads\/2025\/12\/YSR-250A-1-100x100.webp 100w, https:\/\/esmte.com\/wp-content\/uploads\/2025\/12\/YSR-250A-1-600x600.webp 600w, https:\/\/esmte.com\/wp-content\/uploads\/2025\/12\/YSR-250A-1-300x300.webp 300w, https:\/\/esmte.com\/wp-content\/uploads\/2025\/12\/YSR-250A-1-1024x1024.webp 1024w, https:\/\/esmte.com\/wp-content\/uploads\/2025\/12\/YSR-250A-1-150x150.webp 150w, https:\/\/esmte.com\/wp-content\/uploads\/2025\/12\/YSR-250A-1-768x768.webp 768w, https:\/\/esmte.com\/wp-content\/uploads\/2025\/12\/YSR-250A-1-1536x1536.webp 1536w, https:\/\/esmte.com\/wp-content\/uploads\/2025\/12\/YSR-250A-1-2048x2048.webp 2048w, https:\/\/esmte.com\/wp-content\/uploads\/2025\/12\/YSR-250A-1-1x1.webp 1w, https:\/\/esmte.com\/wp-content\/uploads\/2025\/12\/YSR-250A-1-10x10.webp 10w\" sizes=\"auto, (max-width: 574px) 100vw, 574px\" \/><\/p>\n<h3>Caracter\u00edsticas principales<\/h3>\n<ul>\n<li data-start=\"101\" data-end=\"397\"><strong data-start=\"101\" data-end=\"140\">Control de soldadura de alta precisi\u00f3n<\/strong><br data-start=\"140\" data-end=\"143\" \/>La m\u00e1quina robot de soldadura YCR-250A cuenta con control avanzado de movimiento y regulaci\u00f3n de temperatura, lo que permite obtener uniones de soldadura consistentes y precisas. Garantiza una soldadura fiable para componentes de paso fino y dise\u00f1os de PCB densos, minimizando defectos y mejorando la calidad del producto.<\/li>\n<li data-start=\"399\" data-end=\"664\"><strong data-start=\"399\" data-end=\"439\">Alineaci\u00f3n de componentes guiada por visi\u00f3n<\/strong><br data-start=\"439\" data-end=\"442\" \/>Equipada con un sistema de visi\u00f3n integrado, la m\u00e1quina detecta autom\u00e1ticamente la posici\u00f3n de los componentes y compensa las desviaciones de la placa. Esto garantiza trayectorias de soldadura precisas y precisi\u00f3n repetible en PCBA complejos.<\/li>\n<li data-start=\"666\" data-end=\"929\"><strong data-start=\"666\" data-end=\"697\">Flujo de trabajo totalmente automatizado<\/strong><br data-start=\"697\" data-end=\"700\" \/>La m\u00e1quina robot de soldadura YCR-250A, que admite la carga, soldadura y descarga automatizadas, reduce el trabajo manual, mejora la eficiencia operativa y permite la producci\u00f3n continua en varios turnos, lo que garantiza un rendimiento estable en la fabricaci\u00f3n de alto volumen.<\/li>\n<li data-start=\"931\" data-end=\"1189\"><strong data-start=\"931\" data-end=\"967\">Algoritmos de soldadura adaptativa<\/strong><br data-start=\"967\" data-end=\"970\" \/>El software inteligente ajusta par\u00e1metros de soldadura como la temperatura, el flujo de soldadura y la velocidad de movimiento seg\u00fan el tipo de placa y la densidad de componentes. Esto garantiza una calidad de uni\u00f3n \u00f3ptima y protege los componentes sensibles.<\/li>\n<li data-start=\"1191\" data-end=\"1473\"><strong data-start=\"1191\" data-end=\"1235\">Amplia compatibilidad de PCB y componentes<\/strong><br data-start=\"1235\" data-end=\"1238\" \/>La m\u00e1quina robot de soldadura YCR-250A maneja PCB r\u00edgidas, flexibles e h\u00edbridas, y admite una amplia gama de tipos y tama\u00f1os de componentes. Su versatilidad la hace ideal para aplicaciones de electr\u00f3nica de consumo, m\u00f3dulos automotrices, telecomunicaciones e IoT.<\/li>\n<li data-start=\"1475\" data-end=\"1771\"><strong data-start=\"1475\" data-end=\"1525\">Monitoreo en tiempo real y gesti\u00f3n de procesos<\/strong><br data-start=\"1525\" data-end=\"1528\" \/>El software avanzado de control de procesos proporciona monitorizaci\u00f3n en tiempo real, detecci\u00f3n de fallos y gesti\u00f3n de recetas. Los operadores pueden supervisar el rendimiento de la producci\u00f3n, optimizar los par\u00e1metros de soldadura y mantener una trazabilidad completa, mejorando as\u00ed la eficiencia y el rendimiento.<\/li>\n<\/ul>\n<p>&nbsp;<\/p>\n<h2>Presupuesto<\/h2>\n<table style=\"border-collapse: collapse; width: 1378px; height: 451px;\" border=\"0\" width=\"1101\" cellspacing=\"0\" cellpadding=\"0\">\n<tbody>\n<tr style=\"height: 15.00pt;\">\n<td class=\"et2\" style=\"height: 15pt; width: 116.25pt; text-align: center;\" width=\"155\" height=\"20\">Modelo<\/td>\n<td class=\"et3\" style=\"width: 176.25pt; text-align: center;\" width=\"235\">YSR-300<\/td>\n<td class=\"et3\" style=\"width: 179.25pt; text-align: center;\" width=\"239\">YSR-500<\/td>\n<td class=\"et3\" style=\"width: 177.75pt; text-align: center;\" width=\"237\">YSR-250A<\/td>\n<td class=\"et4\" style=\"width: 176.25pt; text-align: center;\" width=\"235\">YSR-250B<\/td>\n<\/tr>\n<tr style=\"height: 15.00pt;\">\n<td class=\"et5\" style=\"height: 15pt; width: 116.25pt; text-align: center;\" width=\"155\" height=\"20\">N\u00famero de plataforma<\/td>\n<td class=\"et6\" style=\"width: 176.25pt; text-align: center;\" width=\"235\">1<\/td>\n<td class=\"et6\" style=\"width: 179.25pt; text-align: center;\" width=\"239\">1<\/td>\n<td class=\"et6\" style=\"width: 177.75pt; text-align: center;\" width=\"237\">2<\/td>\n<td class=\"et7\" style=\"width: 176.25pt; text-align: center;\" width=\"235\">2<\/td>\n<\/tr>\n<tr style=\"height: 15.00pt;\">\n<td class=\"et5\" style=\"height: 15pt; width: 116.25pt; text-align: center;\" width=\"155\" height=\"20\">N\u00famero de cabeza<\/td>\n<td class=\"et6\" style=\"width: 176.25pt; text-align: center;\" width=\"235\">1<\/td>\n<td class=\"et6\" style=\"width: 179.25pt; text-align: center;\" width=\"239\">2<\/td>\n<td class=\"et6\" style=\"width: 177.75pt; text-align: center;\" width=\"237\">1<\/td>\n<td class=\"et7\" style=\"width: 176.25pt; text-align: center;\" width=\"235\">2<\/td>\n<\/tr>\n<tr style=\"height: 15.00pt;\">\n<td class=\"et5\" style=\"height: 15pt; width: 116.25pt; text-align: center;\" width=\"155\" height=\"20\">Potencia de calefacci\u00f3n<\/td>\n<td class=\"et6\" style=\"width: 176.25pt; text-align: center;\" width=\"235\">150 vatios<\/td>\n<td class=\"et6\" style=\"width: 179.25pt; text-align: center;\" width=\"239\">300 vatios<\/td>\n<td class=\"et6\" style=\"width: 177.75pt; text-align: center;\" width=\"237\">150 vatios<\/td>\n<td class=\"et7\" style=\"width: 176.25pt; text-align: center;\" width=\"235\">300 vatios<\/td>\n<\/tr>\n<tr style=\"height: 15.00pt;\">\n<td class=\"et5\" style=\"height: 30pt; width: 116.25pt; text-align: center;\" rowspan=\"2\" width=\"155\" height=\"40\">Tama\u00f1o m\u00e1ximo de PCB<\/td>\n<td class=\"et6\" style=\"width: 176.25pt; text-align: center;\" rowspan=\"2\" width=\"235\">300*300 mm<\/td>\n<td class=\"et6\" style=\"width: 179.25pt; text-align: center;\" rowspan=\"2\" width=\"239\">500*300 mm<\/td>\n<td class=\"et8\" style=\"width: 177.75pt; text-align: center;\" width=\"237\">250*250 mm<\/td>\n<td class=\"et9\" style=\"width: 176.25pt; text-align: center;\" width=\"235\">250*250 mm<\/td>\n<\/tr>\n<tr style=\"height: 15.00pt;\">\n<td class=\"et10\" style=\"width: 177.75pt; text-align: center;\" width=\"237\">para cada plataforma<\/td>\n<td class=\"et11\" style=\"width: 176.25pt; text-align: center;\" width=\"235\">para cada plataforma<\/td>\n<\/tr>\n<tr style=\"height: 29.25pt;\">\n<td class=\"et5\" style=\"height: 29.25pt; width: 116.25pt; text-align: center;\" width=\"155\" height=\"39\">Velocidad m\u00e1xima de movimiento<\/td>\n<td class=\"et6\" style=\"width: 176.25pt; text-align: center;\" width=\"235\">Alambre de acero y presi\u00f3n de aire.<br \/>\n(Opcional: Limpieza con cepillo giratorio)<\/td>\n<td class=\"et6\" style=\"width: 179.25pt; text-align: center;\" width=\"239\">Alambre de acero y presi\u00f3n de aire.<br \/>\n(Opcional: Limpieza con cepillo giratorio)<\/td>\n<td class=\"et6\" style=\"width: 177.75pt; text-align: center;\" width=\"237\">Alambre de acero y presi\u00f3n de aire.<br \/>\n(Opcional: Limpieza con cepillo giratorio)<\/td>\n<td class=\"et6\" style=\"width: 176.25pt; text-align: center;\" width=\"235\">Alambre de acero y presi\u00f3n de aire.<br \/>\n(Opcional: Limpieza con cepillo giratorio)<\/td>\n<\/tr>\n<tr style=\"height: 15.00pt;\">\n<td class=\"et5\" style=\"height: 15pt; width: 116.25pt; text-align: center;\" width=\"155\" height=\"20\">Alambre de soldadura<\/td>\n<td class=\"et6\" style=\"width: 176.25pt; text-align: center;\" width=\"235\">Alambre de soldadura de \u03a60,6~1,2 mm<\/td>\n<td class=\"et6\" style=\"width: 179.25pt; text-align: center;\" width=\"239\">Alambre de soldadura de \u03a60,6~1,2 mm<\/td>\n<td class=\"et6\" style=\"width: 177.75pt; text-align: center;\" width=\"237\">Alambre de soldadura de \u03a60,6~1,2 mm<\/td>\n<td class=\"et6\" style=\"width: 176.25pt; text-align: center;\" width=\"235\">Alambre de soldadura de \u03a60,6~1,2 mm<\/td>\n<\/tr>\n<tr style=\"height: 15.00pt;\">\n<td class=\"et5\" style=\"height: 15pt; width: 116.25pt; text-align: center;\" width=\"155\" height=\"20\">Velocidad de alimentaci\u00f3n de soldadura<\/td>\n<td class=\"et6\" style=\"width: 176.25pt; text-align: center;\" width=\"235\">1~50 mm\/s<\/td>\n<td class=\"et6\" style=\"width: 179.25pt; text-align: center;\" width=\"239\">1~50 mm\/s<\/td>\n<td class=\"et6\" style=\"width: 177.75pt; text-align: center;\" width=\"237\">1~50 mm\/s<\/td>\n<td class=\"et6\" style=\"width: 176.25pt; text-align: center;\" width=\"235\">1~50 mm\/s<\/td>\n<\/tr>\n<tr style=\"height: 15.00pt;\">\n<td class=\"et5\" style=\"height: 15pt; width: 116.25pt; text-align: center;\" width=\"155\" height=\"20\">Precisi\u00f3n repetida<\/td>\n<td class=\"et6\" style=\"width: 176.25pt; text-align: center;\" width=\"235\">\u00b10,02 mm<\/td>\n<td class=\"et6\" style=\"width: 179.25pt; text-align: center;\" width=\"239\">\u00b10,02 mm<\/td>\n<td class=\"et6\" style=\"width: 177.75pt; text-align: center;\" width=\"237\">\u00b10,02 mm<\/td>\n<td class=\"et6\" style=\"width: 176.25pt; text-align: center;\" width=\"235\">\u00b10,02 mm<\/td>\n<\/tr>\n<tr style=\"height: 15.00pt;\">\n<td class=\"et5\" style=\"height: 15pt; width: 116.25pt; text-align: center;\" width=\"155\" height=\"20\">Rango de temperatura<\/td>\n<td class=\"et6\" style=\"width: 176.25pt; text-align: center;\" width=\"235\">Temperatura ambiente-500C\u00b0<\/td>\n<td class=\"et6\" style=\"width: 179.25pt; text-align: center;\" width=\"239\">Temperatura ambiente-500C\u00b0<\/td>\n<td class=\"et6\" style=\"width: 177.75pt; text-align: center;\" width=\"237\">Temperatura ambiente-500C\u00b0<\/td>\n<td class=\"et6\" style=\"width: 176.25pt; text-align: center;\" width=\"235\">Temperatura ambiente-500C\u00b0<\/td>\n<\/tr>\n<tr style=\"height: 15.00pt;\">\n<td class=\"et5\" style=\"height: 15pt; width: 116.25pt; text-align: center;\" width=\"155\" height=\"20\">Precisi\u00f3n de la temperatura<\/td>\n<td class=\"et6\" style=\"width: 176.25pt; text-align: center;\" width=\"235\">\u00b11 \u00b0C<\/td>\n<td class=\"et6\" style=\"width: 179.25pt; text-align: center;\" width=\"239\">\u00b11 \u00b0C<\/td>\n<td class=\"et6\" style=\"width: 177.75pt; text-align: center;\" width=\"237\">\u00b11 \u00b0C<\/td>\n<td class=\"et6\" style=\"width: 176.25pt; text-align: center;\" width=\"235\">\u00b11 \u00b0C<\/td>\n<\/tr>\n<tr style=\"height: 15.00pt;\">\n<td class=\"et5\" style=\"height: 15pt; width: 116.25pt; text-align: center;\" width=\"155\" height=\"20\">Modo de conducci\u00f3n<\/td>\n<td class=\"et6\" style=\"width: 176.25pt; text-align: center;\" width=\"235\">Motor paso a paso<\/td>\n<td class=\"et6\" style=\"width: 179.25pt; text-align: center;\" width=\"239\">Motor paso a paso<\/td>\n<td class=\"et6\" style=\"width: 177.75pt; text-align: center;\" width=\"237\">Motor paso a paso<\/td>\n<td class=\"et6\" style=\"width: 176.25pt; text-align: center;\" width=\"235\">Motor paso a paso<\/td>\n<\/tr>\n<tr style=\"height: 15.00pt;\">\n<td class=\"et5\" style=\"height: 15pt; width: 116.25pt; text-align: center;\" width=\"155\" height=\"20\">Modo de control<\/td>\n<td class=\"et6\" style=\"width: 176.25pt; text-align: center;\" width=\"235\">Colgante de ense\u00f1anza<\/td>\n<td class=\"et6\" style=\"width: 179.25pt; text-align: center;\" width=\"239\">Colgante de ense\u00f1anza<\/td>\n<td class=\"et6\" style=\"width: 177.75pt; text-align: center;\" width=\"237\">Colgante de ense\u00f1anza<\/td>\n<td class=\"et6\" style=\"width: 176.25pt; text-align: center;\" width=\"235\">Colgante de ense\u00f1anza<\/td>\n<\/tr>\n<tr style=\"height: 15.00pt;\">\n<td class=\"et5\" style=\"height: 15pt; width: 116.25pt; text-align: center;\" width=\"155\" height=\"20\">Dimensi\u00f3n<\/td>\n<td class=\"et6\" style=\"width: 176.25pt; text-align: center;\" width=\"235\">750*650*880 mm<\/td>\n<td class=\"et6\" style=\"width: 179.25pt; text-align: center;\" width=\"239\">780*660*770 mm<\/td>\n<td class=\"et6\" style=\"width: 177.75pt; text-align: center;\" width=\"237\">930*650*880 mm<\/td>\n<td class=\"et7\" style=\"width: 176.25pt; text-align: center;\" width=\"235\">1280*750*950 mm<\/td>\n<\/tr>\n<tr style=\"height: 15.00pt;\">\n<td class=\"et12\" style=\"height: 15pt; width: 116.25pt; text-align: center;\" width=\"155\" height=\"20\">Peso<\/td>\n<td class=\"et13\" style=\"width: 176.25pt; text-align: center;\" width=\"235\">Aproximadamente 65 kg<\/td>\n<td class=\"et13\" style=\"width: 179.25pt; text-align: center;\" width=\"239\">Aproximadamente 70 kg<\/td>\n<td class=\"et13\" style=\"width: 177.75pt; text-align: center;\" width=\"237\">Aproximadamente 80 kg<\/td>\n<td class=\"et14\" style=\"width: 176.25pt; text-align: center;\" width=\"235\">Aproximadamente 85 kg<\/td>\n<\/tr>\n<\/tbody>\n<\/table>\n<p>&nbsp;<\/p>\n<p><a href=\"https:\/\/www.youtube.com\/@allaismt\" rel=\"nofollow noopener\" target=\"_blank\"><u>https:\/\/www.youtube.com\/@allaismt<\/u><\/a><\/p>\n<p>Para obtener m\u00e1s informaci\u00f3n sobre la m\u00e1quina robot de soldadura de PCB autom\u00e1tica YCR-250B, env\u00ede un correo electr\u00f3nico a<\/p>\n<p><a href=\"mailto:sophia@allaismt.com\"><u>sophia@allaismt.com<\/u><\/a><\/p>\n<p>Responderemos a su consulta a la brevedad y le proporcionaremos informaci\u00f3n detallada sobre nuestros productos y servicios.<\/p>\n<p>&nbsp;<\/p>","protected":false},"excerpt":{"rendered":"<p>Descripci\u00f3n:<strong data-start=\"79\" data-end=\"133\">M\u00e1quina robot de soldadura autom\u00e1tica de PCB YCR-250A<\/strong> Est\u00e1 dise\u00f1ado para la soldadura de alta precisi\u00f3n y totalmente automatizada en entornos de producci\u00f3n SMT modernos. Equipado con control de movimiento avanzado y alineaci\u00f3n guiada por visi\u00f3n integrada, garantiza la formaci\u00f3n precisa de uniones de soldadura en componentes de paso fino y dise\u00f1os complejos de PCBA. El YCR-250A reduce la intervenci\u00f3n manual, minimiza los errores humanos y mejora la eficiencia de la producci\u00f3n, lo que lo hace ideal para electr\u00f3nica de consumo, m\u00f3dulos automotrices y ensambles de circuitos de alta densidad. Sus algoritmos de soldadura inteligentes garantizan una calidad constante y un mayor rendimiento. Cantidad m\u00ednima de pedido: 1 unidad. Plazo de entrega: 15 d\u00edas.<\/p>\n<p>Cantidad m\u00ednima de pedido: 1 unidad<\/p>\n<p>Plazo de entrega: 15 d\u00edas<\/p>","protected":false},"featured_media":22831,"comment_status":"closed","ping_status":"closed","template":"","meta":[],"etheme_brands":[],"product_brand":[],"product_cat":[180],"product_tag":[],"class_list":{"0":"post-22829","1":"product","2":"type-product","3":"status-publish","4":"has-post-thumbnail","6":"product_cat-soldering-robot","8":"first","9":"instock","10":"shipping-taxable","11":"product-type-simple"},"_links":{"self":[{"href":"https:\/\/esmte.com\/es\/wp-json\/wp\/v2\/product\/22829","targetHints":{"allow":["GET"]}}],"collection":[{"href":"https:\/\/esmte.com\/es\/wp-json\/wp\/v2\/product"}],"about":[{"href":"https:\/\/esmte.com\/es\/wp-json\/wp\/v2\/types\/product"}],"replies":[{"embeddable":true,"href":"https:\/\/esmte.com\/es\/wp-json\/wp\/v2\/comments?post=22829"}],"version-history":[{"count":1,"href":"https:\/\/esmte.com\/es\/wp-json\/wp\/v2\/product\/22829\/revisions"}],"predecessor-version":[{"id":22833,"href":"https:\/\/esmte.com\/es\/wp-json\/wp\/v2\/product\/22829\/revisions\/22833"}],"wp:featuredmedia":[{"embeddable":true,"href":"https:\/\/esmte.com\/es\/wp-json\/wp\/v2\/media\/22831"}],"wp:attachment":[{"href":"https:\/\/esmte.com\/es\/wp-json\/wp\/v2\/media?parent=22829"}],"wp:term":[{"taxonomy":"brand","embeddable":true,"href":"https:\/\/esmte.com\/es\/wp-json\/wp\/v2\/etheme_brands?post=22829"},{"taxonomy":"product_brand","embeddable":true,"href":"https:\/\/esmte.com\/es\/wp-json\/wp\/v2\/product_brand?post=22829"},{"taxonomy":"product_cat","embeddable":true,"href":"https:\/\/esmte.com\/es\/wp-json\/wp\/v2\/product_cat?post=22829"},{"taxonomy":"product_tag","embeddable":true,"href":"https:\/\/esmte.com\/es\/wp-json\/wp\/v2\/product_tag?post=22829"}],"curies":[{"name":"wp","href":"https:\/\/api.w.org\/{rel}","templated":true}]}}