{"id":22809,"date":"2025-12-04T07:57:05","date_gmt":"2025-12-04T07:57:05","guid":{"rendered":"https:\/\/esmte.com\/?post_type=product&#038;p=22809"},"modified":"2025-12-04T07:57:06","modified_gmt":"2025-12-04T07:57:06","slug":"pcba-online-laser-cutter-separator-machine","status":"publish","type":"product","link":"https:\/\/esmte.com\/es\/products\/pcba-online-laser-cutter-separator-machine\/","title":{"rendered":"M\u00e1quina cortadora y separadora l\u00e1ser PCBA en l\u00ednea"},"content":{"rendered":"<h2>Introducci\u00f3n<\/h2>\n<p data-start=\"229\" data-end=\"674\">El <strong>M\u00e1quina cortadora y separadora l\u00e1ser PCBA en l\u00ednea<\/strong> Es una soluci\u00f3n avanzada de despanelado dise\u00f1ada para satisfacer las exigencias de precisi\u00f3n de la fabricaci\u00f3n electr\u00f3nica moderna. Mediante tecnolog\u00eda l\u00e1ser de alta velocidad, el sistema ofrece resultados de corte limpios y precisos sin aplicar tensi\u00f3n mec\u00e1nica a componentes sensibles. Este m\u00e9todo sin contacto garantiza una calidad de borde excepcional, lo que lo hace ideal para PCBAs con alta densidad de piezas o con formas irregulares.<\/p>\n<p data-start=\"676\" data-end=\"1147\">Dise\u00f1ada para una integraci\u00f3n perfecta en las l\u00edneas de producci\u00f3n SMT, la m\u00e1quina cortadora-separadora l\u00e1ser admite el procesamiento en l\u00ednea en tiempo real, lo que permite a los operadores mantener un flujo continuo sin manipulaci\u00f3n manual. Su sistema de control inteligente optimiza las trayectorias de corte, aumenta el rendimiento y mantiene una precisi\u00f3n repetible incluso en operaciones de gran volumen. La calibraci\u00f3n automatizada, la alineaci\u00f3n de visi\u00f3n y el control estable del haz contribuyen a una calidad de corte uniforme en diversos materiales de placa.<\/p>\n<p data-start=\"1149\" data-end=\"1691\">M\u00e1s all\u00e1 de la precisi\u00f3n, la <strong>M\u00e1quina cortadora y separadora l\u00e1ser PCBA en l\u00ednea<\/strong> Ofrece importantes ventajas de proceso. Elimina los riesgos de microfisuras, contaminaci\u00f3n por polvo y desgaste de herramientas, com\u00fanmente asociados con los m\u00e9todos mec\u00e1nicos. Esto lo hace ideal para industrias que requieren la m\u00e1xima fiabilidad, como la electr\u00f3nica automotriz, los dispositivos m\u00e9dicos, los m\u00f3dulos LED y los equipos de comunicaci\u00f3n. Su capacidad para manipular sustratos delgados, dise\u00f1os de paso fino y ensamblajes delicados garantiza la compatibilidad con los \u00faltimos dise\u00f1os de PCBA miniaturizados.<\/p>\n<p data-start=\"1693\" data-end=\"2068\" data-is-last-node=\"\" data-is-only-node=\"\">En general, el sistema combina una precisi\u00f3n inigualable, una configuraci\u00f3n flexible y un funcionamiento totalmente automatizado para ofrecer una soluci\u00f3n de despanelado superior. Para los fabricantes que buscan mayor eficiencia, mejor rendimiento y una mejor calidad del producto, el <strong>M\u00e1quina cortadora y separadora l\u00e1ser PCBA en l\u00ednea<\/strong> Proporciona una alternativa potente y preparada para el futuro a los m\u00e9todos de separaci\u00f3n tradicionales.<\/p>\n<p data-start=\"1693\" data-end=\"2068\" data-is-last-node=\"\" data-is-only-node=\"\">\n<p data-start=\"1693\" data-end=\"2068\" data-is-last-node=\"\" data-is-only-node=\"\"><img loading=\"lazy\" decoding=\"async\" class=\"alignnone  wp-image-22810 aligncenter\" src=\"https:\/\/esmte.com\/wp-content\/uploads\/2025\/12\/11-26.webp\" alt=\"PCBA Online Laser Cutting Cutter Separator Machine\" width=\"606\" height=\"605\" srcset=\"https:\/\/esmte.com\/wp-content\/uploads\/2025\/12\/11-26.webp 2561w, https:\/\/esmte.com\/wp-content\/uploads\/2025\/12\/11-26-100x100.webp 100w, https:\/\/esmte.com\/wp-content\/uploads\/2025\/12\/11-26-600x599.webp 600w, https:\/\/esmte.com\/wp-content\/uploads\/2025\/12\/11-26-300x300.webp 300w, https:\/\/esmte.com\/wp-content\/uploads\/2025\/12\/11-26-1024x1024.webp 1024w, https:\/\/esmte.com\/wp-content\/uploads\/2025\/12\/11-26-150x150.webp 150w, https:\/\/esmte.com\/wp-content\/uploads\/2025\/12\/11-26-768x767.webp 768w, https:\/\/esmte.com\/wp-content\/uploads\/2025\/12\/11-26-1536x1534.webp 1536w, https:\/\/esmte.com\/wp-content\/uploads\/2025\/12\/11-26-2048x2046.webp 2048w, https:\/\/esmte.com\/wp-content\/uploads\/2025\/12\/11-26-1x1.webp 1w, https:\/\/esmte.com\/wp-content\/uploads\/2025\/12\/11-26-10x10.webp 10w\" sizes=\"auto, (max-width: 606px) 100vw, 606px\" \/><\/p>\n<p data-start=\"1693\" data-end=\"2068\" data-is-last-node=\"\" data-is-only-node=\"\">\n<h3>Caracter\u00edsticas principales<\/h3>\n<ul>\n<li data-start=\"164\" data-end=\"459\">\n<p data-start=\"167\" data-end=\"459\"><strong data-start=\"167\" data-end=\"199\">Despanelado l\u00e1ser sin estr\u00e9s<\/strong><br data-start=\"199\" data-end=\"202\" \/>Utiliza un proceso de corte l\u00e1ser sin contacto que elimina por completo la tensi\u00f3n mec\u00e1nica en componentes y sustratos. Esto garantiza una excelente calidad de borde, previene microfisuras y mantiene la integridad estructural para dise\u00f1os de PCBA delgados y de alta densidad.<\/p>\n<\/li>\n<li data-start=\"461\" data-end=\"746\">\n<p data-start=\"464\" data-end=\"746\"><strong data-start=\"464\" data-end=\"499\">Alineaci\u00f3n de visi\u00f3n de alta precisi\u00f3n<\/strong><br data-start=\"499\" data-end=\"502\" \/>Equipado con un avanzado sistema de posicionamiento \u00f3ptico que detecta autom\u00e1ticamente los puntos de referencia y ajusta las trayectorias de corte en tiempo real. Esto garantiza una precisi\u00f3n microm\u00e9trica incluso al manipular tableros con contornos complejos o ensamblajes de paso fino.<\/p>\n<\/li>\n<li data-start=\"748\" data-end=\"1014\">\n<p data-start=\"751\" data-end=\"1014\"><strong data-start=\"751\" data-end=\"786\">Compatibilidad de automatizaci\u00f3n en l\u00ednea<\/strong><br data-start=\"786\" data-end=\"789\" \/>Dise\u00f1ado para una integraci\u00f3n perfecta en l\u00edneas de producci\u00f3n SMT totalmente automatizadas. El sistema admite transferencia de cinta transportadora, conexi\u00f3n MES y despanelado continuo en l\u00ednea para maximizar la eficiencia y reducir los errores de manipulaci\u00f3n manual.<\/p>\n<\/li>\n<li data-start=\"1016\" data-end=\"1307\">\n<p data-start=\"1019\" data-end=\"1307\"><strong data-start=\"1019\" data-end=\"1058\">Control y estabilidad del l\u00e1ser optimizados<\/strong><br data-start=\"1058\" data-end=\"1061\" \/>Cuenta con una fuente l\u00e1ser estable y de alta potencia con gesti\u00f3n inteligente del haz para garantizar una velocidad y calidad de corte constantes. El algoritmo de control optimizado minimiza las zonas afectadas por el calor, mejorando la fiabilidad de los productos electr\u00f3nicos sensibles.<\/p>\n<\/li>\n<li data-start=\"1309\" data-end=\"1588\">\n<p data-start=\"1312\" data-end=\"1588\"><strong data-start=\"1312\" data-end=\"1349\">Material flexible y soporte de forma<\/strong><br data-start=\"1349\" data-end=\"1352\" \/>Capaz de cortar FR4, FPC, compuestos r\u00edgido-flexibles y otros materiales de PCB con alta repetibilidad. Su programaci\u00f3n flexible permite a los fabricantes procesar placas de diversas formas, patrones complejos y matrices multipanel con facilidad.<\/p>\n<\/li>\n<li data-start=\"1590\" data-end=\"1876\" data-is-last-node=\"\">\n<p data-start=\"1593\" data-end=\"1876\" data-is-last-node=\"\"><strong data-start=\"1593\" data-end=\"1630\">Bajo mantenimiento y funcionamiento limpio<\/strong><br data-start=\"1630\" data-end=\"1633\" \/>Al no tener cuchillas f\u00edsicas, el sistema evita el desgaste de las herramientas, la generaci\u00f3n de polvo y los costosos reemplazos. El entorno de corte limpio y sin contacto reduce el riesgo de contaminaci\u00f3n y contribuye a un flujo de trabajo de producci\u00f3n estable y de bajo mantenimiento.<\/p>\n<\/li>\n<\/ul>\n<p>&nbsp;<\/p>\n<h2>Presupuesto<\/h2>\n<table style=\"border-collapse: collapse; width: 1376px; height: 379px;\" border=\"0\" width=\"736\" cellspacing=\"0\" cellpadding=\"0\">\n<tbody>\n<tr style=\"height: 15.00pt;\">\n<td class=\"et2\" style=\"height: 15pt; width: 173.25pt; text-align: center;\" width=\"231\" height=\"20\">Art\u00edculo<\/td>\n<td class=\"et3\" style=\"width: 378.75pt; text-align: center;\" width=\"505\">YLC-350<\/td>\n<\/tr>\n<tr style=\"height: 15.00pt;\">\n<td class=\"et4\" style=\"height: 15pt; width: 173.25pt; text-align: center;\" width=\"231\" height=\"20\">Tipo de l\u00e1ser<\/td>\n<td class=\"et5\" style=\"width: 378.75pt; text-align: center;\" width=\"505\">l\u00e1ser verde<\/td>\n<\/tr>\n<tr style=\"height: 15.00pt;\">\n<td class=\"et4\" style=\"height: 15pt; width: 173.25pt; text-align: center;\" width=\"231\" height=\"20\">Potencia del l\u00e1ser<\/td>\n<td class=\"et5\" style=\"width: 378.75pt; text-align: center;\" width=\"505\">35 W<\/td>\n<\/tr>\n<tr style=\"height: 15.00pt;\">\n<td class=\"et4\" style=\"height: 15pt; width: 173.25pt; text-align: center;\" width=\"231\" height=\"20\">Gama de plataformas<\/td>\n<td class=\"et5\" style=\"width: 378.75pt; text-align: center;\" width=\"505\">Mesa doble de 300*300 mm<\/td>\n<\/tr>\n<tr style=\"height: 15.00pt;\">\n<td class=\"et4\" style=\"height: 15pt; width: 173.25pt; text-align: center;\" width=\"231\" height=\"20\">Adaptarse al espesor del producto (mm)<\/td>\n<td class=\"et5\" style=\"width: 378.75pt; text-align: center;\" width=\"505\">M\u00c1XIMO 1,5 mm<\/td>\n<\/tr>\n<tr style=\"height: 15.00pt;\">\n<td class=\"et4\" style=\"height: 15pt; width: 173.25pt; text-align: center;\" width=\"231\" height=\"20\">Velocidad m\u00e1xima de la plataforma<\/td>\n<td class=\"et5\" style=\"width: 378.75pt; text-align: center;\" width=\"505\">1000 m\/s<\/td>\n<\/tr>\n<tr style=\"height: 15.00pt;\">\n<td class=\"et4\" style=\"height: 15pt; width: 173.25pt; text-align: center;\" width=\"231\" height=\"20\">Velocidad m\u00e1xima de corte (mm\/s)<\/td>\n<td class=\"et5\" style=\"width: 378.75pt; text-align: center;\" width=\"505\">\u2265200 mil\u00edmetros<\/td>\n<\/tr>\n<tr style=\"height: 15.00pt;\">\n<td class=\"et4\" style=\"height: 15pt; width: 173.25pt; text-align: center;\" width=\"231\" height=\"20\">Precisi\u00f3n de posicionamiento<\/td>\n<td class=\"et5\" style=\"width: 378.75pt; text-align: center;\" width=\"505\">\u00b10,005 mm<\/td>\n<\/tr>\n<tr style=\"height: 15.00pt;\">\n<td class=\"et4\" style=\"height: 15pt; width: 173.25pt; text-align: center;\" width=\"231\" height=\"20\">Repetibilidad<\/td>\n<td class=\"et5\" style=\"width: 378.75pt; text-align: center;\" width=\"505\">\u00b10,005 mm<\/td>\n<\/tr>\n<tr style=\"height: 15.00pt;\">\n<td class=\"et4\" style=\"height: 15pt; width: 173.25pt; text-align: center;\" width=\"231\" height=\"20\">Precisi\u00f3n de corte<\/td>\n<td class=\"et5\" style=\"width: 378.75pt; text-align: center;\" width=\"505\">\u00b10,025 mm<\/td>\n<\/tr>\n<tr style=\"height: 15.00pt;\">\n<td class=\"et4\" style=\"height: 15pt; width: 173.25pt; text-align: center;\" width=\"231\" height=\"20\">Fuerza<\/td>\n<td class=\"et5\" style=\"width: 378.75pt; text-align: center;\" width=\"505\">CA 220 V\/50 Hz, 3 kW<\/td>\n<\/tr>\n<tr style=\"height: 15.00pt;\">\n<td class=\"et4\" style=\"height: 15pt; width: 173.25pt; text-align: center;\" width=\"231\" height=\"20\">Peso<\/td>\n<td class=\"et5\" style=\"width: 378.75pt; text-align: center;\" width=\"505\">3200 kg<\/td>\n<\/tr>\n<tr style=\"height: 15.00pt;\">\n<td class=\"et6\" style=\"height: 15pt; width: 173.25pt; text-align: center;\" width=\"231\" height=\"20\">Dimensiones<\/td>\n<td class=\"et7\" style=\"width: 378.75pt; text-align: center;\" width=\"505\">Largo 1600 x Ancho 1300 x Alto 1800 mm<\/td>\n<\/tr>\n<\/tbody>\n<\/table>\n<p>&nbsp;<\/p>\n<p><a href=\"https:\/\/www.youtube.com\/@allaismt\" rel=\"nofollow noopener\" target=\"_blank\"><u>https:\/\/www.youtube.com\/@allaismt<\/u><\/a><\/p>\n<p>Para obtener m\u00e1s informaci\u00f3n sobre la m\u00e1quina cortadora y separadora l\u00e1ser PCBA Online, env\u00ede un correo electr\u00f3nico a<\/p>\n<p><a href=\"mailto:sophia@allaismt.com\"><u>sophia@allaismt.com<\/u><\/a><\/p>\n<p>Responderemos a su consulta a la brevedad y le proporcionaremos informaci\u00f3n detallada sobre nuestros productos y servicios.<\/p>\n<p>&nbsp;<\/p>","protected":false},"excerpt":{"rendered":"<p>Descripci\u00f3n:<strong data-start=\"0\" data-end=\"54\" data-is-only-node=\"\">M\u00e1quina cortadora y separadora l\u00e1ser PCBA en l\u00ednea<\/strong> Es una soluci\u00f3n de despanelado sin contacto y de alta precisi\u00f3n, dise\u00f1ada para l\u00edneas de montaje SMT y electr\u00f3nicas modernas. Mediante tecnolog\u00eda l\u00e1ser avanzada, realiza cortes limpios, sin rebabas y sin tensi\u00f3n mec\u00e1nica, lo que la hace ideal para dise\u00f1os de PCBA fr\u00e1giles, de alta densidad o complejos. El sistema permite una operaci\u00f3n en l\u00ednea totalmente automatizada, lo que garantiza una calidad constante, tiempos de producci\u00f3n reducidos y la m\u00e1xima fiabilidad del proceso para la fabricaci\u00f3n en masa.<\/p>\n<p>Cantidad m\u00ednima de pedido: 1 unidad<\/p>\n<p>Plazo de entrega: 15 d\u00edas<\/p>","protected":false},"featured_media":22811,"comment_status":"closed","ping_status":"closed","template":"","meta":[],"etheme_brands":[],"product_brand":[],"product_cat":[193],"product_tag":[],"class_list":{"0":"post-22809","1":"product","2":"type-product","3":"status-publish","4":"has-post-thumbnail","6":"product_cat-pcb-depaneling-machine-2","8":"first","9":"instock","10":"shipping-taxable","11":"product-type-simple"},"_links":{"self":[{"href":"https:\/\/esmte.com\/es\/wp-json\/wp\/v2\/product\/22809","targetHints":{"allow":["GET"]}}],"collection":[{"href":"https:\/\/esmte.com\/es\/wp-json\/wp\/v2\/product"}],"about":[{"href":"https:\/\/esmte.com\/es\/wp-json\/wp\/v2\/types\/product"}],"replies":[{"embeddable":true,"href":"https:\/\/esmte.com\/es\/wp-json\/wp\/v2\/comments?post=22809"}],"version-history":[{"count":1,"href":"https:\/\/esmte.com\/es\/wp-json\/wp\/v2\/product\/22809\/revisions"}],"predecessor-version":[{"id":22812,"href":"https:\/\/esmte.com\/es\/wp-json\/wp\/v2\/product\/22809\/revisions\/22812"}],"wp:featuredmedia":[{"embeddable":true,"href":"https:\/\/esmte.com\/es\/wp-json\/wp\/v2\/media\/22811"}],"wp:attachment":[{"href":"https:\/\/esmte.com\/es\/wp-json\/wp\/v2\/media?parent=22809"}],"wp:term":[{"taxonomy":"brand","embeddable":true,"href":"https:\/\/esmte.com\/es\/wp-json\/wp\/v2\/etheme_brands?post=22809"},{"taxonomy":"product_brand","embeddable":true,"href":"https:\/\/esmte.com\/es\/wp-json\/wp\/v2\/product_brand?post=22809"},{"taxonomy":"product_cat","embeddable":true,"href":"https:\/\/esmte.com\/es\/wp-json\/wp\/v2\/product_cat?post=22809"},{"taxonomy":"product_tag","embeddable":true,"href":"https:\/\/esmte.com\/es\/wp-json\/wp\/v2\/product_tag?post=22809"}],"curies":[{"name":"wp","href":"https:\/\/api.w.org\/{rel}","templated":true}]}}