{"id":22805,"date":"2025-12-04T07:24:03","date_gmt":"2025-12-04T07:24:03","guid":{"rendered":"https:\/\/esmte.com\/?post_type=product&#038;p=22805"},"modified":"2025-12-04T07:32:39","modified_gmt":"2025-12-04T07:32:39","slug":"multi-group-blades-pcb-v-cut-machine-yvc-180","status":"publish","type":"product","link":"https:\/\/esmte.com\/es\/products\/multi-group-blades-pcb-v-cut-machine-yvc-180\/","title":{"rendered":"M\u00e1quina de corte en V para PCB con cuchillas multigrupo YVC-180"},"content":{"rendered":"<h2>Introducci\u00f3n<\/h2>\n<p data-start=\"178\" data-end=\"664\">El <strong data-start=\"182\" data-end=\"230\">M\u00e1quina de corte en V para PCB con cuchillas multigrupo YVC-180<\/strong> Es una soluci\u00f3n de despanelado de alta precisi\u00f3n dise\u00f1ada para la fabricaci\u00f3n moderna de PCB y electr\u00f3nica. Con m\u00faltiples grupos de cuchillas, permite cortes en V simult\u00e1neos en paneles grandes, lo que aumenta significativamente la eficiencia de producci\u00f3n y mantiene bordes lisos y precisos. Su mecanismo de corte escalonado reduce la tensi\u00f3n mec\u00e1nica en las placas, evitando deformaciones, astillado y deformaci\u00f3n de los bordes, lo que garantiza resultados consistentes y de alta calidad.<\/p>\n<p data-start=\"666\" data-end=\"1099\">La YVC-180 admite una amplia gama de espesores de PCB, generalmente de 0,2 mm a 5,0 mm, y se adapta a placas de fibra de vidrio, de aluminio y de otros tipos. Su profundidad de corte ajustable y la precisa alineaci\u00f3n de las cuchillas ofrecen flexibilidad para diferentes dise\u00f1os y requisitos de producci\u00f3n. Las cuchillas duraderas y resistentes al desgaste de la m\u00e1quina y su robusta construcci\u00f3n mec\u00e1nica garantizan un rendimiento fiable en la producci\u00f3n continua de alto volumen.<\/p>\n<p data-start=\"1101\" data-end=\"1402\">Ampliamente utilizado en <strong data-start=\"1116\" data-end=\"1188\">L\u00edneas SMT, ensamblaje de PCB, producci\u00f3n de m\u00f3dulos LED y despanelado por lotes<\/strong>, La YVC-180 es ideal tanto para prototipos como para producci\u00f3n en masa. Su dise\u00f1o multihoja no solo acelera el proceso de despanelado, sino que tambi\u00e9n minimiza los desperdicios, mejorando el rendimiento y la eficiencia general.<\/p>\n<p data-start=\"1404\" data-end=\"1637\">Con el <strong data-start=\"1413\" data-end=\"1461\">M\u00e1quina de corte en V para PCB con cuchillas multigrupo YVC-180<\/strong>, Los fabricantes pueden lograr cortes en V precisos, de alta velocidad y consistentes, optimizando el flujo de trabajo y manteniendo la integridad y la calidad de la placa en una variedad de aplicaciones.<\/p>\n<p data-start=\"1404\" data-end=\"1637\"><img loading=\"lazy\" decoding=\"async\" class=\"alignnone wp-image-22801 aligncenter\" src=\"https:\/\/esmte.com\/wp-content\/uploads\/2025\/12\/11-25.webp\" alt=\"Multi Group Blades PCB V-cut Machine\" width=\"602\" height=\"601\" srcset=\"https:\/\/esmte.com\/wp-content\/uploads\/2025\/12\/11-25.webp 2561w, https:\/\/esmte.com\/wp-content\/uploads\/2025\/12\/11-25-100x100.webp 100w, https:\/\/esmte.com\/wp-content\/uploads\/2025\/12\/11-25-600x599.webp 600w, https:\/\/esmte.com\/wp-content\/uploads\/2025\/12\/11-25-300x300.webp 300w, https:\/\/esmte.com\/wp-content\/uploads\/2025\/12\/11-25-1024x1024.webp 1024w, https:\/\/esmte.com\/wp-content\/uploads\/2025\/12\/11-25-150x150.webp 150w, https:\/\/esmte.com\/wp-content\/uploads\/2025\/12\/11-25-768x767.webp 768w, https:\/\/esmte.com\/wp-content\/uploads\/2025\/12\/11-25-1536x1534.webp 1536w, https:\/\/esmte.com\/wp-content\/uploads\/2025\/12\/11-25-2048x2046.webp 2048w, https:\/\/esmte.com\/wp-content\/uploads\/2025\/12\/11-25-1x1.webp 1w, https:\/\/esmte.com\/wp-content\/uploads\/2025\/12\/11-25-10x10.webp 10w\" sizes=\"auto, (max-width: 602px) 100vw, 602px\" \/><\/p>\n<h3>Caracter\u00edsticas principales<\/h3>\n<ul>\n<li data-start=\"205\" data-end=\"391\">\n<p data-start=\"208\" data-end=\"391\"><strong data-start=\"208\" data-end=\"247\">Corte multicuchilla de alta eficiencia<\/strong> \u2013 M\u00faltiples grupos de cuchillas permiten cortes en V simult\u00e1neos en paneles de PCB grandes, lo que mejora enormemente el rendimiento de la producci\u00f3n y reduce el tiempo de procesamiento.<\/p>\n<\/li>\n<li data-start=\"393\" data-end=\"576\">\n<p data-start=\"396\" data-end=\"576\"><strong data-start=\"396\" data-end=\"420\">Despanelado de precisi\u00f3n<\/strong> \u2013 El dise\u00f1o de corte escalonado minimiza la tensi\u00f3n mec\u00e1nica en las tablas, evitando deformaciones, astillas en los bordes y garantizando cortes en V suaves y precisos.<\/p>\n<\/li>\n<li data-start=\"578\" data-end=\"763\">\n<p data-start=\"581\" data-end=\"763\"><strong data-start=\"581\" data-end=\"603\">Amplia compatibilidad<\/strong> \u2013 La profundidad de corte ajustable admite varios espesores de PCB, generalmente de 0,2 mm a 5,0 mm, adecuado para placas de fibra de vidrio, de aluminio y de otros tipos.<\/p>\n<\/li>\n<li data-start=\"765\" data-end=\"941\">\n<p data-start=\"768\" data-end=\"941\"><strong data-start=\"768\" data-end=\"792\">Construcci\u00f3n duradera<\/strong> \u2013 Las cuchillas resistentes al desgaste y un marco mec\u00e1nico robusto proporcionan un rendimiento estable a largo plazo en entornos de producci\u00f3n continua de alto volumen.<\/p>\n<\/li>\n<li data-start=\"943\" data-end=\"1121\">\n<p data-start=\"946\" data-end=\"1121\"><strong data-start=\"946\" data-end=\"977\">Capacidad de producci\u00f3n por lotes<\/strong> \u2013 El dise\u00f1o de m\u00faltiples hojas permite el despanelado de PCB de gran volumen, lo que hace que el YVC-180 sea ideal para l\u00edneas SMT, ensamblaje de m\u00f3dulos LED y fabricaci\u00f3n en lotes.<\/p>\n<\/li>\n<li data-start=\"1123\" data-end=\"1320\">\n<p data-start=\"1126\" data-end=\"1320\"><strong data-start=\"1126\" data-end=\"1153\">Operaci\u00f3n f\u00e1cil de usar<\/strong> \u2013 La interfaz ergon\u00f3mica y el ajuste simple de la cuchilla permiten un control preciso, reducen la fatiga del operador y garantizan un rendimiento confiable en diversos requisitos de producci\u00f3n.<\/p>\n<\/li>\n<\/ul>\n<p>&nbsp;<\/p>\n<h2>Presupuesto<\/h2>\n<table style=\"border-collapse: collapse; width: 1377px; height: 129px;\" border=\"0\" width=\"509\" cellspacing=\"0\" cellpadding=\"0\">\n<tbody>\n<tr style=\"height: 15.00pt;\">\n<td class=\"et2\" style=\"height: 15pt; width: 90pt; text-align: center;\" width=\"120\" height=\"20\">Modelo<\/td>\n<td class=\"et3\" style=\"width: 291.75pt; text-align: center;\" width=\"389\">YVC-180<\/td>\n<\/tr>\n<tr style=\"height: 15.00pt;\">\n<td class=\"et4\" style=\"height: 15pt; width: 90pt; text-align: center;\" width=\"120\" height=\"20\">Dimensi\u00f3n<\/td>\n<td class=\"et5\" style=\"width: 291.75pt; text-align: center;\" width=\"389\">1260*750*1060 mm<\/td>\n<\/tr>\n<tr style=\"height: 15.00pt;\">\n<td class=\"et4\" style=\"height: 15pt; width: 90pt; text-align: center;\" width=\"120\" height=\"20\">Tama\u00f1o de PCB<\/td>\n<td class=\"et5\" style=\"width: 291.75pt; text-align: center;\" width=\"389\">8 a 180 mm<\/td>\n<\/tr>\n<tr style=\"height: 15.00pt;\">\n<td class=\"et4\" style=\"height: 15pt; width: 90pt; text-align: center;\" width=\"120\" height=\"20\">Fuente de alimentaci\u00f3n<\/td>\n<td class=\"et5\" style=\"width: 291.75pt; text-align: center;\" width=\"389\">1 fase CA 220 V 50\/60 Hz (opci\u00f3n: 110 V a 230 V)<\/td>\n<\/tr>\n<tr style=\"height: 15.00pt;\">\n<td class=\"et6\" style=\"height: 15pt; width: 90pt; text-align: center;\" width=\"120\" height=\"20\">Pesos<\/td>\n<td class=\"et7\" style=\"width: 291.75pt; text-align: center;\" width=\"389\">160 kg<\/td>\n<\/tr>\n<\/tbody>\n<\/table>\n<p>&nbsp;<\/p>\n<p><a href=\"https:\/\/www.youtube.com\/@allaismt\" rel=\"nofollow noopener\" target=\"_blank\"><u>https:\/\/www.youtube.com\/@allaismt<\/u><\/a><\/p>\n<p>Para obtener m\u00e1s informaci\u00f3n sobre la m\u00e1quina de corte en V para PCB con hojas de grupo m\u00faltiple YVC-180, env\u00ede un correo electr\u00f3nico a<\/p>\n<p><a href=\"mailto:sophia@allaismt.com\"><u>sophia@allaismt.com<\/u><\/a><\/p>\n<p>Responderemos a su consulta a la brevedad y le proporcionaremos informaci\u00f3n detallada sobre nuestros productos y servicios.<\/p>\n<p>&nbsp;<\/p>","protected":false},"excerpt":{"rendered":"<p>Descripci\u00f3n: El <strong>M\u00e1quina de corte en V para PCB con cuchillas multigrupo YVC-180<\/strong> Es una m\u00e1quina de corte en V de PCB de alta precisi\u00f3n, dise\u00f1ada para un despanelado eficiente en l\u00edneas de producci\u00f3n de SMT y electr\u00f3nica. Equipada con m\u00faltiples grupos de cuchillas, permite cortes en V simult\u00e1neos en paneles de PCB de gran tama\u00f1o, lo que mejora significativamente la eficiencia de producci\u00f3n. El mecanismo de corte escalonado garantiza bordes lisos, reduce la deformaci\u00f3n de la placa y minimiza los desechos. La profundidad de corte ajustable se adapta a diferentes espesores de PCB, lo que la hace adecuada para placas de fibra de vidrio, de aluminio y de otros tipos. Ideal para producci\u00f3n en serie, placas de prototipos y ensamblaje de m\u00f3dulos LED o electr\u00f3nicos, la YVC-180 ofrece un rendimiento de despanelado fiable, de alta calidad y consistente.<\/p>\n<p>Cantidad m\u00ednima de pedido: 1 unidad<\/p>\n<p>Plazo de entrega: 15 d\u00edas<\/p>","protected":false},"featured_media":22806,"comment_status":"closed","ping_status":"closed","template":"","meta":[],"etheme_brands":[],"product_brand":[],"product_cat":[193],"product_tag":[],"class_list":{"0":"post-22805","1":"product","2":"type-product","3":"status-publish","4":"has-post-thumbnail","6":"product_cat-pcb-depaneling-machine-2","8":"first","9":"instock","10":"shipping-taxable","11":"product-type-simple"},"_links":{"self":[{"href":"https:\/\/esmte.com\/es\/wp-json\/wp\/v2\/product\/22805","targetHints":{"allow":["GET"]}}],"collection":[{"href":"https:\/\/esmte.com\/es\/wp-json\/wp\/v2\/product"}],"about":[{"href":"https:\/\/esmte.com\/es\/wp-json\/wp\/v2\/types\/product"}],"replies":[{"embeddable":true,"href":"https:\/\/esmte.com\/es\/wp-json\/wp\/v2\/comments?post=22805"}],"version-history":[{"count":1,"href":"https:\/\/esmte.com\/es\/wp-json\/wp\/v2\/product\/22805\/revisions"}],"predecessor-version":[{"id":22808,"href":"https:\/\/esmte.com\/es\/wp-json\/wp\/v2\/product\/22805\/revisions\/22808"}],"wp:featuredmedia":[{"embeddable":true,"href":"https:\/\/esmte.com\/es\/wp-json\/wp\/v2\/media\/22806"}],"wp:attachment":[{"href":"https:\/\/esmte.com\/es\/wp-json\/wp\/v2\/media?parent=22805"}],"wp:term":[{"taxonomy":"brand","embeddable":true,"href":"https:\/\/esmte.com\/es\/wp-json\/wp\/v2\/etheme_brands?post=22805"},{"taxonomy":"product_brand","embeddable":true,"href":"https:\/\/esmte.com\/es\/wp-json\/wp\/v2\/product_brand?post=22805"},{"taxonomy":"product_cat","embeddable":true,"href":"https:\/\/esmte.com\/es\/wp-json\/wp\/v2\/product_cat?post=22805"},{"taxonomy":"product_tag","embeddable":true,"href":"https:\/\/esmte.com\/es\/wp-json\/wp\/v2\/product_tag?post=22805"}],"curies":[{"name":"wp","href":"https:\/\/api.w.org\/{rel}","templated":true}]}}