{"id":22720,"date":"2025-12-03T06:48:11","date_gmt":"2025-12-03T06:48:11","guid":{"rendered":"https:\/\/esmte.com\/?post_type=product&#038;p=22720"},"modified":"2026-01-13T03:44:23","modified_gmt":"2026-01-13T03:44:23","slug":"tray-cleaning-machine-yc-1000","status":"publish","type":"product","link":"https:\/\/esmte.com\/es\/products\/tray-cleaning-machine-yc-1000\/","title":{"rendered":"SMT Tray Cleaning Machine  YC-1000"},"content":{"rendered":"<h2>Introducci\u00f3n<\/h2>\n<p data-start=\"66\" data-end=\"606\">El <strong>SMT<\/strong> <strong>M\u00e1quina de limpieza de bandejas YC-1000<\/strong> Est\u00e1 dise\u00f1ado para cumplir con los crecientes est\u00e1ndares de limpieza de los entornos modernos de SMT, semiconductores y ensamblaje de precisi\u00f3n. Su avanzado m\u00f3dulo de limpieza integra cepillado de contacto suave, flujo de aire guiado y extracci\u00f3n de part\u00edculas de alta eficiencia para eliminar polvo, fibras y contaminantes residuales de las bandejas sin causar abrasi\u00f3n ni deformaci\u00f3n. Gracias a su estructura mec\u00e1nica estable y su trayectoria de procesamiento optimizada, el YC-1000 garantiza resultados de limpieza uniformes incluso en operaciones de larga duraci\u00f3n y alto volumen.<\/p>\n<p data-start=\"608\" data-end=\"1058\">Para respaldar diversos flujos de trabajo de fabricaci\u00f3n, el<strong> SMT<\/strong> <strong>M\u00e1quina de limpieza de bandejas YC-1000<\/strong> Admite una amplia gama de tama\u00f1os y materiales de bandejas, lo que lo hace adaptable a l\u00edneas de producci\u00f3n de modelos mixtos. Su secuencia de carga, limpieza y descarga totalmente automatizada minimiza la intervenci\u00f3n manual y mejora significativamente la eficiencia operativa. La zona de limpieza cerrada y el sistema de extracci\u00f3n bien controlado tambi\u00e9n contribuyen a mantener entornos m\u00e1s limpios, especialmente en procesos de sala limpia.<\/p>\n<p data-start=\"1060\" data-end=\"1518\" data-is-last-node=\"\" data-is-only-node=\"\">El mantenimiento se simplifica gracias a puntos de acceso sin herramientas, componentes duraderos y consumibles de larga duraci\u00f3n, lo que permite a los t\u00e9cnicos realizar comprobaciones y sustituciones r\u00e1pidas con un tiempo de inactividad m\u00ednimo. Al combinar un rendimiento fiable, una f\u00e1cil integraci\u00f3n y un control superior de la contaminaci\u00f3n, el <strong>SMT <\/strong><strong>M\u00e1quina de limpieza de bandejas YC-1000<\/strong> Proporciona a los fabricantes una soluci\u00f3n altamente eficiente y consistente para mejorar el rendimiento del producto y mantener est\u00e1ndares de producci\u00f3n m\u00e1s limpios.<\/p>\n<p data-start=\"1060\" data-end=\"1518\" data-is-last-node=\"\" data-is-only-node=\"\"><img loading=\"lazy\" decoding=\"async\" class=\"aligncenter wp-image-22714\" src=\"https:\/\/esmte.com\/wp-content\/uploads\/2025\/12\/11.png\" alt=\"SMT Tray Cleaning Machine\" width=\"605\" height=\"605\" srcset=\"https:\/\/esmte.com\/wp-content\/uploads\/2025\/12\/11.png 2560w, https:\/\/esmte.com\/wp-content\/uploads\/2025\/12\/11-100x100.png 100w, https:\/\/esmte.com\/wp-content\/uploads\/2025\/12\/11-600x600.png 600w, https:\/\/esmte.com\/wp-content\/uploads\/2025\/12\/11-300x300.png 300w, https:\/\/esmte.com\/wp-content\/uploads\/2025\/12\/11-1024x1024.png 1024w, https:\/\/esmte.com\/wp-content\/uploads\/2025\/12\/11-150x150.png 150w, https:\/\/esmte.com\/wp-content\/uploads\/2025\/12\/11-768x768.png 768w, https:\/\/esmte.com\/wp-content\/uploads\/2025\/12\/11-1536x1536.png 1536w, https:\/\/esmte.com\/wp-content\/uploads\/2025\/12\/11-2048x2048.png 2048w, https:\/\/esmte.com\/wp-content\/uploads\/2025\/12\/11-1x1.png 1w, https:\/\/esmte.com\/wp-content\/uploads\/2025\/12\/11-10x10.png 10w\" sizes=\"auto, (max-width: 605px) 100vw, 605px\" \/><\/p>\n<h3>Caracter\u00edsticas principales<\/h3>\n<ul>\n<li data-start=\"72\" data-end=\"430\">\n<p data-start=\"75\" data-end=\"430\"><strong data-start=\"75\" data-end=\"115\">Sistema de limpieza multietapa mejorado<\/strong><br data-start=\"115\" data-end=\"118\" \/>El YC-1000 utiliza una combinaci\u00f3n coordinada de cepillado de precisi\u00f3n, barrido con flujo de aire controlado y extracci\u00f3n de alta eficiencia para eliminar el polvo en capas y las micropart\u00edculas de las bandejas. Este enfoque multietapa garantiza una limpieza exhaustiva, lo que lo hace ideal para aplicaciones sensibles de SMT y semiconductores.<\/p>\n<\/li>\n<li data-start=\"432\" data-end=\"753\">\n<p data-start=\"435\" data-end=\"753\"><strong data-start=\"435\" data-end=\"466\">Manejo adaptable del tama\u00f1o de la bandeja<\/strong><br data-start=\"466\" data-end=\"469\" \/>Dise\u00f1ada con un mecanismo de alineaci\u00f3n ajustable, la m\u00e1quina admite una amplia gama de formatos de bandeja sin necesidad de cambios complejos. Esta flexibilidad permite a los operadores cambiar r\u00e1pidamente entre diferentes tipos de producto, manteniendo un flujo fluido en l\u00edneas de producci\u00f3n din\u00e1micas.<\/p>\n<\/li>\n<li data-start=\"755\" data-end=\"1074\">\n<p data-start=\"758\" data-end=\"1074\"><strong data-start=\"758\" data-end=\"800\">Calidad de limpieza estable y repetible<\/strong><br data-start=\"800\" data-end=\"803\" \/>Con una integridad estructural reforzada y una presi\u00f3n de limpieza cuidadosamente equilibrada, el YC-1000 ofrece resultados uniformes en cada ciclo. Su rendimiento constante ayuda a los fabricantes a reducir los riesgos de contaminaci\u00f3n y a lograr una calidad predecible en operaciones de alto volumen.<\/p>\n<\/li>\n<li data-start=\"1076\" data-end=\"1359\">\n<p data-start=\"1079\" data-end=\"1359\"><strong data-start=\"1079\" data-end=\"1109\">Automatizaci\u00f3n de alto rendimiento<\/strong><br data-start=\"1109\" data-end=\"1112\" \/>La m\u00e1quina integra funciones automatizadas de alimentaci\u00f3n, limpieza y descarga para optimizar el flujo de trabajo. Esto reduce la manipulaci\u00f3n manual, acelera la rotaci\u00f3n de bandejas y mejora la productividad en instalaciones con tiempos de ciclo ajustados.<\/p>\n<\/li>\n<li data-start=\"1361\" data-end=\"1653\">\n<p data-start=\"1364\" data-end=\"1653\"><strong data-start=\"1364\" data-end=\"1396\">Arquitectura de bajo mantenimiento<\/strong><br data-start=\"1396\" data-end=\"1399\" \/>Dise\u00f1ado pensando en la comodidad del usuario, el YC-1000 cuenta con paneles de f\u00e1cil acceso, componentes robustos y resistentes al desgaste y rutas de inspecci\u00f3n simplificadas. Estos elementos ayudan a reducir el tiempo de servicio y prolongar la vida \u00fatil del equipo en entornos de producci\u00f3n exigentes.<\/p>\n<\/li>\n<li data-start=\"1655\" data-end=\"1976\" data-is-last-node=\"\">\n<p data-start=\"1658\" data-end=\"1976\" data-is-last-node=\"\"><strong data-start=\"1658\" data-end=\"1692\">Operaci\u00f3n compatible con salas blancas<\/strong><br data-start=\"1692\" data-end=\"1695\" \/>Una c\u00e1mara de limpieza cerrada, combinada con un eficiente sistema de captura de polvo, minimiza la dispersi\u00f3n de part\u00edculas. Esto garantiza que la limpieza de las bandejas contribuya positivamente a la gesti\u00f3n general de la limpieza, lo que facilita los procesos de fabricaci\u00f3n de alta gama que requieren entornos controlados.<\/p>\n<\/li>\n<\/ul>\n<p>&nbsp;<\/p>\n<p><img loading=\"lazy\" decoding=\"async\" class=\"alignnone wp-image-23003\" src=\"https:\/\/esmte.com\/wp-content\/uploads\/2025\/12\/Tray1.webp\" alt=\"\" width=\"310\" height=\"310\" srcset=\"https:\/\/esmte.com\/wp-content\/uploads\/2025\/12\/Tray1.webp 1560w, https:\/\/esmte.com\/wp-content\/uploads\/2025\/12\/Tray1-100x100.webp 100w, https:\/\/esmte.com\/wp-content\/uploads\/2025\/12\/Tray1-600x600.webp 600w, https:\/\/esmte.com\/wp-content\/uploads\/2025\/12\/Tray1-300x300.webp 300w, https:\/\/esmte.com\/wp-content\/uploads\/2025\/12\/Tray1-1024x1024.webp 1024w, https:\/\/esmte.com\/wp-content\/uploads\/2025\/12\/Tray1-150x150.webp 150w, https:\/\/esmte.com\/wp-content\/uploads\/2025\/12\/Tray1-768x768.webp 768w, https:\/\/esmte.com\/wp-content\/uploads\/2025\/12\/Tray1-1536x1536.webp 1536w, https:\/\/esmte.com\/wp-content\/uploads\/2025\/12\/Tray1-1x1.webp 1w, https:\/\/esmte.com\/wp-content\/uploads\/2025\/12\/Tray1-10x10.webp 10w\" sizes=\"auto, (max-width: 310px) 100vw, 310px\" \/> <img loading=\"lazy\" decoding=\"async\" class=\"alignnone wp-image-23004\" src=\"https:\/\/esmte.com\/wp-content\/uploads\/2025\/12\/Tray2.webp\" alt=\"\" width=\"270\" height=\"270\" srcset=\"https:\/\/esmte.com\/wp-content\/uploads\/2025\/12\/Tray2.webp 1560w, https:\/\/esmte.com\/wp-content\/uploads\/2025\/12\/Tray2-100x100.webp 100w, https:\/\/esmte.com\/wp-content\/uploads\/2025\/12\/Tray2-600x600.webp 600w, https:\/\/esmte.com\/wp-content\/uploads\/2025\/12\/Tray2-300x300.webp 300w, https:\/\/esmte.com\/wp-content\/uploads\/2025\/12\/Tray2-1024x1024.webp 1024w, https:\/\/esmte.com\/wp-content\/uploads\/2025\/12\/Tray2-150x150.webp 150w, https:\/\/esmte.com\/wp-content\/uploads\/2025\/12\/Tray2-768x768.webp 768w, https:\/\/esmte.com\/wp-content\/uploads\/2025\/12\/Tray2-1536x1536.webp 1536w, https:\/\/esmte.com\/wp-content\/uploads\/2025\/12\/Tray2-1x1.webp 1w, https:\/\/esmte.com\/wp-content\/uploads\/2025\/12\/Tray2-10x10.webp 10w\" sizes=\"auto, (max-width: 270px) 100vw, 270px\" \/> <img loading=\"lazy\" decoding=\"async\" class=\"alignnone wp-image-23005\" src=\"https:\/\/esmte.com\/wp-content\/uploads\/2025\/12\/Tray3.webp\" alt=\"\" width=\"297\" height=\"297\" srcset=\"https:\/\/esmte.com\/wp-content\/uploads\/2025\/12\/Tray3.webp 1560w, https:\/\/esmte.com\/wp-content\/uploads\/2025\/12\/Tray3-100x100.webp 100w, https:\/\/esmte.com\/wp-content\/uploads\/2025\/12\/Tray3-600x600.webp 600w, https:\/\/esmte.com\/wp-content\/uploads\/2025\/12\/Tray3-300x300.webp 300w, https:\/\/esmte.com\/wp-content\/uploads\/2025\/12\/Tray3-1024x1024.webp 1024w, https:\/\/esmte.com\/wp-content\/uploads\/2025\/12\/Tray3-150x150.webp 150w, https:\/\/esmte.com\/wp-content\/uploads\/2025\/12\/Tray3-768x768.webp 768w, https:\/\/esmte.com\/wp-content\/uploads\/2025\/12\/Tray3-1536x1536.webp 1536w, https:\/\/esmte.com\/wp-content\/uploads\/2025\/12\/Tray3-1x1.webp 1w, https:\/\/esmte.com\/wp-content\/uploads\/2025\/12\/Tray3-10x10.webp 10w\" sizes=\"auto, (max-width: 297px) 100vw, 297px\" \/><\/p>\n<p>&nbsp;<\/p>\n<h2>Presupuesto<\/h2>\n<table style=\"border-collapse: collapse; width: 920px; height: 425px;\" border=\"0\" width=\"469\" cellspacing=\"0\" cellpadding=\"0\">\n<tbody>\n<tr style=\"height: 15.00pt;\">\n<td class=\"et2\" style=\"height: 15pt; width: 132.75pt; text-align: center;\" width=\"177\" height=\"20\">Art\u00edculo<\/td>\n<td class=\"et3\" style=\"width: 219pt; text-align: center;\" width=\"292\">YC-1000<\/td>\n<\/tr>\n<tr style=\"height: 20.00pt;\">\n<td class=\"et4\" style=\"height: 20pt; width: 132.75pt; text-align: center;\" width=\"177\" height=\"26\">Tama\u00f1o de la cesta de limpieza<\/td>\n<td class=\"et5\" style=\"width: 219pt; text-align: center;\" width=\"292\">\u03a61000 mm x H 200 mm. Opci\u00f3n de tama\u00f1o especial.<\/td>\n<\/tr>\n<tr style=\"height: 15.00pt;\">\n<td class=\"et4\" style=\"height: 15pt; width: 132.75pt; text-align: center;\" width=\"177\" height=\"20\">Unidad de pulverizaci\u00f3n<\/td>\n<td class=\"et5\" style=\"width: 219pt; text-align: center;\" width=\"292\">\u03a61000 mm x H 200 mm. Opci\u00f3n de tama\u00f1o especial.<\/td>\n<\/tr>\n<tr style=\"height: 20.00pt;\">\n<td class=\"et4\" style=\"height: 20pt; width: 132.75pt; text-align: center;\" width=\"177\" height=\"26\">Unidad de pulverizaci\u00f3n<\/td>\n<td class=\"et5\" style=\"width: 219pt; text-align: center;\" width=\"292\">Lado superior\/inferior\/frontal, rociado envolvente de 720\u00b0<\/td>\n<\/tr>\n<tr style=\"height: 15.00pt;\">\n<td class=\"et4\" style=\"height: 15pt; width: 132.75pt; text-align: center;\" width=\"177\" height=\"20\">Sistema de filtrado de 3 niveles<\/td>\n<td class=\"et5\" style=\"width: 219pt; text-align: center;\" width=\"292\">Filtros de 1 mm\/50 um\/20 um<\/td>\n<\/tr>\n<tr style=\"height: 15.00pt;\">\n<td class=\"et4\" style=\"height: 15pt; width: 132.75pt; text-align: center;\" width=\"177\" height=\"20\">Presi\u00f3n de aire comprimido<\/td>\n<td class=\"et5\" style=\"width: 219pt; text-align: center;\" width=\"292\">0,5~0,7 MPa<\/td>\n<\/tr>\n<tr style=\"height: 15.00pt;\">\n<td class=\"et4\" style=\"height: 15pt; width: 132.75pt; text-align: center;\" width=\"177\" height=\"20\">Capacidad del tanque limpio<\/td>\n<td class=\"et5\" style=\"width: 219pt; text-align: center;\" width=\"292\">80 litros<\/td>\n<\/tr>\n<tr style=\"height: 15.00pt;\">\n<td class=\"et4\" style=\"height: 15pt; width: 132.75pt; text-align: center;\" width=\"177\" height=\"20\">Temperatura del agua de enjuague<\/td>\n<td class=\"et5\" style=\"width: 219pt; text-align: center;\" width=\"292\"><span class=\"font1\">Temperatura ambiente ~80<\/span><span class=\"font0\">\u2103<\/span><\/td>\n<\/tr>\n<tr style=\"height: 15.00pt;\">\n<td class=\"et4\" style=\"height: 15pt; width: 132.75pt; text-align: center;\" width=\"177\" height=\"20\">Temperatura de calentamiento del aire caliente<\/td>\n<td class=\"et5\" style=\"width: 219pt; text-align: center;\" width=\"292\"><span class=\"font1\">Temperatura ambiente ~90<\/span><span class=\"font0\">\u2103<\/span><\/td>\n<\/tr>\n<tr style=\"height: 15.00pt;\">\n<td class=\"et4\" style=\"height: 15pt; width: 132.75pt; text-align: center;\" width=\"177\" height=\"20\">Energ\u00eda de bomba limpia<\/td>\n<td class=\"et5\" style=\"width: 219pt; text-align: center;\" width=\"292\">2,2 kW<\/td>\n<\/tr>\n<tr style=\"height: 15.00pt;\">\n<td class=\"et4\" style=\"height: 15pt; width: 132.75pt; text-align: center;\" width=\"177\" height=\"20\">Poder detergente limpio<\/td>\n<td class=\"et5\" style=\"width: 219pt; text-align: center;\" width=\"292\">9 kW<\/td>\n<\/tr>\n<tr style=\"height: 15.00pt;\">\n<td class=\"et4\" style=\"height: 15pt; width: 132.75pt; text-align: center;\" width=\"177\" height=\"20\">Potencia del soplador de aire<\/td>\n<td class=\"et5\" style=\"width: 219pt; text-align: center;\" width=\"292\">4,0 kW<\/td>\n<\/tr>\n<tr style=\"height: 15.00pt;\">\n<td class=\"et4\" style=\"height: 15pt; width: 132.75pt; text-align: center;\" width=\"177\" height=\"20\">Fuente de alimentaci\u00f3n<\/td>\n<td class=\"et5\" style=\"width: 219pt; text-align: center;\" width=\"292\">3 P, CA 380 V, 50\/60 Hz, 33 kW<\/td>\n<\/tr>\n<tr style=\"height: 15.00pt;\">\n<td class=\"et6\" style=\"height: 15pt; width: 132.75pt; text-align: center;\" width=\"177\" height=\"20\">Tama\u00f1o de la m\u00e1quina<\/td>\n<td class=\"et7\" style=\"width: 219pt; text-align: center;\" width=\"292\">Largo 1380 x Ancho 2100 x Alto 1400 (mm)<\/td>\n<\/tr>\n<\/tbody>\n<\/table>\n<p>&nbsp;<\/p>\n<p><a href=\"https:\/\/www.youtube.com\/@allaismt\" rel=\"nofollow noopener\" target=\"_blank\"><u>https:\/\/www.youtube.com\/@allaismt<\/u><\/a><\/p>\n<p>For more information about the <strong>SMT Tray Cleaning Machine YC-1000<\/strong>, por favor env\u00ede un correo electr\u00f3nico a<\/p>\n<p><a href=\"mailto:sophia@allaismt.com\"><u>sophia@allaismt.com<\/u><\/a><\/p>\n<p>Responderemos a su consulta a la brevedad y le proporcionaremos informaci\u00f3n detallada sobre nuestros productos y servicios.<\/p>","protected":false},"excerpt":{"rendered":"<p>Descripci\u00f3n: El <strong>SMT <\/strong><strong>M\u00e1quina de limpieza de bandejas YC-1000<\/strong> Est\u00e1 dise\u00f1ado para ofrecer una limpieza r\u00e1pida, uniforme y de alta precisi\u00f3n para bandejas de manipulaci\u00f3n de SMT, semiconductores y electr\u00f3nica. Su sistema optimizado de cepillado y extracci\u00f3n de aire elimina eficazmente el polvo, las fibras y los microcontaminantes sin da\u00f1ar la estructura de la bandeja. Dise\u00f1ado para un funcionamiento estable y un mantenimiento sencillo, el YC-1000 admite m\u00faltiples tama\u00f1os de bandeja y entornos de producci\u00f3n de alto rendimiento. Ayuda a los fabricantes a mantener un flujo de material limpio, reducir el riesgo de contaminaci\u00f3n y garantizar una calidad fiable durante todo el proceso de ensamblaje.<\/p>\n<p>Cantidad m\u00ednima de pedido: 1 unidad<\/p>\n<p>Plazo de entrega: 15 d\u00edas<\/p>","protected":false},"featured_media":22721,"comment_status":"closed","ping_status":"closed","template":"","meta":[],"etheme_brands":[],"product_brand":[],"product_cat":[156,195],"product_tag":[],"class_list":{"0":"post-22720","1":"product","2":"type-product","3":"status-publish","4":"has-post-thumbnail","6":"product_cat-pcb-cleaning-machine","7":"product_cat-tray-cleaning-machine-pcb-cleaning-machine","9":"first","10":"instock","11":"shipping-taxable","12":"product-type-simple"},"_links":{"self":[{"href":"https:\/\/esmte.com\/es\/wp-json\/wp\/v2\/product\/22720","targetHints":{"allow":["GET"]}}],"collection":[{"href":"https:\/\/esmte.com\/es\/wp-json\/wp\/v2\/product"}],"about":[{"href":"https:\/\/esmte.com\/es\/wp-json\/wp\/v2\/types\/product"}],"replies":[{"embeddable":true,"href":"https:\/\/esmte.com\/es\/wp-json\/wp\/v2\/comments?post=22720"}],"version-history":[{"count":1,"href":"https:\/\/esmte.com\/es\/wp-json\/wp\/v2\/product\/22720\/revisions"}],"predecessor-version":[{"id":23749,"href":"https:\/\/esmte.com\/es\/wp-json\/wp\/v2\/product\/22720\/revisions\/23749"}],"wp:featuredmedia":[{"embeddable":true,"href":"https:\/\/esmte.com\/es\/wp-json\/wp\/v2\/media\/22721"}],"wp:attachment":[{"href":"https:\/\/esmte.com\/es\/wp-json\/wp\/v2\/media?parent=22720"}],"wp:term":[{"taxonomy":"brand","embeddable":true,"href":"https:\/\/esmte.com\/es\/wp-json\/wp\/v2\/etheme_brands?post=22720"},{"taxonomy":"product_brand","embeddable":true,"href":"https:\/\/esmte.com\/es\/wp-json\/wp\/v2\/product_brand?post=22720"},{"taxonomy":"product_cat","embeddable":true,"href":"https:\/\/esmte.com\/es\/wp-json\/wp\/v2\/product_cat?post=22720"},{"taxonomy":"product_tag","embeddable":true,"href":"https:\/\/esmte.com\/es\/wp-json\/wp\/v2\/product_tag?post=22720"}],"curies":[{"name":"wp","href":"https:\/\/api.w.org\/{rel}","templated":true}]}}