{"id":22703,"date":"2025-12-02T10:15:15","date_gmt":"2025-12-02T10:15:15","guid":{"rendered":"https:\/\/esmte.com\/?post_type=product&#038;p=22703"},"modified":"2025-12-02T10:15:23","modified_gmt":"2025-12-02T10:15:23","slug":"smt-ultrasonic-cleaning-machine-yuc-80","status":"publish","type":"product","link":"https:\/\/esmte.com\/es\/products\/smt-ultrasonic-cleaning-machine-yuc-80\/","title":{"rendered":"M\u00e1quina de limpieza ultras\u00f3nica SMT YUC-80"},"content":{"rendered":"<h2>Introducci\u00f3n<\/h2>\n<p data-start=\"642\" data-end=\"930\">El <strong>M\u00e1quina de limpieza ultras\u00f3nica SMT YUC-80<\/strong> delivers high-performance cleaning for PCB stencils, nozzles, and SMT tools using advanced ultrasonic technology. It thoroughly removes solder paste, flux, and contaminants while protecting delicate components, ensuring consistent PCB assembly quality and minimizing defects.<\/p>\n<p data-start=\"932\" data-end=\"1165\">Designed for high-volume electronics manufacturing, the <strong>M\u00e1quina de limpieza ultras\u00f3nica SMT YUC-80<\/strong> features fully automated cycles that reduce manual labor and production downtime. Its compact, durable construction allows seamless integration into existing SMT lines.<\/p>\n<p data-start=\"1167\" data-end=\"1442\">Supporting various stencil and tool sizes, the machine ensures uniform cleaning, enhances soldering accuracy, reduces rework, and optimizes SMT workflow. The <strong>M\u00e1quina de limpieza ultras\u00f3nica SMT YUC-80<\/strong> combines efficiency, precision, and reliability, offering a professional solution for modern PCB production.<\/p>\n<p><img loading=\"lazy\" decoding=\"async\" class=\"alignnone wp-image-22692 aligncenter\" src=\"https:\/\/esmte.com\/wp-content\/uploads\/2025\/12\/11-16.webp\" alt=\"SMT Ultrasonic Cleaning Machine\" width=\"621\" height=\"621\" srcset=\"https:\/\/esmte.com\/wp-content\/uploads\/2025\/12\/11-16.webp 2560w, https:\/\/esmte.com\/wp-content\/uploads\/2025\/12\/11-16-100x100.webp 100w, https:\/\/esmte.com\/wp-content\/uploads\/2025\/12\/11-16-600x600.webp 600w, https:\/\/esmte.com\/wp-content\/uploads\/2025\/12\/11-16-300x300.webp 300w, https:\/\/esmte.com\/wp-content\/uploads\/2025\/12\/11-16-1024x1024.webp 1024w, https:\/\/esmte.com\/wp-content\/uploads\/2025\/12\/11-16-150x150.webp 150w, https:\/\/esmte.com\/wp-content\/uploads\/2025\/12\/11-16-768x768.webp 768w, https:\/\/esmte.com\/wp-content\/uploads\/2025\/12\/11-16-1536x1536.webp 1536w, https:\/\/esmte.com\/wp-content\/uploads\/2025\/12\/11-16-2048x2048.webp 2048w, https:\/\/esmte.com\/wp-content\/uploads\/2025\/12\/11-16-1x1.webp 1w, https:\/\/esmte.com\/wp-content\/uploads\/2025\/12\/11-16-10x10.webp 10w\" sizes=\"auto, (max-width: 621px) 100vw, 621px\" \/><\/p>\n<p>&nbsp;<\/p>\n<h3>Caracter\u00edsticas principales<\/h3>\n<ul>\n<li data-start=\"1482\" data-end=\"1615\">\n<p data-start=\"1485\" data-end=\"1615\"><strong data-start=\"1485\" data-end=\"1519\">Advanced Ultrasonic Technology<\/strong> \u2013 Efficiently removes solder paste, flux, and residues without damaging sensitive components.<\/p>\n<\/li>\n<li data-start=\"1616\" data-end=\"1712\">\n<p data-start=\"1619\" data-end=\"1712\"><strong data-start=\"1619\" data-end=\"1654\">Automated High-Volume Operation<\/strong> \u2013 Supports continuous production with minimal downtime.<\/p>\n<\/li>\n<li data-start=\"1713\" data-end=\"1828\">\n<p data-start=\"1716\" data-end=\"1828\"><strong data-start=\"1716\" data-end=\"1743\">Wide Tool Compatibility<\/strong> \u2013 Handles multiple stencil sizes, nozzles, and SMT tools for flexible application.<\/p>\n<\/li>\n<li data-start=\"1829\" data-end=\"1929\">\n<p data-start=\"1832\" data-end=\"1929\"><strong data-start=\"1832\" data-end=\"1865\">Compact and Integrable Design<\/strong> \u2013 Saves floor space and integrates seamlessly into SMT lines.<\/p>\n<\/li>\n<li data-start=\"1930\" data-end=\"2027\">\n<p data-start=\"1933\" data-end=\"2027\"><strong data-start=\"1933\" data-end=\"1960\">Interfaz f\u00e1cil de usar<\/strong> \u2013 Intuitive controls enable precise, repeatable cleaning cycles.<\/p>\n<\/li>\n<li data-start=\"2028\" data-end=\"2163\">\n<p data-start=\"2031\" data-end=\"2163\"><strong data-start=\"2031\" data-end=\"2072\">Durable, Low-Maintenance Construction<\/strong> \u2013 Robust materials ensure long-term reliability in demanding manufacturing environments.<\/p>\n<\/li>\n<\/ul>\n<p>&nbsp;<\/p>\n<h2>Presupuesto<\/h2>\n<table style=\"border-collapse: collapse; width: 1374px; height: 210px;\" border=\"0\" width=\"760\" cellspacing=\"0\" cellpadding=\"0\">\n<tbody>\n<tr style=\"height: 14.25pt;\">\n<td class=\"et2\" style=\"height: 14.25pt; width: 117.75pt; text-align: center;\" width=\"157\" height=\"19\">Modelo<\/td>\n<td class=\"et2\" style=\"width: 92.25pt; text-align: center;\" width=\"123\">YUC-20<\/td>\n<td class=\"et2\" style=\"width: 89.25pt; text-align: center;\" width=\"119\">YUC-40<\/td>\n<td class=\"et2\" style=\"width: 93.75pt; text-align: center;\" width=\"125\">YUC-60<\/td>\n<td class=\"et2\" style=\"width: 88.5pt; text-align: center;\" width=\"118\">YUC-80<\/td>\n<td class=\"et2\" style=\"width: 88.5pt; text-align: center;\" width=\"118\">YUC-100<\/td>\n<\/tr>\n<tr style=\"height: 14.25pt;\">\n<td class=\"et2\" style=\"height: 14.25pt; text-align: center;\" height=\"19\">Tama\u00f1o de la cesta (mm)<\/td>\n<td class=\"et2\" style=\"text-align: center;\">240*135*150 mm<\/td>\n<td class=\"et2\" style=\"text-align: center;\">300*240*150 mm<\/td>\n<td class=\"et2\" style=\"text-align: center;\">330*330*200 mm<\/td>\n<td class=\"et2\" style=\"text-align: center;\">500*300*200 mm<\/td>\n<td class=\"et2\" style=\"text-align: center;\">500*300*300 mm<\/td>\n<\/tr>\n<tr style=\"height: 14.25pt;\">\n<td class=\"et4\" style=\"height: 14.25pt; width: 117.75pt; text-align: center;\" width=\"157\" height=\"19\">Capacidad del tanque<\/td>\n<td class=\"et2\" style=\"text-align: center;\">4.8L<\/td>\n<td class=\"et2\" style=\"text-align: center;\">10 litros<\/td>\n<td class=\"et2\" style=\"text-align: center;\">20 litros<\/td>\n<td class=\"et2\" style=\"text-align: center;\">30 litros<\/td>\n<td class=\"et2\" style=\"text-align: center;\">45 litros<\/td>\n<\/tr>\n<tr style=\"height: 14.25pt;\">\n<td class=\"et2\" style=\"height: 14.25pt; text-align: center;\" height=\"19\">Frecuencia<\/td>\n<td class=\"et2\" style=\"text-align: center;\">4000 ohmios<\/td>\n<td class=\"et2\" style=\"text-align: center;\">4000 ohmios<\/td>\n<td class=\"et2\" style=\"text-align: center;\">4000 ohmios<\/td>\n<td class=\"et2\" style=\"text-align: center;\">4000 ohmios<\/td>\n<td class=\"et2\" style=\"text-align: center;\">4000 ohmios<\/td>\n<\/tr>\n<tr style=\"height: 14.25pt;\">\n<td class=\"et2\" style=\"height: 14.25pt; text-align: center;\" height=\"19\">Tiempo<\/td>\n<td class=\"et2\" style=\"text-align: center;\">1-30 minutos<\/td>\n<td class=\"et2\" style=\"text-align: center;\">1-30 minutos<\/td>\n<td class=\"et2\" style=\"text-align: center;\">1-30 minutos<\/td>\n<td class=\"et2\" style=\"text-align: center;\">1-30 minutos<\/td>\n<td class=\"et2\" style=\"text-align: center;\">1-30 minutos<\/td>\n<\/tr>\n<tr style=\"height: 14.25pt;\">\n<td class=\"et2\" style=\"height: 14.25pt; text-align: center;\" height=\"19\">Potencia ultras\u00f3nica<\/td>\n<td class=\"et4\" style=\"width: 92.25pt; text-align: center;\" width=\"123\">120 W<\/td>\n<td class=\"et4\" style=\"width: 89.25pt; text-align: center;\" width=\"119\">240 W<\/td>\n<td class=\"et4\" style=\"width: 93.75pt; text-align: center;\" width=\"125\">360 W<\/td>\n<td class=\"et4\" style=\"width: 88.5pt; text-align: center;\" width=\"118\">600 W<\/td>\n<td class=\"et4\" style=\"width: 88.5pt; text-align: center;\" width=\"118\">720 W<\/td>\n<\/tr>\n<tr style=\"height: 14.25pt;\">\n<td class=\"et4\" style=\"height: 14.25pt; width: 117.75pt; text-align: center;\" width=\"157\" height=\"19\">Dimensiones (mm) L*An*Al<\/td>\n<td class=\"et4\" style=\"width: 92.25pt; text-align: center;\" width=\"123\">265*165*285<\/td>\n<td class=\"et4\" style=\"width: 89.25pt; text-align: center;\" width=\"119\">330*270*310<\/td>\n<td class=\"et4\" style=\"width: 93.75pt; text-align: center;\" width=\"125\">530*330*390<\/td>\n<td class=\"et4\" style=\"width: 88.5pt; text-align: center;\" width=\"118\">530*330*390<\/td>\n<td class=\"et4\" style=\"width: 88.5pt; text-align: center;\" width=\"118\">530*330*490<\/td>\n<\/tr>\n<tr style=\"height: 14.25pt;\">\n<td class=\"et2\" style=\"height: 14.25pt; text-align: center;\" height=\"19\">Fuerza<\/td>\n<td class=\"et4\" style=\"width: 92.25pt; text-align: center;\" width=\"123\">CA 220 V, 50\/60 Hz<\/td>\n<td class=\"et4\" style=\"width: 89.25pt; text-align: center;\" width=\"119\">CA 220 V, 50\/60 Hz<\/td>\n<td class=\"et4\" style=\"width: 93.75pt; text-align: center;\" width=\"125\">CA 220 V, 50\/60 Hz<\/td>\n<td class=\"et4\" style=\"width: 88.5pt; text-align: center;\" width=\"118\">CA 220 V, 50\/60 Hz<\/td>\n<td class=\"et4\" style=\"width: 88.5pt; text-align: center;\" width=\"118\">CA 220 V, 50\/60 Hz<\/td>\n<\/tr>\n<tr style=\"height: 14.25pt;\">\n<td class=\"et2\" style=\"height: 14.25pt; text-align: center;\" height=\"19\">Peso<\/td>\n<td class=\"et2\" style=\"text-align: center;\">4 kilos<\/td>\n<td class=\"et2\" style=\"text-align: center;\">8 kilos<\/td>\n<td class=\"et2\" style=\"text-align: center;\">11 kilos<\/td>\n<td class=\"et2\" style=\"text-align: center;\">15 kilos<\/td>\n<td class=\"et2\" style=\"text-align: center;\">20 kilos<\/td>\n<\/tr>\n<\/tbody>\n<\/table>\n<p>&nbsp;<\/p>\n<p>&nbsp;<\/p>\n<p><a href=\"https:\/\/www.youtube.com\/@allaismt\" rel=\"nofollow noopener\" target=\"_blank\"><u>https:\/\/www.youtube.com\/@allaismt<\/u><\/a><\/p>\n<p>Para obtener m\u00e1s informaci\u00f3n sobre la m\u00e1quina de limpieza ultras\u00f3nica SMT YUC-60, env\u00ede un correo electr\u00f3nico a<\/p>\n<p><a href=\"mailto:sophia@allaismt.com\"><u>sophia@allaismt.com<\/u><\/a><\/p>\n<p>Responderemos a su consulta a la brevedad y le proporcionaremos informaci\u00f3n detallada sobre nuestros productos y servicios.<\/p>","protected":false},"excerpt":{"rendered":"<p>Descripci\u00f3n: El <strong>\u2013 Los materiales robustos garantizan fiabilidad a largo plazo en entornos de fabricaci\u00f3n exigentes.<\/strong> provides fast, precise cleaning for PCB stencils, nozzles, and SMT tools. Utilizing advanced ultrasonic technology, it removes solder paste and flux residues efficiently without damaging delicate components. Compact, reliable, and easy to operate, the YUC-80 enhances PCB assembly quality, reduces defects, and maximizes SMT line productivity.<\/p>\n<p>Cantidad m\u00ednima de pedido: 1 unidad<\/p>\n<p>Plazo de entrega: 15 d\u00edas<\/p>","protected":false},"featured_media":22704,"comment_status":"closed","ping_status":"closed","template":"","meta":[],"etheme_brands":[],"product_brand":[],"product_cat":[156],"product_tag":[],"class_list":{"0":"post-22703","1":"product","2":"type-product","3":"status-publish","4":"has-post-thumbnail","6":"product_cat-pcb-cleaning-machine","8":"first","9":"instock","10":"shipping-taxable","11":"product-type-simple"},"_links":{"self":[{"href":"https:\/\/esmte.com\/es\/wp-json\/wp\/v2\/product\/22703","targetHints":{"allow":["GET"]}}],"collection":[{"href":"https:\/\/esmte.com\/es\/wp-json\/wp\/v2\/product"}],"about":[{"href":"https:\/\/esmte.com\/es\/wp-json\/wp\/v2\/types\/product"}],"replies":[{"embeddable":true,"href":"https:\/\/esmte.com\/es\/wp-json\/wp\/v2\/comments?post=22703"}],"version-history":[{"count":1,"href":"https:\/\/esmte.com\/es\/wp-json\/wp\/v2\/product\/22703\/revisions"}],"predecessor-version":[{"id":22706,"href":"https:\/\/esmte.com\/es\/wp-json\/wp\/v2\/product\/22703\/revisions\/22706"}],"wp:featuredmedia":[{"embeddable":true,"href":"https:\/\/esmte.com\/es\/wp-json\/wp\/v2\/media\/22704"}],"wp:attachment":[{"href":"https:\/\/esmte.com\/es\/wp-json\/wp\/v2\/media?parent=22703"}],"wp:term":[{"taxonomy":"brand","embeddable":true,"href":"https:\/\/esmte.com\/es\/wp-json\/wp\/v2\/etheme_brands?post=22703"},{"taxonomy":"product_brand","embeddable":true,"href":"https:\/\/esmte.com\/es\/wp-json\/wp\/v2\/product_brand?post=22703"},{"taxonomy":"product_cat","embeddable":true,"href":"https:\/\/esmte.com\/es\/wp-json\/wp\/v2\/product_cat?post=22703"},{"taxonomy":"product_tag","embeddable":true,"href":"https:\/\/esmte.com\/es\/wp-json\/wp\/v2\/product_tag?post=22703"}],"curies":[{"name":"wp","href":"https:\/\/api.w.org\/{rel}","templated":true}]}}