{"id":22653,"date":"2025-12-02T06:56:11","date_gmt":"2025-12-02T06:56:11","guid":{"rendered":"https:\/\/esmte.com\/?post_type=product&#038;p=22653"},"modified":"2026-01-13T03:59:43","modified_gmt":"2026-01-13T03:59:43","slug":"pcb-cleaning-machine-yc-450","status":"publish","type":"product","link":"https:\/\/esmte.com\/es\/products\/pcb-cleaning-machine-yc-450\/","title":{"rendered":"SMT PCB Cleaning Machine YC-450"},"content":{"rendered":"<h2>Introducci\u00f3n<\/h2>\n<p data-start=\"172\" data-end=\"643\">El <strong>SMT<\/strong> <strong data-start=\"176\" data-end=\"207\">M\u00e1quina de limpieza de PCB YC-450<\/strong> Est\u00e1 dise\u00f1ado para satisfacer la creciente demanda de placas de circuito impreso (PCB) limpias y sin defectos en la fabricaci\u00f3n electr\u00f3nica moderna. En las l\u00edneas de producci\u00f3n de alta velocidad de SMT y PCBA, el polvo, los residuos de soldadura y los residuos microsc\u00f3picos pueden acumularse en las superficies de las PCB, lo que reduce la calidad de la soldadura y aumenta la tasa de defectos. El YC-450 ofrece una soluci\u00f3n de limpieza totalmente automatizada que garantiza que cada placa est\u00e9 completamente preparada para el ensamblaje posterior.<\/p>\n<p data-start=\"645\" data-end=\"1150\">Equipado con cepillado de precisi\u00f3n, flujo de aire dirigido y un sistema de extracci\u00f3n de residuos integrado, el <strong>SMT<\/strong> <strong data-start=\"176\" data-end=\"207\">M\u00e1quina de limpieza de PCB YC-450<\/strong> Elimina eficazmente los contaminantes a la vez que protege los componentes sensibles. Sus ciclos de limpieza programables ofrecen flexibilidad para diferentes tama\u00f1os de PCB, dise\u00f1os y densidades de componentes, lo que permite a los fabricantes adaptar el proceso a sus necesidades de producci\u00f3n. Al mantener las superficies siempre limpias, la m\u00e1quina ayuda a reducir las repeticiones de trabajo, mejorar la precisi\u00f3n de la soldadura y optimizar el rendimiento general.<\/p>\n<p data-start=\"1152\" data-end=\"1576\">El <strong>SMT<\/strong> <strong data-start=\"176\" data-end=\"207\">M\u00e1quina de limpieza de PCB YC-450<\/strong> Est\u00e1 dise\u00f1ado para integrarse perfectamente en l\u00edneas de producci\u00f3n de alto volumen, operando autom\u00e1ticamente con m\u00ednima intervenci\u00f3n humana. Su flujo de trabajo automatizado de carga, limpieza y descarga estabiliza la eficiencia de la producci\u00f3n y reduce la mano de obra. Compacto y f\u00e1cil de usar, el sistema es ideal tanto para talleres peque\u00f1os como para f\u00e1bricas de gran tama\u00f1o, ofreciendo una soluci\u00f3n de limpieza fiable y repetible.<\/p>\n<p data-start=\"1578\" data-end=\"1953\">Ideal para electr\u00f3nica de consumo, PCB de autom\u00f3viles y placas de control industriales, el <strong>SMT<\/strong> <strong data-start=\"1662\" data-end=\"1693\">M\u00e1quina de limpieza de PCB YC-450<\/strong> ensures high-quality surface preparation, enhances assembly reliability, and extends the life of both PCBs and production equipment. The SMT PCB Cleaning Machine YC-450 is a versatile and essential tool for electronics manufacturers seeking consistent, high-performance production outcomes.<\/p>\n<p data-start=\"1578\" data-end=\"1953\"><img loading=\"lazy\" decoding=\"async\" class=\"aligncenter wp-image-22650\" src=\"https:\/\/esmte.com\/wp-content\/uploads\/2025\/12\/PCB-Cleaning-Machine-scaled.webp\" alt=\"SMT PCB Cleaning Machine \" width=\"554\" height=\"554\" srcset=\"https:\/\/esmte.com\/wp-content\/uploads\/2025\/12\/PCB-Cleaning-Machine-scaled.webp 2560w, https:\/\/esmte.com\/wp-content\/uploads\/2025\/12\/PCB-Cleaning-Machine-scaled-100x100.webp 100w, https:\/\/esmte.com\/wp-content\/uploads\/2025\/12\/PCB-Cleaning-Machine-scaled-600x600.webp 600w, https:\/\/esmte.com\/wp-content\/uploads\/2025\/12\/PCB-Cleaning-Machine-300x300.webp 300w, https:\/\/esmte.com\/wp-content\/uploads\/2025\/12\/PCB-Cleaning-Machine-1024x1024.webp 1024w, https:\/\/esmte.com\/wp-content\/uploads\/2025\/12\/PCB-Cleaning-Machine-150x150.webp 150w, https:\/\/esmte.com\/wp-content\/uploads\/2025\/12\/PCB-Cleaning-Machine-768x768.webp 768w, https:\/\/esmte.com\/wp-content\/uploads\/2025\/12\/PCB-Cleaning-Machine-1536x1536.webp 1536w, https:\/\/esmte.com\/wp-content\/uploads\/2025\/12\/PCB-Cleaning-Machine-2048x2048.webp 2048w, https:\/\/esmte.com\/wp-content\/uploads\/2025\/12\/PCB-Cleaning-Machine-1x1.webp 1w, https:\/\/esmte.com\/wp-content\/uploads\/2025\/12\/PCB-Cleaning-Machine-10x10.webp 10w\" sizes=\"auto, (max-width: 554px) 100vw, 554px\" \/><\/p>\n<h3>Caracter\u00edsticas principales<\/h3>\n<ul>\n<li data-start=\"193\" data-end=\"382\">\n<p data-start=\"196\" data-end=\"382\"><strong data-start=\"196\" data-end=\"235\">Limpieza de superficies de PCB de alta precisi\u00f3n<\/strong><br data-start=\"235\" data-end=\"238\" \/>The SMT PCB Cleaning Machine YC-450 effectively removes dust, solder residues, and micro-particles from PCBs, ensuring reliable soldering and high-quality assembly.<\/p>\n<\/li>\n<li data-start=\"384\" data-end=\"572\">\n<p data-start=\"387\" data-end=\"572\"><strong data-start=\"387\" data-end=\"416\">Operaci\u00f3n totalmente automatizada<\/strong><br data-start=\"416\" data-end=\"419\" \/>La carga, limpieza y descarga autom\u00e1ticas minimizan la manipulaci\u00f3n manual, reducen el error humano y mantienen una eficiencia de producci\u00f3n constante en las l\u00edneas SMT.<\/p>\n<\/li>\n<li data-start=\"574\" data-end=\"765\">\n<p data-start=\"577\" data-end=\"765\"><strong data-start=\"577\" data-end=\"608\">Sistema de limpieza multietapa<\/strong><br data-start=\"608\" data-end=\"611\" \/>Combina cepillado de precisi\u00f3n, flujo de aire controlado y extracci\u00f3n de residuos para lograr una limpieza profunda y al mismo tiempo proteger los componentes delicados de da\u00f1os.<\/p>\n<\/li>\n<li data-start=\"767\" data-end=\"961\">\n<p data-start=\"770\" data-end=\"961\"><strong data-start=\"770\" data-end=\"802\">Ciclos de limpieza programables<\/strong><br data-start=\"802\" data-end=\"805\" \/>Los par\u00e1metros de limpieza ajustables permiten a los operadores personalizar los ciclos para diferentes tama\u00f1os de PCB, dise\u00f1os y densidades de componentes, lo que garantiza resultados \u00f3ptimos.<\/p>\n<\/li>\n<li data-start=\"963\" data-end=\"1132\">\n<p data-start=\"966\" data-end=\"1132\"><strong data-start=\"966\" data-end=\"999\">Integraci\u00f3n perfecta de la l\u00ednea SMT<\/strong><br data-start=\"999\" data-end=\"1002\" \/>Dise\u00f1ado para adaptarse a las modernas l\u00edneas de producci\u00f3n SMT y PCBA de alto volumen, manteniendo la calidad de limpieza sin ralentizar el flujo de trabajo.<\/p>\n<\/li>\n<li data-start=\"1134\" data-end=\"1366\">\n<p data-start=\"1137\" data-end=\"1366\"><strong data-start=\"1137\" data-end=\"1177\">Mayor longevidad de PCB y equipos<\/strong><br data-start=\"1177\" data-end=\"1180\" \/>Una limpieza regular y precisa evita la acumulaci\u00f3n de residuos, extiende la vida \u00fatil de la PCB y reduce los requisitos de mantenimiento de los equipos de producci\u00f3n, mejorando la confiabilidad general de la fabricaci\u00f3n.<\/p>\n<\/li>\n<\/ul>\n<p>&nbsp;<\/p>\n<h2>Presupuesto<\/h2>\n<table style=\"border-collapse: collapse; width: 921px; height: 349px;\" border=\"0\" width=\"579\" cellspacing=\"0\" cellpadding=\"0\">\n<tbody>\n<tr style=\"height: 15.75pt;\">\n<td class=\"et2\" style=\"height: 15.75pt; width: 138.75pt; text-align: center;\" width=\"185\" height=\"21\">Art\u00edculo<\/td>\n<td class=\"et3\" style=\"width: 147pt; text-align: center;\" width=\"196\">YC-350<\/td>\n<td class=\"et4\" style=\"width: 148.5pt; text-align: center;\" width=\"198\">YC-450<\/td>\n<\/tr>\n<tr style=\"height: 15.75pt;\">\n<td class=\"et5\" style=\"height: 15.75pt; width: 138.75pt; text-align: center;\" width=\"185\" height=\"21\">Tama\u00f1o de PCB<\/td>\n<td class=\"et6\" style=\"width: 147pt; text-align: center;\" width=\"196\">50 x 50 mm ~ 450 x 350 mm<\/td>\n<td class=\"et7\" style=\"width: 148.5pt; text-align: center;\" width=\"198\">50 x 50 mm ~ 500 x 450 mm<\/td>\n<\/tr>\n<tr style=\"height: 15.75pt;\">\n<td class=\"et5\" style=\"height: 15.75pt; width: 138.75pt; text-align: center;\" width=\"185\" height=\"21\">Espesor de PCB<\/td>\n<td class=\"et8\" style=\"width: 295.5pt; text-align: center;\" colspan=\"2\" width=\"394\">2-3 mm (Opci\u00f3n: 4-6 mm)<\/td>\n<\/tr>\n<tr style=\"height: 15.75pt;\">\n<td class=\"et5\" style=\"height: 15.75pt; width: 138.75pt; text-align: center;\" width=\"185\" height=\"21\">Direcci\u00f3n de PCB<\/td>\n<td class=\"et6\" style=\"width: 295.5pt; text-align: center;\" colspan=\"2\" width=\"394\">De izquierda a derecha o de derecha a izquierda<\/td>\n<\/tr>\n<tr style=\"height: 15.75pt;\">\n<td class=\"et5\" style=\"height: 15.75pt; width: 138.75pt; text-align: center;\" width=\"185\" height=\"21\">Altura de transporte<\/td>\n<td class=\"et8\" style=\"width: 295.5pt; text-align: center;\" colspan=\"2\" width=\"394\">900 \u00b1 20 mm (o especificado por el cliente)<\/td>\n<\/tr>\n<tr style=\"height: 15.75pt;\">\n<td class=\"et5\" style=\"height: 15.75pt; width: 138.75pt; text-align: center;\" width=\"185\" height=\"21\">Sistema de control<\/td>\n<td class=\"et6\" style=\"width: 295.5pt; text-align: center;\" colspan=\"2\" width=\"394\">PLC Panasonic<\/td>\n<\/tr>\n<tr style=\"height: 15.75pt;\">\n<td class=\"et5\" style=\"height: 15.75pt; width: 138.75pt; text-align: center;\" width=\"185\" height=\"21\">Panel de operaciones<\/td>\n<td class=\"et8\" style=\"width: 295.5pt; text-align: center;\" colspan=\"2\" width=\"394\">Pantalla t\u00e1ctil<\/td>\n<\/tr>\n<tr style=\"height: 15.75pt;\">\n<td class=\"et5\" style=\"height: 15.75pt; width: 138.75pt; text-align: center;\" width=\"185\" height=\"21\">N\u00famero de pinceles<\/td>\n<td class=\"et6\" style=\"width: 295.5pt; text-align: center;\" colspan=\"2\" width=\"394\">1 pieza<\/td>\n<\/tr>\n<tr style=\"height: 15.75pt;\">\n<td class=\"et5\" style=\"height: 15.75pt; width: 138.75pt; text-align: center;\" width=\"185\" height=\"21\">N\u00famero de rodillos para polvo<\/td>\n<td class=\"et8\" style=\"width: 295.5pt; text-align: center;\" colspan=\"2\" width=\"394\">2 piezas<\/td>\n<\/tr>\n<tr style=\"height: 15.75pt;\">\n<td class=\"et5\" style=\"height: 15.75pt; width: 138.75pt; text-align: center;\" width=\"185\" height=\"21\">N\u00famero de papel adhesivo<\/td>\n<td class=\"et6\" style=\"width: 295.5pt; text-align: center;\" colspan=\"2\" width=\"394\">1 pieza<\/td>\n<\/tr>\n<tr style=\"height: 15.75pt;\">\n<td class=\"et5\" style=\"height: 15.75pt; width: 138.75pt; text-align: center;\" width=\"185\" height=\"21\">Fuente de alimentaci\u00f3n<\/td>\n<td class=\"et8\" style=\"width: 295.5pt; text-align: center;\" colspan=\"2\" width=\"394\">Monof\u00e1sico CA 220 V 50\/60 Hz<\/td>\n<\/tr>\n<tr style=\"height: 15.75pt;\">\n<td class=\"et5\" style=\"height: 15.75pt; width: 138.75pt; text-align: center;\" width=\"185\" height=\"21\">Dimensi\u00f3n<\/td>\n<td class=\"et6\" style=\"width: 147pt; text-align: center;\" width=\"196\">Largo 550 x Ancho 750 x Alto 1600 mm<\/td>\n<td class=\"et7\" style=\"width: 148.5pt; text-align: center;\" width=\"198\">Largo 650 x Ancho 850 x Alto 1600 mm<\/td>\n<\/tr>\n<tr style=\"height: 15.75pt;\">\n<td class=\"et11\" style=\"height: 15.75pt; width: 138.75pt; text-align: center;\" width=\"185\" height=\"21\">Peso<\/td>\n<td class=\"et12\" style=\"width: 147pt; text-align: center;\" width=\"196\">140 kg<\/td>\n<td class=\"et13\" style=\"width: 148.5pt; text-align: center;\" width=\"198\">160 kg<\/td>\n<\/tr>\n<\/tbody>\n<\/table>\n<p>&nbsp;<\/p>\n<p><a href=\"https:\/\/www.youtube.com\/@allaismt\" rel=\"nofollow noopener\" target=\"_blank\"><u>https:\/\/www.youtube.com\/@allaismt<\/u><\/a><\/p>\n<p>For more information about the <strong>SMT PCB Cleaning Machine YC-450<\/strong>, por favor env\u00ede un correo electr\u00f3nico a<\/p>\n<p><a href=\"mailto:sophia@allaismt.com\"><u>sophia@allaismt.com<\/u><\/a><\/p>\n<p>Responderemos a su consulta a la brevedad y le proporcionaremos informaci\u00f3n detallada sobre nuestros productos y servicios.<\/p>","protected":false},"excerpt":{"rendered":"<p>Descripci\u00f3n: El <strong>SMT<\/strong> <strong data-start=\"115\" data-end=\"146\">M\u00e1quina de limpieza de PCB YC-450<\/strong> is a high-performance solution designed to ensure thorough cleaning of PCBs and electronic assemblies before SMT and PCBA processes. Featuring precision brushing, controlled airflow, and efficient debris removal, it eliminates dust, solder residues, and micro-particles that can compromise soldering quality. Fully automated and compact, the SMT PCB Cleaning Machine YC-450 integrates seamlessly into production lines, enhancing workflow efficiency, reducing defects, and improving overall yield. The SMT PCB Cleaning Machine YC-450 is ideal for manufacturers seeking consistent, high-quality PCB surface preparation.<\/p>\n<p>Cantidad m\u00ednima de pedido: 1 unidad<\/p>\n<p>Plazo de entrega: 15 d\u00edas<\/p>","protected":false},"featured_media":22654,"comment_status":"closed","ping_status":"closed","template":"","meta":[],"etheme_brands":[],"product_brand":[],"product_cat":[156],"product_tag":[],"class_list":{"0":"post-22653","1":"product","2":"type-product","3":"status-publish","4":"has-post-thumbnail","6":"product_cat-pcb-cleaning-machine","8":"first","9":"instock","10":"shipping-taxable","11":"product-type-simple"},"_links":{"self":[{"href":"https:\/\/esmte.com\/es\/wp-json\/wp\/v2\/product\/22653","targetHints":{"allow":["GET"]}}],"collection":[{"href":"https:\/\/esmte.com\/es\/wp-json\/wp\/v2\/product"}],"about":[{"href":"https:\/\/esmte.com\/es\/wp-json\/wp\/v2\/types\/product"}],"replies":[{"embeddable":true,"href":"https:\/\/esmte.com\/es\/wp-json\/wp\/v2\/comments?post=22653"}],"version-history":[{"count":1,"href":"https:\/\/esmte.com\/es\/wp-json\/wp\/v2\/product\/22653\/revisions"}],"predecessor-version":[{"id":23752,"href":"https:\/\/esmte.com\/es\/wp-json\/wp\/v2\/product\/22653\/revisions\/23752"}],"wp:featuredmedia":[{"embeddable":true,"href":"https:\/\/esmte.com\/es\/wp-json\/wp\/v2\/media\/22654"}],"wp:attachment":[{"href":"https:\/\/esmte.com\/es\/wp-json\/wp\/v2\/media?parent=22653"}],"wp:term":[{"taxonomy":"brand","embeddable":true,"href":"https:\/\/esmte.com\/es\/wp-json\/wp\/v2\/etheme_brands?post=22653"},{"taxonomy":"product_brand","embeddable":true,"href":"https:\/\/esmte.com\/es\/wp-json\/wp\/v2\/product_brand?post=22653"},{"taxonomy":"product_cat","embeddable":true,"href":"https:\/\/esmte.com\/es\/wp-json\/wp\/v2\/product_cat?post=22653"},{"taxonomy":"product_tag","embeddable":true,"href":"https:\/\/esmte.com\/es\/wp-json\/wp\/v2\/product_tag?post=22653"}],"curies":[{"name":"wp","href":"https:\/\/api.w.org\/{rel}","templated":true}]}}