{"id":22648,"date":"2025-12-02T06:47:20","date_gmt":"2025-12-02T06:47:20","guid":{"rendered":"https:\/\/esmte.com\/?post_type=product&#038;p=22648"},"modified":"2026-01-14T02:45:19","modified_gmt":"2026-01-14T02:45:19","slug":"pcb-cleaning-machine-yc-350","status":"publish","type":"product","link":"https:\/\/esmte.com\/es\/products\/pcb-cleaning-machine-yc-350\/","title":{"rendered":"M\u00e1quina de Limpieza de PCB SMT YC-350(2)"},"content":{"rendered":"<h2>Introducci\u00f3n<\/h2>\n<p data-start=\"214\" data-end=\"713\">El <strong>PCB de SMT<\/strong> Est\u00e1 dise\u00f1ado para proporcionar una limpieza eficiente y fiable de placas de circuito impreso (PCB) en l\u00edneas de producci\u00f3n modernas de SMT y PCBA. En entornos de fabricaci\u00f3n de alta velocidad, el polvo, los residuos de soldadura y las micropart\u00edculas pueden acumularse en las superficies de las PCB, lo que provoca defectos de soldadura y reduce la fiabilidad del producto. El YC-350 aborda estos desaf\u00edos con un proceso de limpieza totalmente automatizado, que garantiza que cada placa est\u00e9 preparada para las operaciones de ensamblaje posteriores.<\/p>\n<p data-start=\"715\" data-end=\"1193\">Equipada con cepillado de precisi\u00f3n, flujo de aire controlado y un sistema integrado de extracci\u00f3n de residuos, la m\u00e1quina elimina los contaminantes sin da\u00f1ar los componentes delicados. Sus ciclos de limpieza programables permiten a los operadores ajustar los par\u00e1metros para diferentes tama\u00f1os de PCB y densidades de componentes, lo que la hace vers\u00e1til para una amplia gama de ensamblajes electr\u00f3nicos. Al mantener las superficies limpias, la <strong>SMT PCB\u00a0<\/strong><strong>M\u00e1quina de limpieza YC-350<\/strong> Mejora la calidad de la soldadura, reduce la necesidad de repetir el trabajo y aumenta el rendimiento general de la producci\u00f3n.<\/p>\n<p data-start=\"1195\" data-end=\"1606\">Dise\u00f1ado para una integraci\u00f3n perfecta en l\u00edneas SMT, el <strong>SMT PCB\u00a0<\/strong><strong>M\u00e1quina de limpieza YC-350<\/strong> Funciona con m\u00ednima intervenci\u00f3n humana. Su sistema automatizado de carga, limpieza y descarga garantiza un rendimiento constante, reduce la mano de obra y mantiene una alta eficiencia de producci\u00f3n. Compacto y f\u00e1cil de usar, se adapta tanto a peque\u00f1os talleres como a grandes f\u00e1bricas, ofreciendo una soluci\u00f3n fiable para la fabricaci\u00f3n de productos electr\u00f3nicos modernos.<\/p>\n<p data-start=\"1608\" data-end=\"1885\">Ideal para electr\u00f3nica de consumo, PCB de autom\u00f3viles y placas de control industriales, el <strong>SMT <\/strong><strong data-start=\"1692\" data-end=\"1723\">M\u00e1quina de limpieza de PCB YC-350<\/strong> Ofrece un rendimiento de limpieza exhaustivo y repetible, lo que ayuda a los fabricantes a lograr resultados de ensamblaje estables y de alta calidad y confiabilidad del equipo a largo plazo.<\/p>\n<p style=\"text-align: center;\" data-start=\"1612\" data-end=\"1871\"><img loading=\"lazy\" decoding=\"async\" class=\"alignnone wp-image-22650\" src=\"https:\/\/esmte.com\/wp-content\/uploads\/2025\/12\/PCB-Cleaning-Machine-scaled.webp\" alt=\"SMT PCB Cleaning Machine YC-350\" width=\"644\" height=\"644\" srcset=\"https:\/\/esmte.com\/wp-content\/uploads\/2025\/12\/PCB-Cleaning-Machine-scaled.webp 2560w, https:\/\/esmte.com\/wp-content\/uploads\/2025\/12\/PCB-Cleaning-Machine-scaled-100x100.webp 100w, https:\/\/esmte.com\/wp-content\/uploads\/2025\/12\/PCB-Cleaning-Machine-scaled-600x600.webp 600w, https:\/\/esmte.com\/wp-content\/uploads\/2025\/12\/PCB-Cleaning-Machine-300x300.webp 300w, https:\/\/esmte.com\/wp-content\/uploads\/2025\/12\/PCB-Cleaning-Machine-1024x1024.webp 1024w, https:\/\/esmte.com\/wp-content\/uploads\/2025\/12\/PCB-Cleaning-Machine-150x150.webp 150w, https:\/\/esmte.com\/wp-content\/uploads\/2025\/12\/PCB-Cleaning-Machine-768x768.webp 768w, https:\/\/esmte.com\/wp-content\/uploads\/2025\/12\/PCB-Cleaning-Machine-1536x1536.webp 1536w, https:\/\/esmte.com\/wp-content\/uploads\/2025\/12\/PCB-Cleaning-Machine-2048x2048.webp 2048w, https:\/\/esmte.com\/wp-content\/uploads\/2025\/12\/PCB-Cleaning-Machine-1x1.webp 1w, https:\/\/esmte.com\/wp-content\/uploads\/2025\/12\/PCB-Cleaning-Machine-10x10.webp 10w\" sizes=\"auto, (max-width: 644px) 100vw, 644px\" \/><\/p>\n<h3>Caracter\u00edsticas principales<\/h3>\n<ul>\n<li data-start=\"193\" data-end=\"366\">\n<p data-start=\"196\" data-end=\"366\"><strong data-start=\"196\" data-end=\"227\">Limpieza de PCB de alta precisi\u00f3n<\/strong><br data-start=\"227\" data-end=\"230\" \/>Elimina eficazmente el polvo, los residuos de soldadura y las micropart\u00edculas de las superficies de PCB, lo que garantiza una calidad de soldadura y ensamblaje confiable.<\/p>\n<\/li>\n<li data-start=\"368\" data-end=\"533\">\n<p data-start=\"371\" data-end=\"533\"><strong data-start=\"371\" data-end=\"400\">Operaci\u00f3n totalmente automatizada<\/strong><br data-start=\"400\" data-end=\"403\" \/>La carga, limpieza y descarga autom\u00e1ticas reducen la manipulaci\u00f3n manual, minimizan el error humano y estabilizan la eficiencia de la producci\u00f3n.<\/p>\n<\/li>\n<li data-start=\"535\" data-end=\"707\">\n<p data-start=\"538\" data-end=\"707\"><strong data-start=\"538\" data-end=\"569\">Sistema de limpieza multietapa<\/strong><br data-start=\"569\" data-end=\"572\" \/>Combina cepillado de precisi\u00f3n, flujo de aire controlado y extracci\u00f3n de residuos para una limpieza profunda que protege los componentes delicados.<\/p>\n<\/li>\n<li data-start=\"709\" data-end=\"883\">\n<p data-start=\"712\" data-end=\"883\"><strong data-start=\"712\" data-end=\"744\">Ciclos de limpieza programables<\/strong><br data-start=\"744\" data-end=\"747\" \/>Los par\u00e1metros ajustables permiten a los operadores personalizar la intensidad y la duraci\u00f3n de la limpieza para diferentes tama\u00f1os de PCB y densidades de componentes.<\/p>\n<\/li>\n<li data-start=\"885\" data-end=\"1070\">\n<p data-start=\"888\" data-end=\"1070\"><strong data-start=\"888\" data-end=\"925\">Compatibilidad con l\u00edneas SMT de alta velocidad<\/strong><br data-start=\"925\" data-end=\"928\" \/>Dise\u00f1ado para integrarse perfectamente en las l\u00edneas de producci\u00f3n SMT y PCBA modernas, manteniendo el rendimiento de limpieza sin reducir el rendimiento.<\/p>\n<\/li>\n<li data-start=\"1072\" data-end=\"1263\">\n<p data-start=\"1075\" data-end=\"1263\"><strong data-start=\"1075\" data-end=\"1115\">Mayor longevidad de PCB y equipos<\/strong><br data-start=\"1115\" data-end=\"1118\" \/>La limpieza regular y precisa evita la acumulaci\u00f3n de residuos, prolonga la vida \u00fatil de la PCB y reduce los requisitos de mantenimiento de los equipos de producci\u00f3n.<\/p>\n<\/li>\n<\/ul>\n<p>&nbsp;<\/p>\n<h2>Presupuesto<\/h2>\n<table style=\"border-collapse: collapse; width: 1376px; height: 352px;\" border=\"0\" width=\"579\" cellspacing=\"0\" cellpadding=\"0\">\n<tbody>\n<tr style=\"height: 15.75pt;\">\n<td class=\"et2\" style=\"height: 15.75pt; width: 138.75pt; text-align: center;\" width=\"185\" height=\"21\">Art\u00edculo<\/td>\n<td class=\"et3\" style=\"width: 147pt; text-align: center;\" width=\"196\">YC-350<\/td>\n<td class=\"et4\" style=\"width: 148.5pt; text-align: center;\" width=\"198\">YC-450<\/td>\n<\/tr>\n<tr style=\"height: 15.75pt;\">\n<td class=\"et5\" style=\"height: 15.75pt; width: 138.75pt; text-align: center;\" width=\"185\" height=\"21\">Tama\u00f1o de PCB<\/td>\n<td class=\"et6\" style=\"width: 147pt; text-align: center;\" width=\"196\">50 x 50 mm ~ 450 x 350 mm<\/td>\n<td class=\"et7\" style=\"width: 148.5pt; text-align: center;\" width=\"198\">50 x 50 mm ~ 500 x 450 mm<\/td>\n<\/tr>\n<tr style=\"height: 15.75pt;\">\n<td class=\"et5\" style=\"height: 15.75pt; width: 138.75pt; text-align: center;\" width=\"185\" height=\"21\">Espesor de PCB<\/td>\n<td class=\"et8\" style=\"width: 295.5pt; text-align: center;\" colspan=\"2\" width=\"394\">2-3 mm (Opci\u00f3n: 4-6 mm)<\/td>\n<\/tr>\n<tr style=\"height: 15.75pt;\">\n<td class=\"et5\" style=\"height: 15.75pt; width: 138.75pt; text-align: center;\" width=\"185\" height=\"21\">Direcci\u00f3n de PCB<\/td>\n<td class=\"et6\" style=\"width: 295.5pt; text-align: center;\" colspan=\"2\" width=\"394\">De izquierda a derecha o de derecha a izquierda<\/td>\n<\/tr>\n<tr style=\"height: 15.75pt;\">\n<td class=\"et5\" style=\"height: 15.75pt; width: 138.75pt; text-align: center;\" width=\"185\" height=\"21\">Altura de transporte<\/td>\n<td class=\"et8\" style=\"width: 295.5pt; text-align: center;\" colspan=\"2\" width=\"394\">900 \u00b1 20 mm (o especificado por el cliente)<\/td>\n<\/tr>\n<tr style=\"height: 15.75pt;\">\n<td class=\"et5\" style=\"height: 15.75pt; width: 138.75pt; text-align: center;\" width=\"185\" height=\"21\">Sistema de control<\/td>\n<td class=\"et6\" style=\"width: 295.5pt; text-align: center;\" colspan=\"2\" width=\"394\">PLC Panasonic<\/td>\n<\/tr>\n<tr style=\"height: 15.75pt;\">\n<td class=\"et5\" style=\"height: 15.75pt; width: 138.75pt; text-align: center;\" width=\"185\" height=\"21\">Panel de operaciones<\/td>\n<td class=\"et8\" style=\"width: 295.5pt; text-align: center;\" colspan=\"2\" width=\"394\">Pantalla t\u00e1ctil<\/td>\n<\/tr>\n<tr style=\"height: 15.75pt;\">\n<td class=\"et5\" style=\"height: 15.75pt; width: 138.75pt; text-align: center;\" width=\"185\" height=\"21\">N\u00famero de pinceles<\/td>\n<td class=\"et6\" style=\"width: 295.5pt; text-align: center;\" colspan=\"2\" width=\"394\">1 pieza<\/td>\n<\/tr>\n<tr style=\"height: 15.75pt;\">\n<td class=\"et5\" style=\"height: 15.75pt; width: 138.75pt; text-align: center;\" width=\"185\" height=\"21\">N\u00famero de rodillos para polvo<\/td>\n<td class=\"et8\" style=\"width: 295.5pt; text-align: center;\" colspan=\"2\" width=\"394\">2 piezas<\/td>\n<\/tr>\n<tr style=\"height: 15.75pt;\">\n<td class=\"et5\" style=\"height: 15.75pt; width: 138.75pt; text-align: center;\" width=\"185\" height=\"21\">N\u00famero de papel adhesivo<\/td>\n<td class=\"et6\" style=\"width: 295.5pt; text-align: center;\" colspan=\"2\" width=\"394\">1 pieza<\/td>\n<\/tr>\n<tr style=\"height: 15.75pt;\">\n<td class=\"et5\" style=\"height: 15.75pt; width: 138.75pt; text-align: center;\" width=\"185\" height=\"21\">Fuente de alimentaci\u00f3n<\/td>\n<td class=\"et8\" style=\"width: 295.5pt; text-align: center;\" colspan=\"2\" width=\"394\">Monof\u00e1sico CA 220 V 50\/60 Hz<\/td>\n<\/tr>\n<tr style=\"height: 15.75pt;\">\n<td class=\"et5\" style=\"height: 15.75pt; width: 138.75pt; text-align: center;\" width=\"185\" height=\"21\">Dimensi\u00f3n<\/td>\n<td class=\"et6\" style=\"width: 147pt; text-align: center;\" width=\"196\">Largo 550 x Ancho 750 x Alto 1600 mm<\/td>\n<td class=\"et7\" style=\"width: 148.5pt; text-align: center;\" width=\"198\">Largo 650 x Ancho 850 x Alto 1600 mm<\/td>\n<\/tr>\n<tr style=\"height: 15.75pt;\">\n<td class=\"et11\" style=\"height: 15.75pt; width: 138.75pt; text-align: center;\" width=\"185\" height=\"21\">Peso<\/td>\n<td class=\"et12\" style=\"width: 147pt; text-align: center;\" width=\"196\">140 kg<\/td>\n<td class=\"et13\" style=\"width: 148.5pt; text-align: center;\" width=\"198\">160 kg<\/td>\n<\/tr>\n<\/tbody>\n<\/table>\n<p>&nbsp;<\/p>\n<p><a href=\"https:\/\/www.youtube.com\/@allaismt\" rel=\"nofollow noopener\" target=\"_blank\"><u>https:\/\/www.youtube.com\/@allaismt<\/u><\/a><\/p>\n<p>For more information about the <strong>M\u00e1quina de Limpieza de PCB SMT YC-350(2)<\/strong>, por favor env\u00ede un correo electr\u00f3nico a<\/p>\n<p><a href=\"mailto:sophia@allaismt.com\"><u>sophia@allaismt.com<\/u><\/a><\/p>\n<p>Responderemos a su consulta a la brevedad y le proporcionaremos informaci\u00f3n detallada sobre nuestros productos y servicios.<\/p>","protected":false},"excerpt":{"rendered":"<p>Descripci\u00f3n: El <strong>SMT <\/strong><strong data-start=\"115\" data-end=\"146\">M\u00e1quina de limpieza de PCB YC-350<\/strong> Es una soluci\u00f3n de alta eficiencia dise\u00f1ada para garantizar superficies de PCB limpias y fiables antes del ensamblaje. Equipada con sistemas de cepillado de precisi\u00f3n, flujo de aire y eliminaci\u00f3n de residuos, elimina eficazmente el polvo, los residuos de soldadura y las micropart\u00edculas que pueden comprometer la calidad de la soldadura. Totalmente automatizada y compacta, la YC-350 se integra a la perfecci\u00f3n en las l\u00edneas de producci\u00f3n de SMT y PCBA, mejorando la estabilidad del proceso, reduciendo defectos y optimizando el rendimiento general. Es ideal para fabricantes que buscan una preparaci\u00f3n de superficies de PCB consistente y de alta calidad.<\/p>\n<p>Cantidad m\u00ednima de pedido: 1 unidad<\/p>\n<p>Plazo de entrega: 15 d\u00edas<\/p>","protected":false},"featured_media":22649,"comment_status":"closed","ping_status":"closed","template":"","meta":[],"etheme_brands":[],"product_brand":[],"product_cat":[156],"product_tag":[],"class_list":{"0":"post-22648","1":"product","2":"type-product","3":"status-publish","4":"has-post-thumbnail","6":"product_cat-pcb-cleaning-machine","8":"first","9":"instock","10":"shipping-taxable","11":"product-type-simple"},"_links":{"self":[{"href":"https:\/\/esmte.com\/es\/wp-json\/wp\/v2\/product\/22648","targetHints":{"allow":["GET"]}}],"collection":[{"href":"https:\/\/esmte.com\/es\/wp-json\/wp\/v2\/product"}],"about":[{"href":"https:\/\/esmte.com\/es\/wp-json\/wp\/v2\/types\/product"}],"replies":[{"embeddable":true,"href":"https:\/\/esmte.com\/es\/wp-json\/wp\/v2\/comments?post=22648"}],"version-history":[{"count":1,"href":"https:\/\/esmte.com\/es\/wp-json\/wp\/v2\/product\/22648\/revisions"}],"predecessor-version":[{"id":23777,"href":"https:\/\/esmte.com\/es\/wp-json\/wp\/v2\/product\/22648\/revisions\/23777"}],"wp:featuredmedia":[{"embeddable":true,"href":"https:\/\/esmte.com\/es\/wp-json\/wp\/v2\/media\/22649"}],"wp:attachment":[{"href":"https:\/\/esmte.com\/es\/wp-json\/wp\/v2\/media?parent=22648"}],"wp:term":[{"taxonomy":"brand","embeddable":true,"href":"https:\/\/esmte.com\/es\/wp-json\/wp\/v2\/etheme_brands?post=22648"},{"taxonomy":"product_brand","embeddable":true,"href":"https:\/\/esmte.com\/es\/wp-json\/wp\/v2\/product_brand?post=22648"},{"taxonomy":"product_cat","embeddable":true,"href":"https:\/\/esmte.com\/es\/wp-json\/wp\/v2\/product_cat?post=22648"},{"taxonomy":"product_tag","embeddable":true,"href":"https:\/\/esmte.com\/es\/wp-json\/wp\/v2\/product_tag?post=22648"}],"curies":[{"name":"wp","href":"https:\/\/api.w.org\/{rel}","templated":true}]}}