{"id":22620,"date":"2025-12-02T02:16:47","date_gmt":"2025-12-02T02:16:47","guid":{"rendered":"https:\/\/esmte.com\/?post_type=product&#038;p=22620"},"modified":"2026-01-14T03:10:37","modified_gmt":"2026-01-14T03:10:37","slug":"camera-module-cleaning-machine","status":"publish","type":"product","link":"https:\/\/esmte.com\/es\/products\/camera-module-cleaning-machine\/","title":{"rendered":"SMT Camera Module Cleaning Machine"},"content":{"rendered":"<h2>Introducci\u00f3n<\/h2>\n<p data-start=\"152\" data-end=\"657\">El<strong> SMT Camera Module Cleaning Machine<\/strong> Est\u00e1 dise\u00f1ada espec\u00edficamente para fabricantes que requieren componentes \u00f3pticos impecables antes del ensamblaje final. En lugar de depender de la limpieza manual o la eliminaci\u00f3n de polvo en una sola etapa, esta m\u00e1quina ofrece un proceso de limpieza controlado y repetible, dise\u00f1ado espec\u00edficamente para las delicadas superficies de los m\u00f3dulos de c\u00e1mara. Su funcionamiento se centra en preservar la claridad de la lente, proteger las ventanas del sensor y resguardar la trayectoria \u00f3ptica de micropart\u00edculas que pueden afectar el rendimiento de la imagen.<\/p>\n<p data-start=\"659\" data-end=\"1080\">Una de las principales ventajas de este equipo reside en su capacidad para estabilizar la calidad de la limpieza en producciones de alto volumen. El sistema combina la gesti\u00f3n del flujo de aire, rodillos de limpieza de precisi\u00f3n y la eliminaci\u00f3n de la est\u00e1tica en una secuencia perfectamente coordinada. <strong>SMT\u00a0Camera Module Cleaning Machine<\/strong> evita que las part\u00edculas se vuelvan a adherir durante el transporte, lo que reduce significativamente defectos como imperfecciones, neblina o contaminaci\u00f3n por objetos extra\u00f1os dentro de los dispositivos de im\u00e1genes terminados.<\/p>\n<p data-start=\"1082\" data-end=\"1519\">Dise\u00f1ada teniendo en cuenta las condiciones reales de fabricaci\u00f3n, la m\u00e1quina se integra perfectamente en l\u00edneas de montaje SMT y \u00f3pticas. Ya sea que se utilice antes de la instalaci\u00f3n de lentes, el empaquetado de sensores o la calibraci\u00f3n de m\u00f3dulos, <strong>SMT<\/strong>\u00a0<strong>M\u00e1quina de limpieza de m\u00f3dulos de c\u00e1mara<\/strong> Garantiza una superficie siempre limpia que cumple con los exigentes requisitos de las aplicaciones de imagen modernas. Su tama\u00f1o compacto y su manejo automatizado minimizan el contacto humano, acortan el tiempo de proceso y mejoran el rendimiento general.<\/p>\n<p data-start=\"1521\" data-end=\"1851\">Desde m\u00f3dulos de c\u00e1mara para tel\u00e9fonos inteligentes hasta sistemas de visi\u00f3n automotriz y dispositivos de im\u00e1genes con inteligencia artificial,<strong> SMT\u00a0Camera Module Cleaning Machine<\/strong> Proporciona el nivel de pureza superficial necesario para un rendimiento \u00f3ptico de \u00faltima generaci\u00f3n. Sirve como base s\u00f3lida para las f\u00e1bricas que buscan comercializar productos de imagen impecables y de alta resoluci\u00f3n.<\/p>\n<p data-start=\"1521\" data-end=\"1851\"><img loading=\"lazy\" decoding=\"async\" class=\"aligncenter wp-image-22622\" src=\"https:\/\/esmte.com\/wp-content\/uploads\/2025\/12\/11-10.webp\" alt=\"SMT Camera Module Cleaning Machine\" width=\"595\" height=\"595\" srcset=\"https:\/\/esmte.com\/wp-content\/uploads\/2025\/12\/11-10.webp 1560w, https:\/\/esmte.com\/wp-content\/uploads\/2025\/12\/11-10-100x100.webp 100w, https:\/\/esmte.com\/wp-content\/uploads\/2025\/12\/11-10-600x600.webp 600w, https:\/\/esmte.com\/wp-content\/uploads\/2025\/12\/11-10-300x300.webp 300w, https:\/\/esmte.com\/wp-content\/uploads\/2025\/12\/11-10-1024x1024.webp 1024w, https:\/\/esmte.com\/wp-content\/uploads\/2025\/12\/11-10-150x150.webp 150w, https:\/\/esmte.com\/wp-content\/uploads\/2025\/12\/11-10-768x768.webp 768w, https:\/\/esmte.com\/wp-content\/uploads\/2025\/12\/11-10-1536x1536.webp 1536w, https:\/\/esmte.com\/wp-content\/uploads\/2025\/12\/11-10-1x1.webp 1w, https:\/\/esmte.com\/wp-content\/uploads\/2025\/12\/11-10-10x10.webp 10w\" sizes=\"auto, (max-width: 595px) 100vw, 595px\" \/><\/p>\n<h3>Caracter\u00edsticas principales<\/h3>\n<ul>\n<li data-start=\"181\" data-end=\"463\">\n<p data-start=\"184\" data-end=\"463\"><strong data-start=\"184\" data-end=\"222\">Limpieza de superficies \u00f3pticas de precisi\u00f3n<\/strong><br data-start=\"222\" data-end=\"225\" \/>La m\u00e1quina ofrece una limpieza altamente controlada, espec\u00edficamente optimizada para superficies sensibles del m\u00f3dulo de la c\u00e1mara, lo que garantiza que el polvo, las fibras y las micropart\u00edculas se eliminen de manera eficiente sin rayar ni da\u00f1ar los delicados componentes \u00f3pticos.<\/p>\n<\/li>\n<li data-start=\"465\" data-end=\"722\">\n<p data-start=\"468\" data-end=\"722\"><strong data-start=\"468\" data-end=\"506\">Sistema avanzado de eliminaci\u00f3n de est\u00e1tica<\/strong><br data-start=\"506\" data-end=\"509\" \/>La tecnolog\u00eda de ionizaci\u00f3n integrada neutraliza las cargas est\u00e1ticas que normalmente atraen contaminantes del aire, lo que ayuda a mantener la limpieza a largo plazo y evita que las part\u00edculas se vuelvan a adherir durante el proceso de manipulaci\u00f3n.<\/p>\n<\/li>\n<li data-start=\"724\" data-end=\"977\">\n<p data-start=\"727\" data-end=\"977\"><strong data-start=\"727\" data-end=\"764\">Arquitectura de limpieza multietapa<\/strong><br data-start=\"764\" data-end=\"767\" \/>Equipado con m\u00f3dulos coordinados de soplado de aire, rodillos y succi\u00f3n, el sistema realiza pasos de limpieza secuenciales que producen resultados consistentes y repetibles adecuados para l\u00edneas de ensamblaje \u00f3ptico de alta resoluci\u00f3n.<\/p>\n<\/li>\n<li data-start=\"979\" data-end=\"1212\">\n<p data-start=\"982\" data-end=\"1212\"><strong data-start=\"982\" data-end=\"1018\">Proceso de manipulaci\u00f3n totalmente automatizado<\/strong><br data-start=\"1018\" data-end=\"1021\" \/>La carga, transferencia y descarga automatizadas reducen la interacci\u00f3n manual y garantizan una productividad estable, proporcionando un rendimiento de limpieza confiable para entornos de fabricaci\u00f3n de gran volumen.<\/p>\n<\/li>\n<li data-start=\"1214\" data-end=\"1428\">\n<p data-start=\"1217\" data-end=\"1428\"><strong data-start=\"1217\" data-end=\"1253\">Monitoreo del rendimiento en tiempo real<\/strong><br data-start=\"1253\" data-end=\"1256\" \/>Los sensores inteligentes y las funciones de retroalimentaci\u00f3n del proceso rastrean continuamente la eficacia de la limpieza, lo que permite realizar ajustes r\u00e1pidos para mantener los est\u00e1ndares de calidad y reducir las tasas de defectos.<\/p>\n<\/li>\n<li data-start=\"1430\" data-end=\"1691\">\n<p data-start=\"1433\" data-end=\"1691\"><strong data-start=\"1433\" data-end=\"1477\">Amplia compatibilidad con productos \u00f3pticos<\/strong><br data-start=\"1477\" data-end=\"1480\" \/>La m\u00e1quina admite varios tama\u00f1os de m\u00f3dulos de c\u00e1mara utilizados en tel\u00e9fonos inteligentes, c\u00e1maras de autom\u00f3viles, sensores de visi\u00f3n industriales y otros dispositivos de im\u00e1genes, lo que la convierte en una soluci\u00f3n vers\u00e1til para la fabricaci\u00f3n \u00f3ptica moderna.<\/p>\n<\/li>\n<\/ul>\n<p>&nbsp;<\/p>\n<h2>Presupuesto<\/h2>\n<table style=\"border-collapse: collapse; width: 1377px; height: 190px;\" border=\"0\" width=\"423\" cellspacing=\"0\" cellpadding=\"0\">\n<tbody>\n<tr style=\"height: 15.00pt;\">\n<td class=\"et2\" style=\"height: 15pt; width: 99pt; text-align: center;\" width=\"132\" height=\"20\">Art\u00edculo<\/td>\n<td class=\"et3\" style=\"width: 218.25pt; text-align: center;\" width=\"291\">YMC-960<\/td>\n<\/tr>\n<tr style=\"height: 15.00pt;\">\n<td class=\"et4\" style=\"height: 15pt; width: 99pt; text-align: center;\" width=\"132\" height=\"20\">Tama\u00f1o de la placa de limpieza<\/td>\n<td class=\"et5\" style=\"width: 218.25pt; text-align: center;\" width=\"291\">Personalizado (di\u00e1metro del disco de limpieza &lt;\u00f8550 mm)<\/td>\n<\/tr>\n<tr style=\"height: 15.00pt;\">\n<td class=\"et4\" style=\"height: 15pt; width: 99pt; text-align: center;\" width=\"132\" height=\"20\">Suministro de agua desionizada<\/td>\n<td class=\"et5\" style=\"width: 218.25pt; text-align: center;\" width=\"291\">Flujo:&gt; 7 LPM Resistividad:&gt; 17 M\u03a9<\/td>\n<\/tr>\n<tr style=\"height: 15.00pt;\">\n<td class=\"et4\" style=\"height: 15pt; width: 99pt; text-align: center;\" width=\"132\" height=\"20\">Suministro de agua desionizada<\/td>\n<td class=\"et5\" style=\"width: 218.25pt; text-align: center;\" width=\"291\">30~65 l\/min<\/td>\n<\/tr>\n<tr style=\"height: 15.00pt;\">\n<td class=\"et4\" style=\"height: 15pt; width: 99pt; text-align: center;\" width=\"132\" height=\"20\">Fuerza<\/td>\n<td class=\"et5\" style=\"width: 218.25pt; text-align: center;\" width=\"291\">CA 380 V\/50 A\/50 Hz, 7 kW<\/td>\n<\/tr>\n<tr style=\"height: 15.00pt;\">\n<td class=\"et6\" style=\"height: 15pt; width: 99pt; text-align: center;\" width=\"132\" height=\"20\">Tama\u00f1o de la m\u00e1quina<\/td>\n<td class=\"et7\" style=\"width: 218.25pt; text-align: center;\" width=\"291\">Largo 800 x Ancho 960 x Alto 1880 (mm)<\/td>\n<\/tr>\n<\/tbody>\n<\/table>\n<p>&nbsp;<\/p>\n<p><a href=\"https:\/\/www.youtube.com\/@allaismt\" rel=\"nofollow noopener\" target=\"_blank\"><u>https:\/\/www.youtube.com\/@allaismt<\/u><\/a><\/p>\n<p>Para obtener m\u00e1s informaci\u00f3n sobre la m\u00e1quina de limpieza del m\u00f3dulo de c\u00e1mara, env\u00ede un correo electr\u00f3nico a<\/p>\n<p><a href=\"mailto:sophia@allaismt.com\"><u>sophia@allaismt.com<\/u><\/a><\/p>\n<p>Responderemos a su consulta a la brevedad y le proporcionaremos informaci\u00f3n detallada sobre nuestros productos y servicios.<\/p>","protected":false},"excerpt":{"rendered":"<p>Descripci\u00f3n: El <strong>SMT\u00a0Camera Module Cleaning Machine<\/strong> Es una soluci\u00f3n de limpieza avanzada dise\u00f1ada para garantizar que los componentes \u00f3pticos permanezcan libres de polvo y contaminaci\u00f3n durante el ensamblaje de precisi\u00f3n. Dise\u00f1ada para l\u00edneas de producci\u00f3n de im\u00e1genes modernas, integra tecnolog\u00edas de eliminaci\u00f3n de est\u00e1tica, extracci\u00f3n de part\u00edculas y limpieza multietapa para proteger los sensibles m\u00f3dulos de c\u00e1mara. Su flujo de trabajo automatizado mejora la estabilidad de la limpieza, optimiza el rendimiento y es compatible con una amplia gama de aplicaciones, como m\u00f3dulos para smartphones, c\u00e1maras automotrices y sistemas de visi\u00f3n industrial. Este equipo compacto pero potente proporciona un rendimiento de limpieza constante para entornos de fabricaci\u00f3n \u00f3ptica de alta resoluci\u00f3n.<\/p>\n<p>Cantidad m\u00ednima de pedido: 1 unidad<\/p>\n<p>Plazo de entrega: 15 d\u00edas<\/p>","protected":false},"featured_media":22621,"comment_status":"closed","ping_status":"closed","template":"","meta":[],"etheme_brands":[],"product_brand":[],"product_cat":[156],"product_tag":[],"class_list":{"0":"post-22620","1":"product","2":"type-product","3":"status-publish","4":"has-post-thumbnail","6":"product_cat-pcb-cleaning-machine","8":"first","9":"instock","10":"shipping-taxable","11":"product-type-simple"},"_links":{"self":[{"href":"https:\/\/esmte.com\/es\/wp-json\/wp\/v2\/product\/22620","targetHints":{"allow":["GET"]}}],"collection":[{"href":"https:\/\/esmte.com\/es\/wp-json\/wp\/v2\/product"}],"about":[{"href":"https:\/\/esmte.com\/es\/wp-json\/wp\/v2\/types\/product"}],"replies":[{"embeddable":true,"href":"https:\/\/esmte.com\/es\/wp-json\/wp\/v2\/comments?post=22620"}],"version-history":[{"count":1,"href":"https:\/\/esmte.com\/es\/wp-json\/wp\/v2\/product\/22620\/revisions"}],"predecessor-version":[{"id":23785,"href":"https:\/\/esmte.com\/es\/wp-json\/wp\/v2\/product\/22620\/revisions\/23785"}],"wp:featuredmedia":[{"embeddable":true,"href":"https:\/\/esmte.com\/es\/wp-json\/wp\/v2\/media\/22621"}],"wp:attachment":[{"href":"https:\/\/esmte.com\/es\/wp-json\/wp\/v2\/media?parent=22620"}],"wp:term":[{"taxonomy":"brand","embeddable":true,"href":"https:\/\/esmte.com\/es\/wp-json\/wp\/v2\/etheme_brands?post=22620"},{"taxonomy":"product_brand","embeddable":true,"href":"https:\/\/esmte.com\/es\/wp-json\/wp\/v2\/product_brand?post=22620"},{"taxonomy":"product_cat","embeddable":true,"href":"https:\/\/esmte.com\/es\/wp-json\/wp\/v2\/product_cat?post=22620"},{"taxonomy":"product_tag","embeddable":true,"href":"https:\/\/esmte.com\/es\/wp-json\/wp\/v2\/product_tag?post=22620"}],"curies":[{"name":"wp","href":"https:\/\/api.w.org\/{rel}","templated":true}]}}