{"id":22477,"date":"2025-11-29T02:19:09","date_gmt":"2025-11-29T02:19:09","guid":{"rendered":"https:\/\/esmte.com\/?post_type=product&#038;p=22477"},"modified":"2026-01-27T09:05:45","modified_gmt":"2026-01-27T09:05:45","slug":"pcb-change-edge-machine-yc-250","status":"publish","type":"product","link":"https:\/\/esmte.com\/es\/products\/pcb-change-edge-machine-yc-250\/","title":{"rendered":"M\u00e1quina de Cambio de Borde de PCB SMT YC-250\uff081\uff09"},"content":{"rendered":"<h2>Introducci\u00f3n<\/h2>\n<p data-start=\"120\" data-end=\"624\">El<strong> SMT\u00a0PCB Change Edge Machine YC-250<\/strong> Es un dispositivo de transferencia en l\u00ednea altamente eficiente, especialmente dise\u00f1ado para optimizar la orientaci\u00f3n del flujo de PCB en entornos de producci\u00f3n SMT modernos. A medida que las l\u00edneas de fabricaci\u00f3n se vuelven cada vez m\u00e1s compactas y diversificadas, la m\u00e1quina de cambio de cantos de PCB YC-250 ofrece una soluci\u00f3n flexible y precisa para ajustar la direcci\u00f3n de la placa sin necesidad de realizar grandes modificaciones en la l\u00ednea. Su dise\u00f1o mec\u00e1nico estable garantiza un movimiento suave y sin vibraciones, lo que permite una manipulaci\u00f3n uniforme de placas de diferentes dimensiones.<\/p>\n<p data-start=\"626\" data-end=\"1029\">Construido con durabilidad y confiabilidad operativa en mente, el<strong> SMT\u00a0PCB Change Edge Machine YC-250<\/strong> Cuenta con un bastidor reforzado, m\u00f3dulos transportadores de precisi\u00f3n y un sistema de control inteligente que facilita una sincronizaci\u00f3n perfecta con los equipos anteriores y posteriores. Esto permite que la m\u00e1quina funcione de forma continua en condiciones de producci\u00f3n exigentes, manteniendo una excelente precisi\u00f3n de transferencia y un tiempo de inactividad m\u00ednimo.<\/p>\n<p data-start=\"1031\" data-end=\"1508\">El YC-250 destaca por su interfaz intuitiva, que facilita la configuraci\u00f3n, los ajustes y el mantenimiento incluso para operadores noveles. Su dise\u00f1o compacto ayuda a las f\u00e1bricas a optimizar el espacio, mientras que su compatibilidad con m\u00faltiples especificaciones de PCB garantiza una mayor adaptabilidad de la l\u00ednea. Ya sea para redireccionar placas, optimizar el flujo de dise\u00f1o o mejorar la eficiencia del proceso, el YC-250 ofrece un rendimiento fiable adaptado a las necesidades de los fabricantes de electr\u00f3nica.<\/p>\n<p data-start=\"1510\" data-end=\"1719\">Con un equilibrio de estabilidad, flexibilidad y facilidad de integraci\u00f3n, el <strong>SMT\u00a0PCB Change Edge Machine YC-250<\/strong> es un complemento ideal para las l\u00edneas SMT que buscan una mayor agilidad operativa y una eficiencia de producci\u00f3n a largo plazo.<\/p>\n<p data-start=\"1510\" data-end=\"1719\"><img loading=\"lazy\" decoding=\"async\" class=\"aligncenter wp-image-22478\" src=\"https:\/\/esmte.com\/wp-content\/uploads\/2025\/11\/11-12.webp\" alt=\"SMT PCB Change Edge Machine YC-250\" width=\"605\" height=\"606\" srcset=\"https:\/\/esmte.com\/wp-content\/uploads\/2025\/11\/11-12.webp 1558w, https:\/\/esmte.com\/wp-content\/uploads\/2025\/11\/11-12-100x100.webp 100w, https:\/\/esmte.com\/wp-content\/uploads\/2025\/11\/11-12-600x601.webp 600w, https:\/\/esmte.com\/wp-content\/uploads\/2025\/11\/11-12-300x300.webp 300w, https:\/\/esmte.com\/wp-content\/uploads\/2025\/11\/11-12-1022x1024.webp 1022w, https:\/\/esmte.com\/wp-content\/uploads\/2025\/11\/11-12-150x150.webp 150w, https:\/\/esmte.com\/wp-content\/uploads\/2025\/11\/11-12-768x769.webp 768w, https:\/\/esmte.com\/wp-content\/uploads\/2025\/11\/11-12-1533x1536.webp 1533w, https:\/\/esmte.com\/wp-content\/uploads\/2025\/11\/11-12-1x1.webp 1w, https:\/\/esmte.com\/wp-content\/uploads\/2025\/11\/11-12-10x10.webp 10w\" sizes=\"auto, (max-width: 605px) 100vw, 605px\" \/><\/p>\n<h3>Caracter\u00edsticas principales<\/h3>\n<ul>\n<li data-start=\"218\" data-end=\"442\">\n<p data-start=\"220\" data-end=\"442\"><strong data-start=\"220\" data-end=\"256\">Ajuste suave de la direcci\u00f3n de la PCB:<\/strong> El YC-250 ofrece un rendimiento de cambio de borde estable y preciso, lo que permite redirigir las PCB sin esfuerzo dentro de las l\u00edneas de producci\u00f3n SMT mientras se mantiene una calidad de manipulaci\u00f3n constante.<\/p>\n<\/li>\n<li data-start=\"444\" data-end=\"654\">\n<p data-start=\"446\" data-end=\"654\"><strong data-start=\"446\" data-end=\"478\">Estructura mec\u00e1nica robusta:<\/strong> Dise\u00f1ada con un marco reforzado y unidades transportadoras accionadas con precisi\u00f3n, la m\u00e1quina garantiza confiabilidad operativa a largo plazo y una vibraci\u00f3n reducida durante la producci\u00f3n continua.<\/p>\n<\/li>\n<li data-start=\"656\" data-end=\"858\">\n<p data-start=\"658\" data-end=\"858\"><strong data-start=\"658\" data-end=\"689\">Compatibilidad de PCB flexible:<\/strong> Al admitir varios tama\u00f1os y espesores de PCB, el YC-250 se adapta f\u00e1cilmente a diferentes configuraciones de l\u00ednea, ofreciendo una excelente versatilidad para diversas necesidades de fabricaci\u00f3n.<\/p>\n<\/li>\n<li data-start=\"860\" data-end=\"1068\">\n<p data-start=\"862\" data-end=\"1068\"><strong data-start=\"862\" data-end=\"902\">F\u00e1cil integraci\u00f3n con equipos SMT:<\/strong> La m\u00e1quina se sincroniza suavemente con los sistemas ascendentes y descendentes, lo que permite un flujo de l\u00ednea continuo sin necesidad de ajustes complejos o equipos adicionales.<\/p>\n<\/li>\n<li data-start=\"1070\" data-end=\"1262\">\n<p data-start=\"1072\" data-end=\"1262\"><strong data-start=\"1072\" data-end=\"1100\">Operaci\u00f3n f\u00e1cil de usar:<\/strong> Equipado con una interfaz de control intuitiva, los operadores pueden ajustar r\u00e1pidamente los par\u00e1metros, realizar tareas de configuraci\u00f3n y completar el mantenimiento b\u00e1sico con una capacitaci\u00f3n m\u00ednima.<\/p>\n<\/li>\n<li data-start=\"1264\" data-end=\"1454\"><strong data-start=\"1266\" data-end=\"1290\">Dise\u00f1o que ahorra espacio:<\/strong> Su tama\u00f1o compacto ayuda a maximizar el uso de la planta de producci\u00f3n, lo que lo convierte en una opci\u00f3n ideal para entornos de producci\u00f3n de alta densidad que buscan una optimizaci\u00f3n eficiente del dise\u00f1o.<\/li>\n<\/ul>\n<p>&nbsp;<\/p>\n<h2>Presupuesto<\/h2>\n<table style=\"height: 254px;\" width=\"1377\">\n<tbody>\n<tr>\n<td style=\"text-align: center;\" width=\"124\">Modelo<\/td>\n<td style=\"text-align: center;\" width=\"168\">YC-250<\/td>\n<td style=\"text-align: center;\" width=\"164\">YC-330<\/td>\n<td style=\"text-align: center;\" width=\"164\">YC-390<\/td>\n<\/tr>\n<tr>\n<td style=\"text-align: center;\" width=\"124\">Dimensi\u00f3n (mm)<\/td>\n<td style=\"text-align: center;\" width=\"168\">1000*904*900<\/td>\n<td style=\"text-align: center;\" width=\"164\">1000*945*900<\/td>\n<td style=\"text-align: center;\" width=\"164\">1150*998*900<\/td>\n<\/tr>\n<tr>\n<td style=\"text-align: center;\" width=\"124\">Tama\u00f1o de PCB<\/td>\n<td style=\"text-align: center;\" width=\"168\">50*50-330*250<\/td>\n<td style=\"text-align: center;\" width=\"164\">50*50-445*330<\/td>\n<td style=\"text-align: center;\" width=\"164\">50*50-530*390<\/td>\n<\/tr>\n<tr>\n<td style=\"text-align: center;\" width=\"124\">Tiempo de ciclo<\/td>\n<td style=\"text-align: center;\" colspan=\"3\" width=\"496\">Aprox.4 segundos<\/td>\n<\/tr>\n<tr>\n<td style=\"text-align: center;\" width=\"124\">Sistema de control<\/td>\n<td style=\"text-align: center;\" colspan=\"3\" width=\"496\">SOCIEDAD AN\u00d3NIMA<\/td>\n<\/tr>\n<tr>\n<td style=\"text-align: center;\" width=\"124\">Comunicaci\u00f3n<\/td>\n<td style=\"text-align: center;\" colspan=\"3\" width=\"496\">SMEMA tanto para entrada como para salida<\/td>\n<\/tr>\n<tr>\n<td style=\"text-align: center;\" width=\"124\">Fuente de alimentaci\u00f3n<\/td>\n<td style=\"text-align: center;\" colspan=\"3\" width=\"496\">Monof\u00e1sico CA 220 V 50\/60 Hz<br \/>\n(Opci\u00f3n: 110 V a 380 V)<\/td>\n<\/tr>\n<tr>\n<td style=\"text-align: center;\" width=\"124\">Peso<\/td>\n<td style=\"text-align: center;\" width=\"168\">140 kilogramos<\/td>\n<td style=\"text-align: center;\" width=\"164\">160 kilogramos<\/td>\n<td style=\"text-align: center;\" width=\"164\">180 kilogramos<\/td>\n<\/tr>\n<\/tbody>\n<\/table>\n<p>&nbsp;<\/p>\n<p><a href=\"https:\/\/www.youtube.com\/@allaismt\" rel=\"nofollow noopener\" target=\"_blank\"><u>https:\/\/www.youtube.com\/@allaismt<\/u><\/a><\/p>\n<p>For more information about the <strong>M\u00e1quina de Cambio de Borde de PCB SMT YC-250\uff081\uff09<\/strong>, por favor env\u00ede un correo electr\u00f3nico a<\/p>\n<p><a href=\"mailto:sophia@allaismt.com\"><u>sophia@allaismt.com<\/u><\/a><\/p>\n<p>Responderemos a su consulta a la brevedad y le proporcionaremos informaci\u00f3n detallada sobre nuestros productos y servicios.<\/p>","protected":false},"excerpt":{"rendered":"<p>Descripci\u00f3n: El<strong> M\u00e1quina de Cambio de Borde de PCB SMT YC-250\uff081\uff09<\/strong> Es una soluci\u00f3n compacta y eficiente dise\u00f1ada para ajustar la direcci\u00f3n del flujo de PCB en las l\u00edneas de producci\u00f3n SMT. Dise\u00f1ado para un rendimiento estable, redirige las placas con fluidez para cumplir con los requisitos de dise\u00f1o sin interrumpir el rendimiento. Su robusta estructura, su fiable sistema de transferencia y su f\u00e1cil integraci\u00f3n lo convierten en la opci\u00f3n ideal para optimizar la flexibilidad de la l\u00ednea. Gracias a su f\u00e1cil manejo y compatibilidad con diversos tama\u00f1os de PCB, el YC-250 mejora la eficiencia de la producci\u00f3n a la vez que mantiene una calidad de manejo constante.<\/p>\n<p>Cantidad m\u00ednima de pedido: 1 unidad<\/p>\n<p>Plazo de entrega: 15 d\u00edas<\/p>","protected":false},"featured_media":22479,"comment_status":"closed","ping_status":"closed","template":"","meta":[],"etheme_brands":[],"product_brand":[],"product_cat":[144,131],"product_tag":[],"class_list":{"0":"post-22477","1":"product","2":"type-product","3":"status-publish","4":"has-post-thumbnail","6":"product_cat-pcb-handling-machine","7":"product_cat-smt-peripheral-equipment","9":"first","10":"instock","11":"shipping-taxable","12":"product-type-simple"},"_links":{"self":[{"href":"https:\/\/esmte.com\/es\/wp-json\/wp\/v2\/product\/22477","targetHints":{"allow":["GET"]}}],"collection":[{"href":"https:\/\/esmte.com\/es\/wp-json\/wp\/v2\/product"}],"about":[{"href":"https:\/\/esmte.com\/es\/wp-json\/wp\/v2\/types\/product"}],"replies":[{"embeddable":true,"href":"https:\/\/esmte.com\/es\/wp-json\/wp\/v2\/comments?post=22477"}],"version-history":[{"count":1,"href":"https:\/\/esmte.com\/es\/wp-json\/wp\/v2\/product\/22477\/revisions"}],"predecessor-version":[{"id":23820,"href":"https:\/\/esmte.com\/es\/wp-json\/wp\/v2\/product\/22477\/revisions\/23820"}],"wp:featuredmedia":[{"embeddable":true,"href":"https:\/\/esmte.com\/es\/wp-json\/wp\/v2\/media\/22479"}],"wp:attachment":[{"href":"https:\/\/esmte.com\/es\/wp-json\/wp\/v2\/media?parent=22477"}],"wp:term":[{"taxonomy":"brand","embeddable":true,"href":"https:\/\/esmte.com\/es\/wp-json\/wp\/v2\/etheme_brands?post=22477"},{"taxonomy":"product_brand","embeddable":true,"href":"https:\/\/esmte.com\/es\/wp-json\/wp\/v2\/product_brand?post=22477"},{"taxonomy":"product_cat","embeddable":true,"href":"https:\/\/esmte.com\/es\/wp-json\/wp\/v2\/product_cat?post=22477"},{"taxonomy":"product_tag","embeddable":true,"href":"https:\/\/esmte.com\/es\/wp-json\/wp\/v2\/product_tag?post=22477"}],"curies":[{"name":"wp","href":"https:\/\/api.w.org\/{rel}","templated":true}]}}