{"id":22471,"date":"2025-11-28T10:00:42","date_gmt":"2025-11-28T10:00:42","guid":{"rendered":"https:\/\/esmte.com\/?post_type=product&#038;p=22471"},"modified":"2026-01-27T09:05:56","modified_gmt":"2026-01-27T09:05:56","slug":"pcb-barcode-scanning-conveyor-ysc-390","status":"publish","type":"product","link":"https:\/\/esmte.com\/es\/products\/pcb-barcode-scanning-conveyor-ysc-390\/","title":{"rendered":"SMT PCB Barcode Scanning Conveyor YSC-390"},"content":{"rendered":"<h2>Introducci\u00f3n<\/h2>\n<p data-start=\"242\" data-end=\"694\">El<strong> SMT PCB Barcode Scanning Conveyor YSC-390<\/strong> Es un sistema transportador de alto rendimiento dise\u00f1ado para entornos de fabricaci\u00f3n de electr\u00f3nica moderna. Combina un transporte fluido de PCB con un escaneo preciso de c\u00f3digos de barras, lo que permite a los fabricantes rastrear cada placa con precisi\u00f3n durante todo el proceso de producci\u00f3n. Al capturar datos de c\u00f3digos de barras en tiempo real, el YSC-390 garantiza una trazabilidad completa, reduce errores y mejora la eficiencia del flujo de trabajo en las l\u00edneas de producci\u00f3n SMT.<\/p>\n<p data-start=\"696\" data-end=\"998\">Dise\u00f1ado para ser vers\u00e1til, el YSC-390 admite una amplia gama de tama\u00f1os y espesores de PCB, lo que lo hace ideal para diversos requisitos de ensamblaje. Su funcionamiento estable y fiable garantiza un transporte continuo y sin vibraciones, protegiendo los componentes delicados y manteniendo una alta velocidad de producci\u00f3n.<\/p>\n<p data-start=\"1000\" data-end=\"1305\">El transportador se integra a la perfecci\u00f3n con los sistemas de gesti\u00f3n de la f\u00e1brica, lo que permite la monitorizaci\u00f3n en tiempo real y una programaci\u00f3n optimizada de la producci\u00f3n. Esta integraci\u00f3n mejora el control de calidad, la gesti\u00f3n del inventario y la eficiencia general del proceso, ofreciendo a los fabricantes una mejor visi\u00f3n de cada etapa de la producci\u00f3n de PCB.<\/p>\n<p data-start=\"1307\" data-end=\"1640\">En general, el <strong>SMT PCB Barcode Scanning Conveyor YSC-390<\/strong> Es una soluci\u00f3n esencial para los fabricantes de electr\u00f3nica que buscan mejorar la automatizaci\u00f3n, la precisi\u00f3n y la eficiencia. Su combinaci\u00f3n de lectura precisa de c\u00f3digos de barras, compatibilidad vers\u00e1til e integraci\u00f3n inteligente de sistemas lo convierte en un componente clave de cualquier l\u00ednea de producci\u00f3n SMT moderna.<\/p>\n<p data-start=\"1307\" data-end=\"1640\"><img loading=\"lazy\" decoding=\"async\" class=\"aligncenter wp-image-22465\" src=\"https:\/\/esmte.com\/wp-content\/uploads\/2025\/11\/11-11.webp\" alt=\"SMT PCB Barcode Scanning Conveyor YSC-390\" width=\"556\" height=\"556\" srcset=\"https:\/\/esmte.com\/wp-content\/uploads\/2025\/11\/11-11.webp 2560w, https:\/\/esmte.com\/wp-content\/uploads\/2025\/11\/11-11-100x100.webp 100w, https:\/\/esmte.com\/wp-content\/uploads\/2025\/11\/11-11-600x600.webp 600w, https:\/\/esmte.com\/wp-content\/uploads\/2025\/11\/11-11-300x300.webp 300w, https:\/\/esmte.com\/wp-content\/uploads\/2025\/11\/11-11-1024x1024.webp 1024w, https:\/\/esmte.com\/wp-content\/uploads\/2025\/11\/11-11-150x150.webp 150w, https:\/\/esmte.com\/wp-content\/uploads\/2025\/11\/11-11-768x768.webp 768w, https:\/\/esmte.com\/wp-content\/uploads\/2025\/11\/11-11-1536x1536.webp 1536w, https:\/\/esmte.com\/wp-content\/uploads\/2025\/11\/11-11-2048x2048.webp 2048w, https:\/\/esmte.com\/wp-content\/uploads\/2025\/11\/11-11-1x1.webp 1w, https:\/\/esmte.com\/wp-content\/uploads\/2025\/11\/11-11-10x10.webp 10w\" sizes=\"auto, (max-width: 556px) 100vw, 556px\" \/><\/p>\n<h3>Caracter\u00edsticas principales<\/h3>\n<ul>\n<li data-start=\"172\" data-end=\"336\">\n<p data-start=\"175\" data-end=\"336\"><strong data-start=\"175\" data-end=\"200\">Seguimiento confiable de PCB<\/strong> \u2013 Garantiza que cada PCB est\u00e9 identificada y rastreada con precisi\u00f3n en toda la l\u00ednea de producci\u00f3n, mejorando la trazabilidad y el control del flujo de trabajo.<\/p>\n<\/li>\n<li data-start=\"337\" data-end=\"490\">\n<p data-start=\"340\" data-end=\"490\"><strong data-start=\"340\" data-end=\"376\">Rendimiento de transporte constante<\/strong> \u2013 Mantiene un transporte suave y constante de las PCB, lo que reduce el riesgo de que la placa se mueva o da\u00f1e durante el ensamblaje.<\/p>\n<\/li>\n<li data-start=\"491\" data-end=\"659\">\n<p data-start=\"494\" data-end=\"659\"><strong data-start=\"494\" data-end=\"521\">Manejo flexible de tableros<\/strong> \u2013 Capaz de adaptarse a diferentes dimensiones y espesores de PCB, lo que lo hace adecuado para una amplia gama de aplicaciones de fabricaci\u00f3n.<\/p>\n<\/li>\n<li data-start=\"660\" data-end=\"819\">\n<p data-start=\"663\" data-end=\"819\"><strong data-start=\"663\" data-end=\"702\">Integraci\u00f3n con sistemas de producci\u00f3n<\/strong> \u2013 Se puede vincular al software de f\u00e1brica para monitoreo, recopilaci\u00f3n de datos y optimizaci\u00f3n de procesos en toda la l\u00ednea SMT.<\/p>\n<\/li>\n<li data-start=\"820\" data-end=\"981\">\n<p data-start=\"823\" data-end=\"981\"><strong data-start=\"823\" data-end=\"855\">Dise\u00f1o duradero y eficiente<\/strong> \u2013 Construido con componentes robustos que garantizan confiabilidad a largo plazo minimizando el consumo de energ\u00eda y los costos operativos.<\/p>\n<\/li>\n<li data-start=\"982\" data-end=\"1138\">\n<p data-start=\"985\" data-end=\"1138\"><strong data-start=\"985\" data-end=\"1014\">Mantenimiento f\u00e1cil de usar<\/strong> \u2013 Dise\u00f1ado para un f\u00e1cil acceso y reemplazo modular de piezas, lo que permite un mantenimiento r\u00e1pido y reduce el tiempo de inactividad de la producci\u00f3n.<\/p>\n<\/li>\n<\/ul>\n<p>&nbsp;<\/p>\n<h2>Presupuesto<\/h2>\n<table style=\"border-collapse: collapse; width: 1379px; height: 415px;\" border=\"0\" width=\"633\" cellspacing=\"0\" cellpadding=\"0\">\n<tbody>\n<tr style=\"height: 15.00pt;\">\n<td class=\"et2\" style=\"height: 15pt; width: 90.75pt; text-align: center;\" width=\"121\" height=\"20\">Modelo<\/td>\n<td class=\"et3\" style=\"width: 127.5pt; text-align: center;\" width=\"170\">YSC-250<\/td>\n<td class=\"et3\" style=\"width: 128.25pt; text-align: center;\" width=\"171\">YSC-330<\/td>\n<td class=\"et4\" style=\"width: 128.25pt; text-align: center;\" width=\"171\">YSC-390<\/td>\n<\/tr>\n<tr style=\"height: 15.00pt;\">\n<td class=\"et5\" style=\"height: 15pt; width: 90.75pt; text-align: center;\" width=\"121\" height=\"20\">Dimensi\u00f3n (mm)<\/td>\n<td class=\"et6\" style=\"width: 127.5pt; text-align: center;\" width=\"170\">1000*964*1450<\/td>\n<td class=\"et6\" style=\"width: 128.25pt; text-align: center;\" width=\"171\">1000*964*1450<\/td>\n<td class=\"et7\" style=\"width: 128.25pt; text-align: center;\" width=\"171\">1000*964*1450<\/td>\n<\/tr>\n<tr style=\"height: 15.00pt;\">\n<td class=\"et5\" style=\"height: 15pt; width: 90.75pt; text-align: center;\" width=\"121\" height=\"20\">Tama\u00f1o de PCB (mm)<\/td>\n<td class=\"et6\" style=\"width: 127.5pt; text-align: center;\" width=\"170\">50*50-330*250<\/td>\n<td class=\"et6\" style=\"width: 128.25pt; text-align: center;\" width=\"171\">50*50-445*330<\/td>\n<td class=\"et7\" style=\"width: 128.25pt; text-align: center;\" width=\"171\">50*50-530*390<\/td>\n<\/tr>\n<tr style=\"height: 15.00pt;\">\n<td class=\"et8\" style=\"height: 15pt; width: 90.75pt; text-align: center;\" width=\"121\" height=\"20\">Tiempo de ciclo<\/td>\n<td class=\"et9\" style=\"width: 127.5pt; text-align: center;\" width=\"170\">Aprox.5 segundos<\/td>\n<td class=\"et9\" style=\"width: 128.25pt; text-align: center;\" width=\"171\">Aprox.5 segundos<\/td>\n<td class=\"et9\" style=\"width: 128.25pt; text-align: center;\" width=\"171\">Aprox.5 segundos<\/td>\n<\/tr>\n<tr style=\"height: 15.00pt;\">\n<td class=\"et5\" style=\"height: 15pt; width: 90.75pt; text-align: center;\" width=\"121\" height=\"20\">Sistema de control<\/td>\n<td class=\"et6\" style=\"width: 127.5pt; text-align: center;\" width=\"170\">SOCIEDAD AN\u00d3NIMA<\/td>\n<td class=\"et6\" style=\"width: 128.25pt; text-align: center;\" width=\"171\">SOCIEDAD AN\u00d3NIMA<\/td>\n<td class=\"et6\" style=\"width: 128.25pt; text-align: center;\" width=\"171\">SOCIEDAD AN\u00d3NIMA<\/td>\n<\/tr>\n<tr style=\"height: 15.00pt;\">\n<td class=\"et8\" style=\"height: 15pt; width: 90.75pt; text-align: center;\" width=\"121\" height=\"20\">Fuerza<\/td>\n<td class=\"et9\" style=\"width: 127.5pt; text-align: center;\" width=\"170\">M\u00e1ximo 250 VA<\/td>\n<td class=\"et9\" style=\"width: 128.25pt; text-align: center;\" width=\"171\">M\u00e1ximo 250 VA<\/td>\n<td class=\"et9\" style=\"width: 128.25pt; text-align: center;\" width=\"171\">M\u00e1ximo 250 VA<\/td>\n<\/tr>\n<tr style=\"height: 29.25pt;\">\n<td class=\"et8\" style=\"height: 29.25pt; width: 90.75pt; text-align: center;\" width=\"121\" height=\"39\">Altura de transporte<\/td>\n<td class=\"et9\" style=\"width: 127.5pt; text-align: center;\" width=\"170\">900 \u00b1 20 mm<br \/>\n(o especificado por el cliente)<\/td>\n<td class=\"et9\" style=\"width: 128.25pt; text-align: center;\" width=\"171\">900 \u00b1 20 mm<br \/>\n(o especificado por el cliente)<\/td>\n<td class=\"et9\" style=\"width: 128.25pt; text-align: center;\" width=\"171\">900 \u00b1 20 mm<br \/>\n(o especificado por el cliente)<\/td>\n<\/tr>\n<tr style=\"height: 15.00pt;\">\n<td class=\"et8\" style=\"height: 15pt; width: 90.75pt; text-align: center;\" width=\"121\" height=\"20\">Modo de transporte<\/td>\n<td class=\"et9\" style=\"width: 127.5pt; text-align: center;\" width=\"170\">Cintur\u00f3n antiest\u00e1tico de 4 mm<\/td>\n<td class=\"et9\" style=\"width: 128.25pt; text-align: center;\" width=\"171\">Cintur\u00f3n antiest\u00e1tico de 4 mm<\/td>\n<td class=\"et9\" style=\"width: 128.25pt; text-align: center;\" width=\"171\">Cintur\u00f3n antiest\u00e1tico de 4 mm<\/td>\n<\/tr>\n<tr style=\"height: 15.00pt;\">\n<td class=\"et8\" style=\"height: 15pt; width: 90.75pt; text-align: center;\" width=\"121\" height=\"20\">Direcci\u00f3n de PCB<\/td>\n<td class=\"et9\" style=\"width: 127.5pt; text-align: center;\" width=\"170\">De izquierda a derecha o de derecha a izquierda<\/td>\n<td class=\"et9\" style=\"width: 128.25pt; text-align: center;\" width=\"171\">De izquierda a derecha o de derecha a izquierda<\/td>\n<td class=\"et9\" style=\"width: 128.25pt; text-align: center;\" width=\"171\">De izquierda a derecha o de derecha a izquierda<\/td>\n<\/tr>\n<tr style=\"height: 15.00pt;\">\n<td class=\"et5\" style=\"height: 15pt; width: 90.75pt; text-align: center;\" width=\"121\" height=\"20\">Comunicaci\u00f3n<\/td>\n<td class=\"et6\" style=\"width: 127.5pt; text-align: center;\" width=\"170\">SMEMA para entrada y salida<\/td>\n<td class=\"et6\" style=\"width: 128.25pt; text-align: center;\" width=\"171\">SMEMA para entrada y salida<\/td>\n<td class=\"et6\" style=\"width: 128.25pt; text-align: center;\" width=\"171\">SMEMA para entrada y salida<\/td>\n<\/tr>\n<tr style=\"height: 29.25pt;\">\n<td class=\"et5\" style=\"height: 29.25pt; width: 90.75pt; text-align: center;\" width=\"121\" height=\"39\">Fuente de alimentaci\u00f3n<\/td>\n<td class=\"et6\" style=\"width: 127.5pt; text-align: center;\" width=\"170\">1 fase CA 220 V 50\/60 Hz (opci\u00f3n: 110 V a 380 V)<\/td>\n<td class=\"et6\" style=\"width: 128.25pt; text-align: center;\" width=\"171\">1 fase CA 220 V 50\/60 Hz (opci\u00f3n: 110 V a 380 V)<\/td>\n<td class=\"et6\" style=\"width: 128.25pt; text-align: center;\" width=\"171\">1 fase CA 220 V 50\/60 Hz (opci\u00f3n: 110 V a 380 V)<\/td>\n<\/tr>\n<tr style=\"height: 15.00pt;\">\n<td class=\"et10\" style=\"height: 15pt; width: 90.75pt; text-align: center;\" width=\"121\" height=\"20\">Peso<\/td>\n<td class=\"et10\" style=\"width: 127.5pt; text-align: center;\" width=\"170\">340 kilos<\/td>\n<td class=\"et10\" style=\"width: 128.25pt; text-align: center;\" width=\"171\">360 kilos<\/td>\n<td class=\"et10\" style=\"width: 128.25pt; text-align: center;\" width=\"171\">380 kilos<\/td>\n<\/tr>\n<\/tbody>\n<\/table>\n<p>&nbsp;<\/p>\n<p><a href=\"https:\/\/www.youtube.com\/@allaismt\" rel=\"nofollow noopener\" target=\"_blank\"><u>https:\/\/www.youtube.com\/@allaismt<\/u><\/a><\/p>\n<p>For more information about the <strong>SMT PCB Barcode Scanning Conveyor YSC-390<\/strong>, por favor env\u00ede un correo electr\u00f3nico a<\/p>\n<p><a href=\"mailto:sophia@allaismt.com\"><u>sophia@allaismt.com<\/u><\/a><\/p>\n<p>Responderemos a su consulta a la brevedad y le proporcionaremos informaci\u00f3n detallada sobre nuestros productos y servicios.<\/p>","protected":false},"excerpt":{"rendered":"<p>Descripci\u00f3n: El<strong> SMT PCB Barcode Scanning Conveyor YSC-390<\/strong> Es una soluci\u00f3n fiable y eficiente para la fabricaci\u00f3n de electr\u00f3nica moderna. Garantiza un transporte fluido y estable de PCB, a la vez que captura autom\u00e1ticamente la informaci\u00f3n de los c\u00f3digos de barras, lo que proporciona una recopilaci\u00f3n de datos precisa y una trazabilidad completa durante todo el proceso de producci\u00f3n. Dise\u00f1ado para adaptarse a diversos tama\u00f1os y espesores de PCB, el YSC-390 se integra a la perfecci\u00f3n en las l\u00edneas de montaje SMT. Su funcionamiento fiable reduce las interrupciones de la producci\u00f3n, optimiza la eficiencia del flujo de trabajo y facilita la gesti\u00f3n inteligente de la fabricaci\u00f3n, lo que lo convierte en un componente esencial para entornos de montaje de PCB automatizados y de alta precisi\u00f3n.<\/p>\n<p>Cantidad m\u00ednima de pedido: 1 unidad<\/p>\n<p>Plazo de entrega: 15 d\u00edas<\/p>","protected":false},"featured_media":22472,"comment_status":"closed","ping_status":"closed","template":"","meta":[],"etheme_brands":[],"product_brand":[],"product_cat":[144,131],"product_tag":[],"class_list":{"0":"post-22471","1":"product","2":"type-product","3":"status-publish","4":"has-post-thumbnail","6":"product_cat-pcb-handling-machine","7":"product_cat-smt-peripheral-equipment","9":"first","10":"instock","11":"shipping-taxable","12":"product-type-simple"},"_links":{"self":[{"href":"https:\/\/esmte.com\/es\/wp-json\/wp\/v2\/product\/22471","targetHints":{"allow":["GET"]}}],"collection":[{"href":"https:\/\/esmte.com\/es\/wp-json\/wp\/v2\/product"}],"about":[{"href":"https:\/\/esmte.com\/es\/wp-json\/wp\/v2\/types\/product"}],"replies":[{"embeddable":true,"href":"https:\/\/esmte.com\/es\/wp-json\/wp\/v2\/comments?post=22471"}],"version-history":[{"count":1,"href":"https:\/\/esmte.com\/es\/wp-json\/wp\/v2\/product\/22471\/revisions"}],"predecessor-version":[{"id":23822,"href":"https:\/\/esmte.com\/es\/wp-json\/wp\/v2\/product\/22471\/revisions\/23822"}],"wp:featuredmedia":[{"embeddable":true,"href":"https:\/\/esmte.com\/es\/wp-json\/wp\/v2\/media\/22472"}],"wp:attachment":[{"href":"https:\/\/esmte.com\/es\/wp-json\/wp\/v2\/media?parent=22471"}],"wp:term":[{"taxonomy":"brand","embeddable":true,"href":"https:\/\/esmte.com\/es\/wp-json\/wp\/v2\/etheme_brands?post=22471"},{"taxonomy":"product_brand","embeddable":true,"href":"https:\/\/esmte.com\/es\/wp-json\/wp\/v2\/product_brand?post=22471"},{"taxonomy":"product_cat","embeddable":true,"href":"https:\/\/esmte.com\/es\/wp-json\/wp\/v2\/product_cat?post=22471"},{"taxonomy":"product_tag","embeddable":true,"href":"https:\/\/esmte.com\/es\/wp-json\/wp\/v2\/product_tag?post=22471"}],"curies":[{"name":"wp","href":"https:\/\/api.w.org\/{rel}","templated":true}]}}