{"id":22409,"date":"2025-11-28T06:42:45","date_gmt":"2025-11-28T06:42:45","guid":{"rendered":"https:\/\/esmte.com\/?post_type=product&#038;p=22409"},"modified":"2026-01-27T09:10:47","modified_gmt":"2026-01-27T09:10:47","slug":"mini-size-loader-yml-250","status":"publish","type":"product","link":"https:\/\/esmte.com\/es\/products\/mini-size-loader-yml-250\/","title":{"rendered":"SMT Cargador de Tama\u00f1o Mini YML-250\uff081\uff09"},"content":{"rendered":"<h2>Introducci\u00f3n<\/h2>\n<p data-start=\"128\" data-end=\"608\">El <strong>SMT\u00a0Mini Size Loader YML-250<\/strong> Es una soluci\u00f3n compacta y de alta precisi\u00f3n para la manipulaci\u00f3n de PCB, dise\u00f1ada para mejorar la eficiencia en l\u00edneas de montaje SMT peque\u00f1as y medianas. Dise\u00f1ada para una carga de PCB fluida y fiable, la YML-250 garantiza una integraci\u00f3n perfecta con equipos anteriores y posteriores, como m\u00e1quinas de pick-and-place, hornos de reflujo y estaciones de inspecci\u00f3n. Su dise\u00f1o compacto ahorra valioso espacio en la planta de producci\u00f3n, manteniendo un rendimiento constante en la manipulaci\u00f3n de las placas.<\/p>\n<p data-start=\"610\" data-end=\"1120\">Equipado con configuraciones de ancho y altura ajustables, el <strong>SMT\u00a0Mini Size Loader YML-250<\/strong> Admite una variedad de tama\u00f1os de PCB, lo que lo hace ideal para entornos de fabricaci\u00f3n con alta diversidad. Su construcci\u00f3n con protecci\u00f3n ESD protege los componentes electr\u00f3nicos sensibles durante la transferencia, mientras que las gu\u00edas de precisi\u00f3n y un mecanismo de accionamiento estable garantizan una alineaci\u00f3n precisa en los procesos posteriores. Su dise\u00f1o modular facilita la instalaci\u00f3n, permite ajustes r\u00e1pidos y requiere poco mantenimiento, minimizando el tiempo de inactividad y facilitando la producci\u00f3n continua.<\/p>\n<p data-start=\"1122\" data-end=\"1520\">Ideal para fabricantes de productos electr\u00f3nicos que producen productos electr\u00f3nicos de consumo, componentes automotrices, placas LED y otras PCB de tama\u00f1o peque\u00f1o a mediano, el <strong>SMT\u00a0Mini Size Loader YML-250<\/strong> Mejora la eficiencia operativa, reduce la manipulaci\u00f3n manual y mejora la calidad general del producto. Al proporcionar una carga de PCB fiable y compacta, el YML-250 es un componente esencial para las l\u00edneas de producci\u00f3n SMT modernas y de alta eficiencia.<\/p>\n<p><img loading=\"lazy\" decoding=\"async\" class=\"aligncenter wp-image-22410\" src=\"https:\/\/esmte.com\/wp-content\/uploads\/2025\/11\/11-8-scaled.webp\" alt=\"SMT Mini Size Loader and Unloader YML-250\" width=\"552\" height=\"551\" srcset=\"https:\/\/esmte.com\/wp-content\/uploads\/2025\/11\/11-8-scaled.webp 2560w, https:\/\/esmte.com\/wp-content\/uploads\/2025\/11\/11-8-scaled-100x100.webp 100w, https:\/\/esmte.com\/wp-content\/uploads\/2025\/11\/11-8-scaled-600x598.webp 600w, https:\/\/esmte.com\/wp-content\/uploads\/2025\/11\/11-8-300x300.webp 300w, https:\/\/esmte.com\/wp-content\/uploads\/2025\/11\/11-8-1024x1021.webp 1024w, https:\/\/esmte.com\/wp-content\/uploads\/2025\/11\/11-8-150x150.webp 150w, https:\/\/esmte.com\/wp-content\/uploads\/2025\/11\/11-8-768x766.webp 768w, https:\/\/esmte.com\/wp-content\/uploads\/2025\/11\/11-8-1536x1532.webp 1536w, https:\/\/esmte.com\/wp-content\/uploads\/2025\/11\/11-8-2048x2042.webp 2048w, https:\/\/esmte.com\/wp-content\/uploads\/2025\/11\/11-8-1x1.webp 1w, https:\/\/esmte.com\/wp-content\/uploads\/2025\/11\/11-8-10x10.webp 10w\" sizes=\"auto, (max-width: 552px) 100vw, 552px\" \/><\/p>\n<p>&nbsp;<\/p>\n<h3>Caracter\u00edsticas principales<\/h3>\n<ul>\n<li data-start=\"138\" data-end=\"286\">\n<p data-start=\"141\" data-end=\"286\"><strong data-start=\"141\" data-end=\"176\">Dise\u00f1o compacto y que ahorra espacio<\/strong> \u2013 La estructura de tama\u00f1o mini optimiza el espacio en el piso de producci\u00f3n y al mismo tiempo permite operaciones de carga de PCB eficientes.<\/p>\n<\/li>\n<li data-start=\"287\" data-end=\"449\">\n<p data-start=\"290\" data-end=\"449\"><strong data-start=\"290\" data-end=\"328\">Manipulaci\u00f3n y alineaci\u00f3n precisas de PCB<\/strong> \u2013 Equipado con rieles gu\u00eda estables y mecanismos de accionamiento para garantizar un posicionamiento preciso de la placa para los procesos posteriores.<\/p>\n<\/li>\n<li data-start=\"450\" data-end=\"608\">\n<p data-start=\"453\" data-end=\"608\"><strong data-start=\"453\" data-end=\"489\">Ajustable para varios tama\u00f1os de PCB<\/strong> \u2013 Los ajustes flexibles de ancho y altura admiten PCB peque\u00f1os a medianos, lo que los hace adecuados para l\u00edneas de producci\u00f3n de alta mezcla.<\/p>\n<\/li>\n<li data-start=\"609\" data-end=\"748\">\n<p data-start=\"612\" data-end=\"748\"><strong data-start=\"612\" data-end=\"637\">Construcci\u00f3n segura contra ESD<\/strong> \u2013 El dise\u00f1o antiest\u00e1tico protege los componentes electr\u00f3nicos sensibles durante la transferencia, lo que garantiza la confiabilidad del producto.<\/p>\n<\/li>\n<li data-start=\"749\" data-end=\"916\">\n<p data-start=\"752\" data-end=\"916\"><strong data-start=\"752\" data-end=\"800\">Integraci\u00f3n perfecta con l\u00edneas de montaje SMT<\/strong> \u2013 Compatible con m\u00e1quinas de selecci\u00f3n y colocaci\u00f3n, hornos de reflujo y estaciones de inspecci\u00f3n para mantener un flujo de trabajo continuo.<\/p>\n<\/li>\n<li data-start=\"917\" data-end=\"1122\">\n<p data-start=\"920\" data-end=\"1122\"><strong data-start=\"920\" data-end=\"967\">Operaci\u00f3n f\u00e1cil de usar y de bajo mantenimiento<\/strong> \u2013 Los componentes modulares y las caracter\u00edsticas de f\u00e1cil acceso permiten ajustes r\u00e1pidos, mantenimiento r\u00e1pido y un tiempo de inactividad m\u00ednimo, lo que mejora la eficiencia general de la producci\u00f3n.<\/p>\n<\/li>\n<\/ul>\n<p>&nbsp;<\/p>\n<h2>Presupuesto<\/h2>\n<table style=\"border-collapse: collapse; width: 1373px; height: 347px;\" border=\"0\" width=\"559\" cellspacing=\"0\" cellpadding=\"0\">\n<tbody>\n<tr style=\"height: 15.00pt;\">\n<td class=\"et2\" style=\"height: 15pt; width: 93.75pt; text-align: center;\" width=\"125\" height=\"20\">Modelo<\/td>\n<td class=\"et3\" style=\"width: 81.75pt; text-align: center;\" width=\"109\">YML-250<\/td>\n<td class=\"et3\" style=\"width: 80.25pt; text-align: center;\" width=\"107\">YML-330<\/td>\n<td class=\"et3\" style=\"width: 82.5pt; text-align: center;\" width=\"110\">YML-390<\/td>\n<td class=\"et4\" style=\"width: 81pt; text-align: center;\" width=\"108\">YML-460<\/td>\n<\/tr>\n<tr style=\"height: 15.00pt;\">\n<td class=\"et5\" style=\"height: 15pt; width: 93.75pt; text-align: center;\" width=\"125\" height=\"20\">Dimensi\u00f3n (mm)<\/td>\n<td class=\"et6\" style=\"width: 81.75pt; text-align: center;\" width=\"109\">850*765*1250<\/td>\n<td class=\"et6\" style=\"width: 80.25pt; text-align: center;\" width=\"107\">1170*845*1250<\/td>\n<td class=\"et6\" style=\"width: 82.5pt; text-align: center;\" width=\"110\">1300*910*1250<\/td>\n<td class=\"et7\" style=\"width: 81pt; text-align: center;\" width=\"108\">1300*980*1250<\/td>\n<\/tr>\n<tr style=\"height: 15.00pt;\">\n<td class=\"et5\" style=\"height: 15pt; width: 93.75pt; text-align: center;\" width=\"125\" height=\"20\">Tama\u00f1o de PCB (mm)<\/td>\n<td class=\"et6\" style=\"width: 81.75pt; text-align: center;\" width=\"109\">50*80-330*250<\/td>\n<td class=\"et6\" style=\"width: 80.25pt; text-align: center;\" width=\"107\">50*80-445*330<\/td>\n<td class=\"et6\" style=\"width: 82.5pt; text-align: center;\" width=\"110\">50*80-530*390<\/td>\n<td class=\"et7\" style=\"width: 81pt; text-align: center;\" width=\"108\">50*80-530*460<\/td>\n<\/tr>\n<tr style=\"height: 15.00pt;\">\n<td class=\"et5\" style=\"height: 15pt; width: 93.75pt; text-align: center;\" width=\"125\" height=\"20\">Tama\u00f1o del bastidor (mm)<\/td>\n<td class=\"et6\" style=\"width: 81.75pt; text-align: center;\" width=\"109\">355*320*563<\/td>\n<td class=\"et6\" style=\"width: 80.25pt; text-align: center;\" width=\"107\">460*400*563<\/td>\n<td class=\"et6\" style=\"width: 82.5pt; text-align: center;\" width=\"110\">535*460*570<\/td>\n<td class=\"et7\" style=\"width: 81pt; text-align: center;\" width=\"108\">535*530*570<\/td>\n<\/tr>\n<tr style=\"height: 15.00pt;\">\n<td class=\"et5\" style=\"height: 15pt; width: 93.75pt; text-align: center;\" width=\"125\" height=\"20\">PCB de alimentaci\u00f3n temporal<\/td>\n<td class=\"et8\" style=\"width: 325.5pt; border-right: 1pt solid #cccccc; text-align: center;\" colspan=\"4\" width=\"434\">Segundos 6 Aprox. o Especificar<\/td>\n<\/tr>\n<tr style=\"height: 15.00pt;\">\n<td class=\"et5\" style=\"height: 15pt; width: 93.75pt; text-align: center;\" width=\"125\" height=\"20\">Paso de indexaci\u00f3n<\/td>\n<td class=\"et8\" style=\"width: 325.5pt; border-right: 1pt solid #cccccc; text-align: center;\" colspan=\"4\" width=\"434\">10,20,30,40 mm o especificar<\/td>\n<\/tr>\n<tr style=\"height: 15.00pt;\">\n<td class=\"et5\" style=\"height: 15pt; width: 93.75pt; text-align: center;\" width=\"125\" height=\"20\">Sistema de control<\/td>\n<td class=\"et8\" style=\"width: 325.5pt; border-right: 1pt solid #cccccc; text-align: center;\" colspan=\"4\" width=\"434\">SOCIEDAD AN\u00d3NIMA<\/td>\n<\/tr>\n<tr style=\"height: 15.00pt;\">\n<td class=\"et5\" style=\"height: 15pt; width: 93.75pt; text-align: center;\" width=\"125\" height=\"20\">Altura de transporte<\/td>\n<td class=\"et8\" style=\"width: 325.5pt; border-right: 1pt solid #cccccc; text-align: center;\" colspan=\"4\" width=\"434\">900 \u00b1 20 mm (o especificado por el cliente)<\/td>\n<\/tr>\n<tr style=\"height: 15.00pt;\">\n<td class=\"et5\" style=\"height: 15pt; width: 93.75pt; text-align: center;\" width=\"125\" height=\"20\">Direcci\u00f3n de PCB<\/td>\n<td class=\"et8\" style=\"width: 325.5pt; border-right: 1pt solid #cccccc; text-align: center;\" colspan=\"4\" width=\"434\">De izquierda a derecha o de derecha a izquierda<\/td>\n<\/tr>\n<tr style=\"height: 15.00pt;\">\n<td class=\"et5\" style=\"height: 15pt; width: 93.75pt; text-align: center;\" width=\"125\" height=\"20\">Comunicaci\u00f3n<\/td>\n<td class=\"et8\" style=\"width: 325.5pt; border-right: 1pt solid #cccccc; text-align: center;\" colspan=\"4\" width=\"434\">SMEMA para entrada y salida<\/td>\n<\/tr>\n<tr style=\"height: 15.00pt;\">\n<td class=\"et5\" style=\"height: 15pt; width: 93.75pt; text-align: center;\" width=\"125\" height=\"20\">Fuente de alimentaci\u00f3n<\/td>\n<td class=\"et8\" style=\"width: 325.5pt; border-right: 1pt solid #cccccc; text-align: center;\" colspan=\"4\" width=\"434\">1 fase CA 220 V 50\/60 Hz (opci\u00f3n: 110 V a 380 V)<\/td>\n<\/tr>\n<tr style=\"height: 15.00pt;\">\n<td class=\"et11\" style=\"height: 15pt; width: 93.75pt; text-align: center;\" width=\"125\" height=\"20\">Peso<\/td>\n<td class=\"et12\" style=\"width: 81.75pt; text-align: center;\" width=\"109\">120 kilogramos<\/td>\n<td class=\"et12\" style=\"width: 80.25pt; text-align: center;\" width=\"107\">180 kilogramos<\/td>\n<td class=\"et12\" style=\"width: 82.5pt; text-align: center;\" width=\"110\">220 kilogramos<\/td>\n<td class=\"et13\" style=\"width: 81pt; text-align: center;\" width=\"108\">280 kilogramos<\/td>\n<\/tr>\n<\/tbody>\n<\/table>\n<p>&nbsp;<\/p>\n<p><a href=\"https:\/\/www.youtube.com\/@allaismt\" rel=\"nofollow noopener\" target=\"_blank\"><u>https:\/\/www.youtube.com\/@allaismt<\/u><\/a><\/p>\n<p>For more information about the <strong>SMT Cargador de Tama\u00f1o Mini YML-250\uff081\uff09<\/strong>, por favor env\u00ede un correo electr\u00f3nico a<\/p>\n<p><a href=\"mailto:sophia@allaismt.com\"><u>sophia@allaismt.com<\/u><\/a><\/p>\n<p>Responderemos a su consulta a la brevedad y le proporcionaremos informaci\u00f3n detallada sobre nuestros productos y servicios.<\/p>","protected":false},"excerpt":{"rendered":"<p>Descripci\u00f3n: El<strong> SMT\u00a0Mini Size Loader YML-250<\/strong> Es una soluci\u00f3n compacta y eficiente para la manipulaci\u00f3n de PCB, dise\u00f1ada para l\u00edneas de montaje SMT peque\u00f1as y medianas. Permite la carga precisa y fluida de PCB, optimizando el flujo de trabajo y ahorrando valioso espacio en la planta de producci\u00f3n. Con configuraciones ajustables para diversos tama\u00f1os de placa, construcci\u00f3n con protecci\u00f3n ESD y f\u00e1cil manejo, el YML-250 garantiza un rendimiento fiable, reduce la manipulaci\u00f3n manual y mejora la eficiencia general de la producci\u00f3n en la fabricaci\u00f3n de electr\u00f3nica moderna.<\/p>\n<p>Cantidad m\u00ednima de pedido: 1 unidad<\/p>\n<p>Plazo de entrega: 15 d\u00edas<\/p>","protected":false},"featured_media":22411,"comment_status":"closed","ping_status":"closed","template":"","meta":[],"etheme_brands":[],"product_brand":[],"product_cat":[144,131],"product_tag":[],"class_list":{"0":"post-22409","1":"product","2":"type-product","3":"status-publish","4":"has-post-thumbnail","6":"product_cat-pcb-handling-machine","7":"product_cat-smt-peripheral-equipment","9":"first","10":"instock","11":"shipping-taxable","12":"product-type-simple"},"_links":{"self":[{"href":"https:\/\/esmte.com\/es\/wp-json\/wp\/v2\/product\/22409","targetHints":{"allow":["GET"]}}],"collection":[{"href":"https:\/\/esmte.com\/es\/wp-json\/wp\/v2\/product"}],"about":[{"href":"https:\/\/esmte.com\/es\/wp-json\/wp\/v2\/types\/product"}],"replies":[{"embeddable":true,"href":"https:\/\/esmte.com\/es\/wp-json\/wp\/v2\/comments?post=22409"}],"version-history":[{"count":1,"href":"https:\/\/esmte.com\/es\/wp-json\/wp\/v2\/product\/22409\/revisions"}],"predecessor-version":[{"id":23801,"href":"https:\/\/esmte.com\/es\/wp-json\/wp\/v2\/product\/22409\/revisions\/23801"}],"wp:featuredmedia":[{"embeddable":true,"href":"https:\/\/esmte.com\/es\/wp-json\/wp\/v2\/media\/22411"}],"wp:attachment":[{"href":"https:\/\/esmte.com\/es\/wp-json\/wp\/v2\/media?parent=22409"}],"wp:term":[{"taxonomy":"brand","embeddable":true,"href":"https:\/\/esmte.com\/es\/wp-json\/wp\/v2\/etheme_brands?post=22409"},{"taxonomy":"product_brand","embeddable":true,"href":"https:\/\/esmte.com\/es\/wp-json\/wp\/v2\/product_brand?post=22409"},{"taxonomy":"product_cat","embeddable":true,"href":"https:\/\/esmte.com\/es\/wp-json\/wp\/v2\/product_cat?post=22409"},{"taxonomy":"product_tag","embeddable":true,"href":"https:\/\/esmte.com\/es\/wp-json\/wp\/v2\/product_tag?post=22409"}],"curies":[{"name":"wp","href":"https:\/\/api.w.org\/{rel}","templated":true}]}}