{"id":22401,"date":"2025-11-28T03:54:57","date_gmt":"2025-11-28T03:54:57","guid":{"rendered":"https:\/\/esmte.com\/?post_type=product&#038;p=22401"},"modified":"2026-01-27T09:11:06","modified_gmt":"2026-01-27T09:11:06","slug":"led-cooling-vertical-buffer-yvb-1500","status":"publish","type":"product","link":"https:\/\/esmte.com\/es\/products\/led-cooling-vertical-buffer-yvb-1500\/","title":{"rendered":"SMT LED Multi Funci\u00f3n Enfriamiento Vertical Amortiguador YVB-1500\uff081\uff09"},"content":{"rendered":"<h2>Introducci\u00f3n<\/h2>\n<p data-start=\"182\" data-end=\"634\">El <strong>SMT<\/strong>\u00a0<strong>Buffer vertical de refrigeraci\u00f3n multifunci\u00f3n LED YVB-1500<\/strong> Es una soluci\u00f3n de vanguardia para el manejo de PCB, dise\u00f1ada para optimizar la refrigeraci\u00f3n, el almacenamiento y el transporte en l\u00edneas de ensamblaje y producci\u00f3n de LED. Su estructura vertical multinivel maximiza el uso del espacio, a la vez que proporciona un movimiento fluido y estable de las PCB. Este dise\u00f1o garantiza una refrigeraci\u00f3n uniforme en todas las placas, previniendo eficazmente el estr\u00e9s t\u00e9rmico y posibles da\u00f1os a los componentes LED sensibles.<\/p>\n<p data-start=\"636\" data-end=\"1093\">Equipado con niveles ajustables y un control preciso de velocidad, el YVB-1500 admite una amplia gama de tama\u00f1os de PCB LED, lo que lo hace ideal para entornos de producci\u00f3n de gran volumen y alta diversidad. Su dise\u00f1o multifunci\u00f3n integra refrigeraci\u00f3n, almacenamiento temporal y alineaci\u00f3n precisa de PCB en un \u00fanico sistema compacto, lo que permite una sincronizaci\u00f3n perfecta con equipos anteriores y posteriores, como m\u00e1quinas de soldadura, sistemas de selecci\u00f3n y colocaci\u00f3n y estaciones de inspecci\u00f3n.<\/p>\n<p data-start=\"1095\" data-end=\"1451\">Constructed with durable, heat-resistant materials and ESD-safe features, the <strong>YVB-1500<\/strong> protects sensitive electronic components throughout the production process. Its modular layout and user-friendly interface facilitate easy operation, quick adjustments, and low-maintenance requirements, reducing downtime and ensuring continuous production efficiency.<\/p>\n<p data-start=\"1453\" data-end=\"1898\">Adecuado para iluminaci\u00f3n LED, electr\u00f3nica de consumo, electr\u00f3nica automotriz y ensamblaje de electr\u00f3nica de potencia, el <strong>SMT\u00a0LED Multi Function Cooling Vertical Buffer YVB-1500<\/strong> Mejora la eficiencia del flujo de trabajo, optimiza la calidad de la soldadura y el ensamblaje, y contribuye a una l\u00ednea de fabricaci\u00f3n m\u00e1s fiable y productiva. Al combinar las funciones de refrigeraci\u00f3n, almacenamiento intermedio y transporte en un sistema compacto, es una soluci\u00f3n esencial para la fabricaci\u00f3n moderna de PCB LED.<\/p>\n<p data-start=\"1453\" data-end=\"1898\"><img loading=\"lazy\" decoding=\"async\" class=\"aligncenter wp-image-22398\" src=\"https:\/\/esmte.com\/wp-content\/uploads\/2025\/11\/1-scaled.webp\" alt=\"SMT LED Multi Function Cooling Vertical Buffer YVB-1500\" width=\"595\" height=\"595\" srcset=\"https:\/\/esmte.com\/wp-content\/uploads\/2025\/11\/1-scaled.webp 2560w, https:\/\/esmte.com\/wp-content\/uploads\/2025\/11\/1-scaled-100x100.webp 100w, https:\/\/esmte.com\/wp-content\/uploads\/2025\/11\/1-scaled-600x600.webp 600w, https:\/\/esmte.com\/wp-content\/uploads\/2025\/11\/1-300x300.webp 300w, https:\/\/esmte.com\/wp-content\/uploads\/2025\/11\/1-1024x1024.webp 1024w, https:\/\/esmte.com\/wp-content\/uploads\/2025\/11\/1-150x150.webp 150w, https:\/\/esmte.com\/wp-content\/uploads\/2025\/11\/1-768x768.webp 768w, https:\/\/esmte.com\/wp-content\/uploads\/2025\/11\/1-1536x1536.webp 1536w, https:\/\/esmte.com\/wp-content\/uploads\/2025\/11\/1-2048x2048.webp 2048w, https:\/\/esmte.com\/wp-content\/uploads\/2025\/11\/1-1x1.webp 1w, https:\/\/esmte.com\/wp-content\/uploads\/2025\/11\/1-10x10.webp 10w\" sizes=\"auto, (max-width: 595px) 100vw, 595px\" \/><\/p>\n<h3>Caracter\u00edsticas principales<\/h3>\n<ul>\n<li data-start=\"185\" data-end=\"331\">\n<p data-start=\"188\" data-end=\"331\"><strong data-start=\"188\" data-end=\"248\">Dise\u00f1o vertical de varios niveles para ahorrar espacio en el almacenamiento de PCB<\/strong> \u2013 Optimiza el espacio de la f\u00e1brica al tiempo que permite un transporte fluido de PCB multicapa.<\/p>\n<\/li>\n<li data-start=\"332\" data-end=\"475\">\n<p data-start=\"335\" data-end=\"475\"><strong data-start=\"335\" data-end=\"376\">Refrigeraci\u00f3n uniforme en todas las capas de PCB<\/strong> \u2013 Garantiza un control de temperatura constante, evitando da\u00f1os t\u00e9rmicos a los componentes LED sensibles.<\/p>\n<\/li>\n<li data-start=\"476\" data-end=\"610\">\n<p data-start=\"479\" data-end=\"610\"><strong data-start=\"479\" data-end=\"528\">Niveles ajustables para manejar varios tama\u00f1os de PCB<\/strong> \u2013 La configuraci\u00f3n flexible admite l\u00edneas de producci\u00f3n de modelos mixtos y de gran volumen.<\/p>\n<\/li>\n<li data-start=\"611\" data-end=\"756\">\n<p data-start=\"614\" data-end=\"756\"><strong data-start=\"614\" data-end=\"675\">Sistema multifunci\u00f3n integrado para una producci\u00f3n eficiente<\/strong> \u2013 Combina refrigeraci\u00f3n, almacenamiento temporal y alineaci\u00f3n precisa de PCB en una sola unidad.<\/p>\n<\/li>\n<li data-start=\"757\" data-end=\"893\">\n<p data-start=\"760\" data-end=\"893\"><strong data-start=\"760\" data-end=\"807\">Construcci\u00f3n segura contra ESD para proteger los componentes<\/strong> \u2013 El dise\u00f1o antiest\u00e1tico minimiza el riesgo de descarga electrost\u00e1tica durante la manipulaci\u00f3n.<\/p>\n<\/li>\n<li data-start=\"894\" data-end=\"1044\">\n<p data-start=\"897\" data-end=\"1044\"><strong data-start=\"897\" data-end=\"951\">Interfaz f\u00e1cil de usar y dise\u00f1o de bajo mantenimiento<\/strong> \u2013 Los componentes modulares permiten ajustes r\u00e1pidos y reducen el tiempo de inactividad para un funcionamiento continuo.<\/p>\n<\/li>\n<\/ul>\n<p>&nbsp;<\/p>\n<h2>Presupuesto<\/h2>\n<table style=\"height: 417px;\" width=\"1375\">\n<tbody>\n<tr>\n<td style=\"text-align: center;\" width=\"118\">Modelo<\/td>\n<td style=\"text-align: center;\" width=\"304\">YVB-1500<\/td>\n<\/tr>\n<tr>\n<td style=\"text-align: center;\" width=\"118\">Dimensi\u00f3n (mm)<\/td>\n<td style=\"text-align: center;\" width=\"304\">1500*1500*1780<\/td>\n<\/tr>\n<tr>\n<td style=\"text-align: center;\" width=\"118\">Tama\u00f1o de PCB (mm)<\/td>\n<td style=\"text-align: center;\" width=\"304\">50*50-1200*350<\/td>\n<\/tr>\n<tr>\n<td style=\"text-align: center;\" width=\"118\">Tiempo de ciclo<\/td>\n<td style=\"text-align: center;\" width=\"304\">Aprox. 10 segundos<\/td>\n<\/tr>\n<tr>\n<td style=\"text-align: center;\" width=\"118\">Capacidad de PCB<\/td>\n<td style=\"text-align: center;\" width=\"304\">15 piezas o especificar<\/td>\n<\/tr>\n<tr>\n<td style=\"text-align: center;\" width=\"118\">Sistema de control<\/td>\n<td style=\"text-align: center;\" width=\"304\">SOCIEDAD AN\u00d3NIMA<\/td>\n<\/tr>\n<tr>\n<td style=\"text-align: center;\" width=\"118\">Fuerza<\/td>\n<td style=\"text-align: center;\" width=\"304\">M\u00e1ximo 250 VA<\/td>\n<\/tr>\n<tr>\n<td style=\"text-align: center;\" width=\"118\">Altura de transporte<\/td>\n<td style=\"text-align: center;\" width=\"304\">900 \u00b1 20 mm (o especificado por el cliente)<\/td>\n<\/tr>\n<tr>\n<td style=\"text-align: center;\" width=\"118\">Direcci\u00f3n de PCB<\/td>\n<td style=\"text-align: center;\" width=\"304\">De izquierda a derecha o de derecha a izquierda<\/td>\n<\/tr>\n<tr>\n<td style=\"text-align: center;\" width=\"118\">Comunicaci\u00f3n<\/td>\n<td style=\"text-align: center;\" width=\"304\">SMEMA para entrada y salida<\/td>\n<\/tr>\n<tr>\n<td style=\"text-align: center;\" width=\"118\">Fuente de alimentaci\u00f3n<\/td>\n<td style=\"text-align: center;\" width=\"304\">1 fase CA 220 V 50\/60 Hz (opci\u00f3n: 110 V a 380 V)<\/td>\n<\/tr>\n<tr>\n<td style=\"text-align: center;\" width=\"118\">Peso<\/td>\n<td style=\"text-align: center;\" width=\"304\">350 kilos<\/td>\n<\/tr>\n<\/tbody>\n<\/table>\n<p>&nbsp;<\/p>\n<p><a href=\"https:\/\/www.youtube.com\/@allaismt\" rel=\"nofollow noopener\" target=\"_blank\"><u>https:\/\/www.youtube.com\/@allaismt<\/u><\/a><\/p>\n<p>For more information about the <strong>SMT LED Multi Funci\u00f3n Enfriamiento Vertical Amortiguador YVB-1500\uff081\uff09<\/strong>, por favor env\u00ede un correo electr\u00f3nico a<\/p>\n<p><a href=\"mailto:sophia@allaismt.com\"><u>sophia@allaismt.com<\/u><\/a><\/p>\n<p>Responderemos a su consulta a la brevedad y le proporcionaremos informaci\u00f3n detallada sobre nuestros productos y servicios.<\/p>","protected":false},"excerpt":{"rendered":"<p>Descripci\u00f3n: El <strong>SMT<\/strong>\u00a0<strong>Buffer vertical de refrigeraci\u00f3n multifunci\u00f3n LED YVB-1500<\/strong> Es un sistema vers\u00e1til de manipulaci\u00f3n de PCB dise\u00f1ado para optimizar la refrigeraci\u00f3n, el almacenamiento y el transporte en l\u00edneas de montaje de LED. Su estructura vertical multinivel maximiza la eficiencia del espacio, a la vez que garantiza un movimiento fluido y estable de la PCB. Equipado con un control preciso de temperatura y zonas de amortiguaci\u00f3n multinivel, proporciona una refrigeraci\u00f3n uniforme y previene da\u00f1os t\u00e9rmicos en componentes sensibles. Con una construcci\u00f3n con protecci\u00f3n ESD, niveles ajustables y un funcionamiento intuitivo, el YVB-1500 mejora la eficiencia de la producci\u00f3n, optimiza la calidad de la soldadura de LED y facilita el flujo de trabajo continuo en la fabricaci\u00f3n de electr\u00f3nica moderna.<\/p>\n<p>Cantidad m\u00ednima de pedido: 1 unidad<\/p>\n<p>Plazo de entrega: 15 d\u00edas<\/p>","protected":false},"featured_media":22403,"comment_status":"closed","ping_status":"closed","template":"","meta":[],"etheme_brands":[],"product_brand":[],"product_cat":[144,131],"product_tag":[],"class_list":{"0":"post-22401","1":"product","2":"type-product","3":"status-publish","4":"has-post-thumbnail","6":"product_cat-pcb-handling-machine","7":"product_cat-smt-peripheral-equipment","9":"first","10":"instock","11":"shipping-taxable","12":"product-type-simple"},"_links":{"self":[{"href":"https:\/\/esmte.com\/es\/wp-json\/wp\/v2\/product\/22401","targetHints":{"allow":["GET"]}}],"collection":[{"href":"https:\/\/esmte.com\/es\/wp-json\/wp\/v2\/product"}],"about":[{"href":"https:\/\/esmte.com\/es\/wp-json\/wp\/v2\/types\/product"}],"replies":[{"embeddable":true,"href":"https:\/\/esmte.com\/es\/wp-json\/wp\/v2\/comments?post=22401"}],"version-history":[{"count":1,"href":"https:\/\/esmte.com\/es\/wp-json\/wp\/v2\/product\/22401\/revisions"}],"predecessor-version":[{"id":23803,"href":"https:\/\/esmte.com\/es\/wp-json\/wp\/v2\/product\/22401\/revisions\/23803"}],"wp:featuredmedia":[{"embeddable":true,"href":"https:\/\/esmte.com\/es\/wp-json\/wp\/v2\/media\/22403"}],"wp:attachment":[{"href":"https:\/\/esmte.com\/es\/wp-json\/wp\/v2\/media?parent=22401"}],"wp:term":[{"taxonomy":"brand","embeddable":true,"href":"https:\/\/esmte.com\/es\/wp-json\/wp\/v2\/etheme_brands?post=22401"},{"taxonomy":"product_brand","embeddable":true,"href":"https:\/\/esmte.com\/es\/wp-json\/wp\/v2\/product_brand?post=22401"},{"taxonomy":"product_cat","embeddable":true,"href":"https:\/\/esmte.com\/es\/wp-json\/wp\/v2\/product_cat?post=22401"},{"taxonomy":"product_tag","embeddable":true,"href":"https:\/\/esmte.com\/es\/wp-json\/wp\/v2\/product_tag?post=22401"}],"curies":[{"name":"wp","href":"https:\/\/api.w.org\/{rel}","templated":true}]}}