{"id":22223,"date":"2025-11-26T06:49:32","date_gmt":"2025-11-26T06:49:32","guid":{"rendered":"https:\/\/esmte.com\/?post_type=product&#038;p=22223"},"modified":"2026-01-14T02:06:56","modified_gmt":"2026-01-14T02:06:56","slug":"automatic-pcb-folding-loader-yfl-l995","status":"publish","type":"product","link":"https:\/\/esmte.com\/es\/products\/automatic-pcb-folding-loader-yfl-l995\/","title":{"rendered":"Automatic SMT PCB Folding Loader YFL-L995"},"content":{"rendered":"<h2>Introducci\u00f3n<\/h2>\n<p data-start=\"202\" data-end=\"561\">En el acelerado entorno de fabricaci\u00f3n de productos electr\u00f3nicos actual, el manejo eficiente y preciso de PCB es esencial para mantener altos est\u00e1ndares de productividad y calidad. <strong data-start=\"373\" data-end=\"414\">Automatic SMT PCB Folding Loader YFL-L995<\/strong> est\u00e1 dise\u00f1ado para optimizar la carga de PCB en las l\u00edneas de producci\u00f3n SMT, ofreciendo una automatizaci\u00f3n confiable que reduce el trabajo manual y garantiza un flujo de trabajo fluido.<\/p>\n<p data-start=\"563\" data-end=\"916\">La YFL-L995 cuenta con un avanzado mecanismo de plegado autom\u00e1tico que permite la carga precisa y estable de PCB en la l\u00ednea de producci\u00f3n. Esto ayuda a minimizar los da\u00f1os en las placas, mantener un rendimiento constante y mejorar la eficiencia general de la l\u00ednea. Su dise\u00f1o admite una amplia gama de tama\u00f1os de PCB, lo que proporciona versatilidad para satisfacer diversas necesidades de fabricaci\u00f3n.<\/p>\n<p data-start=\"918\" data-end=\"1254\">Fabricada con materiales duraderos y una estructura robusta, la YFL-L995 garantiza un rendimiento fiable incluso en funcionamiento continuo. Su dise\u00f1o compacto permite una integraci\u00f3n perfecta en las l\u00edneas SMT existentes, mientras que su interfaz intuitiva simplifica la operaci\u00f3n y el mantenimiento, reduciendo el tiempo de inactividad y aumentando la eficiencia de la producci\u00f3n.<\/p>\n<p data-start=\"1256\" data-end=\"1539\">Al implementar la <strong data-start=\"1276\" data-end=\"1317\">Automatic SMT PCB Folding Loader YFL-L995<\/strong>, Los fabricantes pueden lograr transiciones de PCB m\u00e1s fluidas, mayor rendimiento y un funcionamiento fiable. Es una soluci\u00f3n ideal para f\u00e1bricas de electr\u00f3nica que buscan equipos de carga de PCB precisos, de alto rendimiento y eficientes.<\/p>\n<p><img loading=\"lazy\" decoding=\"async\" class=\"aligncenter wp-image-22214\" src=\"https:\/\/esmte.com\/wp-content\/uploads\/2025\/11\/11-2-scaled.webp\" alt=\"Automatic SMT PCB Folding Loader YFL-L995\" width=\"503\" height=\"503\" srcset=\"https:\/\/esmte.com\/wp-content\/uploads\/2025\/11\/11-2-scaled.webp 2560w, https:\/\/esmte.com\/wp-content\/uploads\/2025\/11\/11-2-scaled-100x100.webp 100w, https:\/\/esmte.com\/wp-content\/uploads\/2025\/11\/11-2-scaled-600x600.webp 600w, https:\/\/esmte.com\/wp-content\/uploads\/2025\/11\/11-2-300x300.webp 300w, https:\/\/esmte.com\/wp-content\/uploads\/2025\/11\/11-2-1024x1024.webp 1024w, https:\/\/esmte.com\/wp-content\/uploads\/2025\/11\/11-2-150x150.webp 150w, https:\/\/esmte.com\/wp-content\/uploads\/2025\/11\/11-2-768x768.webp 768w, https:\/\/esmte.com\/wp-content\/uploads\/2025\/11\/11-2-1536x1536.webp 1536w, https:\/\/esmte.com\/wp-content\/uploads\/2025\/11\/11-2-2048x2048.webp 2048w, https:\/\/esmte.com\/wp-content\/uploads\/2025\/11\/11-2-1x1.webp 1w, https:\/\/esmte.com\/wp-content\/uploads\/2025\/11\/11-2-10x10.webp 10w\" sizes=\"auto, (max-width: 503px) 100vw, 503px\" \/><\/p>\n<h3>Caracter\u00edsticas principales<\/h3>\n<ul class=\"auto-hide-last-sibling-br\">\n<li>Incorpora control adaptativo impulsado por IA para ajustar los par\u00e1metros seg\u00fan las condiciones de la PCB en tiempo real.<\/li>\n<li>Equipado con HMI de pantalla t\u00e1ctil para una operaci\u00f3n intuitiva y almacenamiento de programas personalizados (hasta m\u00e1s de 100 recetas).<\/li>\n<li>Admite monitoreo y control remoto a trav\u00e9s de aplicaciones m\u00f3viles\/de escritorio para una gesti\u00f3n conveniente de procesos.<\/li>\n<li>Las alertas de mantenimiento predictivo reducen el tiempo de inactividad inesperado al monitorear el desgaste de los componentes.<\/li>\n<li>Integraci\u00f3n de sistemas de visi\u00f3n para identificaci\u00f3n autom\u00e1tica de PCB y detecci\u00f3n de errores.<\/li>\n<li>Capacidades de registro de datos para la trazabilidad de procesos y el cumplimiento del control de calidad.<\/li>\n<\/ul>\n<p>&nbsp;<\/p>\n<h2>Presupuesto<\/h2>\n<table style=\"border-collapse: collapse; width: 1377px; height: 173px;\" border=\"0\" width=\"462\" cellspacing=\"0\" cellpadding=\"0\">\n<tbody>\n<tr style=\"height: 15.75pt;\">\n<td class=\"et2\" style=\"height: 15.75pt; width: 90pt; text-align: center;\" width=\"120\" height=\"21\">Modelo<\/td>\n<td class=\"et3\" style=\"width: 138pt; text-align: center;\" width=\"184\">YFL-M855<\/td>\n<td class=\"et4\" style=\"width: 118.5pt; text-align: center;\" width=\"158\">YFL-L995<\/td>\n<\/tr>\n<tr style=\"height: 15.75pt;\">\n<td class=\"et5\" style=\"height: 15.75pt; width: 90pt; text-align: center;\" width=\"120\" height=\"21\">Dimensi\u00f3n (mm)<\/td>\n<td class=\"et6\" style=\"width: 138pt; text-align: center;\" width=\"184\">1850*855*1250<\/td>\n<td class=\"et7\" style=\"width: 118.5pt; text-align: center;\" width=\"158\">2320*995*1250<\/td>\n<\/tr>\n<tr style=\"height: 15.75pt;\">\n<td class=\"et5\" style=\"height: 15.75pt; width: 90pt; text-align: center;\" width=\"120\" height=\"21\">Tama\u00f1o de PCB (mm)<\/td>\n<td class=\"et6\" style=\"width: 138pt; text-align: center;\" width=\"184\">50*80-330*250<\/td>\n<td class=\"et7\" style=\"width: 118.5pt; text-align: center;\" width=\"158\">50*80-460*390<\/td>\n<\/tr>\n<tr style=\"height: 15.75pt;\">\n<td class=\"et5\" style=\"height: 15.75pt; width: 90pt; text-align: center;\" width=\"120\" height=\"21\">Capacidad de PCB<\/td>\n<td class=\"et6\" style=\"width: 256.5pt; text-align: center;\" colspan=\"2\" width=\"342\">400 piezas (PCB de 0,6 mm de espesor)<\/td>\n<\/tr>\n<tr style=\"height: 15.75pt;\">\n<td class=\"et5\" style=\"height: 15.75pt; width: 90pt; text-align: center;\" width=\"120\" height=\"21\">Sistema de control<\/td>\n<td class=\"et6\" style=\"width: 256.5pt; text-align: center;\" colspan=\"2\" width=\"342\">SOCIEDAD AN\u00d3NIMA<\/td>\n<\/tr>\n<tr style=\"height: 15.75pt;\">\n<td class=\"et5\" style=\"height: 15.75pt; width: 90pt; text-align: center;\" width=\"120\" height=\"21\">Fuente de alimentaci\u00f3n<\/td>\n<td class=\"et6\" style=\"width: 256.5pt; text-align: center;\" colspan=\"2\" width=\"342\">1 fase CA 220 V 50\/60 Hz (opci\u00f3n: 110 V a 380 V)<\/td>\n<\/tr>\n<tr style=\"height: 15.75pt;\">\n<td class=\"et8\" style=\"height: 15.75pt; width: 90pt; text-align: center;\" width=\"120\" height=\"21\">Peso<\/td>\n<td class=\"et9\" style=\"width: 138pt; text-align: center;\" width=\"184\">200 kilos<\/td>\n<td class=\"et10\" style=\"width: 118.5pt; text-align: center;\" width=\"158\">260 kilogramos<\/td>\n<\/tr>\n<\/tbody>\n<\/table>\n<p>&nbsp;<\/p>\n<p><a href=\"https:\/\/www.youtube.com\/@allaismt\" rel=\"nofollow noopener\" target=\"_blank\"><u>https:\/\/www.youtube.com\/@allaismt<\/u><\/a><\/p>\n<p>Para obtener m\u00e1s informaci\u00f3n sobre el cargador plegable autom\u00e1tico de PCB YFL-M855, env\u00ede un correo electr\u00f3nico a<\/p>\n<p><a href=\"mailto:sophia@allaismt.com\"><u>sophia@allaismt.com<\/u><\/a><\/p>\n<p>Responderemos a su consulta a la brevedad y le proporcionaremos informaci\u00f3n detallada sobre nuestros productos y servicios.<\/p>","protected":false},"excerpt":{"rendered":"<p>Descripci\u00f3n: El <strong data-start=\"101\" data-end=\"142\">Automatic SMT PCB Folding Loader YFL-L995<\/strong> Es un sistema de carga de alta eficiencia dise\u00f1ado para l\u00edneas de producci\u00f3n SMT. Incorpora un mecanismo de plegado autom\u00e1tico que permite una carga de PCB suave y precisa, reduciendo la manipulaci\u00f3n manual y mejorando la eficiencia del flujo de trabajo. El YFL-M855 admite una amplia gama de tama\u00f1os de PCB y garantiza un funcionamiento estable y sin da\u00f1os. Su dise\u00f1o compacto permite una f\u00e1cil integraci\u00f3n en l\u00edneas SMT existentes, lo que lo convierte en la soluci\u00f3n ideal para fabricantes de electr\u00f3nica que buscan equipos de carga de PCB fiables y de alto rendimiento.<\/p>\n<p>Cantidad m\u00ednima de pedido: 1 unidad<\/p>\n<p>Plazo de entrega: 15 d\u00edas<\/p>","protected":false},"featured_media":22215,"comment_status":"closed","ping_status":"closed","template":"","meta":[],"etheme_brands":[],"product_brand":[],"product_cat":[144],"product_tag":[],"class_list":{"0":"post-22223","1":"product","2":"type-product","3":"status-publish","4":"has-post-thumbnail","6":"product_cat-pcb-handling-machine","8":"first","9":"instock","10":"shipping-taxable","11":"product-type-simple"},"_links":{"self":[{"href":"https:\/\/esmte.com\/es\/wp-json\/wp\/v2\/product\/22223","targetHints":{"allow":["GET"]}}],"collection":[{"href":"https:\/\/esmte.com\/es\/wp-json\/wp\/v2\/product"}],"about":[{"href":"https:\/\/esmte.com\/es\/wp-json\/wp\/v2\/types\/product"}],"replies":[{"embeddable":true,"href":"https:\/\/esmte.com\/es\/wp-json\/wp\/v2\/comments?post=22223"}],"version-history":[{"count":1,"href":"https:\/\/esmte.com\/es\/wp-json\/wp\/v2\/product\/22223\/revisions"}],"predecessor-version":[{"id":23762,"href":"https:\/\/esmte.com\/es\/wp-json\/wp\/v2\/product\/22223\/revisions\/23762"}],"wp:featuredmedia":[{"embeddable":true,"href":"https:\/\/esmte.com\/es\/wp-json\/wp\/v2\/media\/22215"}],"wp:attachment":[{"href":"https:\/\/esmte.com\/es\/wp-json\/wp\/v2\/media?parent=22223"}],"wp:term":[{"taxonomy":"brand","embeddable":true,"href":"https:\/\/esmte.com\/es\/wp-json\/wp\/v2\/etheme_brands?post=22223"},{"taxonomy":"product_brand","embeddable":true,"href":"https:\/\/esmte.com\/es\/wp-json\/wp\/v2\/product_brand?post=22223"},{"taxonomy":"product_cat","embeddable":true,"href":"https:\/\/esmte.com\/es\/wp-json\/wp\/v2\/product_cat?post=22223"},{"taxonomy":"product_tag","embeddable":true,"href":"https:\/\/esmte.com\/es\/wp-json\/wp\/v2\/product_tag?post=22223"}],"curies":[{"name":"wp","href":"https:\/\/api.w.org\/{rel}","templated":true}]}}