{"id":22218,"date":"2025-11-26T06:24:12","date_gmt":"2025-11-26T06:24:12","guid":{"rendered":"https:\/\/esmte.com\/?post_type=product&#038;p=22218"},"modified":"2026-01-14T04:04:34","modified_gmt":"2026-01-14T04:04:34","slug":"automatic-pcb-folding-loader-yfl-m855","status":"publish","type":"product","link":"https:\/\/esmte.com\/es\/products\/automatic-pcb-folding-loader-yfl-m855\/","title":{"rendered":"Automatic SMT PCB Folding Loader YFL-M855"},"content":{"rendered":"<h2 data-rm-block-id=\"block-1\">Introducci\u00f3n<\/h2>\n<p data-start=\"203\" data-end=\"522\">En la fabricaci\u00f3n de productos electr\u00f3nicos modernos, la manipulaci\u00f3n eficiente y precisa de PCB es esencial para mantener una alta productividad y calidad del producto. <strong data-start=\"347\" data-end=\"388\">Automatic SMT PCB Folding Loader YFL-M855<\/strong> Est\u00e1 dise\u00f1ado para optimizar la carga de PCB en las l\u00edneas de producci\u00f3n SMT, proporcionando un manejo confiable y automatizado al tiempo que reduce el trabajo manual.<\/p>\n<p data-start=\"524\" data-end=\"883\">La YFL-M855 cuenta con un avanzado mecanismo de plegado autom\u00e1tico que permite cargar las PCB con fluidez y precisi\u00f3n en la l\u00ednea de producci\u00f3n. Esto garantiza un flujo de trabajo continuo, minimiza el riesgo de da\u00f1os en las placas y mejora la eficiencia general de la l\u00ednea. Su dise\u00f1o admite una amplia gama de tama\u00f1os de PCB, lo que la hace ideal para diversos requisitos de fabricaci\u00f3n.<\/p>\n<p data-start=\"885\" data-end=\"1214\">Fabricada con materiales duraderos y una estructura robusta, la YFL-M855 ofrece un rendimiento estable incluso en funcionamiento continuo. Su dise\u00f1o compacto permite una f\u00e1cil integraci\u00f3n en l\u00edneas SMT existentes, mientras que su interfaz intuitiva simplifica la operaci\u00f3n y el mantenimiento, lo que ayuda a reducir el tiempo de inactividad y a mejorar la productividad.<\/p>\n<p data-start=\"1216\" data-end=\"1502\">Al incorporar la <strong data-start=\"1237\" data-end=\"1278\">Automatic SMT PCB Folding Loader YFL-M855<\/strong>, Los fabricantes pueden lograr transiciones de PCB m\u00e1s suaves, mayor rendimiento y funcionamiento confiable, lo que lo convierte en una soluci\u00f3n ideal para f\u00e1bricas de productos electr\u00f3nicos que buscan equipos de carga de PCB eficientes, precisos y de alto rendimiento.<\/p>\n<p data-rm-block-id=\"block-3\"><img loading=\"lazy\" decoding=\"async\" class=\"aligncenter wp-image-22214\" src=\"https:\/\/esmte.com\/wp-content\/uploads\/2025\/11\/11-2-scaled.webp\" alt=\"Automatic SMT PCB Folding Loader YFL-M855\" width=\"528\" height=\"528\" srcset=\"https:\/\/esmte.com\/wp-content\/uploads\/2025\/11\/11-2-scaled.webp 2560w, https:\/\/esmte.com\/wp-content\/uploads\/2025\/11\/11-2-scaled-100x100.webp 100w, https:\/\/esmte.com\/wp-content\/uploads\/2025\/11\/11-2-scaled-600x600.webp 600w, https:\/\/esmte.com\/wp-content\/uploads\/2025\/11\/11-2-300x300.webp 300w, https:\/\/esmte.com\/wp-content\/uploads\/2025\/11\/11-2-1024x1024.webp 1024w, https:\/\/esmte.com\/wp-content\/uploads\/2025\/11\/11-2-150x150.webp 150w, https:\/\/esmte.com\/wp-content\/uploads\/2025\/11\/11-2-768x768.webp 768w, https:\/\/esmte.com\/wp-content\/uploads\/2025\/11\/11-2-1536x1536.webp 1536w, https:\/\/esmte.com\/wp-content\/uploads\/2025\/11\/11-2-2048x2048.webp 2048w, https:\/\/esmte.com\/wp-content\/uploads\/2025\/11\/11-2-1x1.webp 1w, https:\/\/esmte.com\/wp-content\/uploads\/2025\/11\/11-2-10x10.webp 10w\" sizes=\"auto, (max-width: 528px) 100vw, 528px\" \/><\/p>\n<h3 data-rm-block-id=\"block-4\">Caracter\u00edsticas principales<\/h3>\n<ul class=\"auto-hide-last-sibling-br\">\n<li data-rm-block-id=\"block-5\">Dise\u00f1ado para integraci\u00f3n plug-and-play con l\u00edneas de ensamblaje SMT, transportadores y equipos de inspecci\u00f3n AOI existentes.<\/li>\n<li data-rm-block-id=\"block-6\">Admite PCB multicapa, circuitos r\u00edgidos-flexibles y PCB de formato peque\u00f1o utilizados en las industrias de electr\u00f3nica de consumo y automoci\u00f3n.<\/li>\n<li data-rm-block-id=\"block-7\">Ofrece herramientas de cambio r\u00e1pido para un cambio r\u00e1pido de modelo, lo que reduce el tiempo de inactividad en entornos de producci\u00f3n mixta.<\/li>\n<li data-rm-block-id=\"block-8\">Admite \u00e1ngulos de plegado personalizados para cumplir con los requisitos espec\u00edficos de dise\u00f1o de PCB.<\/li>\n<li data-rm-block-id=\"block-9\">Compatible con sistemas MES para seguimiento de datos de producci\u00f3n en tiempo real y optimizaci\u00f3n de procesos.<\/li>\n<li>Cuenta con un dise\u00f1o modular que permite una futura expansi\u00f3n con m\u00f3dulos funcionales adicionales.\n<div class=\"container-Uxvbjy md-box-line-break wrapper-GYqxgQ undefined\" data-rm-block-id=\"block-10\"><\/div>\n<\/li>\n<\/ul>\n<h2 data-rm-block-id=\"block-11\">Presupuesto<\/h2>\n<table style=\"border-collapse: collapse; width: 1377px; height: 156px;\" border=\"0\" width=\"462\" cellspacing=\"0\" cellpadding=\"0\">\n<tbody>\n<tr style=\"height: 15.75pt;\">\n<td class=\"et2\" style=\"height: 15.75pt; width: 90pt; text-align: center;\" width=\"120\" height=\"21\" data-rm-block-id=\"block-12\">Modelo<\/td>\n<td class=\"et3\" style=\"width: 138pt; text-align: center;\" width=\"184\" data-rm-block-id=\"block-13\">YFL-M855<\/td>\n<td class=\"et4\" style=\"width: 118.5pt; text-align: center;\" width=\"158\" data-rm-block-id=\"block-14\">YFL-L995<\/td>\n<\/tr>\n<tr style=\"height: 15.75pt;\">\n<td class=\"et5\" style=\"height: 15.75pt; width: 90pt; text-align: center;\" width=\"120\" height=\"21\" data-rm-block-id=\"block-15\">Dimensi\u00f3n (mm)<\/td>\n<td class=\"et6\" style=\"width: 138pt; text-align: center;\" width=\"184\" data-rm-block-id=\"block-16\">1850*855*1250<\/td>\n<td class=\"et7\" style=\"width: 118.5pt; text-align: center;\" width=\"158\" data-rm-block-id=\"block-17\">2320*995*1250<\/td>\n<\/tr>\n<tr style=\"height: 15.75pt;\">\n<td class=\"et5\" style=\"height: 15.75pt; width: 90pt; text-align: center;\" width=\"120\" height=\"21\" data-rm-block-id=\"block-18\">Tama\u00f1o de PCB (mm)<\/td>\n<td class=\"et6\" style=\"width: 138pt; text-align: center;\" width=\"184\" data-rm-block-id=\"block-19\">50*80-330*250<\/td>\n<td class=\"et7\" style=\"width: 118.5pt; text-align: center;\" width=\"158\" data-rm-block-id=\"block-20\">50*80-460*390<\/td>\n<\/tr>\n<tr style=\"height: 15.75pt;\">\n<td class=\"et5\" style=\"height: 15.75pt; width: 90pt; text-align: center;\" width=\"120\" height=\"21\" data-rm-block-id=\"block-21\">Capacidad de PCB<\/td>\n<td class=\"et6\" style=\"width: 256.5pt; text-align: center;\" colspan=\"2\" width=\"342\" data-rm-block-id=\"block-22\">400 piezas (PCB de 0,6 mm de espesor)<\/td>\n<\/tr>\n<tr style=\"height: 15.75pt;\">\n<td class=\"et5\" style=\"height: 15.75pt; width: 90pt; text-align: center;\" width=\"120\" height=\"21\" data-rm-block-id=\"block-23\">Sistema de control<\/td>\n<td class=\"et6\" style=\"width: 256.5pt; text-align: center;\" colspan=\"2\" width=\"342\" data-rm-block-id=\"block-24\">SOCIEDAD AN\u00d3NIMA<\/td>\n<\/tr>\n<tr style=\"height: 15.75pt;\">\n<td class=\"et5\" style=\"height: 15.75pt; width: 90pt; text-align: center;\" width=\"120\" height=\"21\" data-rm-block-id=\"block-25\">Fuente de alimentaci\u00f3n<\/td>\n<td class=\"et6\" style=\"width: 256.5pt; text-align: center;\" colspan=\"2\" width=\"342\" data-rm-block-id=\"block-26\">1 fase CA 220 V 50\/60 Hz (opci\u00f3n: 110 V a 380 V)<\/td>\n<\/tr>\n<tr style=\"height: 15.75pt;\">\n<td class=\"et8\" style=\"height: 15.75pt; width: 90pt; text-align: center;\" width=\"120\" height=\"21\" data-rm-block-id=\"block-27\">Peso<\/td>\n<td class=\"et9\" style=\"width: 138pt; text-align: center;\" width=\"184\" data-rm-block-id=\"block-28\">200 kilos<\/td>\n<td class=\"et10\" style=\"width: 118.5pt; text-align: center;\" width=\"158\" data-rm-block-id=\"block-29\">260 kilogramos<\/td>\n<\/tr>\n<\/tbody>\n<\/table>\n<p data-rm-block-id=\"block-31\"><a href=\"https:\/\/www.youtube.com\/@allaismt\" rel=\"nofollow noopener\" target=\"_blank\"><u>https:\/\/www.youtube.com\/@allaismt<\/u><\/a><\/p>\n<p data-rm-block-id=\"block-32\">For more information about the <strong>Automatic SMT PCB Folding Loader YFL-M855<\/strong>, por favor env\u00ede un correo electr\u00f3nico a<\/p>\n<p data-rm-block-id=\"block-33\"><a href=\"mailto:sophia@allaismt.com\"><u>sophia@allaismt.com<\/u><\/a><\/p>\n<p data-rm-block-id=\"block-34\">Responderemos a su consulta a la brevedad y le proporcionaremos informaci\u00f3n detallada sobre nuestros productos y servicios.<\/p>\n<p data-rm-block-id=\"block-35\">","protected":false},"excerpt":{"rendered":"<p>Descripci\u00f3n: El <strong data-start=\"101\" data-end=\"142\">Automatic SMT PCB Folding Loader YFL-M855<\/strong> Es un sistema de carga de alta eficiencia dise\u00f1ado para l\u00edneas de producci\u00f3n SMT. Incorpora un mecanismo de plegado autom\u00e1tico que permite una carga de PCB suave y precisa, reduciendo la manipulaci\u00f3n manual y mejorando la eficiencia del flujo de trabajo. El YFL-M855 admite una amplia gama de tama\u00f1os de PCB y garantiza un funcionamiento estable y sin da\u00f1os. Su dise\u00f1o compacto permite una f\u00e1cil integraci\u00f3n en l\u00edneas SMT existentes, lo que lo convierte en la soluci\u00f3n ideal para fabricantes de electr\u00f3nica que buscan equipos de carga de PCB fiables y de alto rendimiento.<\/p>\n<p>Cantidad m\u00ednima de pedido: 1 unidad<\/p>\n<p>Plazo de entrega: 15 d\u00edas<\/p>","protected":false},"featured_media":22219,"comment_status":"closed","ping_status":"closed","template":"","meta":[],"etheme_brands":[],"product_brand":[],"product_cat":[144],"product_tag":[],"class_list":{"0":"post-22218","1":"product","2":"type-product","3":"status-publish","4":"has-post-thumbnail","6":"product_cat-pcb-handling-machine","8":"first","9":"instock","10":"shipping-taxable","11":"product-type-simple"},"_links":{"self":[{"href":"https:\/\/esmte.com\/es\/wp-json\/wp\/v2\/product\/22218","targetHints":{"allow":["GET"]}}],"collection":[{"href":"https:\/\/esmte.com\/es\/wp-json\/wp\/v2\/product"}],"about":[{"href":"https:\/\/esmte.com\/es\/wp-json\/wp\/v2\/types\/product"}],"replies":[{"embeddable":true,"href":"https:\/\/esmte.com\/es\/wp-json\/wp\/v2\/comments?post=22218"}],"version-history":[{"count":1,"href":"https:\/\/esmte.com\/es\/wp-json\/wp\/v2\/product\/22218\/revisions"}],"predecessor-version":[{"id":23810,"href":"https:\/\/esmte.com\/es\/wp-json\/wp\/v2\/product\/22218\/revisions\/23810"}],"wp:featuredmedia":[{"embeddable":true,"href":"https:\/\/esmte.com\/es\/wp-json\/wp\/v2\/media\/22219"}],"wp:attachment":[{"href":"https:\/\/esmte.com\/es\/wp-json\/wp\/v2\/media?parent=22218"}],"wp:term":[{"taxonomy":"brand","embeddable":true,"href":"https:\/\/esmte.com\/es\/wp-json\/wp\/v2\/etheme_brands?post=22218"},{"taxonomy":"product_brand","embeddable":true,"href":"https:\/\/esmte.com\/es\/wp-json\/wp\/v2\/product_brand?post=22218"},{"taxonomy":"product_cat","embeddable":true,"href":"https:\/\/esmte.com\/es\/wp-json\/wp\/v2\/product_cat?post=22218"},{"taxonomy":"product_tag","embeddable":true,"href":"https:\/\/esmte.com\/es\/wp-json\/wp\/v2\/product_tag?post=22218"}],"curies":[{"name":"wp","href":"https:\/\/api.w.org\/{rel}","templated":true}]}}