{"id":22213,"date":"2025-11-26T03:59:03","date_gmt":"2025-11-26T03:59:03","guid":{"rendered":"https:\/\/esmte.com\/?post_type=product&#038;p=22213"},"modified":"2026-01-14T04:06:43","modified_gmt":"2026-01-14T04:06:43","slug":"automatic-pcb-folding-loader","status":"publish","type":"product","link":"https:\/\/esmte.com\/es\/products\/automatic-pcb-folding-loader\/","title":{"rendered":"Cargador Autom\u00e1tico de PCB para Plegado SMT YFL-L995"},"content":{"rendered":"<h2 data-rm-block-id=\"block-1\">Introducci\u00f3n<\/h2>\n<p data-start=\"195\" data-end=\"518\">En la fabricaci\u00f3n de productos electr\u00f3nicos modernos, la manipulaci\u00f3n eficiente y precisa de las placas de circuito impreso (PCB) es esencial para mantener una alta productividad y la calidad del producto. <strong data-start=\"336\" data-end=\"368\">Cargador Autom\u00e1tico de PCB para Plegado SMT YFL-L995<\/strong> est\u00e1 dise\u00f1ado para agilizar la carga de PCB en las l\u00edneas de producci\u00f3n SMT, proporcionando una automatizaci\u00f3n confiable que reduce el trabajo manual y garantiza un flujo de trabajo fluido.<\/p>\n<p data-start=\"520\" data-end=\"852\">El cargador cuenta con un avanzado mecanismo de plegado autom\u00e1tico que permite una carga precisa y estable de las PCB. Esto minimiza el riesgo de da\u00f1os en las placas, mantiene un rendimiento constante y mejora la eficiencia general de la l\u00ednea de producci\u00f3n. Es compatible con una amplia gama de tama\u00f1os de PCB, lo que ofrece versatilidad para diversas necesidades de fabricaci\u00f3n.<\/p>\n<p data-start=\"854\" data-end=\"1206\">Fabricado con materiales duraderos y una estructura robusta, el Cargador Autom\u00e1tico Plegador de PCB ofrece un rendimiento estable incluso en funcionamiento continuo. Su dise\u00f1o compacto facilita su integraci\u00f3n en l\u00edneas SMT existentes, mientras que su interfaz intuitiva simplifica la operaci\u00f3n y el mantenimiento, reduciendo el tiempo de inactividad y aumentando la eficiencia de la producci\u00f3n.<\/p>\n<p data-start=\"1208\" data-end=\"1480\">Al implementar la <strong data-start=\"1228\" data-end=\"1260\">Cargador Autom\u00e1tico de PCB para Plegado SMT YFL-L995<\/strong>, Los fabricantes pueden lograr transiciones de PCB m\u00e1s suaves, mayor rendimiento y funcionamiento confiable, lo que lo convierte en una soluci\u00f3n ideal para f\u00e1bricas de productos electr\u00f3nicos que buscan equipos de carga de PCB eficientes, precisos y de alto rendimiento.<\/p>\n<p data-rm-block-id=\"block-3\"><img loading=\"lazy\" decoding=\"async\" class=\"aligncenter wp-image-22214\" src=\"https:\/\/esmte.com\/wp-content\/uploads\/2025\/11\/11-2-scaled.webp\" alt=\"Automatic SMT PCB Folding Loader\" width=\"528\" height=\"528\" srcset=\"https:\/\/esmte.com\/wp-content\/uploads\/2025\/11\/11-2-scaled.webp 2560w, https:\/\/esmte.com\/wp-content\/uploads\/2025\/11\/11-2-scaled-100x100.webp 100w, https:\/\/esmte.com\/wp-content\/uploads\/2025\/11\/11-2-scaled-600x600.webp 600w, https:\/\/esmte.com\/wp-content\/uploads\/2025\/11\/11-2-300x300.webp 300w, https:\/\/esmte.com\/wp-content\/uploads\/2025\/11\/11-2-1024x1024.webp 1024w, https:\/\/esmte.com\/wp-content\/uploads\/2025\/11\/11-2-150x150.webp 150w, https:\/\/esmte.com\/wp-content\/uploads\/2025\/11\/11-2-768x768.webp 768w, https:\/\/esmte.com\/wp-content\/uploads\/2025\/11\/11-2-1536x1536.webp 1536w, https:\/\/esmte.com\/wp-content\/uploads\/2025\/11\/11-2-2048x2048.webp 2048w, https:\/\/esmte.com\/wp-content\/uploads\/2025\/11\/11-2-1x1.webp 1w, https:\/\/esmte.com\/wp-content\/uploads\/2025\/11\/11-2-10x10.webp 10w\" sizes=\"auto, (max-width: 528px) 100vw, 528px\" \/><\/p>\n<h3 data-rm-block-id=\"block-4\">Caracter\u00edsticas principales<\/h3>\n<ul class=\"auto-hide-last-sibling-br\">\n<li data-rm-block-id=\"block-5\">Cuenta con un procesamiento de alta velocidad de hasta 60 paneles de PCB por minuto, optimizando el rendimiento para l\u00edneas de producci\u00f3n de PCB de alto volumen.<\/li>\n<li data-rm-block-id=\"block-6\">Cuenta con tecnolog\u00eda de alineaci\u00f3n de precisi\u00f3n a nivel de micrones para garantizar una precisi\u00f3n de plegado constante y un manejo de PCB sin da\u00f1os.<\/li>\n<li data-rm-block-id=\"block-7\">Integra mecanismos de plegado adaptativos que se ajustan autom\u00e1ticamente a diferentes tama\u00f1os de PCB.<\/li>\n<li data-rm-block-id=\"block-8\">Admite PCB r\u00edgidos y FPC flexibles, lo que se adapta a diversas aplicaciones de fabricaci\u00f3n de productos electr\u00f3nicos.<\/li>\n<li data-rm-block-id=\"block-9\">Equipado con sensores inteligentes para monitoreo de posici\u00f3n en tiempo real, eliminando errores de desalineaci\u00f3n.<\/li>\n<li data-rm-block-id=\"block-10\">Se sincroniza perfectamente con las l\u00edneas SMT y los sistemas de producci\u00f3n en l\u00ednea para reducir los cuellos de botella en el flujo de trabajo.<\/li>\n<\/ul>\n<p>&nbsp;<\/p>\n<h2 data-rm-block-id=\"block-12\">Presupuesto<\/h2>\n<table style=\"border-collapse: collapse; width: 1382px; height: 111px;\" border=\"0\" width=\"462\" cellspacing=\"0\" cellpadding=\"0\">\n<tbody>\n<tr style=\"height: 15.75pt;\">\n<td class=\"et2\" style=\"height: 15.75pt; width: 90pt; text-align: center;\" width=\"120\" height=\"21\" data-rm-block-id=\"block-13\">Modelo<\/td>\n<td class=\"et3\" style=\"width: 138pt; text-align: center;\" width=\"184\" data-rm-block-id=\"block-14\">YFL-M855<\/td>\n<td class=\"et4\" style=\"width: 118.5pt; text-align: center;\" width=\"158\" data-rm-block-id=\"block-15\">YFL-L995<\/td>\n<\/tr>\n<tr style=\"height: 15.75pt;\">\n<td class=\"et5\" style=\"height: 15.75pt; width: 90pt; text-align: center;\" width=\"120\" height=\"21\" data-rm-block-id=\"block-16\">Dimensi\u00f3n (mm)<\/td>\n<td class=\"et6\" style=\"width: 138pt; text-align: center;\" width=\"184\" data-rm-block-id=\"block-17\">1850*855*1250<\/td>\n<td class=\"et7\" style=\"width: 118.5pt; text-align: center;\" width=\"158\" data-rm-block-id=\"block-18\">2320*995*1250<\/td>\n<\/tr>\n<tr style=\"height: 15.75pt;\">\n<td class=\"et5\" style=\"height: 15.75pt; width: 90pt; text-align: center;\" width=\"120\" height=\"21\" data-rm-block-id=\"block-19\">Tama\u00f1o de PCB (mm)<\/td>\n<td class=\"et6\" style=\"width: 138pt; text-align: center;\" width=\"184\" data-rm-block-id=\"block-20\">50*80-330*250<\/td>\n<td class=\"et7\" style=\"width: 118.5pt; text-align: center;\" width=\"158\" data-rm-block-id=\"block-21\">50*80-460*390<\/td>\n<\/tr>\n<tr style=\"height: 15.75pt;\">\n<td class=\"et5\" style=\"height: 15.75pt; width: 90pt; text-align: center;\" width=\"120\" height=\"21\" data-rm-block-id=\"block-22\">Capacidad de PCB<\/td>\n<td class=\"et6\" style=\"width: 256.5pt; text-align: center;\" colspan=\"2\" width=\"342\" data-rm-block-id=\"block-23\">400 piezas (PCB de 0,6 mm de espesor)<\/td>\n<\/tr>\n<tr style=\"height: 15.75pt;\">\n<td class=\"et5\" style=\"height: 15.75pt; width: 90pt; text-align: center;\" width=\"120\" height=\"21\" data-rm-block-id=\"block-24\">Sistema de control<\/td>\n<td class=\"et6\" style=\"width: 256.5pt; text-align: center;\" colspan=\"2\" width=\"342\" data-rm-block-id=\"block-25\">SOCIEDAD AN\u00d3NIMA<\/td>\n<\/tr>\n<tr style=\"height: 15.75pt;\">\n<td class=\"et5\" style=\"height: 15.75pt; width: 90pt; text-align: center;\" width=\"120\" height=\"21\" data-rm-block-id=\"block-26\">Fuente de alimentaci\u00f3n<\/td>\n<td class=\"et6\" style=\"width: 256.5pt; text-align: center;\" colspan=\"2\" width=\"342\" data-rm-block-id=\"block-27\">1 fase CA 220 V 50\/60 Hz (opci\u00f3n: 110 V a 380 V)<\/td>\n<\/tr>\n<tr style=\"height: 15.75pt;\">\n<td class=\"et8\" style=\"height: 15.75pt; width: 90pt; text-align: center;\" width=\"120\" height=\"21\" data-rm-block-id=\"block-28\">Peso<\/td>\n<td class=\"et9\" style=\"width: 138pt; text-align: center;\" width=\"184\" data-rm-block-id=\"block-29\">200 kilos<\/td>\n<td class=\"et10\" style=\"width: 118.5pt; text-align: center;\" width=\"158\" data-rm-block-id=\"block-30\">260 kilogramos<\/td>\n<\/tr>\n<\/tbody>\n<\/table>\n<p data-rm-block-id=\"block-32\"><a href=\"https:\/\/www.youtube.com\/@allaismt\" rel=\"nofollow noopener\" target=\"_blank\"><u>https:\/\/www.youtube.com\/@allaismt<\/u><\/a><\/p>\n<p data-rm-block-id=\"block-33\">For more information about the <strong>Cargador Autom\u00e1tico de PCB para Plegado SMT YFL-L995<\/strong>, por favor env\u00ede un correo electr\u00f3nico a<\/p>\n<p data-rm-block-id=\"block-34\"><a href=\"mailto:sophia@allaismt.com\"><u>sophia@allaismt.com<\/u><\/a><\/p>\n<p data-rm-block-id=\"block-35\">Responderemos a su consulta a la brevedad y le proporcionaremos informaci\u00f3n detallada sobre nuestros productos y servicios.<\/p>","protected":false},"excerpt":{"rendered":"<p>Descripci\u00f3n: El <strong data-start=\"92\" data-end=\"124\">Cargador Autom\u00e1tico de PCB para Plegado SMT YFL-L995<\/strong> Es un sistema de carga de alta eficiencia dise\u00f1ado para l\u00edneas de producci\u00f3n SMT. Incorpora un avanzado mecanismo de plegado autom\u00e1tico que garantiza una carga de PCB fluida, precisa y fiable, reduciendo la manipulaci\u00f3n manual y mejorando la eficiencia del flujo de trabajo. Compatible con PCB de diversos tama\u00f1os, proporciona un funcionamiento estable y sin da\u00f1os. Su dise\u00f1o compacto permite una f\u00e1cil integraci\u00f3n en l\u00edneas SMT existentes, lo que lo convierte en la soluci\u00f3n ideal para fabricantes de electr\u00f3nica que buscan equipos de carga de PCB fiables y de alto rendimiento.<\/p>\n<p>Cantidad m\u00ednima de pedido: 1 unidad<\/p>\n<p>Plazo de entrega: 15 d\u00edas<\/p>","protected":false},"featured_media":22215,"comment_status":"closed","ping_status":"closed","template":"","meta":[],"etheme_brands":[],"product_brand":[],"product_cat":[144],"product_tag":[],"class_list":{"0":"post-22213","1":"product","2":"type-product","3":"status-publish","4":"has-post-thumbnail","6":"product_cat-pcb-handling-machine","8":"first","9":"instock","10":"shipping-taxable","11":"product-type-simple"},"_links":{"self":[{"href":"https:\/\/esmte.com\/es\/wp-json\/wp\/v2\/product\/22213","targetHints":{"allow":["GET"]}}],"collection":[{"href":"https:\/\/esmte.com\/es\/wp-json\/wp\/v2\/product"}],"about":[{"href":"https:\/\/esmte.com\/es\/wp-json\/wp\/v2\/types\/product"}],"replies":[{"embeddable":true,"href":"https:\/\/esmte.com\/es\/wp-json\/wp\/v2\/comments?post=22213"}],"version-history":[{"count":1,"href":"https:\/\/esmte.com\/es\/wp-json\/wp\/v2\/product\/22213\/revisions"}],"predecessor-version":[{"id":23811,"href":"https:\/\/esmte.com\/es\/wp-json\/wp\/v2\/product\/22213\/revisions\/23811"}],"wp:featuredmedia":[{"embeddable":true,"href":"https:\/\/esmte.com\/es\/wp-json\/wp\/v2\/media\/22215"}],"wp:attachment":[{"href":"https:\/\/esmte.com\/es\/wp-json\/wp\/v2\/media?parent=22213"}],"wp:term":[{"taxonomy":"brand","embeddable":true,"href":"https:\/\/esmte.com\/es\/wp-json\/wp\/v2\/etheme_brands?post=22213"},{"taxonomy":"product_brand","embeddable":true,"href":"https:\/\/esmte.com\/es\/wp-json\/wp\/v2\/product_brand?post=22213"},{"taxonomy":"product_cat","embeddable":true,"href":"https:\/\/esmte.com\/es\/wp-json\/wp\/v2\/product_cat?post=22213"},{"taxonomy":"product_tag","embeddable":true,"href":"https:\/\/esmte.com\/es\/wp-json\/wp\/v2\/product_tag?post=22213"}],"curies":[{"name":"wp","href":"https:\/\/api.w.org\/{rel}","templated":true}]}}