{"id":23047,"date":"2025-12-13T03:05:55","date_gmt":"2025-12-13T03:05:55","guid":{"rendered":"https:\/\/esmte.com\/?post_type=product&#038;p=23047"},"modified":"2026-01-27T08:45:52","modified_gmt":"2026-01-27T08:45:52","slug":"full-auto-smt-pcb-loader-yl-390","status":"publish","type":"product","link":"https:\/\/esmte.com\/de\/products\/full-auto-smt-pcb-loader-yl-390\/","title":{"rendered":"Vollautomatischer SMT-Leiterplattenlader YL-390"},"content":{"rendered":"<h2 data-rm-block-id=\"block-1\">Einf\u00fchrung<\/h2>\n<p data-start=\"0\" data-end=\"401\" data-rm-block-id=\"block-2\">Der <strong data-start=\"4\" data-end=\"39\">Vollautomatischer SMT-Leiterplattenlader YL-390<\/strong> ist eine praktische und effiziente Upstream-Automatisierungsl\u00f6sung, die f\u00fcr SMT-Fertigungslinien entwickelt wurde in <strong data-start=\"135\" data-end=\"175\">Elektronikfabriken f\u00fcr Haushaltsger\u00e4te<\/strong>. Die Anlage ist am Linieneingang installiert und l\u00e4dt automatisch unbest\u00fcckte Leiterplatten aus Magazinen auf das F\u00f6rderband. Dadurch wird eine stabile und kontinuierliche Leiterplattenzufuhr f\u00fcr nachgelagerte Prozesse wie das Bedrucken der L\u00f6tpaste und die Bauteilplatzierung gew\u00e4hrleistet.<\/p>\n<p data-start=\"403\" data-end=\"824\" data-rm-block-id=\"block-3\">In der Herstellung von Haushaltsger\u00e4ten, wo Produkte wie Klimaanlagen, K\u00fchlschr\u00e4nke, Waschmaschinen und kleine Haushaltsger\u00e4te eine gro\u00df angelegte und kosteneffiziente Produktion erfordern, <strong data-start=\"4\" data-end=\"39\">Vollautomatischer SMT-Leiterplattenlader YL-390<\/strong> Es tr\u00e4gt zur Standardisierung des Leiterplattenladeprozesses bei. Sein reibungsloser und kontrollierter Transfermechanismus reduziert handhabungsbedingte Fehler, unterst\u00fctzt eine gleichbleibende Leiterplattenpositionierung und tr\u00e4gt zu einer stabilen SMT-Prozessleistung bei.<\/p>\n<p data-start=\"826\" data-end=\"1290\" data-is-last-node=\"\" data-is-only-node=\"\" data-rm-block-id=\"block-4\">Mit verstellbaren Schienen und flexiblen Steuerungseinstellungen, <strong data-start=\"4\" data-end=\"39\">Vollautomatischer SMT-Leiterplattenlader YL-390<\/strong> Die YL-390 verarbeitet eine Vielzahl von Leiterplattengr\u00f6\u00dfen und Produktionsmodellen und eignet sich daher sowohl f\u00fcr die Massenproduktion einzelner Produkte als auch f\u00fcr Fertigungslinien mit gemischten Ger\u00e4temodellen. Durch die Minimierung manueller Eingriffe und die Unterst\u00fctzung von Langzeitbetrieb verbessert die YL-390 die Linieneffizienz, reduziert den Personalaufwand und bietet eine zuverl\u00e4ssige Grundlage f\u00fcr die automatisierte SMT-Best\u00fcckung in modernen Elektronikfabriken f\u00fcr Haushaltsger\u00e4te.<\/p>\n<p data-start=\"826\" data-end=\"1290\" data-is-last-node=\"\" data-is-only-node=\"\" data-rm-block-id=\"block-4\">\n<p data-start=\"826\" data-end=\"1290\" data-is-last-node=\"\" data-is-only-node=\"\" data-rm-block-id=\"block-6\"><img loading=\"lazy\" decoding=\"async\" class=\"alignnone wp-image-23037 aligncenter\" src=\"https:\/\/esmte.com\/wp-content\/uploads\/2025\/12\/11-43.webp\" alt=\"Full-auto SMT PCB Loader\" width=\"540\" height=\"560\" srcset=\"https:\/\/esmte.com\/wp-content\/uploads\/2025\/12\/11-43.webp 1531w, https:\/\/esmte.com\/wp-content\/uploads\/2025\/12\/11-43-600x623.webp 600w, https:\/\/esmte.com\/wp-content\/uploads\/2025\/12\/11-43-289x300.webp 289w, https:\/\/esmte.com\/wp-content\/uploads\/2025\/12\/11-43-987x1024.webp 987w, https:\/\/esmte.com\/wp-content\/uploads\/2025\/12\/11-43-768x797.webp 768w, https:\/\/esmte.com\/wp-content\/uploads\/2025\/12\/11-43-1480x1536.webp 1480w, https:\/\/esmte.com\/wp-content\/uploads\/2025\/12\/11-43-1x1.webp 1w, https:\/\/esmte.com\/wp-content\/uploads\/2025\/12\/11-43-10x10.webp 10w\" sizes=\"auto, (max-width: 540px) 100vw, 540px\" \/><\/p>\n<p data-start=\"826\" data-end=\"1290\" data-is-last-node=\"\" data-is-only-node=\"\" data-rm-block-id=\"block-6\">\n<h2 data-start=\"0\" data-end=\"211\" data-rm-block-id=\"block-8\">Wie die <strong data-start=\"73\" data-end=\"108\">Vollautomatischer SMT-Leiterplattenlader YL-390<\/strong> wird in H angewendet<strong data-start=\"123\" data-end=\"163\">einige Fabriken f\u00fcr Haushaltsger\u00e4teelektronik<\/strong><\/h2>\n<ul data-start=\"213\" data-end=\"1672\">\n<li data-start=\"213\" data-end=\"451\">\n<p data-start=\"215\" data-end=\"451\" data-rm-block-id=\"block-9\"><strong data-start=\"215\" data-end=\"250\">Produktionsrhythmusstabilisierung<\/strong><br data-start=\"250\" data-end=\"253\" \/>Der YL-390 tr\u00e4gt zur Aufrechterhaltung eines gleichm\u00e4\u00dfigen SMT-Linienrhythmus bei, indem er die Freigabezeitpunkte der Leiterplatten automatisch regelt und so Linienengp\u00e4sse oder Leerlaufzeiten w\u00e4hrend der Spitzenproduktion von Haushaltsger\u00e4teelektronik verhindert.<\/p>\n<\/li>\n<li data-start=\"453\" data-end=\"700\">\n<p data-start=\"455\" data-end=\"700\" data-rm-block-id=\"block-10\"><strong data-start=\"455\" data-end=\"500\">Unterst\u00fctzung f\u00fcr den langfristigen Dauerbetrieb<\/strong><br data-start=\"500\" data-end=\"503\" \/>Der f\u00fcr verl\u00e4ngerte Betriebszeiten ausgelegte Lader erm\u00f6glicht stabile, lang andauernde SMT-Produktionsl\u00e4ufe, wie sie h\u00e4ufig bei der Herstellung von Haushaltsger\u00e4ten in gro\u00dfem Umfang erforderlich sind, beispielsweise zur Bew\u00e4ltigung saisonaler Nachfragespitzen.<\/p>\n<\/li>\n<li data-start=\"702\" data-end=\"946\">\n<p data-start=\"704\" data-end=\"946\" data-rm-block-id=\"block-11\"><strong data-start=\"704\" data-end=\"746\">Reduzierung der Abh\u00e4ngigkeit von den F\u00e4higkeiten des Bedieners<\/strong><br data-start=\"746\" data-end=\"749\" \/>Durch die Standardisierung des Leiterplattenladeprozesses verringert die YL-390 die Abh\u00e4ngigkeit von erfahrenen Bedienern und erleichtert es Elektronikfabriken f\u00fcr Haushaltsger\u00e4te, Personalwechsel und Schulungen zu managen.<\/p>\n<\/li>\n<li data-start=\"948\" data-end=\"1202\">\n<p data-start=\"950\" data-end=\"1202\" data-rm-block-id=\"block-12\"><strong data-start=\"950\" data-end=\"1001\">Verbesserte Linienorganisation und Arbeitssicherheit<\/strong><br data-start=\"1001\" data-end=\"1004\" \/>Die automatisierte Magazinhandhabung reduziert die manuelle Bewegung von Platinen entlang der Produktionslinie, tr\u00e4gt zu einem saubereren und besser organisierten Produktionsbereich bei und senkt das Risiko von Besch\u00e4digungen oder Unf\u00e4llen im Zusammenhang mit der Handhabung.<\/p>\n<\/li>\n<li data-start=\"1204\" data-end=\"1434\">\n<p data-start=\"1206\" data-end=\"1434\" data-rm-block-id=\"block-13\"><strong data-start=\"1206\" data-end=\"1240\">Verbesserte Prozesswiederholbarkeit<\/strong><br data-start=\"1240\" data-end=\"1243\" \/>Eine gleichm\u00e4\u00dfige mechanische Belastung gew\u00e4hrleistet eine wiederholbare Positionierung der Leiterplatten am Linieneingang und unterst\u00fctzt so einen stabilen L\u00f6tpastendruck sowie eine hohe Platzierungsgenauigkeit f\u00fcr Ger\u00e4testeuerungs- und Leistungsplatinen.<\/p>\n<\/li>\n<li data-start=\"1436\" data-end=\"1672\">\n<p data-start=\"1438\" data-end=\"1672\" data-rm-block-id=\"block-14\"><strong data-start=\"1438\" data-end=\"1482\">Skalierbare Automatisierung f\u00fcr Fabrikmodernisierungen<\/strong><br data-start=\"1482\" data-end=\"1485\" \/>Das YL-390 dient als grundlegendes Automatisierungsmodul, das sich problemlos in zuk\u00fcnftige Smart-Factory- oder Linienerweiterungsprojekte im Bereich der Hausger\u00e4teelektronikfertigung integrieren l\u00e4sst.<\/p>\n<\/li>\n<\/ul>\n<p>&nbsp;<\/p>\n<p data-rm-block-id=\"block-16\"><img loading=\"lazy\" decoding=\"async\" class=\"alignnone wp-image-23040 aligncenter\" src=\"https:\/\/esmte.com\/wp-content\/uploads\/2025\/12\/PCB-Board2.webp\" alt=\"\" width=\"779\" height=\"481\" srcset=\"https:\/\/esmte.com\/wp-content\/uploads\/2025\/12\/PCB-Board2.webp 1986w, https:\/\/esmte.com\/wp-content\/uploads\/2025\/12\/PCB-Board2-600x370.webp 600w, https:\/\/esmte.com\/wp-content\/uploads\/2025\/12\/PCB-Board2-300x185.webp 300w, https:\/\/esmte.com\/wp-content\/uploads\/2025\/12\/PCB-Board2-1024x632.webp 1024w, https:\/\/esmte.com\/wp-content\/uploads\/2025\/12\/PCB-Board2-768x474.webp 768w, https:\/\/esmte.com\/wp-content\/uploads\/2025\/12\/PCB-Board2-1536x947.webp 1536w, https:\/\/esmte.com\/wp-content\/uploads\/2025\/12\/PCB-Board2-1x1.webp 1w, https:\/\/esmte.com\/wp-content\/uploads\/2025\/12\/PCB-Board2-10x6.webp 10w\" sizes=\"auto, (max-width: 779px) 100vw, 779px\" \/><\/p>\n<p data-rm-block-id=\"block-16\">\n<h2 data-rm-block-id=\"block-18\">Spezifikationen<\/h2>\n<table style=\"border-collapse: collapse; width: 1299px; height: 194px;\" border=\"0\" width=\"689\" cellspacing=\"0\" cellpadding=\"0\">\n<tbody>\n<tr style=\"height: 13.50pt;\">\n<td class=\"et2\" style=\"height: 13.5pt; width: 90pt; text-align: center;\" width=\"120\" height=\"18\" data-rm-block-id=\"block-19\">Modell<\/td>\n<td class=\"et2\" style=\"width: 106.5pt; text-align: center;\" width=\"142\" data-rm-block-id=\"block-20\">YL-250<\/td>\n<td class=\"et2\" style=\"width: 106.5pt; text-align: center;\" width=\"142\" data-rm-block-id=\"block-21\">YL-330<\/td>\n<td class=\"et2\" style=\"width: 106.5pt; text-align: center;\" width=\"142\" data-rm-block-id=\"block-22\">YL-390<\/td>\n<td class=\"et2\" style=\"width: 107.25pt; text-align: center;\" width=\"143\" data-rm-block-id=\"block-23\">YL-450<\/td>\n<\/tr>\n<tr style=\"height: 13.50pt;\">\n<td class=\"et3\" style=\"height: 13.5pt; width: 90pt; text-align: center;\" width=\"120\" height=\"18\" data-rm-block-id=\"block-24\">Abmessung (mm)<\/td>\n<td class=\"et3\" style=\"width: 106.5pt; text-align: center;\" width=\"142\" data-rm-block-id=\"block-25\">1330*765*1250<\/td>\n<td class=\"et3\" style=\"width: 106.5pt; text-align: center;\" width=\"142\" data-rm-block-id=\"block-26\">1650*845*1250<\/td>\n<td class=\"et3\" style=\"width: 106.5pt; text-align: center;\" width=\"142\" data-rm-block-id=\"block-27\">1800*909*1250<\/td>\n<td class=\"et3\" style=\"width: 107.25pt; text-align: center;\" width=\"143\" data-rm-block-id=\"block-28\">1800*970*1250<\/td>\n<\/tr>\n<tr style=\"height: 13.50pt;\">\n<td class=\"et3\" style=\"height: 13.5pt; width: 90pt; text-align: center;\" width=\"120\" height=\"18\" data-rm-block-id=\"block-29\">Leiterplattengr\u00f6\u00dfe (mm)<\/td>\n<td class=\"et3\" style=\"width: 106.5pt; text-align: center;\" width=\"142\" data-rm-block-id=\"block-30\">50*50-330*250<\/td>\n<td class=\"et3\" style=\"width: 106.5pt; text-align: center;\" width=\"142\" data-rm-block-id=\"block-31\">50*50-445*330<\/td>\n<td class=\"et3\" style=\"width: 106.5pt; text-align: center;\" width=\"142\" data-rm-block-id=\"block-32\">50*50-530*390<\/td>\n<td class=\"et3\" style=\"width: 107.25pt; text-align: center;\" width=\"143\" data-rm-block-id=\"block-33\">50*50-530*460<\/td>\n<\/tr>\n<tr style=\"height: 13.50pt;\">\n<td class=\"et3\" style=\"height: 13.5pt; width: 90pt; text-align: center;\" width=\"120\" height=\"18\" data-rm-block-id=\"block-34\">Gestellgr\u00f6\u00dfe (mm)<\/td>\n<td class=\"et3\" style=\"width: 106.5pt; text-align: center;\" width=\"142\" data-rm-block-id=\"block-35\">355*320*563<\/td>\n<td class=\"et3\" style=\"width: 106.5pt; text-align: center;\" width=\"142\" data-rm-block-id=\"block-36\">460*400*563<\/td>\n<td class=\"et3\" style=\"width: 106.5pt; text-align: center;\" width=\"142\" data-rm-block-id=\"block-37\">535*460*563<\/td>\n<td class=\"et3\" style=\"width: 107.25pt; text-align: center;\" width=\"143\" data-rm-block-id=\"block-38\">535*530*563<\/td>\n<\/tr>\n<tr style=\"height: 27.00pt;\">\n<td class=\"et3\" style=\"height: 27pt; width: 90pt; text-align: center;\" width=\"120\" height=\"36\" data-rm-block-id=\"block-39\">Steuerungssystem<\/td>\n<td class=\"et3\" style=\"width: 426.75pt; text-align: center;\" colspan=\"4\" width=\"569\" data-rm-block-id=\"block-40\">SPS<\/td>\n<\/tr>\n<tr style=\"height: 27.00pt;\">\n<td class=\"et3\" style=\"height: 27pt; width: 90pt; text-align: center;\" width=\"120\" height=\"36\" data-rm-block-id=\"block-41\">Stromversorgung<\/td>\n<td class=\"et3\" style=\"width: 426.75pt; text-align: center;\" colspan=\"4\" width=\"569\" data-rm-block-id=\"block-42\">1-phasig Wechselstrom 220 V 50\/60 Hz (Option: 110 V bis 380 V)<\/td>\n<\/tr>\n<tr style=\"height: 13.50pt;\">\n<td class=\"et3\" style=\"height: 13.5pt; width: 90pt; text-align: center;\" width=\"120\" height=\"18\" data-rm-block-id=\"block-43\">Gewicht<\/td>\n<td class=\"et3\" style=\"width: 106.5pt; text-align: center;\" width=\"142\" data-rm-block-id=\"block-44\">160 kg<\/td>\n<td class=\"et3\" style=\"width: 106.5pt; text-align: center;\" width=\"142\" data-rm-block-id=\"block-45\">220 kg<\/td>\n<td class=\"et3\" style=\"width: 106.5pt; text-align: center;\" width=\"142\" data-rm-block-id=\"block-46\">280 kg<\/td>\n<td class=\"et3\" style=\"width: 107.25pt; text-align: center;\" width=\"143\" data-rm-block-id=\"block-47\">340 kg<\/td>\n<\/tr>\n<\/tbody>\n<\/table>\n<p data-rm-block-id=\"block-49\">\n<p data-rm-block-id=\"block-49\"><a href=\"https:\/\/www.youtube.com\/@allaismt\" rel=\"nofollow noopener\" target=\"_blank\"><u>https:\/\/www.youtube.com\/@allaismt<\/u><\/a><\/p>\n<p data-rm-block-id=\"block-50\">F\u00fcr weitere Informationen zum vollautomatischen SMT-Leiterplattenlader YL-390 senden Sie bitte eine E-Mail an<\/p>\n<p data-rm-block-id=\"block-51\"><a href=\"mailto:sophia@allaismt.com\"><u>sophia@allaismt.com<\/u><\/a><\/p>\n<p data-rm-block-id=\"block-52\">Wir werden Ihre Anfrage umgehend beantworten und Ihnen detaillierte Informationen \u00fcber unsere Produkte und Dienstleistungen zukommen lassen.<\/p>\n<p data-rm-block-id=\"block-53\">","protected":false},"excerpt":{"rendered":"<p>Beschreibung: Die <strong data-start=\"4\" data-end=\"39\">Vollautomatischer SMT-Leiterplattenlader YL-390<\/strong> ist ein effizientes, vorgelagertes Automatisierungsger\u00e4t f\u00fcr die zuverl\u00e4ssige Leiterplattenzuf\u00fchrung in SMT-Fertigungslinien. Es transportiert unbest\u00fcckte Leiterplatten automatisch aus den Magazinen auf das F\u00f6rderband und gew\u00e4hrleistet so einen reibungslosen Anlauf und kontinuierlichen Betrieb. Ideal geeignet f\u00fcr die Herstellung von Elektronik f\u00fcr Haushaltsger\u00e4te, unterst\u00fctzt es die Serienfertigung durch Reduzierung manueller Eingriffe, Verbesserung der Linienkonsistenz und Sicherstellung einer zuverl\u00e4ssigen PCBA-Qualit\u00e4t in schnelllebigen und kostensensiblen Produktionsumgebungen.<\/p>\n<p>Mindestbestellmenge: 1 St\u00fcck<\/p>\n<p>Lieferzeit: 15 Tage<\/p>","protected":false},"featured_media":23048,"comment_status":"closed","ping_status":"closed","template":"","meta":[],"etheme_brands":[],"product_brand":[],"product_cat":[144,131],"product_tag":[],"class_list":{"0":"post-23047","1":"product","2":"type-product","3":"status-publish","4":"has-post-thumbnail","6":"product_cat-pcb-handling-machine","7":"product_cat-smt-peripheral-equipment","9":"first","10":"instock","11":"shipping-taxable","12":"product-type-simple"},"_links":{"self":[{"href":"https:\/\/esmte.com\/de\/wp-json\/wp\/v2\/product\/23047","targetHints":{"allow":["GET"]}}],"collection":[{"href":"https:\/\/esmte.com\/de\/wp-json\/wp\/v2\/product"}],"about":[{"href":"https:\/\/esmte.com\/de\/wp-json\/wp\/v2\/types\/product"}],"replies":[{"embeddable":true,"href":"https:\/\/esmte.com\/de\/wp-json\/wp\/v2\/comments?post=23047"}],"version-history":[{"count":1,"href":"https:\/\/esmte.com\/de\/wp-json\/wp\/v2\/product\/23047\/revisions"}],"predecessor-version":[{"id":23052,"href":"https:\/\/esmte.com\/de\/wp-json\/wp\/v2\/product\/23047\/revisions\/23052"}],"wp:featuredmedia":[{"embeddable":true,"href":"https:\/\/esmte.com\/de\/wp-json\/wp\/v2\/media\/23048"}],"wp:attachment":[{"href":"https:\/\/esmte.com\/de\/wp-json\/wp\/v2\/media?parent=23047"}],"wp:term":[{"taxonomy":"brand","embeddable":true,"href":"https:\/\/esmte.com\/de\/wp-json\/wp\/v2\/etheme_brands?post=23047"},{"taxonomy":"product_brand","embeddable":true,"href":"https:\/\/esmte.com\/de\/wp-json\/wp\/v2\/product_brand?post=23047"},{"taxonomy":"product_cat","embeddable":true,"href":"https:\/\/esmte.com\/de\/wp-json\/wp\/v2\/product_cat?post=23047"},{"taxonomy":"product_tag","embeddable":true,"href":"https:\/\/esmte.com\/de\/wp-json\/wp\/v2\/product_tag?post=23047"}],"curies":[{"name":"wp","href":"https:\/\/api.w.org\/{rel}","templated":true}]}}