{"id":23009,"date":"2025-12-11T09:22:41","date_gmt":"2025-12-11T09:22:41","guid":{"rendered":"https:\/\/esmte.com\/?post_type=product&#038;p=23009"},"modified":"2026-01-13T02:59:23","modified_gmt":"2026-01-13T02:59:23","slug":"water-spray-cleaner","status":"publish","type":"product","link":"https:\/\/esmte.com\/de\/products\/water-spray-cleaner\/","title":{"rendered":"SMT-Wasserspr\u00fchreiniger YWS-5600"},"content":{"rendered":"<h2>Einf\u00fchrung<\/h2>\n<p data-start=\"174\" data-end=\"439\">Der <strong>SMT<\/strong> <strong>Wasserspr\u00fchreiniger<\/strong> ist ein automatisiertes System zur Entfernung von Flussmittelr\u00fcckst\u00e4nden, Klebstoffen, Staub und anderen Verunreinigungen von Fertigungsvorrichtungen und Werkzeugen. Sein Hochdruckspr\u00fchverfahren und die pr\u00e4zise Durchflussregelung gew\u00e4hrleisten eine gr\u00fcndliche Reinigung ohne Besch\u00e4digung empfindlicher Oberfl\u00e4chen.<\/p>\n<p data-start=\"441\" data-end=\"699\">In <strong data-start=\"444\" data-end=\"467\">Medizinelektronik<\/strong>, Es reinigt ICT\/FCT-Testvorrichtungen, Mikromontagevorrichtungen und optische oder Sensorhalter und entfernt Partikel und R\u00fcckst\u00e4nde, die die Testgenauigkeit oder die Ger\u00e4teperformance beeintr\u00e4chtigen k\u00f6nnten. Dies gew\u00e4hrleistet eine gleichbleibende Qualit\u00e4t in empfindlichen Baugruppen.<\/p>\n<p data-start=\"701\" data-end=\"931\">Der <strong>SMT-Wasserspr\u00fchreiniger YWS-5600<\/strong> Unterst\u00fctzt Reflow- und Wellenl\u00f6tpaletten, Beschichtungs- und Dosiervorrichtungen sowie andere Pr\u00e4zisionswerkzeuge. Programmierbare Zyklen und anpassbare Parameter erm\u00f6glichen eine ma\u00dfgeschneiderte Reinigung f\u00fcr verschiedene Vorrichtungstypen und Produktionsanforderungen.<\/p>\n<p data-start=\"933\" data-end=\"1214\">Konzipiert f\u00fcr die Produktion von Kleinserien mit hoher Produktvielfalt, <strong>SMT-Wasserspr\u00fchreiniger YWS-5600<\/strong> Es reduziert den manuellen Arbeitsaufwand, minimiert Ausfallzeiten und verl\u00e4ngert die Lebensdauer der Vorrichtungen. Es verbessert die Prozessstabilit\u00e4t und tr\u00e4gt zu einer kontaminationsfreien, zuverl\u00e4ssigen Fertigung von Medizinelektronik und Pr\u00e4zisionsger\u00e4ten bei.<\/p>\n<p data-start=\"933\" data-end=\"1214\"><img loading=\"lazy\" decoding=\"async\" class=\"aligncenter wp-image-23011\" src=\"https:\/\/esmte.com\/wp-content\/uploads\/2025\/12\/Water-Spray-Cleaner-scaled.webp\" alt=\"SMT Water Spray Cleaner\" width=\"679\" height=\"695\" srcset=\"https:\/\/esmte.com\/wp-content\/uploads\/2025\/12\/Water-Spray-Cleaner-scaled.webp 2502w, https:\/\/esmte.com\/wp-content\/uploads\/2025\/12\/Water-Spray-Cleaner-scaled-600x614.webp 600w, https:\/\/esmte.com\/wp-content\/uploads\/2025\/12\/Water-Spray-Cleaner-293x300.webp 293w, https:\/\/esmte.com\/wp-content\/uploads\/2025\/12\/Water-Spray-Cleaner-1001x1024.webp 1001w, https:\/\/esmte.com\/wp-content\/uploads\/2025\/12\/Water-Spray-Cleaner-768x786.webp 768w, https:\/\/esmte.com\/wp-content\/uploads\/2025\/12\/Water-Spray-Cleaner-1501x1536.webp 1501w, https:\/\/esmte.com\/wp-content\/uploads\/2025\/12\/Water-Spray-Cleaner-2001x2048.webp 2001w, https:\/\/esmte.com\/wp-content\/uploads\/2025\/12\/Water-Spray-Cleaner-1x1.webp 1w, https:\/\/esmte.com\/wp-content\/uploads\/2025\/12\/Water-Spray-Cleaner-10x10.webp 10w\" sizes=\"auto, (max-width: 679px) 100vw, 679px\" \/><\/p>\n<h2 data-start=\"73\" data-end=\"173\"><strong data-start=\"76\" data-end=\"173\">Anwendungen von Wasserspr\u00fchreinigern in der Medizinelektronik und in Fabriken f\u00fcr Pr\u00e4zisionsinstrumente<\/strong><\/h2>\n<p data-start=\"175\" data-end=\"419\"><strong data-start=\"175\" data-end=\"219\">1. Reinigung von hochpr\u00e4zisen Pr\u00fcfvorrichtungen<\/strong><br data-start=\"219\" data-end=\"222\" \/>Wasserspr\u00fchreiniger entfernen effektiv Staub, Klebstoffreste und Flussmittel von ICT\/FCT- und Kalibrierpr\u00fcfvorrichtungen, die in der Medizinelektronik eingesetzt werden, und gew\u00e4hrleisten so genaue und reproduzierbare Testergebnisse.<\/p>\n<p data-start=\"421\" data-end=\"682\"><strong data-start=\"421\" data-end=\"470\">2. Reinigung von Vorrichtungen f\u00fcr die mikroelektronische Montage<\/strong><br data-start=\"470\" data-end=\"473\" \/>Bei der Montage empfindlicher Ger\u00e4te wie Herzschrittmacher, Diagnosemodule oder Sensorplatinen entfernt das Reinigungsmittel feine Partikel, die die Funktionalit\u00e4t der Komponenten oder die Zuverl\u00e4ssigkeit des Ger\u00e4ts beeintr\u00e4chtigen k\u00f6nnten.<\/p>\n<p data-start=\"684\" data-end=\"968\"><strong data-start=\"684\" data-end=\"738\">3. Reinigung von Vorrichtungen f\u00fcr optische und bildgebende Ger\u00e4te<\/strong><br data-start=\"738\" data-end=\"741\" \/>Bauteile in optischen Pr\u00e4zisionsinstrumenten und bildgebenden Verfahren, wie Linsen und Sensorhalter, ben\u00f6tigen kontaminationsfreie Oberfl\u00e4chen. Wasserspr\u00fchreiniger entfernen Mikropartikel und R\u00fcckst\u00e4nde, ohne empfindliche Oberfl\u00e4chen zu besch\u00e4digen.<\/p>\n<p data-start=\"970\" data-end=\"1226\"><strong data-start=\"970\" data-end=\"1013\">4. Reinigung von Beschichtungs- und Dosiervorrichtungen<\/strong><br data-start=\"1013\" data-end=\"1016\" \/>Klebstoffreste, Spr\u00fchnebel von Schutzlackierungen oder Aush\u00e4rtungsr\u00fcckst\u00e4nde an Dosier- und Beschichtungsvorrichtungen werden gr\u00fcndlich entfernt, um eine gleichm\u00e4\u00dfige Applikation zu gew\u00e4hrleisten und Defekte in medizinischen Elektronikmodulen zu vermeiden.<\/p>\n<p data-start=\"1228\" data-end=\"1473\"><strong data-start=\"1228\" data-end=\"1278\">5. Unterst\u00fctzung der Produktion von Kleinserien mit hoher Produktvielfalt<\/strong><br data-start=\"1278\" data-end=\"1281\" \/>Wasserspr\u00fchreiniger erm\u00f6glichen die schnelle Reinigung verschiedener Ger\u00e4tetypen in Laboren und bei der Herstellung von Medizinprodukten in Kleinserien, wodurch die Reinheitsstandards eingehalten und gleichzeitig Ausfallzeiten reduziert werden.<\/p>\n<p data-start=\"1475\" data-end=\"1730\"><strong data-start=\"1475\" data-end=\"1524\">6. Verl\u00e4ngerung der Lebensdauer und Zuverl\u00e4ssigkeit der Vorrichtungen<\/strong><br data-start=\"1524\" data-end=\"1527\" \/>Durch die Entfernung von R\u00fcckst\u00e4nden ohne manuelles Schrubben sch\u00fctzt der Reiniger Pr\u00e4zisionsvorrichtungen vor Verschlei\u00df, verl\u00e4ngert die Lebensdauer und gew\u00e4hrleistet eine gleichbleibende Leistung bei wiederholten Produktions- oder Testzyklen.<\/p>\n<h2 data-start=\"1475\" data-end=\"1730\">Reinigungsprozess<\/h2>\n<p data-start=\"1475\" data-end=\"1730\"><img loading=\"lazy\" decoding=\"async\" class=\"alignnone size-full wp-image-23012\" src=\"https:\/\/esmte.com\/wp-content\/uploads\/2025\/12\/1-4.webp\" alt=\"\" width=\"2540\" height=\"958\" srcset=\"https:\/\/esmte.com\/wp-content\/uploads\/2025\/12\/1-4.webp 2540w, https:\/\/esmte.com\/wp-content\/uploads\/2025\/12\/1-4-600x226.webp 600w, https:\/\/esmte.com\/wp-content\/uploads\/2025\/12\/1-4-300x113.webp 300w, https:\/\/esmte.com\/wp-content\/uploads\/2025\/12\/1-4-1024x386.webp 1024w, https:\/\/esmte.com\/wp-content\/uploads\/2025\/12\/1-4-768x290.webp 768w, https:\/\/esmte.com\/wp-content\/uploads\/2025\/12\/1-4-1536x579.webp 1536w, https:\/\/esmte.com\/wp-content\/uploads\/2025\/12\/1-4-2048x772.webp 2048w, https:\/\/esmte.com\/wp-content\/uploads\/2025\/12\/1-4-1x1.webp 1w, https:\/\/esmte.com\/wp-content\/uploads\/2025\/12\/1-4-10x4.webp 10w\" sizes=\"auto, (max-width: 2540px) 100vw, 2540px\" \/><\/p>\n<h2 data-start=\"1475\" data-end=\"1730\">Wirkung<\/h2>\n<p data-start=\"1475\" data-end=\"1730\"><img loading=\"lazy\" decoding=\"async\" class=\"alignnone size-full wp-image-23013\" src=\"https:\/\/esmte.com\/wp-content\/uploads\/2025\/12\/2-2.webp\" alt=\"\" width=\"2494\" height=\"975\" srcset=\"https:\/\/esmte.com\/wp-content\/uploads\/2025\/12\/2-2.webp 2494w, https:\/\/esmte.com\/wp-content\/uploads\/2025\/12\/2-2-600x235.webp 600w, https:\/\/esmte.com\/wp-content\/uploads\/2025\/12\/2-2-300x117.webp 300w, https:\/\/esmte.com\/wp-content\/uploads\/2025\/12\/2-2-1024x400.webp 1024w, https:\/\/esmte.com\/wp-content\/uploads\/2025\/12\/2-2-768x300.webp 768w, https:\/\/esmte.com\/wp-content\/uploads\/2025\/12\/2-2-1536x600.webp 1536w, https:\/\/esmte.com\/wp-content\/uploads\/2025\/12\/2-2-2048x801.webp 2048w, https:\/\/esmte.com\/wp-content\/uploads\/2025\/12\/2-2-1x1.webp 1w, https:\/\/esmte.com\/wp-content\/uploads\/2025\/12\/2-2-10x4.webp 10w\" sizes=\"auto, (max-width: 2494px) 100vw, 2494px\" \/><\/p>\n<h2>Spezifikationen<\/h2>\n<table style=\"border-collapse: collapse; width: 1299px; height: 359px;\" border=\"0\" width=\"559\" cellspacing=\"0\" cellpadding=\"0\">\n<tbody>\n<tr style=\"height: 15.00pt;\">\n<td class=\"et2\" style=\"height: 15pt; width: 129.75pt; text-align: center;\" width=\"173\" height=\"20\">Modell<\/td>\n<td class=\"et3\" style=\"width: 289.5pt; text-align: center;\" width=\"386\">YWS-5600<\/td>\n<\/tr>\n<tr style=\"height: 15.00pt;\">\n<td class=\"et4\" style=\"height: 15pt; width: 129.75pt; text-align: center;\" width=\"173\" height=\"20\">Gr\u00f6\u00dfe des Reinigungskorbs<\/td>\n<td class=\"et5\" style=\"width: 289.5pt; text-align: center;\" width=\"386\">L610 x B560 x H100 (mm) x 2 Schichten<\/td>\n<\/tr>\n<tr style=\"height: 15.00pt;\">\n<td class=\"et4\" style=\"height: 15pt; width: 129.75pt; text-align: center;\" width=\"173\" height=\"20\">Spr\u00fchtankkapazit\u00e4t<\/td>\n<td class=\"et5\" style=\"width: 289.5pt; text-align: center;\" width=\"386\">17L<\/td>\n<\/tr>\n<tr style=\"height: 15.00pt;\">\n<td class=\"et4\" style=\"height: 15pt; width: 129.75pt; text-align: center;\" width=\"173\" height=\"20\">Konzentratkapazit\u00e4t<\/td>\n<td class=\"et5\" style=\"width: 289.5pt; text-align: center;\" width=\"386\">32 l<\/td>\n<\/tr>\n<tr style=\"height: 15.00pt;\">\n<td class=\"et4\" style=\"height: 15pt; width: 129.75pt; text-align: center;\" width=\"173\" height=\"20\">Verd\u00fcnnungskapazit\u00e4t<\/td>\n<td class=\"et5\" style=\"width: 289.5pt; text-align: center;\" width=\"386\">60 l<\/td>\n<\/tr>\n<tr style=\"height: 15.00pt;\">\n<td class=\"et4\" style=\"height: 15pt; width: 129.75pt; text-align: center;\" width=\"173\" height=\"20\">Waschmitteltemperatur<\/td>\n<td class=\"et5\" style=\"width: 289.5pt; text-align: center;\" width=\"386\">Raumtemperatur ~60<span class=\"font3\">\u2103<\/span><\/td>\n<\/tr>\n<tr style=\"height: 15.00pt;\">\n<td class=\"et4\" style=\"height: 15pt; width: 129.75pt; text-align: center;\" width=\"173\" height=\"20\">PCB-Hei\u00dfluft-Tagestemperatur<\/td>\n<td class=\"et5\" style=\"width: 289.5pt; text-align: center;\" width=\"386\">Raumtemperatur ~99<span class=\"font3\">\u2103<\/span><\/td>\n<\/tr>\n<tr style=\"height: 15.00pt;\">\n<td class=\"et4\" style=\"height: 15pt; width: 129.75pt; text-align: center;\" width=\"173\" height=\"20\">Widerstandsbereich<\/td>\n<td class=\"et5\" style=\"width: 289.5pt; text-align: center;\" width=\"386\">0~18M\u03a9<\/td>\n<\/tr>\n<tr style=\"height: 15.00pt;\">\n<td class=\"et6\" style=\"height: 15pt; width: 129.75pt; text-align: center;\" width=\"173\" height=\"20\">Waschmittelfilter<\/td>\n<td class=\"et7\" style=\"width: 289.5pt; text-align: center;\" width=\"386\">0,22 \u00b5m<\/td>\n<\/tr>\n<tr style=\"height: 15.00pt;\">\n<td class=\"et6\" style=\"height: 15pt; width: 129.75pt; text-align: center;\" width=\"173\" height=\"20\">DI-Wasserversorgung<\/td>\n<td class=\"et7\" style=\"width: 289.5pt; text-align: center;\" width=\"386\">30\u201365 l\/min<\/td>\n<\/tr>\n<tr style=\"height: 15.00pt;\">\n<td class=\"et6\" style=\"height: 15pt; width: 129.75pt; text-align: center;\" width=\"173\" height=\"20\">Strom-\/Luftversorgung<\/td>\n<td class=\"et7\" style=\"width: 289.5pt; text-align: center;\" width=\"386\">AC380V\/50A\/50HZ,30KW,0,5MPa<\/td>\n<\/tr>\n<tr style=\"height: 15.00pt;\">\n<td class=\"et6\" style=\"height: 15pt; width: 129.75pt; text-align: center;\" width=\"173\" height=\"20\">Maschinengr\u00f6\u00dfe<\/td>\n<td class=\"et7\" style=\"width: 289.5pt; text-align: center;\" width=\"386\">L1300 x B1200 x H1850 (mm)<\/td>\n<\/tr>\n<tr style=\"height: 15.00pt;\">\n<td class=\"et8\" style=\"height: 15pt; width: 129.75pt; text-align: center;\" width=\"173\" height=\"20\">Maschinengewicht<\/td>\n<td class=\"et9\" style=\"width: 289.5pt; text-align: center;\" width=\"386\">460 kg<\/td>\n<\/tr>\n<\/tbody>\n<\/table>\n<p>&nbsp;<\/p>\n<p><a href=\"https:\/\/www.youtube.com\/@allaismt\" rel=\"nofollow noopener\" target=\"_blank\"><u>https:\/\/www.youtube.com\/@allaismt<\/u><\/a><\/p>\n<p>For more information about the <strong>SMT-Wasserspr\u00fchreiniger YWS-5600<\/strong>, Bitte senden Sie eine E-Mail an<\/p>\n<p><a href=\"mailto:sophia@allaismt.com\"><u>sophia@allaismt.com<\/u><\/a><\/p>\n<p>Wir werden Ihre Anfrage umgehend beantworten und Ihnen detaillierte Informationen \u00fcber unsere Produkte und Dienstleistungen zukommen lassen.<\/p>\n<p>&nbsp;<\/p>","protected":false},"excerpt":{"rendered":"<p>Beschreibung: Die <strong>SMT<\/strong> <strong>Wasserspr\u00fchreiniger<\/strong> ist ein automatisiertes System zur Entfernung von Flussmittelresten, Klebstoffen, Staub und anderen Verunreinigungen von Fertigungsvorrichtungen und Werkzeugen. Durch den Einsatz von Hochdruckwasserspr\u00fchnebel mit pr\u00e4ziser Durchflussregelung gew\u00e4hrleistet es eine gr\u00fcndliche Reinigung ohne Besch\u00e4digung empfindlicher Oberfl\u00e4chen. Ideal f\u00fcr SMT, THT, PCBA, Medizinelektronik und Pr\u00e4zisionsinstrumente, h\u00e4lt es Vorrichtungen kontaminationsfrei, verl\u00e4ngert die Werkzeuglebensdauer, unterst\u00fctzt die Fertigung mit hoher Produktvielfalt und reduziert den manuellen Arbeitsaufwand bei gleichzeitiger Verbesserung der Prozessstabilit\u00e4t und Produktqualit\u00e4t.<\/p>\n<p>Mindestbestellmenge: 1 St\u00fcck<\/p>\n<p>Lieferzeit: 15 Tage<\/p>","protected":false},"featured_media":23014,"comment_status":"closed","ping_status":"closed","template":"","meta":[],"etheme_brands":[],"product_brand":[],"product_cat":[156,196],"product_tag":[],"class_list":{"0":"post-23009","1":"product","2":"type-product","3":"status-publish","4":"has-post-thumbnail","6":"product_cat-pcb-cleaning-machine","7":"product_cat-water-spray-cleaning-machine","9":"first","10":"instock","11":"shipping-taxable","12":"product-type-simple"},"_links":{"self":[{"href":"https:\/\/esmte.com\/de\/wp-json\/wp\/v2\/product\/23009","targetHints":{"allow":["GET"]}}],"collection":[{"href":"https:\/\/esmte.com\/de\/wp-json\/wp\/v2\/product"}],"about":[{"href":"https:\/\/esmte.com\/de\/wp-json\/wp\/v2\/types\/product"}],"replies":[{"embeddable":true,"href":"https:\/\/esmte.com\/de\/wp-json\/wp\/v2\/comments?post=23009"}],"version-history":[{"count":1,"href":"https:\/\/esmte.com\/de\/wp-json\/wp\/v2\/product\/23009\/revisions"}],"predecessor-version":[{"id":23736,"href":"https:\/\/esmte.com\/de\/wp-json\/wp\/v2\/product\/23009\/revisions\/23736"}],"wp:featuredmedia":[{"embeddable":true,"href":"https:\/\/esmte.com\/de\/wp-json\/wp\/v2\/media\/23014"}],"wp:attachment":[{"href":"https:\/\/esmte.com\/de\/wp-json\/wp\/v2\/media?parent=23009"}],"wp:term":[{"taxonomy":"brand","embeddable":true,"href":"https:\/\/esmte.com\/de\/wp-json\/wp\/v2\/etheme_brands?post=23009"},{"taxonomy":"product_brand","embeddable":true,"href":"https:\/\/esmte.com\/de\/wp-json\/wp\/v2\/product_brand?post=23009"},{"taxonomy":"product_cat","embeddable":true,"href":"https:\/\/esmte.com\/de\/wp-json\/wp\/v2\/product_cat?post=23009"},{"taxonomy":"product_tag","embeddable":true,"href":"https:\/\/esmte.com\/de\/wp-json\/wp\/v2\/product_tag?post=23009"}],"curies":[{"name":"wp","href":"https:\/\/api.w.org\/{rel}","templated":true}]}}