{"id":22993,"date":"2025-12-11T07:23:27","date_gmt":"2025-12-11T07:23:27","guid":{"rendered":"https:\/\/esmte.com\/?post_type=product&#038;p=22993"},"modified":"2026-01-13T03:12:57","modified_gmt":"2026-01-13T03:12:57","slug":"fixture-cleaning-machine","status":"publish","type":"product","link":"https:\/\/esmte.com\/de\/products\/fixture-cleaning-machine\/","title":{"rendered":"SMT Horizontal NG&amp;OK Maschine YNO-250"},"content":{"rendered":"<h2>Einf\u00fchrung<\/h2>\n<p data-start=\"127\" data-end=\"460\">Der <strong>SMT<\/strong> <strong>Reinigungsmaschine f\u00fcr Einrichtungsgegenst\u00e4nde<\/strong> ist eine automatisierte L\u00f6sung zur Entfernung von Flussmittelr\u00fcckst\u00e4nden, Klebstoffen, Staub und anderen Produktionsverunreinigungen von verschiedenen Fertigungsvorrichtungen. Da elektronische Baugruppen immer kompakter und pr\u00e4ziser werden, ist die Sauberkeit der Vorrichtungen unerl\u00e4sslich f\u00fcr stabile Prozesse und gleichbleibende Produktqualit\u00e4t.<\/p>\n<p data-start=\"462\" data-end=\"899\">Kernst\u00fcck des Systems ist ein hocheffizienter Spr\u00fchreinigungsmechanismus mit pr\u00e4ziser Temperatur- und Druckregelung. Er reinigt Reflow-Paletten, Wellenl\u00f6ttr\u00e4ger, ICT\/FCT-Testvorrichtungen, Beschichtungsvorrichtungen und Werkzeugrahmen in einem einzigen Zyklus. Optimierte Spr\u00fchd\u00fcsen und ein geschlossenes Filtersystem gew\u00e4hrleisten die gr\u00fcndliche Entfernung ausgeh\u00e4rteter R\u00fcckst\u00e4nde, ohne die Oberfl\u00e4chen der Vorrichtungen zu besch\u00e4digen oder die Ma\u00dfgenauigkeit zu beeintr\u00e4chtigen.<\/p>\n<p data-start=\"901\" data-end=\"1235\">Automatisierte Reinigungszyklen ersetzen unregelm\u00e4\u00dfige manuelle Arbeiten, reduzieren den Arbeitsaufwand und verbessern die Wiederholgenauigkeit. Programmierbare Parameter erm\u00f6glichen es dem Bedienpersonal, die Reinigungsmodi an verschiedene Anlagentypen anzupassen, und das integrierte Filtersystem minimiert den Chemikalienverbrauch, verl\u00e4ngert die Lebensdauer der Reinigungsl\u00f6sung und senkt die Betriebskosten.<\/p>\n<p data-start=\"1237\" data-end=\"1536\">Mit Kompatibilit\u00e4t f\u00fcr SMT-, THT- und PCBA-Produktionsabl\u00e4ufe, <strong>SMT<\/strong> <strong>Reinigungsmaschine f\u00fcr Einrichtungsgegenst\u00e4nde<\/strong> Es eignet sich f\u00fcr Produktionsumgebungen mit hohem Produktmix, in denen Vorrichtungen h\u00e4ufig gewechselt werden. Seine robuste Konstruktion, der benutzerfreundliche Wartungszugang und die automatisierten Alarmfunktionen gew\u00e4hrleisten langfristige Zuverl\u00e4ssigkeit f\u00fcr den Dauerbetrieb.<\/p>\n<p data-start=\"1538\" data-end=\"1923\">Insgesamt <strong>SMT Horizontal NG&amp;OK Maschine YNO-250<\/strong> Es verbessert die Produktionsstabilit\u00e4t, verl\u00e4ngert die Lebensdauer der Vorrichtungen und erh\u00f6ht die Produktzuverl\u00e4ssigkeit. Durch einen kontrollierten, reproduzierbaren und kontaminationsfreien Reinigungsprozess bietet es eine zuverl\u00e4ssige L\u00f6sung f\u00fcr die moderne Elektronikfertigung in den Bereichen Mobilger\u00e4te, Automobilelektronik, Medizintechnik und industrielle Steuerungssysteme.<\/p>\n<p data-start=\"1538\" data-end=\"1923\"><img loading=\"lazy\" decoding=\"async\" class=\"alignnone wp-image-22994 aligncenter\" src=\"https:\/\/esmte.com\/wp-content\/uploads\/2025\/12\/11-40.webp\" alt=\"Fixture Cleaning Machine\" width=\"657\" height=\"657\" srcset=\"https:\/\/esmte.com\/wp-content\/uploads\/2025\/12\/11-40.webp 2560w, https:\/\/esmte.com\/wp-content\/uploads\/2025\/12\/11-40-100x100.webp 100w, https:\/\/esmte.com\/wp-content\/uploads\/2025\/12\/11-40-600x600.webp 600w, https:\/\/esmte.com\/wp-content\/uploads\/2025\/12\/11-40-300x300.webp 300w, https:\/\/esmte.com\/wp-content\/uploads\/2025\/12\/11-40-1024x1024.webp 1024w, https:\/\/esmte.com\/wp-content\/uploads\/2025\/12\/11-40-150x150.webp 150w, https:\/\/esmte.com\/wp-content\/uploads\/2025\/12\/11-40-768x768.webp 768w, https:\/\/esmte.com\/wp-content\/uploads\/2025\/12\/11-40-1536x1536.webp 1536w, https:\/\/esmte.com\/wp-content\/uploads\/2025\/12\/11-40-2048x2048.webp 2048w, https:\/\/esmte.com\/wp-content\/uploads\/2025\/12\/11-40-1x1.webp 1w, https:\/\/esmte.com\/wp-content\/uploads\/2025\/12\/11-40-10x10.webp 10w\" sizes=\"auto, (max-width: 657px) 100vw, 657px\" \/><\/p>\n<h2 data-start=\"136\" data-end=\"215\"><strong data-start=\"139\" data-end=\"215\">Wie die SMT-Befestigungsreinigungsmaschine in Mobiltelefonfabriken verwendet wird<\/strong><\/h2>\n<p data-start=\"217\" data-end=\"304\"><strong data-start=\"221\" data-end=\"302\">1. Reinigungsvorrichtungen f\u00fcr Smartphone-Hauptplatinen (Reflow- und Wellenl\u00f6tpaletten)<\/strong><\/p>\n<p data-start=\"305\" data-end=\"597\">Smartphone-Leiterplatten sind kompakt und dicht best\u00fcckt, weshalb saubere, kontaminationsfreie Werkzeuge erforderlich sind. Die Vorrichtungsreinigungsmaschine entfernt Flussmittelreste, \u00d6le und Verunreinigungen von Reflow- und Wellenl\u00f6tpaletten und gew\u00e4hrleistet so eine gleichbleibende Qualit\u00e4t und verhindert die Kontamination nachfolgender Produktionschargen.<\/p>\n<p data-start=\"599\" data-end=\"646\"><strong data-start=\"603\" data-end=\"644\">2. Reinigung der ICT- und FCT-Testvorrichtungen<\/strong><\/p>\n<p data-start=\"647\" data-end=\"966\">Die Produktion mobiler Elektronik ist stark von ICT- und FCT-Tests abh\u00e4ngig. Mit der Zeit sammeln sich auf den Testvorrichtungen Staub, L\u00f6tpaste, Fingerabdr\u00fccke und R\u00fcckst\u00e4nde an, die die Zuverl\u00e4ssigkeit des Pr\u00fcfspitzenkontakts beeintr\u00e4chtigen. Die automatisierte Reinigung der Vorrichtungen stellt die Sauberkeit wieder her, verbessert die Genauigkeit der elektrischen Tests und reduziert Fehlalarme und \u00fcbersehene Defekte.<\/p>\n<p data-start=\"968\" data-end=\"1020\"><strong data-start=\"972\" data-end=\"1018\">3. Reinigung der Montagevorrichtungen f\u00fcr den Akku<\/strong><\/p>\n<p data-start=\"1021\" data-end=\"1300\">Bei der Montage von Smartphone-Akkus sammeln sich h\u00e4ufig Klebstoffreste, Partikel und Nickelabrieb an den Vorrichtungen. Die Reinigungsmaschine entfernt diese Verunreinigungen effektiv, verhindert so das Eindringen von Fremdk\u00f6rpern in den Akkubereich und verbessert die Sicherheit sowie die Montagekonsistenz.<\/p>\n<p data-start=\"1302\" data-end=\"1363\"><strong data-start=\"1306\" data-end=\"1361\">4. Reinigung von Beschichtungs- und Dosieranlagen<\/strong><\/p>\n<p data-start=\"1364\" data-end=\"1638\">Schutzbeschichtungs- und Klebstoffauftragsprozesse hinterlassen ausgeh\u00e4rtete Materialreste auf den Vorrichtungen, was die Ma\u00dfgenauigkeit und Anwendungsstabilit\u00e4t beeintr\u00e4chtigt. Die Vorrichtungsreinigungsmaschine entfernt diese verh\u00e4rteten R\u00fcckst\u00e4nde und Ablagerungen und gew\u00e4hrleistet so eine pr\u00e4zise Beschichtung und einen gleichm\u00e4\u00dfigen Klebstoffauftrag.<\/p>\n<p data-start=\"1640\" data-end=\"1699\"><strong data-start=\"1644\" data-end=\"1697\">5. Reinigungsvorrichtungen f\u00fcr die Kameramodulproduktion<\/strong><\/p>\n<p data-start=\"1700\" data-end=\"1960\">Kameramodule erfordern h\u00f6chste Reinheit. Die Reinigungsmaschine entfernt Mikrostaub, Klebstoffreste und Flussmittelr\u00fcckst\u00e4nde von den Montagevorrichtungen der Kamera und gew\u00e4hrleistet so, dass empfindliche Bauteile wie Objektive und Bildsensoren gesch\u00fctzt und fehlerfrei bleiben.<\/p>\n<p data-start=\"1962\" data-end=\"2029\"><strong data-start=\"1966\" data-end=\"2027\">6. Unterst\u00fctzung einer mobilen Produktion mit hoher Produktvielfalt und hohem Durchsatz<\/strong><\/p>\n<p data-start=\"2030\" data-end=\"2281\">Die Herstellung mobiler Ger\u00e4te ist durch h\u00e4ufige Modellwechsel und einen intensiven Einsatz von Vorrichtungen gekennzeichnet. Die automatisierte Vorrichtungsreinigung beschleunigt die Vorrichtungswechsel, reduziert den manuellen Arbeitsaufwand und gew\u00e4hrleistet eine stabile, kontinuierliche Produktion f\u00fcr schnelllebige Smartphone-Montagelinien.<\/p>\n<p data-start=\"1538\" data-end=\"1923\"><img loading=\"lazy\" decoding=\"async\" class=\"aligncenter wp-image-22995\" src=\"https:\/\/esmte.com\/wp-content\/uploads\/2025\/12\/\u56fe\u72474-scaled.webp\" alt=\"\" width=\"1055\" height=\"831\" srcset=\"https:\/\/esmte.com\/wp-content\/uploads\/2025\/12\/\u56fe\u72474-scaled.webp 2560w, https:\/\/esmte.com\/wp-content\/uploads\/2025\/12\/\u56fe\u72474-scaled-600x473.webp 600w, https:\/\/esmte.com\/wp-content\/uploads\/2025\/12\/\u56fe\u72474-300x236.webp 300w, https:\/\/esmte.com\/wp-content\/uploads\/2025\/12\/\u56fe\u72474-1024x807.webp 1024w, https:\/\/esmte.com\/wp-content\/uploads\/2025\/12\/\u56fe\u72474-768x605.webp 768w, https:\/\/esmte.com\/wp-content\/uploads\/2025\/12\/\u56fe\u72474-1536x1210.webp 1536w, https:\/\/esmte.com\/wp-content\/uploads\/2025\/12\/\u56fe\u72474-2048x1613.webp 2048w, https:\/\/esmte.com\/wp-content\/uploads\/2025\/12\/\u56fe\u72474-1x1.webp 1w, https:\/\/esmte.com\/wp-content\/uploads\/2025\/12\/\u56fe\u72474-10x8.webp 10w\" sizes=\"auto, (max-width: 1055px) 100vw, 1055px\" \/><\/p>\n<h2>Spezifikationen<\/h2>\n<table style=\"border-collapse: collapse; width: 924px; height: 356px;\" border=\"0\" width=\"528\" cellspacing=\"0\" cellpadding=\"0\">\n<tbody>\n<tr style=\"height: 15.00pt;\">\n<td class=\"et2\" style=\"height: 15pt; width: 141pt; text-align: center;\" width=\"188\" height=\"20\">Modell<\/td>\n<td class=\"et3\" style=\"width: 255pt; text-align: center;\" width=\"340\">YFC-5200<\/td>\n<\/tr>\n<tr style=\"height: 15.00pt;\">\n<td class=\"et4\" style=\"height: 15pt; width: 141pt; text-align: center;\" width=\"188\" height=\"20\">Gr\u00f6\u00dfe des Reinigungskorbs<\/td>\n<td class=\"et5\" style=\"width: 255pt; text-align: center;\" width=\"340\">\u00d8 1000 mm x H 200 mm. Sondergr\u00f6\u00dfenoption<\/td>\n<\/tr>\n<tr style=\"height: 15.00pt;\">\n<td class=\"et4\" style=\"height: 15pt; width: 141pt; text-align: center;\" width=\"188\" height=\"20\">Spr\u00fcheinheit<\/td>\n<td class=\"et5\" style=\"width: 255pt; text-align: center;\" width=\"340\">\u00d8 1000 mm x H 200 mm. Sondergr\u00f6\u00dfenoption<\/td>\n<\/tr>\n<tr style=\"height: 15.00pt;\">\n<td class=\"et4\" style=\"height: 15pt; width: 141pt; text-align: center;\" width=\"188\" height=\"20\">Spr\u00fcheinheit<\/td>\n<td class=\"et5\" style=\"width: 255pt; text-align: center;\" width=\"340\">Ober-\/Unter-\/Vorderseite, 720\u00b0-Rundumspr\u00fchung<\/td>\n<\/tr>\n<tr style=\"height: 15.00pt;\">\n<td class=\"et4\" style=\"height: 15pt; width: 141pt; text-align: center;\" width=\"188\" height=\"20\">3-stufiges Filtersystem<\/td>\n<td class=\"et5\" style=\"width: 255pt; text-align: center;\" width=\"340\">1 mm \/ 50 \u00b5m \/ 20 \u00b5m Filter<\/td>\n<\/tr>\n<tr style=\"height: 15.00pt;\">\n<td class=\"et4\" style=\"height: 15pt; width: 141pt; text-align: center;\" width=\"188\" height=\"20\">Druckluft<\/td>\n<td class=\"et5\" style=\"width: 255pt; text-align: center;\" width=\"340\">0,5\u20130,7 MPa<\/td>\n<\/tr>\n<tr style=\"height: 15.00pt;\">\n<td class=\"et4\" style=\"height: 15pt; width: 141pt; text-align: center;\" width=\"188\" height=\"20\">Kapazit\u00e4t des Reinraumtanks<\/td>\n<td class=\"et5\" style=\"width: 255pt; text-align: center;\" width=\"340\">80 l<\/td>\n<\/tr>\n<tr style=\"height: 15.00pt;\">\n<td class=\"et4\" style=\"height: 15pt; width: 141pt; text-align: center;\" width=\"188\" height=\"20\">Sp\u00fclwasser erhitzen<\/td>\n<td class=\"et5\" style=\"width: 255pt; text-align: center;\" width=\"340\"><span class=\"font1\">Raumtemperatur ~80<\/span><span class=\"font0\">\u2103<\/span><\/td>\n<\/tr>\n<tr style=\"height: 15.00pt;\">\n<td class=\"et4\" style=\"height: 15pt; width: 141pt; text-align: center;\" width=\"188\" height=\"20\">Hei\u00dfluftheizungstemperatur<\/td>\n<td class=\"et5\" style=\"width: 255pt; text-align: center;\" width=\"340\"><span class=\"font1\">Raumtemperatur ~90<\/span><span class=\"font0\">\u2103<\/span><\/td>\n<\/tr>\n<tr style=\"height: 15.00pt;\">\n<td class=\"et4\" style=\"height: 15pt; width: 141pt; text-align: center;\" width=\"188\" height=\"20\">Saubere Pumpenleistung<\/td>\n<td class=\"et5\" style=\"width: 255pt; text-align: center;\" width=\"340\">2,2 kW<\/td>\n<\/tr>\n<tr style=\"height: 15.00pt;\">\n<td class=\"et4\" style=\"height: 15pt; width: 141pt; text-align: center;\" width=\"188\" height=\"20\">Reinigungskraft<\/td>\n<td class=\"et5\" style=\"width: 255pt; text-align: center;\" width=\"340\">9 kW<\/td>\n<\/tr>\n<tr style=\"height: 15.00pt;\">\n<td class=\"et4\" style=\"height: 15pt; width: 141pt; text-align: center;\" width=\"188\" height=\"20\">Gebl\u00e4seleistung<\/td>\n<td class=\"et5\" style=\"width: 255pt; text-align: center;\" width=\"340\">4,0 kW<\/td>\n<\/tr>\n<tr style=\"height: 15.00pt;\">\n<td class=\"et4\" style=\"height: 15pt; width: 141pt; text-align: center;\" width=\"188\" height=\"20\">Stromversorgung<\/td>\n<td class=\"et5\" style=\"width: 255pt; text-align: center;\" width=\"340\">3 Phasen, 380 V Wechselstrom, 50\/60 Hz, 33 kW<\/td>\n<\/tr>\n<tr style=\"height: 15.00pt;\">\n<td class=\"et6\" style=\"height: 15pt; width: 141pt; text-align: center;\" width=\"188\" height=\"20\">Maschinengr\u00f6\u00dfe<\/td>\n<td class=\"et7\" style=\"width: 255pt; text-align: center;\" width=\"340\">L1380 x B2100 x H 1400 (mm)<\/td>\n<\/tr>\n<\/tbody>\n<\/table>\n<p>&nbsp;<\/p>\n<p><a href=\"https:\/\/www.youtube.com\/@allaismt\" rel=\"nofollow noopener\" target=\"_blank\"><u>https:\/\/www.youtube.com\/@allaismt<\/u><\/a><\/p>\n<p>For more information about the <strong>SMT Horizontal NG&amp;OK Maschine YNO-250<\/strong>, Bitte senden Sie eine E-Mail an<\/p>\n<p><a href=\"mailto:sophia@allaismt.com\"><u>sophia@allaismt.com<\/u><\/a><\/p>\n<p>Wir werden Ihre Anfrage umgehend beantworten und Ihnen detaillierte Informationen \u00fcber unsere Produkte und Dienstleistungen zukommen lassen.<\/p>\n<p>&nbsp;<\/p>","protected":false},"excerpt":{"rendered":"<p>Beschreibung: Die <strong>SMT<\/strong> <strong>Reinigungsmaschine f\u00fcr Einrichtungsgegenst\u00e4nde<\/strong> ist ein automatisiertes Reinigungssystem zur Entfernung von Flussmittelr\u00fcckst\u00e4nden, Klebstoffen, Staub und Verunreinigungen von verschiedenen Produktionsvorrichtungen. Mithilfe von Hochdruckspr\u00fchtechnologie, optimierten L\u00f6sungsmitteln und kontrollierten Reinigungszyklen versetzt es die Vorrichtungen in einen sauberen, sofort einsatzbereiten Zustand. Seine gleichbleibende Reinigungsleistung verbessert die Prozessstabilit\u00e4t, reduziert den manuellen Arbeitsaufwand und unterst\u00fctzt eine qualitativ hochwertige Produktion in SMT-, THT- und PCBA-Fertigungsumgebungen.<\/p>\n<p>Mindestbestellmenge: 1 St\u00fcck<\/p>\n<p>Lieferzeit: 15 Tage<\/p>","protected":false},"featured_media":22996,"comment_status":"closed","ping_status":"closed","template":"","meta":[],"etheme_brands":[],"product_brand":[],"product_cat":[156,157],"product_tag":[],"class_list":{"0":"post-22993","1":"product","2":"type-product","3":"status-publish","4":"has-post-thumbnail","6":"product_cat-pcb-cleaning-machine","7":"product_cat-fixture-cleaning-machine","9":"first","10":"instock","11":"shipping-taxable","12":"product-type-simple"},"_links":{"self":[{"href":"https:\/\/esmte.com\/de\/wp-json\/wp\/v2\/product\/22993","targetHints":{"allow":["GET"]}}],"collection":[{"href":"https:\/\/esmte.com\/de\/wp-json\/wp\/v2\/product"}],"about":[{"href":"https:\/\/esmte.com\/de\/wp-json\/wp\/v2\/types\/product"}],"replies":[{"embeddable":true,"href":"https:\/\/esmte.com\/de\/wp-json\/wp\/v2\/comments?post=22993"}],"version-history":[{"count":1,"href":"https:\/\/esmte.com\/de\/wp-json\/wp\/v2\/product\/22993\/revisions"}],"predecessor-version":[{"id":23740,"href":"https:\/\/esmte.com\/de\/wp-json\/wp\/v2\/product\/22993\/revisions\/23740"}],"wp:featuredmedia":[{"embeddable":true,"href":"https:\/\/esmte.com\/de\/wp-json\/wp\/v2\/media\/22996"}],"wp:attachment":[{"href":"https:\/\/esmte.com\/de\/wp-json\/wp\/v2\/media?parent=22993"}],"wp:term":[{"taxonomy":"brand","embeddable":true,"href":"https:\/\/esmte.com\/de\/wp-json\/wp\/v2\/etheme_brands?post=22993"},{"taxonomy":"product_brand","embeddable":true,"href":"https:\/\/esmte.com\/de\/wp-json\/wp\/v2\/product_brand?post=22993"},{"taxonomy":"product_cat","embeddable":true,"href":"https:\/\/esmte.com\/de\/wp-json\/wp\/v2\/product_cat?post=22993"},{"taxonomy":"product_tag","embeddable":true,"href":"https:\/\/esmte.com\/de\/wp-json\/wp\/v2\/product_tag?post=22993"}],"curies":[{"name":"wp","href":"https:\/\/api.w.org\/{rel}","templated":true}]}}