{"id":22880,"date":"2025-12-09T06:47:03","date_gmt":"2025-12-09T06:47:03","guid":{"rendered":"https:\/\/esmte.com\/?post_type=product&#038;p=22880"},"modified":"2026-01-27T08:49:00","modified_gmt":"2026-01-27T08:49:00","slug":"ya-101-lead-component-insertion-machine","status":"publish","type":"product","link":"https:\/\/esmte.com\/de\/products\/ya-101-lead-component-insertion-machine\/","title":{"rendered":"THT-Axialanschluss-Bauteilbest\u00fcckungsmaschine YA-101"},"content":{"rendered":"<h2>Einf\u00fchrung<\/h2>\n<p data-start=\"0\" data-end=\"395\">Der <strong data-start=\"4\" data-end=\"57\">THT-Axialanschluss-Bauteilbest\u00fcckungsmaschine YA-101<\/strong> Die YA-101 ist eine professionelle, automatisierte L\u00f6sung zur Optimierung der Best\u00fcckungsprozesse von Durchsteck-Leiterplatten. Sie wurde f\u00fcr die moderne Elektronikfertigung entwickelt und platziert axial bedrahtete Bauteile wie Widerst\u00e4nde, Kondensatoren und Dioden hochpr\u00e4zise und konsistent. Dies gew\u00e4hrleistet eine zuverl\u00e4ssige Platzierung und reduziert menschliche Fehler.<\/p>\n<p data-start=\"397\" data-end=\"741\">Ausgestattet mit fortschrittlichen Bauteilzuf\u00fchrungs- und Positionierungssystemen, <strong data-start=\"4\" data-end=\"57\">THT-Axialanschluss-Bauteilbest\u00fcckungsmaschine YA-101<\/strong> Es garantiert pr\u00e4zise Ausrichtung und Einstecktiefe, erh\u00e4lt die Integrit\u00e4t der Leiterplatte und verhindert Bauteilbesch\u00e4digungen. Der automatisierte Betrieb unterst\u00fctzt sowohl Kleinserien- als auch Gro\u00dfserienfertigung und ist somit ideal f\u00fcr diverse THT-Best\u00fcckungslinien, Forschungs- und Entwicklungslabore sowie Reparaturzentren.<\/p>\n<p data-start=\"743\" data-end=\"1032\">Die kompakte und ergonomische Bauweise der Maschine erm\u00f6glicht eine einfache Integration in bestehende Produktionsabl\u00e4ufe, ohne \u00fcberm\u00e4\u00dfig viel Platz zu beanspruchen. Dar\u00fcber hinaus gew\u00e4hrleisten die robuste Konstruktion und der stabile mechanische Rahmen langfristige Zuverl\u00e4ssigkeit, minimalen Wartungsaufwand und vibrationsfreien Betrieb.<\/p>\n<p data-start=\"1034\" data-end=\"1377\" data-is-last-node=\"\" data-is-only-node=\"\">Mit dem <strong data-start=\"1043\" data-end=\"1096\">THT-Axialanschluss-Bauteilbest\u00fcckungsmaschine YA-101<\/strong>, Hersteller k\u00f6nnen damit schnellere Montagezyklen, einen h\u00f6heren Durchsatz und eine gleichbleibende Qualit\u00e4t bei bedrahteten Leiterplatten erzielen. Die Kombination aus Pr\u00e4zision, Effizienz und benutzerfreundlicher Bedienung macht es zu einem unverzichtbaren Werkzeug f\u00fcr die moderne, automatisierte THT-Elektronikfertigung.<\/p>\n<p style=\"text-align: center;\" data-start=\"1034\" data-end=\"1377\" data-is-last-node=\"\" data-is-only-node=\"\"><img loading=\"lazy\" decoding=\"async\" class=\"alignnone wp-image-22882\" src=\"https:\/\/esmte.com\/wp-content\/uploads\/2025\/12\/11-29.webp\" alt=\"THT Axial Lead Component Insertion Machine\" width=\"524\" height=\"598\" srcset=\"https:\/\/esmte.com\/wp-content\/uploads\/2025\/12\/11-29.webp 1793w, https:\/\/esmte.com\/wp-content\/uploads\/2025\/12\/11-29-600x684.webp 600w, https:\/\/esmte.com\/wp-content\/uploads\/2025\/12\/11-29-263x300.webp 263w, https:\/\/esmte.com\/wp-content\/uploads\/2025\/12\/11-29-898x1024.webp 898w, https:\/\/esmte.com\/wp-content\/uploads\/2025\/12\/11-29-768x876.webp 768w, https:\/\/esmte.com\/wp-content\/uploads\/2025\/12\/11-29-1347x1536.webp 1347w, https:\/\/esmte.com\/wp-content\/uploads\/2025\/12\/11-29-1x1.webp 1w, https:\/\/esmte.com\/wp-content\/uploads\/2025\/12\/11-29-10x10.webp 10w\" sizes=\"auto, (max-width: 524px) 100vw, 524px\" \/><\/p>\n<h3>Hauptmerkmale<\/h3>\n<ul>\n<li data-start=\"73\" data-end=\"229\">\n<p data-start=\"76\" data-end=\"229\"><strong data-start=\"76\" data-end=\"110\">Automatisierte Hochgeschwindigkeitseinf\u00fchrung<\/strong> \u2013 Erm\u00f6glicht die schnelle Platzierung von Bauteilen mit axialen Anschl\u00fcssen und steigert so den Durchsatz von THT-Leiterplattenfertigungslinien erheblich.<\/p>\n<\/li>\n<li data-start=\"231\" data-end=\"393\">\n<p data-start=\"234\" data-end=\"393\"><strong data-start=\"234\" data-end=\"264\">Pr\u00e4zisionsausrichtungssystem<\/strong> \u2013 Integrierte Sensoren und F\u00fchrungsmechanismen gew\u00e4hrleisten eine exakte Positionierung der Komponenten und verhindern Fehlausrichtungen und L\u00f6tfehler.<\/p>\n<\/li>\n<li data-start=\"395\" data-end=\"567\">\n<p data-start=\"398\" data-end=\"567\"><strong data-start=\"398\" data-end=\"429\">Flexibles Komponentenhandling<\/strong> \u2013 Erm\u00f6glicht die Verwendung von axialen Anschlussdr\u00e4hten unterschiedlicher Durchmesser und L\u00e4ngen und bietet somit Vielseitigkeit f\u00fcr verschiedene Leiterplattendesigns und Produktionsanforderungen.<\/p>\n<\/li>\n<li data-start=\"569\" data-end=\"731\">\n<p data-start=\"572\" data-end=\"731\"><strong data-start=\"572\" data-end=\"603\">Platzsparendes Desktop-Design<\/strong> \u2013 Die kompakte Bauweise erm\u00f6glicht die Installation auch in beengten Arbeitsbereichen und gew\u00e4hrleistet gleichzeitig eine einfache Zug\u00e4nglichkeit f\u00fcr die Bediener.<\/p>\n<\/li>\n<li data-start=\"733\" data-end=\"897\">\n<p data-start=\"736\" data-end=\"897\"><strong data-start=\"736\" data-end=\"765\">Robuste und zuverl\u00e4ssige Bauweise<\/strong> \u2013 Entwickelt mit robusten Materialien und stabiler Mechanik f\u00fcr einen gleichm\u00e4\u00dfigen, vibrationsfreien Betrieb und eine lange Lebensdauer.<\/p>\n<\/li>\n<li data-start=\"899\" data-end=\"1070\" data-is-last-node=\"\">\n<p data-start=\"902\" data-end=\"1070\" data-is-last-node=\"\"><strong data-start=\"902\" data-end=\"937\">Bedienerfreundliches Bedienfeld<\/strong> \u2013 Die intuitive Benutzeroberfl\u00e4che vereinfacht Einrichtung, Programmierung und \u00dcberwachung, reduziert menschliche Fehler und unterst\u00fctzt einen reibungslosen Produktionsablauf.<\/p>\n<\/li>\n<\/ul>\n<p>&nbsp;<\/p>\n<h2>Spezifikationen<\/h2>\n<table style=\"border-collapse: collapse; width: 1373px; height: 446px;\" border=\"0\" width=\"722\" cellspacing=\"0\" cellpadding=\"0\">\n<tbody>\n<tr style=\"height: 15.00pt;\">\n<td class=\"et2\" style=\"height: 15pt; width: 167.25pt; text-align: center;\" width=\"223\" height=\"20\">Modell<\/td>\n<td class=\"et3\" style=\"width: 184.5pt; text-align: center;\" width=\"246\">YA-101<\/td>\n<td class=\"et4\" style=\"width: 189.75pt; text-align: center;\" width=\"253\">YA-201<\/td>\n<\/tr>\n<tr style=\"height: 15.00pt;\">\n<td class=\"et5\" style=\"height: 15pt; width: 167.25pt; text-align: center;\" width=\"223\" height=\"20\">Komponentenzuf\u00fchrung<\/td>\n<td class=\"et6\" style=\"width: 184.5pt; text-align: center;\" width=\"246\">10 St\u00fcck (Option: 30, 40, 50, 100 St\u00fcck)<\/td>\n<td class=\"et7\" style=\"width: 189.75pt; text-align: center;\" width=\"253\">20 St\u00fcck (Option: 30, 40, 50, 100 St\u00fcck)<\/td>\n<\/tr>\n<tr style=\"height: 15.00pt;\">\n<td class=\"et5\" style=\"height: 15pt; width: 167.25pt; text-align: center;\" width=\"223\" height=\"20\">Einf\u00fchrgeschwindigkeit<\/td>\n<td class=\"et6\" style=\"width: 374.25pt; text-align: center;\" colspan=\"2\" width=\"499\">25000 CPH, Max. 0,12s\/Punkt (0,14s, 0,16s, 0,18s\/Punkt ver\u00e4nderbar)<\/td>\n<\/tr>\n<tr style=\"height: 15.00pt;\">\n<td class=\"et5\" style=\"height: 15pt; width: 167.25pt; text-align: center;\" width=\"223\" height=\"20\">Einf\u00fcgebereich<\/td>\n<td class=\"et6\" style=\"width: 374.25pt; text-align: center;\" colspan=\"2\" width=\"499\">Komponente: 5\u201322 mm, Jumper<span class=\"font2\">\uff1a<\/span><span class=\"font1\">5\u201326 mm<\/span><\/td>\n<\/tr>\n<tr style=\"height: 15.00pt;\">\n<td class=\"et5\" style=\"height: 15pt; width: 167.25pt; text-align: center;\" width=\"223\" height=\"20\">Einf\u00fchrwiederherstellung<\/td>\n<td class=\"et6\" style=\"width: 374.25pt; text-align: center;\" colspan=\"2\" width=\"499\">Automatische Wiederherstellung<\/td>\n<\/tr>\n<tr style=\"height: 15.00pt;\">\n<td class=\"et5\" style=\"height: 15pt; width: 167.25pt; text-align: center;\" width=\"223\" height=\"20\">Einf\u00fcgerichtung<\/td>\n<td class=\"et6\" style=\"width: 374.25pt; text-align: center;\" colspan=\"2\" width=\"499\">0 bis 360\u00b0 Richtung in 1\u00b0-Schritten<\/td>\n<\/tr>\n<tr style=\"height: 15.00pt;\">\n<td class=\"et5\" style=\"height: 15pt; width: 167.25pt; text-align: center;\" width=\"223\" height=\"20\">Einf\u00fcgegenauigkeit<\/td>\n<td class=\"et6\" style=\"width: 374.25pt; text-align: center;\" colspan=\"2\" width=\"499\">0,05 mm<\/td>\n<\/tr>\n<tr style=\"height: 15.00pt;\">\n<td class=\"et5\" style=\"height: 15pt; width: 167.25pt; text-align: center;\" width=\"223\" height=\"20\">Leiterplattengr\u00f6\u00dfe<\/td>\n<td class=\"et6\" style=\"width: 374.25pt; text-align: center;\" colspan=\"2\" width=\"499\">50*50 bis 380*380 mm<\/td>\n<\/tr>\n<tr style=\"height: 15.00pt;\">\n<td class=\"et5\" style=\"height: 15pt; width: 167.25pt; text-align: center;\" width=\"223\" height=\"20\">Einf\u00fcgebereich<\/td>\n<td class=\"et6\" style=\"width: 374.25pt; text-align: center;\" colspan=\"2\" width=\"499\">50*50 bis 370*370 mm<\/td>\n<\/tr>\n<tr style=\"height: 15.00pt;\">\n<td class=\"et5\" style=\"height: 15pt; width: 167.25pt; text-align: center;\" width=\"223\" height=\"20\">Leiterplatte befestigt<\/td>\n<td class=\"et6\" style=\"width: 374.25pt; text-align: center;\" colspan=\"2\" width=\"499\">Stift + Klemme<\/td>\n<\/tr>\n<tr style=\"height: 15.00pt;\">\n<td class=\"et5\" style=\"height: 15pt; width: 167.25pt; text-align: center;\" width=\"223\" height=\"20\">Transporth\u00f6he<\/td>\n<td class=\"et6\" style=\"width: 374.25pt; text-align: center;\" colspan=\"2\" width=\"499\">900\u00b120mm<\/td>\n<\/tr>\n<tr style=\"height: 15.00pt;\">\n<td class=\"et5\" style=\"height: 15pt; width: 167.25pt; text-align: center;\" width=\"223\" height=\"20\">Transportzeit<\/td>\n<td class=\"et6\" style=\"width: 374.25pt; text-align: center;\" colspan=\"2\" width=\"499\">3-4s<\/td>\n<\/tr>\n<tr style=\"height: 15.00pt;\">\n<td class=\"et5\" style=\"height: 15pt; width: 167.25pt; text-align: center;\" width=\"223\" height=\"20\">Stromversorgung<\/td>\n<td class=\"et6\" style=\"width: 374.25pt; text-align: center;\" colspan=\"2\" width=\"499\">1P, 220AC\u00b110%, 50\/60HZ<\/td>\n<\/tr>\n<tr style=\"height: 15.00pt;\">\n<td class=\"et5\" style=\"height: 15pt; width: 167.25pt; text-align: center;\" width=\"223\" height=\"20\">Dimension<\/td>\n<td class=\"et6\" style=\"width: 374.25pt; text-align: center;\" colspan=\"2\" width=\"499\">L2080*B1750*H1600mm<\/td>\n<\/tr>\n<tr style=\"height: 15.00pt;\">\n<td class=\"et5\" style=\"height: 15pt; width: 167.25pt; text-align: center;\" width=\"223\" height=\"20\">Gr\u00f6\u00dfe der Futterstation:<\/td>\n<td class=\"et6\" style=\"width: 374.25pt; text-align: center;\" colspan=\"2\" width=\"499\">10er Zuf\u00fchrung: 1360 x 1000 x 1460 mm, 20er Zuf\u00fchrung: 1860 x 1000 x 1460 mm, 30er Zuf\u00fchrung: 2360 x 1000 x 1460 mm<\/td>\n<\/tr>\n<tr style=\"height: 15.00pt;\">\n<td class=\"et8\" style=\"height: 15pt; width: 167.25pt; text-align: center;\" width=\"223\" height=\"20\">Gewicht<\/td>\n<td class=\"et9\" style=\"width: 374.25pt; text-align: center;\" colspan=\"2\" width=\"499\">1300 kg<\/td>\n<\/tr>\n<\/tbody>\n<\/table>\n<p>&nbsp;<\/p>\n<p><a href=\"https:\/\/www.youtube.com\/@allaismt\" rel=\"nofollow noopener\" target=\"_blank\"><u>https:\/\/www.youtube.com\/@allaismt<\/u><\/a><\/p>\n<p>F\u00fcr weitere Informationen zur THT-Axial-Leitungs-Best\u00fcckungsmaschine YA-101 senden Sie bitte eine E-Mail an<\/p>\n<p><a href=\"mailto:sophia@allaismt.com\"><u>sophia@allaismt.com<\/u><\/a><\/p>\n<p>Wir werden Ihre Anfrage umgehend beantworten und Ihnen detaillierte Informationen \u00fcber unsere Produkte und Dienstleistungen zukommen lassen.<\/p>\n<p>&nbsp;<\/p>\n<p>&nbsp;<\/p>","protected":false},"excerpt":{"rendered":"<p>Beschreibung: Die <strong data-start=\"4\" data-end=\"57\">THT-Axialanschluss-Bauteilbest\u00fcckungsmaschine YA-101<\/strong> Die YA-101 ist eine hochpr\u00e4zise, automatisierte L\u00f6sung f\u00fcr die effiziente Best\u00fcckung von Leiterplatten mit axialen Anschl\u00fcssen. Ausgestattet mit fortschrittlichen Zuf\u00fchr- und Positioniersystemen gew\u00e4hrleistet sie die genaue und konsistente Platzierung von Widerst\u00e4nden, Kondensatoren und anderen bedrahteten Bauteilen. Dank ihrer kompakten Bauweise l\u00e4sst sie sich nahtlos in Produktionslinien oder Desktop-Arbeitspl\u00e4tze integrieren und beschleunigt die Best\u00fcckung, reduziert den manuellen Arbeitsaufwand und minimiert Fehler. Die YA-101 bietet zuverl\u00e4ssige Leistung f\u00fcr die Fertigung von THT-Leiterplatten mit hohem Produktmix und gro\u00dfen St\u00fcckzahlen.<\/p>\n<p>Mindestbestellmenge: 1 St\u00fcck<\/p>\n<p>Lieferzeit: 15 Tage<\/p>","protected":false},"featured_media":22892,"comment_status":"closed","ping_status":"closed","template":"","meta":[],"etheme_brands":[],"product_brand":[],"product_cat":[139,138],"product_tag":[],"class_list":{"0":"post-22880","1":"product","2":"type-product","3":"status-publish","4":"has-post-thumbnail","6":"product_cat-axial-insertion-machine","7":"product_cat-tht-machine","9":"first","10":"instock","11":"shipping-taxable","12":"product-type-simple"},"_links":{"self":[{"href":"https:\/\/esmte.com\/de\/wp-json\/wp\/v2\/product\/22880","targetHints":{"allow":["GET"]}}],"collection":[{"href":"https:\/\/esmte.com\/de\/wp-json\/wp\/v2\/product"}],"about":[{"href":"https:\/\/esmte.com\/de\/wp-json\/wp\/v2\/types\/product"}],"replies":[{"embeddable":true,"href":"https:\/\/esmte.com\/de\/wp-json\/wp\/v2\/comments?post=22880"}],"version-history":[{"count":1,"href":"https:\/\/esmte.com\/de\/wp-json\/wp\/v2\/product\/22880\/revisions"}],"predecessor-version":[{"id":22894,"href":"https:\/\/esmte.com\/de\/wp-json\/wp\/v2\/product\/22880\/revisions\/22894"}],"wp:featuredmedia":[{"embeddable":true,"href":"https:\/\/esmte.com\/de\/wp-json\/wp\/v2\/media\/22892"}],"wp:attachment":[{"href":"https:\/\/esmte.com\/de\/wp-json\/wp\/v2\/media?parent=22880"}],"wp:term":[{"taxonomy":"brand","embeddable":true,"href":"https:\/\/esmte.com\/de\/wp-json\/wp\/v2\/etheme_brands?post=22880"},{"taxonomy":"product_brand","embeddable":true,"href":"https:\/\/esmte.com\/de\/wp-json\/wp\/v2\/product_brand?post=22880"},{"taxonomy":"product_cat","embeddable":true,"href":"https:\/\/esmte.com\/de\/wp-json\/wp\/v2\/product_cat?post=22880"},{"taxonomy":"product_tag","embeddable":true,"href":"https:\/\/esmte.com\/de\/wp-json\/wp\/v2\/product_tag?post=22880"}],"curies":[{"name":"wp","href":"https:\/\/api.w.org\/{rel}","templated":true}]}}