{"id":22829,"date":"2025-12-04T09:06:34","date_gmt":"2025-12-04T09:06:34","guid":{"rendered":"https:\/\/esmte.com\/?post_type=product&#038;p=22829"},"modified":"2025-12-04T09:06:59","modified_gmt":"2025-12-04T09:06:59","slug":"automatic-pcb-soldering-robot-machine-ycr-250a","status":"publish","type":"product","link":"https:\/\/esmte.com\/de\/products\/automatic-pcb-soldering-robot-machine-ycr-250a\/","title":{"rendered":"Automatische Leiterplatten-L\u00f6trobotermaschine YCR-250A"},"content":{"rendered":"<h2>Einf\u00fchrung<\/h2>\n<p data-start=\"86\" data-end=\"603\">Der<strong data-start=\"86\" data-end=\"140\"> Automatische Leiterplatten-L\u00f6trobotermaschine YCR-250A<\/strong> Die L\u00f6trobotermaschine YCR-250A wurde f\u00fcr pr\u00e4zises und hocheffizientes L\u00f6ten in modernen SMT-Fertigungslinien entwickelt. Ausgestattet mit fortschrittlichen Bewegungssteuerungssystemen und integrierter, bildgest\u00fctzter Ausrichtung gew\u00e4hrleistet sie exakte L\u00f6tstellen, gleichm\u00e4\u00dfige Temperaturprofile und zuverl\u00e4ssige Leistung bei einer Vielzahl von Leiterplattenbest\u00fcckungen. Ihr vollautomatisierter, ber\u00fchrungsloser Prozess minimiert mechanische Belastungen, sch\u00fctzt empfindliche Bauteile und verbessert die L\u00f6tqualit\u00e4t insgesamt.<\/p>\n<p data-start=\"605\" data-end=\"1051\">Ausgestattet mit intelligenten, adaptiven L\u00f6talgorithmen, <strong data-start=\"86\" data-end=\"140\">Automatische Leiterplatten-L\u00f6trobotermaschine YCR-250A<\/strong> Das System passt L\u00f6tparameter wie Temperatur, L\u00f6tmittelfluss und Vorschubgeschwindigkeit automatisch an Leiterplattentyp, Bauteildichte und Layoutkomplexit\u00e4t an. Es erkennt Bauteilpositionen, kompensiert Abweichungen der Leiterplatte und optimiert dynamisch die L\u00f6twege. So werden reproduzierbare, hochpr\u00e4zise Ergebnisse f\u00fcr Leiterplatten mit feiner Rasterung und hoher Packungsdichte gew\u00e4hrleistet.<\/p>\n<p data-start=\"1053\" data-end=\"1431\">Die Maschine unterst\u00fctzt einen vollautomatisierten Arbeitsablauf, einschlie\u00dflich Best\u00fcckung, L\u00f6ten und Entnahme der Platinen, wodurch der manuelle Arbeitsaufwand deutlich reduziert und die Produktionseffizienz gesteigert wird. Die benutzerfreundliche Oberfl\u00e4che erm\u00f6glicht es den Bedienern, Rezepturen zu verwalten, Prozessdaten in Echtzeit zu \u00fcberwachen und Diagnosen durchzuf\u00fchren. Dies gew\u00e4hrleistet vollst\u00e4ndige R\u00fcckverfolgbarkeit und Prozesskontrolle f\u00fcr die Serienfertigung.<\/p>\n<p data-start=\"1433\" data-end=\"1755\">Die L\u00f6trobotermaschine YCR-250A eignet sich f\u00fcr eine Vielzahl von Leiterplattenmaterialien, darunter starre, flexible und Hybridplatinen, und ist ideal f\u00fcr Unterhaltungselektronik, Automobilmodule, Telekommunikationsger\u00e4te und IoT-Ger\u00e4te. Ihre pr\u00e4zise Bewegung und ihr W\u00e4rmemanagement gew\u00e4hrleisten hochwertige L\u00f6tverbindungen, reduzieren Nacharbeiten und steigern die Ausbeute.<\/p>\n<p data-start=\"1757\" data-end=\"2043\" data-is-last-node=\"\" data-is-only-node=\"\">Durch die Kombination von Automatisierung, Genauigkeit und Zuverl\u00e4ssigkeit <strong data-start=\"1822\" data-end=\"1872\">Automatische Leiterplatten-L\u00f6trobotermaschine YCR-250A<\/strong> bietet Herstellern eine fortschrittliche L\u00f6sung zur Steigerung der Effizienz von SMT-Fertigungslinien, zur Sicherstellung einer gleichbleibenden L\u00f6tqualit\u00e4t und zur Erf\u00fcllung der Anforderungen der modernen Elektronikproduktion.<\/p>\n<p data-start=\"1757\" data-end=\"2043\" data-is-last-node=\"\" data-is-only-node=\"\"><img loading=\"lazy\" decoding=\"async\" class=\"alignnone wp-image-22830 aligncenter\" src=\"https:\/\/esmte.com\/wp-content\/uploads\/2025\/12\/YSR-250A-1.webp\" alt=\"Automatic Pcb Soldering Robot Machine YCR-250A\" width=\"574\" height=\"574\" srcset=\"https:\/\/esmte.com\/wp-content\/uploads\/2025\/12\/YSR-250A-1.webp 2560w, https:\/\/esmte.com\/wp-content\/uploads\/2025\/12\/YSR-250A-1-100x100.webp 100w, https:\/\/esmte.com\/wp-content\/uploads\/2025\/12\/YSR-250A-1-600x600.webp 600w, https:\/\/esmte.com\/wp-content\/uploads\/2025\/12\/YSR-250A-1-300x300.webp 300w, https:\/\/esmte.com\/wp-content\/uploads\/2025\/12\/YSR-250A-1-1024x1024.webp 1024w, https:\/\/esmte.com\/wp-content\/uploads\/2025\/12\/YSR-250A-1-150x150.webp 150w, https:\/\/esmte.com\/wp-content\/uploads\/2025\/12\/YSR-250A-1-768x768.webp 768w, https:\/\/esmte.com\/wp-content\/uploads\/2025\/12\/YSR-250A-1-1536x1536.webp 1536w, https:\/\/esmte.com\/wp-content\/uploads\/2025\/12\/YSR-250A-1-2048x2048.webp 2048w, https:\/\/esmte.com\/wp-content\/uploads\/2025\/12\/YSR-250A-1-1x1.webp 1w, https:\/\/esmte.com\/wp-content\/uploads\/2025\/12\/YSR-250A-1-10x10.webp 10w\" sizes=\"auto, (max-width: 574px) 100vw, 574px\" \/><\/p>\n<h3>Hauptmerkmale<\/h3>\n<ul>\n<li data-start=\"101\" data-end=\"397\"><strong data-start=\"101\" data-end=\"140\">Hochpr\u00e4zise L\u00f6tsteuerung<\/strong><br data-start=\"140\" data-end=\"143\" \/>Die L\u00f6trobotermaschine YCR-250A zeichnet sich durch fortschrittliche Bewegungssteuerung und Temperaturregelung aus und liefert gleichm\u00e4\u00dfige und pr\u00e4zise L\u00f6tverbindungen. Sie gew\u00e4hrleistet zuverl\u00e4ssiges L\u00f6ten von Bauteilen mit feiner Rasterteilung und dicht best\u00fcckten Leiterplattenlayouts, minimiert Fehler und verbessert die Produktqualit\u00e4t.<\/li>\n<li data-start=\"399\" data-end=\"664\"><strong data-start=\"399\" data-end=\"439\">Visiongesteuerte Bauteilausrichtung<\/strong><br data-start=\"439\" data-end=\"442\" \/>Ausgestattet mit einem integrierten Bildverarbeitungssystem erkennt die Maschine automatisch die Positionen der Bauteile und kompensiert Abweichungen auf der Leiterplatte. Dies garantiert pr\u00e4zise L\u00f6twege und wiederholgenaue Pr\u00e4zision auch bei komplexen Leiterplattenbest\u00fcckungen.<\/li>\n<li data-start=\"666\" data-end=\"929\"><strong data-start=\"666\" data-end=\"697\">Vollautomatisierter Arbeitsablauf<\/strong><br data-start=\"697\" data-end=\"700\" \/>Die L\u00f6trobotermaschine YCR-250A unterst\u00fctzt das automatisierte Be- und Entladen, reduziert den manuellen Arbeitsaufwand, verbessert die betriebliche Effizienz und erm\u00f6glicht eine kontinuierliche Mehrschichtproduktion, wodurch ein stabiler Durchsatz in der Massenfertigung gew\u00e4hrleistet wird.<\/li>\n<li data-start=\"931\" data-end=\"1189\"><strong data-start=\"931\" data-end=\"967\">Adaptive L\u00f6talgorithmen<\/strong><br data-start=\"967\" data-end=\"970\" \/>Intelligente Software passt L\u00f6tparameter wie Temperatur, L\u00f6tmittelfluss und Vorschubgeschwindigkeit an den Platinentyp und die Bauteildichte an. Dies gew\u00e4hrleistet optimale L\u00f6tstellenqualit\u00e4t bei gleichzeitigem Schutz empfindlicher Bauteile.<\/li>\n<li data-start=\"1191\" data-end=\"1473\"><strong data-start=\"1191\" data-end=\"1235\">Weitgehende Kompatibilit\u00e4t von Leiterplatten und Bauteilen<\/strong><br data-start=\"1235\" data-end=\"1238\" \/>Die L\u00f6trobotermaschine YCR-250A verarbeitet starre, flexible und hybride Leiterplatten und ist f\u00fcr eine Vielzahl von Bauteiltypen und -gr\u00f6\u00dfen geeignet. Dank ihrer Vielseitigkeit eignet sie sich f\u00fcr Anwendungen in der Unterhaltungselektronik, der Automobilindustrie, der Telekommunikation und im Internet der Dinge (IoT).<\/li>\n<li data-start=\"1475\" data-end=\"1771\"><strong data-start=\"1475\" data-end=\"1525\">Echtzeit\u00fcberwachung und Prozessmanagement<\/strong><br data-start=\"1525\" data-end=\"1528\" \/>Moderne Prozesssteuerungssoftware erm\u00f6glicht Echtzeit\u00fcberwachung, Fehlererkennung und Rezepturverwaltung. Bediener k\u00f6nnen die Produktionsleistung verfolgen, L\u00f6tparameter optimieren und die vollst\u00e4ndige R\u00fcckverfolgbarkeit gew\u00e4hrleisten, wodurch Effizienz und Ausbeute gesteigert werden.<\/li>\n<\/ul>\n<p>&nbsp;<\/p>\n<h2>Spezifikationen<\/h2>\n<table style=\"border-collapse: collapse; width: 1378px; height: 451px;\" border=\"0\" width=\"1101\" cellspacing=\"0\" cellpadding=\"0\">\n<tbody>\n<tr style=\"height: 15.00pt;\">\n<td class=\"et2\" style=\"height: 15pt; width: 116.25pt; text-align: center;\" width=\"155\" height=\"20\">Modell<\/td>\n<td class=\"et3\" style=\"width: 176.25pt; text-align: center;\" width=\"235\">YSR-300<\/td>\n<td class=\"et3\" style=\"width: 179.25pt; text-align: center;\" width=\"239\">YSR-500<\/td>\n<td class=\"et3\" style=\"width: 177.75pt; text-align: center;\" width=\"237\">YSR-250A<\/td>\n<td class=\"et4\" style=\"width: 176.25pt; text-align: center;\" width=\"235\">YSR-250B<\/td>\n<\/tr>\n<tr style=\"height: 15.00pt;\">\n<td class=\"et5\" style=\"height: 15pt; width: 116.25pt; text-align: center;\" width=\"155\" height=\"20\">Bahnsteignummer<\/td>\n<td class=\"et6\" style=\"width: 176.25pt; text-align: center;\" width=\"235\">1<\/td>\n<td class=\"et6\" style=\"width: 179.25pt; text-align: center;\" width=\"239\">1<\/td>\n<td class=\"et6\" style=\"width: 177.75pt; text-align: center;\" width=\"237\">2<\/td>\n<td class=\"et7\" style=\"width: 176.25pt; text-align: center;\" width=\"235\">2<\/td>\n<\/tr>\n<tr style=\"height: 15.00pt;\">\n<td class=\"et5\" style=\"height: 15pt; width: 116.25pt; text-align: center;\" width=\"155\" height=\"20\">Kopfnummer<\/td>\n<td class=\"et6\" style=\"width: 176.25pt; text-align: center;\" width=\"235\">1<\/td>\n<td class=\"et6\" style=\"width: 179.25pt; text-align: center;\" width=\"239\">2<\/td>\n<td class=\"et6\" style=\"width: 177.75pt; text-align: center;\" width=\"237\">1<\/td>\n<td class=\"et7\" style=\"width: 176.25pt; text-align: center;\" width=\"235\">2<\/td>\n<\/tr>\n<tr style=\"height: 15.00pt;\">\n<td class=\"et5\" style=\"height: 15pt; width: 116.25pt; text-align: center;\" width=\"155\" height=\"20\">Heizleistung<\/td>\n<td class=\"et6\" style=\"width: 176.25pt; text-align: center;\" width=\"235\">150 W<\/td>\n<td class=\"et6\" style=\"width: 179.25pt; text-align: center;\" width=\"239\">300 W<\/td>\n<td class=\"et6\" style=\"width: 177.75pt; text-align: center;\" width=\"237\">150 W<\/td>\n<td class=\"et7\" style=\"width: 176.25pt; text-align: center;\" width=\"235\">300 W<\/td>\n<\/tr>\n<tr style=\"height: 15.00pt;\">\n<td class=\"et5\" style=\"height: 30pt; width: 116.25pt; text-align: center;\" rowspan=\"2\" width=\"155\" height=\"40\">Maximale Leiterplattengr\u00f6\u00dfe<\/td>\n<td class=\"et6\" style=\"width: 176.25pt; text-align: center;\" rowspan=\"2\" width=\"235\">300 x 300 mm<\/td>\n<td class=\"et6\" style=\"width: 179.25pt; text-align: center;\" rowspan=\"2\" width=\"239\">500*300 mm<\/td>\n<td class=\"et8\" style=\"width: 177.75pt; text-align: center;\" width=\"237\">250 x 250 mm<\/td>\n<td class=\"et9\" style=\"width: 176.25pt; text-align: center;\" width=\"235\">250 x 250 mm<\/td>\n<\/tr>\n<tr style=\"height: 15.00pt;\">\n<td class=\"et10\" style=\"width: 177.75pt; text-align: center;\" width=\"237\">f\u00fcr jede Plattform<\/td>\n<td class=\"et11\" style=\"width: 176.25pt; text-align: center;\" width=\"235\">f\u00fcr jede Plattform<\/td>\n<\/tr>\n<tr style=\"height: 29.25pt;\">\n<td class=\"et5\" style=\"height: 29.25pt; width: 116.25pt; text-align: center;\" width=\"155\" height=\"39\">Maximale Bewegungsgeschwindigkeit<\/td>\n<td class=\"et6\" style=\"width: 176.25pt; text-align: center;\" width=\"235\">Stahldraht und Luftdruck<br \/>\n(Optional: Reinigung mit rotierender B\u00fcrste)<\/td>\n<td class=\"et6\" style=\"width: 179.25pt; text-align: center;\" width=\"239\">Stahldraht und Luftdruck<br \/>\n(Optional: Reinigung mit rotierender B\u00fcrste)<\/td>\n<td class=\"et6\" style=\"width: 177.75pt; text-align: center;\" width=\"237\">Stahldraht und Luftdruck<br \/>\n(Optional: Reinigung mit rotierender B\u00fcrste)<\/td>\n<td class=\"et6\" style=\"width: 176.25pt; text-align: center;\" width=\"235\">Stahldraht und Luftdruck<br \/>\n(Optional: Reinigung mit rotierender B\u00fcrste)<\/td>\n<\/tr>\n<tr style=\"height: 15.00pt;\">\n<td class=\"et5\" style=\"height: 15pt; width: 116.25pt; text-align: center;\" width=\"155\" height=\"20\">L\u00f6tdraht<\/td>\n<td class=\"et6\" style=\"width: 176.25pt; text-align: center;\" width=\"235\">L\u00f6tdraht mit einem Durchmesser von 0,6 bis 1,2 mm<\/td>\n<td class=\"et6\" style=\"width: 179.25pt; text-align: center;\" width=\"239\">L\u00f6tdraht mit einem Durchmesser von 0,6 bis 1,2 mm<\/td>\n<td class=\"et6\" style=\"width: 177.75pt; text-align: center;\" width=\"237\">L\u00f6tdraht mit einem Durchmesser von 0,6 bis 1,2 mm<\/td>\n<td class=\"et6\" style=\"width: 176.25pt; text-align: center;\" width=\"235\">L\u00f6tdraht mit einem Durchmesser von 0,6 bis 1,2 mm<\/td>\n<\/tr>\n<tr style=\"height: 15.00pt;\">\n<td class=\"et5\" style=\"height: 15pt; width: 116.25pt; text-align: center;\" width=\"155\" height=\"20\">L\u00f6tvorschubgeschwindigkeit<\/td>\n<td class=\"et6\" style=\"width: 176.25pt; text-align: center;\" width=\"235\">1~50 mm\/s<\/td>\n<td class=\"et6\" style=\"width: 179.25pt; text-align: center;\" width=\"239\">1~50 mm\/s<\/td>\n<td class=\"et6\" style=\"width: 177.75pt; text-align: center;\" width=\"237\">1~50 mm\/s<\/td>\n<td class=\"et6\" style=\"width: 176.25pt; text-align: center;\" width=\"235\">1~50 mm\/s<\/td>\n<\/tr>\n<tr style=\"height: 15.00pt;\">\n<td class=\"et5\" style=\"height: 15pt; width: 116.25pt; text-align: center;\" width=\"155\" height=\"20\">Wiederholte Genauigkeit<\/td>\n<td class=\"et6\" style=\"width: 176.25pt; text-align: center;\" width=\"235\">\u00b10,02 mm<\/td>\n<td class=\"et6\" style=\"width: 179.25pt; text-align: center;\" width=\"239\">\u00b10,02 mm<\/td>\n<td class=\"et6\" style=\"width: 177.75pt; text-align: center;\" width=\"237\">\u00b10,02 mm<\/td>\n<td class=\"et6\" style=\"width: 176.25pt; text-align: center;\" width=\"235\">\u00b10,02 mm<\/td>\n<\/tr>\n<tr style=\"height: 15.00pt;\">\n<td class=\"et5\" style=\"height: 15pt; width: 116.25pt; text-align: center;\" width=\"155\" height=\"20\">Temperaturbereich<\/td>\n<td class=\"et6\" style=\"width: 176.25pt; text-align: center;\" width=\"235\">Raumtemperatur -500 \u00b0C<\/td>\n<td class=\"et6\" style=\"width: 179.25pt; text-align: center;\" width=\"239\">Raumtemperatur -500 \u00b0C<\/td>\n<td class=\"et6\" style=\"width: 177.75pt; text-align: center;\" width=\"237\">Raumtemperatur -500 \u00b0C<\/td>\n<td class=\"et6\" style=\"width: 176.25pt; text-align: center;\" width=\"235\">Raumtemperatur -500 \u00b0C<\/td>\n<\/tr>\n<tr style=\"height: 15.00pt;\">\n<td class=\"et5\" style=\"height: 15pt; width: 116.25pt; text-align: center;\" width=\"155\" height=\"20\">Temperaturgenauigkeit<\/td>\n<td class=\"et6\" style=\"width: 176.25pt; text-align: center;\" width=\"235\">\u00b11\u00b0C<\/td>\n<td class=\"et6\" style=\"width: 179.25pt; text-align: center;\" width=\"239\">\u00b11\u00b0C<\/td>\n<td class=\"et6\" style=\"width: 177.75pt; text-align: center;\" width=\"237\">\u00b11\u00b0C<\/td>\n<td class=\"et6\" style=\"width: 176.25pt; text-align: center;\" width=\"235\">\u00b11\u00b0C<\/td>\n<\/tr>\n<tr style=\"height: 15.00pt;\">\n<td class=\"et5\" style=\"height: 15pt; width: 116.25pt; text-align: center;\" width=\"155\" height=\"20\">Fahrmodus<\/td>\n<td class=\"et6\" style=\"width: 176.25pt; text-align: center;\" width=\"235\">Schrittmotor<\/td>\n<td class=\"et6\" style=\"width: 179.25pt; text-align: center;\" width=\"239\">Schrittmotor<\/td>\n<td class=\"et6\" style=\"width: 177.75pt; text-align: center;\" width=\"237\">Schrittmotor<\/td>\n<td class=\"et6\" style=\"width: 176.25pt; text-align: center;\" width=\"235\">Schrittmotor<\/td>\n<\/tr>\n<tr style=\"height: 15.00pt;\">\n<td class=\"et5\" style=\"height: 15pt; width: 116.25pt; text-align: center;\" width=\"155\" height=\"20\">Steuermodus<\/td>\n<td class=\"et6\" style=\"width: 176.25pt; text-align: center;\" width=\"235\">Anh\u00e4nger zum Lehren<\/td>\n<td class=\"et6\" style=\"width: 179.25pt; text-align: center;\" width=\"239\">Anh\u00e4nger zum Lehren<\/td>\n<td class=\"et6\" style=\"width: 177.75pt; text-align: center;\" width=\"237\">Anh\u00e4nger zum Lehren<\/td>\n<td class=\"et6\" style=\"width: 176.25pt; text-align: center;\" width=\"235\">Anh\u00e4nger zum Lehren<\/td>\n<\/tr>\n<tr style=\"height: 15.00pt;\">\n<td class=\"et5\" style=\"height: 15pt; width: 116.25pt; text-align: center;\" width=\"155\" height=\"20\">Dimension<\/td>\n<td class=\"et6\" style=\"width: 176.25pt; text-align: center;\" width=\"235\">750 x 650 x 880 mm<\/td>\n<td class=\"et6\" style=\"width: 179.25pt; text-align: center;\" width=\"239\">780 x 660 x 770 mm<\/td>\n<td class=\"et6\" style=\"width: 177.75pt; text-align: center;\" width=\"237\">930 x 650 x 880 mm<\/td>\n<td class=\"et7\" style=\"width: 176.25pt; text-align: center;\" width=\"235\">1280 x 750 x 950 mm<\/td>\n<\/tr>\n<tr style=\"height: 15.00pt;\">\n<td class=\"et12\" style=\"height: 15pt; width: 116.25pt; text-align: center;\" width=\"155\" height=\"20\">Gewicht<\/td>\n<td class=\"et13\" style=\"width: 176.25pt; text-align: center;\" width=\"235\">ca. 65 kg<\/td>\n<td class=\"et13\" style=\"width: 179.25pt; text-align: center;\" width=\"239\">ca. 70 kg<\/td>\n<td class=\"et13\" style=\"width: 177.75pt; text-align: center;\" width=\"237\">ca. 80 kg<\/td>\n<td class=\"et14\" style=\"width: 176.25pt; text-align: center;\" width=\"235\">ca. 85 kg<\/td>\n<\/tr>\n<\/tbody>\n<\/table>\n<p>&nbsp;<\/p>\n<p><a href=\"https:\/\/www.youtube.com\/@allaismt\" rel=\"nofollow noopener\" target=\"_blank\"><u>https:\/\/www.youtube.com\/@allaismt<\/u><\/a><\/p>\n<p>F\u00fcr weitere Informationen zur automatischen Leiterplattenl\u00f6trobotermaschine YCR-300 senden Sie bitte eine E-Mail an<\/p>\n<p><a href=\"mailto:sophia@allaismt.com\"><u>sophia@allaismt.com<\/u><\/a><\/p>\n<p>Wir werden Ihre Anfrage umgehend beantworten und Ihnen detaillierte Informationen \u00fcber unsere Produkte und Dienstleistungen zukommen lassen.<\/p>\n<p>&nbsp;<\/p>","protected":false},"excerpt":{"rendered":"<p>Beschreibung:<strong data-start=\"79\" data-end=\"133\">Die automatische Leiterplattenl\u00f6trobotermaschine YCR-250A<\/strong> Die YCR-250A ist f\u00fcr hochpr\u00e4zises, vollautomatisches L\u00f6ten in modernen SMT-Fertigungsumgebungen konzipiert. Ausgestattet mit fortschrittlicher Bewegungssteuerung und integrierter, bildgest\u00fctzter Ausrichtung gew\u00e4hrleistet sie die exakte L\u00f6tstellenbildung bei Bauteilen mit feiner Rasterteilung und komplexen Leiterplattenlayouts. Die YCR-250A reduziert manuelle Eingriffe, minimiert menschliche Fehler und steigert die Produktionseffizienz. Damit ist sie ideal f\u00fcr Unterhaltungselektronik, Automobilmodule und hochdichte Schaltungsbaugruppen geeignet. Ihre intelligenten L\u00f6talgorithmen garantieren gleichbleibende Qualit\u00e4t und eine h\u00f6here Ausbeute.<\/p>\n<p>Mindestbestellmenge: 1 St\u00fcck<\/p>\n<p>Lieferzeit: 15 Tage<\/p>","protected":false},"featured_media":22831,"comment_status":"closed","ping_status":"closed","template":"","meta":[],"etheme_brands":[],"product_brand":[],"product_cat":[180],"product_tag":[],"class_list":{"0":"post-22829","1":"product","2":"type-product","3":"status-publish","4":"has-post-thumbnail","6":"product_cat-soldering-robot","8":"first","9":"instock","10":"shipping-taxable","11":"product-type-simple"},"_links":{"self":[{"href":"https:\/\/esmte.com\/de\/wp-json\/wp\/v2\/product\/22829","targetHints":{"allow":["GET"]}}],"collection":[{"href":"https:\/\/esmte.com\/de\/wp-json\/wp\/v2\/product"}],"about":[{"href":"https:\/\/esmte.com\/de\/wp-json\/wp\/v2\/types\/product"}],"replies":[{"embeddable":true,"href":"https:\/\/esmte.com\/de\/wp-json\/wp\/v2\/comments?post=22829"}],"version-history":[{"count":1,"href":"https:\/\/esmte.com\/de\/wp-json\/wp\/v2\/product\/22829\/revisions"}],"predecessor-version":[{"id":22833,"href":"https:\/\/esmte.com\/de\/wp-json\/wp\/v2\/product\/22829\/revisions\/22833"}],"wp:featuredmedia":[{"embeddable":true,"href":"https:\/\/esmte.com\/de\/wp-json\/wp\/v2\/media\/22831"}],"wp:attachment":[{"href":"https:\/\/esmte.com\/de\/wp-json\/wp\/v2\/media?parent=22829"}],"wp:term":[{"taxonomy":"brand","embeddable":true,"href":"https:\/\/esmte.com\/de\/wp-json\/wp\/v2\/etheme_brands?post=22829"},{"taxonomy":"product_brand","embeddable":true,"href":"https:\/\/esmte.com\/de\/wp-json\/wp\/v2\/product_brand?post=22829"},{"taxonomy":"product_cat","embeddable":true,"href":"https:\/\/esmte.com\/de\/wp-json\/wp\/v2\/product_cat?post=22829"},{"taxonomy":"product_tag","embeddable":true,"href":"https:\/\/esmte.com\/de\/wp-json\/wp\/v2\/product_tag?post=22829"}],"curies":[{"name":"wp","href":"https:\/\/api.w.org\/{rel}","templated":true}]}}