{"id":22805,"date":"2025-12-04T07:24:03","date_gmt":"2025-12-04T07:24:03","guid":{"rendered":"https:\/\/esmte.com\/?post_type=product&#038;p=22805"},"modified":"2025-12-04T07:32:39","modified_gmt":"2025-12-04T07:32:39","slug":"multi-group-blades-pcb-v-cut-machine-yvc-180","status":"publish","type":"product","link":"https:\/\/esmte.com\/de\/products\/multi-group-blades-pcb-v-cut-machine-yvc-180\/","title":{"rendered":"Mehrgruppen-Klingen-Leiterplatten-V-Schneidmaschine YVC-180"},"content":{"rendered":"<h2>Einf\u00fchrung<\/h2>\n<p data-start=\"178\" data-end=\"664\">Der <strong data-start=\"182\" data-end=\"230\">Mehrgruppen-Klingen-Leiterplatten-V-Schneidemaschine YVC-180<\/strong> ist eine hochpr\u00e4zise L\u00f6sung zum Trennen von Leiterplatten, die speziell f\u00fcr die moderne Leiterplatten- und Elektronikfertigung entwickelt wurde. Dank mehrerer Klingengruppen erm\u00f6glicht sie das gleichzeitige Schneiden gro\u00dfer Leiterplatten in V-Form und steigert so die Produktionseffizienz deutlich bei gleichzeitig glatten und pr\u00e4zisen Kanten. Der schrittweise Schneidmechanismus reduziert die mechanische Belastung der Leiterplatten und verhindert so Verformungen, Kantenausbr\u00fcche und andere Besch\u00e4digungen. Dies gew\u00e4hrleistet gleichbleibend hochwertige Ergebnisse.<\/p>\n<p data-start=\"666\" data-end=\"1099\">Die YVC-180 verarbeitet Leiterplatten in verschiedenen Dicken, typischerweise von 0,2 mm bis 5,0 mm, und eignet sich f\u00fcr Glasfaser-, Aluminium- und andere Leiterplattentypen. Die einstellbare Schnitttiefe und die pr\u00e4zise Messerausrichtung erm\u00f6glichen Flexibilit\u00e4t f\u00fcr unterschiedliche Layouts und Produktionsanforderungen. Die robusten, verschlei\u00dffesten Messer und die stabile mechanische Konstruktion garantieren zuverl\u00e4ssigen Betrieb auch bei der kontinuierlichen Serienfertigung.<\/p>\n<p data-start=\"1101\" data-end=\"1402\">Weit verbreitet in <strong data-start=\"1116\" data-end=\"1188\">SMT-Linien, Leiterplattenbest\u00fcckung, LED-Modulproduktion und Chargen-Depanelisierung<\/strong>, Die YVC-180 eignet sich ideal sowohl f\u00fcr Prototypen- als auch f\u00fcr Serienfertigungsumgebungen. Ihr Mehrklingen-Design beschleunigt nicht nur den Demontageprozess, sondern minimiert auch den Ausschuss und verbessert so die Ausbeute und die Gesamteffizienz.<\/p>\n<p data-start=\"1404\" data-end=\"1637\">Mit dem <strong data-start=\"1413\" data-end=\"1461\">YVC-180 Mehrgruppen-Klingen-Leiterplatten-V-Schneidemaschine<\/strong>, Hersteller k\u00f6nnen so ein pr\u00e4zises, schnelles und gleichm\u00e4\u00dfiges V-Schneiden erreichen und gleichzeitig den Arbeitsablauf optimieren, w\u00e4hrend die Integrit\u00e4t und Qualit\u00e4t der Leiterplatten in einer Vielzahl von Anwendungen erhalten bleiben.<\/p>\n<p data-start=\"1404\" data-end=\"1637\"><img loading=\"lazy\" decoding=\"async\" class=\"alignnone wp-image-22801 aligncenter\" src=\"https:\/\/esmte.com\/wp-content\/uploads\/2025\/12\/11-25.webp\" alt=\"Multi Group Blades PCB V-cut Machine\" width=\"602\" height=\"601\" srcset=\"https:\/\/esmte.com\/wp-content\/uploads\/2025\/12\/11-25.webp 2561w, https:\/\/esmte.com\/wp-content\/uploads\/2025\/12\/11-25-100x100.webp 100w, https:\/\/esmte.com\/wp-content\/uploads\/2025\/12\/11-25-600x599.webp 600w, https:\/\/esmte.com\/wp-content\/uploads\/2025\/12\/11-25-300x300.webp 300w, https:\/\/esmte.com\/wp-content\/uploads\/2025\/12\/11-25-1024x1024.webp 1024w, https:\/\/esmte.com\/wp-content\/uploads\/2025\/12\/11-25-150x150.webp 150w, https:\/\/esmte.com\/wp-content\/uploads\/2025\/12\/11-25-768x767.webp 768w, https:\/\/esmte.com\/wp-content\/uploads\/2025\/12\/11-25-1536x1534.webp 1536w, https:\/\/esmte.com\/wp-content\/uploads\/2025\/12\/11-25-2048x2046.webp 2048w, https:\/\/esmte.com\/wp-content\/uploads\/2025\/12\/11-25-1x1.webp 1w, https:\/\/esmte.com\/wp-content\/uploads\/2025\/12\/11-25-10x10.webp 10w\" sizes=\"auto, (max-width: 602px) 100vw, 602px\" \/><\/p>\n<h3>Hauptmerkmale<\/h3>\n<ul>\n<li data-start=\"205\" data-end=\"391\">\n<p data-start=\"208\" data-end=\"391\"><strong data-start=\"208\" data-end=\"247\">Hocheffizientes Schneiden mit mehreren Klingen<\/strong> \u2013 Mehrere Messergruppen erm\u00f6glichen gleichzeitige V-Schnitte an gro\u00dfen Leiterplatten, wodurch der Produktionsdurchsatz erheblich gesteigert und die Bearbeitungszeit verk\u00fcrzt wird.<\/p>\n<\/li>\n<li data-start=\"393\" data-end=\"576\">\n<p data-start=\"396\" data-end=\"576\"><strong data-start=\"396\" data-end=\"420\">Pr\u00e4zisions-Depanierung<\/strong> \u2013 Die stufenweise Schnittkonstruktion minimiert die mechanische Belastung der Platten und verhindert so Verformungen, Kantenausbr\u00fcche und Deformationen. Dadurch werden glatte und pr\u00e4zise V-Schnitte gew\u00e4hrleistet.<\/p>\n<\/li>\n<li data-start=\"578\" data-end=\"763\">\n<p data-start=\"581\" data-end=\"763\"><strong data-start=\"581\" data-end=\"603\">Breite Kompatibilit\u00e4t<\/strong> \u2013 Die einstellbare Schnitttiefe unterst\u00fctzt verschiedene Leiterplattendicken, typischerweise von 0,2 mm bis 5,0 mm, geeignet f\u00fcr Glasfaser-, Aluminium- und andere Leiterplattentypen.<\/p>\n<\/li>\n<li data-start=\"765\" data-end=\"941\">\n<p data-start=\"768\" data-end=\"941\"><strong data-start=\"768\" data-end=\"792\">Robuste Konstruktion<\/strong> \u2013 Verschlei\u00dffeste Klingen und ein robuster mechanischer Rahmen gew\u00e4hrleisten eine stabile, langfristige Leistungsf\u00e4higkeit in kontinuierlichen Produktionsumgebungen mit hohem Durchsatz.<\/p>\n<\/li>\n<li data-start=\"943\" data-end=\"1121\">\n<p data-start=\"946\" data-end=\"1121\"><strong data-start=\"946\" data-end=\"977\">Serienfertigungsf\u00e4higkeit<\/strong> \u2013 Das Design mit mehreren Klingen erm\u00f6glicht das Abtrennen gro\u00dfer Mengen von Leiterplatten und macht den YVC-180 damit ideal f\u00fcr SMT-Linien, die Montage von LED-Modulen und die Serienfertigung.<\/p>\n<\/li>\n<li data-start=\"1123\" data-end=\"1320\">\n<p data-start=\"1126\" data-end=\"1320\"><strong data-start=\"1126\" data-end=\"1153\">Benutzerfreundliche Bedienung<\/strong> \u2013 Die ergonomische Benutzeroberfl\u00e4che und die einfache Klingenverstellung erm\u00f6glichen eine pr\u00e4zise Steuerung, reduzieren die Erm\u00fcdung des Bedieners und gew\u00e4hrleisten einen zuverl\u00e4ssigen Output bei unterschiedlichsten Produktionsanforderungen.<\/p>\n<\/li>\n<\/ul>\n<p>&nbsp;<\/p>\n<h2>Spezifikationen<\/h2>\n<table style=\"border-collapse: collapse; width: 1377px; height: 129px;\" border=\"0\" width=\"509\" cellspacing=\"0\" cellpadding=\"0\">\n<tbody>\n<tr style=\"height: 15.00pt;\">\n<td class=\"et2\" style=\"height: 15pt; width: 90pt; text-align: center;\" width=\"120\" height=\"20\">Modell<\/td>\n<td class=\"et3\" style=\"width: 291.75pt; text-align: center;\" width=\"389\">YVC-180<\/td>\n<\/tr>\n<tr style=\"height: 15.00pt;\">\n<td class=\"et4\" style=\"height: 15pt; width: 90pt; text-align: center;\" width=\"120\" height=\"20\">Dimension<\/td>\n<td class=\"et5\" style=\"width: 291.75pt; text-align: center;\" width=\"389\">1260 x 750 x 1060 mm<\/td>\n<\/tr>\n<tr style=\"height: 15.00pt;\">\n<td class=\"et4\" style=\"height: 15pt; width: 90pt; text-align: center;\" width=\"120\" height=\"20\">Leiterplattengr\u00f6\u00dfe<\/td>\n<td class=\"et5\" style=\"width: 291.75pt; text-align: center;\" width=\"389\">8 bis 180 mm<\/td>\n<\/tr>\n<tr style=\"height: 15.00pt;\">\n<td class=\"et4\" style=\"height: 15pt; width: 90pt; text-align: center;\" width=\"120\" height=\"20\">Stromversorgung<\/td>\n<td class=\"et5\" style=\"width: 291.75pt; text-align: center;\" width=\"389\">1-phasig Wechselstrom 220 V 50\/60 Hz (Option: 110 V bis 230 V)<\/td>\n<\/tr>\n<tr style=\"height: 15.00pt;\">\n<td class=\"et6\" style=\"height: 15pt; width: 90pt; text-align: center;\" width=\"120\" height=\"20\">Gewichte<\/td>\n<td class=\"et7\" style=\"width: 291.75pt; text-align: center;\" width=\"389\">160 kg<\/td>\n<\/tr>\n<\/tbody>\n<\/table>\n<p>&nbsp;<\/p>\n<p><a href=\"https:\/\/www.youtube.com\/@allaismt\" rel=\"nofollow noopener\" target=\"_blank\"><u>https:\/\/www.youtube.com\/@allaismt<\/u><\/a><\/p>\n<p>F\u00fcr weitere Informationen zur Multi Group Blades PCB V-Cut-Maschine YVC-180 senden Sie bitte eine E-Mail an<\/p>\n<p><a href=\"mailto:sophia@allaismt.com\"><u>sophia@allaismt.com<\/u><\/a><\/p>\n<p>Wir werden Ihre Anfrage umgehend beantworten und Ihnen detaillierte Informationen \u00fcber unsere Produkte und Dienstleistungen zukommen lassen.<\/p>\n<p>&nbsp;<\/p>","protected":false},"excerpt":{"rendered":"<p>Beschreibung: Die <strong>Mehrgruppen-Klingen-Leiterplatten-V-Schneidmaschine YVC-180<\/strong> Die YVC-180 ist eine hochpr\u00e4zise V-Schneidmaschine f\u00fcr Leiterplatten, die f\u00fcr die effiziente Entpanelisierung in SMT- und Elektronikfertigungslinien entwickelt wurde. Ausgestattet mit mehreren Messergruppen erm\u00f6glicht sie simultane V-Schnitte an gro\u00dfen Leiterplatten und steigert so die Produktionseffizienz deutlich. Der stufenweise Schneidmechanismus sorgt f\u00fcr glatte Kanten, reduziert Verformungen der Leiterplatten und minimiert Ausschuss. Die einstellbare Schnitttiefe erm\u00f6glicht die Bearbeitung verschiedener Leiterplattendicken und macht die Maschine somit f\u00fcr Glasfaser-, Aluminium- und andere Leiterplattentypen geeignet. Die YVC-180 ist ideal f\u00fcr die Serienfertigung, Prototypenbau und die Montage von LED- oder Elektronikmodulen und liefert zuverl\u00e4ssige, hochwertige und gleichm\u00e4\u00dfige Ergebnisse bei der Entpanelisierung.<\/p>\n<p>Mindestbestellmenge: 1 St\u00fcck<\/p>\n<p>Lieferzeit: 15 Tage<\/p>","protected":false},"featured_media":22806,"comment_status":"closed","ping_status":"closed","template":"","meta":[],"etheme_brands":[],"product_brand":[],"product_cat":[193],"product_tag":[],"class_list":{"0":"post-22805","1":"product","2":"type-product","3":"status-publish","4":"has-post-thumbnail","6":"product_cat-pcb-depaneling-machine-2","8":"first","9":"instock","10":"shipping-taxable","11":"product-type-simple"},"_links":{"self":[{"href":"https:\/\/esmte.com\/de\/wp-json\/wp\/v2\/product\/22805","targetHints":{"allow":["GET"]}}],"collection":[{"href":"https:\/\/esmte.com\/de\/wp-json\/wp\/v2\/product"}],"about":[{"href":"https:\/\/esmte.com\/de\/wp-json\/wp\/v2\/types\/product"}],"replies":[{"embeddable":true,"href":"https:\/\/esmte.com\/de\/wp-json\/wp\/v2\/comments?post=22805"}],"version-history":[{"count":1,"href":"https:\/\/esmte.com\/de\/wp-json\/wp\/v2\/product\/22805\/revisions"}],"predecessor-version":[{"id":22808,"href":"https:\/\/esmte.com\/de\/wp-json\/wp\/v2\/product\/22805\/revisions\/22808"}],"wp:featuredmedia":[{"embeddable":true,"href":"https:\/\/esmte.com\/de\/wp-json\/wp\/v2\/media\/22806"}],"wp:attachment":[{"href":"https:\/\/esmte.com\/de\/wp-json\/wp\/v2\/media?parent=22805"}],"wp:term":[{"taxonomy":"brand","embeddable":true,"href":"https:\/\/esmte.com\/de\/wp-json\/wp\/v2\/etheme_brands?post=22805"},{"taxonomy":"product_brand","embeddable":true,"href":"https:\/\/esmte.com\/de\/wp-json\/wp\/v2\/product_brand?post=22805"},{"taxonomy":"product_cat","embeddable":true,"href":"https:\/\/esmte.com\/de\/wp-json\/wp\/v2\/product_cat?post=22805"},{"taxonomy":"product_tag","embeddable":true,"href":"https:\/\/esmte.com\/de\/wp-json\/wp\/v2\/product_tag?post=22805"}],"curies":[{"name":"wp","href":"https:\/\/api.w.org\/{rel}","templated":true}]}}