{"id":22730,"date":"2025-12-03T07:53:53","date_gmt":"2025-12-03T07:53:53","guid":{"rendered":"https:\/\/esmte.com\/?post_type=product&#038;p=22730"},"modified":"2025-12-03T07:53:53","modified_gmt":"2025-12-03T07:53:53","slug":"guillotine-type-pcb-v-cut-machine-yv-180","status":"publish","type":"product","link":"https:\/\/esmte.com\/de\/products\/guillotine-type-pcb-v-cut-machine-yv-180\/","title":{"rendered":"Guillotine-Leiterplatten-V-Schneidemaschine YV-180"},"content":{"rendered":"<h2>Einf\u00fchrung<\/h2>\n<p data-start=\"79\" data-end=\"566\">Der <strong>Guillotine-Leiterplatten-V-Schneidemaschine YV-180<\/strong> Die YV-180 wurde f\u00fcr hochpr\u00e4zises Ausschneiden von V-Nut-Leiterplatten entwickelt und erf\u00fcllt damit die hohen Anforderungen moderner SMT- und Elektronikfertigungslinien. Dank ihres stabilen Guillotine-Messermechanismus gew\u00e4hrleistet sie glatte und pr\u00e4zise Schnitte bei minimaler mechanischer Belastung der Bauteile und reduziert das Risiko von Leiterplattenverformungen. Diese Pr\u00e4zision macht sie ideal f\u00fcr die Handhabung empfindlicher Schaltungen und Elektronikbauteile.<\/p>\n<p data-start=\"568\" data-end=\"1045\">Entworfen mit Blick auf Vielseitigkeit, <strong>Guillotine-Leiterplatten-V-Schneidemaschine YV-180<\/strong> Es verarbeitet eine Vielzahl von Leiterplattendicken, Panelgr\u00f6\u00dfen und Materialien und eignet sich daher ideal f\u00fcr Produktionsumgebungen mit unterschiedlichen Bauteilen. Seine robuste mechanische Konstruktion und der optimierte Schneidweg gew\u00e4hrleisten auch bei kontinuierlicher, hoher Produktionsleistung eine gleichbleibende Performance. Die intuitive Bedienoberfl\u00e4che erm\u00f6glicht es dem Bediener, Schneidparameter schnell einzustellen und anzupassen, wodurch reproduzierbare Ergebnisse mit minimalem Schulungsaufwand sichergestellt werden.<\/p>\n<p data-start=\"1047\" data-end=\"1366\">Sicherheit und Effizienz sind die Hauptmerkmale der YV-180. Der geschlossene Betrieb der Schneidklingen, rutschfeste Paneelhalterungen und leichtg\u00e4ngige Zuf\u00fchrmechanismen reduzieren das Verletzungsrisiko und verhindern Besch\u00e4digungen an Leiterplatten. Dar\u00fcber hinaus minimieren die robusten Komponenten und die gut zug\u00e4nglichen Wartungspunkte Ausfallzeiten und verl\u00e4ngern die Lebensdauer der Maschine.<\/p>\n<p data-start=\"1368\" data-end=\"1655\" data-is-last-node=\"\" data-is-only-node=\"\">Durch die Kombination von Pr\u00e4zision, Stabilit\u00e4t und benutzerfreundlicher Bedienung bietet das <strong>Guillotine-Leiterplatten-V-Schneidemaschine YV-180<\/strong> bietet eine zuverl\u00e4ssige L\u00f6sung f\u00fcr Hersteller, die eine effiziente, genaue und konsistente Demontageleistung anstreben, und tr\u00e4gt so zur Erhaltung der Produktqualit\u00e4t und zur Verbesserung der Produktionsausbeute bei.<\/p>\n<p data-start=\"1368\" data-end=\"1655\" data-is-last-node=\"\" data-is-only-node=\"\">\n<p data-start=\"1368\" data-end=\"1655\" data-is-last-node=\"\" data-is-only-node=\"\"><img loading=\"lazy\" decoding=\"async\" class=\"alignnone  wp-image-22735 aligncenter\" src=\"https:\/\/esmte.com\/wp-content\/uploads\/2025\/12\/11-19.webp\" alt=\"Guillotine Type PCB V-cut Machine\" width=\"662\" height=\"661\" srcset=\"https:\/\/esmte.com\/wp-content\/uploads\/2025\/12\/11-19.webp 2561w, https:\/\/esmte.com\/wp-content\/uploads\/2025\/12\/11-19-100x100.webp 100w, https:\/\/esmte.com\/wp-content\/uploads\/2025\/12\/11-19-600x599.webp 600w, https:\/\/esmte.com\/wp-content\/uploads\/2025\/12\/11-19-300x300.webp 300w, https:\/\/esmte.com\/wp-content\/uploads\/2025\/12\/11-19-1024x1024.webp 1024w, https:\/\/esmte.com\/wp-content\/uploads\/2025\/12\/11-19-150x150.webp 150w, https:\/\/esmte.com\/wp-content\/uploads\/2025\/12\/11-19-768x767.webp 768w, https:\/\/esmte.com\/wp-content\/uploads\/2025\/12\/11-19-1536x1534.webp 1536w, https:\/\/esmte.com\/wp-content\/uploads\/2025\/12\/11-19-2048x2046.webp 2048w, https:\/\/esmte.com\/wp-content\/uploads\/2025\/12\/11-19-1x1.webp 1w, https:\/\/esmte.com\/wp-content\/uploads\/2025\/12\/11-19-10x10.webp 10w\" sizes=\"auto, (max-width: 662px) 100vw, 662px\" \/><\/p>\n<p data-start=\"1368\" data-end=\"1655\" data-is-last-node=\"\" data-is-only-node=\"\">\n<h3>Hauptmerkmale<\/h3>\n<ul>\n<li data-start=\"179\" data-end=\"284\">\n<p data-start=\"182\" data-end=\"284\"><strong data-start=\"182\" data-end=\"213\">Steigerung der Produktionseffizienz<\/strong> \u2013 Schnelle V-Schnittzyklen erh\u00f6hen den Durchsatz und reduzieren Engp\u00e4sse in der Produktionslinie.<\/p>\n<\/li>\n<li data-start=\"285\" data-end=\"394\">\n<p data-start=\"288\" data-end=\"394\"><strong data-start=\"288\" data-end=\"312\">Zuverl\u00e4ssige Leistung<\/strong> \u2013 Der stabile Guillotine-Mechanismus gew\u00e4hrleistet stets gleichbleibende, qualitativ hochwertige Schnitte.<\/p>\n<\/li>\n<li data-start=\"395\" data-end=\"488\">\n<p data-start=\"398\" data-end=\"488\"><strong data-start=\"398\" data-end=\"420\">Flexibler Betrieb<\/strong> \u2013 L\u00e4sst sich problemlos an verschiedene Leiterplattengr\u00f6\u00dfen, -dicken und -materialien anpassen.<\/p>\n<\/li>\n<li data-start=\"489\" data-end=\"584\">\n<p data-start=\"492\" data-end=\"584\"><strong data-start=\"492\" data-end=\"518\">Benutzerfreundliche Bedienelemente<\/strong> \u2013 Die einfache Benutzeroberfl\u00e4che und die intuitiven Einstellm\u00f6glichkeiten verk\u00fcrzen die Einrichtungszeit.<\/p>\n<\/li>\n<li data-start=\"585\" data-end=\"675\">\n<p data-start=\"588\" data-end=\"675\"><strong data-start=\"588\" data-end=\"607\">Erh\u00f6hte Sicherheit<\/strong> \u2013 Schutzgeh\u00e4use und eine reibungslose Zuf\u00fchrung gew\u00e4hrleisten die Sicherheit der Bediener.<\/p>\n<\/li>\n<li data-start=\"676\" data-end=\"778\">\n<p data-start=\"679\" data-end=\"778\"><strong data-start=\"679\" data-end=\"705\">Sauber und umweltfreundlich<\/strong> \u2013 Minimale Abfallerzeugung tr\u00e4gt zu einer saubereren Produktionsumgebung bei.<\/p>\n<\/li>\n<\/ul>\n<p>&nbsp;<\/p>\n<h2>Spezifikationen<\/h2>\n<table style=\"border-collapse: collapse; width: 1376px; height: 195px;\" border=\"0\" width=\"498\" cellspacing=\"0\" cellpadding=\"0\">\n<tbody>\n<tr style=\"height: 15.00pt;\">\n<td class=\"et2\" style=\"height: 15pt; width: 88.5pt; text-align: center;\" width=\"118\" height=\"20\">Modell<\/td>\n<td class=\"et3\" style=\"width: 285pt; text-align: center;\" width=\"380\">YV-180<\/td>\n<\/tr>\n<tr style=\"height: 29.25pt;\">\n<td class=\"et4\" style=\"height: 29.25pt; width: 88.5pt; text-align: center;\" width=\"118\" height=\"39\">Dimension<\/td>\n<td class=\"et5\" style=\"width: 285pt; text-align: center;\" width=\"380\">1250*615*1060 mm<\/td>\n<\/tr>\n<tr style=\"height: 29.25pt;\">\n<td class=\"et4\" style=\"height: 29.25pt; width: 88.5pt; text-align: center;\" width=\"118\" height=\"39\">Leiterplattengr\u00f6\u00dfe<\/td>\n<td class=\"et5\" style=\"width: 285pt; text-align: center;\" width=\"380\">8 bis 180 mm<\/td>\n<\/tr>\n<tr style=\"height: 29.25pt;\">\n<td class=\"et4\" style=\"height: 29.25pt; width: 88.5pt; text-align: center;\" width=\"118\" height=\"39\">Stromversorgung<\/td>\n<td class=\"et6\" style=\"width: 285pt; text-align: center;\" width=\"380\">1-phasig Wechselstrom 220 V 50\/60 Hz (Option: 110 V bis 230 V)<\/td>\n<\/tr>\n<tr style=\"height: 15.00pt;\">\n<td class=\"et7\" style=\"height: 15pt; width: 88.5pt; text-align: center;\" width=\"118\" height=\"20\">Gewichte<\/td>\n<td class=\"et8\" style=\"width: 285pt; text-align: center;\" width=\"380\">160 kg<\/td>\n<\/tr>\n<\/tbody>\n<\/table>\n<p>&nbsp;<\/p>\n<p><a href=\"https:\/\/www.youtube.com\/@allaismt\" rel=\"nofollow noopener\" target=\"_blank\"><u>https:\/\/www.youtube.com\/@allaismt<\/u><\/a><\/p>\n<p>F\u00fcr weitere Informationen zur Guillotine-Leiterplatten-V-Schneidemaschine YV-180 senden Sie bitte eine E-Mail an<\/p>\n<p><a href=\"mailto:sophia@allaismt.com\"><u>sophia@allaismt.com<\/u><\/a><\/p>\n<p>Wir werden Ihre Anfrage umgehend beantworten und Ihnen detaillierte Informationen \u00fcber unsere Produkte und Dienstleistungen zukommen lassen.<\/p>","protected":false},"excerpt":{"rendered":"<p>Beschreibung: Die <strong>Guillotine-Leiterplatten-V-Schneidemaschine YV-180<\/strong> Die YV-180 wurde f\u00fcr das pr\u00e4zise und spannungsarme Trennen von V-Nut-Leiterplatten in SMT- und Elektronikfertigungslinien entwickelt. Dank ihres stabilen Guillotine-Messersystems liefert sie saubere und pr\u00e4zise Schnitte und minimiert gleichzeitig Verformungen der Leiterplatte und Besch\u00e4digungen der Bauteile. Die Maschine unterst\u00fctzt eine Vielzahl von Leiterplattendicken und Panelgr\u00f6\u00dfen und ist somit vielseitig einsetzbar. Mit zuverl\u00e4ssigem Betrieb, einfacher Einrichtung und gleichbleibender Schnittleistung bietet die YV-180 eine effiziente und sichere L\u00f6sung f\u00fcr das Trennen gro\u00dfer St\u00fcckzahlen von Leiterplatten.<\/p>\n<p>Mindestbestellmenge: 1 St\u00fcck<\/p>\n<p>Lieferzeit: 15 Tage<\/p>","protected":false},"featured_media":22737,"comment_status":"closed","ping_status":"closed","template":"","meta":[],"etheme_brands":[],"product_brand":[],"product_cat":[193],"product_tag":[],"class_list":{"0":"post-22730","1":"product","2":"type-product","3":"status-publish","4":"has-post-thumbnail","6":"product_cat-pcb-depaneling-machine-2","8":"first","9":"instock","10":"shipping-taxable","11":"product-type-simple"},"_links":{"self":[{"href":"https:\/\/esmte.com\/de\/wp-json\/wp\/v2\/product\/22730","targetHints":{"allow":["GET"]}}],"collection":[{"href":"https:\/\/esmte.com\/de\/wp-json\/wp\/v2\/product"}],"about":[{"href":"https:\/\/esmte.com\/de\/wp-json\/wp\/v2\/types\/product"}],"replies":[{"embeddable":true,"href":"https:\/\/esmte.com\/de\/wp-json\/wp\/v2\/comments?post=22730"}],"version-history":[{"count":1,"href":"https:\/\/esmte.com\/de\/wp-json\/wp\/v2\/product\/22730\/revisions"}],"predecessor-version":[{"id":22738,"href":"https:\/\/esmte.com\/de\/wp-json\/wp\/v2\/product\/22730\/revisions\/22738"}],"wp:featuredmedia":[{"embeddable":true,"href":"https:\/\/esmte.com\/de\/wp-json\/wp\/v2\/media\/22737"}],"wp:attachment":[{"href":"https:\/\/esmte.com\/de\/wp-json\/wp\/v2\/media?parent=22730"}],"wp:term":[{"taxonomy":"brand","embeddable":true,"href":"https:\/\/esmte.com\/de\/wp-json\/wp\/v2\/etheme_brands?post=22730"},{"taxonomy":"product_brand","embeddable":true,"href":"https:\/\/esmte.com\/de\/wp-json\/wp\/v2\/product_brand?post=22730"},{"taxonomy":"product_cat","embeddable":true,"href":"https:\/\/esmte.com\/de\/wp-json\/wp\/v2\/product_cat?post=22730"},{"taxonomy":"product_tag","embeddable":true,"href":"https:\/\/esmte.com\/de\/wp-json\/wp\/v2\/product_tag?post=22730"}],"curies":[{"name":"wp","href":"https:\/\/api.w.org\/{rel}","templated":true}]}}