{"id":22720,"date":"2025-12-03T06:48:11","date_gmt":"2025-12-03T06:48:11","guid":{"rendered":"https:\/\/esmte.com\/?post_type=product&#038;p=22720"},"modified":"2026-01-13T03:44:23","modified_gmt":"2026-01-13T03:44:23","slug":"tray-cleaning-machine-yc-1000","status":"publish","type":"product","link":"https:\/\/esmte.com\/de\/products\/tray-cleaning-machine-yc-1000\/","title":{"rendered":"SMT Tablett-Reinigungsmaschine YC-1000\uff082\uff09"},"content":{"rendered":"<h2>Einf\u00fchrung<\/h2>\n<p data-start=\"66\" data-end=\"606\">Der <strong>SMT<\/strong> <strong>Tablettreinigungsmaschine YC-1000<\/strong> Die YC-1000 wurde entwickelt, um die steigenden Reinheitsstandards moderner SMT-, Halbleiter- und Pr\u00e4zisionsmontageumgebungen zu erf\u00fcllen. Ihr fortschrittliches Reinigungsmodul kombiniert sanftes B\u00fcrsten, gef\u00fchrte Luftstr\u00f6mung und hocheffiziente Partikelabsaugung, um Staub, Fasern und Restverunreinigungen von Trays zu entfernen, ohne Abrieb oder Verformungen zu verursachen. Dank ihrer stabilen mechanischen Struktur und des optimierten Bearbeitungspfads gew\u00e4hrleistet die YC-1000 auch bei lang andauerndem Betrieb mit hohem Durchsatz gleichm\u00e4\u00dfige Reinigungsergebnisse.<\/p>\n<p data-start=\"608\" data-end=\"1058\">Um vielf\u00e4ltige Fertigungsabl\u00e4ufe zu unterst\u00fctzen,<strong> SMT<\/strong> <strong>Tablettreinigungsmaschine YC-1000<\/strong> Es eignet sich f\u00fcr eine Vielzahl von Tablettgr\u00f6\u00dfen und -materialien und ist somit flexibel f\u00fcr Produktionslinien mit unterschiedlichen Modellen einsetzbar. Die vollautomatische Be-, Reinigungs- und Entladesequenz minimiert manuelle Eingriffe und steigert die Betriebseffizienz deutlich. Der geschlossene Reinigungsbereich und das pr\u00e4zise gesteuerte Abluftsystem tragen ebenfalls zu einer sauberen Arbeitsumgebung bei, insbesondere bei Reinraumprozessen.<\/p>\n<p data-start=\"1060\" data-end=\"1518\" data-is-last-node=\"\" data-is-only-node=\"\">Die Wartung wird durch werkzeuglose Zugangspunkte, robuste Komponenten und langlebige Verbrauchsmaterialien vereinfacht, sodass Techniker schnelle Pr\u00fcfungen und Austausche mit minimalen Ausfallzeiten durchf\u00fchren k\u00f6nnen. Durch die Kombination von zuverl\u00e4ssiger Leistung, einfacher Integration und \u00fcberlegener Kontaminationskontrolle bietet das System optimale Voraussetzungen. <strong>SMT <\/strong><strong>Tablettreinigungsmaschine YC-1000<\/strong> bietet Herstellern eine hocheffiziente und konsistente L\u00f6sung zur Verbesserung der Produktausbeute und zur Aufrechterhaltung saubererer Produktionsstandards.<\/p>\n<p data-start=\"1060\" data-end=\"1518\" data-is-last-node=\"\" data-is-only-node=\"\"><img loading=\"lazy\" decoding=\"async\" class=\"aligncenter wp-image-22714\" src=\"https:\/\/esmte.com\/wp-content\/uploads\/2025\/12\/11.png\" alt=\"SMT Tray Cleaning Machine\" width=\"605\" height=\"605\" srcset=\"https:\/\/esmte.com\/wp-content\/uploads\/2025\/12\/11.png 2560w, https:\/\/esmte.com\/wp-content\/uploads\/2025\/12\/11-100x100.png 100w, https:\/\/esmte.com\/wp-content\/uploads\/2025\/12\/11-600x600.png 600w, https:\/\/esmte.com\/wp-content\/uploads\/2025\/12\/11-300x300.png 300w, https:\/\/esmte.com\/wp-content\/uploads\/2025\/12\/11-1024x1024.png 1024w, https:\/\/esmte.com\/wp-content\/uploads\/2025\/12\/11-150x150.png 150w, https:\/\/esmte.com\/wp-content\/uploads\/2025\/12\/11-768x768.png 768w, https:\/\/esmte.com\/wp-content\/uploads\/2025\/12\/11-1536x1536.png 1536w, https:\/\/esmte.com\/wp-content\/uploads\/2025\/12\/11-2048x2048.png 2048w, https:\/\/esmte.com\/wp-content\/uploads\/2025\/12\/11-1x1.png 1w, https:\/\/esmte.com\/wp-content\/uploads\/2025\/12\/11-10x10.png 10w\" sizes=\"auto, (max-width: 605px) 100vw, 605px\" \/><\/p>\n<h3>Hauptmerkmale<\/h3>\n<ul>\n<li data-start=\"72\" data-end=\"430\">\n<p data-start=\"75\" data-end=\"430\"><strong data-start=\"75\" data-end=\"115\">Verbessertes mehrstufiges Reinigungssystem<\/strong><br data-start=\"115\" data-end=\"118\" \/>Der YC-1000 nutzt eine abgestimmte Kombination aus pr\u00e4zisem B\u00fcrsten, kontrolliertem Luftstrom und hocheffizienter Absaugung, um Staub und Mikropartikel aus Trays zu entfernen. Dieses mehrstufige Verfahren gew\u00e4hrleistet gr\u00fcndliche Reinigung und eignet sich daher ideal f\u00fcr empfindliche SMT- und Halbleiteranwendungen.<\/p>\n<\/li>\n<li data-start=\"432\" data-end=\"753\">\n<p data-start=\"435\" data-end=\"753\"><strong data-start=\"435\" data-end=\"466\">Adaptive Tablettgr\u00f6\u00dfenhandhabung<\/strong><br data-start=\"466\" data-end=\"469\" \/>Die Maschine ist mit einem verstellbaren Ausrichtungsmechanismus ausgestattet und unterst\u00fctzt eine Vielzahl von Schalenformaten ohne aufwendige Umr\u00fcstungen. Diese Flexibilit\u00e4t erm\u00f6glicht es den Bedienern, schnell zwischen verschiedenen Produkttypen zu wechseln und so einen reibungslosen Produktionsablauf in dynamischen Produktionslinien zu gew\u00e4hrleisten.<\/p>\n<\/li>\n<li data-start=\"755\" data-end=\"1074\">\n<p data-start=\"758\" data-end=\"1074\"><strong data-start=\"758\" data-end=\"800\">Stabile und reproduzierbare Reinigungsqualit\u00e4t<\/strong><br data-start=\"800\" data-end=\"803\" \/>Dank verst\u00e4rkter Struktur und pr\u00e4zise abgestimmtem Reinigungsdruck liefert die YC-1000 in jedem Reinigungszyklus gleichbleibende Ergebnisse. Ihre konstante Leistung hilft Herstellern, Kontaminationsrisiken zu minimieren und auch bei hohem Durchsatz eine vorhersehbare Qualit\u00e4t zu erzielen.<\/p>\n<\/li>\n<li data-start=\"1076\" data-end=\"1359\">\n<p data-start=\"1079\" data-end=\"1359\"><strong data-start=\"1079\" data-end=\"1109\">Automatisierung mit hohem Durchsatz<\/strong><br data-start=\"1109\" data-end=\"1112\" \/>Die Maschine integriert automatisierte Zuf\u00fchrungs-, Reinigungs- und Auswurffunktionen, um den Arbeitsablauf zu optimieren. Dies reduziert den manuellen Aufwand, beschleunigt den Tablettwechsel und steigert die Produktivit\u00e4t in Betrieben mit engen Zykluszeitvorgaben.<\/p>\n<\/li>\n<li data-start=\"1361\" data-end=\"1653\">\n<p data-start=\"1364\" data-end=\"1653\"><strong data-start=\"1364\" data-end=\"1396\">Wartungsarme Architektur<\/strong><br data-start=\"1396\" data-end=\"1399\" \/>Der YC-1000 wurde mit Blick auf Benutzerfreundlichkeit entwickelt und verf\u00fcgt \u00fcber leicht zug\u00e4ngliche Bedienfelder, robuste, verschlei\u00dffeste Komponenten und vereinfachte Inspektionswege. Diese Merkmale tragen dazu bei, die Wartungszeiten zu verk\u00fcrzen und die Lebensdauer der Anlage in anspruchsvollen Produktionsumgebungen zu verl\u00e4ngern.<\/p>\n<\/li>\n<li data-start=\"1655\" data-end=\"1976\" data-is-last-node=\"\">\n<p data-start=\"1658\" data-end=\"1976\" data-is-last-node=\"\"><strong data-start=\"1658\" data-end=\"1692\">Reinraumkompatibler Betrieb<\/strong><br data-start=\"1692\" data-end=\"1695\" \/>Eine geschlossene Reinigungskammer in Kombination mit einem effizienten Staubabscheidungssystem minimiert die Partikelverteilung. Dadurch tr\u00e4gt die Reinigung der Tabletts positiv zum gesamten Reinheitsmanagement bei und unterst\u00fctzt anspruchsvolle Fertigungsprozesse, die kontrollierte Umgebungen erfordern.<\/p>\n<\/li>\n<\/ul>\n<p>&nbsp;<\/p>\n<p><img loading=\"lazy\" decoding=\"async\" class=\"alignnone wp-image-23003\" src=\"https:\/\/esmte.com\/wp-content\/uploads\/2025\/12\/Tray1.webp\" alt=\"\" width=\"310\" height=\"310\" srcset=\"https:\/\/esmte.com\/wp-content\/uploads\/2025\/12\/Tray1.webp 1560w, https:\/\/esmte.com\/wp-content\/uploads\/2025\/12\/Tray1-100x100.webp 100w, https:\/\/esmte.com\/wp-content\/uploads\/2025\/12\/Tray1-600x600.webp 600w, https:\/\/esmte.com\/wp-content\/uploads\/2025\/12\/Tray1-300x300.webp 300w, https:\/\/esmte.com\/wp-content\/uploads\/2025\/12\/Tray1-1024x1024.webp 1024w, https:\/\/esmte.com\/wp-content\/uploads\/2025\/12\/Tray1-150x150.webp 150w, https:\/\/esmte.com\/wp-content\/uploads\/2025\/12\/Tray1-768x768.webp 768w, https:\/\/esmte.com\/wp-content\/uploads\/2025\/12\/Tray1-1536x1536.webp 1536w, https:\/\/esmte.com\/wp-content\/uploads\/2025\/12\/Tray1-1x1.webp 1w, https:\/\/esmte.com\/wp-content\/uploads\/2025\/12\/Tray1-10x10.webp 10w\" sizes=\"auto, (max-width: 310px) 100vw, 310px\" \/> <img loading=\"lazy\" decoding=\"async\" class=\"alignnone wp-image-23004\" src=\"https:\/\/esmte.com\/wp-content\/uploads\/2025\/12\/Tray2.webp\" alt=\"\" width=\"270\" height=\"270\" srcset=\"https:\/\/esmte.com\/wp-content\/uploads\/2025\/12\/Tray2.webp 1560w, https:\/\/esmte.com\/wp-content\/uploads\/2025\/12\/Tray2-100x100.webp 100w, https:\/\/esmte.com\/wp-content\/uploads\/2025\/12\/Tray2-600x600.webp 600w, https:\/\/esmte.com\/wp-content\/uploads\/2025\/12\/Tray2-300x300.webp 300w, https:\/\/esmte.com\/wp-content\/uploads\/2025\/12\/Tray2-1024x1024.webp 1024w, https:\/\/esmte.com\/wp-content\/uploads\/2025\/12\/Tray2-150x150.webp 150w, https:\/\/esmte.com\/wp-content\/uploads\/2025\/12\/Tray2-768x768.webp 768w, https:\/\/esmte.com\/wp-content\/uploads\/2025\/12\/Tray2-1536x1536.webp 1536w, https:\/\/esmte.com\/wp-content\/uploads\/2025\/12\/Tray2-1x1.webp 1w, https:\/\/esmte.com\/wp-content\/uploads\/2025\/12\/Tray2-10x10.webp 10w\" sizes=\"auto, (max-width: 270px) 100vw, 270px\" \/> <img loading=\"lazy\" decoding=\"async\" class=\"alignnone wp-image-23005\" src=\"https:\/\/esmte.com\/wp-content\/uploads\/2025\/12\/Tray3.webp\" alt=\"\" width=\"297\" height=\"297\" srcset=\"https:\/\/esmte.com\/wp-content\/uploads\/2025\/12\/Tray3.webp 1560w, https:\/\/esmte.com\/wp-content\/uploads\/2025\/12\/Tray3-100x100.webp 100w, https:\/\/esmte.com\/wp-content\/uploads\/2025\/12\/Tray3-600x600.webp 600w, https:\/\/esmte.com\/wp-content\/uploads\/2025\/12\/Tray3-300x300.webp 300w, https:\/\/esmte.com\/wp-content\/uploads\/2025\/12\/Tray3-1024x1024.webp 1024w, https:\/\/esmte.com\/wp-content\/uploads\/2025\/12\/Tray3-150x150.webp 150w, https:\/\/esmte.com\/wp-content\/uploads\/2025\/12\/Tray3-768x768.webp 768w, https:\/\/esmte.com\/wp-content\/uploads\/2025\/12\/Tray3-1536x1536.webp 1536w, https:\/\/esmte.com\/wp-content\/uploads\/2025\/12\/Tray3-1x1.webp 1w, https:\/\/esmte.com\/wp-content\/uploads\/2025\/12\/Tray3-10x10.webp 10w\" sizes=\"auto, (max-width: 297px) 100vw, 297px\" \/><\/p>\n<p>&nbsp;<\/p>\n<h2>Spezifikationen<\/h2>\n<table style=\"border-collapse: collapse; width: 920px; height: 425px;\" border=\"0\" width=\"469\" cellspacing=\"0\" cellpadding=\"0\">\n<tbody>\n<tr style=\"height: 15.00pt;\">\n<td class=\"et2\" style=\"height: 15pt; width: 132.75pt; text-align: center;\" width=\"177\" height=\"20\">Artikel<\/td>\n<td class=\"et3\" style=\"width: 219pt; text-align: center;\" width=\"292\">YC-1000<\/td>\n<\/tr>\n<tr style=\"height: 20.00pt;\">\n<td class=\"et4\" style=\"height: 20pt; width: 132.75pt; text-align: center;\" width=\"177\" height=\"26\">Gr\u00f6\u00dfe des Reinigungskorbs<\/td>\n<td class=\"et5\" style=\"width: 219pt; text-align: center;\" width=\"292\">\u00d8 1000 mm x H 200 mm. Sondergr\u00f6\u00dfenoption<\/td>\n<\/tr>\n<tr style=\"height: 15.00pt;\">\n<td class=\"et4\" style=\"height: 15pt; width: 132.75pt; text-align: center;\" width=\"177\" height=\"20\">Spr\u00fcheinheit<\/td>\n<td class=\"et5\" style=\"width: 219pt; text-align: center;\" width=\"292\">\u00d8 1000 mm x H 200 mm. Sondergr\u00f6\u00dfenoption<\/td>\n<\/tr>\n<tr style=\"height: 20.00pt;\">\n<td class=\"et4\" style=\"height: 20pt; width: 132.75pt; text-align: center;\" width=\"177\" height=\"26\">Spr\u00fcheinheit<\/td>\n<td class=\"et5\" style=\"width: 219pt; text-align: center;\" width=\"292\">Ober-\/Unter-\/Vorderseite, 720\u00b0-Rundumspr\u00fchung<\/td>\n<\/tr>\n<tr style=\"height: 15.00pt;\">\n<td class=\"et4\" style=\"height: 15pt; width: 132.75pt; text-align: center;\" width=\"177\" height=\"20\">3-stufiges Filtersystem<\/td>\n<td class=\"et5\" style=\"width: 219pt; text-align: center;\" width=\"292\">1 mm \/ 50 \u00b5m \/ 20 \u00b5m Filter<\/td>\n<\/tr>\n<tr style=\"height: 15.00pt;\">\n<td class=\"et4\" style=\"height: 15pt; width: 132.75pt; text-align: center;\" width=\"177\" height=\"20\">Druckluft<\/td>\n<td class=\"et5\" style=\"width: 219pt; text-align: center;\" width=\"292\">0,5\u20130,7 MPa<\/td>\n<\/tr>\n<tr style=\"height: 15.00pt;\">\n<td class=\"et4\" style=\"height: 15pt; width: 132.75pt; text-align: center;\" width=\"177\" height=\"20\">Kapazit\u00e4t des Reinraumtanks<\/td>\n<td class=\"et5\" style=\"width: 219pt; text-align: center;\" width=\"292\">80 l<\/td>\n<\/tr>\n<tr style=\"height: 15.00pt;\">\n<td class=\"et4\" style=\"height: 15pt; width: 132.75pt; text-align: center;\" width=\"177\" height=\"20\">Sp\u00fclwasser erhitzen<\/td>\n<td class=\"et5\" style=\"width: 219pt; text-align: center;\" width=\"292\"><span class=\"font1\">Raumtemperatur ~80<\/span><span class=\"font0\">\u2103<\/span><\/td>\n<\/tr>\n<tr style=\"height: 15.00pt;\">\n<td class=\"et4\" style=\"height: 15pt; width: 132.75pt; text-align: center;\" width=\"177\" height=\"20\">Hei\u00dfluftheizungstemperatur<\/td>\n<td class=\"et5\" style=\"width: 219pt; text-align: center;\" width=\"292\"><span class=\"font1\">Raumtemperatur ~90<\/span><span class=\"font0\">\u2103<\/span><\/td>\n<\/tr>\n<tr style=\"height: 15.00pt;\">\n<td class=\"et4\" style=\"height: 15pt; width: 132.75pt; text-align: center;\" width=\"177\" height=\"20\">Saubere Pumpenleistung<\/td>\n<td class=\"et5\" style=\"width: 219pt; text-align: center;\" width=\"292\">2,2 kW<\/td>\n<\/tr>\n<tr style=\"height: 15.00pt;\">\n<td class=\"et4\" style=\"height: 15pt; width: 132.75pt; text-align: center;\" width=\"177\" height=\"20\">Reinigungskraft<\/td>\n<td class=\"et5\" style=\"width: 219pt; text-align: center;\" width=\"292\">9 kW<\/td>\n<\/tr>\n<tr style=\"height: 15.00pt;\">\n<td class=\"et4\" style=\"height: 15pt; width: 132.75pt; text-align: center;\" width=\"177\" height=\"20\">Gebl\u00e4seleistung<\/td>\n<td class=\"et5\" style=\"width: 219pt; text-align: center;\" width=\"292\">4,0 kW<\/td>\n<\/tr>\n<tr style=\"height: 15.00pt;\">\n<td class=\"et4\" style=\"height: 15pt; width: 132.75pt; text-align: center;\" width=\"177\" height=\"20\">Stromversorgung<\/td>\n<td class=\"et5\" style=\"width: 219pt; text-align: center;\" width=\"292\">3 Phasen, 380 V Wechselstrom, 50\/60 Hz, 33 kW<\/td>\n<\/tr>\n<tr style=\"height: 15.00pt;\">\n<td class=\"et6\" style=\"height: 15pt; width: 132.75pt; text-align: center;\" width=\"177\" height=\"20\">Maschinengr\u00f6\u00dfe<\/td>\n<td class=\"et7\" style=\"width: 219pt; text-align: center;\" width=\"292\">L1380 x B2100 x H 1400 (mm)<\/td>\n<\/tr>\n<\/tbody>\n<\/table>\n<p>&nbsp;<\/p>\n<p><a href=\"https:\/\/www.youtube.com\/@allaismt\" rel=\"nofollow noopener\" target=\"_blank\"><u>https:\/\/www.youtube.com\/@allaismt<\/u><\/a><\/p>\n<p>For more information about the <strong>SMT Tray Cleaning Machine YC-1000<\/strong>, Bitte senden Sie eine E-Mail an<\/p>\n<p><a href=\"mailto:sophia@allaismt.com\"><u>sophia@allaismt.com<\/u><\/a><\/p>\n<p>Wir werden Ihre Anfrage umgehend beantworten und Ihnen detaillierte Informationen \u00fcber unsere Produkte und Dienstleistungen zukommen lassen.<\/p>","protected":false},"excerpt":{"rendered":"<p>Beschreibung: Die <strong>SMT <\/strong><strong>Tablettreinigungsmaschine YC-1000<\/strong> Die YC-1000 wurde f\u00fcr die schnelle, gleichm\u00e4\u00dfige und hochpr\u00e4zise Reinigung von SMT-, Halbleiter- und Elektronik-Handling-Trays entwickelt. Ihr optimiertes B\u00fcrsten- und Luftabsaugsystem entfernt effektiv Staub, Fasern und Mikroverunreinigungen, ohne die Tray-Struktur zu besch\u00e4digen. Die YC-1000 ist auf stabilen Betrieb und einfache Wartung ausgelegt und unterst\u00fctzt verschiedene Tray-Gr\u00f6\u00dfen sowie Produktionsumgebungen mit hohem Durchsatz. Sie hilft Herstellern, einen sauberen Materialfluss aufrechtzuerhalten, Kontaminationsrisiken zu minimieren und eine zuverl\u00e4ssige Qualit\u00e4t w\u00e4hrend des gesamten Montageprozesses zu gew\u00e4hrleisten.<\/p>\n<p>Mindestbestellmenge: 1 St\u00fcck<\/p>\n<p>Lieferzeit: 15 Tage<\/p>","protected":false},"featured_media":22721,"comment_status":"closed","ping_status":"closed","template":"","meta":[],"etheme_brands":[],"product_brand":[],"product_cat":[156,195],"product_tag":[],"class_list":{"0":"post-22720","1":"product","2":"type-product","3":"status-publish","4":"has-post-thumbnail","6":"product_cat-pcb-cleaning-machine","7":"product_cat-tray-cleaning-machine-pcb-cleaning-machine","9":"first","10":"instock","11":"shipping-taxable","12":"product-type-simple"},"_links":{"self":[{"href":"https:\/\/esmte.com\/de\/wp-json\/wp\/v2\/product\/22720","targetHints":{"allow":["GET"]}}],"collection":[{"href":"https:\/\/esmte.com\/de\/wp-json\/wp\/v2\/product"}],"about":[{"href":"https:\/\/esmte.com\/de\/wp-json\/wp\/v2\/types\/product"}],"replies":[{"embeddable":true,"href":"https:\/\/esmte.com\/de\/wp-json\/wp\/v2\/comments?post=22720"}],"version-history":[{"count":1,"href":"https:\/\/esmte.com\/de\/wp-json\/wp\/v2\/product\/22720\/revisions"}],"predecessor-version":[{"id":23749,"href":"https:\/\/esmte.com\/de\/wp-json\/wp\/v2\/product\/22720\/revisions\/23749"}],"wp:featuredmedia":[{"embeddable":true,"href":"https:\/\/esmte.com\/de\/wp-json\/wp\/v2\/media\/22721"}],"wp:attachment":[{"href":"https:\/\/esmte.com\/de\/wp-json\/wp\/v2\/media?parent=22720"}],"wp:term":[{"taxonomy":"brand","embeddable":true,"href":"https:\/\/esmte.com\/de\/wp-json\/wp\/v2\/etheme_brands?post=22720"},{"taxonomy":"product_brand","embeddable":true,"href":"https:\/\/esmte.com\/de\/wp-json\/wp\/v2\/product_brand?post=22720"},{"taxonomy":"product_cat","embeddable":true,"href":"https:\/\/esmte.com\/de\/wp-json\/wp\/v2\/product_cat?post=22720"},{"taxonomy":"product_tag","embeddable":true,"href":"https:\/\/esmte.com\/de\/wp-json\/wp\/v2\/product_tag?post=22720"}],"curies":[{"name":"wp","href":"https:\/\/api.w.org\/{rel}","templated":true}]}}