{"id":22713,"date":"2025-12-03T06:22:28","date_gmt":"2025-12-03T06:22:28","guid":{"rendered":"https:\/\/esmte.com\/?post_type=product&#038;p=22713"},"modified":"2026-01-13T03:51:27","modified_gmt":"2026-01-13T03:51:27","slug":"tray-cleaning-machine","status":"publish","type":"product","link":"https:\/\/esmte.com\/de\/products\/tray-cleaning-machine\/","title":{"rendered":"SMT Tablett-Reinigungsmaschine"},"content":{"rendered":"<h2>Einf\u00fchrung<\/h2>\n<p data-start=\"58\" data-end=\"527\">Der <strong>SMT<\/strong> <strong>Tablettreinigungsmaschine<\/strong> Die Reinigungsmaschine wurde speziell f\u00fcr die hohen Reinheitsanforderungen moderner SMT- und Halbleiterfertigungsumgebungen entwickelt und gew\u00e4hrleistet, dass jedes Tray kontaminationsfrei in die Produktion zur\u00fcckkehrt. Dank ihrer robusten mechanischen Konstruktion und des pr\u00e4zise ausgerichteten Reinigungsmoduls bietet sie auch im Dauerbetrieb eine stabile Leistung. Der automatisierte Workflow reduziert den manuellen Aufwand erheblich, verk\u00fcrzt die Vorbereitungszeit und optimiert die Gesamtlinieneffizienz.<\/p>\n<p data-start=\"529\" data-end=\"931\">Kernst\u00fcck des Systems ist ein intelligenter Staubabsaugungsmechanismus, der sanftes B\u00fcrsten, kontrollierten Luftstrom und Feinstaubabsaugung kombiniert, um Ablagerungen zu entfernen, ohne die Schalen zu zerkratzen oder zu verformen. <strong>SMT<\/strong> <strong>Tablettreinigungsmaschine<\/strong> Es unterst\u00fctzt zudem eine breite Palette von Tray-Abmessungen und ist somit mit verschiedenen Materialien und Anwendungen in den Bereichen Elektronikmontage, Komponentenverpackung und Reinraumhandhabung kompatibel.<\/p>\n<p data-start=\"933\" data-end=\"1306\" data-is-last-node=\"\" data-is-only-node=\"\">Entwickelt mit Blick auf bequeme Wartung, <strong>SMT<\/strong> <strong>Tablettreinigungsmaschine<\/strong> Die Maschine zeichnet sich durch werkzeuglosen Zugang und langlebige Verbrauchsmaterialien aus und hilft Anwendern so, Ausfallzeiten zu minimieren. Dank ihrer gleichbleibenden Reinigungsqualit\u00e4t, Zuverl\u00e4ssigkeit und einfachen Bedienung ist die Tablettreinigungsmaschine eine praktische L\u00f6sung f\u00fcr Hersteller, die ihre Produktausbeute steigern und sauberere Produktionsprozesse gew\u00e4hrleisten m\u00f6chten.<\/p>\n<p data-start=\"933\" data-end=\"1306\" data-is-last-node=\"\" data-is-only-node=\"\"><img loading=\"lazy\" decoding=\"async\" class=\"aligncenter wp-image-22714\" src=\"https:\/\/esmte.com\/wp-content\/uploads\/2025\/12\/11.png\" alt=\"SMT Tray Cleaning Machine\" width=\"645\" height=\"645\" srcset=\"https:\/\/esmte.com\/wp-content\/uploads\/2025\/12\/11.png 2560w, https:\/\/esmte.com\/wp-content\/uploads\/2025\/12\/11-100x100.png 100w, https:\/\/esmte.com\/wp-content\/uploads\/2025\/12\/11-600x600.png 600w, https:\/\/esmte.com\/wp-content\/uploads\/2025\/12\/11-300x300.png 300w, https:\/\/esmte.com\/wp-content\/uploads\/2025\/12\/11-1024x1024.png 1024w, https:\/\/esmte.com\/wp-content\/uploads\/2025\/12\/11-150x150.png 150w, https:\/\/esmte.com\/wp-content\/uploads\/2025\/12\/11-768x768.png 768w, https:\/\/esmte.com\/wp-content\/uploads\/2025\/12\/11-1536x1536.png 1536w, https:\/\/esmte.com\/wp-content\/uploads\/2025\/12\/11-2048x2048.png 2048w, https:\/\/esmte.com\/wp-content\/uploads\/2025\/12\/11-1x1.png 1w, https:\/\/esmte.com\/wp-content\/uploads\/2025\/12\/11-10x10.png 10w\" sizes=\"auto, (max-width: 645px) 100vw, 645px\" \/><\/p>\n<h3>Hauptmerkmale<\/h3>\n<ul>\n<li data-start=\"46\" data-end=\"327\">\n<p data-start=\"49\" data-end=\"327\"><strong data-start=\"49\" data-end=\"79\">Pr\u00e4zisionspartikelentfernung<\/strong><br data-start=\"79\" data-end=\"82\" \/>Die Maschine integriert kontrollierten Luftstrom, sanftes B\u00fcrsten und gezielte Absaugung, um Feinstaub, Fasern und Mikropartikel zu entfernen, ohne die Oberfl\u00e4chen der Tr\u00e4ger zu besch\u00e4digen. So wird eine stabile Sauberkeit f\u00fcr empfindliche SMT- und Halbleiteranwendungen gew\u00e4hrleistet.<\/p>\n<\/li>\n<li data-start=\"329\" data-end=\"570\">\n<p data-start=\"332\" data-end=\"570\"><strong data-start=\"332\" data-end=\"359\">Kompatibilit\u00e4t mit breiten Tabletts<\/strong><br data-start=\"359\" data-end=\"362\" \/>Es ist f\u00fcr verschiedene Tablettgr\u00f6\u00dfen und -materialien ausgelegt und unterst\u00fctzt einen schnellen Modellwechsel. Dadurch ist ein flexibler Einsatz in Produktionsumgebungen mit gemischter Fertigung m\u00f6glich und Ausfallzeiten in Fabriken mit hohem Durchsatz werden reduziert.<\/p>\n<\/li>\n<li data-start=\"572\" data-end=\"831\">\n<p data-start=\"575\" data-end=\"831\"><strong data-start=\"575\" data-end=\"610\">Gleichbleibende Reinigungsleistung<\/strong><br data-start=\"610\" data-end=\"613\" \/>Ausgestattet mit einer robusten Struktur und einem optimierten Reinigungspfad, gew\u00e4hrleistet es eine gleichm\u00e4\u00dfige Kraft und wiederholbare Reinigungsqualit\u00e4t und hilft Herstellern so, eine zuverl\u00e4ssige Kontaminationskontrolle w\u00e4hrend des gesamten Prozesses zu erreichen.<\/p>\n<\/li>\n<li data-start=\"833\" data-end=\"1081\">\n<p data-start=\"836\" data-end=\"1081\"><strong data-start=\"836\" data-end=\"869\">Effizienz automatisierter Arbeitsabl\u00e4ufe<\/strong><br data-start=\"869\" data-end=\"872\" \/>Die vollautomatische Zuf\u00fchrung, Reinigung und Ausgabe minimiert den manuellen Aufwand. Dies steigert den Durchsatz, reduziert den Personalbedarf und gew\u00e4hrleistet einen reibungslosen Produktionsablauf im Dauerbetrieb.<\/p>\n<\/li>\n<li data-start=\"1083\" data-end=\"1318\">\n<p data-start=\"1086\" data-end=\"1318\"><strong data-start=\"1086\" data-end=\"1112\">Wartungsarmes Design<\/strong><br data-start=\"1112\" data-end=\"1115\" \/>Dank robuster Komponenten, leicht zug\u00e4nglicher Bedienfelder und langlebiger Verbrauchsmaterialien vereinfacht die Maschine die routinem\u00e4\u00dfige Wartung. Bediener k\u00f6nnen schnelle Inspektionen und Austauscharbeiten mit minimalen Unterbrechungen durchf\u00fchren.<\/p>\n<\/li>\n<li data-start=\"1320\" data-end=\"1562\" data-is-last-node=\"\">\n<p data-start=\"1323\" data-end=\"1562\" data-is-last-node=\"\"><strong data-start=\"1323\" data-end=\"1355\">Reinraumfreundlicher Betrieb<\/strong><br data-start=\"1355\" data-end=\"1358\" \/>Die geschlossene Reinigungszone und das effiziente Staubabsaugsystem reduzieren die Anzahl der in der Luft befindlichen Partikel, tragen zu einem saubereren Arbeitsumfeld bei und verbessern die Gesamtproduktausbeute f\u00fcr Pr\u00e4zisionsfertigungslinien.<\/p>\n<\/li>\n<\/ul>\n<p>&nbsp;<\/p>\n<p><img loading=\"lazy\" decoding=\"async\" class=\"alignnone wp-image-23003\" src=\"https:\/\/esmte.com\/wp-content\/uploads\/2025\/12\/Tray1.webp\" alt=\"\" width=\"310\" height=\"310\" srcset=\"https:\/\/esmte.com\/wp-content\/uploads\/2025\/12\/Tray1.webp 1560w, https:\/\/esmte.com\/wp-content\/uploads\/2025\/12\/Tray1-100x100.webp 100w, https:\/\/esmte.com\/wp-content\/uploads\/2025\/12\/Tray1-600x600.webp 600w, https:\/\/esmte.com\/wp-content\/uploads\/2025\/12\/Tray1-300x300.webp 300w, https:\/\/esmte.com\/wp-content\/uploads\/2025\/12\/Tray1-1024x1024.webp 1024w, https:\/\/esmte.com\/wp-content\/uploads\/2025\/12\/Tray1-150x150.webp 150w, https:\/\/esmte.com\/wp-content\/uploads\/2025\/12\/Tray1-768x768.webp 768w, https:\/\/esmte.com\/wp-content\/uploads\/2025\/12\/Tray1-1536x1536.webp 1536w, https:\/\/esmte.com\/wp-content\/uploads\/2025\/12\/Tray1-1x1.webp 1w, https:\/\/esmte.com\/wp-content\/uploads\/2025\/12\/Tray1-10x10.webp 10w\" sizes=\"auto, (max-width: 310px) 100vw, 310px\" \/><img loading=\"lazy\" decoding=\"async\" class=\"alignnone wp-image-23005\" src=\"https:\/\/esmte.com\/wp-content\/uploads\/2025\/12\/Tray3.webp\" alt=\"\" width=\"294\" height=\"294\" srcset=\"https:\/\/esmte.com\/wp-content\/uploads\/2025\/12\/Tray3.webp 1560w, https:\/\/esmte.com\/wp-content\/uploads\/2025\/12\/Tray3-100x100.webp 100w, https:\/\/esmte.com\/wp-content\/uploads\/2025\/12\/Tray3-600x600.webp 600w, https:\/\/esmte.com\/wp-content\/uploads\/2025\/12\/Tray3-300x300.webp 300w, https:\/\/esmte.com\/wp-content\/uploads\/2025\/12\/Tray3-1024x1024.webp 1024w, https:\/\/esmte.com\/wp-content\/uploads\/2025\/12\/Tray3-150x150.webp 150w, https:\/\/esmte.com\/wp-content\/uploads\/2025\/12\/Tray3-768x768.webp 768w, https:\/\/esmte.com\/wp-content\/uploads\/2025\/12\/Tray3-1536x1536.webp 1536w, https:\/\/esmte.com\/wp-content\/uploads\/2025\/12\/Tray3-1x1.webp 1w, https:\/\/esmte.com\/wp-content\/uploads\/2025\/12\/Tray3-10x10.webp 10w\" sizes=\"auto, (max-width: 294px) 100vw, 294px\" \/><img loading=\"lazy\" decoding=\"async\" class=\"alignnone wp-image-23004\" src=\"https:\/\/esmte.com\/wp-content\/uploads\/2025\/12\/Tray2.webp\" alt=\"\" width=\"298\" height=\"298\" srcset=\"https:\/\/esmte.com\/wp-content\/uploads\/2025\/12\/Tray2.webp 1560w, https:\/\/esmte.com\/wp-content\/uploads\/2025\/12\/Tray2-100x100.webp 100w, https:\/\/esmte.com\/wp-content\/uploads\/2025\/12\/Tray2-600x600.webp 600w, https:\/\/esmte.com\/wp-content\/uploads\/2025\/12\/Tray2-300x300.webp 300w, https:\/\/esmte.com\/wp-content\/uploads\/2025\/12\/Tray2-1024x1024.webp 1024w, https:\/\/esmte.com\/wp-content\/uploads\/2025\/12\/Tray2-150x150.webp 150w, https:\/\/esmte.com\/wp-content\/uploads\/2025\/12\/Tray2-768x768.webp 768w, https:\/\/esmte.com\/wp-content\/uploads\/2025\/12\/Tray2-1536x1536.webp 1536w, https:\/\/esmte.com\/wp-content\/uploads\/2025\/12\/Tray2-1x1.webp 1w, https:\/\/esmte.com\/wp-content\/uploads\/2025\/12\/Tray2-10x10.webp 10w\" sizes=\"auto, (max-width: 298px) 100vw, 298px\" \/><\/p>\n<p>&nbsp;<\/p>\n<h2>Spezifikationen<\/h2>\n<table style=\"border-collapse: collapse; width: 923px; height: 425px;\" border=\"0\" width=\"469\" cellspacing=\"0\" cellpadding=\"0\">\n<tbody>\n<tr style=\"height: 15.00pt;\">\n<td class=\"et2\" style=\"height: 15pt; width: 132.75pt; text-align: center;\" width=\"177\" height=\"20\">Artikel<\/td>\n<td class=\"et3\" style=\"width: 219pt; text-align: center;\" width=\"292\">YC-1000<\/td>\n<\/tr>\n<tr style=\"height: 20.00pt;\">\n<td class=\"et4\" style=\"height: 20pt; width: 132.75pt; text-align: center;\" width=\"177\" height=\"26\">Gr\u00f6\u00dfe des Reinigungskorbs<\/td>\n<td class=\"et5\" style=\"width: 219pt; text-align: center;\" width=\"292\">\u00d8 1000 mm x H 200 mm. Sondergr\u00f6\u00dfenoption<\/td>\n<\/tr>\n<tr style=\"height: 15.00pt;\">\n<td class=\"et4\" style=\"height: 15pt; width: 132.75pt; text-align: center;\" width=\"177\" height=\"20\">Spr\u00fcheinheit<\/td>\n<td class=\"et5\" style=\"width: 219pt; text-align: center;\" width=\"292\">\u00d8 1000 mm x H 200 mm. Sondergr\u00f6\u00dfenoption<\/td>\n<\/tr>\n<tr style=\"height: 20.00pt;\">\n<td class=\"et4\" style=\"height: 20pt; width: 132.75pt; text-align: center;\" width=\"177\" height=\"26\">Spr\u00fcheinheit<\/td>\n<td class=\"et5\" style=\"width: 219pt; text-align: center;\" width=\"292\">Ober-\/Unter-\/Vorderseite, 720\u00b0-Rundumspr\u00fchung<\/td>\n<\/tr>\n<tr style=\"height: 15.00pt;\">\n<td class=\"et4\" style=\"height: 15pt; width: 132.75pt; text-align: center;\" width=\"177\" height=\"20\">3-stufiges Filtersystem<\/td>\n<td class=\"et5\" style=\"width: 219pt; text-align: center;\" width=\"292\">1 mm \/ 50 \u00b5m \/ 20 \u00b5m Filter<\/td>\n<\/tr>\n<tr style=\"height: 15.00pt;\">\n<td class=\"et4\" style=\"height: 15pt; width: 132.75pt; text-align: center;\" width=\"177\" height=\"20\">Druckluft<\/td>\n<td class=\"et5\" style=\"width: 219pt; text-align: center;\" width=\"292\">0,5\u20130,7 MPa<\/td>\n<\/tr>\n<tr style=\"height: 15.00pt;\">\n<td class=\"et4\" style=\"height: 15pt; width: 132.75pt; text-align: center;\" width=\"177\" height=\"20\">Kapazit\u00e4t des Reinraumtanks<\/td>\n<td class=\"et5\" style=\"width: 219pt; text-align: center;\" width=\"292\">80 l<\/td>\n<\/tr>\n<tr style=\"height: 15.00pt;\">\n<td class=\"et4\" style=\"height: 15pt; width: 132.75pt; text-align: center;\" width=\"177\" height=\"20\">Sp\u00fclwasser erhitzen<\/td>\n<td class=\"et5\" style=\"width: 219pt; text-align: center;\" width=\"292\"><span class=\"font1\">Raumtemperatur ~80<\/span><span class=\"font0\">\u2103<\/span><\/td>\n<\/tr>\n<tr style=\"height: 15.00pt;\">\n<td class=\"et4\" style=\"height: 15pt; width: 132.75pt; text-align: center;\" width=\"177\" height=\"20\">Hei\u00dfluftheizungstemperatur<\/td>\n<td class=\"et5\" style=\"width: 219pt; text-align: center;\" width=\"292\"><span class=\"font1\">Raumtemperatur ~90<\/span><span class=\"font0\">\u2103<\/span><\/td>\n<\/tr>\n<tr style=\"height: 15.00pt;\">\n<td class=\"et4\" style=\"height: 15pt; width: 132.75pt; text-align: center;\" width=\"177\" height=\"20\">Saubere Pumpenleistung<\/td>\n<td class=\"et5\" style=\"width: 219pt; text-align: center;\" width=\"292\">2,2 kW<\/td>\n<\/tr>\n<tr style=\"height: 15.00pt;\">\n<td class=\"et4\" style=\"height: 15pt; width: 132.75pt; text-align: center;\" width=\"177\" height=\"20\">Reinigungskraft<\/td>\n<td class=\"et5\" style=\"width: 219pt; text-align: center;\" width=\"292\">9 kW<\/td>\n<\/tr>\n<tr style=\"height: 15.00pt;\">\n<td class=\"et4\" style=\"height: 15pt; width: 132.75pt; text-align: center;\" width=\"177\" height=\"20\">Gebl\u00e4seleistung<\/td>\n<td class=\"et5\" style=\"width: 219pt; text-align: center;\" width=\"292\">4,0 kW<\/td>\n<\/tr>\n<tr style=\"height: 15.00pt;\">\n<td class=\"et4\" style=\"height: 15pt; width: 132.75pt; text-align: center;\" width=\"177\" height=\"20\">Stromversorgung<\/td>\n<td class=\"et5\" style=\"width: 219pt; text-align: center;\" width=\"292\">3 Phasen, 380 V Wechselstrom, 50\/60 Hz, 33 kW<\/td>\n<\/tr>\n<tr style=\"height: 15.00pt;\">\n<td class=\"et6\" style=\"height: 15pt; width: 132.75pt; text-align: center;\" width=\"177\" height=\"20\">Maschinengr\u00f6\u00dfe<\/td>\n<td class=\"et7\" style=\"width: 219pt; text-align: center;\" width=\"292\">L1380 x B2100 x H 1400 (mm)<\/td>\n<\/tr>\n<\/tbody>\n<\/table>\n<p>&nbsp;<\/p>\n<p><a href=\"https:\/\/www.youtube.com\/@allaismt\" rel=\"nofollow noopener\" target=\"_blank\"><u>https:\/\/www.youtube.com\/@allaismt<\/u><\/a><\/p>\n<p>For more information about the <strong>SMT Tablett-Reinigungsmaschine<\/strong>, Bitte senden Sie eine E-Mail an<\/p>\n<p><a href=\"mailto:sophia@allaismt.com\"><u>sophia@allaismt.com<\/u><\/a><\/p>\n<p>Wir werden Ihre Anfrage umgehend beantworten und Ihnen detaillierte Informationen \u00fcber unsere Produkte und Dienstleistungen zukommen lassen.<\/p>","protected":false},"excerpt":{"rendered":"<p>Beschreibung: Die <strong>SMT<\/strong> <strong>Tablettreinigungsmaschine<\/strong> Diese Maschine wurde f\u00fcr die schnelle, gleichm\u00e4\u00dfige und hochpr\u00e4zise Reinigung von SMT-, Halbleiter- und Elektronikmontagetrays entwickelt. Durch automatisierte B\u00fcrsten-, Luftstrom- und Partikelabsaugungstechnologie entfernt sie effizient Staub, Fasern und R\u00fcckst\u00e4nde, ohne die Oberfl\u00e4che zu besch\u00e4digen. Ihre stabile Konstruktion, die einfache Wartung und die Unterst\u00fctzung verschiedener Traygr\u00f6\u00dfen machen sie ideal f\u00fcr die Serienfertigung. Die Maschine hilft Herstellern, saubere Trays zu gew\u00e4hrleisten, Kontaminationsrisiken zu minimieren und eine gleichbleibende Produktqualit\u00e4t \u00fcber den gesamten Prozess hinweg sicherzustellen.<\/p>\n<p>Mindestbestellmenge: 1 St\u00fcck<\/p>\n<p>Lieferzeit: 15 Tage<\/p>","protected":false},"featured_media":22717,"comment_status":"closed","ping_status":"closed","template":"","meta":[],"etheme_brands":[],"product_brand":[],"product_cat":[156,195],"product_tag":[],"class_list":{"0":"post-22713","1":"product","2":"type-product","3":"status-publish","4":"has-post-thumbnail","6":"product_cat-pcb-cleaning-machine","7":"product_cat-tray-cleaning-machine-pcb-cleaning-machine","9":"first","10":"instock","11":"shipping-taxable","12":"product-type-simple"},"_links":{"self":[{"href":"https:\/\/esmte.com\/de\/wp-json\/wp\/v2\/product\/22713","targetHints":{"allow":["GET"]}}],"collection":[{"href":"https:\/\/esmte.com\/de\/wp-json\/wp\/v2\/product"}],"about":[{"href":"https:\/\/esmte.com\/de\/wp-json\/wp\/v2\/types\/product"}],"replies":[{"embeddable":true,"href":"https:\/\/esmte.com\/de\/wp-json\/wp\/v2\/comments?post=22713"}],"version-history":[{"count":1,"href":"https:\/\/esmte.com\/de\/wp-json\/wp\/v2\/product\/22713\/revisions"}],"predecessor-version":[{"id":23750,"href":"https:\/\/esmte.com\/de\/wp-json\/wp\/v2\/product\/22713\/revisions\/23750"}],"wp:featuredmedia":[{"embeddable":true,"href":"https:\/\/esmte.com\/de\/wp-json\/wp\/v2\/media\/22717"}],"wp:attachment":[{"href":"https:\/\/esmte.com\/de\/wp-json\/wp\/v2\/media?parent=22713"}],"wp:term":[{"taxonomy":"brand","embeddable":true,"href":"https:\/\/esmte.com\/de\/wp-json\/wp\/v2\/etheme_brands?post=22713"},{"taxonomy":"product_brand","embeddable":true,"href":"https:\/\/esmte.com\/de\/wp-json\/wp\/v2\/product_brand?post=22713"},{"taxonomy":"product_cat","embeddable":true,"href":"https:\/\/esmte.com\/de\/wp-json\/wp\/v2\/product_cat?post=22713"},{"taxonomy":"product_tag","embeddable":true,"href":"https:\/\/esmte.com\/de\/wp-json\/wp\/v2\/product_tag?post=22713"}],"curies":[{"name":"wp","href":"https:\/\/api.w.org\/{rel}","templated":true}]}}