{"id":22707,"date":"2025-12-02T10:23:45","date_gmt":"2025-12-02T10:23:45","guid":{"rendered":"https:\/\/esmte.com\/?post_type=product&#038;p=22707"},"modified":"2025-12-02T10:23:45","modified_gmt":"2025-12-02T10:23:45","slug":"smt-ultrasonic-cleaning-machine-yuc-100","status":"publish","type":"product","link":"https:\/\/esmte.com\/de\/products\/smt-ultrasonic-cleaning-machine-yuc-100\/","title":{"rendered":"SMT-Ultraschallreinigungsmaschine YUC-100"},"content":{"rendered":"<h2>Einf\u00fchrung<\/h2>\n<p data-start=\"195\" data-end=\"528\">Der <strong>SMT-Ultraschallreinigungsmaschine YUC-100<\/strong> Bietet eine Hochleistungsreinigung f\u00fcr Leiterplattenschablonen, D\u00fcsen und andere SMT-Werkzeuge. Dank fortschrittlicher Ultraschalltechnologie entfernt es effektiv L\u00f6tpaste, Flussmittel und Verunreinigungen und sch\u00fctzt gleichzeitig empfindliche Bauteile. So wird eine gleichbleibende Qualit\u00e4t der Leiterplattenbest\u00fcckung gew\u00e4hrleistet und die Anzahl von Fehlern minimiert.<\/p>\n<p data-start=\"530\" data-end=\"871\">Konzipiert f\u00fcr die Elektronikfertigung in gro\u00dfen St\u00fcckzahlen, <strong>SMT-Ultraschallreinigungsmaschine YUC-100<\/strong> Es verf\u00fcgt \u00fcber vollautomatische Reinigungszyklen, die Zeit sparen, den manuellen Aufwand reduzieren und einen kontinuierlichen Produktionsfluss gew\u00e4hrleisten. Dank seiner kompakten und dennoch robusten Bauweise l\u00e4sst es sich nahtlos in bestehende SMT-Linien integrieren und bietet langfristige Zuverl\u00e4ssigkeit selbst in anspruchsvollen Produktionsumgebungen.<\/p>\n<p data-start=\"873\" data-end=\"1194\">Die Maschine unterst\u00fctzt eine Vielzahl von Schablonen- und Werkzeuggr\u00f6\u00dfen und gew\u00e4hrleistet so eine gleichm\u00e4\u00dfige Reinigung, h\u00f6here L\u00f6tgenauigkeit, weniger Nacharbeit und einen optimierten SMT-Workflow. Dank ihrer pr\u00e4zisen und reproduzierbaren Reinigungsleistung hilft die YUC-100 Herstellern, hohe Qualit\u00e4tsstandards einzuhalten und gleichzeitig die Produktionseffizienz zu steigern.<\/p>\n<p data-start=\"1196\" data-end=\"1429\">Investieren in die <strong>YUC-100 SMT Ultraschallreinigungsmaschine<\/strong> bietet Elektronikherstellern eine professionelle, effiziente und zuverl\u00e4ssige L\u00f6sung f\u00fcr die Werkzeugwartung und maximiert so die Qualit\u00e4t der Leiterplattenproduktion und die betriebliche Produktivit\u00e4t.<\/p>\n<p data-start=\"1196\" data-end=\"1429\">\n<p><img loading=\"lazy\" decoding=\"async\" class=\"alignnone wp-image-22692  aligncenter\" src=\"https:\/\/esmte.com\/wp-content\/uploads\/2025\/12\/11-16.webp\" alt=\"SMT Ultrasonic Cleaning Machine\" width=\"609\" height=\"609\" srcset=\"https:\/\/esmte.com\/wp-content\/uploads\/2025\/12\/11-16.webp 2560w, https:\/\/esmte.com\/wp-content\/uploads\/2025\/12\/11-16-100x100.webp 100w, https:\/\/esmte.com\/wp-content\/uploads\/2025\/12\/11-16-600x600.webp 600w, https:\/\/esmte.com\/wp-content\/uploads\/2025\/12\/11-16-300x300.webp 300w, https:\/\/esmte.com\/wp-content\/uploads\/2025\/12\/11-16-1024x1024.webp 1024w, https:\/\/esmte.com\/wp-content\/uploads\/2025\/12\/11-16-150x150.webp 150w, https:\/\/esmte.com\/wp-content\/uploads\/2025\/12\/11-16-768x768.webp 768w, https:\/\/esmte.com\/wp-content\/uploads\/2025\/12\/11-16-1536x1536.webp 1536w, https:\/\/esmte.com\/wp-content\/uploads\/2025\/12\/11-16-2048x2048.webp 2048w, https:\/\/esmte.com\/wp-content\/uploads\/2025\/12\/11-16-1x1.webp 1w, https:\/\/esmte.com\/wp-content\/uploads\/2025\/12\/11-16-10x10.webp 10w\" sizes=\"auto, (max-width: 609px) 100vw, 609px\" \/><\/p>\n<p>&nbsp;<\/p>\n<h3>Hauptmerkmale<\/h3>\n<ul>\n<li data-start=\"122\" data-end=\"285\">\n<p data-start=\"125\" data-end=\"285\"><strong data-start=\"125\" data-end=\"164\">Optimiert f\u00fcr SMT-Fertigungslinien mit hohem Durchsatz<\/strong> \u2013 Unterst\u00fctzt den kontinuierlichen Betrieb von Leiterplattenbest\u00fcckungsanlagen und erh\u00e4lt die Produktionseffizienz auch bei hoher Arbeitsbelastung aufrecht.<\/p>\n<\/li>\n<li data-start=\"287\" data-end=\"490\">\n<p data-start=\"290\" data-end=\"490\"><strong data-start=\"290\" data-end=\"336\">Pr\u00e4zisionsreinigung f\u00fcr kritische Bauteile<\/strong> \u2013 Entfernt effektiv L\u00f6tpaste, Flussmittel und R\u00fcckst\u00e4nde von Schablonen, D\u00fcsen und SMT-Werkzeugen, gew\u00e4hrleistet so eine hohe L\u00f6tqualit\u00e4t und reduziert Leiterplattenfehler.<\/p>\n<\/li>\n<li data-start=\"492\" data-end=\"637\">\n<p data-start=\"495\" data-end=\"637\"><strong data-start=\"495\" data-end=\"527\">Zeitsparende automatisierte Zyklen<\/strong> \u2013 Die vollautomatische Reinigung reduziert den manuellen Aufwand, minimiert Ausfallzeiten und beschleunigt die Produktionsdurchlaufzeiten.<\/p>\n<\/li>\n<li data-start=\"639\" data-end=\"804\">\n<p data-start=\"642\" data-end=\"804\"><strong data-start=\"642\" data-end=\"674\">Vielseitige Werkzeugkompatibilit\u00e4t<\/strong> \u2013 Kann mit verschiedenen Schablonengr\u00f6\u00dfen und SMT-Werkzeugen umgehen und bietet somit flexible L\u00f6sungen f\u00fcr unterschiedliche Leiterplattenmontageszenarien.<\/p>\n<\/li>\n<li data-start=\"806\" data-end=\"973\">\n<p data-start=\"809\" data-end=\"973\"><strong data-start=\"809\" data-end=\"846\">Verbessert die Ausbeute und reduziert Nacharbeit<\/strong> \u2013 Gew\u00e4hrleistet optimale Werkzeugsauberkeit, verbessert die Genauigkeit des L\u00f6tpastenauftrags und verringert das Risiko defekter Platinen.<\/p>\n<\/li>\n<li data-start=\"975\" data-end=\"1154\">\n<p data-start=\"978\" data-end=\"1154\"><strong data-start=\"978\" data-end=\"1014\">Sicherer und benutzerfreundlicher Betrieb<\/strong> \u2013 Die intuitive Benutzeroberfl\u00e4che und die leicht zug\u00e4nglichen Reinigungskammern minimieren den manuellen Aufwand, erh\u00f6hen die Sicherheit des Bedieners und vereinfachen die t\u00e4glichen Arbeitsabl\u00e4ufe.<\/p>\n<\/li>\n<\/ul>\n<p>&nbsp;<\/p>\n<h2 style=\"text-align: left;\">Spezifikationen<\/h2>\n<table style=\"border-collapse: collapse; width: 1374px; height: 238px;\" border=\"0\" width=\"760\" cellspacing=\"0\" cellpadding=\"0\">\n<tbody>\n<tr style=\"height: 14.25pt;\">\n<td class=\"et2\" style=\"height: 14.25pt; width: 117.75pt; text-align: center;\" width=\"157\" height=\"19\">Modell<\/td>\n<td class=\"et2\" style=\"width: 92.25pt; text-align: center;\" width=\"123\">YUC-20<\/td>\n<td class=\"et2\" style=\"width: 89.25pt; text-align: center;\" width=\"119\">YUC-40<\/td>\n<td class=\"et2\" style=\"width: 93.75pt; text-align: center;\" width=\"125\">YUC-60<\/td>\n<td class=\"et2\" style=\"width: 88.5pt; text-align: center;\" width=\"118\">YUC-80<\/td>\n<td class=\"et2\" style=\"width: 88.5pt; text-align: center;\" width=\"118\">YUC-100<\/td>\n<\/tr>\n<tr style=\"height: 14.25pt;\">\n<td class=\"et2\" style=\"height: 14.25pt; text-align: center;\" height=\"19\">Korbgr\u00f6\u00dfe (mm)<\/td>\n<td class=\"et2\" style=\"text-align: center;\">240 x 135 x 150 mm<\/td>\n<td class=\"et2\" style=\"text-align: center;\">300 x 240 x 150 mm<\/td>\n<td class=\"et2\" style=\"text-align: center;\">330 x 330 x 200 mm<\/td>\n<td class=\"et2\" style=\"text-align: center;\">500 x 300 x 200 mm<\/td>\n<td class=\"et2\" style=\"text-align: center;\">500 x 300 x 300 mm<\/td>\n<\/tr>\n<tr style=\"height: 14.25pt;\">\n<td class=\"et4\" style=\"height: 14.25pt; width: 117.75pt; text-align: center;\" width=\"157\" height=\"19\">Tankkapazit\u00e4t<\/td>\n<td class=\"et2\" style=\"text-align: center;\">4,8 l<\/td>\n<td class=\"et2\" style=\"text-align: center;\">10 l<\/td>\n<td class=\"et2\" style=\"text-align: center;\">20 l<\/td>\n<td class=\"et2\" style=\"text-align: center;\">30 l<\/td>\n<td class=\"et2\" style=\"text-align: center;\">45 l<\/td>\n<\/tr>\n<tr style=\"height: 14.25pt;\">\n<td class=\"et2\" style=\"height: 14.25pt; text-align: center;\" height=\"19\">Frequenz<\/td>\n<td class=\"et2\" style=\"text-align: center;\">4000 Hz<\/td>\n<td class=\"et2\" style=\"text-align: center;\">4000 Hz<\/td>\n<td class=\"et2\" style=\"text-align: center;\">4000 Hz<\/td>\n<td class=\"et2\" style=\"text-align: center;\">4000 Hz<\/td>\n<td class=\"et2\" style=\"text-align: center;\">4000 Hz<\/td>\n<\/tr>\n<tr style=\"height: 14.25pt;\">\n<td class=\"et2\" style=\"height: 14.25pt; text-align: center;\" height=\"19\">Zeit<\/td>\n<td class=\"et2\" style=\"text-align: center;\">1-30 Minuten<\/td>\n<td class=\"et2\" style=\"text-align: center;\">1-30 Minuten<\/td>\n<td class=\"et2\" style=\"text-align: center;\">1-30 Minuten<\/td>\n<td class=\"et2\" style=\"text-align: center;\">1-30 Minuten<\/td>\n<td class=\"et2\" style=\"text-align: center;\">1-30 Minuten<\/td>\n<\/tr>\n<tr style=\"height: 14.25pt;\">\n<td class=\"et2\" style=\"height: 14.25pt; text-align: center;\" height=\"19\">Ultraschallleistung<\/td>\n<td class=\"et4\" style=\"width: 92.25pt; text-align: center;\" width=\"123\">120 W<\/td>\n<td class=\"et4\" style=\"width: 89.25pt; text-align: center;\" width=\"119\">240 W<\/td>\n<td class=\"et4\" style=\"width: 93.75pt; text-align: center;\" width=\"125\">360 W<\/td>\n<td class=\"et4\" style=\"width: 88.5pt; text-align: center;\" width=\"118\">600 W<\/td>\n<td class=\"et4\" style=\"width: 88.5pt; text-align: center;\" width=\"118\">720 W<\/td>\n<\/tr>\n<tr style=\"height: 14.25pt;\">\n<td class=\"et4\" style=\"height: 14.25pt; width: 117.75pt; text-align: center;\" width=\"157\" height=\"19\">Abmessungen (mm) L*B*H<\/td>\n<td class=\"et4\" style=\"width: 92.25pt; text-align: center;\" width=\"123\">265*165*285<\/td>\n<td class=\"et4\" style=\"width: 89.25pt; text-align: center;\" width=\"119\">330*270*310<\/td>\n<td class=\"et4\" style=\"width: 93.75pt; text-align: center;\" width=\"125\">530*330*390<\/td>\n<td class=\"et4\" style=\"width: 88.5pt; text-align: center;\" width=\"118\">530*330*390<\/td>\n<td class=\"et4\" style=\"width: 88.5pt; text-align: center;\" width=\"118\">530*330*490<\/td>\n<\/tr>\n<tr style=\"height: 14.25pt;\">\n<td class=\"et2\" style=\"height: 14.25pt; text-align: center;\" height=\"19\">Leistung<\/td>\n<td class=\"et4\" style=\"width: 92.25pt; text-align: center;\" width=\"123\">Wechselstrom 220 V, 50\/60 Hz<\/td>\n<td class=\"et4\" style=\"width: 89.25pt; text-align: center;\" width=\"119\">Wechselstrom 220 V, 50\/60 Hz<\/td>\n<td class=\"et4\" style=\"width: 93.75pt; text-align: center;\" width=\"125\">Wechselstrom 220 V, 50\/60 Hz<\/td>\n<td class=\"et4\" style=\"width: 88.5pt; text-align: center;\" width=\"118\">Wechselstrom 220 V, 50\/60 Hz<\/td>\n<td class=\"et4\" style=\"width: 88.5pt; text-align: center;\" width=\"118\">Wechselstrom 220 V, 50\/60 Hz<\/td>\n<\/tr>\n<tr style=\"height: 14.25pt;\">\n<td class=\"et2\" style=\"height: 14.25pt; text-align: center;\" height=\"19\">Gewicht<\/td>\n<td class=\"et2\" style=\"text-align: center;\">4 kg<\/td>\n<td class=\"et2\" style=\"text-align: center;\">8 kg<\/td>\n<td class=\"et2\" style=\"text-align: center;\">11 kg<\/td>\n<td class=\"et2\" style=\"text-align: center;\">15 kg<\/td>\n<td class=\"et2\" style=\"text-align: center;\">20 kg<\/td>\n<\/tr>\n<\/tbody>\n<\/table>\n<p>&nbsp;<\/p>\n<p><a href=\"https:\/\/www.youtube.com\/@allaismt\" rel=\"nofollow noopener\" target=\"_blank\"><u>https:\/\/www.youtube.com\/@allaismt<\/u><\/a><\/p>\n<p>F\u00fcr weitere Informationen zur SMT-Ultraschallreinigungsmaschine YUC-100 senden Sie bitte eine E-Mail an<\/p>\n<p><a href=\"mailto:sophia@allaismt.com\"><u>sophia@allaismt.com<\/u><\/a><\/p>\n<p>Wir werden Ihre Anfrage umgehend beantworten und Ihnen detaillierte Informationen \u00fcber unsere Produkte und Dienstleistungen zukommen lassen.<\/p>","protected":false},"excerpt":{"rendered":"<p>Beschreibung: Die <strong>SMT-Ultraschallreinigungsmaschine YUC-100<\/strong> Das Ger\u00e4t wurde f\u00fcr die schnelle, pr\u00e4zise und effiziente Reinigung von Leiterplattenschablonen, D\u00fcsen und SMT-Werkzeugen entwickelt. Dank fortschrittlicher Ultraschalltechnologie entfernt es L\u00f6tpaste, Flussmittel und andere R\u00fcckst\u00e4nde gr\u00fcndlich, ohne empfindliche Bauteile zu besch\u00e4digen. Kompakt, zuverl\u00e4ssig und einfach zu bedienen, verbessert das YUC-100 die Qualit\u00e4t der Leiterplattenbest\u00fcckung, reduziert Fehler und maximiert die Produktivit\u00e4t in SMT-Fertigungslinien mit hohem Durchsatz.<\/p>\n<p>Mindestbestellmenge: 1 St\u00fcck<\/p>\n<p>Lieferzeit: 15 Tage<\/p>","protected":false},"featured_media":22708,"comment_status":"closed","ping_status":"closed","template":"","meta":[],"etheme_brands":[],"product_brand":[],"product_cat":[156],"product_tag":[],"class_list":{"0":"post-22707","1":"product","2":"type-product","3":"status-publish","4":"has-post-thumbnail","6":"product_cat-pcb-cleaning-machine","8":"first","9":"instock","10":"shipping-taxable","11":"product-type-simple"},"_links":{"self":[{"href":"https:\/\/esmte.com\/de\/wp-json\/wp\/v2\/product\/22707","targetHints":{"allow":["GET"]}}],"collection":[{"href":"https:\/\/esmte.com\/de\/wp-json\/wp\/v2\/product"}],"about":[{"href":"https:\/\/esmte.com\/de\/wp-json\/wp\/v2\/types\/product"}],"replies":[{"embeddable":true,"href":"https:\/\/esmte.com\/de\/wp-json\/wp\/v2\/comments?post=22707"}],"version-history":[{"count":1,"href":"https:\/\/esmte.com\/de\/wp-json\/wp\/v2\/product\/22707\/revisions"}],"predecessor-version":[{"id":22709,"href":"https:\/\/esmte.com\/de\/wp-json\/wp\/v2\/product\/22707\/revisions\/22709"}],"wp:featuredmedia":[{"embeddable":true,"href":"https:\/\/esmte.com\/de\/wp-json\/wp\/v2\/media\/22708"}],"wp:attachment":[{"href":"https:\/\/esmte.com\/de\/wp-json\/wp\/v2\/media?parent=22707"}],"wp:term":[{"taxonomy":"brand","embeddable":true,"href":"https:\/\/esmte.com\/de\/wp-json\/wp\/v2\/etheme_brands?post=22707"},{"taxonomy":"product_brand","embeddable":true,"href":"https:\/\/esmte.com\/de\/wp-json\/wp\/v2\/product_brand?post=22707"},{"taxonomy":"product_cat","embeddable":true,"href":"https:\/\/esmte.com\/de\/wp-json\/wp\/v2\/product_cat?post=22707"},{"taxonomy":"product_tag","embeddable":true,"href":"https:\/\/esmte.com\/de\/wp-json\/wp\/v2\/product_tag?post=22707"}],"curies":[{"name":"wp","href":"https:\/\/api.w.org\/{rel}","templated":true}]}}