{"id":22703,"date":"2025-12-02T10:15:15","date_gmt":"2025-12-02T10:15:15","guid":{"rendered":"https:\/\/esmte.com\/?post_type=product&#038;p=22703"},"modified":"2025-12-02T10:15:23","modified_gmt":"2025-12-02T10:15:23","slug":"smt-ultrasonic-cleaning-machine-yuc-80","status":"publish","type":"product","link":"https:\/\/esmte.com\/de\/products\/smt-ultrasonic-cleaning-machine-yuc-80\/","title":{"rendered":"SMT-Ultraschallreinigungsmaschine YUC-80"},"content":{"rendered":"<h2>Einf\u00fchrung<\/h2>\n<p data-start=\"642\" data-end=\"930\">Der <strong>SMT-Ultraschallreinigungsmaschine YUC-80<\/strong> Bietet eine Hochleistungsreinigung f\u00fcr Leiterplattenschablonen, D\u00fcsen und SMT-Werkzeuge mittels fortschrittlicher Ultraschalltechnologie. Entfernt gr\u00fcndlich L\u00f6tpaste, Flussmittel und Verunreinigungen, schont dabei empfindliche Bauteile und gew\u00e4hrleistet so eine gleichbleibende Qualit\u00e4t der Leiterplattenbest\u00fcckung bei minimalen Defekten.<\/p>\n<p data-start=\"932\" data-end=\"1165\">Konzipiert f\u00fcr die Elektronikfertigung in gro\u00dfen St\u00fcckzahlen, <strong>SMT-Ultraschallreinigungsmaschine YUC-80<\/strong> Es verf\u00fcgt \u00fcber vollautomatisierte Zyklen, die manuelle Arbeitsschritte und Produktionsausfallzeiten reduzieren. Seine kompakte, robuste Bauweise erm\u00f6glicht die nahtlose Integration in bestehende SMT-Linien.<\/p>\n<p data-start=\"1167\" data-end=\"1442\">Die Maschine unterst\u00fctzt verschiedene Schablonen- und Werkzeuggr\u00f6\u00dfen, gew\u00e4hrleistet eine gleichm\u00e4\u00dfige Reinigung, verbessert die L\u00f6tgenauigkeit, reduziert Nacharbeiten und optimiert den SMT-Workflow. <strong>SMT-Ultraschallreinigungsmaschine YUC-80<\/strong> Verbindet Effizienz, Pr\u00e4zision und Zuverl\u00e4ssigkeit und bietet damit eine professionelle L\u00f6sung f\u00fcr die moderne Leiterplattenproduktion.<\/p>\n<p><img loading=\"lazy\" decoding=\"async\" class=\"alignnone wp-image-22692 aligncenter\" src=\"https:\/\/esmte.com\/wp-content\/uploads\/2025\/12\/11-16.webp\" alt=\"SMT Ultrasonic Cleaning Machine\" width=\"621\" height=\"621\" srcset=\"https:\/\/esmte.com\/wp-content\/uploads\/2025\/12\/11-16.webp 2560w, https:\/\/esmte.com\/wp-content\/uploads\/2025\/12\/11-16-100x100.webp 100w, https:\/\/esmte.com\/wp-content\/uploads\/2025\/12\/11-16-600x600.webp 600w, https:\/\/esmte.com\/wp-content\/uploads\/2025\/12\/11-16-300x300.webp 300w, https:\/\/esmte.com\/wp-content\/uploads\/2025\/12\/11-16-1024x1024.webp 1024w, https:\/\/esmte.com\/wp-content\/uploads\/2025\/12\/11-16-150x150.webp 150w, https:\/\/esmte.com\/wp-content\/uploads\/2025\/12\/11-16-768x768.webp 768w, https:\/\/esmte.com\/wp-content\/uploads\/2025\/12\/11-16-1536x1536.webp 1536w, https:\/\/esmte.com\/wp-content\/uploads\/2025\/12\/11-16-2048x2048.webp 2048w, https:\/\/esmte.com\/wp-content\/uploads\/2025\/12\/11-16-1x1.webp 1w, https:\/\/esmte.com\/wp-content\/uploads\/2025\/12\/11-16-10x10.webp 10w\" sizes=\"auto, (max-width: 621px) 100vw, 621px\" \/><\/p>\n<p>&nbsp;<\/p>\n<h3>Hauptmerkmale<\/h3>\n<ul>\n<li data-start=\"1482\" data-end=\"1615\">\n<p data-start=\"1485\" data-end=\"1615\"><strong data-start=\"1485\" data-end=\"1519\">Fortschrittliche Ultraschalltechnologie<\/strong> \u2013 Entfernt effizient L\u00f6tpaste, Flussmittel und R\u00fcckst\u00e4nde, ohne empfindliche Bauteile zu besch\u00e4digen.<\/p>\n<\/li>\n<li data-start=\"1616\" data-end=\"1712\">\n<p data-start=\"1619\" data-end=\"1712\"><strong data-start=\"1619\" data-end=\"1654\">Automatisierter Betrieb in gro\u00dfen Mengen<\/strong> \u2013 Unterst\u00fctzt eine kontinuierliche Produktion mit minimalen Ausfallzeiten.<\/p>\n<\/li>\n<li data-start=\"1713\" data-end=\"1828\">\n<p data-start=\"1716\" data-end=\"1828\"><strong data-start=\"1716\" data-end=\"1743\">Breite Werkzeugkompatibilit\u00e4t<\/strong> \u2013 Unterst\u00fctzt verschiedene Schablonengr\u00f6\u00dfen, D\u00fcsen und SMT-Werkzeuge f\u00fcr flexible Anwendungen.<\/p>\n<\/li>\n<li data-start=\"1829\" data-end=\"1929\">\n<p data-start=\"1832\" data-end=\"1929\"><strong data-start=\"1832\" data-end=\"1865\">Kompaktes und integrierbares Design<\/strong> \u2013 Spart Stellfl\u00e4che und l\u00e4sst sich nahtlos in SMT-Linien integrieren.<\/p>\n<\/li>\n<li data-start=\"1930\" data-end=\"2027\">\n<p data-start=\"1933\" data-end=\"2027\"><strong data-start=\"1933\" data-end=\"1960\">Benutzerfreundliche Oberfl\u00e4che<\/strong> \u2013 Intuitive Bedienelemente erm\u00f6glichen pr\u00e4zise und wiederholbare Reinigungszyklen.<\/p>\n<\/li>\n<li data-start=\"2028\" data-end=\"2163\">\n<p data-start=\"2031\" data-end=\"2163\"><strong data-start=\"2031\" data-end=\"2072\">Langlebige, wartungsarme Konstruktion<\/strong> \u2013 Robuste Materialien gew\u00e4hrleisten langfristige Zuverl\u00e4ssigkeit in anspruchsvollen Produktionsumgebungen.<\/p>\n<\/li>\n<\/ul>\n<p>&nbsp;<\/p>\n<h2>Spezifikationen<\/h2>\n<table style=\"border-collapse: collapse; width: 1374px; height: 210px;\" border=\"0\" width=\"760\" cellspacing=\"0\" cellpadding=\"0\">\n<tbody>\n<tr style=\"height: 14.25pt;\">\n<td class=\"et2\" style=\"height: 14.25pt; width: 117.75pt; text-align: center;\" width=\"157\" height=\"19\">Modell<\/td>\n<td class=\"et2\" style=\"width: 92.25pt; text-align: center;\" width=\"123\">YUC-20<\/td>\n<td class=\"et2\" style=\"width: 89.25pt; text-align: center;\" width=\"119\">YUC-40<\/td>\n<td class=\"et2\" style=\"width: 93.75pt; text-align: center;\" width=\"125\">YUC-60<\/td>\n<td class=\"et2\" style=\"width: 88.5pt; text-align: center;\" width=\"118\">YUC-80<\/td>\n<td class=\"et2\" style=\"width: 88.5pt; text-align: center;\" width=\"118\">YUC-100<\/td>\n<\/tr>\n<tr style=\"height: 14.25pt;\">\n<td class=\"et2\" style=\"height: 14.25pt; text-align: center;\" height=\"19\">Korbgr\u00f6\u00dfe (mm)<\/td>\n<td class=\"et2\" style=\"text-align: center;\">240 x 135 x 150 mm<\/td>\n<td class=\"et2\" style=\"text-align: center;\">300 x 240 x 150 mm<\/td>\n<td class=\"et2\" style=\"text-align: center;\">330 x 330 x 200 mm<\/td>\n<td class=\"et2\" style=\"text-align: center;\">500 x 300 x 200 mm<\/td>\n<td class=\"et2\" style=\"text-align: center;\">500 x 300 x 300 mm<\/td>\n<\/tr>\n<tr style=\"height: 14.25pt;\">\n<td class=\"et4\" style=\"height: 14.25pt; width: 117.75pt; text-align: center;\" width=\"157\" height=\"19\">Tankkapazit\u00e4t<\/td>\n<td class=\"et2\" style=\"text-align: center;\">4,8 l<\/td>\n<td class=\"et2\" style=\"text-align: center;\">10 l<\/td>\n<td class=\"et2\" style=\"text-align: center;\">20 l<\/td>\n<td class=\"et2\" style=\"text-align: center;\">30 l<\/td>\n<td class=\"et2\" style=\"text-align: center;\">45 l<\/td>\n<\/tr>\n<tr style=\"height: 14.25pt;\">\n<td class=\"et2\" style=\"height: 14.25pt; text-align: center;\" height=\"19\">Frequenz<\/td>\n<td class=\"et2\" style=\"text-align: center;\">4000 Hz<\/td>\n<td class=\"et2\" style=\"text-align: center;\">4000 Hz<\/td>\n<td class=\"et2\" style=\"text-align: center;\">4000 Hz<\/td>\n<td class=\"et2\" style=\"text-align: center;\">4000 Hz<\/td>\n<td class=\"et2\" style=\"text-align: center;\">4000 Hz<\/td>\n<\/tr>\n<tr style=\"height: 14.25pt;\">\n<td class=\"et2\" style=\"height: 14.25pt; text-align: center;\" height=\"19\">Zeit<\/td>\n<td class=\"et2\" style=\"text-align: center;\">1-30 Minuten<\/td>\n<td class=\"et2\" style=\"text-align: center;\">1-30 Minuten<\/td>\n<td class=\"et2\" style=\"text-align: center;\">1-30 Minuten<\/td>\n<td class=\"et2\" style=\"text-align: center;\">1-30 Minuten<\/td>\n<td class=\"et2\" style=\"text-align: center;\">1-30 Minuten<\/td>\n<\/tr>\n<tr style=\"height: 14.25pt;\">\n<td class=\"et2\" style=\"height: 14.25pt; text-align: center;\" height=\"19\">Ultraschallleistung<\/td>\n<td class=\"et4\" style=\"width: 92.25pt; text-align: center;\" width=\"123\">120 W<\/td>\n<td class=\"et4\" style=\"width: 89.25pt; text-align: center;\" width=\"119\">240 W<\/td>\n<td class=\"et4\" style=\"width: 93.75pt; text-align: center;\" width=\"125\">360 W<\/td>\n<td class=\"et4\" style=\"width: 88.5pt; text-align: center;\" width=\"118\">600 W<\/td>\n<td class=\"et4\" style=\"width: 88.5pt; text-align: center;\" width=\"118\">720 W<\/td>\n<\/tr>\n<tr style=\"height: 14.25pt;\">\n<td class=\"et4\" style=\"height: 14.25pt; width: 117.75pt; text-align: center;\" width=\"157\" height=\"19\">Abmessungen (mm) L*B*H<\/td>\n<td class=\"et4\" style=\"width: 92.25pt; text-align: center;\" width=\"123\">265*165*285<\/td>\n<td class=\"et4\" style=\"width: 89.25pt; text-align: center;\" width=\"119\">330*270*310<\/td>\n<td class=\"et4\" style=\"width: 93.75pt; text-align: center;\" width=\"125\">530*330*390<\/td>\n<td class=\"et4\" style=\"width: 88.5pt; text-align: center;\" width=\"118\">530*330*390<\/td>\n<td class=\"et4\" style=\"width: 88.5pt; text-align: center;\" width=\"118\">530*330*490<\/td>\n<\/tr>\n<tr style=\"height: 14.25pt;\">\n<td class=\"et2\" style=\"height: 14.25pt; text-align: center;\" height=\"19\">Leistung<\/td>\n<td class=\"et4\" style=\"width: 92.25pt; text-align: center;\" width=\"123\">Wechselstrom 220 V, 50\/60 Hz<\/td>\n<td class=\"et4\" style=\"width: 89.25pt; text-align: center;\" width=\"119\">Wechselstrom 220 V, 50\/60 Hz<\/td>\n<td class=\"et4\" style=\"width: 93.75pt; text-align: center;\" width=\"125\">Wechselstrom 220 V, 50\/60 Hz<\/td>\n<td class=\"et4\" style=\"width: 88.5pt; text-align: center;\" width=\"118\">Wechselstrom 220 V, 50\/60 Hz<\/td>\n<td class=\"et4\" style=\"width: 88.5pt; text-align: center;\" width=\"118\">Wechselstrom 220 V, 50\/60 Hz<\/td>\n<\/tr>\n<tr style=\"height: 14.25pt;\">\n<td class=\"et2\" style=\"height: 14.25pt; text-align: center;\" height=\"19\">Gewicht<\/td>\n<td class=\"et2\" style=\"text-align: center;\">4 kg<\/td>\n<td class=\"et2\" style=\"text-align: center;\">8 kg<\/td>\n<td class=\"et2\" style=\"text-align: center;\">11 kg<\/td>\n<td class=\"et2\" style=\"text-align: center;\">15 kg<\/td>\n<td class=\"et2\" style=\"text-align: center;\">20 kg<\/td>\n<\/tr>\n<\/tbody>\n<\/table>\n<p>&nbsp;<\/p>\n<p>&nbsp;<\/p>\n<p><a href=\"https:\/\/www.youtube.com\/@allaismt\" rel=\"nofollow noopener\" target=\"_blank\"><u>https:\/\/www.youtube.com\/@allaismt<\/u><\/a><\/p>\n<p>F\u00fcr weitere Informationen zur SMT-Ultraschallreinigungsmaschine YUC-100 senden Sie bitte eine E-Mail an<\/p>\n<p><a href=\"mailto:sophia@allaismt.com\"><u>sophia@allaismt.com<\/u><\/a><\/p>\n<p>Wir werden Ihre Anfrage umgehend beantworten und Ihnen detaillierte Informationen \u00fcber unsere Produkte und Dienstleistungen zukommen lassen.<\/p>","protected":false},"excerpt":{"rendered":"<p>Beschreibung: Die <strong>YUC-80 SMT Ultraschallreinigungsmaschine<\/strong> Das Ger\u00e4t bietet eine schnelle und pr\u00e4zise Reinigung von Leiterplattenschablonen, D\u00fcsen und SMT-Werkzeugen. Dank fortschrittlicher Ultraschalltechnologie entfernt es L\u00f6tpaste und Flussmittelreste effizient und schonend zu empfindlichen Bauteilen. Kompakt, zuverl\u00e4ssig und einfach zu bedienen, verbessert das YUC-80 die Qualit\u00e4t der Leiterplattenbest\u00fcckung, reduziert Fehler und maximiert die Produktivit\u00e4t Ihrer SMT-Linie.<\/p>\n<p>Mindestbestellmenge: 1 St\u00fcck<\/p>\n<p>Lieferzeit: 15 Tage<\/p>","protected":false},"featured_media":22704,"comment_status":"closed","ping_status":"closed","template":"","meta":[],"etheme_brands":[],"product_brand":[],"product_cat":[156],"product_tag":[],"class_list":{"0":"post-22703","1":"product","2":"type-product","3":"status-publish","4":"has-post-thumbnail","6":"product_cat-pcb-cleaning-machine","8":"first","9":"instock","10":"shipping-taxable","11":"product-type-simple"},"_links":{"self":[{"href":"https:\/\/esmte.com\/de\/wp-json\/wp\/v2\/product\/22703","targetHints":{"allow":["GET"]}}],"collection":[{"href":"https:\/\/esmte.com\/de\/wp-json\/wp\/v2\/product"}],"about":[{"href":"https:\/\/esmte.com\/de\/wp-json\/wp\/v2\/types\/product"}],"replies":[{"embeddable":true,"href":"https:\/\/esmte.com\/de\/wp-json\/wp\/v2\/comments?post=22703"}],"version-history":[{"count":1,"href":"https:\/\/esmte.com\/de\/wp-json\/wp\/v2\/product\/22703\/revisions"}],"predecessor-version":[{"id":22706,"href":"https:\/\/esmte.com\/de\/wp-json\/wp\/v2\/product\/22703\/revisions\/22706"}],"wp:featuredmedia":[{"embeddable":true,"href":"https:\/\/esmte.com\/de\/wp-json\/wp\/v2\/media\/22704"}],"wp:attachment":[{"href":"https:\/\/esmte.com\/de\/wp-json\/wp\/v2\/media?parent=22703"}],"wp:term":[{"taxonomy":"brand","embeddable":true,"href":"https:\/\/esmte.com\/de\/wp-json\/wp\/v2\/etheme_brands?post=22703"},{"taxonomy":"product_brand","embeddable":true,"href":"https:\/\/esmte.com\/de\/wp-json\/wp\/v2\/product_brand?post=22703"},{"taxonomy":"product_cat","embeddable":true,"href":"https:\/\/esmte.com\/de\/wp-json\/wp\/v2\/product_cat?post=22703"},{"taxonomy":"product_tag","embeddable":true,"href":"https:\/\/esmte.com\/de\/wp-json\/wp\/v2\/product_tag?post=22703"}],"curies":[{"name":"wp","href":"https:\/\/api.w.org\/{rel}","templated":true}]}}