{"id":22663,"date":"2025-12-02T07:50:30","date_gmt":"2025-12-02T07:50:30","guid":{"rendered":"https:\/\/esmte.com\/?post_type=product&#038;p=22663"},"modified":"2026-01-14T02:37:21","modified_gmt":"2026-01-14T02:37:21","slug":"pcb-mis-print-cleaning-machine-yc-210","status":"publish","type":"product","link":"https:\/\/esmte.com\/de\/products\/pcb-mis-print-cleaning-machine-yc-210\/","title":{"rendered":"SMT PCB Mis Print Cleaning Machine YC-210"},"content":{"rendered":"<h2>Einf\u00fchrung<\/h2>\n<div class=\"auto-hide-last-sibling-br paragraph-pP9ZLC paragraph-element br-paragraph-space\">\n<div class=\"auto-hide-last-sibling-br paragraph-pP9ZLC paragraph-element br-paragraph-space\">In der Leiterplattenfertigung f\u00fchren Fehldrucke zu unn\u00f6tigem Abfall, Produktionsverz\u00f6gerungen und Qualit\u00e4tseinbu\u00dfen \u2013 Probleme, die die betriebliche Effizienz beeintr\u00e4chtigen. <strong>YC-210 SMT PCB Misprint Cleaning Machine<\/strong> wurde entwickelt, um diese Herausforderungen zu bew\u00e4ltigen, und hat sich als unverzichtbares Werkzeug f\u00fcr SMT-Fertigungslinien etabliert.<\/div>\n<div><\/div>\n<div class=\"auto-hide-last-sibling-br paragraph-pP9ZLC paragraph-element br-paragraph-space\">Durch die Nutzung fortschrittlicher, zielgerichteter Reinigungstechnologie <strong>SMT\u00a0PCB Mis Print Cleaning Machine YC-210 operates<\/strong> Durch gezielte Reinigungswirkung werden L\u00f6tpastenfehler und klebrige R\u00fcckst\u00e4nde entfernt. Dieser pr\u00e4zise Mechanismus gew\u00e4hrleistet eine gr\u00fcndliche Reinigung, ohne empfindliche Leiterplatten oder Substrate zu besch\u00e4digen \u2013 ein h\u00e4ufiges Problem manueller Reinigungsmethoden, die auf menschlichem Urteilsverm\u00f6gen beruhen. Dank anpassbarer Einstellungen passt sich das System nahtlos an unterschiedliche Leiterplattenspezifikationen und Fehlerszenarien an und eliminiert so die Ungenauigkeit manueller Arbeit.<\/div>\n<div><\/div>\n<div class=\"auto-hide-last-sibling-br paragraph-pP9ZLC paragraph-element br-paragraph-space\">Die Maschine wurde mit Blick auf Benutzerfreundlichkeit entwickelt und verf\u00fcgt \u00fcber eine intuitive Bedienoberfl\u00e4che. Bediener k\u00f6nnen Parameter einfach einstellen und den Reinigungsfortschritt \u00fcberwachen, wodurch der Einarbeitungsaufwand minimiert und der t\u00e4gliche Betrieb optimiert wird. Ihre robuste Bauweise ist f\u00fcr den kontinuierlichen industriellen Einsatz ausgelegt und gew\u00e4hrleistet zuverl\u00e4ssige Leistung auch in anspruchsvollen Produktionsumgebungen bei minimalem Wartungsaufwand.<\/div>\n<div><\/div>\n<div class=\"auto-hide-last-sibling-br paragraph-pP9ZLC paragraph-element br-paragraph-space\">\u00c4u\u00dferst vielseitig, die <strong>SMT\u00a0PCB Mis Print Cleaning Machine YC-210<\/strong> Es f\u00fcgt sich nahtlos in die Fertigungsprozesse von Unterhaltungselektronik, Automobilkomponenten und Medizinger\u00e4ten ein. Durch die Reduzierung von Nacharbeiten, die Steigerung des Durchsatzes und die Senkung der Betriebskosten erweist es sich als strategische Investition, die die Wettbewerbsf\u00e4higkeit von SMT-Fabriken st\u00e4rkt.<\/div>\n<div><\/div>\n<div><img loading=\"lazy\" decoding=\"async\" class=\"aligncenter wp-image-22658\" src=\"https:\/\/esmte.com\/wp-content\/uploads\/2025\/12\/11-13.webp\" alt=\"SMT PCB Mis Print Cleaning Machine\" width=\"567\" height=\"567\" srcset=\"https:\/\/esmte.com\/wp-content\/uploads\/2025\/12\/11-13.webp 2560w, https:\/\/esmte.com\/wp-content\/uploads\/2025\/12\/11-13-100x100.webp 100w, https:\/\/esmte.com\/wp-content\/uploads\/2025\/12\/11-13-600x600.webp 600w, https:\/\/esmte.com\/wp-content\/uploads\/2025\/12\/11-13-300x300.webp 300w, https:\/\/esmte.com\/wp-content\/uploads\/2025\/12\/11-13-1024x1024.webp 1024w, https:\/\/esmte.com\/wp-content\/uploads\/2025\/12\/11-13-150x150.webp 150w, https:\/\/esmte.com\/wp-content\/uploads\/2025\/12\/11-13-768x768.webp 768w, https:\/\/esmte.com\/wp-content\/uploads\/2025\/12\/11-13-1536x1536.webp 1536w, https:\/\/esmte.com\/wp-content\/uploads\/2025\/12\/11-13-2048x2048.webp 2048w, https:\/\/esmte.com\/wp-content\/uploads\/2025\/12\/11-13-1x1.webp 1w, https:\/\/esmte.com\/wp-content\/uploads\/2025\/12\/11-13-10x10.webp 10w\" sizes=\"auto, (max-width: 567px) 100vw, 567px\" \/><\/div>\n<div><\/div>\n<\/div>\n<h3>Hauptmerkmale<\/h3>\n<ul class=\"auto-hide-last-sibling-br\">\n<li><strong>Hochpr\u00e4zisionsreinigung<\/strong>Ausgestattet mit einer fortschrittlichen, gezielten Reinigungstechnologie, entfernt sie L\u00f6tpastenfehler und -r\u00fcckst\u00e4nde, ohne die Leiterplattenschaltung oder das Substrat zu besch\u00e4digen, und gew\u00e4hrleistet so eine gleichbleibende Qualit\u00e4t f\u00fcr die Elektronikfertigung.<\/li>\n<li><strong>Effiziente Leistung<\/strong>: Verf\u00fcgt \u00fcber einen Hochgeschwindigkeits-Reinigungsmechanismus, der die Zykluszeiten verk\u00fcrzt und sich nahtlos in SMT-Produktionslinien integriert, um den Durchsatz zu steigern und Ausfallzeiten zu minimieren.<\/li>\n<li><strong>Breite Kompatibilit\u00e4t<\/strong>: Anpassbare Parameter erm\u00f6glichen die Anpassung an verschiedene Leiterplattengr\u00f6\u00dfen, -dicken und -fehlertypen und erf\u00fcllen so die Anforderungen der Unterhaltungselektronik-, Automobil- und Medizinger\u00e4teindustrie.<\/li>\n<li><strong>Benutzerfreundliche Bedienung<\/strong>Die intuitive Bedienoberfl\u00e4che vereinfacht die Parametereinstellung und die Fortschritts\u00fcberwachung und senkt so die Lernkurve f\u00fcr die Bediener in industriellen Umgebungen.<\/li>\n<li><strong>Robustheit in Industriequalit\u00e4t<\/strong>Die robuste Konstruktion h\u00e4lt dem 24\/7-Betrieb stand und zeichnet sich durch einen geringen Wartungsaufwand aus, um einen langfristigen, zuverl\u00e4ssigen Einsatz in der Serienproduktion zu gew\u00e4hrleisten.<\/li>\n<li><strong>Umfassender Sicherheitsschutz<\/strong>: Eingebaute Schutzmechanismen f\u00fcr Bediener und Ger\u00e4te, einschlie\u00dflich \u00dcberhitzungs- und Druckschutz, die strengen industriellen Sicherheitsstandards entsprechen.<\/li>\n<\/ul>\n<p>&nbsp;<\/p>\n<p><img loading=\"lazy\" decoding=\"async\" class=\"alignnone wp-image-22977 aligncenter\" src=\"https:\/\/esmte.com\/wp-content\/uploads\/2025\/12\/\u56fe\u72473-scaled.webp\" alt=\"\" width=\"751\" height=\"678\" srcset=\"https:\/\/esmte.com\/wp-content\/uploads\/2025\/12\/\u56fe\u72473-scaled.webp 2560w, https:\/\/esmte.com\/wp-content\/uploads\/2025\/12\/\u56fe\u72473-scaled-600x542.webp 600w, https:\/\/esmte.com\/wp-content\/uploads\/2025\/12\/\u56fe\u72473-300x271.webp 300w, https:\/\/esmte.com\/wp-content\/uploads\/2025\/12\/\u56fe\u72473-1024x924.webp 1024w, https:\/\/esmte.com\/wp-content\/uploads\/2025\/12\/\u56fe\u72473-768x693.webp 768w, https:\/\/esmte.com\/wp-content\/uploads\/2025\/12\/\u56fe\u72473-1536x1387.webp 1536w, https:\/\/esmte.com\/wp-content\/uploads\/2025\/12\/\u56fe\u72473-2048x1849.webp 2048w, https:\/\/esmte.com\/wp-content\/uploads\/2025\/12\/\u56fe\u72473-1x1.webp 1w, https:\/\/esmte.com\/wp-content\/uploads\/2025\/12\/\u56fe\u72473-10x10.webp 10w\" sizes=\"auto, (max-width: 751px) 100vw, 751px\" \/><\/p>\n<p>&nbsp;<\/p>\n<h2>Spezifikationen<\/h2>\n<table style=\"border-collapse: collapse; width: 1377px; height: 316px;\" border=\"0\" width=\"448\" cellspacing=\"0\" cellpadding=\"0\">\n<tbody>\n<tr style=\"height: 15.00pt;\">\n<td class=\"et2\" style=\"height: 15pt; width: 101.25pt; text-align: center;\" width=\"135\" height=\"20\">Artikel<\/td>\n<td class=\"et3\" style=\"width: 234.75pt; text-align: center;\" width=\"313\">YC-210<\/td>\n<\/tr>\n<tr style=\"height: 15.00pt;\">\n<td class=\"et4\" style=\"height: 15pt; width: 101.25pt; text-align: center;\" width=\"135\" height=\"20\">Maximale Schablonengr\u00f6\u00dfe<\/td>\n<td class=\"et5\" style=\"width: 234.75pt; text-align: center;\" width=\"313\">L420 x B420 x H200 (mm)<\/td>\n<\/tr>\n<tr style=\"height: 15.00pt;\">\n<td class=\"et4\" style=\"height: 15pt; width: 101.25pt; text-align: center;\" width=\"135\" height=\"20\">Kapazit\u00e4t des Reinraumtanks<\/td>\n<td class=\"et5\" style=\"width: 234.75pt; text-align: center;\" width=\"313\">50 l<\/td>\n<\/tr>\n<tr style=\"height: 15.00pt;\">\n<td class=\"et4\" style=\"height: 15pt; width: 101.25pt; text-align: center;\" width=\"135\" height=\"20\">Reinigungszeit<\/td>\n<td class=\"et5\" style=\"width: 234.75pt; text-align: center;\" width=\"313\">4\u201310 Minuten<\/td>\n<\/tr>\n<tr style=\"height: 15.00pt;\">\n<td class=\"et4\" style=\"height: 15pt; width: 101.25pt; text-align: center;\" width=\"135\" height=\"20\">Trocknungszeit<\/td>\n<td class=\"et5\" style=\"width: 234.75pt; text-align: center;\" width=\"313\">4\u201310 Minuten<\/td>\n<\/tr>\n<tr style=\"height: 15.00pt;\">\n<td class=\"et4\" style=\"height: 15pt; width: 101.25pt; text-align: center;\" width=\"135\" height=\"20\">Luftzufuhr<\/td>\n<td class=\"et5\" style=\"width: 234.75pt; text-align: center;\" width=\"313\">0,5\u20130,7 MPa<\/td>\n<\/tr>\n<tr style=\"height: 15.00pt;\">\n<td class=\"et4\" style=\"height: 15pt; width: 101.25pt; text-align: center;\" width=\"135\" height=\"20\">Luftverbrauch<\/td>\n<td class=\"et5\" style=\"width: 234.75pt; text-align: center;\" width=\"313\">200\u2013600 l\/min<\/td>\n<\/tr>\n<tr style=\"height: 18.00pt;\">\n<td class=\"et4\" style=\"height: 18pt; width: 101.25pt; text-align: center;\" width=\"135\" height=\"24\">Saubere Methode<\/td>\n<td class=\"et5\" style=\"width: 234.75pt; text-align: center;\" width=\"313\">360\u00b0-Rotationsspr\u00fchl\u00f6sungsmittelreinigung + Lufttrocknung<\/td>\n<\/tr>\n<tr style=\"height: 15.00pt;\">\n<td class=\"et4\" style=\"height: 15pt; width: 101.25pt; text-align: center;\" width=\"135\" height=\"20\">Filtersystem<\/td>\n<td class=\"et5\" style=\"width: 234.75pt; text-align: center;\" width=\"313\">20\u00b5m\/5\u00b5m\/1\u00b5m 3-stufiger Filter<\/td>\n<\/tr>\n<tr style=\"height: 15.00pt;\">\n<td class=\"et4\" style=\"height: 15pt; width: 101.25pt; text-align: center;\" width=\"135\" height=\"20\">Maschinengr\u00f6\u00dfe<\/td>\n<td class=\"et5\" style=\"width: 234.75pt; text-align: center;\" width=\"313\">L1060 x B800 x H1600 (mm)<\/td>\n<\/tr>\n<tr style=\"height: 15.00pt;\">\n<td class=\"et6\" style=\"height: 15pt; width: 101.25pt; text-align: center;\" width=\"135\" height=\"20\">Maschinengewicht<\/td>\n<td class=\"et7\" style=\"width: 234.75pt; text-align: center;\" width=\"313\">210 kg<\/td>\n<\/tr>\n<\/tbody>\n<\/table>\n<p>&nbsp;<\/p>\n<p><a href=\"https:\/\/www.youtube.com\/@allaismt\" rel=\"nofollow noopener\" target=\"_blank\"><u>https:\/\/www.youtube.com\/@allaismt<\/u><\/a><\/p>\n<p>For more information about the <strong>SMT PCB Mis Print Cleaning Machine YC-210<\/strong>, Bitte senden Sie eine E-Mail an<\/p>\n<p><a href=\"mailto:sophia@allaismt.com\"><u>sophia@allaismt.com<\/u><\/a><\/p>\n<p>Wir werden Ihre Anfrage umgehend beantworten und Ihnen detaillierte Informationen \u00fcber unsere Produkte und Dienstleistungen zukommen lassen.<\/p>","protected":false},"excerpt":{"rendered":"<p>Beschreibung:<strong>The YC-210 SMT PCB Misprint Cleaning Machine<\/strong> ist eine professionelle L\u00f6sung f\u00fcr SMT-Fertigungslinien. Sie erm\u00f6glicht die pr\u00e4zise und effiziente Entfernung von Leiterplattenfehlern und gew\u00e4hrleistet so die Integrit\u00e4t der Leiterplatten. Dank hoher Reinigungsgeschwindigkeit und zuverl\u00e4ssiger Leistung optimiert sie Fertigungsprozesse, reduziert Ausschuss und verbessert die Produktqualit\u00e4t. Ideal f\u00fcr die Elektronikfertigung, erf\u00fcllt diese industrietaugliche Anlage die strengen Anforderungen der Leiterplattenproduktion und ist damit ein unverzichtbares Werkzeug f\u00fcr SMT-Fabriken, die Wert auf Effizienz und Pr\u00e4zision legen.<\/p>\n<p>Mindestbestellmenge: 1 St\u00fcck<\/p>\n<p>Lieferzeit: 15 Tage<\/p>","protected":false},"featured_media":22664,"comment_status":"closed","ping_status":"closed","template":"","meta":[],"etheme_brands":[],"product_brand":[],"product_cat":[156],"product_tag":[],"class_list":{"0":"post-22663","1":"product","2":"type-product","3":"status-publish","4":"has-post-thumbnail","6":"product_cat-pcb-cleaning-machine","8":"first","9":"instock","10":"shipping-taxable","11":"product-type-simple"},"_links":{"self":[{"href":"https:\/\/esmte.com\/de\/wp-json\/wp\/v2\/product\/22663","targetHints":{"allow":["GET"]}}],"collection":[{"href":"https:\/\/esmte.com\/de\/wp-json\/wp\/v2\/product"}],"about":[{"href":"https:\/\/esmte.com\/de\/wp-json\/wp\/v2\/types\/product"}],"replies":[{"embeddable":true,"href":"https:\/\/esmte.com\/de\/wp-json\/wp\/v2\/comments?post=22663"}],"version-history":[{"count":1,"href":"https:\/\/esmte.com\/de\/wp-json\/wp\/v2\/product\/22663\/revisions"}],"predecessor-version":[{"id":23773,"href":"https:\/\/esmte.com\/de\/wp-json\/wp\/v2\/product\/22663\/revisions\/23773"}],"wp:featuredmedia":[{"embeddable":true,"href":"https:\/\/esmte.com\/de\/wp-json\/wp\/v2\/media\/22664"}],"wp:attachment":[{"href":"https:\/\/esmte.com\/de\/wp-json\/wp\/v2\/media?parent=22663"}],"wp:term":[{"taxonomy":"brand","embeddable":true,"href":"https:\/\/esmte.com\/de\/wp-json\/wp\/v2\/etheme_brands?post=22663"},{"taxonomy":"product_brand","embeddable":true,"href":"https:\/\/esmte.com\/de\/wp-json\/wp\/v2\/product_brand?post=22663"},{"taxonomy":"product_cat","embeddable":true,"href":"https:\/\/esmte.com\/de\/wp-json\/wp\/v2\/product_cat?post=22663"},{"taxonomy":"product_tag","embeddable":true,"href":"https:\/\/esmte.com\/de\/wp-json\/wp\/v2\/product_tag?post=22663"}],"curies":[{"name":"wp","href":"https:\/\/api.w.org\/{rel}","templated":true}]}}