{"id":22653,"date":"2025-12-02T06:56:11","date_gmt":"2025-12-02T06:56:11","guid":{"rendered":"https:\/\/esmte.com\/?post_type=product&#038;p=22653"},"modified":"2026-01-13T03:59:43","modified_gmt":"2026-01-13T03:59:43","slug":"pcb-cleaning-machine-yc-450","status":"publish","type":"product","link":"https:\/\/esmte.com\/de\/products\/pcb-cleaning-machine-yc-450\/","title":{"rendered":"SMT PCB Cleaning Machine YC-450"},"content":{"rendered":"<h2>Einf\u00fchrung<\/h2>\n<p data-start=\"172\" data-end=\"643\">Der <strong>SMT<\/strong> <strong data-start=\"176\" data-end=\"207\">Leiterplattenreinigungsmaschine YC-450<\/strong> Die YC-450 wurde entwickelt, um der steigenden Nachfrage nach sauberen, fehlerfreien Leiterplatten in der modernen Elektronikfertigung gerecht zu werden. In Hochgeschwindigkeits-SMT- und PCBA-Fertigungslinien k\u00f6nnen sich Staub, L\u00f6treste und mikroskopische Partikel auf den Leiterplattenoberfl\u00e4chen ansammeln, was zu einer geringeren L\u00f6tqualit\u00e4t und h\u00f6heren Fehlerraten f\u00fchrt. Die YC-450 bietet eine vollautomatische Reinigungsl\u00f6sung, die sicherstellt, dass jede Leiterplatte optimal f\u00fcr die nachfolgende Montage vorbereitet ist.<\/p>\n<p data-start=\"645\" data-end=\"1150\">Ausgestattet mit Pr\u00e4zisionsb\u00fcrsten, gezieltem Luftstrom und einem integrierten Schmutzabsaugsystem, <strong>SMT<\/strong> <strong data-start=\"176\" data-end=\"207\">Leiterplattenreinigungsmaschine YC-450<\/strong> Die Maschine entfernt effektiv Verunreinigungen und sch\u00fctzt gleichzeitig empfindliche Bauteile. Ihre programmierbaren Reinigungszyklen bieten Flexibilit\u00e4t f\u00fcr verschiedene Leiterplattengr\u00f6\u00dfen, Layouts und Bauteildichten, sodass Hersteller den Prozess an ihre Produktionsanforderungen anpassen k\u00f6nnen. Durch die Gew\u00e4hrleistung konstant sauberer Oberfl\u00e4chen tr\u00e4gt die Maschine dazu bei, Nacharbeiten zu reduzieren, die L\u00f6tgenauigkeit zu verbessern und die Gesamtausbeute zu steigern.<\/p>\n<p data-start=\"1152\" data-end=\"1576\">Der <strong>SMT<\/strong> <strong data-start=\"176\" data-end=\"207\">Leiterplattenreinigungsmaschine YC-450<\/strong> Das System ist f\u00fcr die nahtlose Integration in Produktionslinien mit hohem Durchsatz konzipiert und arbeitet vollautomatisch mit minimalem Personaleingriff. Der automatisierte Arbeitsablauf f\u00fcr Be- und Entladung stabilisiert die Produktionseffizienz und reduziert den Personalaufwand. Kompakt und benutzerfreundlich, eignet sich das System sowohl f\u00fcr kleine Werkst\u00e4tten als auch f\u00fcr gro\u00dfe Fabriken und bietet eine zuverl\u00e4ssige und reproduzierbare Reinigungsl\u00f6sung.<\/p>\n<p data-start=\"1578\" data-end=\"1953\">Ideal f\u00fcr Unterhaltungselektronik, Leiterplatten in der Automobilindustrie und industrielle Steuerplatinen, <strong>SMT<\/strong> <strong data-start=\"1662\" data-end=\"1693\">Leiterplattenreinigungsmaschine YC-450<\/strong> ensures high-quality surface preparation, enhances assembly reliability, and extends the life of both PCBs and production equipment. The SMT PCB Cleaning Machine YC-450 is a versatile and essential tool for electronics manufacturers seeking consistent, high-performance production outcomes.<\/p>\n<p data-start=\"1578\" data-end=\"1953\"><img loading=\"lazy\" decoding=\"async\" class=\"aligncenter wp-image-22650\" src=\"https:\/\/esmte.com\/wp-content\/uploads\/2025\/12\/PCB-Cleaning-Machine-scaled.webp\" alt=\"SMT PCB Cleaning Machine \" width=\"554\" height=\"554\" srcset=\"https:\/\/esmte.com\/wp-content\/uploads\/2025\/12\/PCB-Cleaning-Machine-scaled.webp 2560w, https:\/\/esmte.com\/wp-content\/uploads\/2025\/12\/PCB-Cleaning-Machine-scaled-100x100.webp 100w, https:\/\/esmte.com\/wp-content\/uploads\/2025\/12\/PCB-Cleaning-Machine-scaled-600x600.webp 600w, https:\/\/esmte.com\/wp-content\/uploads\/2025\/12\/PCB-Cleaning-Machine-300x300.webp 300w, https:\/\/esmte.com\/wp-content\/uploads\/2025\/12\/PCB-Cleaning-Machine-1024x1024.webp 1024w, https:\/\/esmte.com\/wp-content\/uploads\/2025\/12\/PCB-Cleaning-Machine-150x150.webp 150w, https:\/\/esmte.com\/wp-content\/uploads\/2025\/12\/PCB-Cleaning-Machine-768x768.webp 768w, https:\/\/esmte.com\/wp-content\/uploads\/2025\/12\/PCB-Cleaning-Machine-1536x1536.webp 1536w, https:\/\/esmte.com\/wp-content\/uploads\/2025\/12\/PCB-Cleaning-Machine-2048x2048.webp 2048w, https:\/\/esmte.com\/wp-content\/uploads\/2025\/12\/PCB-Cleaning-Machine-1x1.webp 1w, https:\/\/esmte.com\/wp-content\/uploads\/2025\/12\/PCB-Cleaning-Machine-10x10.webp 10w\" sizes=\"auto, (max-width: 554px) 100vw, 554px\" \/><\/p>\n<h3>Hauptmerkmale<\/h3>\n<ul>\n<li data-start=\"193\" data-end=\"382\">\n<p data-start=\"196\" data-end=\"382\"><strong data-start=\"196\" data-end=\"235\">Hochpr\u00e4zise Leiterplatten-Oberfl\u00e4chenreinigung<\/strong><br data-start=\"235\" data-end=\"238\" \/>The SMT PCB Cleaning Machine YC-450 effectively removes dust, solder residues, and micro-particles from PCBs, ensuring reliable soldering and high-quality assembly.<\/p>\n<\/li>\n<li data-start=\"384\" data-end=\"572\">\n<p data-start=\"387\" data-end=\"572\"><strong data-start=\"387\" data-end=\"416\">Vollautomatischer Betrieb<\/strong><br data-start=\"416\" data-end=\"419\" \/>Automatisches Be- und Entladen, Reinigen und Entladen minimieren den manuellen Aufwand, reduzieren menschliche Fehler und gew\u00e4hrleisten eine gleichbleibende Produktionseffizienz an SMT-Linien.<\/p>\n<\/li>\n<li data-start=\"574\" data-end=\"765\">\n<p data-start=\"577\" data-end=\"765\"><strong data-start=\"577\" data-end=\"608\">Mehrstufiges Reinigungssystem<\/strong><br data-start=\"608\" data-end=\"611\" \/>Kombiniert pr\u00e4zises B\u00fcrsten, kontrollierten Luftstrom und Schmutzabsaugung, um eine gr\u00fcndliche Reinigung zu erzielen und gleichzeitig empfindliche Bauteile vor Besch\u00e4digungen zu sch\u00fctzen.<\/p>\n<\/li>\n<li data-start=\"767\" data-end=\"961\">\n<p data-start=\"770\" data-end=\"961\"><strong data-start=\"770\" data-end=\"802\">Programmierbare Reinigungszyklen<\/strong><br data-start=\"802\" data-end=\"805\" \/>Durch die anpassbaren Reinigungsparameter k\u00f6nnen die Bediener die Reinigungszyklen an unterschiedliche Leiterplattengr\u00f6\u00dfen, Layouts und Bauteildichten anpassen und so optimale Ergebnisse erzielen.<\/p>\n<\/li>\n<li data-start=\"963\" data-end=\"1132\">\n<p data-start=\"966\" data-end=\"1132\"><strong data-start=\"966\" data-end=\"999\">Nahtlose SMT-Linienintegration<\/strong><br data-start=\"999\" data-end=\"1002\" \/>Entwickelt f\u00fcr moderne SMT- und PCBA-Produktionslinien mit hohem Durchsatz, wobei die Reinigungsqualit\u00e4t erhalten bleibt, ohne den Arbeitsablauf zu verlangsamen.<\/p>\n<\/li>\n<li data-start=\"1134\" data-end=\"1366\">\n<p data-start=\"1137\" data-end=\"1366\"><strong data-start=\"1137\" data-end=\"1177\">Verbesserte Lebensdauer von Leiterplatten und Ger\u00e4ten<\/strong><br data-start=\"1177\" data-end=\"1180\" \/>Regelm\u00e4\u00dfige und pr\u00e4zise Reinigung verhindert die Ansammlung von R\u00fcckst\u00e4nden, verl\u00e4ngert die Lebensdauer von Leiterplatten und reduziert den Wartungsaufwand f\u00fcr Produktionsanlagen, wodurch die allgemeine Fertigungszuverl\u00e4ssigkeit verbessert wird.<\/p>\n<\/li>\n<\/ul>\n<p>&nbsp;<\/p>\n<h2>Spezifikationen<\/h2>\n<table style=\"border-collapse: collapse; width: 921px; height: 349px;\" border=\"0\" width=\"579\" cellspacing=\"0\" cellpadding=\"0\">\n<tbody>\n<tr style=\"height: 15.75pt;\">\n<td class=\"et2\" style=\"height: 15.75pt; width: 138.75pt; text-align: center;\" width=\"185\" height=\"21\">Artikel<\/td>\n<td class=\"et3\" style=\"width: 147pt; text-align: center;\" width=\"196\">YC-350<\/td>\n<td class=\"et4\" style=\"width: 148.5pt; text-align: center;\" width=\"198\">YC-450<\/td>\n<\/tr>\n<tr style=\"height: 15.75pt;\">\n<td class=\"et5\" style=\"height: 15.75pt; width: 138.75pt; text-align: center;\" width=\"185\" height=\"21\">Leiterplattengr\u00f6\u00dfe<\/td>\n<td class=\"et6\" style=\"width: 147pt; text-align: center;\" width=\"196\">50 x 50 mm ~ 450 x 350 mm<\/td>\n<td class=\"et7\" style=\"width: 148.5pt; text-align: center;\" width=\"198\">50 x 50 mm ~ 500 x 450 mm<\/td>\n<\/tr>\n<tr style=\"height: 15.75pt;\">\n<td class=\"et5\" style=\"height: 15.75pt; width: 138.75pt; text-align: center;\" width=\"185\" height=\"21\">Leiterplattendicke<\/td>\n<td class=\"et8\" style=\"width: 295.5pt; text-align: center;\" colspan=\"2\" width=\"394\">2-3 mm (Optional: 4-6 mm)<\/td>\n<\/tr>\n<tr style=\"height: 15.75pt;\">\n<td class=\"et5\" style=\"height: 15.75pt; width: 138.75pt; text-align: center;\" width=\"185\" height=\"21\">Leiterplattenrichtung<\/td>\n<td class=\"et6\" style=\"width: 295.5pt; text-align: center;\" colspan=\"2\" width=\"394\">Von links nach rechts oder von rechts nach links<\/td>\n<\/tr>\n<tr style=\"height: 15.75pt;\">\n<td class=\"et5\" style=\"height: 15.75pt; width: 138.75pt; text-align: center;\" width=\"185\" height=\"21\">Transporth\u00f6he<\/td>\n<td class=\"et8\" style=\"width: 295.5pt; text-align: center;\" colspan=\"2\" width=\"394\">900\u00b120mm (oder nach Kundenspezifikation)<\/td>\n<\/tr>\n<tr style=\"height: 15.75pt;\">\n<td class=\"et5\" style=\"height: 15.75pt; width: 138.75pt; text-align: center;\" width=\"185\" height=\"21\">Steuerungssystem<\/td>\n<td class=\"et6\" style=\"width: 295.5pt; text-align: center;\" colspan=\"2\" width=\"394\">Panasonic PLC<\/td>\n<\/tr>\n<tr style=\"height: 15.75pt;\">\n<td class=\"et5\" style=\"height: 15.75pt; width: 138.75pt; text-align: center;\" width=\"185\" height=\"21\">Bedienfeld<\/td>\n<td class=\"et8\" style=\"width: 295.5pt; text-align: center;\" colspan=\"2\" width=\"394\">Touch-Screen<\/td>\n<\/tr>\n<tr style=\"height: 15.75pt;\">\n<td class=\"et5\" style=\"height: 15.75pt; width: 138.75pt; text-align: center;\" width=\"185\" height=\"21\">Anzahl der B\u00fcrsten<\/td>\n<td class=\"et6\" style=\"width: 295.5pt; text-align: center;\" colspan=\"2\" width=\"394\">1 St\u00fcck<\/td>\n<\/tr>\n<tr style=\"height: 15.75pt;\">\n<td class=\"et5\" style=\"height: 15.75pt; width: 138.75pt; text-align: center;\" width=\"185\" height=\"21\">Anzahl der Staubwalzen<\/td>\n<td class=\"et8\" style=\"width: 295.5pt; text-align: center;\" colspan=\"2\" width=\"394\">2 St\u00fcck<\/td>\n<\/tr>\n<tr style=\"height: 15.75pt;\">\n<td class=\"et5\" style=\"height: 15.75pt; width: 138.75pt; text-align: center;\" width=\"185\" height=\"21\">Anzahl der Klebezettel<\/td>\n<td class=\"et6\" style=\"width: 295.5pt; text-align: center;\" colspan=\"2\" width=\"394\">1 St\u00fcck<\/td>\n<\/tr>\n<tr style=\"height: 15.75pt;\">\n<td class=\"et5\" style=\"height: 15.75pt; width: 138.75pt; text-align: center;\" width=\"185\" height=\"21\">Stromversorgung<\/td>\n<td class=\"et8\" style=\"width: 295.5pt; text-align: center;\" colspan=\"2\" width=\"394\">1-phasig, Wechselstrom 220 V, 50\/60 Hz<\/td>\n<\/tr>\n<tr style=\"height: 15.75pt;\">\n<td class=\"et5\" style=\"height: 15.75pt; width: 138.75pt; text-align: center;\" width=\"185\" height=\"21\">Dimension<\/td>\n<td class=\"et6\" style=\"width: 147pt; text-align: center;\" width=\"196\">L550*B750*H1600mm<\/td>\n<td class=\"et7\" style=\"width: 148.5pt; text-align: center;\" width=\"198\">L650*B850*H1600mm<\/td>\n<\/tr>\n<tr style=\"height: 15.75pt;\">\n<td class=\"et11\" style=\"height: 15.75pt; width: 138.75pt; text-align: center;\" width=\"185\" height=\"21\">Gewicht<\/td>\n<td class=\"et12\" style=\"width: 147pt; text-align: center;\" width=\"196\">140 kg<\/td>\n<td class=\"et13\" style=\"width: 148.5pt; text-align: center;\" width=\"198\">160 kg<\/td>\n<\/tr>\n<\/tbody>\n<\/table>\n<p>&nbsp;<\/p>\n<p><a href=\"https:\/\/www.youtube.com\/@allaismt\" rel=\"nofollow noopener\" target=\"_blank\"><u>https:\/\/www.youtube.com\/@allaismt<\/u><\/a><\/p>\n<p>For more information about the <strong>SMT PCB Cleaning Machine YC-450<\/strong>, Bitte senden Sie eine E-Mail an<\/p>\n<p><a href=\"mailto:sophia@allaismt.com\"><u>sophia@allaismt.com<\/u><\/a><\/p>\n<p>Wir werden Ihre Anfrage umgehend beantworten und Ihnen detaillierte Informationen \u00fcber unsere Produkte und Dienstleistungen zukommen lassen.<\/p>","protected":false},"excerpt":{"rendered":"<p>Beschreibung: Die <strong>SMT<\/strong> <strong data-start=\"115\" data-end=\"146\">Leiterplattenreinigungsmaschine YC-450<\/strong> is a high-performance solution designed to ensure thorough cleaning of PCBs and electronic assemblies before SMT and PCBA processes. Featuring precision brushing, controlled airflow, and efficient debris removal, it eliminates dust, solder residues, and micro-particles that can compromise soldering quality. Fully automated and compact, the SMT PCB Cleaning Machine YC-450 integrates seamlessly into production lines, enhancing workflow efficiency, reducing defects, and improving overall yield. The SMT PCB Cleaning Machine YC-450 is ideal for manufacturers seeking consistent, high-quality PCB surface preparation.<\/p>\n<p>Mindestbestellmenge: 1 St\u00fcck<\/p>\n<p>Lieferzeit: 15 Tage<\/p>","protected":false},"featured_media":22654,"comment_status":"closed","ping_status":"closed","template":"","meta":[],"etheme_brands":[],"product_brand":[],"product_cat":[156],"product_tag":[],"class_list":{"0":"post-22653","1":"product","2":"type-product","3":"status-publish","4":"has-post-thumbnail","6":"product_cat-pcb-cleaning-machine","8":"first","9":"instock","10":"shipping-taxable","11":"product-type-simple"},"_links":{"self":[{"href":"https:\/\/esmte.com\/de\/wp-json\/wp\/v2\/product\/22653","targetHints":{"allow":["GET"]}}],"collection":[{"href":"https:\/\/esmte.com\/de\/wp-json\/wp\/v2\/product"}],"about":[{"href":"https:\/\/esmte.com\/de\/wp-json\/wp\/v2\/types\/product"}],"replies":[{"embeddable":true,"href":"https:\/\/esmte.com\/de\/wp-json\/wp\/v2\/comments?post=22653"}],"version-history":[{"count":1,"href":"https:\/\/esmte.com\/de\/wp-json\/wp\/v2\/product\/22653\/revisions"}],"predecessor-version":[{"id":23752,"href":"https:\/\/esmte.com\/de\/wp-json\/wp\/v2\/product\/22653\/revisions\/23752"}],"wp:featuredmedia":[{"embeddable":true,"href":"https:\/\/esmte.com\/de\/wp-json\/wp\/v2\/media\/22654"}],"wp:attachment":[{"href":"https:\/\/esmte.com\/de\/wp-json\/wp\/v2\/media?parent=22653"}],"wp:term":[{"taxonomy":"brand","embeddable":true,"href":"https:\/\/esmte.com\/de\/wp-json\/wp\/v2\/etheme_brands?post=22653"},{"taxonomy":"product_brand","embeddable":true,"href":"https:\/\/esmte.com\/de\/wp-json\/wp\/v2\/product_brand?post=22653"},{"taxonomy":"product_cat","embeddable":true,"href":"https:\/\/esmte.com\/de\/wp-json\/wp\/v2\/product_cat?post=22653"},{"taxonomy":"product_tag","embeddable":true,"href":"https:\/\/esmte.com\/de\/wp-json\/wp\/v2\/product_tag?post=22653"}],"curies":[{"name":"wp","href":"https:\/\/api.w.org\/{rel}","templated":true}]}}