{"id":22648,"date":"2025-12-02T06:47:20","date_gmt":"2025-12-02T06:47:20","guid":{"rendered":"https:\/\/esmte.com\/?post_type=product&#038;p=22648"},"modified":"2026-01-14T02:45:19","modified_gmt":"2026-01-14T02:45:19","slug":"pcb-cleaning-machine-yc-350","status":"publish","type":"product","link":"https:\/\/esmte.com\/de\/products\/pcb-cleaning-machine-yc-350\/","title":{"rendered":"SMT PCB Cleaning Machine YC-350"},"content":{"rendered":"<h2>Einf\u00fchrung<\/h2>\n<p data-start=\"214\" data-end=\"713\">Der <strong>SMT\u00a0PCB Cleaning Machine YC-350<\/strong> Die YC-350 wurde f\u00fcr die effiziente und zuverl\u00e4ssige Reinigung von Leiterplatten in modernen SMT- und PCBA-Fertigungslinien entwickelt. In Hochgeschwindigkeits-Produktionsumgebungen k\u00f6nnen sich Staub, L\u00f6treste und Mikropartikel auf den Leiterplattenoberfl\u00e4chen ansammeln, was zu L\u00f6tfehlern und einer geringeren Produktzuverl\u00e4ssigkeit f\u00fchrt. Die YC-350 begegnet diesen Herausforderungen mit einem vollautomatischen Reinigungsprozess und stellt sicher, dass jede Leiterplatte optimal f\u00fcr die nachfolgenden Montageprozesse vorbereitet ist.<\/p>\n<p data-start=\"715\" data-end=\"1193\">Ausgestattet mit Pr\u00e4zisionsb\u00fcrsten, kontrolliertem Luftstrom und einem integrierten Absaugsystem entfernt die Maschine Verunreinigungen, ohne empfindliche Bauteile zu besch\u00e4digen. Ihre programmierbaren Reinigungszyklen erm\u00f6glichen es dem Bediener, die Parameter f\u00fcr verschiedene Leiterplattengr\u00f6\u00dfen und Bauteildichten anzupassen, wodurch sie vielseitig f\u00fcr eine breite Palette elektronischer Baugruppen einsetzbar ist. Durch die Aufrechterhaltung sauberer Oberfl\u00e4chen wird die <strong>SMT PCB\u00a0<\/strong><strong>Reinigungsmaschine YC-350<\/strong> verbessert die L\u00f6tqualit\u00e4t, reduziert Nacharbeiten und erh\u00f6ht die Gesamtproduktionsausbeute.<\/p>\n<p data-start=\"1195\" data-end=\"1606\">Konzipiert f\u00fcr die nahtlose Integration in SMT-Linien, <strong>SMT PCB\u00a0<\/strong><strong>Reinigungsmaschine YC-350<\/strong> Es arbeitet mit minimalem menschlichen Eingriff. Sein automatisiertes Be-, Reinigungs- und Entladesystem gew\u00e4hrleistet gleichbleibende Leistung, reduziert den manuellen Arbeitsaufwand und sorgt f\u00fcr hohe Produktionseffizienz. Kompakt und benutzerfreundlich, eignet es sich sowohl f\u00fcr kleine Werkst\u00e4tten als auch f\u00fcr gro\u00dfe Fabriken und bietet eine zuverl\u00e4ssige L\u00f6sung f\u00fcr die moderne Elektronikfertigung.<\/p>\n<p data-start=\"1608\" data-end=\"1885\">Ideal f\u00fcr Unterhaltungselektronik, Leiterplatten in der Automobilindustrie und industrielle Steuerplatinen, <strong>SMT <\/strong><strong data-start=\"1692\" data-end=\"1723\">Leiterplattenreinigungsmaschine YC-350<\/strong> bietet eine gr\u00fcndliche und wiederholbare Reinigungsleistung und hilft Herstellern so, stabile und qualitativ hochwertige Montageergebnisse sowie eine langfristige Zuverl\u00e4ssigkeit der Anlagen zu erzielen.<\/p>\n<p style=\"text-align: center;\" data-start=\"1612\" data-end=\"1871\"><img loading=\"lazy\" decoding=\"async\" class=\"alignnone wp-image-22650\" src=\"https:\/\/esmte.com\/wp-content\/uploads\/2025\/12\/PCB-Cleaning-Machine-scaled.webp\" alt=\"SMT PCB Cleaning Machine YC-350\" width=\"644\" height=\"644\" srcset=\"https:\/\/esmte.com\/wp-content\/uploads\/2025\/12\/PCB-Cleaning-Machine-scaled.webp 2560w, https:\/\/esmte.com\/wp-content\/uploads\/2025\/12\/PCB-Cleaning-Machine-scaled-100x100.webp 100w, https:\/\/esmte.com\/wp-content\/uploads\/2025\/12\/PCB-Cleaning-Machine-scaled-600x600.webp 600w, https:\/\/esmte.com\/wp-content\/uploads\/2025\/12\/PCB-Cleaning-Machine-300x300.webp 300w, https:\/\/esmte.com\/wp-content\/uploads\/2025\/12\/PCB-Cleaning-Machine-1024x1024.webp 1024w, https:\/\/esmte.com\/wp-content\/uploads\/2025\/12\/PCB-Cleaning-Machine-150x150.webp 150w, https:\/\/esmte.com\/wp-content\/uploads\/2025\/12\/PCB-Cleaning-Machine-768x768.webp 768w, https:\/\/esmte.com\/wp-content\/uploads\/2025\/12\/PCB-Cleaning-Machine-1536x1536.webp 1536w, https:\/\/esmte.com\/wp-content\/uploads\/2025\/12\/PCB-Cleaning-Machine-2048x2048.webp 2048w, https:\/\/esmte.com\/wp-content\/uploads\/2025\/12\/PCB-Cleaning-Machine-1x1.webp 1w, https:\/\/esmte.com\/wp-content\/uploads\/2025\/12\/PCB-Cleaning-Machine-10x10.webp 10w\" sizes=\"auto, (max-width: 644px) 100vw, 644px\" \/><\/p>\n<h3>Hauptmerkmale<\/h3>\n<ul>\n<li data-start=\"193\" data-end=\"366\">\n<p data-start=\"196\" data-end=\"366\"><strong data-start=\"196\" data-end=\"227\">Hochpr\u00e4zise Leiterplattenreinigung<\/strong><br data-start=\"227\" data-end=\"230\" \/>Entfernt effektiv Staub, L\u00f6tmittelreste und Mikropartikel von Leiterplattenoberfl\u00e4chen und gew\u00e4hrleistet so eine zuverl\u00e4ssige L\u00f6t- und Montagequalit\u00e4t.<\/p>\n<\/li>\n<li data-start=\"368\" data-end=\"533\">\n<p data-start=\"371\" data-end=\"533\"><strong data-start=\"371\" data-end=\"400\">Vollautomatischer Betrieb<\/strong><br data-start=\"400\" data-end=\"403\" \/>Automatisches Be- und Entladen, Reinigen und Entladen reduzieren den manuellen Aufwand, minimieren menschliche Fehler und stabilisieren die Produktionseffizienz.<\/p>\n<\/li>\n<li data-start=\"535\" data-end=\"707\">\n<p data-start=\"538\" data-end=\"707\"><strong data-start=\"538\" data-end=\"569\">Mehrstufiges Reinigungssystem<\/strong><br data-start=\"569\" data-end=\"572\" \/>Kombiniert pr\u00e4zises B\u00fcrsten, kontrollierten Luftstrom und Schmutzabsaugung f\u00fcr eine gr\u00fcndliche Reinigung bei gleichzeitigem Schutz empfindlicher Bauteile.<\/p>\n<\/li>\n<li data-start=\"709\" data-end=\"883\">\n<p data-start=\"712\" data-end=\"883\"><strong data-start=\"712\" data-end=\"744\">Programmierbare Reinigungszyklen<\/strong><br data-start=\"744\" data-end=\"747\" \/>Durch die einstellbaren Parameter k\u00f6nnen die Bediener die Reinigungsintensit\u00e4t und -dauer an unterschiedliche Leiterplattengr\u00f6\u00dfen und Bauteildichten anpassen.<\/p>\n<\/li>\n<li data-start=\"885\" data-end=\"1070\">\n<p data-start=\"888\" data-end=\"1070\"><strong data-start=\"888\" data-end=\"925\">Kompatibilit\u00e4t mit Hochgeschwindigkeits-SMT-Leitungen<\/strong><br data-start=\"925\" data-end=\"928\" \/>Entwickelt f\u00fcr die nahtlose Integration in moderne SMT- und PCBA-Produktionslinien, wobei die Reinigungsleistung erhalten bleibt, ohne den Durchsatz zu verringern.<\/p>\n<\/li>\n<li data-start=\"1072\" data-end=\"1263\">\n<p data-start=\"1075\" data-end=\"1263\"><strong data-start=\"1075\" data-end=\"1115\">Verbesserte Lebensdauer von Leiterplatten und Ger\u00e4ten<\/strong><br data-start=\"1115\" data-end=\"1118\" \/>Regelm\u00e4\u00dfige und pr\u00e4zise Reinigung verhindert die Ansammlung von R\u00fcckst\u00e4nden, verl\u00e4ngert die Lebensdauer von Leiterplatten und reduziert den Wartungsaufwand f\u00fcr Produktionsanlagen.<\/p>\n<\/li>\n<\/ul>\n<p>&nbsp;<\/p>\n<h2>Spezifikationen<\/h2>\n<table style=\"border-collapse: collapse; width: 1376px; height: 352px;\" border=\"0\" width=\"579\" cellspacing=\"0\" cellpadding=\"0\">\n<tbody>\n<tr style=\"height: 15.75pt;\">\n<td class=\"et2\" style=\"height: 15.75pt; width: 138.75pt; text-align: center;\" width=\"185\" height=\"21\">Artikel<\/td>\n<td class=\"et3\" style=\"width: 147pt; text-align: center;\" width=\"196\">YC-350<\/td>\n<td class=\"et4\" style=\"width: 148.5pt; text-align: center;\" width=\"198\">YC-450<\/td>\n<\/tr>\n<tr style=\"height: 15.75pt;\">\n<td class=\"et5\" style=\"height: 15.75pt; width: 138.75pt; text-align: center;\" width=\"185\" height=\"21\">Leiterplattengr\u00f6\u00dfe<\/td>\n<td class=\"et6\" style=\"width: 147pt; text-align: center;\" width=\"196\">50 x 50 mm ~ 450 x 350 mm<\/td>\n<td class=\"et7\" style=\"width: 148.5pt; text-align: center;\" width=\"198\">50 x 50 mm ~ 500 x 450 mm<\/td>\n<\/tr>\n<tr style=\"height: 15.75pt;\">\n<td class=\"et5\" style=\"height: 15.75pt; width: 138.75pt; text-align: center;\" width=\"185\" height=\"21\">Leiterplattendicke<\/td>\n<td class=\"et8\" style=\"width: 295.5pt; text-align: center;\" colspan=\"2\" width=\"394\">2-3 mm (Optional: 4-6 mm)<\/td>\n<\/tr>\n<tr style=\"height: 15.75pt;\">\n<td class=\"et5\" style=\"height: 15.75pt; width: 138.75pt; text-align: center;\" width=\"185\" height=\"21\">Leiterplattenrichtung<\/td>\n<td class=\"et6\" style=\"width: 295.5pt; text-align: center;\" colspan=\"2\" width=\"394\">Von links nach rechts oder von rechts nach links<\/td>\n<\/tr>\n<tr style=\"height: 15.75pt;\">\n<td class=\"et5\" style=\"height: 15.75pt; width: 138.75pt; text-align: center;\" width=\"185\" height=\"21\">Transporth\u00f6he<\/td>\n<td class=\"et8\" style=\"width: 295.5pt; text-align: center;\" colspan=\"2\" width=\"394\">900\u00b120mm (oder nach Kundenspezifikation)<\/td>\n<\/tr>\n<tr style=\"height: 15.75pt;\">\n<td class=\"et5\" style=\"height: 15.75pt; width: 138.75pt; text-align: center;\" width=\"185\" height=\"21\">Steuerungssystem<\/td>\n<td class=\"et6\" style=\"width: 295.5pt; text-align: center;\" colspan=\"2\" width=\"394\">Panasonic PLC<\/td>\n<\/tr>\n<tr style=\"height: 15.75pt;\">\n<td class=\"et5\" style=\"height: 15.75pt; width: 138.75pt; text-align: center;\" width=\"185\" height=\"21\">Bedienfeld<\/td>\n<td class=\"et8\" style=\"width: 295.5pt; text-align: center;\" colspan=\"2\" width=\"394\">Touch-Screen<\/td>\n<\/tr>\n<tr style=\"height: 15.75pt;\">\n<td class=\"et5\" style=\"height: 15.75pt; width: 138.75pt; text-align: center;\" width=\"185\" height=\"21\">Anzahl der B\u00fcrsten<\/td>\n<td class=\"et6\" style=\"width: 295.5pt; text-align: center;\" colspan=\"2\" width=\"394\">1 St\u00fcck<\/td>\n<\/tr>\n<tr style=\"height: 15.75pt;\">\n<td class=\"et5\" style=\"height: 15.75pt; width: 138.75pt; text-align: center;\" width=\"185\" height=\"21\">Anzahl der Staubwalzen<\/td>\n<td class=\"et8\" style=\"width: 295.5pt; text-align: center;\" colspan=\"2\" width=\"394\">2 St\u00fcck<\/td>\n<\/tr>\n<tr style=\"height: 15.75pt;\">\n<td class=\"et5\" style=\"height: 15.75pt; width: 138.75pt; text-align: center;\" width=\"185\" height=\"21\">Anzahl der Klebezettel<\/td>\n<td class=\"et6\" style=\"width: 295.5pt; text-align: center;\" colspan=\"2\" width=\"394\">1 St\u00fcck<\/td>\n<\/tr>\n<tr style=\"height: 15.75pt;\">\n<td class=\"et5\" style=\"height: 15.75pt; width: 138.75pt; text-align: center;\" width=\"185\" height=\"21\">Stromversorgung<\/td>\n<td class=\"et8\" style=\"width: 295.5pt; text-align: center;\" colspan=\"2\" width=\"394\">1-phasig, Wechselstrom 220 V, 50\/60 Hz<\/td>\n<\/tr>\n<tr style=\"height: 15.75pt;\">\n<td class=\"et5\" style=\"height: 15.75pt; width: 138.75pt; text-align: center;\" width=\"185\" height=\"21\">Dimension<\/td>\n<td class=\"et6\" style=\"width: 147pt; text-align: center;\" width=\"196\">L550*B750*H1600mm<\/td>\n<td class=\"et7\" style=\"width: 148.5pt; text-align: center;\" width=\"198\">L650*B850*H1600mm<\/td>\n<\/tr>\n<tr style=\"height: 15.75pt;\">\n<td class=\"et11\" style=\"height: 15.75pt; width: 138.75pt; text-align: center;\" width=\"185\" height=\"21\">Gewicht<\/td>\n<td class=\"et12\" style=\"width: 147pt; text-align: center;\" width=\"196\">140 kg<\/td>\n<td class=\"et13\" style=\"width: 148.5pt; text-align: center;\" width=\"198\">160 kg<\/td>\n<\/tr>\n<\/tbody>\n<\/table>\n<p>&nbsp;<\/p>\n<p><a href=\"https:\/\/www.youtube.com\/@allaismt\" rel=\"nofollow noopener\" target=\"_blank\"><u>https:\/\/www.youtube.com\/@allaismt<\/u><\/a><\/p>\n<p>For more information about the <strong>SMT PCB Cleaning Machine YC-350<\/strong>, Bitte senden Sie eine E-Mail an<\/p>\n<p><a href=\"mailto:sophia@allaismt.com\"><u>sophia@allaismt.com<\/u><\/a><\/p>\n<p>Wir werden Ihre Anfrage umgehend beantworten und Ihnen detaillierte Informationen \u00fcber unsere Produkte und Dienstleistungen zukommen lassen.<\/p>","protected":false},"excerpt":{"rendered":"<p>Beschreibung: Die <strong>SMT <\/strong><strong data-start=\"115\" data-end=\"146\">Leiterplattenreinigungsmaschine YC-350<\/strong> Die YC-350 ist eine hocheffiziente L\u00f6sung f\u00fcr saubere und zuverl\u00e4ssige Leiterplattenoberfl\u00e4chen vor der Best\u00fcckung. Ausgestattet mit pr\u00e4zisen B\u00fcrsten, Luftstrom- und Schmutzabfuhrsystemen entfernt sie effektiv Staub, L\u00f6treste und Mikropartikel, die die L\u00f6tqualit\u00e4t beeintr\u00e4chtigen k\u00f6nnen. Die vollautomatische und kompakte Anlage l\u00e4sst sich nahtlos in SMT- und PCBA-Fertigungslinien integrieren und verbessert so die Prozessstabilit\u00e4t, reduziert Fehler und steigert die Gesamtausbeute. Sie ist ideal f\u00fcr Hersteller, die eine gleichbleibend hochwertige Leiterplattenoberfl\u00e4chenvorbereitung anstreben.<\/p>\n<p>Mindestbestellmenge: 1 St\u00fcck<\/p>\n<p>Lieferzeit: 15 Tage<\/p>","protected":false},"featured_media":22649,"comment_status":"closed","ping_status":"closed","template":"","meta":[],"etheme_brands":[],"product_brand":[],"product_cat":[156],"product_tag":[],"class_list":{"0":"post-22648","1":"product","2":"type-product","3":"status-publish","4":"has-post-thumbnail","6":"product_cat-pcb-cleaning-machine","8":"first","9":"instock","10":"shipping-taxable","11":"product-type-simple"},"_links":{"self":[{"href":"https:\/\/esmte.com\/de\/wp-json\/wp\/v2\/product\/22648","targetHints":{"allow":["GET"]}}],"collection":[{"href":"https:\/\/esmte.com\/de\/wp-json\/wp\/v2\/product"}],"about":[{"href":"https:\/\/esmte.com\/de\/wp-json\/wp\/v2\/types\/product"}],"replies":[{"embeddable":true,"href":"https:\/\/esmte.com\/de\/wp-json\/wp\/v2\/comments?post=22648"}],"version-history":[{"count":1,"href":"https:\/\/esmte.com\/de\/wp-json\/wp\/v2\/product\/22648\/revisions"}],"predecessor-version":[{"id":23777,"href":"https:\/\/esmte.com\/de\/wp-json\/wp\/v2\/product\/22648\/revisions\/23777"}],"wp:featuredmedia":[{"embeddable":true,"href":"https:\/\/esmte.com\/de\/wp-json\/wp\/v2\/media\/22649"}],"wp:attachment":[{"href":"https:\/\/esmte.com\/de\/wp-json\/wp\/v2\/media?parent=22648"}],"wp:term":[{"taxonomy":"brand","embeddable":true,"href":"https:\/\/esmte.com\/de\/wp-json\/wp\/v2\/etheme_brands?post=22648"},{"taxonomy":"product_brand","embeddable":true,"href":"https:\/\/esmte.com\/de\/wp-json\/wp\/v2\/product_brand?post=22648"},{"taxonomy":"product_cat","embeddable":true,"href":"https:\/\/esmte.com\/de\/wp-json\/wp\/v2\/product_cat?post=22648"},{"taxonomy":"product_tag","embeddable":true,"href":"https:\/\/esmte.com\/de\/wp-json\/wp\/v2\/product_tag?post=22648"}],"curies":[{"name":"wp","href":"https:\/\/api.w.org\/{rel}","templated":true}]}}