{"id":22643,"date":"2025-12-02T04:01:06","date_gmt":"2025-12-02T04:01:06","guid":{"rendered":"https:\/\/esmte.com\/?post_type=product&#038;p=22643"},"modified":"2026-01-14T02:57:33","modified_gmt":"2026-01-14T02:57:33","slug":"nozzle-cleaning-machine-yc-665","status":"publish","type":"product","link":"https:\/\/esmte.com\/de\/products\/nozzle-cleaning-machine-yc-665\/","title":{"rendered":"SMT D\u00fcsenreinigungsmaschine YC-665"},"content":{"rendered":"<h2>Einf\u00fchrung<\/h2>\n<p data-start=\"235\" data-end=\"748\">Der <strong>SMT\u00a0Nozzle Cleaning Machine YC-665<\/strong> Die YC-665 ist eine innovative L\u00f6sung, die die Pr\u00e4zision und Zuverl\u00e4ssigkeit von SMT-Best\u00fcckungsd\u00fcsen in der modernen Elektronikfertigung sicherstellt. In Produktionsumgebungen mit hohen Geschwindigkeiten sammeln sich h\u00e4ufig L\u00f6tpaste, Staub oder Mikropartikel an den D\u00fcsen an, was die Platzierungsgenauigkeit der Bauteile und die L\u00f6tqualit\u00e4t beeintr\u00e4chtigen kann. Die YC-665 begegnet diesen Herausforderungen mit einem vollautomatischen Reinigungsprozess, der gew\u00e4hrleistet, dass jede D\u00fcse sauber, pr\u00e4zise und produktionsbereit bleibt.<\/p>\n<p data-start=\"750\" data-end=\"1232\">Die Maschine verf\u00fcgt \u00fcber ein mehrstufiges Reinigungssystem, das B\u00fcrsten, Absaugen und optionale Ultraschallreinigung kombiniert, um R\u00fcckst\u00e4nde effektiv zu entfernen, ohne die empfindlichen D\u00fcsenspitzen zu besch\u00e4digen. Dank programmierbarer Reinigungszyklen ist eine individuelle Anpassung an verschiedene D\u00fcsengr\u00f6\u00dfen und -typen m\u00f6glich, wodurch eine gr\u00fcndliche Reinigung einer Vielzahl von SMT-Bauteilen gew\u00e4hrleistet wird. Durch die Vermeidung von R\u00fcckst\u00e4nden verbessert die YC-665 die Platzierungsgenauigkeit der Bauteile, reduziert Defekte und steigert die Gesamtausbeute.<\/p>\n<p data-start=\"1234\" data-end=\"1630\">Konzipiert f\u00fcr die nahtlose Integration in SMT-Linien, <strong>SMT\u00a0Nozzle Cleaning Machine YC-665<\/strong> Das Ger\u00e4t arbeitet vollautomatisch und ben\u00f6tigt nur minimalen menschlichen Eingriff. Sein intelligentes Handhabungssystem steuert Be- und Entladen sowie Reinigung und gew\u00e4hrleistet so eine gleichbleibende Reinigungsleistung auch bei hohem Durchsatz. Dank seiner kompakten Bauweise und der benutzerfreundlichen Oberfl\u00e4che eignet es sich sowohl f\u00fcr kleine Werkst\u00e4tten als auch f\u00fcr gro\u00dfe Produktionsanlagen.<\/p>\n<p data-start=\"1632\" data-end=\"1982\">Kompatibel mit D\u00fcsen, die in Unterhaltungselektronik, Automobil-Leiterplatten und industriellen Steuerplatinen verwendet werden, <strong>SMT\u00a0Nozzle Cleaning Machine YC-665<\/strong> ist eine vielseitige L\u00f6sung f\u00fcr die moderne SMT-Fertigung. Durch die Gew\u00e4hrleistung einer wiederholbaren, hochwertigen Reinigung verl\u00e4ngert sie die D\u00fcsenlebensdauer, stabilisiert Produktionsprozesse und unterst\u00fctzt die Herstellung zuverl\u00e4ssiger, leistungsstarker elektronischer Bauelemente.<\/p>\n<p data-start=\"1632\" data-end=\"1982\"><img loading=\"lazy\" decoding=\"async\" class=\"aligncenter wp-image-22639\" src=\"https:\/\/esmte.com\/wp-content\/uploads\/2025\/12\/11-12.webp\" alt=\"SMT Nozzle Cleaning Machine YC-665\" width=\"578\" height=\"578\" srcset=\"https:\/\/esmte.com\/wp-content\/uploads\/2025\/12\/11-12.webp 2560w, https:\/\/esmte.com\/wp-content\/uploads\/2025\/12\/11-12-100x100.webp 100w, https:\/\/esmte.com\/wp-content\/uploads\/2025\/12\/11-12-600x600.webp 600w, https:\/\/esmte.com\/wp-content\/uploads\/2025\/12\/11-12-300x300.webp 300w, https:\/\/esmte.com\/wp-content\/uploads\/2025\/12\/11-12-1024x1024.webp 1024w, https:\/\/esmte.com\/wp-content\/uploads\/2025\/12\/11-12-150x150.webp 150w, https:\/\/esmte.com\/wp-content\/uploads\/2025\/12\/11-12-768x768.webp 768w, https:\/\/esmte.com\/wp-content\/uploads\/2025\/12\/11-12-1536x1536.webp 1536w, https:\/\/esmte.com\/wp-content\/uploads\/2025\/12\/11-12-2048x2048.webp 2048w, https:\/\/esmte.com\/wp-content\/uploads\/2025\/12\/11-12-1x1.webp 1w, https:\/\/esmte.com\/wp-content\/uploads\/2025\/12\/11-12-10x10.webp 10w\" sizes=\"auto, (max-width: 578px) 100vw, 578px\" \/><\/p>\n<h3>Hauptmerkmale<\/h3>\n<ul>\n<li data-start=\"199\" data-end=\"416\">\n<p data-start=\"202\" data-end=\"416\"><strong data-start=\"202\" data-end=\"231\">Pr\u00e4zisionsd\u00fcsenreinigung<\/strong><br data-start=\"231\" data-end=\"234\" \/>Der YC-665 entfernt effizient L\u00f6tpastenreste, Staub und Mikropartikel von SMT-Best\u00fcckungsd\u00fcsen und gew\u00e4hrleistet so eine pr\u00e4zise Bauteilplatzierung und eine stabile L\u00f6tqualit\u00e4t.<\/p>\n<\/li>\n<li data-start=\"418\" data-end=\"593\">\n<p data-start=\"421\" data-end=\"593\"><strong data-start=\"421\" data-end=\"450\">Vollautomatischer Betrieb<\/strong><br data-start=\"450\" data-end=\"453\" \/>Automatisierte Be-, Reinigungs- und Entladeprozesse reduzieren den manuellen Aufwand, minimieren menschliche Fehler und gew\u00e4hrleisten eine gleichbleibende Produktionseffizienz.<\/p>\n<\/li>\n<li data-start=\"595\" data-end=\"770\">\n<p data-start=\"598\" data-end=\"770\"><strong data-start=\"598\" data-end=\"633\">Mehrstufige Reinigungstechnologie<\/strong><br data-start=\"633\" data-end=\"636\" \/>Kombiniert B\u00fcrsten, Absaugen und optionale Ultraschallreinigung, um D\u00fcsen gr\u00fcndlich zu reinigen, ohne die empfindlichen Spitzen zu besch\u00e4digen.<\/p>\n<\/li>\n<li data-start=\"772\" data-end=\"957\">\n<p data-start=\"775\" data-end=\"957\"><strong data-start=\"775\" data-end=\"807\">Programmierbare Reinigungszyklen<\/strong><br data-start=\"807\" data-end=\"810\" \/>Anpassbare Reinigungszyklen erm\u00f6glichen es dem Bediener, die Reinigungsparameter f\u00fcr verschiedene D\u00fcsengr\u00f6\u00dfen und -typen anzupassen und so eine optimale Reinigungsleistung zu gew\u00e4hrleisten.<\/p>\n<\/li>\n<li data-start=\"959\" data-end=\"1147\">\n<p data-start=\"962\" data-end=\"1147\"><strong data-start=\"962\" data-end=\"999\">Kompatibilit\u00e4t mit Hochgeschwindigkeits-SMT-Leitungen<\/strong><br data-start=\"999\" data-end=\"1002\" \/>Der YC-665 wurde f\u00fcr die Integration in SMT-Fertigungslinien mit hohem Durchsatz entwickelt und gew\u00e4hrleistet eine gleichbleibende Reinigungsleistung, ohne den Arbeitsablauf zu verlangsamen.<\/p>\n<\/li>\n<li data-start=\"1149\" data-end=\"1341\">\n<p data-start=\"1152\" data-end=\"1341\"><strong data-start=\"1152\" data-end=\"1181\">L\u00e4ngere Lebensdauer der D\u00fcse<\/strong><br data-start=\"1181\" data-end=\"1184\" \/>Regelm\u00e4\u00dfige und pr\u00e4zise Reinigung verhindert die Ansammlung von R\u00fcckst\u00e4nden, verl\u00e4ngert die Lebensdauer der D\u00fcsen und verbessert die allgemeine Zuverl\u00e4ssigkeit von SMT-Best\u00fcckungsvorg\u00e4ngen.<\/p>\n<\/li>\n<\/ul>\n<h2>Spezifikationen<\/h2>\n<table style=\"height: 460px;\" width=\"923\">\n<tbody>\n<tr>\n<td style=\"text-align: center;\" width=\"149\">Modell<\/td>\n<td style=\"text-align: center;\" width=\"358\">40KG<\/td>\n<\/tr>\n<tr>\n<td style=\"text-align: center;\" width=\"149\">Luftzufuhr<\/td>\n<td style=\"text-align: center;\" width=\"358\">0,5\u20130,7 MPa<\/td>\n<\/tr>\n<tr>\n<td style=\"text-align: center;\" width=\"149\">Stromversorgung<\/td>\n<td style=\"text-align: center;\" width=\"358\">17L<\/td>\n<\/tr>\n<tr>\n<td style=\"text-align: center;\" width=\"149\">Clean liquid<\/td>\n<td style=\"text-align: center;\" width=\"358\">Purified water or DI water<\/td>\n<\/tr>\n<tr>\n<td style=\"text-align: center;\" width=\"149\">Reinigungszeit<\/td>\n<td style=\"text-align: center;\" width=\"358\">2~3min<\/td>\n<\/tr>\n<tr>\n<td style=\"text-align: center;\" width=\"149\">Trocknungszeit<\/td>\n<td style=\"text-align: center;\" width=\"358\">1~3min<\/td>\n<\/tr>\n<tr>\n<td style=\"text-align: center;\" width=\"149\">Jet pressure<\/td>\n<td style=\"text-align: center;\" width=\"358\">\u22640.55Mpa<\/td>\n<\/tr>\n<tr>\n<td style=\"text-align: center;\" width=\"149\">Water consumption<\/td>\n<td style=\"text-align: center;\" width=\"358\">\u2264150cc\/hour<\/td>\n<\/tr>\n<tr>\n<td style=\"text-align: center;\" width=\"149\">Nozzle range<\/td>\n<td style=\"text-align: center;\" width=\"358\">Min 01005~Max inner diameter\u00a0\uffe02.0mm<\/td>\n<\/tr>\n<tr>\n<td style=\"text-align: center;\" rowspan=\"2\" width=\"149\">Jig Spec<\/td>\n<td style=\"text-align: center;\" width=\"358\">I.C.T-24:Small nozzle 24 holes \/big nozzle 12 holes<\/td>\n<\/tr>\n<tr>\n<td style=\"text-align: center;\" width=\"358\">I.C.T-36:Small nozzle 36 holes \/big nozzle 12 holes<\/td>\n<\/tr>\n<tr>\n<td style=\"text-align: center;\" width=\"149\">Maschinengr\u00f6\u00dfe<\/td>\n<td style=\"text-align: center;\" width=\"358\">L665 x W555 x H475(mm)<\/td>\n<\/tr>\n<tr>\n<td style=\"text-align: center;\" width=\"149\">Maschinengewicht<\/td>\n<td style=\"text-align: center;\" width=\"358\">40KG<\/td>\n<\/tr>\n<\/tbody>\n<\/table>\n<p>&nbsp;<\/p>\n<p><a href=\"https:\/\/www.youtube.com\/@allaismt\" rel=\"nofollow noopener\" target=\"_blank\"><u>https:\/\/www.youtube.com\/@allaismt<\/u><\/a><\/p>\n<p>For more information about the <strong>SMT D\u00fcsenreinigungsmaschine YC-665<\/strong>, Bitte senden Sie eine E-Mail an<\/p>\n<p><a href=\"mailto:sophia@allaismt.com\"><u>sophia@allaismt.com<\/u><\/a><\/p>\n<p>Wir werden Ihre Anfrage umgehend beantworten und Ihnen detaillierte Informationen \u00fcber unsere Produkte und Dienstleistungen zukommen lassen.<\/p>","protected":false},"excerpt":{"rendered":"<p>Beschreibung: Die <strong>SMT\u00a0Nozzle Cleaning Machine YC-665<\/strong> Die YC-665 ist eine fortschrittliche L\u00f6sung zur Sicherstellung der Genauigkeit und Leistung von SMT-Best\u00fcckungsd\u00fcsen. Sie entfernt automatisch L\u00f6tpaste, Staub und Mikropartikel und gew\u00e4hrleistet so eine pr\u00e4zise Bauteilplatzierung und reduziert Produktionsfehler. Die kompakte und vollautomatische YC-665 l\u00e4sst sich nahtlos in Hochgeschwindigkeits-SMT-Linien integrieren und optimiert den Workflow bei minimalem manuellem Eingriff. Ideal f\u00fcr Elektronikhersteller: Sie verl\u00e4ngert die D\u00fcsenlebensdauer, stabilisiert die Best\u00fcckungsqualit\u00e4t und unterst\u00fctzt konsistente Hochgeschwindigkeits-SMT-Prozesse.<\/p>\n<p>Mindestbestellmenge: 1 St\u00fcck<\/p>\n<p>Lieferzeit: 15 Tage<\/p>","protected":false},"featured_media":22644,"comment_status":"closed","ping_status":"closed","template":"","meta":[],"etheme_brands":[],"product_brand":[],"product_cat":[156,158],"product_tag":[],"class_list":{"0":"post-22643","1":"product","2":"type-product","3":"status-publish","4":"has-post-thumbnail","6":"product_cat-pcb-cleaning-machine","7":"product_cat-nozzle-cleaning-machine","9":"first","10":"instock","11":"shipping-taxable","12":"product-type-simple"},"_links":{"self":[{"href":"https:\/\/esmte.com\/de\/wp-json\/wp\/v2\/product\/22643","targetHints":{"allow":["GET"]}}],"collection":[{"href":"https:\/\/esmte.com\/de\/wp-json\/wp\/v2\/product"}],"about":[{"href":"https:\/\/esmte.com\/de\/wp-json\/wp\/v2\/types\/product"}],"replies":[{"embeddable":true,"href":"https:\/\/esmte.com\/de\/wp-json\/wp\/v2\/comments?post=22643"}],"version-history":[{"count":1,"href":"https:\/\/esmte.com\/de\/wp-json\/wp\/v2\/product\/22643\/revisions"}],"predecessor-version":[{"id":23778,"href":"https:\/\/esmte.com\/de\/wp-json\/wp\/v2\/product\/22643\/revisions\/23778"}],"wp:featuredmedia":[{"embeddable":true,"href":"https:\/\/esmte.com\/de\/wp-json\/wp\/v2\/media\/22644"}],"wp:attachment":[{"href":"https:\/\/esmte.com\/de\/wp-json\/wp\/v2\/media?parent=22643"}],"wp:term":[{"taxonomy":"brand","embeddable":true,"href":"https:\/\/esmte.com\/de\/wp-json\/wp\/v2\/etheme_brands?post=22643"},{"taxonomy":"product_brand","embeddable":true,"href":"https:\/\/esmte.com\/de\/wp-json\/wp\/v2\/product_brand?post=22643"},{"taxonomy":"product_cat","embeddable":true,"href":"https:\/\/esmte.com\/de\/wp-json\/wp\/v2\/product_cat?post=22643"},{"taxonomy":"product_tag","embeddable":true,"href":"https:\/\/esmte.com\/de\/wp-json\/wp\/v2\/product_tag?post=22643"}],"curies":[{"name":"wp","href":"https:\/\/api.w.org\/{rel}","templated":true}]}}