{"id":22469,"date":"2025-11-28T09:48:29","date_gmt":"2025-11-28T09:48:29","guid":{"rendered":"https:\/\/esmte.com\/?post_type=product&#038;p=22469"},"modified":"2026-01-27T09:06:11","modified_gmt":"2026-01-27T09:06:11","slug":"pcb-barcode-scanning-conveyor-ysc-330","status":"publish","type":"product","link":"https:\/\/esmte.com\/de\/products\/pcb-barcode-scanning-conveyor-ysc-330\/","title":{"rendered":"SMT PCB Barcode Scanning Conveyor YSC-330"},"content":{"rendered":"<h2>Einf\u00fchrung<\/h2>\n<p data-start=\"186\" data-end=\"643\">Der <strong>SMT PCB Barcode Scanning Conveyor YSC-330<\/strong> Das YSC-330 ist ein Hochleistungs-F\u00f6rdersystem, das speziell f\u00fcr die Anforderungen der modernen Elektronikfertigung entwickelt wurde. Es kombiniert einen reibungslosen Leiterplattentransport mit pr\u00e4zisem Barcode-Scanning und erm\u00f6glicht Herstellern so die genaue Nachverfolgung jeder einzelnen Leiterplatte w\u00e4hrend des gesamten Produktionsprozesses. Durch die Erfassung von Barcode-Daten in Echtzeit gew\u00e4hrleistet das YSC-330 die R\u00fcckverfolgbarkeit, minimiert Fehler und optimiert die Arbeitsabl\u00e4ufe in SMT-Fertigungslinien.<\/p>\n<p data-start=\"645\" data-end=\"929\">Entwickelt f\u00fcr Vielseitigkeit, <strong>YSC-330<\/strong> can accommodate a wide range of PCB sizes and thicknesses, making it suitable for various production scenarios. Its reliable operation ensures continuous and stable conveying, protecting delicate components while maintaining production speed.<\/p>\n<p data-start=\"931\" data-end=\"1206\">Das F\u00f6rderband l\u00e4sst sich nahtlos in die Fabrikmanagementsysteme integrieren und erm\u00f6glicht so die Daten\u00fcberwachung in Echtzeit sowie eine optimierte Produktionsplanung. Durch die Bereitstellung pr\u00e4ziser Informationen in jeder Phase unterst\u00fctzt es die Qualit\u00e4tskontrolle, das Bestandsmanagement und die Optimierung des gesamten Produktionsprozesses.<\/p>\n<p data-start=\"1208\" data-end=\"1576\">Insgesamt <strong>SMT PCB Barcode Scanning Conveyor YSC-330<\/strong> is an essential solution for electronics manufacturers seeking to enhance automation, improve production accuracy, and maintain high standards of efficiency and reliability. Its combination of precision, adaptability, and intelligent data integration makes it a valuable component of any modern SMT production line.<\/p>\n<p data-start=\"1208\" data-end=\"1576\"><img loading=\"lazy\" decoding=\"async\" class=\"aligncenter wp-image-22465\" src=\"https:\/\/esmte.com\/wp-content\/uploads\/2025\/11\/11-11.webp\" alt=\"SMT PCB Barcode Scanning Conveyor YSC-330\" width=\"556\" height=\"556\" srcset=\"https:\/\/esmte.com\/wp-content\/uploads\/2025\/11\/11-11.webp 2560w, https:\/\/esmte.com\/wp-content\/uploads\/2025\/11\/11-11-100x100.webp 100w, https:\/\/esmte.com\/wp-content\/uploads\/2025\/11\/11-11-600x600.webp 600w, https:\/\/esmte.com\/wp-content\/uploads\/2025\/11\/11-11-300x300.webp 300w, https:\/\/esmte.com\/wp-content\/uploads\/2025\/11\/11-11-1024x1024.webp 1024w, https:\/\/esmte.com\/wp-content\/uploads\/2025\/11\/11-11-150x150.webp 150w, https:\/\/esmte.com\/wp-content\/uploads\/2025\/11\/11-11-768x768.webp 768w, https:\/\/esmte.com\/wp-content\/uploads\/2025\/11\/11-11-1536x1536.webp 1536w, https:\/\/esmte.com\/wp-content\/uploads\/2025\/11\/11-11-2048x2048.webp 2048w, https:\/\/esmte.com\/wp-content\/uploads\/2025\/11\/11-11-1x1.webp 1w, https:\/\/esmte.com\/wp-content\/uploads\/2025\/11\/11-11-10x10.webp 10w\" sizes=\"auto, (max-width: 556px) 100vw, 556px\" \/><\/p>\n<h3>Hauptmerkmale<\/h3>\n<ul>\n<li data-start=\"193\" data-end=\"428\">\n<p data-start=\"196\" data-end=\"428\"><strong data-start=\"196\" data-end=\"231\">Hochpr\u00e4zises Barcode-Scannen<\/strong> \u2013 Ausgestattet mit fortschrittlichen Scanmodulen liest der YSC-330 sowohl 1D- als auch 2D-Barcodes pr\u00e4zise und gew\u00e4hrleistet so eine genaue Datenerfassung und vollst\u00e4ndige R\u00fcckverfolgbarkeit der Leiterplatten w\u00e4hrend des gesamten Produktionsprozesses.<\/p>\n<\/li>\n<li data-start=\"429\" data-end=\"637\">\n<p data-start=\"432\" data-end=\"637\"><strong data-start=\"432\" data-end=\"467\">Reibungsloser und stabiler Leiterplattentransport<\/strong> \u2013 Das F\u00f6rdersystem verwendet hochwertige B\u00e4nder und Ketten, um einen kontinuierlichen und vibrationsfreien Transport zu gew\u00e4hrleisten und so eine Fehlausrichtung oder Besch\u00e4digung der Leiterplatten w\u00e4hrend des Transports zu verhindern.<\/p>\n<\/li>\n<li data-start=\"638\" data-end=\"817\">\n<p data-start=\"641\" data-end=\"817\"><strong data-start=\"641\" data-end=\"668\">Vielseitige Kompatibilit\u00e4t<\/strong> \u2013 Konzipiert f\u00fcr verschiedene Leiterplattengr\u00f6\u00dfen und -dicken, erm\u00f6glicht es die nahtlose Integration in unterschiedliche Produktionslinien und Montageabl\u00e4ufe.<\/p>\n<\/li>\n<li data-start=\"818\" data-end=\"1019\">\n<p data-start=\"821\" data-end=\"1019\"><strong data-start=\"821\" data-end=\"852\">Nahtlose Systemintegration<\/strong> \u2013 Unterst\u00fctzt die Echtzeit-Daten\u00fcbertragung an MES und andere Fabrikmanagementsysteme und verbessert so die Produktions\u00fcberwachung, die Produktionsplanung und die allgemeine betriebliche Effizienz.<\/p>\n<\/li>\n<li data-start=\"1020\" data-end=\"1196\">\n<p data-start=\"1023\" data-end=\"1196\"><strong data-start=\"1023\" data-end=\"1050\">Energieeffizientes Design<\/strong> \u2013 Optimierte Motor- und mechanische Struktur reduzieren den Stromverbrauch bei gleichzeitig hoher Leistung und Zuverl\u00e4ssigkeit f\u00fcr den Langzeitbetrieb.<\/p>\n<\/li>\n<li data-start=\"1197\" data-end=\"1389\">\n<p data-start=\"1200\" data-end=\"1389\"><strong data-start=\"1200\" data-end=\"1239\">Wartungsfreundlich und modulares Design<\/strong> \u2013 Modulare Komponenten erm\u00f6glichen eine schnelle Reinigung, Inspektion und den Austausch von Teilen, wodurch Ausfallzeiten minimiert und eine gleichbleibende Produktionseffizienz sichergestellt werden.<\/p>\n<\/li>\n<\/ul>\n<p>&nbsp;<\/p>\n<h2>Spezifikationen<\/h2>\n<table style=\"border-collapse: collapse; width: 1377px; height: 385px;\" border=\"0\" width=\"633\" cellspacing=\"0\" cellpadding=\"0\">\n<tbody>\n<tr style=\"height: 15.00pt;\">\n<td class=\"et2\" style=\"height: 15pt; width: 90.75pt; text-align: center;\" width=\"121\" height=\"20\">Modell<\/td>\n<td class=\"et3\" style=\"width: 127.5pt; text-align: center;\" width=\"170\">YSC-250<\/td>\n<td class=\"et3\" style=\"width: 128.25pt; text-align: center;\" width=\"171\">YSC-330<\/td>\n<td class=\"et4\" style=\"width: 128.25pt; text-align: center;\" width=\"171\">YSC-390<\/td>\n<\/tr>\n<tr style=\"height: 15.00pt;\">\n<td class=\"et5\" style=\"height: 15pt; width: 90.75pt; text-align: center;\" width=\"121\" height=\"20\">Abmessung (mm)<\/td>\n<td class=\"et6\" style=\"width: 127.5pt; text-align: center;\" width=\"170\">1000*964*1450<\/td>\n<td class=\"et6\" style=\"width: 128.25pt; text-align: center;\" width=\"171\">1000*964*1450<\/td>\n<td class=\"et7\" style=\"width: 128.25pt; text-align: center;\" width=\"171\">1000*964*1450<\/td>\n<\/tr>\n<tr style=\"height: 15.00pt;\">\n<td class=\"et5\" style=\"height: 15pt; width: 90.75pt; text-align: center;\" width=\"121\" height=\"20\">Leiterplattengr\u00f6\u00dfe (mm)<\/td>\n<td class=\"et6\" style=\"width: 127.5pt; text-align: center;\" width=\"170\">50*50-330*250<\/td>\n<td class=\"et6\" style=\"width: 128.25pt; text-align: center;\" width=\"171\">50*50-445*330<\/td>\n<td class=\"et7\" style=\"width: 128.25pt; text-align: center;\" width=\"171\">50*50-530*390<\/td>\n<\/tr>\n<tr style=\"height: 15.00pt;\">\n<td class=\"et8\" style=\"height: 15pt; width: 90.75pt; text-align: center;\" width=\"121\" height=\"20\">Zykluszeit<\/td>\n<td class=\"et9\" style=\"width: 127.5pt; text-align: center;\" width=\"170\">Ungef\u00e4hr 5 Sekunden<\/td>\n<td class=\"et9\" style=\"width: 128.25pt; text-align: center;\" width=\"171\">Ungef\u00e4hr 5 Sekunden<\/td>\n<td class=\"et9\" style=\"width: 128.25pt; text-align: center;\" width=\"171\">Ungef\u00e4hr 5 Sekunden<\/td>\n<\/tr>\n<tr style=\"height: 15.00pt;\">\n<td class=\"et5\" style=\"height: 15pt; width: 90.75pt; text-align: center;\" width=\"121\" height=\"20\">Steuerungssystem<\/td>\n<td class=\"et6\" style=\"width: 127.5pt; text-align: center;\" width=\"170\">SPS<\/td>\n<td class=\"et6\" style=\"width: 128.25pt; text-align: center;\" width=\"171\">SPS<\/td>\n<td class=\"et6\" style=\"width: 128.25pt; text-align: center;\" width=\"171\">SPS<\/td>\n<\/tr>\n<tr style=\"height: 15.00pt;\">\n<td class=\"et8\" style=\"height: 15pt; width: 90.75pt; text-align: center;\" width=\"121\" height=\"20\">Leistung<\/td>\n<td class=\"et9\" style=\"width: 127.5pt; text-align: center;\" width=\"170\">Max. 250 VA<\/td>\n<td class=\"et9\" style=\"width: 128.25pt; text-align: center;\" width=\"171\">Max. 250 VA<\/td>\n<td class=\"et9\" style=\"width: 128.25pt; text-align: center;\" width=\"171\">Max. 250 VA<\/td>\n<\/tr>\n<tr style=\"height: 29.25pt;\">\n<td class=\"et8\" style=\"height: 29.25pt; width: 90.75pt; text-align: center;\" width=\"121\" height=\"39\">Transporth\u00f6he<\/td>\n<td class=\"et9\" style=\"width: 127.5pt; text-align: center;\" width=\"170\">900\u00b120mm<br \/>\n(oder vom Kunden angegeben)<\/td>\n<td class=\"et9\" style=\"width: 128.25pt; text-align: center;\" width=\"171\">900\u00b120mm<br \/>\n(oder vom Kunden angegeben)<\/td>\n<td class=\"et9\" style=\"width: 128.25pt; text-align: center;\" width=\"171\">900\u00b120mm<br \/>\n(oder vom Kunden angegeben)<\/td>\n<\/tr>\n<tr style=\"height: 15.00pt;\">\n<td class=\"et8\" style=\"height: 15pt; width: 90.75pt; text-align: center;\" width=\"121\" height=\"20\">Transportmodus<\/td>\n<td class=\"et9\" style=\"width: 127.5pt; text-align: center;\" width=\"170\">4 mm Antistatikg\u00fcrtel<\/td>\n<td class=\"et9\" style=\"width: 128.25pt; text-align: center;\" width=\"171\">4 mm Antistatikg\u00fcrtel<\/td>\n<td class=\"et9\" style=\"width: 128.25pt; text-align: center;\" width=\"171\">4 mm Antistatikg\u00fcrtel<\/td>\n<\/tr>\n<tr style=\"height: 15.00pt;\">\n<td class=\"et8\" style=\"height: 15pt; width: 90.75pt; text-align: center;\" width=\"121\" height=\"20\">Leiterplattenrichtung<\/td>\n<td class=\"et9\" style=\"width: 127.5pt; text-align: center;\" width=\"170\">Von links nach rechts oder von rechts nach links<\/td>\n<td class=\"et9\" style=\"width: 128.25pt; text-align: center;\" width=\"171\">Von links nach rechts oder von rechts nach links<\/td>\n<td class=\"et9\" style=\"width: 128.25pt; text-align: center;\" width=\"171\">Von links nach rechts oder von rechts nach links<\/td>\n<\/tr>\n<tr style=\"height: 15.00pt;\">\n<td class=\"et5\" style=\"height: 15pt; width: 90.75pt; text-align: center;\" width=\"121\" height=\"20\">Kommunikation<\/td>\n<td class=\"et6\" style=\"width: 127.5pt; text-align: center;\" width=\"170\">SMEMA f\u00fcr Innen- und Au\u00dfenbereich<\/td>\n<td class=\"et6\" style=\"width: 128.25pt; text-align: center;\" width=\"171\">SMEMA f\u00fcr Innen- und Au\u00dfenbereich<\/td>\n<td class=\"et6\" style=\"width: 128.25pt; text-align: center;\" width=\"171\">SMEMA f\u00fcr Innen- und Au\u00dfenbereich<\/td>\n<\/tr>\n<tr style=\"height: 29.25pt;\">\n<td class=\"et5\" style=\"height: 29.25pt; width: 90.75pt; text-align: center;\" width=\"121\" height=\"39\">Stromversorgung<\/td>\n<td class=\"et6\" style=\"width: 127.5pt; text-align: center;\" width=\"170\">1-phasig Wechselstrom 220 V 50\/60 Hz (Option: 110 V bis 380 V)<\/td>\n<td class=\"et6\" style=\"width: 128.25pt; text-align: center;\" width=\"171\">1-phasig Wechselstrom 220 V 50\/60 Hz (Option: 110 V bis 380 V)<\/td>\n<td class=\"et6\" style=\"width: 128.25pt; text-align: center;\" width=\"171\">1-phasig Wechselstrom 220 V 50\/60 Hz (Option: 110 V bis 380 V)<\/td>\n<\/tr>\n<tr style=\"height: 15.00pt;\">\n<td class=\"et10\" style=\"height: 15pt; width: 90.75pt; text-align: center;\" width=\"121\" height=\"20\">Gewicht<\/td>\n<td class=\"et10\" style=\"width: 127.5pt; text-align: center;\" width=\"170\">340 kg<\/td>\n<td class=\"et10\" style=\"width: 128.25pt; text-align: center;\" width=\"171\">360 kg<\/td>\n<td class=\"et10\" style=\"width: 128.25pt; text-align: center;\" width=\"171\">380 kg<\/td>\n<\/tr>\n<\/tbody>\n<\/table>\n<p>&nbsp;<\/p>\n<p><a href=\"https:\/\/www.youtube.com\/@allaismt\" rel=\"nofollow noopener\" target=\"_blank\"><u>https:\/\/www.youtube.com\/@allaismt<\/u><\/a><\/p>\n<p>For more information about the <strong>SMT PCB Barcode Scanning Conveyor YSC-330<\/strong>, Bitte senden Sie eine E-Mail an<\/p>\n<p><a href=\"mailto:sophia@allaismt.com\"><u>sophia@allaismt.com<\/u><\/a><\/p>\n<p>Wir werden Ihre Anfrage umgehend beantworten und Ihnen detaillierte Informationen \u00fcber unsere Produkte und Dienstleistungen zukommen lassen.<\/p>","protected":false},"excerpt":{"rendered":"<p>Beschreibung: Die <strong>SMT PCB Barcode Scanning Conveyor YSC-330<\/strong> Der YSC-330 ist eine Hochleistungsl\u00f6sung f\u00fcr die moderne Elektronikfertigung. Er transportiert Leiterplatten effizient und liest dabei automatisch 1D- und 2D-Barcodes. So gew\u00e4hrleistet er eine pr\u00e4zise Datenerfassung und l\u00fcckenlose R\u00fcckverfolgbarkeit entlang der gesamten Produktionslinie. Der YSC-330 ist mit Leiterplatten unterschiedlicher Gr\u00f6\u00dfen und Dicken kompatibel und l\u00e4sst sich nahtlos in SMT-Best\u00fcckungsabl\u00e4ufe integrieren. Sein zuverl\u00e4ssiger Betrieb minimiert Produktionsunterbrechungen, optimiert die Workflow-Effizienz und unterst\u00fctzt intelligentes Fertigungsmanagement. Damit ist er eine unverzichtbare Komponente f\u00fcr Umgebungen mit hoher Geschwindigkeit und Pr\u00e4zision in der Leiterplattenbest\u00fcckung.<\/p>\n<p>Mindestbestellmenge: 1 St\u00fcck<\/p>\n<p>Lieferzeit: 15 Tage<\/p>","protected":false},"featured_media":22467,"comment_status":"closed","ping_status":"closed","template":"","meta":[],"etheme_brands":[],"product_brand":[],"product_cat":[144,131],"product_tag":[],"class_list":{"0":"post-22469","1":"product","2":"type-product","3":"status-publish","4":"has-post-thumbnail","6":"product_cat-pcb-handling-machine","7":"product_cat-smt-peripheral-equipment","9":"first","10":"instock","11":"shipping-taxable","12":"product-type-simple"},"_links":{"self":[{"href":"https:\/\/esmte.com\/de\/wp-json\/wp\/v2\/product\/22469","targetHints":{"allow":["GET"]}}],"collection":[{"href":"https:\/\/esmte.com\/de\/wp-json\/wp\/v2\/product"}],"about":[{"href":"https:\/\/esmte.com\/de\/wp-json\/wp\/v2\/types\/product"}],"replies":[{"embeddable":true,"href":"https:\/\/esmte.com\/de\/wp-json\/wp\/v2\/comments?post=22469"}],"version-history":[{"count":1,"href":"https:\/\/esmte.com\/de\/wp-json\/wp\/v2\/product\/22469\/revisions"}],"predecessor-version":[{"id":23824,"href":"https:\/\/esmte.com\/de\/wp-json\/wp\/v2\/product\/22469\/revisions\/23824"}],"wp:featuredmedia":[{"embeddable":true,"href":"https:\/\/esmte.com\/de\/wp-json\/wp\/v2\/media\/22467"}],"wp:attachment":[{"href":"https:\/\/esmte.com\/de\/wp-json\/wp\/v2\/media?parent=22469"}],"wp:term":[{"taxonomy":"brand","embeddable":true,"href":"https:\/\/esmte.com\/de\/wp-json\/wp\/v2\/etheme_brands?post=22469"},{"taxonomy":"product_brand","embeddable":true,"href":"https:\/\/esmte.com\/de\/wp-json\/wp\/v2\/product_brand?post=22469"},{"taxonomy":"product_cat","embeddable":true,"href":"https:\/\/esmte.com\/de\/wp-json\/wp\/v2\/product_cat?post=22469"},{"taxonomy":"product_tag","embeddable":true,"href":"https:\/\/esmte.com\/de\/wp-json\/wp\/v2\/product_tag?post=22469"}],"curies":[{"name":"wp","href":"https:\/\/api.w.org\/{rel}","templated":true}]}}