{"id":22464,"date":"2025-11-28T09:40:34","date_gmt":"2025-11-28T09:40:34","guid":{"rendered":"https:\/\/esmte.com\/?post_type=product&#038;p=22464"},"modified":"2026-01-27T09:06:30","modified_gmt":"2026-01-27T09:06:30","slug":"pcb-barcode-scanning-conveyor-ysc-250","status":"publish","type":"product","link":"https:\/\/esmte.com\/de\/products\/pcb-barcode-scanning-conveyor-ysc-250\/","title":{"rendered":"SMT PCB Barcode Scanning Conveyor YSC-250"},"content":{"rendered":"<h2>Einf\u00fchrung<\/h2>\n<p>Der <strong>SMT PCB Barcode Scanning Conveyor YSC-250<\/strong> Es wurde entwickelt, um Effizienz und Genauigkeit in der modernen Elektronikfertigung zu steigern. Es bietet eine zuverl\u00e4ssige Plattform f\u00fcr den Transport von Leiterplatten und liest automatisch Barcode-Informationen, um sicherzustellen, dass jede Leiterplatte w\u00e4hrend des gesamten Produktionsprozesses l\u00fcckenlos nachverfolgt wird.<\/p>\n<p>Dieses F\u00f6rdersystem l\u00e4sst sich nahtlos in SMT-Fertigungslinien integrieren und erm\u00f6glicht einen unterbrechungsfreien Betrieb. Durch die pr\u00e4zise Erfassung von Barcode-Daten k\u00f6nnen Hersteller die R\u00fcckverfolgbarkeit gew\u00e4hrleisten, Arbeitsabl\u00e4ufe optimieren und Fehler bei Montage und Pr\u00fcfung reduzieren.<\/p>\n<p>Entwickelt f\u00fcr Vielseitigkeit, <strong>SMT PCB Barcode Scanning Conveyor YSC-250<\/strong> Es eignet sich f\u00fcr eine Vielzahl von Leiterplattengr\u00f6\u00dfen und -dicken. Dank seiner Anpassungsf\u00e4higkeit an unterschiedliche Produktionsanforderungen ist es sowohl f\u00fcr die Serienfertigung als auch f\u00fcr spezialisierte Montageaufgaben geeignet. Die Konstruktion ist auf reibungslose Handhabung ausgelegt, um St\u00f6rungen zu minimieren und empfindliche Bauteile zu sch\u00fctzen.<\/p>\n<p>\u00dcber seine Hauptfunktion des Transports und Scannens von Leiterplatten hinaus, <strong>SMT PCB Barcode Scanning Conveyor YSC-250<\/strong> Es verbindet sich mit Fabrikmanagementsystemen, um Echtzeitdaten und operative Einblicke zu liefern. Dies erm\u00f6glicht bessere Entscheidungen, eine verbesserte Planung und eine optimierte Produktionseffizienz.<\/p>\n<p>Insgesamt <strong>SMT PCB Barcode Scanning Conveyor YSC-250<\/strong> Es tr\u00e4gt zu einer intelligenteren und besser organisierten Fertigungsumgebung bei. Es unterst\u00fctzt Elektronikhersteller bei der Einhaltung hoher Qualit\u00e4tsstandards, der Verbesserung der R\u00fcckverfolgbarkeit und der Gew\u00e4hrleistung eines pr\u00e4zisen und effizienten Produktionsablaufs jeder einzelnen Leiterplatte.<\/p>\n<p>&nbsp;<\/p>\n<p><img loading=\"lazy\" decoding=\"async\" class=\"aligncenter wp-image-22465\" src=\"https:\/\/esmte.com\/wp-content\/uploads\/2025\/11\/11-11.webp\" alt=\"SMT PCB Barcode Scanning Conveyor YSC-250\" width=\"555\" height=\"555\" srcset=\"https:\/\/esmte.com\/wp-content\/uploads\/2025\/11\/11-11.webp 2560w, https:\/\/esmte.com\/wp-content\/uploads\/2025\/11\/11-11-100x100.webp 100w, https:\/\/esmte.com\/wp-content\/uploads\/2025\/11\/11-11-600x600.webp 600w, https:\/\/esmte.com\/wp-content\/uploads\/2025\/11\/11-11-300x300.webp 300w, https:\/\/esmte.com\/wp-content\/uploads\/2025\/11\/11-11-1024x1024.webp 1024w, https:\/\/esmte.com\/wp-content\/uploads\/2025\/11\/11-11-150x150.webp 150w, https:\/\/esmte.com\/wp-content\/uploads\/2025\/11\/11-11-768x768.webp 768w, https:\/\/esmte.com\/wp-content\/uploads\/2025\/11\/11-11-1536x1536.webp 1536w, https:\/\/esmte.com\/wp-content\/uploads\/2025\/11\/11-11-2048x2048.webp 2048w, https:\/\/esmte.com\/wp-content\/uploads\/2025\/11\/11-11-1x1.webp 1w, https:\/\/esmte.com\/wp-content\/uploads\/2025\/11\/11-11-10x10.webp 10w\" sizes=\"auto, (max-width: 555px) 100vw, 555px\" \/><\/p>\n<p>&nbsp;<\/p>\n<h3>Hauptmerkmale<\/h3>\n<ul>\n<li data-start=\"638\" data-end=\"834\">\n<p data-start=\"641\" data-end=\"834\"><strong data-start=\"641\" data-end=\"670\">Genaues Barcode-Scannen<\/strong> \u2013 Ausgestattet mit fortschrittlichen Scanmodulen kann der YSC-250 sowohl 1D- als auch 2D-Barcodes zuverl\u00e4ssig lesen und gew\u00e4hrleistet so eine genaue Datenerfassung f\u00fcr die Nachverfolgung und Qualit\u00e4tskontrolle.<\/p>\n<\/li>\n<li data-start=\"835\" data-end=\"973\">\n<p data-start=\"838\" data-end=\"973\"><strong data-start=\"838\" data-end=\"862\">Stabiler Leiterplattentransport<\/strong> \u2013 Hochwertige Riemen und Ketten sorgen f\u00fcr einen reibungslosen, kontinuierlichen Transport und verhindern so eine Fehlausrichtung oder Besch\u00e4digung der Leiterplatte.<\/p>\n<\/li>\n<li data-start=\"974\" data-end=\"1142\">\n<p data-start=\"977\" data-end=\"1142\"><strong data-start=\"977\" data-end=\"1003\">Intelligente Datenintegration<\/strong> \u2013 L\u00e4sst sich nahtlos mit MES und anderen Produktionsmanagementsystemen verbinden, um PCB-Informationen in Echtzeit zu verfolgen und Arbeitsabl\u00e4ufe zu optimieren.<\/p>\n<\/li>\n<li data-start=\"1143\" data-end=\"1270\">\n<p data-start=\"1146\" data-end=\"1270\"><strong data-start=\"1146\" data-end=\"1172\">Flexible Kompatibilit\u00e4t<\/strong> \u2013 Unterst\u00fctzt verschiedene Leiterplattengr\u00f6\u00dfen und -dicken und ist somit f\u00fcr diverse Produktionslinien geeignet.<\/p>\n<\/li>\n<li data-start=\"1271\" data-end=\"1404\">\n<p data-start=\"1274\" data-end=\"1404\"><strong data-start=\"1274\" data-end=\"1301\">Energieeffizientes Design<\/strong> \u2013 Optimiertes Motor- und Mechaniksystem reduziert den Stromverbrauch bei gleichzeitig hoher Leistung.<\/p>\n<\/li>\n<li data-start=\"1405\" data-end=\"1551\">\n<p data-start=\"1408\" data-end=\"1551\"><strong data-start=\"1408\" data-end=\"1428\">Einfache Wartung<\/strong> \u2013 Die modulare Bauweise erm\u00f6glicht eine schnelle Reinigung und den Austausch von Komponenten, wodurch Ausfallzeiten minimiert und die Produktion kontinuierlich aufrechterhalten werden.<\/p>\n<\/li>\n<\/ul>\n<p>&nbsp;<\/p>\n<h2>Spezifikationen<\/h2>\n<table style=\"border-collapse: collapse; width: 1377px; height: 392px;\" border=\"0\" width=\"633\" cellspacing=\"0\" cellpadding=\"0\">\n<tbody>\n<tr style=\"height: 15.00pt;\">\n<td class=\"et2\" style=\"height: 15pt; width: 90.75pt; text-align: center;\" width=\"121\" height=\"20\">Modell<\/td>\n<td class=\"et3\" style=\"width: 127.5pt; text-align: center;\" width=\"170\">YSC-250<\/td>\n<td class=\"et3\" style=\"width: 128.25pt; text-align: center;\" width=\"171\">YSC-330<\/td>\n<td class=\"et4\" style=\"width: 128.25pt; text-align: center;\" width=\"171\">YSC-390<\/td>\n<\/tr>\n<tr style=\"height: 15.00pt;\">\n<td class=\"et5\" style=\"height: 15pt; width: 90.75pt; text-align: center;\" width=\"121\" height=\"20\">Abmessung (mm)<\/td>\n<td class=\"et6\" style=\"width: 127.5pt; text-align: center;\" width=\"170\">1000*964*1450<\/td>\n<td class=\"et6\" style=\"width: 128.25pt; text-align: center;\" width=\"171\">1000*964*1450<\/td>\n<td class=\"et7\" style=\"width: 128.25pt; text-align: center;\" width=\"171\">1000*964*1450<\/td>\n<\/tr>\n<tr style=\"height: 15.00pt;\">\n<td class=\"et5\" style=\"height: 15pt; width: 90.75pt; text-align: center;\" width=\"121\" height=\"20\">Leiterplattengr\u00f6\u00dfe (mm)<\/td>\n<td class=\"et6\" style=\"width: 127.5pt; text-align: center;\" width=\"170\">50*50-330*250<\/td>\n<td class=\"et6\" style=\"width: 128.25pt; text-align: center;\" width=\"171\">50*50-445*330<\/td>\n<td class=\"et7\" style=\"width: 128.25pt; text-align: center;\" width=\"171\">50*50-530*390<\/td>\n<\/tr>\n<tr style=\"height: 15.00pt;\">\n<td class=\"et8\" style=\"height: 15pt; width: 90.75pt; text-align: center;\" width=\"121\" height=\"20\">Zykluszeit<\/td>\n<td class=\"et9\" style=\"width: 127.5pt; text-align: center;\" width=\"170\">Ungef\u00e4hr 5 Sekunden<\/td>\n<td class=\"et9\" style=\"width: 128.25pt; text-align: center;\" width=\"171\">Ungef\u00e4hr 5 Sekunden<\/td>\n<td class=\"et9\" style=\"width: 128.25pt; text-align: center;\" width=\"171\">Ungef\u00e4hr 5 Sekunden<\/td>\n<\/tr>\n<tr style=\"height: 15.00pt;\">\n<td class=\"et5\" style=\"height: 15pt; width: 90.75pt; text-align: center;\" width=\"121\" height=\"20\">Steuerungssystem<\/td>\n<td class=\"et6\" style=\"width: 127.5pt; text-align: center;\" width=\"170\">SPS<\/td>\n<td class=\"et6\" style=\"width: 128.25pt; text-align: center;\" width=\"171\">SPS<\/td>\n<td class=\"et6\" style=\"width: 128.25pt; text-align: center;\" width=\"171\">SPS<\/td>\n<\/tr>\n<tr style=\"height: 15.00pt;\">\n<td class=\"et8\" style=\"height: 15pt; width: 90.75pt; text-align: center;\" width=\"121\" height=\"20\">Leistung<\/td>\n<td class=\"et9\" style=\"width: 127.5pt; text-align: center;\" width=\"170\">Max. 250 VA<\/td>\n<td class=\"et9\" style=\"width: 128.25pt; text-align: center;\" width=\"171\">Max. 250 VA<\/td>\n<td class=\"et9\" style=\"width: 128.25pt; text-align: center;\" width=\"171\">Max. 250 VA<\/td>\n<\/tr>\n<tr style=\"height: 29.25pt;\">\n<td class=\"et8\" style=\"height: 29.25pt; width: 90.75pt; text-align: center;\" width=\"121\" height=\"39\">Transporth\u00f6he<\/td>\n<td class=\"et9\" style=\"width: 127.5pt; text-align: center;\" width=\"170\">900\u00b120mm<br \/>\n(oder vom Kunden angegeben)<\/td>\n<td class=\"et9\" style=\"width: 128.25pt; text-align: center;\" width=\"171\">900\u00b120mm<br \/>\n(oder vom Kunden angegeben)<\/td>\n<td class=\"et9\" style=\"width: 128.25pt; text-align: center;\" width=\"171\">900\u00b120mm<br \/>\n(oder vom Kunden angegeben)<\/td>\n<\/tr>\n<tr style=\"height: 15.00pt;\">\n<td class=\"et8\" style=\"height: 15pt; width: 90.75pt; text-align: center;\" width=\"121\" height=\"20\">Transportmodus<\/td>\n<td class=\"et9\" style=\"width: 127.5pt; text-align: center;\" width=\"170\">4 mm Antistatikg\u00fcrtel<\/td>\n<td class=\"et9\" style=\"width: 128.25pt; text-align: center;\" width=\"171\">4 mm Antistatikg\u00fcrtel<\/td>\n<td class=\"et9\" style=\"width: 128.25pt; text-align: center;\" width=\"171\">4 mm Antistatikg\u00fcrtel<\/td>\n<\/tr>\n<tr style=\"height: 15.00pt;\">\n<td class=\"et8\" style=\"height: 15pt; width: 90.75pt; text-align: center;\" width=\"121\" height=\"20\">Leiterplattenrichtung<\/td>\n<td class=\"et9\" style=\"width: 127.5pt; text-align: center;\" width=\"170\">Von links nach rechts oder von rechts nach links<\/td>\n<td class=\"et9\" style=\"width: 128.25pt; text-align: center;\" width=\"171\">Von links nach rechts oder von rechts nach links<\/td>\n<td class=\"et9\" style=\"width: 128.25pt; text-align: center;\" width=\"171\">Von links nach rechts oder von rechts nach links<\/td>\n<\/tr>\n<tr style=\"height: 15.00pt;\">\n<td class=\"et5\" style=\"height: 15pt; width: 90.75pt; text-align: center;\" width=\"121\" height=\"20\">Kommunikation<\/td>\n<td class=\"et6\" style=\"width: 127.5pt; text-align: center;\" width=\"170\">SMEMA f\u00fcr Innen- und Au\u00dfenbereich<\/td>\n<td class=\"et6\" style=\"width: 128.25pt; text-align: center;\" width=\"171\">SMEMA f\u00fcr Innen- und Au\u00dfenbereich<\/td>\n<td class=\"et6\" style=\"width: 128.25pt; text-align: center;\" width=\"171\">SMEMA f\u00fcr Innen- und Au\u00dfenbereich<\/td>\n<\/tr>\n<tr style=\"height: 29.25pt;\">\n<td class=\"et5\" style=\"height: 29.25pt; width: 90.75pt; text-align: center;\" width=\"121\" height=\"39\">Stromversorgung<\/td>\n<td class=\"et6\" style=\"width: 127.5pt; text-align: center;\" width=\"170\">1-phasig Wechselstrom 220 V 50\/60 Hz (Option: 110 V bis 380 V)<\/td>\n<td class=\"et6\" style=\"width: 128.25pt; text-align: center;\" width=\"171\">1-phasig Wechselstrom 220 V 50\/60 Hz (Option: 110 V bis 380 V)<\/td>\n<td class=\"et6\" style=\"width: 128.25pt; text-align: center;\" width=\"171\">1-phasig Wechselstrom 220 V 50\/60 Hz (Option: 110 V bis 380 V)<\/td>\n<\/tr>\n<tr style=\"height: 15.00pt;\">\n<td class=\"et10\" style=\"height: 15pt; width: 90.75pt; text-align: center;\" width=\"121\" height=\"20\">Gewicht<\/td>\n<td class=\"et10\" style=\"width: 127.5pt; text-align: center;\" width=\"170\">340 kg<\/td>\n<td class=\"et10\" style=\"width: 128.25pt; text-align: center;\" width=\"171\">360 kg<\/td>\n<td class=\"et10\" style=\"width: 128.25pt; text-align: center;\" width=\"171\">380 kg<\/td>\n<\/tr>\n<\/tbody>\n<\/table>\n<p>&nbsp;<\/p>\n<p><a href=\"https:\/\/www.youtube.com\/@allaismt\" rel=\"nofollow noopener\" target=\"_blank\"><u>https:\/\/www.youtube.com\/@allaismt<\/u><\/a><\/p>\n<p>For more information about the <strong>SMT PCB Barcode Scanning Conveyor YSC-250<\/strong>, Bitte senden Sie eine E-Mail an<\/p>\n<p><a href=\"mailto:sophia@allaismt.com\"><u>sophia@allaismt.com<\/u><\/a><\/p>\n<p>Wir werden Ihre Anfrage umgehend beantworten und Ihnen detaillierte Informationen \u00fcber unsere Produkte und Dienstleistungen zukommen lassen.<\/p>","protected":false},"excerpt":{"rendered":"<p>Beschreibung: Die <strong>SMT PCB Barcode Scanning Conveyor YSC-250<\/strong> Das YSC-250 ist ein hochpr\u00e4zises F\u00f6rdersystem f\u00fcr SMT-Fertigungslinien. Es scannt und identifiziert automatisch Leiterplatten-Barcodes und gew\u00e4hrleistet so eine l\u00fcckenlose Nachverfolgung im gesamten Fertigungsprozess. Dank seines stabilen Betriebs, seiner hohen Geschwindigkeit und der einfachen Integration in bestehende SMT-Linien steigert das YSC-250 die Produktionseffizienz, reduziert manuelle Fehler und unterst\u00fctzt ein reibungsloses Workflow-Management.<\/p>\n<p>Mindestbestellmenge: 1 St\u00fcck<\/p>\n<p>Lieferzeit: 15 Tage<\/p>","protected":false},"featured_media":22466,"comment_status":"closed","ping_status":"closed","template":"","meta":[],"etheme_brands":[],"product_brand":[],"product_cat":[144,131],"product_tag":[],"class_list":{"0":"post-22464","1":"product","2":"type-product","3":"status-publish","4":"has-post-thumbnail","6":"product_cat-pcb-handling-machine","7":"product_cat-smt-peripheral-equipment","9":"first","10":"instock","11":"shipping-taxable","12":"product-type-simple"},"_links":{"self":[{"href":"https:\/\/esmte.com\/de\/wp-json\/wp\/v2\/product\/22464","targetHints":{"allow":["GET"]}}],"collection":[{"href":"https:\/\/esmte.com\/de\/wp-json\/wp\/v2\/product"}],"about":[{"href":"https:\/\/esmte.com\/de\/wp-json\/wp\/v2\/types\/product"}],"replies":[{"embeddable":true,"href":"https:\/\/esmte.com\/de\/wp-json\/wp\/v2\/comments?post=22464"}],"version-history":[{"count":1,"href":"https:\/\/esmte.com\/de\/wp-json\/wp\/v2\/product\/22464\/revisions"}],"predecessor-version":[{"id":23826,"href":"https:\/\/esmte.com\/de\/wp-json\/wp\/v2\/product\/22464\/revisions\/23826"}],"wp:featuredmedia":[{"embeddable":true,"href":"https:\/\/esmte.com\/de\/wp-json\/wp\/v2\/media\/22466"}],"wp:attachment":[{"href":"https:\/\/esmte.com\/de\/wp-json\/wp\/v2\/media?parent=22464"}],"wp:term":[{"taxonomy":"brand","embeddable":true,"href":"https:\/\/esmte.com\/de\/wp-json\/wp\/v2\/etheme_brands?post=22464"},{"taxonomy":"product_brand","embeddable":true,"href":"https:\/\/esmte.com\/de\/wp-json\/wp\/v2\/product_brand?post=22464"},{"taxonomy":"product_cat","embeddable":true,"href":"https:\/\/esmte.com\/de\/wp-json\/wp\/v2\/product_cat?post=22464"},{"taxonomy":"product_tag","embeddable":true,"href":"https:\/\/esmte.com\/de\/wp-json\/wp\/v2\/product_tag?post=22464"}],"curies":[{"name":"wp","href":"https:\/\/api.w.org\/{rel}","templated":true}]}}